{"id":2702,"date":"2023-07-10T11:40:32","date_gmt":"2023-07-10T11:40:32","guid":{"rendered":"https:\/\/www.labopolis.com\/?post_type=product&#038;p=2702"},"modified":"2026-03-24T09:13:27","modified_gmt":"2026-03-24T09:13:27","slug":"microscopio-trinocular-levenhuk-med-10t","status":"publish","type":"product","link":"https:\/\/www.labopolis.com\/fr\/produit\/microscopio-trinocular-levenhuk-med-10t\/","title":{"rendered":"Microscope trinoculaire Levenhuk MED 10T"},"content":{"rendered":"<p>Le microscope trinoculaire Levenhuk MED 10T est un mod\u00e8le de laboratoire dot\u00e9 d'une optique achromatique pour la recherche professionnelle avec une plage de grossissement de 40 \u00e0 1000x. Ce microscope est un choix id\u00e9al pour les \u00e9tudiants universitaires, les travaux de recherche dans un centre scientifique ou les travaux cliniques et diagnostiques dans un laboratoire m\u00e9dical.<\/p>\n<p>La t\u00eate trinoculaire se compose d'une partie visuelle trinoculaire et d'un tube pour le montage d'un appareil photo num\u00e9rique (disponible s\u00e9par\u00e9ment). La partie visuelle est inclin\u00e9e \u00e0 30\u00b0, ce qui permet d'effectuer de longues observations de mani\u00e8re confortable. La t\u00eate trinoculaire est orientable \u00e0 360\u00b0. Le microscope est \u00e9quip\u00e9 de quatre objectifs achromatiques pr\u00e9install\u00e9s de diff\u00e9rents grossissements. Les objectifs 40x et 100x sont r\u00e9tractables. En outre, l'objectif 100x peut \u00eatre utilis\u00e9 pour des observations par immersion dans l'huile (un tube d'huile d'immersion est inclus dans le kit). Les oculaires, avec un large champ de vision, sont r\u00e9glables en dioptrie et offrent une bonne visibilit\u00e9. Tous les \u00e9l\u00e9ments optiques sont prot\u00e9g\u00e9s par un rev\u00eatement antifongique.<\/p>\n<p>La platine est double et peut \u00eatre d\u00e9plac\u00e9e selon deux axes. Les \u00e9chantillons sont plac\u00e9s sous l'objectif du microscope et peuvent \u00eatre d\u00e9plac\u00e9s \u00e0 l'aide d'un microm\u00e8tre m\u00e9canique. Des commandes de r\u00e9glage de la mise au point grossi\u00e8re et fine sont disponibles. Le syst\u00e8me d'\u00e9clairage du microscope se compose d'une lampe LED de 5 watts, d'un condenseur d'Abbe avec diaphragme et d'un porte-filtre. La lampe est situ\u00e9e sous la platine et permet d'effectuer des observations en utilisant la m\u00e9thode du fond clair avec une lumi\u00e8re transmise. L'\u00e9clairage est aliment\u00e9 par une alimentation en courant alternatif. Le syst\u00e8me d'\u00e9clairage permet \u00e9galement de r\u00e9gler la luminosit\u00e9.<\/p>\n<p><b>Caract\u00e9ristiques :<\/b><\/p>\n<ul class=\"vikas-list-u\">\n<li>Microscope de laboratoire avec un grossissement de 40 \u00e0 1000x<\/li>\n<li>T\u00eate trinoculaire rotative sur 360\u00b0, inclinaison de 30<\/li>\n<li>Optique achromatique avec rev\u00eatement antifongique<\/li>\n<li>Lampe de fond LED 5 W avec r\u00e9glage de la luminosit\u00e9<\/li>\n<li>Aliment\u00e9 par une alimentation en courant alternatif<\/li>\n<\/ul>\n<p><b>Le kit comprend<\/b><\/p>\n<ul class=\"vikas-list-u\">\n<li>Support de microscope et pi\u00e9destal<\/li>\n<li>T\u00eate trinoculaire rotative \u00e0 360<\/li>\n<li>Objectifs achromatiques : 4\u0445, 10\u0445, 40xs, 100\u0445s (immersion dans l'huile) avec rev\u00eatement antifongique<\/li>\n<li>Oculaires \u00e0 grand champ de vision : WF10x \/ 18 mm avec rev\u00eatement antifongique (2 pi\u00e8ces)<\/li>\n<li>Condenseur Abbe N.A. 1.25 avec diaphragme et porte-filtre<\/li>\n<li>Filtres : bleu, vert, jaune<\/li>\n<li>Tube d'huile d'immersion<\/li>\n<li>Fusible (2 pi\u00e8ces)<\/li>\n<li>C\u00e2ble d'alimentation du microscope<\/li>\n<li>Housse de protection<\/li>\n<li>Adaptateur pour appareil photo<\/li>\n<li>Manuel de l'utilisateur et garantie \u00e0 vie<\/li>\n<\/ul>","protected":false},"excerpt":{"rendered":"<p class=\"product-page-title\"><strong>Microscope trinoculaire Levenhuk MED 10T<\/strong><\/p>\n<p><b>Caract\u00e9ristiques :<\/b><\/p>\n<ul class=\"vikas-list-u\">\n<li>Microscope de laboratoire avec un grossissement de 40 \u00e0 1000x<\/li>\n<li>T\u00eate trinoculaire rotative sur 360\u00b0, inclinaison de 30<\/li>\n<li>Optique achromatique avec rev\u00eatement antifongique<\/li>\n<li>Lampe de fond LED 5 W avec r\u00e9glage de la luminosit\u00e9<\/li>\n<li>Aliment\u00e9 par une alimentation en courant alternatif<\/li>\n<\/ul>\n<p><b>Le kit comprend<\/b><\/p>\n<ul class=\"vikas-list-u\">\n<li>Support de microscope et pi\u00e9destal<\/li>\n<li>T\u00eate trinoculaire rotative \u00e0 360<\/li>\n<li>Objectifs achromatiques : 4\u0445, 10\u0445, 40xs, 100\u0445s (immersion dans l'huile) avec rev\u00eatement antifongique<\/li>\n<li>Oculaires \u00e0 grand champ de vision : WF10x \/ 18 mm avec rev\u00eatement antifongique (2 pi\u00e8ces)<\/li>\n<li>Condenseur Abbe N.A. 1.25 avec diaphragme et porte-filtre<\/li>\n<li>Filtres : bleu, vert, jaune<\/li>\n<li>Tube d'huile d'immersion<\/li>\n<li>Fusible (2 pi\u00e8ces)<\/li>\n<li>C\u00e2ble d'alimentation du microscope<\/li>\n<li>Housse de protection<\/li>\n<li>Adaptateur pour appareil photo<\/li>\n<li>Manuel de l'utilisateur et garantie \u00e0 vie<\/li>\n<\/ul>","protected":false},"featured_media":2730,"comment_status":"open","ping_status":"closed","template":"","meta":[],"product_brand":[],"product_cat":[23,160,161,165],"product_tag":[],"class_list":{"0":"post-2702","1":"product","2":"type-product","3":"status-publish","4":"has-post-thumbnail","6":"product_cat-laboratorio","7":"product_cat-microscopios","8":"product_cat-microscopios-biologicos","9":"product_cat-microscopios-educacion","11":"first","12":"instock","13":"taxable","14":"shipping-taxable","15":"purchasable","16":"product-type-simple"},"yoast_head":"<!-- This site is optimized with the Yoast SEO plugin v27.2 - https:\/\/yoast.com\/product\/yoast-seo-wordpress\/ -->\n<title>Microscopio trinocular Levenhuk MED 10T - Labopolis<\/title>\n<meta name=\"description\" content=\"Microscopio trinocular Levenhuk MED 10T Caracter\u00edsticas:   Microscopio de laboratorio con una ampliaci\u00f3n de 40\u20131000x  Cabezal trinocular giratorio 360\u00b0, con inclinaci\u00f3n de 30\u00b0  \u00d3ptica acrom\u00e1tica con revestimiento antif\u00fangico  L\u00e1mpara LED inferior de 5 W con ajuste del brillo  Alimentado por una fuente de alimentaci\u00f3n CA  El kit incluye:   Base de microscopio y pedestal  Cabezal trinocular rotatorio 360\u00b0  Lentes objetivo acrom\u00e1ticas: 4\u0445, 10\u0445, 40xs, 100\u0445s (inmersi\u00f3n en aceite) con revestimiento antif\u00fangico  Oculares de campo de visi\u00f3n amplio: WF10x \/ 18 mm con revestimiento antif\u00fangico (2 unidades)  Condensador Abbe N.A. 1,25 con diafragma iris y soporte para filtros  Filtros: azul, verde, amarillo  Tubo de aceite de inmersi\u00f3n  Fusible (2 unidades)  Cable de alimentaci\u00f3n para microscopio  Cubierta protectora  Adaptador de c\u00e1mara  Manual de usuario y garant\u00eda de por vida\" \/>\n<meta name=\"robots\" content=\"index, follow, max-snippet:-1, max-image-preview:large, max-video-preview:-1\" \/>\n<link rel=\"canonical\" href=\"https:\/\/www.labopolis.com\/fr\/produit\/microscopio-trinocular-levenhuk-med-10t\/\" \/>\n<meta property=\"og:locale\" content=\"fr_FR\" \/>\n<meta property=\"og:type\" content=\"article\" \/>\n<meta property=\"og:title\" content=\"Microscopio trinocular Levenhuk MED 10T - Labopolis\" \/>\n<meta property=\"og:description\" content=\"Microscopio trinocular Levenhuk MED 10T Caracter\u00edsticas:   Microscopio de laboratorio con una ampliaci\u00f3n de 40\u20131000x  Cabezal trinocular giratorio 360\u00b0, con inclinaci\u00f3n de 30\u00b0  \u00d3ptica acrom\u00e1tica con revestimiento antif\u00fangico  L\u00e1mpara LED inferior de 5 W con ajuste del brillo  Alimentado por una fuente de alimentaci\u00f3n CA  El kit incluye:   Base de microscopio y pedestal  Cabezal trinocular rotatorio 360\u00b0  Lentes objetivo acrom\u00e1ticas: 4\u0445, 10\u0445, 40xs, 100\u0445s (inmersi\u00f3n en aceite) con revestimiento antif\u00fangico  Oculares de campo de visi\u00f3n amplio: WF10x \/ 18 mm con revestimiento antif\u00fangico (2 unidades)  Condensador Abbe N.A. 1,25 con diafragma iris y soporte para filtros  Filtros: azul, verde, amarillo  Tubo de aceite de inmersi\u00f3n  Fusible (2 unidades)  Cable de alimentaci\u00f3n para microscopio  Cubierta protectora  Adaptador de c\u00e1mara  Manual de usuario y garant\u00eda de por vida\" \/>\n<meta property=\"og:url\" content=\"https:\/\/www.labopolis.com\/fr\/produit\/microscopio-trinocular-levenhuk-med-10t\/\" \/>\n<meta property=\"og:site_name\" content=\"Labopolis\" \/>\n<meta property=\"article:publisher\" content=\"https:\/\/www.facebook.com\/profile.php?id=100063251679439\" \/>\n<meta property=\"article:modified_time\" content=\"2026-03-24T09:13:27+00:00\" \/>\n<meta property=\"og:image\" content=\"https:\/\/www.labopolis.com\/wp-content\/uploads\/2023\/07\/73985_levenhuk-trinocular-microscope-med-10t_00.jpg\" \/>\n\t<meta property=\"og:image:width\" content=\"1421\" \/>\n\t<meta property=\"og:image:height\" content=\"2000\" \/>\n\t<meta property=\"og:image:type\" content=\"image\/jpeg\" \/>\n<meta name=\"twitter:card\" content=\"summary_large_image\" \/>\n<meta name=\"twitter:site\" content=\"@Labopolis\" \/>\n<meta name=\"twitter:label1\" content=\"Dur\u00e9e de lecture estim\u00e9e\" \/>\n\t<meta name=\"twitter:data1\" content=\"2 minutes\" \/>\n<script type=\"application\/ld+json\" class=\"yoast-schema-graph\">{\"@context\":\"https:\/\/schema.org\",\"@graph\":[{\"@type\":\"WebPage\",\"@id\":\"https:\/\/www.labopolis.com\/producto\/microscopio-trinocular-levenhuk-med-10t\/\",\"url\":\"https:\/\/www.labopolis.com\/producto\/microscopio-trinocular-levenhuk-med-10t\/\",\"name\":\"Microscopio trinocular Levenhuk MED 10T - Labopolis\",\"isPartOf\":{\"@id\":\"https:\/\/www.labopolis.com\/#website\"},\"primaryImageOfPage\":{\"@id\":\"https:\/\/www.labopolis.com\/producto\/microscopio-trinocular-levenhuk-med-10t\/#primaryimage\"},\"image\":{\"@id\":\"https:\/\/www.labopolis.com\/producto\/microscopio-trinocular-levenhuk-med-10t\/#primaryimage\"},\"thumbnailUrl\":\"https:\/\/www.labopolis.com\/wp-content\/uploads\/2023\/07\/73985_levenhuk-trinocular-microscope-med-10t_00.jpg\",\"datePublished\":\"2023-07-10T11:40:32+00:00\",\"dateModified\":\"2026-03-24T09:13:27+00:00\",\"description\":\"Microscopio trinocular Levenhuk MED 10T Caracter\u00edsticas: Microscopio de laboratorio con una ampliaci\u00f3n de 40\u20131000x Cabezal trinocular giratorio 360\u00b0, con inclinaci\u00f3n de 30\u00b0 \u00d3ptica acrom\u00e1tica con revestimiento antif\u00fangico L\u00e1mpara LED inferior de 5 W con ajuste del brillo Alimentado por una fuente de alimentaci\u00f3n CA El kit incluye: Base de microscopio y pedestal Cabezal trinocular rotatorio 360\u00b0 Lentes objetivo acrom\u00e1ticas: 4\u0445, 10\u0445, 40xs, 100\u0445s (inmersi\u00f3n en aceite) con revestimiento antif\u00fangico Oculares de campo de visi\u00f3n amplio: WF10x \/ 18 mm con revestimiento antif\u00fangico (2 unidades) Condensador Abbe N.A. 1,25 con diafragma iris y soporte para filtros Filtros: azul, verde, amarillo Tubo de aceite de inmersi\u00f3n Fusible (2 unidades) Cable de alimentaci\u00f3n para microscopio Cubierta protectora Adaptador de c\u00e1mara Manual de usuario y garant\u00eda de por vida\",\"breadcrumb\":{\"@id\":\"https:\/\/www.labopolis.com\/producto\/microscopio-trinocular-levenhuk-med-10t\/#breadcrumb\"},\"inLanguage\":\"fr-FR\",\"potentialAction\":[{\"@type\":\"ReadAction\",\"target\":[\"https:\/\/www.labopolis.com\/producto\/microscopio-trinocular-levenhuk-med-10t\/\"]}]},{\"@type\":\"ImageObject\",\"inLanguage\":\"fr-FR\",\"@id\":\"https:\/\/www.labopolis.com\/producto\/microscopio-trinocular-levenhuk-med-10t\/#primaryimage\",\"url\":\"https:\/\/www.labopolis.com\/wp-content\/uploads\/2023\/07\/73985_levenhuk-trinocular-microscope-med-10t_00.jpg\",\"contentUrl\":\"https:\/\/www.labopolis.com\/wp-content\/uploads\/2023\/07\/73985_levenhuk-trinocular-microscope-med-10t_00.jpg\",\"width\":1421,\"height\":2000,\"caption\":\"Producto\"},{\"@type\":\"BreadcrumbList\",\"@id\":\"https:\/\/www.labopolis.com\/producto\/microscopio-trinocular-levenhuk-med-10t\/#breadcrumb\",\"itemListElement\":[{\"@type\":\"ListItem\",\"position\":1,\"name\":\"Portada\",\"item\":\"https:\/\/www.labopolis.com\/\"},{\"@type\":\"ListItem\",\"position\":2,\"name\":\"Productos\",\"item\":\"https:\/\/www.labopolis.com\/shop\/\"},{\"@type\":\"ListItem\",\"position\":3,\"name\":\"Microscopio trinocular Levenhuk MED 10T\"}]},{\"@type\":\"WebSite\",\"@id\":\"https:\/\/www.labopolis.com\/#website\",\"url\":\"https:\/\/www.labopolis.com\/\",\"name\":\"Labopolis\",\"description\":\"\",\"potentialAction\":[{\"@type\":\"SearchAction\",\"target\":{\"@type\":\"EntryPoint\",\"urlTemplate\":\"https:\/\/www.labopolis.com\/?s={search_term_string}\"},\"query-input\":{\"@type\":\"PropertyValueSpecification\",\"valueRequired\":true,\"valueName\":\"search_term_string\"}}],\"inLanguage\":\"fr-FR\"}]}<\/script>\n<!-- \/ Yoast SEO plugin. -->","yoast_head_json":{"title":"Microscopio trinocular Levenhuk MED 10T - Labopolis","description":"Microscopio trinocular Levenhuk MED 10T Caracter\u00edsticas:   Microscopio de laboratorio con una ampliaci\u00f3n de 40\u20131000x  Cabezal trinocular giratorio 360\u00b0, con inclinaci\u00f3n de 30\u00b0  \u00d3ptica acrom\u00e1tica con revestimiento antif\u00fangico  L\u00e1mpara LED inferior de 5 W con ajuste del brillo  Alimentado por una fuente de alimentaci\u00f3n CA  El kit incluye:   Base de microscopio y pedestal  Cabezal trinocular rotatorio 360\u00b0  Lentes objetivo acrom\u00e1ticas: 4\u0445, 10\u0445, 40xs, 100\u0445s (inmersi\u00f3n en aceite) con revestimiento antif\u00fangico  Oculares de campo de visi\u00f3n amplio: WF10x \/ 18 mm con revestimiento antif\u00fangico (2 unidades)  Condensador Abbe N.A. 1,25 con diafragma iris y soporte para filtros  Filtros: azul, verde, amarillo  Tubo de aceite de inmersi\u00f3n  Fusible (2 unidades)  Cable de alimentaci\u00f3n para microscopio  Cubierta protectora  Adaptador de c\u00e1mara  Manual de usuario y garant\u00eda de por vida","robots":{"index":"index","follow":"follow","max-snippet":"max-snippet:-1","max-image-preview":"max-image-preview:large","max-video-preview":"max-video-preview:-1"},"canonical":"https:\/\/www.labopolis.com\/fr\/produit\/microscopio-trinocular-levenhuk-med-10t\/","og_locale":"fr_FR","og_type":"article","og_title":"Microscopio trinocular Levenhuk MED 10T - Labopolis","og_description":"Microscopio trinocular Levenhuk MED 10T Caracter\u00edsticas:   Microscopio de laboratorio con una ampliaci\u00f3n de 40\u20131000x  Cabezal trinocular giratorio 360\u00b0, con inclinaci\u00f3n de 30\u00b0  \u00d3ptica acrom\u00e1tica con revestimiento antif\u00fangico  L\u00e1mpara LED inferior de 5 W con ajuste del brillo  Alimentado por una fuente de alimentaci\u00f3n CA  El kit incluye:   Base de microscopio y pedestal  Cabezal trinocular rotatorio 360\u00b0  Lentes objetivo acrom\u00e1ticas: 4\u0445, 10\u0445, 40xs, 100\u0445s (inmersi\u00f3n en aceite) con revestimiento antif\u00fangico  Oculares de campo de visi\u00f3n amplio: WF10x \/ 18 mm con revestimiento antif\u00fangico (2 unidades)  Condensador Abbe N.A. 1,25 con diafragma iris y soporte para filtros  Filtros: azul, verde, amarillo  Tubo de aceite de inmersi\u00f3n  Fusible (2 unidades)  Cable de alimentaci\u00f3n para microscopio  Cubierta protectora  Adaptador de c\u00e1mara  Manual de usuario y garant\u00eda de por vida","og_url":"https:\/\/www.labopolis.com\/fr\/produit\/microscopio-trinocular-levenhuk-med-10t\/","og_site_name":"Labopolis","article_publisher":"https:\/\/www.facebook.com\/profile.php?id=100063251679439","article_modified_time":"2026-03-24T09:13:27+00:00","og_image":[{"width":1421,"height":2000,"url":"https:\/\/www.labopolis.com\/wp-content\/uploads\/2023\/07\/73985_levenhuk-trinocular-microscope-med-10t_00.jpg","type":"image\/jpeg"}],"twitter_card":"summary_large_image","twitter_site":"@Labopolis","twitter_misc":{"Dur\u00e9e de lecture estim\u00e9e":"2 minutes"},"schema":{"@context":"https:\/\/schema.org","@graph":[{"@type":"WebPage","@id":"https:\/\/www.labopolis.com\/producto\/microscopio-trinocular-levenhuk-med-10t\/","url":"https:\/\/www.labopolis.com\/producto\/microscopio-trinocular-levenhuk-med-10t\/","name":"Microscopio trinocular Levenhuk MED 10T - Labopolis","isPartOf":{"@id":"https:\/\/www.labopolis.com\/#website"},"primaryImageOfPage":{"@id":"https:\/\/www.labopolis.com\/producto\/microscopio-trinocular-levenhuk-med-10t\/#primaryimage"},"image":{"@id":"https:\/\/www.labopolis.com\/producto\/microscopio-trinocular-levenhuk-med-10t\/#primaryimage"},"thumbnailUrl":"https:\/\/www.labopolis.com\/wp-content\/uploads\/2023\/07\/73985_levenhuk-trinocular-microscope-med-10t_00.jpg","datePublished":"2023-07-10T11:40:32+00:00","dateModified":"2026-03-24T09:13:27+00:00","description":"Microscopio trinocular Levenhuk MED 10T Caracter\u00edsticas: Microscopio de laboratorio con una ampliaci\u00f3n de 40\u20131000x Cabezal trinocular giratorio 360\u00b0, con inclinaci\u00f3n de 30\u00b0 \u00d3ptica acrom\u00e1tica con revestimiento antif\u00fangico L\u00e1mpara LED inferior de 5 W con ajuste del brillo Alimentado por una fuente de alimentaci\u00f3n CA El kit incluye: Base de microscopio y pedestal Cabezal trinocular rotatorio 360\u00b0 Lentes objetivo acrom\u00e1ticas: 4\u0445, 10\u0445, 40xs, 100\u0445s (inmersi\u00f3n en aceite) con revestimiento antif\u00fangico Oculares de campo de visi\u00f3n amplio: WF10x \/ 18 mm con revestimiento antif\u00fangico (2 unidades) Condensador Abbe N.A. 1,25 con diafragma iris y soporte para filtros Filtros: azul, verde, amarillo Tubo de aceite de inmersi\u00f3n Fusible (2 unidades) Cable de alimentaci\u00f3n para microscopio Cubierta protectora Adaptador de c\u00e1mara Manual de usuario y garant\u00eda de por vida","breadcrumb":{"@id":"https:\/\/www.labopolis.com\/producto\/microscopio-trinocular-levenhuk-med-10t\/#breadcrumb"},"inLanguage":"fr-FR","potentialAction":[{"@type":"ReadAction","target":["https:\/\/www.labopolis.com\/producto\/microscopio-trinocular-levenhuk-med-10t\/"]}]},{"@type":"ImageObject","inLanguage":"fr-FR","@id":"https:\/\/www.labopolis.com\/producto\/microscopio-trinocular-levenhuk-med-10t\/#primaryimage","url":"https:\/\/www.labopolis.com\/wp-content\/uploads\/2023\/07\/73985_levenhuk-trinocular-microscope-med-10t_00.jpg","contentUrl":"https:\/\/www.labopolis.com\/wp-content\/uploads\/2023\/07\/73985_levenhuk-trinocular-microscope-med-10t_00.jpg","width":1421,"height":2000,"caption":"Producto"},{"@type":"BreadcrumbList","@id":"https:\/\/www.labopolis.com\/producto\/microscopio-trinocular-levenhuk-med-10t\/#breadcrumb","itemListElement":[{"@type":"ListItem","position":1,"name":"Portada","item":"https:\/\/www.labopolis.com\/"},{"@type":"ListItem","position":2,"name":"Productos","item":"https:\/\/www.labopolis.com\/shop\/"},{"@type":"ListItem","position":3,"name":"Microscopio trinocular Levenhuk MED 10T"}]},{"@type":"WebSite","@id":"https:\/\/www.labopolis.com\/#website","url":"https:\/\/www.labopolis.com\/","name":"Labopolis","description":"","potentialAction":[{"@type":"SearchAction","target":{"@type":"EntryPoint","urlTemplate":"https:\/\/www.labopolis.com\/?s={search_term_string}"},"query-input":{"@type":"PropertyValueSpecification","valueRequired":true,"valueName":"search_term_string"}}],"inLanguage":"fr-FR"}]}},"_links":{"self":[{"href":"https:\/\/www.labopolis.com\/fr\/wp-json\/wp\/v2\/product\/2702","targetHints":{"allow":["GET"]}}],"collection":[{"href":"https:\/\/www.labopolis.com\/fr\/wp-json\/wp\/v2\/product"}],"about":[{"href":"https:\/\/www.labopolis.com\/fr\/wp-json\/wp\/v2\/types\/product"}],"replies":[{"embeddable":true,"href":"https:\/\/www.labopolis.com\/fr\/wp-json\/wp\/v2\/comments?post=2702"}],"wp:featuredmedia":[{"embeddable":true,"href":"https:\/\/www.labopolis.com\/fr\/wp-json\/wp\/v2\/media\/2730"}],"wp:attachment":[{"href":"https:\/\/www.labopolis.com\/fr\/wp-json\/wp\/v2\/media?parent=2702"}],"wp:term":[{"taxonomy":"product_brand","embeddable":true,"href":"https:\/\/www.labopolis.com\/fr\/wp-json\/wp\/v2\/product_brand?post=2702"},{"taxonomy":"product_cat","embeddable":true,"href":"https:\/\/www.labopolis.com\/fr\/wp-json\/wp\/v2\/product_cat?post=2702"},{"taxonomy":"product_tag","embeddable":true,"href":"https:\/\/www.labopolis.com\/fr\/wp-json\/wp\/v2\/product_tag?post=2702"}],"curies":[{"name":"wp","href":"https:\/\/api.w.org\/{rel}","templated":true}]}}