{"id":2700,"date":"2023-07-10T11:40:31","date_gmt":"2023-07-10T11:40:31","guid":{"rendered":"https:\/\/www.labopolis.com\/?post_type=product&#038;p=2700"},"modified":"2025-04-30T12:30:47","modified_gmt":"2025-04-30T12:30:47","slug":"microscopio-monocular-biologico-levenhuk-320-base","status":"publish","type":"product","link":"https:\/\/www.labopolis.com\/fr\/produit\/microscopio-monocular-biologico-levenhuk-320-base\/","title":{"rendered":"Microscope monoculaire biologique Levenhuk 320 BASE"},"content":{"rendered":"<p>Le Levenhuk 320 BASE est un microscope de laboratoire adapt\u00e9 \u00e0 la recherche microscopique dans diff\u00e9rents domaines. Il est parfait pour l'\u00e9tude d'\u00e9chantillons biochimiques et peut \u00e9galement \u00eatre utilis\u00e9 pour l'analyse clinique g\u00e9n\u00e9rale, morphologique et anatomo-pathologique. Le microscope 320 BASE est un excellent choix pour les institutions scientifiques et \u00e9ducatives, les cliniques ou les laboratoires.<\/p>\n<p>Ce microscope poss\u00e8de une t\u00eate monoculaire classique avec un oculaire grand angle offrant un grossissement de 10x. La t\u00eate peut pivoter sur 360\u00b0 et a un angle d'inclinaison de 45\u00b0. Cette conception est pratique pour la recherche en groupe et les observations \u00e0 long terme.<\/p>\n<p>Il est dot\u00e9 d'un nez rotatif pour quatre objectifs. Gr\u00e2ce \u00e0 leur optique achromatique, les objectifs fournissent une image nette et contrast\u00e9e, sans aberrations. Un objectif 100x peut \u00eatre utilis\u00e9 pour les observations par immersion dans l'huile. Une bouteille d'huile d'immersion est incluse dans le kit.<\/p>\n<p>La platine m\u00e9canique est \u00e9quip\u00e9e d'un microm\u00e8tre qui permet de travailler confortablement avec des lames de microscope. La mise au point est effectu\u00e9e \u00e0 l'aide de commandes de r\u00e9glage grossier et fin. Les commandes de mise au point sont situ\u00e9es sur le corps du microscope.<\/p>\n<p>Le syst\u00e8me d'\u00e9clairage se compose d'une lampe halog\u00e8ne plac\u00e9e sous la platine et d'un condenseur d'Abbe avec diaphragme. Des filtres lumineux peuvent \u00eatre utilis\u00e9s pour am\u00e9liorer le contraste de l'image obtenue. Un filtre bleu est inclus dans le kit. L'\u00e9clairage est aliment\u00e9 par une source CA ; vous pouvez r\u00e9gler sa luminosit\u00e9, si n\u00e9cessaire.<\/p>\n<p>Le Levenhuk 320 BASE est un microscope de laboratoire puissant pour les investigations microbiologiques de diff\u00e9rents niveaux de difficult\u00e9 dans des domaines scientifiques tels que la m\u00e9decine et la biologie.<\/p>\n<p><strong>Caract\u00e9ristiques :<\/strong><\/p>\n<ul class=\"vikas-list-u\">\n<li>Microscope de laboratoire avec t\u00eate monoculaire rotative<\/li>\n<li>Lentilles achromatiques et oculaires grand angle<\/li>\n<li>Plage de grossissement : 40-1000x<\/li>\n<li>\u00c9clairage halog\u00e8ne de 20 watts avec r\u00e9glage de la luminosit\u00e9<\/li>\n<li>Alimentation en courant alternatif<\/li>\n<\/ul>\n<p><strong>Le kit comprend<\/strong><\/p>\n<ul class=\"vikas-list-u\">\n<li>Microscope<\/li>\n<li>Objectifs achromatiques : 4x, 10x, 40x et 100x (immersion dans l'huile)<\/li>\n<li>Oculaire grand angle WF10x<\/li>\n<li>Filtre bleu<\/li>\n<li>Bouteille d'huile \u00e0 immersion<\/li>\n<li>Adaptateur secteur<\/li>\n<li>Housse de protection<\/li>\n<li>Manuel de l'utilisateur et garantie \u00e0 vie<\/li>\n<\/ul>","protected":false},"excerpt":{"rendered":"<p class=\"product-page-title\"><strong>Microscope monoculaire biologique Levenhuk 320 BASE<\/strong><\/p>\n<p><strong>Caract\u00e9ristiques : <\/strong>Microscope de laboratoire avec t\u00eate monoculaire rotative, lentilles achromatiques et oculaire grand angle, plage de grossissement : 40-1000x, \u00e9clairage halog\u00e8ne 20 Watt avec r\u00e9glage de la luminosit\u00e9, alimentation en courant alternatif.<\/p>\n<p><strong>Le kit comprend <\/strong>Microscope, objectifs achromatiques : 4x, 10x, 40x et 100x (immersion dans l'huile), oculaire grand angle WF10x, filtre bleu, bouteille d'huile d'immersion, adaptateur secteur, housse de protection, manuel d'utilisation et garantie \u00e0 vie.<\/p>","protected":false},"featured_media":2728,"comment_status":"open","ping_status":"closed","template":"","meta":[],"product_brand":[],"product_cat":[23,160,165],"product_tag":[],"class_list":{"0":"post-2700","1":"product","2":"type-product","3":"status-publish","4":"has-post-thumbnail","6":"product_cat-laboratorio","7":"product_cat-microscopios","8":"product_cat-microscopios-educacion","10":"first","11":"instock","12":"taxable","13":"shipping-taxable","14":"purchasable","15":"product-type-simple"},"yoast_head":"<!-- This site is optimized with the Yoast SEO plugin v27.2 - https:\/\/yoast.com\/product\/yoast-seo-wordpress\/ -->\n<title>Microscopio monocular biol\u00f3gico Levenhuk 320 BASE - Labopolis<\/title>\n<meta name=\"description\" content=\"Microscopio monocular biol\u00f3gico Levenhuk 320 BASE Caracter\u00edsticas: Microscopio de laboratorio con cabezal monocular rotatorio, lentes acrom\u00e1ticas y ocular de gran angular, rango de ampliaci\u00f3n: 40\u20131000x, iluminaci\u00f3n hal\u00f3gena de 20 vatios con ajuste del brillo, alimentaci\u00f3n por suministro de corriente alterna.  El kit incluye: Microscopio, objetivos acrom\u00e1ticos: 4x, 10x, 40x y 100x (inmersi\u00f3n en aceite), ocular WF10x de gran angular, filtro azul, botella de aceite de inmersi\u00f3n, adaptador de CA, cubierta protectora, manual de usuario y garant\u00eda de por vida\" \/>\n<meta name=\"robots\" content=\"index, follow, max-snippet:-1, max-image-preview:large, max-video-preview:-1\" \/>\n<link rel=\"canonical\" href=\"https:\/\/www.labopolis.com\/fr\/produit\/microscopio-monocular-biologico-levenhuk-320-base\/\" \/>\n<meta property=\"og:locale\" content=\"fr_FR\" \/>\n<meta property=\"og:type\" content=\"article\" \/>\n<meta property=\"og:title\" content=\"Microscopio monocular biol\u00f3gico Levenhuk 320 BASE - Labopolis\" \/>\n<meta property=\"og:description\" content=\"Microscopio monocular biol\u00f3gico Levenhuk 320 BASE Caracter\u00edsticas: Microscopio de laboratorio con cabezal monocular rotatorio, lentes acrom\u00e1ticas y ocular de gran angular, rango de ampliaci\u00f3n: 40\u20131000x, iluminaci\u00f3n hal\u00f3gena de 20 vatios con ajuste del brillo, alimentaci\u00f3n por suministro de corriente alterna.  El kit incluye: Microscopio, objetivos acrom\u00e1ticos: 4x, 10x, 40x y 100x (inmersi\u00f3n en aceite), ocular WF10x de gran angular, filtro azul, botella de aceite de inmersi\u00f3n, adaptador de CA, cubierta protectora, manual de usuario y garant\u00eda de por vida\" \/>\n<meta property=\"og:url\" content=\"https:\/\/www.labopolis.com\/fr\/produit\/microscopio-monocular-biologico-levenhuk-320-base\/\" \/>\n<meta property=\"og:site_name\" content=\"Labopolis\" \/>\n<meta property=\"article:publisher\" content=\"https:\/\/www.facebook.com\/profile.php?id=100063251679439\" \/>\n<meta property=\"article:modified_time\" content=\"2025-04-30T12:30:47+00:00\" \/>\n<meta property=\"og:image\" content=\"https:\/\/www.labopolis.com\/wp-content\/uploads\/2023\/07\/73811_microscope-levenhuk-320-base_00.jpg\" \/>\n\t<meta property=\"og:image:width\" content=\"1115\" \/>\n\t<meta property=\"og:image:height\" content=\"2000\" \/>\n\t<meta property=\"og:image:type\" content=\"image\/jpeg\" \/>\n<meta name=\"twitter:card\" content=\"summary_large_image\" \/>\n<meta name=\"twitter:site\" content=\"@Labopolis\" \/>\n<meta name=\"twitter:label1\" content=\"Dur\u00e9e de lecture estim\u00e9e\" \/>\n\t<meta name=\"twitter:data1\" content=\"2 minutes\" \/>\n<script type=\"application\/ld+json\" class=\"yoast-schema-graph\">{\"@context\":\"https:\/\/schema.org\",\"@graph\":[{\"@type\":\"WebPage\",\"@id\":\"https:\/\/www.labopolis.com\/producto\/microscopio-monocular-biologico-levenhuk-320-base\/\",\"url\":\"https:\/\/www.labopolis.com\/producto\/microscopio-monocular-biologico-levenhuk-320-base\/\",\"name\":\"Microscopio monocular biol\u00f3gico Levenhuk 320 BASE - Labopolis\",\"isPartOf\":{\"@id\":\"https:\/\/www.labopolis.com\/#website\"},\"primaryImageOfPage\":{\"@id\":\"https:\/\/www.labopolis.com\/producto\/microscopio-monocular-biologico-levenhuk-320-base\/#primaryimage\"},\"image\":{\"@id\":\"https:\/\/www.labopolis.com\/producto\/microscopio-monocular-biologico-levenhuk-320-base\/#primaryimage\"},\"thumbnailUrl\":\"https:\/\/www.labopolis.com\/wp-content\/uploads\/2023\/07\/73811_microscope-levenhuk-320-base_00.jpg\",\"datePublished\":\"2023-07-10T11:40:31+00:00\",\"dateModified\":\"2025-04-30T12:30:47+00:00\",\"description\":\"Microscopio monocular biol\u00f3gico Levenhuk 320 BASE Caracter\u00edsticas: Microscopio de laboratorio con cabezal monocular rotatorio, lentes acrom\u00e1ticas y ocular de gran angular, rango de ampliaci\u00f3n: 40\u20131000x, iluminaci\u00f3n hal\u00f3gena de 20 vatios con ajuste del brillo, alimentaci\u00f3n por suministro de corriente alterna. El kit incluye: Microscopio, objetivos acrom\u00e1ticos: 4x, 10x, 40x y 100x (inmersi\u00f3n en aceite), ocular WF10x de gran angular, filtro azul, botella de aceite de inmersi\u00f3n, adaptador de CA, cubierta protectora, manual de usuario y garant\u00eda de por vida\",\"breadcrumb\":{\"@id\":\"https:\/\/www.labopolis.com\/producto\/microscopio-monocular-biologico-levenhuk-320-base\/#breadcrumb\"},\"inLanguage\":\"fr-FR\",\"potentialAction\":[{\"@type\":\"ReadAction\",\"target\":[\"https:\/\/www.labopolis.com\/producto\/microscopio-monocular-biologico-levenhuk-320-base\/\"]}]},{\"@type\":\"ImageObject\",\"inLanguage\":\"fr-FR\",\"@id\":\"https:\/\/www.labopolis.com\/producto\/microscopio-monocular-biologico-levenhuk-320-base\/#primaryimage\",\"url\":\"https:\/\/www.labopolis.com\/wp-content\/uploads\/2023\/07\/73811_microscope-levenhuk-320-base_00.jpg\",\"contentUrl\":\"https:\/\/www.labopolis.com\/wp-content\/uploads\/2023\/07\/73811_microscope-levenhuk-320-base_00.jpg\",\"width\":1115,\"height\":2000,\"caption\":\"Producto\"},{\"@type\":\"BreadcrumbList\",\"@id\":\"https:\/\/www.labopolis.com\/producto\/microscopio-monocular-biologico-levenhuk-320-base\/#breadcrumb\",\"itemListElement\":[{\"@type\":\"ListItem\",\"position\":1,\"name\":\"Portada\",\"item\":\"https:\/\/www.labopolis.com\/\"},{\"@type\":\"ListItem\",\"position\":2,\"name\":\"Productos\",\"item\":\"https:\/\/www.labopolis.com\/shop\/\"},{\"@type\":\"ListItem\",\"position\":3,\"name\":\"Microscopio monocular biol\u00f3gico Levenhuk 320 BASE\"}]},{\"@type\":\"WebSite\",\"@id\":\"https:\/\/www.labopolis.com\/#website\",\"url\":\"https:\/\/www.labopolis.com\/\",\"name\":\"Labopolis\",\"description\":\"\",\"potentialAction\":[{\"@type\":\"SearchAction\",\"target\":{\"@type\":\"EntryPoint\",\"urlTemplate\":\"https:\/\/www.labopolis.com\/?s={search_term_string}\"},\"query-input\":{\"@type\":\"PropertyValueSpecification\",\"valueRequired\":true,\"valueName\":\"search_term_string\"}}],\"inLanguage\":\"fr-FR\"}]}<\/script>\n<!-- \/ Yoast SEO plugin. -->","yoast_head_json":{"title":"Microscopio monocular biol\u00f3gico Levenhuk 320 BASE - Labopolis","description":"Microscopio monocular biol\u00f3gico Levenhuk 320 BASE Caracter\u00edsticas: Microscopio de laboratorio con cabezal monocular rotatorio, lentes acrom\u00e1ticas y ocular de gran angular, rango de ampliaci\u00f3n: 40\u20131000x, iluminaci\u00f3n hal\u00f3gena de 20 vatios con ajuste del brillo, alimentaci\u00f3n por suministro de corriente alterna.  El kit incluye: Microscopio, objetivos acrom\u00e1ticos: 4x, 10x, 40x y 100x (inmersi\u00f3n en aceite), ocular WF10x de gran angular, filtro azul, botella de aceite de inmersi\u00f3n, adaptador de CA, cubierta protectora, manual de usuario y garant\u00eda de por vida","robots":{"index":"index","follow":"follow","max-snippet":"max-snippet:-1","max-image-preview":"max-image-preview:large","max-video-preview":"max-video-preview:-1"},"canonical":"https:\/\/www.labopolis.com\/fr\/produit\/microscopio-monocular-biologico-levenhuk-320-base\/","og_locale":"fr_FR","og_type":"article","og_title":"Microscopio monocular biol\u00f3gico Levenhuk 320 BASE - Labopolis","og_description":"Microscopio monocular biol\u00f3gico Levenhuk 320 BASE Caracter\u00edsticas: Microscopio de laboratorio con cabezal monocular rotatorio, lentes acrom\u00e1ticas y ocular de gran angular, rango de ampliaci\u00f3n: 40\u20131000x, iluminaci\u00f3n hal\u00f3gena de 20 vatios con ajuste del brillo, alimentaci\u00f3n por suministro de corriente alterna.  El kit incluye: Microscopio, objetivos acrom\u00e1ticos: 4x, 10x, 40x y 100x (inmersi\u00f3n en aceite), ocular WF10x de gran angular, filtro azul, botella de aceite de inmersi\u00f3n, adaptador de CA, cubierta protectora, manual de usuario y garant\u00eda de por vida","og_url":"https:\/\/www.labopolis.com\/fr\/produit\/microscopio-monocular-biologico-levenhuk-320-base\/","og_site_name":"Labopolis","article_publisher":"https:\/\/www.facebook.com\/profile.php?id=100063251679439","article_modified_time":"2025-04-30T12:30:47+00:00","og_image":[{"width":1115,"height":2000,"url":"https:\/\/www.labopolis.com\/wp-content\/uploads\/2023\/07\/73811_microscope-levenhuk-320-base_00.jpg","type":"image\/jpeg"}],"twitter_card":"summary_large_image","twitter_site":"@Labopolis","twitter_misc":{"Dur\u00e9e de lecture estim\u00e9e":"2 minutes"},"schema":{"@context":"https:\/\/schema.org","@graph":[{"@type":"WebPage","@id":"https:\/\/www.labopolis.com\/producto\/microscopio-monocular-biologico-levenhuk-320-base\/","url":"https:\/\/www.labopolis.com\/producto\/microscopio-monocular-biologico-levenhuk-320-base\/","name":"Microscopio monocular biol\u00f3gico Levenhuk 320 BASE - Labopolis","isPartOf":{"@id":"https:\/\/www.labopolis.com\/#website"},"primaryImageOfPage":{"@id":"https:\/\/www.labopolis.com\/producto\/microscopio-monocular-biologico-levenhuk-320-base\/#primaryimage"},"image":{"@id":"https:\/\/www.labopolis.com\/producto\/microscopio-monocular-biologico-levenhuk-320-base\/#primaryimage"},"thumbnailUrl":"https:\/\/www.labopolis.com\/wp-content\/uploads\/2023\/07\/73811_microscope-levenhuk-320-base_00.jpg","datePublished":"2023-07-10T11:40:31+00:00","dateModified":"2025-04-30T12:30:47+00:00","description":"Microscopio monocular biol\u00f3gico Levenhuk 320 BASE Caracter\u00edsticas: Microscopio de laboratorio con cabezal monocular rotatorio, lentes acrom\u00e1ticas y ocular de gran angular, rango de ampliaci\u00f3n: 40\u20131000x, iluminaci\u00f3n hal\u00f3gena de 20 vatios con ajuste del brillo, alimentaci\u00f3n por suministro de corriente alterna. El kit incluye: Microscopio, objetivos acrom\u00e1ticos: 4x, 10x, 40x y 100x (inmersi\u00f3n en aceite), ocular WF10x de gran angular, filtro azul, botella de aceite de inmersi\u00f3n, adaptador de CA, cubierta protectora, manual de usuario y garant\u00eda de por vida","breadcrumb":{"@id":"https:\/\/www.labopolis.com\/producto\/microscopio-monocular-biologico-levenhuk-320-base\/#breadcrumb"},"inLanguage":"fr-FR","potentialAction":[{"@type":"ReadAction","target":["https:\/\/www.labopolis.com\/producto\/microscopio-monocular-biologico-levenhuk-320-base\/"]}]},{"@type":"ImageObject","inLanguage":"fr-FR","@id":"https:\/\/www.labopolis.com\/producto\/microscopio-monocular-biologico-levenhuk-320-base\/#primaryimage","url":"https:\/\/www.labopolis.com\/wp-content\/uploads\/2023\/07\/73811_microscope-levenhuk-320-base_00.jpg","contentUrl":"https:\/\/www.labopolis.com\/wp-content\/uploads\/2023\/07\/73811_microscope-levenhuk-320-base_00.jpg","width":1115,"height":2000,"caption":"Producto"},{"@type":"BreadcrumbList","@id":"https:\/\/www.labopolis.com\/producto\/microscopio-monocular-biologico-levenhuk-320-base\/#breadcrumb","itemListElement":[{"@type":"ListItem","position":1,"name":"Portada","item":"https:\/\/www.labopolis.com\/"},{"@type":"ListItem","position":2,"name":"Productos","item":"https:\/\/www.labopolis.com\/shop\/"},{"@type":"ListItem","position":3,"name":"Microscopio monocular biol\u00f3gico Levenhuk 320 BASE"}]},{"@type":"WebSite","@id":"https:\/\/www.labopolis.com\/#website","url":"https:\/\/www.labopolis.com\/","name":"Labopolis","description":"","potentialAction":[{"@type":"SearchAction","target":{"@type":"EntryPoint","urlTemplate":"https:\/\/www.labopolis.com\/?s={search_term_string}"},"query-input":{"@type":"PropertyValueSpecification","valueRequired":true,"valueName":"search_term_string"}}],"inLanguage":"fr-FR"}]}},"_links":{"self":[{"href":"https:\/\/www.labopolis.com\/fr\/wp-json\/wp\/v2\/product\/2700","targetHints":{"allow":["GET"]}}],"collection":[{"href":"https:\/\/www.labopolis.com\/fr\/wp-json\/wp\/v2\/product"}],"about":[{"href":"https:\/\/www.labopolis.com\/fr\/wp-json\/wp\/v2\/types\/product"}],"replies":[{"embeddable":true,"href":"https:\/\/www.labopolis.com\/fr\/wp-json\/wp\/v2\/comments?post=2700"}],"wp:featuredmedia":[{"embeddable":true,"href":"https:\/\/www.labopolis.com\/fr\/wp-json\/wp\/v2\/media\/2728"}],"wp:attachment":[{"href":"https:\/\/www.labopolis.com\/fr\/wp-json\/wp\/v2\/media?parent=2700"}],"wp:term":[{"taxonomy":"product_brand","embeddable":true,"href":"https:\/\/www.labopolis.com\/fr\/wp-json\/wp\/v2\/product_brand?post=2700"},{"taxonomy":"product_cat","embeddable":true,"href":"https:\/\/www.labopolis.com\/fr\/wp-json\/wp\/v2\/product_cat?post=2700"},{"taxonomy":"product_tag","embeddable":true,"href":"https:\/\/www.labopolis.com\/fr\/wp-json\/wp\/v2\/product_tag?post=2700"}],"curies":[{"name":"wp","href":"https:\/\/api.w.org\/{rel}","templated":true}]}}