{"id":2699,"date":"2023-07-10T11:40:31","date_gmt":"2023-07-10T11:40:31","guid":{"rendered":"https:\/\/www.labopolis.com\/?post_type=product&#038;p=2699"},"modified":"2026-03-24T09:16:42","modified_gmt":"2026-03-24T09:16:42","slug":"microscopio-biologico-monocular-levenhuk-320-plus","status":"publish","type":"product","link":"https:\/\/www.labopolis.com\/fr\/produit\/microscopio-biologico-monocular-levenhuk-320-plus\/","title":{"rendered":"Microscope biologique monoculaire Levenhuk 320 PLUS"},"content":{"rendered":"<p>Le microscope Levenhuk 320 PLUS est un mod\u00e8le de laboratoire pour l'observation microscopique professionnelle. Il convient \u00e0 la r\u00e9alisation d'examens morphologiques, h\u00e9matologiques, biochimiques et autres dans les laboratoires des \u00e9tablissements m\u00e9dicaux et des centres scientifiques et de recherche. Les professeurs d'universit\u00e9 peuvent utiliser le microscope Levenhuk 320 PLUS \u00e0 des fins p\u00e9dagogiques pour les \u00e9tudiants des facult\u00e9s de m\u00e9decine.<\/p>\n<p>Le microscope est \u00e9quip\u00e9 d'objectifs achromatiques qui offrent une image contrast\u00e9e, nette et d\u00e9taill\u00e9e sans aberrations optiques. Les oculaires fournis avec le microscope offrent un champ de vision large et plan, ce qui permet d'observer des objets \u00e9tendus \u00e0 la structure complexe. La t\u00eate du microscope monoculaire peut pivoter sur 360\u00b0. La plage d'agrandissement est de 40 \u00e0 1600x. Un flacon d'huile \u00e0 immersion est inclus dans le kit, \u00e0 utiliser avec l'objectif de 100x.<\/p>\n<p>Les \u00e9chantillons \u00e0 observer sont fix\u00e9s sur une platine. La platine peut \u00eatre d\u00e9plac\u00e9e le long de deux axes. Un microm\u00e8tre m\u00e9canique est utilis\u00e9 pour le positionnement pr\u00e9cis des \u00e9chantillons sous l'objectif. Le r\u00e9glage de la nettet\u00e9 est effectu\u00e9 par un m\u00e9canisme coaxial pour le r\u00e9glage approximatif et le r\u00e9glage fin.<\/p>\n<p>Les \u00e9chantillons sont \u00e9clair\u00e9s par un \u00e9clairage LED inf\u00e9rieur dont la luminosit\u00e9 est r\u00e9glable. Le faisceau optique traverse un condenseur Abbe. Le diaphragme d'iris du condenseur permet de r\u00e9gler la luminosit\u00e9. Le kit comprend des filtres lumineux qui am\u00e9liorent le contraste et la nettet\u00e9 de l'image observ\u00e9e. L'\u00e9clairage est aliment\u00e9 par une alimentation secteur et par des piles rechargeables (incluses dans le kit). Une charge des piles assure 10 heures de fonctionnement continu. C'est pourquoi vous pouvez utiliser le microscope Levenhuk 320 PLUS \u00e0 l'ext\u00e9rieur, lors d'exp\u00e9ditions et de s\u00e9minaires.<\/p>\n<p><strong>Caract\u00e9ristiques :<\/strong><\/p>\n<ul class=\"vikas-list-u\">\n<li>T\u00eate monoculaire rotative<\/li>\n<li>Grossissement\u00a0: 40\u20131600x<\/li>\n<li>Objectifs grand angle achromatiques<\/li>\n<li>\u00c9clairage LED de 0,75 watts avec r\u00e9glage de la luminosit\u00e9<\/li>\n<li>Alimentation par courant alternatif ou piles rechargeables<\/li>\n<li>Le temps de chargement de la batterie est d'environ 10 heures<\/li>\n<\/ul>\n<p><strong>Le kit comprend<\/strong><\/p>\n<ul class=\"vikas-list-u\">\n<li>Microscope<\/li>\n<li>Objectifs achromatiques : 4x, 10x, 40x et 100x (immersion dans l'huile)<\/li>\n<li>Oculaires grand angle avec pointeur : WF10x et WF16x<\/li>\n<li>Filtres : bleu, vert, jaune<\/li>\n<li>Bouteille d'huile \u00e0 immersion<\/li>\n<li>Adaptateur secteur<\/li>\n<li>Piles AA rechargeables (3 unit\u00e9s)<\/li>\n<li>Housse de protection<\/li>\n<li>Manuel de l'utilisateur et garantie \u00e0 vie<\/li>\n<\/ul>","protected":false},"excerpt":{"rendered":"<p class=\"product-page-title\"><strong>Microscope biologique monoculaire Levenhuk 320 PLUS<\/strong><\/p>\n<p><strong>Caract\u00e9ristiques : <\/strong>T\u00eate monoculaire rotative, grossissement : 40-1600x, objectifs achromatiques grand champ, \u00e9clairage LED de 0,75 watts avec r\u00e9glage de la luminosit\u00e9, alimentation par secteur ou piles rechargeables, temps de charge des piles d'environ 10 heures.<\/p>\n<p><strong>Le kit comprend <\/strong>Microscope, objectifs achromatiques : 4x, 10x, 40x et 100x (immersion dans l'huile), oculaires grand champ avec pointeur : WF10x et WF16x, filtres : bleu, vert, jaune, flacon d'huile \u00e0 immersion, adaptateur secteur, piles AA rechargeables (3), housse de protection, manuel d'utilisation et garantie \u00e0 vie.<\/p>","protected":false},"featured_media":2726,"comment_status":"open","ping_status":"closed","template":"","meta":[],"product_brand":[],"product_cat":[23,160,165],"product_tag":[],"class_list":{"0":"post-2699","1":"product","2":"type-product","3":"status-publish","4":"has-post-thumbnail","6":"product_cat-laboratorio","7":"product_cat-microscopios","8":"product_cat-microscopios-educacion","10":"first","11":"instock","12":"taxable","13":"shipping-taxable","14":"purchasable","15":"product-type-simple"},"yoast_head":"<!-- This site is optimized with the Yoast SEO plugin v27.2 - https:\/\/yoast.com\/product\/yoast-seo-wordpress\/ -->\n<title>Microscopio biol\u00f3gico monocular Levenhuk 320 PLUS - Labopolis<\/title>\n<meta name=\"description\" content=\"Microscopio biol\u00f3gico monocular Levenhuk 320 PLUS Caracter\u00edsticas: Cabezal monocular rotatorio, ampliaci\u00f3n: 40\u20131600x, lentes de gran angular acrom\u00e1ticos, iluminaci\u00f3n LED de 0,75 vatios con ajuste del brillo, alimentaci\u00f3n por corriente alterna o pilas recargables, el tiempo de carga de la pila es 10 horas aproximadamente.  El kit incluye: Microscopio, objetivos acrom\u00e1ticos: 4x, 10x, 40x y 100x (inmersi\u00f3n en aceite), oculares de gran angular con puntero: WF10x y WF16x, filtros: azul, verde, amarillo, botella de aceite de inmersi\u00f3n, adaptador de CA, pilas AA recargables (3 unidades), cubierta protectora, manual de usuario y garant\u00eda de por vida.\" \/>\n<meta name=\"robots\" content=\"index, follow, max-snippet:-1, max-image-preview:large, max-video-preview:-1\" \/>\n<link rel=\"canonical\" href=\"https:\/\/www.labopolis.com\/fr\/produit\/microscopio-biologico-monocular-levenhuk-320-plus\/\" \/>\n<meta property=\"og:locale\" content=\"fr_FR\" \/>\n<meta property=\"og:type\" content=\"article\" \/>\n<meta property=\"og:title\" content=\"Microscopio biol\u00f3gico monocular Levenhuk 320 PLUS - Labopolis\" \/>\n<meta property=\"og:description\" content=\"Microscopio biol\u00f3gico monocular Levenhuk 320 PLUS Caracter\u00edsticas: Cabezal monocular rotatorio, ampliaci\u00f3n: 40\u20131600x, lentes de gran angular acrom\u00e1ticos, iluminaci\u00f3n LED de 0,75 vatios con ajuste del brillo, alimentaci\u00f3n por corriente alterna o pilas recargables, el tiempo de carga de la pila es 10 horas aproximadamente.  El kit incluye: Microscopio, objetivos acrom\u00e1ticos: 4x, 10x, 40x y 100x (inmersi\u00f3n en aceite), oculares de gran angular con puntero: WF10x y WF16x, filtros: azul, verde, amarillo, botella de aceite de inmersi\u00f3n, adaptador de CA, pilas AA recargables (3 unidades), cubierta protectora, manual de usuario y garant\u00eda de por vida.\" \/>\n<meta property=\"og:url\" content=\"https:\/\/www.labopolis.com\/fr\/produit\/microscopio-biologico-monocular-levenhuk-320-plus\/\" \/>\n<meta property=\"og:site_name\" content=\"Labopolis\" \/>\n<meta property=\"article:publisher\" content=\"https:\/\/www.facebook.com\/profile.php?id=100063251679439\" \/>\n<meta property=\"article:modified_time\" content=\"2026-03-24T09:16:42+00:00\" \/>\n<meta property=\"og:image\" content=\"https:\/\/www.labopolis.com\/wp-content\/uploads\/2023\/07\/73795_microscope-levenhuk-320-plus_00.jpg\" \/>\n\t<meta property=\"og:image:width\" content=\"1150\" \/>\n\t<meta property=\"og:image:height\" content=\"2000\" \/>\n\t<meta property=\"og:image:type\" content=\"image\/jpeg\" \/>\n<meta name=\"twitter:card\" content=\"summary_large_image\" \/>\n<meta name=\"twitter:site\" content=\"@Labopolis\" \/>\n<meta name=\"twitter:label1\" content=\"Dur\u00e9e de lecture estim\u00e9e\" \/>\n\t<meta name=\"twitter:data1\" content=\"2 minutes\" \/>\n<script type=\"application\/ld+json\" class=\"yoast-schema-graph\">{\"@context\":\"https:\/\/schema.org\",\"@graph\":[{\"@type\":\"WebPage\",\"@id\":\"https:\/\/www.labopolis.com\/producto\/microscopio-biologico-monocular-levenhuk-320-plus\/\",\"url\":\"https:\/\/www.labopolis.com\/producto\/microscopio-biologico-monocular-levenhuk-320-plus\/\",\"name\":\"Microscopio biol\u00f3gico monocular Levenhuk 320 PLUS - Labopolis\",\"isPartOf\":{\"@id\":\"https:\/\/www.labopolis.com\/#website\"},\"primaryImageOfPage\":{\"@id\":\"https:\/\/www.labopolis.com\/producto\/microscopio-biologico-monocular-levenhuk-320-plus\/#primaryimage\"},\"image\":{\"@id\":\"https:\/\/www.labopolis.com\/producto\/microscopio-biologico-monocular-levenhuk-320-plus\/#primaryimage\"},\"thumbnailUrl\":\"https:\/\/www.labopolis.com\/wp-content\/uploads\/2023\/07\/73795_microscope-levenhuk-320-plus_00.jpg\",\"datePublished\":\"2023-07-10T11:40:31+00:00\",\"dateModified\":\"2026-03-24T09:16:42+00:00\",\"description\":\"Microscopio biol\u00f3gico monocular Levenhuk 320 PLUS Caracter\u00edsticas: Cabezal monocular rotatorio, ampliaci\u00f3n: 40\u20131600x, lentes de gran angular acrom\u00e1ticos, iluminaci\u00f3n LED de 0,75 vatios con ajuste del brillo, alimentaci\u00f3n por corriente alterna o pilas recargables, el tiempo de carga de la pila es 10 horas aproximadamente. El kit incluye: Microscopio, objetivos acrom\u00e1ticos: 4x, 10x, 40x y 100x (inmersi\u00f3n en aceite), oculares de gran angular con puntero: WF10x y WF16x, filtros: azul, verde, amarillo, botella de aceite de inmersi\u00f3n, adaptador de CA, pilas AA recargables (3 unidades), cubierta protectora, manual de usuario y garant\u00eda de por vida.\",\"breadcrumb\":{\"@id\":\"https:\/\/www.labopolis.com\/producto\/microscopio-biologico-monocular-levenhuk-320-plus\/#breadcrumb\"},\"inLanguage\":\"fr-FR\",\"potentialAction\":[{\"@type\":\"ReadAction\",\"target\":[\"https:\/\/www.labopolis.com\/producto\/microscopio-biologico-monocular-levenhuk-320-plus\/\"]}]},{\"@type\":\"ImageObject\",\"inLanguage\":\"fr-FR\",\"@id\":\"https:\/\/www.labopolis.com\/producto\/microscopio-biologico-monocular-levenhuk-320-plus\/#primaryimage\",\"url\":\"https:\/\/www.labopolis.com\/wp-content\/uploads\/2023\/07\/73795_microscope-levenhuk-320-plus_00.jpg\",\"contentUrl\":\"https:\/\/www.labopolis.com\/wp-content\/uploads\/2023\/07\/73795_microscope-levenhuk-320-plus_00.jpg\",\"width\":1150,\"height\":2000,\"caption\":\"Producto\"},{\"@type\":\"BreadcrumbList\",\"@id\":\"https:\/\/www.labopolis.com\/producto\/microscopio-biologico-monocular-levenhuk-320-plus\/#breadcrumb\",\"itemListElement\":[{\"@type\":\"ListItem\",\"position\":1,\"name\":\"Portada\",\"item\":\"https:\/\/www.labopolis.com\/\"},{\"@type\":\"ListItem\",\"position\":2,\"name\":\"Productos\",\"item\":\"https:\/\/www.labopolis.com\/shop\/\"},{\"@type\":\"ListItem\",\"position\":3,\"name\":\"Microscopio biol\u00f3gico monocular Levenhuk 320 PLUS\"}]},{\"@type\":\"WebSite\",\"@id\":\"https:\/\/www.labopolis.com\/#website\",\"url\":\"https:\/\/www.labopolis.com\/\",\"name\":\"Labopolis\",\"description\":\"\",\"potentialAction\":[{\"@type\":\"SearchAction\",\"target\":{\"@type\":\"EntryPoint\",\"urlTemplate\":\"https:\/\/www.labopolis.com\/?s={search_term_string}\"},\"query-input\":{\"@type\":\"PropertyValueSpecification\",\"valueRequired\":true,\"valueName\":\"search_term_string\"}}],\"inLanguage\":\"fr-FR\"}]}<\/script>\n<!-- \/ Yoast SEO plugin. -->","yoast_head_json":{"title":"Microscopio biol\u00f3gico monocular Levenhuk 320 PLUS - Labopolis","description":"Microscopio biol\u00f3gico monocular Levenhuk 320 PLUS Caracter\u00edsticas: Cabezal monocular rotatorio, ampliaci\u00f3n: 40\u20131600x, lentes de gran angular acrom\u00e1ticos, iluminaci\u00f3n LED de 0,75 vatios con ajuste del brillo, alimentaci\u00f3n por corriente alterna o pilas recargables, el tiempo de carga de la pila es 10 horas aproximadamente.  El kit incluye: Microscopio, objetivos acrom\u00e1ticos: 4x, 10x, 40x y 100x (inmersi\u00f3n en aceite), oculares de gran angular con puntero: WF10x y WF16x, filtros: azul, verde, amarillo, botella de aceite de inmersi\u00f3n, adaptador de CA, pilas AA recargables (3 unidades), cubierta protectora, manual de usuario y garant\u00eda de por vida.","robots":{"index":"index","follow":"follow","max-snippet":"max-snippet:-1","max-image-preview":"max-image-preview:large","max-video-preview":"max-video-preview:-1"},"canonical":"https:\/\/www.labopolis.com\/fr\/produit\/microscopio-biologico-monocular-levenhuk-320-plus\/","og_locale":"fr_FR","og_type":"article","og_title":"Microscopio biol\u00f3gico monocular Levenhuk 320 PLUS - Labopolis","og_description":"Microscopio biol\u00f3gico monocular Levenhuk 320 PLUS Caracter\u00edsticas: Cabezal monocular rotatorio, ampliaci\u00f3n: 40\u20131600x, lentes de gran angular acrom\u00e1ticos, iluminaci\u00f3n LED de 0,75 vatios con ajuste del brillo, alimentaci\u00f3n por corriente alterna o pilas recargables, el tiempo de carga de la pila es 10 horas aproximadamente.  El kit incluye: Microscopio, objetivos acrom\u00e1ticos: 4x, 10x, 40x y 100x (inmersi\u00f3n en aceite), oculares de gran angular con puntero: WF10x y WF16x, filtros: azul, verde, amarillo, botella de aceite de inmersi\u00f3n, adaptador de CA, pilas AA recargables (3 unidades), cubierta protectora, manual de usuario y garant\u00eda de por vida.","og_url":"https:\/\/www.labopolis.com\/fr\/produit\/microscopio-biologico-monocular-levenhuk-320-plus\/","og_site_name":"Labopolis","article_publisher":"https:\/\/www.facebook.com\/profile.php?id=100063251679439","article_modified_time":"2026-03-24T09:16:42+00:00","og_image":[{"width":1150,"height":2000,"url":"https:\/\/www.labopolis.com\/wp-content\/uploads\/2023\/07\/73795_microscope-levenhuk-320-plus_00.jpg","type":"image\/jpeg"}],"twitter_card":"summary_large_image","twitter_site":"@Labopolis","twitter_misc":{"Dur\u00e9e de lecture estim\u00e9e":"2 minutes"},"schema":{"@context":"https:\/\/schema.org","@graph":[{"@type":"WebPage","@id":"https:\/\/www.labopolis.com\/producto\/microscopio-biologico-monocular-levenhuk-320-plus\/","url":"https:\/\/www.labopolis.com\/producto\/microscopio-biologico-monocular-levenhuk-320-plus\/","name":"Microscopio biol\u00f3gico monocular Levenhuk 320 PLUS - Labopolis","isPartOf":{"@id":"https:\/\/www.labopolis.com\/#website"},"primaryImageOfPage":{"@id":"https:\/\/www.labopolis.com\/producto\/microscopio-biologico-monocular-levenhuk-320-plus\/#primaryimage"},"image":{"@id":"https:\/\/www.labopolis.com\/producto\/microscopio-biologico-monocular-levenhuk-320-plus\/#primaryimage"},"thumbnailUrl":"https:\/\/www.labopolis.com\/wp-content\/uploads\/2023\/07\/73795_microscope-levenhuk-320-plus_00.jpg","datePublished":"2023-07-10T11:40:31+00:00","dateModified":"2026-03-24T09:16:42+00:00","description":"Microscopio biol\u00f3gico monocular Levenhuk 320 PLUS Caracter\u00edsticas: Cabezal monocular rotatorio, ampliaci\u00f3n: 40\u20131600x, lentes de gran angular acrom\u00e1ticos, iluminaci\u00f3n LED de 0,75 vatios con ajuste del brillo, alimentaci\u00f3n por corriente alterna o pilas recargables, el tiempo de carga de la pila es 10 horas aproximadamente. El kit incluye: Microscopio, objetivos acrom\u00e1ticos: 4x, 10x, 40x y 100x (inmersi\u00f3n en aceite), oculares de gran angular con puntero: WF10x y WF16x, filtros: azul, verde, amarillo, botella de aceite de inmersi\u00f3n, adaptador de CA, pilas AA recargables (3 unidades), cubierta protectora, manual de usuario y garant\u00eda de por vida.","breadcrumb":{"@id":"https:\/\/www.labopolis.com\/producto\/microscopio-biologico-monocular-levenhuk-320-plus\/#breadcrumb"},"inLanguage":"fr-FR","potentialAction":[{"@type":"ReadAction","target":["https:\/\/www.labopolis.com\/producto\/microscopio-biologico-monocular-levenhuk-320-plus\/"]}]},{"@type":"ImageObject","inLanguage":"fr-FR","@id":"https:\/\/www.labopolis.com\/producto\/microscopio-biologico-monocular-levenhuk-320-plus\/#primaryimage","url":"https:\/\/www.labopolis.com\/wp-content\/uploads\/2023\/07\/73795_microscope-levenhuk-320-plus_00.jpg","contentUrl":"https:\/\/www.labopolis.com\/wp-content\/uploads\/2023\/07\/73795_microscope-levenhuk-320-plus_00.jpg","width":1150,"height":2000,"caption":"Producto"},{"@type":"BreadcrumbList","@id":"https:\/\/www.labopolis.com\/producto\/microscopio-biologico-monocular-levenhuk-320-plus\/#breadcrumb","itemListElement":[{"@type":"ListItem","position":1,"name":"Portada","item":"https:\/\/www.labopolis.com\/"},{"@type":"ListItem","position":2,"name":"Productos","item":"https:\/\/www.labopolis.com\/shop\/"},{"@type":"ListItem","position":3,"name":"Microscopio biol\u00f3gico monocular Levenhuk 320 PLUS"}]},{"@type":"WebSite","@id":"https:\/\/www.labopolis.com\/#website","url":"https:\/\/www.labopolis.com\/","name":"Labopolis","description":"","potentialAction":[{"@type":"SearchAction","target":{"@type":"EntryPoint","urlTemplate":"https:\/\/www.labopolis.com\/?s={search_term_string}"},"query-input":{"@type":"PropertyValueSpecification","valueRequired":true,"valueName":"search_term_string"}}],"inLanguage":"fr-FR"}]}},"_links":{"self":[{"href":"https:\/\/www.labopolis.com\/fr\/wp-json\/wp\/v2\/product\/2699","targetHints":{"allow":["GET"]}}],"collection":[{"href":"https:\/\/www.labopolis.com\/fr\/wp-json\/wp\/v2\/product"}],"about":[{"href":"https:\/\/www.labopolis.com\/fr\/wp-json\/wp\/v2\/types\/product"}],"replies":[{"embeddable":true,"href":"https:\/\/www.labopolis.com\/fr\/wp-json\/wp\/v2\/comments?post=2699"}],"wp:featuredmedia":[{"embeddable":true,"href":"https:\/\/www.labopolis.com\/fr\/wp-json\/wp\/v2\/media\/2726"}],"wp:attachment":[{"href":"https:\/\/www.labopolis.com\/fr\/wp-json\/wp\/v2\/media?parent=2699"}],"wp:term":[{"taxonomy":"product_brand","embeddable":true,"href":"https:\/\/www.labopolis.com\/fr\/wp-json\/wp\/v2\/product_brand?post=2699"},{"taxonomy":"product_cat","embeddable":true,"href":"https:\/\/www.labopolis.com\/fr\/wp-json\/wp\/v2\/product_cat?post=2699"},{"taxonomy":"product_tag","embeddable":true,"href":"https:\/\/www.labopolis.com\/fr\/wp-json\/wp\/v2\/product_tag?post=2699"}],"curies":[{"name":"wp","href":"https:\/\/api.w.org\/{rel}","templated":true}]}}