{"id":2698,"date":"2023-07-10T11:40:31","date_gmt":"2023-07-10T11:40:31","guid":{"rendered":"https:\/\/www.labopolis.com\/?post_type=product&#038;p=2698"},"modified":"2026-03-24T09:22:13","modified_gmt":"2026-03-24T09:22:13","slug":"microscopio-digital-levenhuk-dtx-tv-lcd","status":"publish","type":"product","link":"https:\/\/www.labopolis.com\/fr\/produit\/microscopio-digital-levenhuk-dtx-tv-lcd\/","title":{"rendered":"Microscope num\u00e9rique Levenhuk DTX TV LCD"},"content":{"rendered":"<p>Levenhuk DTX TV LCD est un microscope num\u00e9rique dot\u00e9 d'un \u00e9cran LCD couleur et d'un appareil photo num\u00e9rique int\u00e9gr\u00e9 de 3 m\u00e9gapixels. Il permet d'observer des \u00e9chantillons, de prendre des photos et d'enregistrer des vid\u00e9os \u00e9ducatives sur le micro-monde. Ce microscope a trois modes de fonctionnement : l'observation, l'enregistrement sur une carte m\u00e9moire (incluse dans le kit) et la sortie d'images sur un \u00e9cran externe en ligne. Vous pouvez connecter le microscope \u00e0 presque tous les appareils modernes : t\u00e9l\u00e9viseur, ordinateur portable ou ordinateur. Le kit comprend trois c\u00e2bles diff\u00e9rents.<\/p>\n<p>L'objectif du microscope est en verre optique et transmet une image nette et claire. Le sch\u00e9ma optique permet un grossissement de 100x \u00e0 220x. Vous pouvez choisir le grossissement manuellement. Le bouton de mise au point est utilis\u00e9 pour la mise au point : vous pouvez d\u00e9placer le microscope le long de l'axe vertical en tournant le bouton de mise au point pour rapprocher ou \u00e9loigner l'objectif de la platine. La platine est \u00e9quip\u00e9e de r\u00e8gles de mesure ; vous pouvez fixer facilement les \u00e9chantillons \u00e0 l'aide des supports m\u00e9talliques de la platine. Le microscope est \u00e9quip\u00e9 d'un \u00e9clairage frontal \u00e0 LED dont la luminosit\u00e9 est facilement r\u00e9glable.<\/p>\n<p>Le Levenhuk DTX TV LCD utilise une t\u00e9l\u00e9commande. Elle ne permet pas d'acc\u00e9der \u00e0 toutes les fonctions du microscope, mais permet de prendre des photos et d'enregistrer des vid\u00e9os en appuyant sur quelques boutons. Gr\u00e2ce \u00e0 cette t\u00e9l\u00e9commande, vous n'avez pas besoin de toucher le microscope lorsque vous prenez des photos, ce qui vous \u00e9vite de modifier accidentellement les param\u00e8tres de mise au point par un mouvement involontaire. La configuration compl\u00e8te du microscope s'effectue \u00e0 l'aide des boutons situ\u00e9s sur le corps et du logiciel fourni dans le kit.<\/p>\n<p><strong>Caract\u00e9ristiques :<\/strong><\/p>\n<ul class=\"vikas-list-u\">\n<li>\u00c9cran LCD couleur de 2,4<\/li>\n<li>T\u00e9l\u00e9commande pour enregistrer des photos et des vid\u00e9os<\/li>\n<li>Sortie de l'image vers un \u00e9cran externe en ligne<\/li>\n<li>Appareil photo num\u00e9rique int\u00e9gr\u00e9 de 3 mpx<\/li>\n<li>Jusqu'\u00e0 90 minutes de travail autonome<\/li>\n<li>C\u00e2bles et logiciels requis dans le kit<\/li>\n<\/ul>\n<p><strong>Le kit comprend<\/strong><\/p>\n<ul class=\"vikas-list-u\">\n<li>Microscope num\u00e9rique Levenhuk DTX TV LCD<\/li>\n<li>Soutien<\/li>\n<li>Adaptateur<\/li>\n<li>Une t\u00e9l\u00e9commande pour enregistrer des photos et des vid\u00e9os<\/li>\n<li>C\u00e2ble HDMI<\/li>\n<li>C\u00e2ble USB<\/li>\n<li>C\u00e2ble TV<\/li>\n<li>Carte microSD de 4 Go<\/li>\n<li>CD logiciel<\/li>\n<li>Manuel d'instruction et garantie \u00e0 vie<\/li>\n<\/ul>\n<p><b>Recommandations pour l'utilisation du logiciel.<\/b><br \/>\nPour que le programme fonctionne correctement, lancez l'application install\u00e9e uniquement lorsque le microscope est connect\u00e9 au PC et pr\u00eat pour les observations.<\/p>\n<p>Le microscope num\u00e9rique Levenhuk DTX TV LCD n'est pas compatible avec les appareils photo num\u00e9riques externes.<\/p>","protected":false},"excerpt":{"rendered":"<p class=\"product-page-title\"><strong>Microscope num\u00e9rique Levenhuk DTX TV LCD<\/strong><\/p>\n<p><strong>Caract\u00e9ristiques : <\/strong>\u00c9cran LCD couleur de 2,4\u2033, t\u00e9l\u00e9commande pour enregistrer des photos et des vid\u00e9os, sortie d'image vers un \u00e9cran externe en ligne, appareil photo num\u00e9rique 3 mpx int\u00e9gr\u00e9, jusqu'\u00e0 90 min de travail autonome, c\u00e2bles et logiciel fournis dans le kit.<\/p>\n<p><strong>Le kit comprend <\/strong>Microscope num\u00e9rique Levenhuk DTX TV LCD, pied, adaptateur*, t\u00e9l\u00e9commande pour l'enregistrement de photos et de vid\u00e9os, c\u00e2ble HDMI, c\u00e2ble USB, c\u00e2ble TV, carte microSD de 4 Go, CD de logiciels, manuel d'instructions et garantie \u00e0 vie.<\/p>","protected":false},"featured_media":2724,"comment_status":"open","ping_status":"closed","template":"","meta":[],"product_brand":[],"product_cat":[23,160,165],"product_tag":[],"class_list":{"0":"post-2698","1":"product","2":"type-product","3":"status-publish","4":"has-post-thumbnail","6":"product_cat-laboratorio","7":"product_cat-microscopios","8":"product_cat-microscopios-educacion","10":"first","11":"instock","12":"taxable","13":"shipping-taxable","14":"purchasable","15":"product-type-simple"},"yoast_head":"<!-- This site is optimized with the Yoast SEO plugin v27.2 - https:\/\/yoast.com\/product\/yoast-seo-wordpress\/ -->\n<title>Microscopio digital Levenhuk DTX TV LCD - Labopolis<\/title>\n<meta name=\"description\" content=\"Microscopio digital Levenhuk DTX TV LCD Caracter\u00edsticas: Pantalla LCD a color de 2,4&quot;, mando a distancia para grabar fotos y v\u00eddeos, salida de imagen a una pantalla externa en l\u00ednea, c\u00e1mara digital 3 mpx incorporada, hasta 90 min de trabajo aut\u00f3nomo, cables y software necesarios en el kit.  El kit incluye: Microscopio digital Levenhuk DTX TV LCD, soporte, adaptador*, un mando a distancia para grabar fotos y v\u00eddeos, cable de HDMI, cable de USB, cable de TV, tarjeta microSD de 4 GB, CD de software, manual de instrucciones y garant\u00eda de por vida.\" \/>\n<meta name=\"robots\" content=\"index, follow, max-snippet:-1, max-image-preview:large, max-video-preview:-1\" \/>\n<link rel=\"canonical\" href=\"https:\/\/www.labopolis.com\/fr\/produit\/microscopio-digital-levenhuk-dtx-tv-lcd\/\" \/>\n<meta property=\"og:locale\" content=\"fr_FR\" \/>\n<meta property=\"og:type\" content=\"article\" \/>\n<meta property=\"og:title\" content=\"Microscopio digital Levenhuk DTX TV LCD - Labopolis\" \/>\n<meta property=\"og:description\" content=\"Microscopio digital Levenhuk DTX TV LCD Caracter\u00edsticas: Pantalla LCD a color de 2,4&quot;, mando a distancia para grabar fotos y v\u00eddeos, salida de imagen a una pantalla externa en l\u00ednea, c\u00e1mara digital 3 mpx incorporada, hasta 90 min de trabajo aut\u00f3nomo, cables y software necesarios en el kit.  El kit incluye: Microscopio digital Levenhuk DTX TV LCD, soporte, adaptador*, un mando a distancia para grabar fotos y v\u00eddeos, cable de HDMI, cable de USB, cable de TV, tarjeta microSD de 4 GB, CD de software, manual de instrucciones y garant\u00eda de por vida.\" \/>\n<meta property=\"og:url\" content=\"https:\/\/www.labopolis.com\/fr\/produit\/microscopio-digital-levenhuk-dtx-tv-lcd\/\" \/>\n<meta property=\"og:site_name\" content=\"Labopolis\" \/>\n<meta property=\"article:publisher\" content=\"https:\/\/www.facebook.com\/profile.php?id=100063251679439\" \/>\n<meta property=\"article:modified_time\" content=\"2026-03-24T09:22:13+00:00\" \/>\n<meta property=\"og:image\" content=\"https:\/\/www.labopolis.com\/wp-content\/uploads\/2023\/07\/levenhuk-digital-microscope-dtx-tv-lcd.jpg\" \/>\n\t<meta property=\"og:image:width\" content=\"771\" \/>\n\t<meta property=\"og:image:height\" content=\"1000\" \/>\n\t<meta property=\"og:image:type\" content=\"image\/jpeg\" \/>\n<meta name=\"twitter:card\" content=\"summary_large_image\" \/>\n<meta name=\"twitter:site\" content=\"@Labopolis\" \/>\n<meta name=\"twitter:label1\" content=\"Dur\u00e9e de lecture estim\u00e9e\" \/>\n\t<meta name=\"twitter:data1\" content=\"2 minutes\" \/>\n<script type=\"application\/ld+json\" class=\"yoast-schema-graph\">{\"@context\":\"https:\/\/schema.org\",\"@graph\":[{\"@type\":\"WebPage\",\"@id\":\"https:\/\/www.labopolis.com\/producto\/microscopio-digital-levenhuk-dtx-tv-lcd\/\",\"url\":\"https:\/\/www.labopolis.com\/producto\/microscopio-digital-levenhuk-dtx-tv-lcd\/\",\"name\":\"Microscopio digital Levenhuk DTX TV LCD - Labopolis\",\"isPartOf\":{\"@id\":\"https:\/\/www.labopolis.com\/#website\"},\"primaryImageOfPage\":{\"@id\":\"https:\/\/www.labopolis.com\/producto\/microscopio-digital-levenhuk-dtx-tv-lcd\/#primaryimage\"},\"image\":{\"@id\":\"https:\/\/www.labopolis.com\/producto\/microscopio-digital-levenhuk-dtx-tv-lcd\/#primaryimage\"},\"thumbnailUrl\":\"https:\/\/www.labopolis.com\/wp-content\/uploads\/2023\/07\/levenhuk-digital-microscope-dtx-tv-lcd.jpg\",\"datePublished\":\"2023-07-10T11:40:31+00:00\",\"dateModified\":\"2026-03-24T09:22:13+00:00\",\"description\":\"Microscopio digital Levenhuk DTX TV LCD Caracter\u00edsticas: Pantalla LCD a color de 2,4\\\", mando a distancia para grabar fotos y v\u00eddeos, salida de imagen a una pantalla externa en l\u00ednea, c\u00e1mara digital 3 mpx incorporada, hasta 90 min de trabajo aut\u00f3nomo, cables y software necesarios en el kit. El kit incluye: Microscopio digital Levenhuk DTX TV LCD, soporte, adaptador*, un mando a distancia para grabar fotos y v\u00eddeos, cable de HDMI, cable de USB, cable de TV, tarjeta microSD de 4 GB, CD de software, manual de instrucciones y garant\u00eda de por vida.\",\"breadcrumb\":{\"@id\":\"https:\/\/www.labopolis.com\/producto\/microscopio-digital-levenhuk-dtx-tv-lcd\/#breadcrumb\"},\"inLanguage\":\"fr-FR\",\"potentialAction\":[{\"@type\":\"ReadAction\",\"target\":[\"https:\/\/www.labopolis.com\/producto\/microscopio-digital-levenhuk-dtx-tv-lcd\/\"]}]},{\"@type\":\"ImageObject\",\"inLanguage\":\"fr-FR\",\"@id\":\"https:\/\/www.labopolis.com\/producto\/microscopio-digital-levenhuk-dtx-tv-lcd\/#primaryimage\",\"url\":\"https:\/\/www.labopolis.com\/wp-content\/uploads\/2023\/07\/levenhuk-digital-microscope-dtx-tv-lcd.jpg\",\"contentUrl\":\"https:\/\/www.labopolis.com\/wp-content\/uploads\/2023\/07\/levenhuk-digital-microscope-dtx-tv-lcd.jpg\",\"width\":771,\"height\":1000,\"caption\":\"Producto\"},{\"@type\":\"BreadcrumbList\",\"@id\":\"https:\/\/www.labopolis.com\/producto\/microscopio-digital-levenhuk-dtx-tv-lcd\/#breadcrumb\",\"itemListElement\":[{\"@type\":\"ListItem\",\"position\":1,\"name\":\"Portada\",\"item\":\"https:\/\/www.labopolis.com\/\"},{\"@type\":\"ListItem\",\"position\":2,\"name\":\"Productos\",\"item\":\"https:\/\/www.labopolis.com\/shop\/\"},{\"@type\":\"ListItem\",\"position\":3,\"name\":\"Microscopio digital Levenhuk DTX TV LCD\"}]},{\"@type\":\"WebSite\",\"@id\":\"https:\/\/www.labopolis.com\/#website\",\"url\":\"https:\/\/www.labopolis.com\/\",\"name\":\"Labopolis\",\"description\":\"\",\"potentialAction\":[{\"@type\":\"SearchAction\",\"target\":{\"@type\":\"EntryPoint\",\"urlTemplate\":\"https:\/\/www.labopolis.com\/?s={search_term_string}\"},\"query-input\":{\"@type\":\"PropertyValueSpecification\",\"valueRequired\":true,\"valueName\":\"search_term_string\"}}],\"inLanguage\":\"fr-FR\"}]}<\/script>\n<!-- \/ Yoast SEO plugin. -->","yoast_head_json":{"title":"Microscope num\u00e9rique Levenhuk DTX TV LCD - Labopolis","description":"Microscope num\u00e9rique Levenhuk DTX TV LCD Caract\u00e9ristiques : \u00e9cran LCD couleur de 2,4 pouces, t\u00e9l\u00e9commande pour enregistrer des photos et des vid\u00e9os, sortie d'images vers un \u00e9cran externe en ligne, appareil photo num\u00e9rique 3 mpx int\u00e9gr\u00e9, jusqu'\u00e0 90 minutes de fonctionnement autonome, c\u00e2bles et logiciel fournis dans le kit.  Le kit comprend : microscope num\u00e9rique Levenhuk DTX TV LCD, pied, adaptateur*, t\u00e9l\u00e9commande pour l'enregistrement de photos et de vid\u00e9os, c\u00e2ble HDMI, c\u00e2ble USB, c\u00e2ble TV, carte microSD de 4 Go, CD de logiciels, manuel d'instructions et garantie \u00e0 vie.","robots":{"index":"index","follow":"follow","max-snippet":"max-snippet:-1","max-image-preview":"max-image-preview:large","max-video-preview":"max-video-preview:-1"},"canonical":"https:\/\/www.labopolis.com\/fr\/produit\/microscopio-digital-levenhuk-dtx-tv-lcd\/","og_locale":"fr_FR","og_type":"article","og_title":"Microscopio digital Levenhuk DTX TV LCD - Labopolis","og_description":"Microscopio digital Levenhuk DTX TV LCD Caracter\u00edsticas: Pantalla LCD a color de 2,4\", mando a distancia para grabar fotos y v\u00eddeos, salida de imagen a una pantalla externa en l\u00ednea, c\u00e1mara digital 3 mpx incorporada, hasta 90 min de trabajo aut\u00f3nomo, cables y software necesarios en el kit.  El kit incluye: Microscopio digital Levenhuk DTX TV LCD, soporte, adaptador*, un mando a distancia para grabar fotos y v\u00eddeos, cable de HDMI, cable de USB, cable de TV, tarjeta microSD de 4 GB, CD de software, manual de instrucciones y garant\u00eda de por vida.","og_url":"https:\/\/www.labopolis.com\/fr\/produit\/microscopio-digital-levenhuk-dtx-tv-lcd\/","og_site_name":"Labopolis","article_publisher":"https:\/\/www.facebook.com\/profile.php?id=100063251679439","article_modified_time":"2026-03-24T09:22:13+00:00","og_image":[{"width":771,"height":1000,"url":"https:\/\/www.labopolis.com\/wp-content\/uploads\/2023\/07\/levenhuk-digital-microscope-dtx-tv-lcd.jpg","type":"image\/jpeg"}],"twitter_card":"summary_large_image","twitter_site":"@Labopolis","twitter_misc":{"Dur\u00e9e de lecture estim\u00e9e":"2 minutes"},"schema":{"@context":"https:\/\/schema.org","@graph":[{"@type":"WebPage","@id":"https:\/\/www.labopolis.com\/producto\/microscopio-digital-levenhuk-dtx-tv-lcd\/","url":"https:\/\/www.labopolis.com\/producto\/microscopio-digital-levenhuk-dtx-tv-lcd\/","name":"Microscope num\u00e9rique Levenhuk DTX TV LCD - Labopolis","isPartOf":{"@id":"https:\/\/www.labopolis.com\/#website"},"primaryImageOfPage":{"@id":"https:\/\/www.labopolis.com\/producto\/microscopio-digital-levenhuk-dtx-tv-lcd\/#primaryimage"},"image":{"@id":"https:\/\/www.labopolis.com\/producto\/microscopio-digital-levenhuk-dtx-tv-lcd\/#primaryimage"},"thumbnailUrl":"https:\/\/www.labopolis.com\/wp-content\/uploads\/2023\/07\/levenhuk-digital-microscope-dtx-tv-lcd.jpg","datePublished":"2023-07-10T11:40:31+00:00","dateModified":"2026-03-24T09:22:13+00:00","description":"Microscope num\u00e9rique Levenhuk DTX TV LCD Caract\u00e9ristiques : \u00e9cran LCD couleur de 2,4 pouces, t\u00e9l\u00e9commande pour enregistrer des photos et des vid\u00e9os, sortie d'images vers un \u00e9cran externe en ligne, appareil photo num\u00e9rique 3 mpx int\u00e9gr\u00e9, jusqu'\u00e0 90 minutes de fonctionnement autonome, c\u00e2bles et logiciel fournis dans le kit. Le kit comprend : microscope num\u00e9rique Levenhuk DTX TV LCD, pied, adaptateur*, t\u00e9l\u00e9commande pour l'enregistrement de photos et de vid\u00e9os, c\u00e2ble HDMI, c\u00e2ble USB, c\u00e2ble TV, carte microSD de 4 Go, CD de logiciels, manuel d'instructions et garantie \u00e0 vie.","breadcrumb":{"@id":"https:\/\/www.labopolis.com\/producto\/microscopio-digital-levenhuk-dtx-tv-lcd\/#breadcrumb"},"inLanguage":"fr-FR","potentialAction":[{"@type":"ReadAction","target":["https:\/\/www.labopolis.com\/producto\/microscopio-digital-levenhuk-dtx-tv-lcd\/"]}]},{"@type":"ImageObject","inLanguage":"fr-FR","@id":"https:\/\/www.labopolis.com\/producto\/microscopio-digital-levenhuk-dtx-tv-lcd\/#primaryimage","url":"https:\/\/www.labopolis.com\/wp-content\/uploads\/2023\/07\/levenhuk-digital-microscope-dtx-tv-lcd.jpg","contentUrl":"https:\/\/www.labopolis.com\/wp-content\/uploads\/2023\/07\/levenhuk-digital-microscope-dtx-tv-lcd.jpg","width":771,"height":1000,"caption":"Producto"},{"@type":"BreadcrumbList","@id":"https:\/\/www.labopolis.com\/producto\/microscopio-digital-levenhuk-dtx-tv-lcd\/#breadcrumb","itemListElement":[{"@type":"ListItem","position":1,"name":"Portada","item":"https:\/\/www.labopolis.com\/"},{"@type":"ListItem","position":2,"name":"Productos","item":"https:\/\/www.labopolis.com\/shop\/"},{"@type":"ListItem","position":3,"name":"Microscopio digital Levenhuk DTX TV LCD"}]},{"@type":"WebSite","@id":"https:\/\/www.labopolis.com\/#website","url":"https:\/\/www.labopolis.com\/","name":"Labopolis","description":"","potentialAction":[{"@type":"SearchAction","target":{"@type":"EntryPoint","urlTemplate":"https:\/\/www.labopolis.com\/?s={search_term_string}"},"query-input":{"@type":"PropertyValueSpecification","valueRequired":true,"valueName":"search_term_string"}}],"inLanguage":"fr-FR"}]}},"_links":{"self":[{"href":"https:\/\/www.labopolis.com\/fr\/wp-json\/wp\/v2\/product\/2698","targetHints":{"allow":["GET"]}}],"collection":[{"href":"https:\/\/www.labopolis.com\/fr\/wp-json\/wp\/v2\/product"}],"about":[{"href":"https:\/\/www.labopolis.com\/fr\/wp-json\/wp\/v2\/types\/product"}],"replies":[{"embeddable":true,"href":"https:\/\/www.labopolis.com\/fr\/wp-json\/wp\/v2\/comments?post=2698"}],"wp:featuredmedia":[{"embeddable":true,"href":"https:\/\/www.labopolis.com\/fr\/wp-json\/wp\/v2\/media\/2724"}],"wp:attachment":[{"href":"https:\/\/www.labopolis.com\/fr\/wp-json\/wp\/v2\/media?parent=2698"}],"wp:term":[{"taxonomy":"product_brand","embeddable":true,"href":"https:\/\/www.labopolis.com\/fr\/wp-json\/wp\/v2\/product_brand?post=2698"},{"taxonomy":"product_cat","embeddable":true,"href":"https:\/\/www.labopolis.com\/fr\/wp-json\/wp\/v2\/product_cat?post=2698"},{"taxonomy":"product_tag","embeddable":true,"href":"https:\/\/www.labopolis.com\/fr\/wp-json\/wp\/v2\/product_tag?post=2698"}],"curies":[{"name":"wp","href":"https:\/\/api.w.org\/{rel}","templated":true}]}}