{"id":2694,"date":"2023-07-10T11:40:31","date_gmt":"2023-07-10T11:40:31","guid":{"rendered":"https:\/\/www.labopolis.com\/?post_type=product&#038;p=2694"},"modified":"2025-04-30T12:32:57","modified_gmt":"2025-04-30T12:32:57","slug":"microscopio-digital-levenhuk-dtx-30","status":"publish","type":"product","link":"https:\/\/www.labopolis.com\/fr\/produit\/microscopio-digital-levenhuk-dtx-30\/","title":{"rendered":"Microscope num\u00e9rique Levenhuk DTX 30"},"content":{"rendered":"<p>Le microscope num\u00e9rique Levenhuk DTX 30 est un microscope num\u00e9rique USB moderne qui offre un grossissement de 20 \u00e0 230x et est \u00e9quip\u00e9 d'une cam\u00e9ra de 2 Mpx qui permet de prendre des photos et d'enregistrer des vid\u00e9os des \u00e9chantillons observ\u00e9s. Ce mod\u00e8le peut \u00eatre utilis\u00e9 dans de nombreux domaines : \u00e9lectronique, bijouterie, biologie, zoologie, etc.<\/p>\n<p>Le microscope est connect\u00e9 \u00e0 un PC ou un ordinateur portable via un c\u00e2ble USB 2.0 standard. L'observation des \u00e9chantillons et l'\u00e9dition des images captur\u00e9es s'effectuent \u00e0 l'aide du logiciel de traitement facile \u00e0 utiliser inclus dans le kit. Ce logiciel pr\u00e9sente une interface intuitive : la barre d'outils principale comporte des boutons permettant d'\u00e9diter des images et des vid\u00e9os, d'imprimer des images, d'enregistrer des projets sur le disque dur et bien d'autres fonctions. Le programme comprend \u00e9galement des fonctions de mesure et d'\u00e9talonnage qui vous permettent de d\u00e9terminer la longueur, le p\u00e9rim\u00e8tre, le rayon ou le diam\u00e8tre des \u00e9chantillons observ\u00e9s, ainsi que de mesurer diff\u00e9rents angles.<\/p>\n<p>Le Levenhuk DTX 30 est tr\u00e8s facile \u00e0 utiliser et ne n\u00e9cessite aucune connaissance ou comp\u00e9tence particuli\u00e8re. Gr\u00e2ce \u00e0 sa taille compacte, ce microscope convient parfaitement \u00e0 un usage domestique. Pour un travail encore plus efficace, il est recommand\u00e9 de monter le microscope sur un tr\u00e9pied (inclus dans le kit).<\/p>\n<p>Le corps du microscope est renforc\u00e9 par du caoutchouc, ce qui le rend agr\u00e9able au toucher et facile \u00e0 tenir, l'emp\u00eachant de glisser des mains.<\/p>\n<p><b>Caract\u00e9ristiques :<\/b><\/p>\n<ul class=\"vikas-list-u\">\n<li>Microscope num\u00e9rique USB<\/li>\n<li>8 LED blanches \u00e0 luminosit\u00e9 r\u00e9glable<\/li>\n<li>Observations en temps r\u00e9el sur l'\u00e9cran de votre PC<\/li>\n<li>Possibilit\u00e9 de prendre des photos et des vid\u00e9os<\/li>\n<li>Inclut un logiciel sp\u00e9cial pour mesurer les distances lin\u00e9aires, les surfaces, les angles et les rayons des \u00e9chantillons \u00e9tudi\u00e9s.<\/li>\n<li>Large \u00e9ventail d'applications<\/li>\n<li>Facilit\u00e9 d'utilisation<\/li>\n<li>Compatible avec Windows 7\/8\/10, Mac 10.6~10.15<\/li>\n<\/ul>\n<p><b>Le kit comprend<\/b><\/p>\n<ul class=\"vikas-list-u\">\n<li>Microscope num\u00e9rique Levenhuk DTX 30<\/li>\n<li>Tr\u00e9pied<\/li>\n<li>Capuchon de protection en plastique pour l'objectif<\/li>\n<li>CD d'installation<\/li>\n<li>C\u00e2ble USB<\/li>\n<li>Manuel d'instruction et garantie \u00e0 vie<\/li>\n<\/ul>\n<p><b>Recommandations pour l'utilisation du logiciel.<\/b><br \/>\nPour que le programme fonctionne correctement, lancez l'application install\u00e9e uniquement lorsque le microscope est connect\u00e9 au PC et pr\u00eat pour les observations.<\/p>\n<p>Le microscope num\u00e9rique Levenhuk DTX 30 n'est pas compatible avec les appareils photo num\u00e9riques externes.<\/p>","protected":false},"excerpt":{"rendered":"<p class=\"product-page-title\"><strong>Microscope num\u00e9rique Levenhuk DTX 30<\/strong><\/p>\n<p><b>Caract\u00e9ristiques : <\/b>Microscope num\u00e9rique USB, 8 LED blanches \u00e0 luminosit\u00e9 r\u00e9glable, observations en temps r\u00e9el sur l'\u00e9cran de votre PC, possibilit\u00e9 de prendre des photos et des vid\u00e9os, inclut un logiciel sp\u00e9cial pour mesurer les distances lin\u00e9aires, les surfaces, les angles et les rayons des \u00e9chantillons \u00e9tudi\u00e9s, large gamme d'applications, facile \u00e0 utiliser, compatible avec Windows 7\/8\/10, Mac 10.6~10.15.<\/p>\n<p><b>Le kit comprend <\/b>Microscope num\u00e9rique Levenhuk DTX 30, tr\u00e9pied, cache-objectif en plastique, CD d'installation, c\u00e2ble USB, manuel d'instructions et garantie \u00e0 vie.<\/p>","protected":false},"featured_media":2716,"comment_status":"open","ping_status":"closed","template":"","meta":[],"product_brand":[],"product_cat":[23,160,165],"product_tag":[],"class_list":{"0":"post-2694","1":"product","2":"type-product","3":"status-publish","4":"has-post-thumbnail","6":"product_cat-laboratorio","7":"product_cat-microscopios","8":"product_cat-microscopios-educacion","10":"first","11":"instock","12":"taxable","13":"shipping-taxable","14":"purchasable","15":"product-type-simple"},"yoast_head":"<!-- This site is optimized with the Yoast SEO plugin v27.2 - https:\/\/yoast.com\/product\/yoast-seo-wordpress\/ -->\n<title>Microscopio digital Levenhuk DTX 30 - Labopolis<\/title>\n<meta name=\"description\" content=\"Microscopio digital Levenhuk DTX 30 Caracter\u00edsticas: Microscopio digital USB, 8 LEDs blancos con brillo ajustable, observaciones en tiempo real en la pantalla de su PC, posibilidad de tomar fotos y v\u00eddeos, incluye un software especial para medir distancias lineares, \u00e1reas, \u00e1ngulos y radios de muestras estudiadas, amplio rango de aplicaciones, facilidad de uso, compatible con Windows 7\/8\/10, Mac 10.6~10.15.  El kit incluye: Microscopio digital Levenhuk DTX 30, tr\u00edpode, tapa protectora de pl\u00e1stico para la lente del objetivo, CD de instalaci\u00f3n, cable USB, manual de instrucciones y garant\u00eda de por vida.\" \/>\n<meta name=\"robots\" content=\"index, follow, max-snippet:-1, max-image-preview:large, max-video-preview:-1\" \/>\n<link rel=\"canonical\" href=\"https:\/\/www.labopolis.com\/fr\/produit\/microscopio-digital-levenhuk-dtx-30\/\" \/>\n<meta property=\"og:locale\" content=\"fr_FR\" \/>\n<meta property=\"og:type\" content=\"article\" \/>\n<meta property=\"og:title\" content=\"Microscopio digital Levenhuk DTX 30 - Labopolis\" \/>\n<meta property=\"og:description\" content=\"Microscopio digital Levenhuk DTX 30 Caracter\u00edsticas: Microscopio digital USB, 8 LEDs blancos con brillo ajustable, observaciones en tiempo real en la pantalla de su PC, posibilidad de tomar fotos y v\u00eddeos, incluye un software especial para medir distancias lineares, \u00e1reas, \u00e1ngulos y radios de muestras estudiadas, amplio rango de aplicaciones, facilidad de uso, compatible con Windows 7\/8\/10, Mac 10.6~10.15.  El kit incluye: Microscopio digital Levenhuk DTX 30, tr\u00edpode, tapa protectora de pl\u00e1stico para la lente del objetivo, CD de instalaci\u00f3n, cable USB, manual de instrucciones y garant\u00eda de por vida.\" \/>\n<meta property=\"og:url\" content=\"https:\/\/www.labopolis.com\/fr\/produit\/microscopio-digital-levenhuk-dtx-30\/\" \/>\n<meta property=\"og:site_name\" content=\"Labopolis\" \/>\n<meta property=\"article:publisher\" content=\"https:\/\/www.facebook.com\/profile.php?id=100063251679439\" \/>\n<meta property=\"article:modified_time\" content=\"2025-04-30T12:32:57+00:00\" \/>\n<meta property=\"og:image\" content=\"https:\/\/www.labopolis.com\/wp-content\/uploads\/2023\/07\/levenhuk-microscope-dtx-30.jpg\" \/>\n\t<meta property=\"og:image:width\" content=\"1000\" \/>\n\t<meta property=\"og:image:height\" content=\"867\" \/>\n\t<meta property=\"og:image:type\" content=\"image\/jpeg\" \/>\n<meta name=\"twitter:card\" content=\"summary_large_image\" \/>\n<meta name=\"twitter:site\" content=\"@Labopolis\" \/>\n<meta name=\"twitter:label1\" content=\"Dur\u00e9e de lecture estim\u00e9e\" \/>\n\t<meta name=\"twitter:data1\" content=\"2 minutes\" \/>\n<script type=\"application\/ld+json\" class=\"yoast-schema-graph\">{\"@context\":\"https:\/\/schema.org\",\"@graph\":[{\"@type\":\"WebPage\",\"@id\":\"https:\/\/www.labopolis.com\/producto\/microscopio-digital-levenhuk-dtx-30\/\",\"url\":\"https:\/\/www.labopolis.com\/producto\/microscopio-digital-levenhuk-dtx-30\/\",\"name\":\"Microscopio digital Levenhuk DTX 30 - Labopolis\",\"isPartOf\":{\"@id\":\"https:\/\/www.labopolis.com\/#website\"},\"primaryImageOfPage\":{\"@id\":\"https:\/\/www.labopolis.com\/producto\/microscopio-digital-levenhuk-dtx-30\/#primaryimage\"},\"image\":{\"@id\":\"https:\/\/www.labopolis.com\/producto\/microscopio-digital-levenhuk-dtx-30\/#primaryimage\"},\"thumbnailUrl\":\"https:\/\/www.labopolis.com\/wp-content\/uploads\/2023\/07\/levenhuk-microscope-dtx-30.jpg\",\"datePublished\":\"2023-07-10T11:40:31+00:00\",\"dateModified\":\"2025-04-30T12:32:57+00:00\",\"description\":\"Microscopio digital Levenhuk DTX 30 Caracter\u00edsticas: Microscopio digital USB, 8 LEDs blancos con brillo ajustable, observaciones en tiempo real en la pantalla de su PC, posibilidad de tomar fotos y v\u00eddeos, incluye un software especial para medir distancias lineares, \u00e1reas, \u00e1ngulos y radios de muestras estudiadas, amplio rango de aplicaciones, facilidad de uso, compatible con Windows 7\/8\/10, Mac 10.6~10.15. El kit incluye: Microscopio digital Levenhuk DTX 30, tr\u00edpode, tapa protectora de pl\u00e1stico para la lente del objetivo, CD de instalaci\u00f3n, cable USB, manual de instrucciones y garant\u00eda de por vida.\",\"breadcrumb\":{\"@id\":\"https:\/\/www.labopolis.com\/producto\/microscopio-digital-levenhuk-dtx-30\/#breadcrumb\"},\"inLanguage\":\"fr-FR\",\"potentialAction\":[{\"@type\":\"ReadAction\",\"target\":[\"https:\/\/www.labopolis.com\/producto\/microscopio-digital-levenhuk-dtx-30\/\"]}]},{\"@type\":\"ImageObject\",\"inLanguage\":\"fr-FR\",\"@id\":\"https:\/\/www.labopolis.com\/producto\/microscopio-digital-levenhuk-dtx-30\/#primaryimage\",\"url\":\"https:\/\/www.labopolis.com\/wp-content\/uploads\/2023\/07\/levenhuk-microscope-dtx-30.jpg\",\"contentUrl\":\"https:\/\/www.labopolis.com\/wp-content\/uploads\/2023\/07\/levenhuk-microscope-dtx-30.jpg\",\"width\":1000,\"height\":867,\"caption\":\"Producto\"},{\"@type\":\"BreadcrumbList\",\"@id\":\"https:\/\/www.labopolis.com\/producto\/microscopio-digital-levenhuk-dtx-30\/#breadcrumb\",\"itemListElement\":[{\"@type\":\"ListItem\",\"position\":1,\"name\":\"Portada\",\"item\":\"https:\/\/www.labopolis.com\/\"},{\"@type\":\"ListItem\",\"position\":2,\"name\":\"Productos\",\"item\":\"https:\/\/www.labopolis.com\/shop\/\"},{\"@type\":\"ListItem\",\"position\":3,\"name\":\"Microscopio digital Levenhuk DTX 30\"}]},{\"@type\":\"WebSite\",\"@id\":\"https:\/\/www.labopolis.com\/#website\",\"url\":\"https:\/\/www.labopolis.com\/\",\"name\":\"Labopolis\",\"description\":\"\",\"potentialAction\":[{\"@type\":\"SearchAction\",\"target\":{\"@type\":\"EntryPoint\",\"urlTemplate\":\"https:\/\/www.labopolis.com\/?s={search_term_string}\"},\"query-input\":{\"@type\":\"PropertyValueSpecification\",\"valueRequired\":true,\"valueName\":\"search_term_string\"}}],\"inLanguage\":\"fr-FR\"}]}<\/script>\n<!-- \/ Yoast SEO plugin. -->","yoast_head_json":{"title":"Microscope num\u00e9rique Levenhuk DTX 30 - Labopolis","description":"Microscope num\u00e9rique Levenhuk DTX 30 Caract\u00e9ristiques\u00a0: Microscope num\u00e9rique USB, 8 LED blanches avec luminosit\u00e9 r\u00e9glable, observations en temps r\u00e9el sur l'\u00e9cran de votre PC, possibilit\u00e9 de prendre des photos et des vid\u00e9os, inclut un logiciel sp\u00e9cial pour mesurer les distances lin\u00e9aires, les surfaces, les angles et les rayons des \u00e9chantillons \u00e9tudi\u00e9s, large gamme d'applications, facilit\u00e9 d'utilisation, compatible avec Windows 7\/8\/10, Mac 10.6~10.15. Le kit comprend\u00a0: Microscope num\u00e9rique Levenhuk DTX 30, tr\u00e9pied, capuchon de protection en plastique pour l'objectif, CD d'installation, c\u00e2ble USB, manuel d'instructions et garantie \u00e0 vie.","robots":{"index":"index","follow":"follow","max-snippet":"max-snippet:-1","max-image-preview":"max-image-preview:large","max-video-preview":"max-video-preview:-1"},"canonical":"https:\/\/www.labopolis.com\/fr\/produit\/microscopio-digital-levenhuk-dtx-30\/","og_locale":"fr_FR","og_type":"article","og_title":"Microscopio digital Levenhuk DTX 30 - Labopolis","og_description":"Microscopio digital Levenhuk DTX 30 Caracter\u00edsticas: Microscopio digital USB, 8 LEDs blancos con brillo ajustable, observaciones en tiempo real en la pantalla de su PC, posibilidad de tomar fotos y v\u00eddeos, incluye un software especial para medir distancias lineares, \u00e1reas, \u00e1ngulos y radios de muestras estudiadas, amplio rango de aplicaciones, facilidad de uso, compatible con Windows 7\/8\/10, Mac 10.6~10.15.  El kit incluye: Microscopio digital Levenhuk DTX 30, tr\u00edpode, tapa protectora de pl\u00e1stico para la lente del objetivo, CD de instalaci\u00f3n, cable USB, manual de instrucciones y garant\u00eda de por vida.","og_url":"https:\/\/www.labopolis.com\/fr\/produit\/microscopio-digital-levenhuk-dtx-30\/","og_site_name":"Labopolis","article_publisher":"https:\/\/www.facebook.com\/profile.php?id=100063251679439","article_modified_time":"2025-04-30T12:32:57+00:00","og_image":[{"width":1000,"height":867,"url":"https:\/\/www.labopolis.com\/wp-content\/uploads\/2023\/07\/levenhuk-microscope-dtx-30.jpg","type":"image\/jpeg"}],"twitter_card":"summary_large_image","twitter_site":"@Labopolis","twitter_misc":{"Dur\u00e9e de lecture estim\u00e9e":"2 minutes"},"schema":{"@context":"https:\/\/schema.org","@graph":[{"@type":"WebPage","@id":"https:\/\/www.labopolis.com\/producto\/microscopio-digital-levenhuk-dtx-30\/","url":"https:\/\/www.labopolis.com\/producto\/microscopio-digital-levenhuk-dtx-30\/","name":"Microscope num\u00e9rique Levenhuk DTX 30 - Labopolis","isPartOf":{"@id":"https:\/\/www.labopolis.com\/#website"},"primaryImageOfPage":{"@id":"https:\/\/www.labopolis.com\/producto\/microscopio-digital-levenhuk-dtx-30\/#primaryimage"},"image":{"@id":"https:\/\/www.labopolis.com\/producto\/microscopio-digital-levenhuk-dtx-30\/#primaryimage"},"thumbnailUrl":"https:\/\/www.labopolis.com\/wp-content\/uploads\/2023\/07\/levenhuk-microscope-dtx-30.jpg","datePublished":"2023-07-10T11:40:31+00:00","dateModified":"2025-04-30T12:32:57+00:00","description":"Microscope num\u00e9rique Levenhuk DTX 30 Caract\u00e9ristiques : Microscope num\u00e9rique USB, 8 LED blanches avec luminosit\u00e9 r\u00e9glable, observations en temps r\u00e9el sur l'\u00e9cran de votre PC, possibilit\u00e9 de prendre des photos et des vid\u00e9os, comprend un logiciel sp\u00e9cial pour mesurer les distances lin\u00e9aires, les aires, les angles et les rayons des \u00e9chantillons \u00e9tudi\u00e9s, large gamme d'applications, facilit\u00e9 d'utilisation, compatible avec Windows 7\/8\/10, Mac 10.6~10.15. Le kit comprend : Microscope num\u00e9rique Levenhuk DTX 30, tr\u00e9pied, capuchon de protection en plastique pour l'objectif, CD d'installation, c\u00e2ble USB, manuel d'instructions et garantie \u00e0 vie.","breadcrumb":{"@id":"https:\/\/www.labopolis.com\/producto\/microscopio-digital-levenhuk-dtx-30\/#breadcrumb"},"inLanguage":"fr-FR","potentialAction":[{"@type":"ReadAction","target":["https:\/\/www.labopolis.com\/producto\/microscopio-digital-levenhuk-dtx-30\/"]}]},{"@type":"ImageObject","inLanguage":"fr-FR","@id":"https:\/\/www.labopolis.com\/producto\/microscopio-digital-levenhuk-dtx-30\/#primaryimage","url":"https:\/\/www.labopolis.com\/wp-content\/uploads\/2023\/07\/levenhuk-microscope-dtx-30.jpg","contentUrl":"https:\/\/www.labopolis.com\/wp-content\/uploads\/2023\/07\/levenhuk-microscope-dtx-30.jpg","width":1000,"height":867,"caption":"Producto"},{"@type":"BreadcrumbList","@id":"https:\/\/www.labopolis.com\/producto\/microscopio-digital-levenhuk-dtx-30\/#breadcrumb","itemListElement":[{"@type":"ListItem","position":1,"name":"Portada","item":"https:\/\/www.labopolis.com\/"},{"@type":"ListItem","position":2,"name":"Productos","item":"https:\/\/www.labopolis.com\/shop\/"},{"@type":"ListItem","position":3,"name":"Microscopio digital Levenhuk DTX 30"}]},{"@type":"WebSite","@id":"https:\/\/www.labopolis.com\/#website","url":"https:\/\/www.labopolis.com\/","name":"Labopolis","description":"","potentialAction":[{"@type":"SearchAction","target":{"@type":"EntryPoint","urlTemplate":"https:\/\/www.labopolis.com\/?s={search_term_string}"},"query-input":{"@type":"PropertyValueSpecification","valueRequired":true,"valueName":"search_term_string"}}],"inLanguage":"fr-FR"}]}},"_links":{"self":[{"href":"https:\/\/www.labopolis.com\/fr\/wp-json\/wp\/v2\/product\/2694","targetHints":{"allow":["GET"]}}],"collection":[{"href":"https:\/\/www.labopolis.com\/fr\/wp-json\/wp\/v2\/product"}],"about":[{"href":"https:\/\/www.labopolis.com\/fr\/wp-json\/wp\/v2\/types\/product"}],"replies":[{"embeddable":true,"href":"https:\/\/www.labopolis.com\/fr\/wp-json\/wp\/v2\/comments?post=2694"}],"wp:featuredmedia":[{"embeddable":true,"href":"https:\/\/www.labopolis.com\/fr\/wp-json\/wp\/v2\/media\/2716"}],"wp:attachment":[{"href":"https:\/\/www.labopolis.com\/fr\/wp-json\/wp\/v2\/media?parent=2694"}],"wp:term":[{"taxonomy":"product_brand","embeddable":true,"href":"https:\/\/www.labopolis.com\/fr\/wp-json\/wp\/v2\/product_brand?post=2694"},{"taxonomy":"product_cat","embeddable":true,"href":"https:\/\/www.labopolis.com\/fr\/wp-json\/wp\/v2\/product_cat?post=2694"},{"taxonomy":"product_tag","embeddable":true,"href":"https:\/\/www.labopolis.com\/fr\/wp-json\/wp\/v2\/product_tag?post=2694"}],"curies":[{"name":"wp","href":"https:\/\/api.w.org\/{rel}","templated":true}]}}