{"id":2504,"date":"2023-07-10T11:39:30","date_gmt":"2023-07-10T11:39:30","guid":{"rendered":"https:\/\/www.labopolis.com\/?post_type=product&#038;p=2504"},"modified":"2026-02-18T17:17:10","modified_gmt":"2026-02-18T17:17:10","slug":"euromex-nexiuszoom-nz-1903-p","status":"publish","type":"product","link":"https:\/\/www.labopolis.com\/fr\/produit\/euromex-nexiuszoom-nz-1903-p\/","title":{"rendered":"Euromex NexiusZoom NZ.1903-P"},"content":{"rendered":"<p>Mod\u00e8le de st\u00e9r\u00e9omicroscope pour l'enseignement secondaire, facile \u00e0 utiliser et con\u00e7u pour les \u00e9tudiants.<br \/>\nPaire d'oculaires HWF10x\/22 mm.<br \/>\nT\u00eate trinoculaire, inclin\u00e9e \u00e0 45\u00ba. Correction dioptrique + 5 dans les deux tubes oculaires.<br \/>\nDistance interpupillaire comprise entre 54 et 75 mm.<br \/>\nObjectif zoom 0,67x \u00e0 4,5x. Distance de travail 110 mm. Hauteur maximale de l'\u00e9chantillon 148 mm.<br \/>\nGrossissements entre 6,7x et 45x. Champ de vision de 33 mm. \u00e0 4,9 mm.<br \/>\nBase \u00e0 colonne plate, syst\u00e8me de mise au point macrom\u00e9trique \u00e0 cr\u00e9maill\u00e8re.<br \/>\nFourni avec une plaque blanche\/noire, une plaque translucide et deux pinces.<br \/>\nSyst\u00e8me d'\u00e9clairage incident et transmis LED 3W. Intensit\u00e9 variable ind\u00e9pendante. Les deux \u00e9clairages peuvent \u00eatre utilis\u00e9s simultan\u00e9ment. Alimentation interne.<br \/>\nLivr\u00e9 dans une bo\u00eete en polystyr\u00e8ne avec une housse de protection et un manuel d'instructions.<\/p>","protected":false},"excerpt":{"rendered":"<div>Mod\u00e8le de st\u00e9r\u00e9omicroscope pour l'enseignement secondaire, facile \u00e0 utiliser et con\u00e7u pour les \u00e9tudiants. T\u00eate trinoculaire, oculaires HWF10x\/22 mm. Objectif zoom 0,67 \u00e0 4,5x. Grossissement 6,7x \u00e0 45x. Base plate avec colonne et deux pinces. Mise au point macro. Eclairage incident et transmis par LED.<\/div>\n<div><\/div>\n<div><strong><em><a href=\"https:\/\/www.labopolis.com\/wp-content\/uploads\/2019\/10\/NexiusZoom-EVO-ESD_ficha_tecnica_ES.pdf\" target=\"_blank\" rel=\"attachment wp-att-3827 noopener\"><i class=\"fas fa-file-alt\"><\/i> Fiche technique NexiusZoom<\/a><\/em><\/strong><\/div>","protected":false},"featured_media":2527,"comment_status":"open","ping_status":"closed","template":"","meta":[],"product_brand":[],"product_cat":[23,162],"product_tag":[],"class_list":{"0":"post-2504","1":"product","2":"type-product","3":"status-publish","4":"has-post-thumbnail","6":"product_cat-laboratorio","7":"product_cat-microscopios-estereoscopicos","9":"first","10":"instock","11":"taxable","12":"shipping-taxable","13":"purchasable","14":"product-type-simple"},"yoast_head":"<!-- This site is optimized with the Yoast SEO plugin v27.2 - https:\/\/yoast.com\/product\/yoast-seo-wordpress\/ -->\n<title>Euromex NexiusZoom NZ.1903-P - Labopolis<\/title>\n<meta name=\"description\" content=\"Modelo Microscopio Estereosc\u00f3pico para Educaci\u00f3n secundaria, f\u00e1cil de utilizar y pensados para estudiantes. Cabezal trinocular, oculares HWF10x\/22 mm. Objetivo Zoom 0,67 a 4,5x. Aumentos 6,7x a 45x. Base plana con columna y dos pinzas de sujeci\u00f3n. Enfoque macrom\u00e9trico. Iluminaci\u00f3n incidente y transmitida LED.   Ficha T\u00e9cnica NexiusZoom\" \/>\n<meta name=\"robots\" content=\"index, follow, max-snippet:-1, max-image-preview:large, max-video-preview:-1\" \/>\n<link rel=\"canonical\" href=\"https:\/\/www.labopolis.com\/fr\/produit\/euromex-nexiuszoom-nz-1903-p\/\" \/>\n<meta property=\"og:locale\" content=\"fr_FR\" \/>\n<meta property=\"og:type\" content=\"article\" \/>\n<meta property=\"og:title\" content=\"Euromex NexiusZoom NZ.1903-P - Labopolis\" \/>\n<meta property=\"og:description\" content=\"Modelo Microscopio Estereosc\u00f3pico para Educaci\u00f3n secundaria, f\u00e1cil de utilizar y pensados para estudiantes. Cabezal trinocular, oculares HWF10x\/22 mm. Objetivo Zoom 0,67 a 4,5x. Aumentos 6,7x a 45x. Base plana con columna y dos pinzas de sujeci\u00f3n. Enfoque macrom\u00e9trico. Iluminaci\u00f3n incidente y transmitida LED.   Ficha T\u00e9cnica NexiusZoom\" \/>\n<meta property=\"og:url\" content=\"https:\/\/www.labopolis.com\/fr\/produit\/euromex-nexiuszoom-nz-1903-p\/\" \/>\n<meta property=\"og:site_name\" content=\"Labopolis\" \/>\n<meta property=\"article:publisher\" content=\"https:\/\/www.facebook.com\/profile.php?id=100063251679439\" \/>\n<meta property=\"article:modified_time\" content=\"2026-02-18T17:17:10+00:00\" \/>\n<meta property=\"og:image\" content=\"https:\/\/www.labopolis.com\/wp-content\/uploads\/2023\/07\/NZ.1903-P.jpg\" \/>\n\t<meta property=\"og:image:width\" content=\"624\" \/>\n\t<meta property=\"og:image:height\" content=\"800\" \/>\n\t<meta property=\"og:image:type\" content=\"image\/jpeg\" \/>\n<meta name=\"twitter:card\" content=\"summary_large_image\" \/>\n<meta name=\"twitter:site\" content=\"@Labopolis\" \/>\n<meta name=\"twitter:label1\" content=\"Dur\u00e9e de lecture estim\u00e9e\" \/>\n\t<meta name=\"twitter:data1\" content=\"1 minute\" \/>\n<script type=\"application\/ld+json\" class=\"yoast-schema-graph\">{\"@context\":\"https:\/\/schema.org\",\"@graph\":[{\"@type\":\"WebPage\",\"@id\":\"https:\/\/www.labopolis.com\/producto\/euromex-nexiuszoom-nz-1903-p\/\",\"url\":\"https:\/\/www.labopolis.com\/producto\/euromex-nexiuszoom-nz-1903-p\/\",\"name\":\"Euromex NexiusZoom NZ.1903-P - Labopolis\",\"isPartOf\":{\"@id\":\"https:\/\/www.labopolis.com\/#website\"},\"primaryImageOfPage\":{\"@id\":\"https:\/\/www.labopolis.com\/producto\/euromex-nexiuszoom-nz-1903-p\/#primaryimage\"},\"image\":{\"@id\":\"https:\/\/www.labopolis.com\/producto\/euromex-nexiuszoom-nz-1903-p\/#primaryimage\"},\"thumbnailUrl\":\"https:\/\/www.labopolis.com\/wp-content\/uploads\/2023\/07\/NZ.1903-P.jpg\",\"datePublished\":\"2023-07-10T11:39:30+00:00\",\"dateModified\":\"2026-02-18T17:17:10+00:00\",\"description\":\"Modelo Microscopio Estereosc\u00f3pico para Educaci\u00f3n secundaria, f\u00e1cil de utilizar y pensados para estudiantes. Cabezal trinocular, oculares HWF10x\/22 mm. Objetivo Zoom 0,67 a 4,5x. Aumentos 6,7x a 45x. Base plana con columna y dos pinzas de sujeci\u00f3n. Enfoque macrom\u00e9trico. Iluminaci\u00f3n incidente y transmitida LED. Ficha T\u00e9cnica NexiusZoom\",\"breadcrumb\":{\"@id\":\"https:\/\/www.labopolis.com\/producto\/euromex-nexiuszoom-nz-1903-p\/#breadcrumb\"},\"inLanguage\":\"fr-FR\",\"potentialAction\":[{\"@type\":\"ReadAction\",\"target\":[\"https:\/\/www.labopolis.com\/producto\/euromex-nexiuszoom-nz-1903-p\/\"]}]},{\"@type\":\"ImageObject\",\"inLanguage\":\"fr-FR\",\"@id\":\"https:\/\/www.labopolis.com\/producto\/euromex-nexiuszoom-nz-1903-p\/#primaryimage\",\"url\":\"https:\/\/www.labopolis.com\/wp-content\/uploads\/2023\/07\/NZ.1903-P.jpg\",\"contentUrl\":\"https:\/\/www.labopolis.com\/wp-content\/uploads\/2023\/07\/NZ.1903-P.jpg\",\"width\":624,\"height\":800,\"caption\":\"Producto\"},{\"@type\":\"BreadcrumbList\",\"@id\":\"https:\/\/www.labopolis.com\/producto\/euromex-nexiuszoom-nz-1903-p\/#breadcrumb\",\"itemListElement\":[{\"@type\":\"ListItem\",\"position\":1,\"name\":\"Portada\",\"item\":\"https:\/\/www.labopolis.com\/\"},{\"@type\":\"ListItem\",\"position\":2,\"name\":\"Productos\",\"item\":\"https:\/\/www.labopolis.com\/shop\/\"},{\"@type\":\"ListItem\",\"position\":3,\"name\":\"Euromex NexiusZoom NZ.1903-P\"}]},{\"@type\":\"WebSite\",\"@id\":\"https:\/\/www.labopolis.com\/#website\",\"url\":\"https:\/\/www.labopolis.com\/\",\"name\":\"Labopolis\",\"description\":\"\",\"potentialAction\":[{\"@type\":\"SearchAction\",\"target\":{\"@type\":\"EntryPoint\",\"urlTemplate\":\"https:\/\/www.labopolis.com\/?s={search_term_string}\"},\"query-input\":{\"@type\":\"PropertyValueSpecification\",\"valueRequired\":true,\"valueName\":\"search_term_string\"}}],\"inLanguage\":\"fr-FR\"}]}<\/script>\n<!-- \/ Yoast SEO plugin. -->","yoast_head_json":{"title":"Euromex NexiusZoom NZ.1903-P - Labopolis","description":"Modelo Microscopio Estereosc\u00f3pico para Educaci\u00f3n secundaria, f\u00e1cil de utilizar y pensados para estudiantes. Cabezal trinocular, oculares HWF10x\/22 mm. Objetivo Zoom 0,67 a 4,5x. Aumentos 6,7x a 45x. Base plana con columna y dos pinzas de sujeci\u00f3n. Enfoque macrom\u00e9trico. Iluminaci\u00f3n incidente y transmitida LED.   Ficha T\u00e9cnica NexiusZoom","robots":{"index":"index","follow":"follow","max-snippet":"max-snippet:-1","max-image-preview":"max-image-preview:large","max-video-preview":"max-video-preview:-1"},"canonical":"https:\/\/www.labopolis.com\/fr\/produit\/euromex-nexiuszoom-nz-1903-p\/","og_locale":"fr_FR","og_type":"article","og_title":"Euromex NexiusZoom NZ.1903-P - Labopolis","og_description":"Modelo Microscopio Estereosc\u00f3pico para Educaci\u00f3n secundaria, f\u00e1cil de utilizar y pensados para estudiantes. Cabezal trinocular, oculares HWF10x\/22 mm. Objetivo Zoom 0,67 a 4,5x. Aumentos 6,7x a 45x. Base plana con columna y dos pinzas de sujeci\u00f3n. Enfoque macrom\u00e9trico. Iluminaci\u00f3n incidente y transmitida LED.   Ficha T\u00e9cnica NexiusZoom","og_url":"https:\/\/www.labopolis.com\/fr\/produit\/euromex-nexiuszoom-nz-1903-p\/","og_site_name":"Labopolis","article_publisher":"https:\/\/www.facebook.com\/profile.php?id=100063251679439","article_modified_time":"2026-02-18T17:17:10+00:00","og_image":[{"width":624,"height":800,"url":"https:\/\/www.labopolis.com\/wp-content\/uploads\/2023\/07\/NZ.1903-P.jpg","type":"image\/jpeg"}],"twitter_card":"summary_large_image","twitter_site":"@Labopolis","twitter_misc":{"Dur\u00e9e de lecture estim\u00e9e":"1 minute"},"schema":{"@context":"https:\/\/schema.org","@graph":[{"@type":"WebPage","@id":"https:\/\/www.labopolis.com\/producto\/euromex-nexiuszoom-nz-1903-p\/","url":"https:\/\/www.labopolis.com\/producto\/euromex-nexiuszoom-nz-1903-p\/","name":"Euromex NexiusZoom NZ.1903-P - Labopolis","isPartOf":{"@id":"https:\/\/www.labopolis.com\/#website"},"primaryImageOfPage":{"@id":"https:\/\/www.labopolis.com\/producto\/euromex-nexiuszoom-nz-1903-p\/#primaryimage"},"image":{"@id":"https:\/\/www.labopolis.com\/producto\/euromex-nexiuszoom-nz-1903-p\/#primaryimage"},"thumbnailUrl":"https:\/\/www.labopolis.com\/wp-content\/uploads\/2023\/07\/NZ.1903-P.jpg","datePublished":"2023-07-10T11:39:30+00:00","dateModified":"2026-02-18T17:17:10+00:00","description":"Modelo Microscopio Estereosc\u00f3pico para Educaci\u00f3n secundaria, f\u00e1cil de utilizar y pensados para estudiantes. Cabezal trinocular, oculares HWF10x\/22 mm. Objetivo Zoom 0,67 a 4,5x. Aumentos 6,7x a 45x. Base plana con columna y dos pinzas de sujeci\u00f3n. Enfoque macrom\u00e9trico. Iluminaci\u00f3n incidente y transmitida LED. Ficha T\u00e9cnica NexiusZoom","breadcrumb":{"@id":"https:\/\/www.labopolis.com\/producto\/euromex-nexiuszoom-nz-1903-p\/#breadcrumb"},"inLanguage":"fr-FR","potentialAction":[{"@type":"ReadAction","target":["https:\/\/www.labopolis.com\/producto\/euromex-nexiuszoom-nz-1903-p\/"]}]},{"@type":"ImageObject","inLanguage":"fr-FR","@id":"https:\/\/www.labopolis.com\/producto\/euromex-nexiuszoom-nz-1903-p\/#primaryimage","url":"https:\/\/www.labopolis.com\/wp-content\/uploads\/2023\/07\/NZ.1903-P.jpg","contentUrl":"https:\/\/www.labopolis.com\/wp-content\/uploads\/2023\/07\/NZ.1903-P.jpg","width":624,"height":800,"caption":"Producto"},{"@type":"BreadcrumbList","@id":"https:\/\/www.labopolis.com\/producto\/euromex-nexiuszoom-nz-1903-p\/#breadcrumb","itemListElement":[{"@type":"ListItem","position":1,"name":"Portada","item":"https:\/\/www.labopolis.com\/"},{"@type":"ListItem","position":2,"name":"Productos","item":"https:\/\/www.labopolis.com\/shop\/"},{"@type":"ListItem","position":3,"name":"Euromex NexiusZoom NZ.1903-P"}]},{"@type":"WebSite","@id":"https:\/\/www.labopolis.com\/#website","url":"https:\/\/www.labopolis.com\/","name":"Labopolis","description":"","potentialAction":[{"@type":"SearchAction","target":{"@type":"EntryPoint","urlTemplate":"https:\/\/www.labopolis.com\/?s={search_term_string}"},"query-input":{"@type":"PropertyValueSpecification","valueRequired":true,"valueName":"search_term_string"}}],"inLanguage":"fr-FR"}]}},"_links":{"self":[{"href":"https:\/\/www.labopolis.com\/fr\/wp-json\/wp\/v2\/product\/2504","targetHints":{"allow":["GET"]}}],"collection":[{"href":"https:\/\/www.labopolis.com\/fr\/wp-json\/wp\/v2\/product"}],"about":[{"href":"https:\/\/www.labopolis.com\/fr\/wp-json\/wp\/v2\/types\/product"}],"replies":[{"embeddable":true,"href":"https:\/\/www.labopolis.com\/fr\/wp-json\/wp\/v2\/comments?post=2504"}],"wp:featuredmedia":[{"embeddable":true,"href":"https:\/\/www.labopolis.com\/fr\/wp-json\/wp\/v2\/media\/2527"}],"wp:attachment":[{"href":"https:\/\/www.labopolis.com\/fr\/wp-json\/wp\/v2\/media?parent=2504"}],"wp:term":[{"taxonomy":"product_brand","embeddable":true,"href":"https:\/\/www.labopolis.com\/fr\/wp-json\/wp\/v2\/product_brand?post=2504"},{"taxonomy":"product_cat","embeddable":true,"href":"https:\/\/www.labopolis.com\/fr\/wp-json\/wp\/v2\/product_cat?post=2504"},{"taxonomy":"product_tag","embeddable":true,"href":"https:\/\/www.labopolis.com\/fr\/wp-json\/wp\/v2\/product_tag?post=2504"}],"curies":[{"name":"wp","href":"https:\/\/api.w.org\/{rel}","templated":true}]}}