{"id":2486,"date":"2023-07-10T11:39:29","date_gmt":"2023-07-10T11:39:29","guid":{"rendered":"https:\/\/www.labopolis.com\/?post_type=product&#038;p=2486"},"modified":"2024-03-07T12:58:34","modified_gmt":"2024-03-07T12:58:34","slug":"puntas-pipetas-con-filtro-expell-y-expell-plus","status":"publish","type":"product","link":"https:\/\/www.labopolis.com\/fr\/produit\/puntas-pipetas-con-filtro-expell-y-expell-plus\/","title":{"rendered":"Embouts de pipette \u00e0 filtre Expell et Expell Plus"},"content":{"rendered":"<p>Les pointes filtrantes sont utilis\u00e9es pour \u00e9viter la contamination crois\u00e9e lors de travaux importants dans le domaine de la biologie mol\u00e9culaire.<br \/>\nPlus de 25 ans d'exp\u00e9rience donnent \u00e0 CAPP l'expertise n\u00e9cessaire pour s\u00e9lectionner et concevoir des embouts r\u00e9pondant aux attentes des clients les plus exigeants.<\/p>\n<p>CAPP propose une large gamme de pointes de haute qualit\u00e9 pour r\u00e9pondre aux besoins de pipetage des laboratoires cliniques, analytiques et de recherche.<br \/>\n<strong>Design Premium<\/strong><br \/>\n- Compatibilit\u00e9 universelle avec la grande majorit\u00e9 des marques de pipettes sur le march\u00e9<br \/>\n- Diff\u00e9rentes longueurs avec la m\u00eame plage de volume pour diff\u00e9rentes applications<br \/>\n- Une grande clart\u00e9 et des marquages plus nombreux pour une plus grande facilit\u00e9 d'utilisation<br \/>\n<strong>Portefeuille Premium<\/strong><br \/>\n- S\u00e9lectionnez EXPellPlus \u00e0 faible r\u00e9tention ou EXPell standard (tous deux de qualit\u00e9 sup\u00e9rieure).<br \/>\n- Options de pointes en sachets avec et sans filtre, en portoirs, en portoirs st\u00e9riles, en recharges et en portoirs st\u00e9riles avec filtre.<br \/>\n- Diff\u00e9rents mod\u00e8les de pointes dans la m\u00eame gamme de volumes pour s'adapter \u00e0 presque toutes les pipettes disponibles sur le march\u00e9.<br \/>\n<strong>Production de premi\u00e8re qualit\u00e9<\/strong><br \/>\n- Pas de compromis sur les param\u00e8tres de qualit\u00e9<br \/>\n- Installations dans des environnements propres pour \u00e9liminer le risque de contamination<br \/>\n- Certifi\u00e9 sans RNase, DNase, ADN et pyrog\u00e8nes.<br \/>\n- Qualit\u00e9 sup\u00e9rieure, avec des moules d'injection suisses<br \/>\n- Fabriqu\u00e9 en polypropyl\u00e8ne vierge<\/p>","protected":false},"excerpt":{"rendered":"<p>Puntas con filtro de baja retenci\u00f3n ExpellPlus disponibles en Racks<\/p>\n<table>\n<tbody>\n<tr>\n<td class=\"textop\" style=\"font-weight: bold;\" align=\"center\">Referencia<\/td>\n<td class=\"textop\" style=\"font-weight: bold;\" align=\"center\">Descripci\u00f3n<\/td>\n<\/tr>\n<tr>\n<td class=\"textop\" style=\"font-weight: bold;\">5030061C<\/td>\n<td class=\"textop\">ExpellPlus 10 \u03bcL XL, Extra fina, Pre esterilizada, c\/ filtro, Gradillas con bisagra, 5x10x96 uds<\/td>\n<\/tr>\n<tr>\n<td class=\"textop\" style=\"font-weight: bold;\">5030030C<\/td>\n<td class=\"textop\">ExpellPlus 10\u03bcL, Pre esterilizadas c\/ filtro, Gradillas con bisagras, 5x10x96 uds<\/td>\n<\/tr>\n<tr>\n<td class=\"textop\" style=\"font-weight: bold;\">5030062C<\/td>\n<td class=\"textop\">ExpellPlus 20 \u03bcL, Pre esterilizadas, c\/ filtro, Gradillas con bisagra, 5x10x96 uds<\/td>\n<\/tr>\n<tr>\n<td class=\"textop\" style=\"font-weight: bold;\">5030066C<\/td>\n<td class=\"textop\">ExpellPlus 100\u03bcL, Pre esterilizadas c\/ filtro, Gradillas con bisagras, 5x10x96 uds<\/td>\n<\/tr>\n<tr>\n<td class=\"textop\" style=\"font-weight: bold;\">5030090C<\/td>\n<td class=\"textop\">ExpellPlus 200\u03bcL, Pre esterilizadas c\/ filtro, Gradillas con bisagras, 5x10x96 uds<\/td>\n<\/tr>\n<tr>\n<td class=\"textop\" style=\"font-weight: bold;\">5030150C<\/td>\n<td class=\"textop\">Expell 1000\u03bcL, Pre esterilizadas c\/ filtro, Gradillas con bisagras, 4x8x96 uds<\/td>\n<\/tr>\n<tr>\n<td class=\"textop\" style=\"font-weight: bold;\">5030123C<\/td>\n<td class=\"textop\">Expell 1250\u03bcL XL, Pre esterilizadas c\/ filtro, Gradillas con bisagras, 4x8x96 uds<\/td>\n<\/tr>\n<\/tbody>\n<\/table>\n<p>[sv slug=\u00bbproductos\u00bb]<\/p>\n","protected":false},"featured_media":2515,"comment_status":"open","ping_status":"closed","template":"","meta":[],"product_brand":[],"product_cat":[159],"product_tag":[],"class_list":{"0":"post-2486","1":"product","2":"type-product","3":"status-publish","4":"has-post-thumbnail","6":"product_cat-pipetas","8":"first","9":"instock","10":"taxable","11":"shipping-taxable","12":"product-type-simple"},"yoast_head":"<!-- This site is optimized with the Yoast SEO plugin v27.2 - https:\/\/yoast.com\/product\/yoast-seo-wordpress\/ -->\n<title>Puntas pipetas con filtro Expell y Expell Plus - Labopolis<\/title>\n<meta name=\"description\" content=\"Puntas con filtro de baja retenci\u00f3n ExpellPlus disponibles en Racks    Referencia Descripci\u00f3n   5030061C ExpellPlus 10 \u03bcL XL, Extra fina, Pre esterilizada, c\/ filtro, Gradillas con bisagra, 5x10x96 uds   5030030C ExpellPlus 10\u03bcL, Pre esterilizadas c\/ filtro, Gradillas con bisagras, 5x10x96 uds   5030062C ExpellPlus 20 \u03bcL, Pre esterilizadas, c\/ filtro, Gradillas con bisagra, 5x10x96 uds   5030066C ExpellPlus 100\u03bcL, Pre esterilizadas c\/ filtro, Gradillas con bisagras, 5x10x96 uds   5030090C ExpellPlus 200\u03bcL, Pre esterilizadas c\/ filtro, Gradillas con bisagras, 5x10x96 uds   5030150C Expell 1000\u03bcL, Pre esterilizadas c\/ filtro, Gradillas con bisagras, 4x8x96 uds   5030123C Expell 1250\u03bcL XL, Pre esterilizadas c\/ filtro, Gradillas con bisagras, 4x8x96 uds\" \/>\n<meta name=\"robots\" content=\"index, follow, max-snippet:-1, max-image-preview:large, max-video-preview:-1\" \/>\n<link rel=\"canonical\" href=\"https:\/\/www.labopolis.com\/fr\/produit\/puntas-pipetas-con-filtro-expell-y-expell-plus\/\" \/>\n<meta property=\"og:locale\" content=\"fr_FR\" \/>\n<meta property=\"og:type\" content=\"article\" \/>\n<meta property=\"og:title\" content=\"Puntas pipetas con filtro Expell y Expell Plus - Labopolis\" \/>\n<meta property=\"og:description\" content=\"Puntas con filtro de baja retenci\u00f3n ExpellPlus disponibles en Racks    Referencia Descripci\u00f3n   5030061C ExpellPlus 10 \u03bcL XL, Extra fina, Pre esterilizada, c\/ filtro, Gradillas con bisagra, 5x10x96 uds   5030030C ExpellPlus 10\u03bcL, Pre esterilizadas c\/ filtro, Gradillas con bisagras, 5x10x96 uds   5030062C ExpellPlus 20 \u03bcL, Pre esterilizadas, c\/ filtro, Gradillas con bisagra, 5x10x96 uds   5030066C ExpellPlus 100\u03bcL, Pre esterilizadas c\/ filtro, Gradillas con bisagras, 5x10x96 uds   5030090C ExpellPlus 200\u03bcL, Pre esterilizadas c\/ filtro, Gradillas con bisagras, 5x10x96 uds   5030150C Expell 1000\u03bcL, Pre esterilizadas c\/ filtro, Gradillas con bisagras, 4x8x96 uds   5030123C Expell 1250\u03bcL XL, Pre esterilizadas c\/ filtro, Gradillas con bisagras, 4x8x96 uds\" \/>\n<meta property=\"og:url\" content=\"https:\/\/www.labopolis.com\/fr\/produit\/puntas-pipetas-con-filtro-expell-y-expell-plus\/\" \/>\n<meta property=\"og:site_name\" content=\"Labopolis\" \/>\n<meta property=\"article:publisher\" content=\"https:\/\/www.facebook.com\/profile.php?id=100063251679439\" \/>\n<meta property=\"article:modified_time\" content=\"2024-03-07T12:58:34+00:00\" \/>\n<meta property=\"og:image\" content=\"https:\/\/www.labopolis.com\/wp-content\/uploads\/2023\/07\/19_reload20system20b.jpg\" \/>\n\t<meta property=\"og:image:width\" content=\"500\" \/>\n\t<meta property=\"og:image:height\" content=\"466\" \/>\n\t<meta property=\"og:image:type\" content=\"image\/jpeg\" \/>\n<meta name=\"twitter:card\" content=\"summary_large_image\" \/>\n<meta name=\"twitter:site\" content=\"@Labopolis\" \/>\n<meta name=\"twitter:label1\" content=\"Dur\u00e9e de lecture estim\u00e9e\" \/>\n\t<meta name=\"twitter:data1\" content=\"1 minute\" \/>\n<script type=\"application\/ld+json\" class=\"yoast-schema-graph\">{\"@context\":\"https:\/\/schema.org\",\"@graph\":[{\"@type\":\"WebPage\",\"@id\":\"https:\/\/www.labopolis.com\/producto\/puntas-pipetas-con-filtro-expell-y-expell-plus\/\",\"url\":\"https:\/\/www.labopolis.com\/producto\/puntas-pipetas-con-filtro-expell-y-expell-plus\/\",\"name\":\"Puntas pipetas con filtro Expell y Expell Plus - Labopolis\",\"isPartOf\":{\"@id\":\"https:\/\/www.labopolis.com\/#website\"},\"primaryImageOfPage\":{\"@id\":\"https:\/\/www.labopolis.com\/producto\/puntas-pipetas-con-filtro-expell-y-expell-plus\/#primaryimage\"},\"image\":{\"@id\":\"https:\/\/www.labopolis.com\/producto\/puntas-pipetas-con-filtro-expell-y-expell-plus\/#primaryimage\"},\"thumbnailUrl\":\"https:\/\/www.labopolis.com\/wp-content\/uploads\/2023\/07\/19_reload20system20b.jpg\",\"datePublished\":\"2023-07-10T11:39:29+00:00\",\"dateModified\":\"2024-03-07T12:58:34+00:00\",\"description\":\"Puntas con filtro de baja retenci\u00f3n ExpellPlus disponibles en Racks Referencia Descripci\u00f3n 5030061C ExpellPlus 10 \u03bcL XL, Extra fina, Pre esterilizada, c\/ filtro, Gradillas con bisagra, 5x10x96 uds 5030030C ExpellPlus 10\u03bcL, Pre esterilizadas c\/ filtro, Gradillas con bisagras, 5x10x96 uds 5030062C ExpellPlus 20 \u03bcL, Pre esterilizadas, c\/ filtro, Gradillas con bisagra, 5x10x96 uds 5030066C ExpellPlus 100\u03bcL, Pre esterilizadas c\/ filtro, Gradillas con bisagras, 5x10x96 uds 5030090C ExpellPlus 200\u03bcL, Pre esterilizadas c\/ filtro, Gradillas con bisagras, 5x10x96 uds 5030150C Expell 1000\u03bcL, Pre esterilizadas c\/ filtro, Gradillas con bisagras, 4x8x96 uds 5030123C Expell 1250\u03bcL XL, Pre esterilizadas c\/ filtro, Gradillas con bisagras, 4x8x96 uds\",\"breadcrumb\":{\"@id\":\"https:\/\/www.labopolis.com\/producto\/puntas-pipetas-con-filtro-expell-y-expell-plus\/#breadcrumb\"},\"inLanguage\":\"fr-FR\",\"potentialAction\":[{\"@type\":\"ReadAction\",\"target\":[\"https:\/\/www.labopolis.com\/producto\/puntas-pipetas-con-filtro-expell-y-expell-plus\/\"]}]},{\"@type\":\"ImageObject\",\"inLanguage\":\"fr-FR\",\"@id\":\"https:\/\/www.labopolis.com\/producto\/puntas-pipetas-con-filtro-expell-y-expell-plus\/#primaryimage\",\"url\":\"https:\/\/www.labopolis.com\/wp-content\/uploads\/2023\/07\/19_reload20system20b.jpg\",\"contentUrl\":\"https:\/\/www.labopolis.com\/wp-content\/uploads\/2023\/07\/19_reload20system20b.jpg\",\"width\":500,\"height\":466,\"caption\":\"Pipetas ExpellPlus CAPP\"},{\"@type\":\"BreadcrumbList\",\"@id\":\"https:\/\/www.labopolis.com\/producto\/puntas-pipetas-con-filtro-expell-y-expell-plus\/#breadcrumb\",\"itemListElement\":[{\"@type\":\"ListItem\",\"position\":1,\"name\":\"Portada\",\"item\":\"https:\/\/www.labopolis.com\/\"},{\"@type\":\"ListItem\",\"position\":2,\"name\":\"Productos\",\"item\":\"https:\/\/www.labopolis.com\/shop\/\"},{\"@type\":\"ListItem\",\"position\":3,\"name\":\"Puntas pipetas con filtro Expell y Expell Plus\"}]},{\"@type\":\"WebSite\",\"@id\":\"https:\/\/www.labopolis.com\/#website\",\"url\":\"https:\/\/www.labopolis.com\/\",\"name\":\"Labopolis\",\"description\":\"\",\"potentialAction\":[{\"@type\":\"SearchAction\",\"target\":{\"@type\":\"EntryPoint\",\"urlTemplate\":\"https:\/\/www.labopolis.com\/?s={search_term_string}\"},\"query-input\":{\"@type\":\"PropertyValueSpecification\",\"valueRequired\":true,\"valueName\":\"search_term_string\"}}],\"inLanguage\":\"fr-FR\"}]}<\/script>\n<!-- \/ Yoast SEO plugin. -->","yoast_head_json":{"title":"Puntas pipetas con filtro Expell y Expell Plus - Labopolis","description":"Puntas con filtro de baja retenci\u00f3n ExpellPlus disponibles en Racks    Referencia Descripci\u00f3n   5030061C ExpellPlus 10 \u03bcL XL, Extra fina, Pre esterilizada, c\/ filtro, Gradillas con bisagra, 5x10x96 uds   5030030C ExpellPlus 10\u03bcL, Pre esterilizadas c\/ filtro, Gradillas con bisagras, 5x10x96 uds   5030062C ExpellPlus 20 \u03bcL, Pre esterilizadas, c\/ filtro, Gradillas con bisagra, 5x10x96 uds   5030066C ExpellPlus 100\u03bcL, Pre esterilizadas c\/ filtro, Gradillas con bisagras, 5x10x96 uds   5030090C ExpellPlus 200\u03bcL, Pre esterilizadas c\/ filtro, Gradillas con bisagras, 5x10x96 uds   5030150C Expell 1000\u03bcL, Pre esterilizadas c\/ filtro, Gradillas con bisagras, 4x8x96 uds   5030123C Expell 1250\u03bcL XL, Pre esterilizadas c\/ filtro, Gradillas con bisagras, 4x8x96 uds","robots":{"index":"index","follow":"follow","max-snippet":"max-snippet:-1","max-image-preview":"max-image-preview:large","max-video-preview":"max-video-preview:-1"},"canonical":"https:\/\/www.labopolis.com\/fr\/produit\/puntas-pipetas-con-filtro-expell-y-expell-plus\/","og_locale":"fr_FR","og_type":"article","og_title":"Puntas pipetas con filtro Expell y Expell Plus - Labopolis","og_description":"Puntas con filtro de baja retenci\u00f3n ExpellPlus disponibles en Racks    Referencia Descripci\u00f3n   5030061C ExpellPlus 10 \u03bcL XL, Extra fina, Pre esterilizada, c\/ filtro, Gradillas con bisagra, 5x10x96 uds   5030030C ExpellPlus 10\u03bcL, Pre esterilizadas c\/ filtro, Gradillas con bisagras, 5x10x96 uds   5030062C ExpellPlus 20 \u03bcL, Pre esterilizadas, c\/ filtro, Gradillas con bisagra, 5x10x96 uds   5030066C ExpellPlus 100\u03bcL, Pre esterilizadas c\/ filtro, Gradillas con bisagras, 5x10x96 uds   5030090C ExpellPlus 200\u03bcL, Pre esterilizadas c\/ filtro, Gradillas con bisagras, 5x10x96 uds   5030150C Expell 1000\u03bcL, Pre esterilizadas c\/ filtro, Gradillas con bisagras, 4x8x96 uds   5030123C Expell 1250\u03bcL XL, Pre esterilizadas c\/ filtro, Gradillas con bisagras, 4x8x96 uds","og_url":"https:\/\/www.labopolis.com\/fr\/produit\/puntas-pipetas-con-filtro-expell-y-expell-plus\/","og_site_name":"Labopolis","article_publisher":"https:\/\/www.facebook.com\/profile.php?id=100063251679439","article_modified_time":"2024-03-07T12:58:34+00:00","og_image":[{"width":500,"height":466,"url":"https:\/\/www.labopolis.com\/wp-content\/uploads\/2023\/07\/19_reload20system20b.jpg","type":"image\/jpeg"}],"twitter_card":"summary_large_image","twitter_site":"@Labopolis","twitter_misc":{"Dur\u00e9e de lecture estim\u00e9e":"1 minute"},"schema":{"@context":"https:\/\/schema.org","@graph":[{"@type":"WebPage","@id":"https:\/\/www.labopolis.com\/producto\/puntas-pipetas-con-filtro-expell-y-expell-plus\/","url":"https:\/\/www.labopolis.com\/producto\/puntas-pipetas-con-filtro-expell-y-expell-plus\/","name":"Puntas pipetas con filtro Expell y Expell Plus - Labopolis","isPartOf":{"@id":"https:\/\/www.labopolis.com\/#website"},"primaryImageOfPage":{"@id":"https:\/\/www.labopolis.com\/producto\/puntas-pipetas-con-filtro-expell-y-expell-plus\/#primaryimage"},"image":{"@id":"https:\/\/www.labopolis.com\/producto\/puntas-pipetas-con-filtro-expell-y-expell-plus\/#primaryimage"},"thumbnailUrl":"https:\/\/www.labopolis.com\/wp-content\/uploads\/2023\/07\/19_reload20system20b.jpg","datePublished":"2023-07-10T11:39:29+00:00","dateModified":"2024-03-07T12:58:34+00:00","description":"Puntas con filtro de baja retenci\u00f3n ExpellPlus disponibles en Racks Referencia Descripci\u00f3n 5030061C ExpellPlus 10 \u03bcL XL, Extra fina, Pre esterilizada, c\/ filtro, Gradillas con bisagra, 5x10x96 uds 5030030C ExpellPlus 10\u03bcL, Pre esterilizadas c\/ filtro, Gradillas con bisagras, 5x10x96 uds 5030062C ExpellPlus 20 \u03bcL, Pre esterilizadas, c\/ filtro, Gradillas con bisagra, 5x10x96 uds 5030066C ExpellPlus 100\u03bcL, Pre esterilizadas c\/ filtro, Gradillas con bisagras, 5x10x96 uds 5030090C ExpellPlus 200\u03bcL, Pre esterilizadas c\/ filtro, Gradillas con bisagras, 5x10x96 uds 5030150C Expell 1000\u03bcL, Pre esterilizadas c\/ filtro, Gradillas con bisagras, 4x8x96 uds 5030123C Expell 1250\u03bcL XL, Pre esterilizadas c\/ filtro, Gradillas con bisagras, 4x8x96 uds","breadcrumb":{"@id":"https:\/\/www.labopolis.com\/producto\/puntas-pipetas-con-filtro-expell-y-expell-plus\/#breadcrumb"},"inLanguage":"fr-FR","potentialAction":[{"@type":"ReadAction","target":["https:\/\/www.labopolis.com\/producto\/puntas-pipetas-con-filtro-expell-y-expell-plus\/"]}]},{"@type":"ImageObject","inLanguage":"fr-FR","@id":"https:\/\/www.labopolis.com\/producto\/puntas-pipetas-con-filtro-expell-y-expell-plus\/#primaryimage","url":"https:\/\/www.labopolis.com\/wp-content\/uploads\/2023\/07\/19_reload20system20b.jpg","contentUrl":"https:\/\/www.labopolis.com\/wp-content\/uploads\/2023\/07\/19_reload20system20b.jpg","width":500,"height":466,"caption":"Pipetas ExpellPlus CAPP"},{"@type":"BreadcrumbList","@id":"https:\/\/www.labopolis.com\/producto\/puntas-pipetas-con-filtro-expell-y-expell-plus\/#breadcrumb","itemListElement":[{"@type":"ListItem","position":1,"name":"Portada","item":"https:\/\/www.labopolis.com\/"},{"@type":"ListItem","position":2,"name":"Productos","item":"https:\/\/www.labopolis.com\/shop\/"},{"@type":"ListItem","position":3,"name":"Puntas pipetas con filtro Expell y Expell Plus"}]},{"@type":"WebSite","@id":"https:\/\/www.labopolis.com\/#website","url":"https:\/\/www.labopolis.com\/","name":"Labopolis","description":"","potentialAction":[{"@type":"SearchAction","target":{"@type":"EntryPoint","urlTemplate":"https:\/\/www.labopolis.com\/?s={search_term_string}"},"query-input":{"@type":"PropertyValueSpecification","valueRequired":true,"valueName":"search_term_string"}}],"inLanguage":"fr-FR"}]}},"_links":{"self":[{"href":"https:\/\/www.labopolis.com\/fr\/wp-json\/wp\/v2\/product\/2486","targetHints":{"allow":["GET"]}}],"collection":[{"href":"https:\/\/www.labopolis.com\/fr\/wp-json\/wp\/v2\/product"}],"about":[{"href":"https:\/\/www.labopolis.com\/fr\/wp-json\/wp\/v2\/types\/product"}],"replies":[{"embeddable":true,"href":"https:\/\/www.labopolis.com\/fr\/wp-json\/wp\/v2\/comments?post=2486"}],"wp:featuredmedia":[{"embeddable":true,"href":"https:\/\/www.labopolis.com\/fr\/wp-json\/wp\/v2\/media\/2515"}],"wp:attachment":[{"href":"https:\/\/www.labopolis.com\/fr\/wp-json\/wp\/v2\/media?parent=2486"}],"wp:term":[{"taxonomy":"product_brand","embeddable":true,"href":"https:\/\/www.labopolis.com\/fr\/wp-json\/wp\/v2\/product_brand?post=2486"},{"taxonomy":"product_cat","embeddable":true,"href":"https:\/\/www.labopolis.com\/fr\/wp-json\/wp\/v2\/product_cat?post=2486"},{"taxonomy":"product_tag","embeddable":true,"href":"https:\/\/www.labopolis.com\/fr\/wp-json\/wp\/v2\/product_tag?post=2486"}],"curies":[{"name":"wp","href":"https:\/\/api.w.org\/{rel}","templated":true}]}}