{"id":2479,"date":"2023-07-10T11:39:28","date_gmt":"2023-07-10T11:39:28","guid":{"rendered":"https:\/\/www.labopolis.com\/?post_type=product&#038;p=2479"},"modified":"2024-02-02T17:50:04","modified_gmt":"2024-02-02T17:50:04","slug":"pipeteador-capp-controller","status":"publish","type":"product","link":"https:\/\/www.labopolis.com\/fr\/produit\/pipeteador-capp-controller\/","title":{"rendered":"Contr\u00f4leur Capp - Contr\u00f4leur Capp"},"content":{"rendered":"<p>- L\u00e9ger : il ne p\u00e8se que 167 g, batterie comprise.<br \/>\n- Pile au lithium sans effet m\u00e9moire permettant jusqu'\u00e0 12 heures d'utilisation continue<br \/>\n- Peut \u00eatre recharg\u00e9 en cours d'utilisation<br \/>\n- Puissant : la pipette de 50 ml est remplie en moins de 10 secondes<br \/>\n- Distribution express : appuyer sur le bouton de distribution au-del\u00e0 du point de r\u00e9sistance int\u00e9gr\u00e9.<br \/>\n- S\u00e9lection des modes de distribution par gravit\u00e9 et par purge<br \/>\n- Vitesse enti\u00e8rement r\u00e9glable<br \/>\n- Les filtres \u00e0 disques interchangeables en PTFE de 0,2\u03bcm font office de syst\u00e8me d'arr\u00eat en cas de d\u00e9bordement.<br \/>\n- A utiliser avec des pipettes en plastique ou en verre dans une gamme de 0,1mL \u00e0 100mL.<br \/>\n- La soupape d'\u00e9chappement permet aux liquides ou aux gaz corrosifs de s'\u00e9chapper.<br \/>\n- Embout enti\u00e8rement autoclavable<br \/>\n- Conforme \u00e0 la directive RoHS et au marquage CE<\/p>","protected":false},"excerpt":{"rendered":"<p>&nbsp;<\/p>\n<table>\n<tbody>\n<tr>\n<td class=\"textop\" style=\"font-weight: bold;\" align=\"center\">Referencia<\/td>\n<td class=\"textop\" style=\"font-weight: bold;\" align=\"center\">Descripci\u00f3n<\/td>\n<\/tr>\n<tr>\n<td class=\"textop\" style=\"font-weight: bold;\" align=\"center\">PA-100<\/td>\n<td class=\"textop\">Pipeteador Capp Controller, 0,1-100mL<\/td>\n<\/tr>\n<\/tbody>\n<\/table>\n<p>[sv slug=\u00bbproductos\u00bb]<\/p>\n","protected":false},"featured_media":2509,"comment_status":"open","ping_status":"closed","template":"","meta":[],"product_brand":[],"product_cat":[159],"product_tag":[],"class_list":{"0":"post-2479","1":"product","2":"type-product","3":"status-publish","4":"has-post-thumbnail","6":"product_cat-pipetas","8":"first","9":"instock","10":"taxable","11":"shipping-taxable","12":"product-type-simple"},"yoast_head":"<!-- This site is optimized with the Yoast SEO plugin v27.2 - https:\/\/yoast.com\/product\/yoast-seo-wordpress\/ -->\n<title>Pipeteador - Capp Controller - Labopolis<\/title>\n<meta name=\"description\" content=\"&nbsp;    Referencia Descripci\u00f3n   PA-100 Pipeteador Capp Controller, 0,1-100mL\" \/>\n<meta name=\"robots\" content=\"index, follow, max-snippet:-1, max-image-preview:large, max-video-preview:-1\" \/>\n<link rel=\"canonical\" href=\"https:\/\/www.labopolis.com\/fr\/produit\/pipeteador-capp-controller\/\" \/>\n<meta property=\"og:locale\" content=\"fr_FR\" \/>\n<meta property=\"og:type\" content=\"article\" \/>\n<meta property=\"og:title\" content=\"Pipeteador - Capp Controller - Labopolis\" \/>\n<meta property=\"og:description\" content=\"&nbsp;    Referencia Descripci\u00f3n   PA-100 Pipeteador Capp Controller, 0,1-100mL\" \/>\n<meta property=\"og:url\" content=\"https:\/\/www.labopolis.com\/fr\/produit\/pipeteador-capp-controller\/\" \/>\n<meta property=\"og:site_name\" content=\"Labopolis\" \/>\n<meta property=\"article:publisher\" content=\"https:\/\/www.facebook.com\/profile.php?id=100063251679439\" \/>\n<meta property=\"article:modified_time\" content=\"2024-02-02T17:50:04+00:00\" \/>\n<meta property=\"og:image\" content=\"https:\/\/www.labopolis.com\/wp-content\/uploads\/2023\/07\/Cappcontroller.jpg\" \/>\n\t<meta property=\"og:image:width\" content=\"500\" \/>\n\t<meta property=\"og:image:height\" content=\"468\" \/>\n\t<meta property=\"og:image:type\" content=\"image\/jpeg\" \/>\n<meta name=\"twitter:card\" content=\"summary_large_image\" \/>\n<meta name=\"twitter:site\" content=\"@Labopolis\" \/>\n<meta name=\"twitter:label1\" content=\"Dur\u00e9e de lecture estim\u00e9e\" \/>\n\t<meta name=\"twitter:data1\" content=\"1 minute\" \/>\n<script type=\"application\/ld+json\" class=\"yoast-schema-graph\">{\"@context\":\"https:\/\/schema.org\",\"@graph\":[{\"@type\":\"WebPage\",\"@id\":\"https:\/\/www.labopolis.com\/producto\/pipeteador-capp-controller\/\",\"url\":\"https:\/\/www.labopolis.com\/producto\/pipeteador-capp-controller\/\",\"name\":\"Pipeteador - Capp Controller - Labopolis\",\"isPartOf\":{\"@id\":\"https:\/\/www.labopolis.com\/#website\"},\"primaryImageOfPage\":{\"@id\":\"https:\/\/www.labopolis.com\/producto\/pipeteador-capp-controller\/#primaryimage\"},\"image\":{\"@id\":\"https:\/\/www.labopolis.com\/producto\/pipeteador-capp-controller\/#primaryimage\"},\"thumbnailUrl\":\"https:\/\/www.labopolis.com\/wp-content\/uploads\/2023\/07\/Cappcontroller.jpg\",\"datePublished\":\"2023-07-10T11:39:28+00:00\",\"dateModified\":\"2024-02-02T17:50:04+00:00\",\"description\":\"&nbsp; Referencia Descripci\u00f3n PA-100 Pipeteador Capp Controller, 0,1-100mL\",\"breadcrumb\":{\"@id\":\"https:\/\/www.labopolis.com\/producto\/pipeteador-capp-controller\/#breadcrumb\"},\"inLanguage\":\"fr-FR\",\"potentialAction\":[{\"@type\":\"ReadAction\",\"target\":[\"https:\/\/www.labopolis.com\/producto\/pipeteador-capp-controller\/\"]}]},{\"@type\":\"ImageObject\",\"inLanguage\":\"fr-FR\",\"@id\":\"https:\/\/www.labopolis.com\/producto\/pipeteador-capp-controller\/#primaryimage\",\"url\":\"https:\/\/www.labopolis.com\/wp-content\/uploads\/2023\/07\/Cappcontroller.jpg\",\"contentUrl\":\"https:\/\/www.labopolis.com\/wp-content\/uploads\/2023\/07\/Cappcontroller.jpg\",\"width\":500,\"height\":468,\"caption\":\"Producto\"},{\"@type\":\"BreadcrumbList\",\"@id\":\"https:\/\/www.labopolis.com\/producto\/pipeteador-capp-controller\/#breadcrumb\",\"itemListElement\":[{\"@type\":\"ListItem\",\"position\":1,\"name\":\"Portada\",\"item\":\"https:\/\/www.labopolis.com\/\"},{\"@type\":\"ListItem\",\"position\":2,\"name\":\"Productos\",\"item\":\"https:\/\/www.labopolis.com\/shop\/\"},{\"@type\":\"ListItem\",\"position\":3,\"name\":\"Pipeteador &#8211; Capp Controller\"}]},{\"@type\":\"WebSite\",\"@id\":\"https:\/\/www.labopolis.com\/#website\",\"url\":\"https:\/\/www.labopolis.com\/\",\"name\":\"Labopolis\",\"description\":\"\",\"potentialAction\":[{\"@type\":\"SearchAction\",\"target\":{\"@type\":\"EntryPoint\",\"urlTemplate\":\"https:\/\/www.labopolis.com\/?s={search_term_string}\"},\"query-input\":{\"@type\":\"PropertyValueSpecification\",\"valueRequired\":true,\"valueName\":\"search_term_string\"}}],\"inLanguage\":\"fr-FR\"}]}<\/script>\n<!-- \/ Yoast SEO plugin. -->","yoast_head_json":{"title":"Contr\u00f4leur Capp - Contr\u00f4leur Capp - Labopolis","description":"&nbsp;    N\u00b0 de pi\u00e8ce Description PA-100 Pipette \u00e0 contr\u00f4leur Capp, 0,1-100mL","robots":{"index":"index","follow":"follow","max-snippet":"max-snippet:-1","max-image-preview":"max-image-preview:large","max-video-preview":"max-video-preview:-1"},"canonical":"https:\/\/www.labopolis.com\/fr\/produit\/pipeteador-capp-controller\/","og_locale":"fr_FR","og_type":"article","og_title":"Pipeteador - Capp Controller - Labopolis","og_description":"&nbsp;    Referencia Descripci\u00f3n   PA-100 Pipeteador Capp Controller, 0,1-100mL","og_url":"https:\/\/www.labopolis.com\/fr\/produit\/pipeteador-capp-controller\/","og_site_name":"Labopolis","article_publisher":"https:\/\/www.facebook.com\/profile.php?id=100063251679439","article_modified_time":"2024-02-02T17:50:04+00:00","og_image":[{"width":500,"height":468,"url":"https:\/\/www.labopolis.com\/wp-content\/uploads\/2023\/07\/Cappcontroller.jpg","type":"image\/jpeg"}],"twitter_card":"summary_large_image","twitter_site":"@Labopolis","twitter_misc":{"Dur\u00e9e de lecture estim\u00e9e":"1 minute"},"schema":{"@context":"https:\/\/schema.org","@graph":[{"@type":"WebPage","@id":"https:\/\/www.labopolis.com\/producto\/pipeteador-capp-controller\/","url":"https:\/\/www.labopolis.com\/producto\/pipeteador-capp-controller\/","name":"Contr\u00f4leur Capp - Contr\u00f4leur Capp - Labopolis","isPartOf":{"@id":"https:\/\/www.labopolis.com\/#website"},"primaryImageOfPage":{"@id":"https:\/\/www.labopolis.com\/producto\/pipeteador-capp-controller\/#primaryimage"},"image":{"@id":"https:\/\/www.labopolis.com\/producto\/pipeteador-capp-controller\/#primaryimage"},"thumbnailUrl":"https:\/\/www.labopolis.com\/wp-content\/uploads\/2023\/07\/Cappcontroller.jpg","datePublished":"2023-07-10T11:39:28+00:00","dateModified":"2024-02-02T17:50:04+00:00","description":"&nbsp; N\u00b0 de pi\u00e8ce Description PA-100 Pipette \u00e0 contr\u00f4leur Capp, 0,1-100mL","breadcrumb":{"@id":"https:\/\/www.labopolis.com\/producto\/pipeteador-capp-controller\/#breadcrumb"},"inLanguage":"fr-FR","potentialAction":[{"@type":"ReadAction","target":["https:\/\/www.labopolis.com\/producto\/pipeteador-capp-controller\/"]}]},{"@type":"ImageObject","inLanguage":"fr-FR","@id":"https:\/\/www.labopolis.com\/producto\/pipeteador-capp-controller\/#primaryimage","url":"https:\/\/www.labopolis.com\/wp-content\/uploads\/2023\/07\/Cappcontroller.jpg","contentUrl":"https:\/\/www.labopolis.com\/wp-content\/uploads\/2023\/07\/Cappcontroller.jpg","width":500,"height":468,"caption":"Producto"},{"@type":"BreadcrumbList","@id":"https:\/\/www.labopolis.com\/producto\/pipeteador-capp-controller\/#breadcrumb","itemListElement":[{"@type":"ListItem","position":1,"name":"Portada","item":"https:\/\/www.labopolis.com\/"},{"@type":"ListItem","position":2,"name":"Productos","item":"https:\/\/www.labopolis.com\/shop\/"},{"@type":"ListItem","position":3,"name":"Pipeteador &#8211; Capp Controller"}]},{"@type":"WebSite","@id":"https:\/\/www.labopolis.com\/#website","url":"https:\/\/www.labopolis.com\/","name":"Labopolis","description":"","potentialAction":[{"@type":"SearchAction","target":{"@type":"EntryPoint","urlTemplate":"https:\/\/www.labopolis.com\/?s={search_term_string}"},"query-input":{"@type":"PropertyValueSpecification","valueRequired":true,"valueName":"search_term_string"}}],"inLanguage":"fr-FR"}]}},"_links":{"self":[{"href":"https:\/\/www.labopolis.com\/fr\/wp-json\/wp\/v2\/product\/2479","targetHints":{"allow":["GET"]}}],"collection":[{"href":"https:\/\/www.labopolis.com\/fr\/wp-json\/wp\/v2\/product"}],"about":[{"href":"https:\/\/www.labopolis.com\/fr\/wp-json\/wp\/v2\/types\/product"}],"replies":[{"embeddable":true,"href":"https:\/\/www.labopolis.com\/fr\/wp-json\/wp\/v2\/comments?post=2479"}],"wp:featuredmedia":[{"embeddable":true,"href":"https:\/\/www.labopolis.com\/fr\/wp-json\/wp\/v2\/media\/2509"}],"wp:attachment":[{"href":"https:\/\/www.labopolis.com\/fr\/wp-json\/wp\/v2\/media?parent=2479"}],"wp:term":[{"taxonomy":"product_brand","embeddable":true,"href":"https:\/\/www.labopolis.com\/fr\/wp-json\/wp\/v2\/product_brand?post=2479"},{"taxonomy":"product_cat","embeddable":true,"href":"https:\/\/www.labopolis.com\/fr\/wp-json\/wp\/v2\/product_cat?post=2479"},{"taxonomy":"product_tag","embeddable":true,"href":"https:\/\/www.labopolis.com\/fr\/wp-json\/wp\/v2\/product_tag?post=2479"}],"curies":[{"name":"wp","href":"https:\/\/api.w.org\/{rel}","templated":true}]}}