{"id":2453,"date":"2023-07-10T11:39:17","date_gmt":"2023-07-10T11:39:17","guid":{"rendered":"https:\/\/www.labopolis.com\/?post_type=product&#038;p=2453"},"modified":"2024-02-02T17:54:28","modified_gmt":"2024-02-02T17:54:28","slug":"pipetas-multicanal-cappaero-384","status":"publish","type":"product","link":"https:\/\/www.labopolis.com\/fr\/produit\/pipetas-multicanal-cappaero-384\/","title":{"rendered":"Pipettes multicanaux - CappAero 384"},"content":{"rendered":"<p><strong>CAPPAero384\u2122 Pipettes multicanaux pour plaques de 384 puits.<\/strong><br \/>\nLa plupart des travaux impliquant des plaques de 384 puits sont effectu\u00e9s \u00e0 l'aide de syst\u00e8mes automatis\u00e9s.<br \/>\nLe CAPP est la seule alternative au monde pour le pipetage rapide et de haute pr\u00e9cision de -16, -24, -32, -48, ou -64 puits simultan\u00e9ment sans avoir besoin d'un \u00e9quipement automatis\u00e9 co\u00fbteux.<br \/>\n<strong>Id\u00e9al pour la manipulation des liquides dans les plaques de 384 puits<\/strong><br \/>\nLa pipette CAPPAero384 \u00e0 48 et 64 canaux permet de pipeter de grands \u00e9chantillons en peu de temps, tout en r\u00e9duisant le travail.<br \/>\nLa pipette CAPPAero384 peut \u00eatre utilis\u00e9e pour tous les transferts de liquides des r\u00e9servoirs profonds de 384 puits vers les plaques de test de 384 puits, et offre des avantages \u00e9vidents.<br \/>\ndans les techniques de PCR, de puces \u00e0 ADN et de spectrom\u00e9trie MALDI.<br \/>\nLes pipettes multicanaux CAPPAero384 sont l\u00e9g\u00e8res et permettent un transfert de liquide constant et fiable, le tout dans une solution ergonomique.<\/p>","protected":false},"excerpt":{"rendered":"<p>Pipetas Multicanal &#8211; CappAero 384<\/p>\n<table>\n<tbody>\n<tr>\n<td class=\"textop\" style=\"font-weight: bold;\" align=\"center\">Referencia<\/td>\n<td class=\"textop\" style=\"font-weight: bold;\" align=\"center\">Descripci\u00f3n<\/td>\n<\/tr>\n<tr>\n<td class=\"textop\" style=\"font-weight: bold;\">C02-16<\/td>\n<td class=\"textop\">Capp Multicanal, 16 canales, 0,2-2\u00b5l<\/td>\n<\/tr>\n<tr>\n<td class=\"textop\" style=\"font-weight: bold;\">C10-16<\/td>\n<td class=\"textop\">Capp Multicanal, 16 canales, 0,5-10\u00b5l<\/td>\n<\/tr>\n<tr>\n<td class=\"textop\" style=\"font-weight: bold;\">C50-16<\/td>\n<td class=\"textop\">Capp Multicanal, 16 canales, 5-50\u00b5l<\/td>\n<\/tr>\n<tr>\n<td class=\"textop\" style=\"font-weight: bold;\">C10-24<\/td>\n<td class=\"textop\">Capp Multicanal, 24 canales, 0,5-10\u00b5l<\/td>\n<\/tr>\n<tr>\n<td class=\"textop\" style=\"font-weight: bold;\">C50-24<\/td>\n<td class=\"textop\">Capp Multicanal, 24 canales, 5-50\u00b5l<\/td>\n<\/tr>\n<tr>\n<td class=\"textop\" style=\"font-weight: bold;\">C10-32<\/td>\n<td class=\"textop\">Capp Multicanal, 32 canales, 0,5-10\u00b5l<\/td>\n<\/tr>\n<tr>\n<td class=\"textop\" style=\"font-weight: bold;\">C10-48<\/td>\n<td class=\"textop\">Capp Multicanal, 48 canales, 0,5-10\u00b5l<\/td>\n<\/tr>\n<tr>\n<td class=\"textop\" style=\"font-weight: bold;\">C10-64<\/td>\n<td class=\"textop\">Capp Multicanal, 64 canales, 0,5-10\u00b5l<\/td>\n<\/tr>\n<\/tbody>\n<\/table>\n<p>[sv slug=\u00bbproductos\u00bb]<\/p>\n","protected":false},"featured_media":2471,"comment_status":"open","ping_status":"closed","template":"","meta":[],"product_brand":[],"product_cat":[159],"product_tag":[],"class_list":{"0":"post-2453","1":"product","2":"type-product","3":"status-publish","4":"has-post-thumbnail","6":"product_cat-pipetas","8":"first","9":"instock","10":"taxable","11":"shipping-taxable","12":"product-type-simple"},"yoast_head":"<!-- This site is optimized with the Yoast SEO plugin v27.2 - https:\/\/yoast.com\/product\/yoast-seo-wordpress\/ -->\n<title>Pipetas Multicanal - CappAero 384 - Labopolis<\/title>\n<meta name=\"description\" content=\"Pipetas Multicanal - CappAero 384    Referencia Descripci\u00f3n   C02-16 Capp Multicanal, 16 canales, 0,2-2\u00b5l   C10-16 Capp Multicanal, 16 canales, 0,5-10\u00b5l   C50-16 Capp Multicanal, 16 canales, 5-50\u00b5l   C10-24 Capp Multicanal, 24 canales, 0,5-10\u00b5l   C50-24 Capp Multicanal, 24 canales, 5-50\u00b5l   C10-32 Capp Multicanal, 32 canales, 0,5-10\u00b5l   C10-48 Capp Multicanal, 48 canales, 0,5-10\u00b5l   C10-64 Capp Multicanal, 64 canales, 0,5-10\u00b5l\" \/>\n<meta name=\"robots\" content=\"index, follow, max-snippet:-1, max-image-preview:large, max-video-preview:-1\" \/>\n<link rel=\"canonical\" href=\"https:\/\/www.labopolis.com\/fr\/produit\/pipetas-multicanal-cappaero-384\/\" \/>\n<meta property=\"og:locale\" content=\"fr_FR\" \/>\n<meta property=\"og:type\" content=\"article\" \/>\n<meta property=\"og:title\" content=\"Pipetas Multicanal - CappAero 384 - Labopolis\" \/>\n<meta property=\"og:description\" content=\"Pipetas Multicanal - CappAero 384    Referencia Descripci\u00f3n   C02-16 Capp Multicanal, 16 canales, 0,2-2\u00b5l   C10-16 Capp Multicanal, 16 canales, 0,5-10\u00b5l   C50-16 Capp Multicanal, 16 canales, 5-50\u00b5l   C10-24 Capp Multicanal, 24 canales, 0,5-10\u00b5l   C50-24 Capp Multicanal, 24 canales, 5-50\u00b5l   C10-32 Capp Multicanal, 32 canales, 0,5-10\u00b5l   C10-48 Capp Multicanal, 48 canales, 0,5-10\u00b5l   C10-64 Capp Multicanal, 64 canales, 0,5-10\u00b5l\" \/>\n<meta property=\"og:url\" content=\"https:\/\/www.labopolis.com\/fr\/produit\/pipetas-multicanal-cappaero-384\/\" \/>\n<meta property=\"og:site_name\" content=\"Labopolis\" \/>\n<meta property=\"article:publisher\" content=\"https:\/\/www.facebook.com\/profile.php?id=100063251679439\" \/>\n<meta property=\"article:modified_time\" content=\"2024-02-02T17:54:28+00:00\" \/>\n<meta property=\"og:image\" content=\"https:\/\/www.labopolis.com\/wp-content\/uploads\/2023\/07\/C-10-64.jpg\" \/>\n\t<meta property=\"og:image:width\" content=\"345\" \/>\n\t<meta property=\"og:image:height\" content=\"500\" \/>\n\t<meta property=\"og:image:type\" content=\"image\/jpeg\" \/>\n<meta name=\"twitter:card\" content=\"summary_large_image\" \/>\n<meta name=\"twitter:site\" content=\"@Labopolis\" \/>\n<meta name=\"twitter:label1\" content=\"Dur\u00e9e de lecture estim\u00e9e\" \/>\n\t<meta name=\"twitter:data1\" content=\"1 minute\" \/>\n<script type=\"application\/ld+json\" class=\"yoast-schema-graph\">{\"@context\":\"https:\/\/schema.org\",\"@graph\":[{\"@type\":\"WebPage\",\"@id\":\"https:\/\/www.labopolis.com\/producto\/pipetas-multicanal-cappaero-384\/\",\"url\":\"https:\/\/www.labopolis.com\/producto\/pipetas-multicanal-cappaero-384\/\",\"name\":\"Pipetas Multicanal - CappAero 384 - Labopolis\",\"isPartOf\":{\"@id\":\"https:\/\/www.labopolis.com\/#website\"},\"primaryImageOfPage\":{\"@id\":\"https:\/\/www.labopolis.com\/producto\/pipetas-multicanal-cappaero-384\/#primaryimage\"},\"image\":{\"@id\":\"https:\/\/www.labopolis.com\/producto\/pipetas-multicanal-cappaero-384\/#primaryimage\"},\"thumbnailUrl\":\"https:\/\/www.labopolis.com\/wp-content\/uploads\/2023\/07\/C-10-64.jpg\",\"datePublished\":\"2023-07-10T11:39:17+00:00\",\"dateModified\":\"2024-02-02T17:54:28+00:00\",\"description\":\"Pipetas Multicanal - CappAero 384 Referencia Descripci\u00f3n C02-16 Capp Multicanal, 16 canales, 0,2-2\u00b5l C10-16 Capp Multicanal, 16 canales, 0,5-10\u00b5l C50-16 Capp Multicanal, 16 canales, 5-50\u00b5l C10-24 Capp Multicanal, 24 canales, 0,5-10\u00b5l C50-24 Capp Multicanal, 24 canales, 5-50\u00b5l C10-32 Capp Multicanal, 32 canales, 0,5-10\u00b5l C10-48 Capp Multicanal, 48 canales, 0,5-10\u00b5l C10-64 Capp Multicanal, 64 canales, 0,5-10\u00b5l\",\"breadcrumb\":{\"@id\":\"https:\/\/www.labopolis.com\/producto\/pipetas-multicanal-cappaero-384\/#breadcrumb\"},\"inLanguage\":\"fr-FR\",\"potentialAction\":[{\"@type\":\"ReadAction\",\"target\":[\"https:\/\/www.labopolis.com\/producto\/pipetas-multicanal-cappaero-384\/\"]}]},{\"@type\":\"ImageObject\",\"inLanguage\":\"fr-FR\",\"@id\":\"https:\/\/www.labopolis.com\/producto\/pipetas-multicanal-cappaero-384\/#primaryimage\",\"url\":\"https:\/\/www.labopolis.com\/wp-content\/uploads\/2023\/07\/C-10-64.jpg\",\"contentUrl\":\"https:\/\/www.labopolis.com\/wp-content\/uploads\/2023\/07\/C-10-64.jpg\",\"width\":345,\"height\":500,\"caption\":\"Producto\"},{\"@type\":\"BreadcrumbList\",\"@id\":\"https:\/\/www.labopolis.com\/producto\/pipetas-multicanal-cappaero-384\/#breadcrumb\",\"itemListElement\":[{\"@type\":\"ListItem\",\"position\":1,\"name\":\"Portada\",\"item\":\"https:\/\/www.labopolis.com\/\"},{\"@type\":\"ListItem\",\"position\":2,\"name\":\"Productos\",\"item\":\"https:\/\/www.labopolis.com\/shop\/\"},{\"@type\":\"ListItem\",\"position\":3,\"name\":\"Pipetas Multicanal &#8211; CappAero 384\"}]},{\"@type\":\"WebSite\",\"@id\":\"https:\/\/www.labopolis.com\/#website\",\"url\":\"https:\/\/www.labopolis.com\/\",\"name\":\"Labopolis\",\"description\":\"\",\"potentialAction\":[{\"@type\":\"SearchAction\",\"target\":{\"@type\":\"EntryPoint\",\"urlTemplate\":\"https:\/\/www.labopolis.com\/?s={search_term_string}\"},\"query-input\":{\"@type\":\"PropertyValueSpecification\",\"valueRequired\":true,\"valueName\":\"search_term_string\"}}],\"inLanguage\":\"fr-FR\"}]}<\/script>\n<!-- \/ Yoast SEO plugin. -->","yoast_head_json":{"title":"Pipetas Multicanal - CappAero 384 - Labopolis","description":"Pipetas Multicanal - CappAero 384    Referencia Descripci\u00f3n   C02-16 Capp Multicanal, 16 canales, 0,2-2\u00b5l   C10-16 Capp Multicanal, 16 canales, 0,5-10\u00b5l   C50-16 Capp Multicanal, 16 canales, 5-50\u00b5l   C10-24 Capp Multicanal, 24 canales, 0,5-10\u00b5l   C50-24 Capp Multicanal, 24 canales, 5-50\u00b5l   C10-32 Capp Multicanal, 32 canales, 0,5-10\u00b5l   C10-48 Capp Multicanal, 48 canales, 0,5-10\u00b5l   C10-64 Capp Multicanal, 64 canales, 0,5-10\u00b5l","robots":{"index":"index","follow":"follow","max-snippet":"max-snippet:-1","max-image-preview":"max-image-preview:large","max-video-preview":"max-video-preview:-1"},"canonical":"https:\/\/www.labopolis.com\/fr\/produit\/pipetas-multicanal-cappaero-384\/","og_locale":"fr_FR","og_type":"article","og_title":"Pipetas Multicanal - CappAero 384 - Labopolis","og_description":"Pipetas Multicanal - CappAero 384    Referencia Descripci\u00f3n   C02-16 Capp Multicanal, 16 canales, 0,2-2\u00b5l   C10-16 Capp Multicanal, 16 canales, 0,5-10\u00b5l   C50-16 Capp Multicanal, 16 canales, 5-50\u00b5l   C10-24 Capp Multicanal, 24 canales, 0,5-10\u00b5l   C50-24 Capp Multicanal, 24 canales, 5-50\u00b5l   C10-32 Capp Multicanal, 32 canales, 0,5-10\u00b5l   C10-48 Capp Multicanal, 48 canales, 0,5-10\u00b5l   C10-64 Capp Multicanal, 64 canales, 0,5-10\u00b5l","og_url":"https:\/\/www.labopolis.com\/fr\/produit\/pipetas-multicanal-cappaero-384\/","og_site_name":"Labopolis","article_publisher":"https:\/\/www.facebook.com\/profile.php?id=100063251679439","article_modified_time":"2024-02-02T17:54:28+00:00","og_image":[{"width":345,"height":500,"url":"https:\/\/www.labopolis.com\/wp-content\/uploads\/2023\/07\/C-10-64.jpg","type":"image\/jpeg"}],"twitter_card":"summary_large_image","twitter_site":"@Labopolis","twitter_misc":{"Dur\u00e9e de lecture estim\u00e9e":"1 minute"},"schema":{"@context":"https:\/\/schema.org","@graph":[{"@type":"WebPage","@id":"https:\/\/www.labopolis.com\/producto\/pipetas-multicanal-cappaero-384\/","url":"https:\/\/www.labopolis.com\/producto\/pipetas-multicanal-cappaero-384\/","name":"Pipetas Multicanal - CappAero 384 - Labopolis","isPartOf":{"@id":"https:\/\/www.labopolis.com\/#website"},"primaryImageOfPage":{"@id":"https:\/\/www.labopolis.com\/producto\/pipetas-multicanal-cappaero-384\/#primaryimage"},"image":{"@id":"https:\/\/www.labopolis.com\/producto\/pipetas-multicanal-cappaero-384\/#primaryimage"},"thumbnailUrl":"https:\/\/www.labopolis.com\/wp-content\/uploads\/2023\/07\/C-10-64.jpg","datePublished":"2023-07-10T11:39:17+00:00","dateModified":"2024-02-02T17:54:28+00:00","description":"Pipetas Multicanal - CappAero 384 Referencia Descripci\u00f3n C02-16 Capp Multicanal, 16 canales, 0,2-2\u00b5l C10-16 Capp Multicanal, 16 canales, 0,5-10\u00b5l C50-16 Capp Multicanal, 16 canales, 5-50\u00b5l C10-24 Capp Multicanal, 24 canales, 0,5-10\u00b5l C50-24 Capp Multicanal, 24 canales, 5-50\u00b5l C10-32 Capp Multicanal, 32 canales, 0,5-10\u00b5l C10-48 Capp Multicanal, 48 canales, 0,5-10\u00b5l C10-64 Capp Multicanal, 64 canales, 0,5-10\u00b5l","breadcrumb":{"@id":"https:\/\/www.labopolis.com\/producto\/pipetas-multicanal-cappaero-384\/#breadcrumb"},"inLanguage":"fr-FR","potentialAction":[{"@type":"ReadAction","target":["https:\/\/www.labopolis.com\/producto\/pipetas-multicanal-cappaero-384\/"]}]},{"@type":"ImageObject","inLanguage":"fr-FR","@id":"https:\/\/www.labopolis.com\/producto\/pipetas-multicanal-cappaero-384\/#primaryimage","url":"https:\/\/www.labopolis.com\/wp-content\/uploads\/2023\/07\/C-10-64.jpg","contentUrl":"https:\/\/www.labopolis.com\/wp-content\/uploads\/2023\/07\/C-10-64.jpg","width":345,"height":500,"caption":"Producto"},{"@type":"BreadcrumbList","@id":"https:\/\/www.labopolis.com\/producto\/pipetas-multicanal-cappaero-384\/#breadcrumb","itemListElement":[{"@type":"ListItem","position":1,"name":"Portada","item":"https:\/\/www.labopolis.com\/"},{"@type":"ListItem","position":2,"name":"Productos","item":"https:\/\/www.labopolis.com\/shop\/"},{"@type":"ListItem","position":3,"name":"Pipetas Multicanal &#8211; CappAero 384"}]},{"@type":"WebSite","@id":"https:\/\/www.labopolis.com\/#website","url":"https:\/\/www.labopolis.com\/","name":"Labopolis","description":"","potentialAction":[{"@type":"SearchAction","target":{"@type":"EntryPoint","urlTemplate":"https:\/\/www.labopolis.com\/?s={search_term_string}"},"query-input":{"@type":"PropertyValueSpecification","valueRequired":true,"valueName":"search_term_string"}}],"inLanguage":"fr-FR"}]}},"_links":{"self":[{"href":"https:\/\/www.labopolis.com\/fr\/wp-json\/wp\/v2\/product\/2453","targetHints":{"allow":["GET"]}}],"collection":[{"href":"https:\/\/www.labopolis.com\/fr\/wp-json\/wp\/v2\/product"}],"about":[{"href":"https:\/\/www.labopolis.com\/fr\/wp-json\/wp\/v2\/types\/product"}],"replies":[{"embeddable":true,"href":"https:\/\/www.labopolis.com\/fr\/wp-json\/wp\/v2\/comments?post=2453"}],"wp:featuredmedia":[{"embeddable":true,"href":"https:\/\/www.labopolis.com\/fr\/wp-json\/wp\/v2\/media\/2471"}],"wp:attachment":[{"href":"https:\/\/www.labopolis.com\/fr\/wp-json\/wp\/v2\/media?parent=2453"}],"wp:term":[{"taxonomy":"product_brand","embeddable":true,"href":"https:\/\/www.labopolis.com\/fr\/wp-json\/wp\/v2\/product_brand?post=2453"},{"taxonomy":"product_cat","embeddable":true,"href":"https:\/\/www.labopolis.com\/fr\/wp-json\/wp\/v2\/product_cat?post=2453"},{"taxonomy":"product_tag","embeddable":true,"href":"https:\/\/www.labopolis.com\/fr\/wp-json\/wp\/v2\/product_tag?post=2453"}],"curies":[{"name":"wp","href":"https:\/\/api.w.org\/{rel}","templated":true}]}}