{"id":1399,"date":"2023-07-10T11:33:40","date_gmt":"2023-07-10T11:33:40","guid":{"rendered":"https:\/\/www.labopolis.com\/?post_type=product&#038;p=1399"},"modified":"2025-12-28T16:27:18","modified_gmt":"2025-12-28T16:27:18","slug":"powerjet-2-mechero-a-gas-portatil","status":"publish","type":"product","link":"https:\/\/www.labopolis.com\/fr\/produit\/powerjet-2-mechero-a-gas-portatil\/","title":{"rendered":"Powerjet 2 - Allume-gaz portable"},"content":{"rendered":"<p>Br\u00fbleur \u00e0 gaz portable et polyvalent. La solution pour tous les travaux de st\u00e9rilisation dans le domaine de la biotechnologie et de la microbiologie.<br \/>\nLe br\u00fbleur s'allume d\u00e8s que l'on appuie sur le bouton. La flamme peut \u00eatre r\u00e9gl\u00e9e et s'\u00e9teint lorsqu'elle est rel\u00e2ch\u00e9e. En outre, il est \u00e9quip\u00e9 d'un dispositif de verrouillage, qui bloque le br\u00fbleur dans des intervalles courts ou longs.<br \/>\n<strong>Caract\u00e9ristiques et accessoires inclus :<\/strong><br \/>\nMise en marche automatique<br \/>\nAlimentation en gaz uniquement lorsque le bouton est enfonc\u00e9<br \/>\nManipulation s\u00fbre, car il peut \u00eatre utilis\u00e9 d'une seule main<br \/>\nIl utilise diff\u00e9rents types de gaz, le br\u00fbleur peut \u00eatre raccord\u00e9 \u00e0 une alimentation centrale en gaz ou \u00e0 des cartouches de gaz Camping Gaz CV360.<br \/>\nInjecteur pour gaz naturel, propane \/ butane<br \/>\nOutils inclus pour une mise en service facile<br \/>\nManuel d'instruction et garantie de 2 ans<\/p>\n<p>Mod\u00e8le : 6.006.000<\/p>","protected":false},"excerpt":{"rendered":"<p>R\u00e9f. : 6.006.000 Briquet \u00e0 gaz portable et polyvalent<\/p>","protected":false},"featured_media":1409,"comment_status":"open","ping_status":"closed","template":"","meta":[],"product_brand":[],"product_cat":[23,127],"product_tag":[],"class_list":{"0":"post-1399","1":"product","2":"type-product","3":"status-publish","4":"has-post-thumbnail","6":"product_cat-laboratorio","7":"product_cat-mecheros-de-laboratorio","9":"first","10":"instock","11":"taxable","12":"shipping-taxable","13":"purchasable","14":"product-type-simple"},"yoast_head":"<!-- This site is optimized with the Yoast SEO plugin v27.2 - https:\/\/yoast.com\/product\/yoast-seo-wordpress\/ -->\n<title>Powerjet 2 - Mechero a gas port\u00e1til - Labopolis<\/title>\n<meta name=\"description\" content=\"Ref.: 6.006.000\u00a0Mechero\u00a0a gas port\u00e1til y vers\u00e1til\" \/>\n<meta name=\"robots\" content=\"index, follow, max-snippet:-1, max-image-preview:large, max-video-preview:-1\" \/>\n<link rel=\"canonical\" href=\"https:\/\/www.labopolis.com\/fr\/produit\/powerjet-2-mechero-a-gas-portatil\/\" \/>\n<meta property=\"og:locale\" content=\"fr_FR\" \/>\n<meta property=\"og:type\" content=\"article\" \/>\n<meta property=\"og:title\" content=\"Powerjet 2 - Mechero a gas port\u00e1til - Labopolis\" \/>\n<meta property=\"og:description\" content=\"Ref.: 6.006.000\u00a0Mechero\u00a0a gas port\u00e1til y vers\u00e1til\" \/>\n<meta property=\"og:url\" content=\"https:\/\/www.labopolis.com\/fr\/produit\/powerjet-2-mechero-a-gas-portatil\/\" \/>\n<meta property=\"og:site_name\" content=\"Labopolis\" \/>\n<meta property=\"article:publisher\" content=\"https:\/\/www.facebook.com\/profile.php?id=100063251679439\" \/>\n<meta property=\"article:modified_time\" content=\"2025-12-28T16:27:18+00:00\" \/>\n<meta property=\"og:image\" content=\"https:\/\/www.labopolis.com\/wp-content\/uploads\/2023\/07\/powerjet2.png\" \/>\n\t<meta property=\"og:image:width\" content=\"227\" \/>\n\t<meta property=\"og:image:height\" content=\"182\" \/>\n\t<meta property=\"og:image:type\" content=\"image\/png\" \/>\n<meta name=\"twitter:card\" content=\"summary_large_image\" \/>\n<meta name=\"twitter:site\" content=\"@Labopolis\" \/>\n<meta name=\"twitter:label1\" content=\"Dur\u00e9e de lecture estim\u00e9e\" \/>\n\t<meta name=\"twitter:data1\" content=\"1 minute\" \/>\n<script type=\"application\/ld+json\" class=\"yoast-schema-graph\">{\"@context\":\"https:\/\/schema.org\",\"@graph\":[{\"@type\":\"WebPage\",\"@id\":\"https:\/\/www.labopolis.com\/producto\/powerjet-2-mechero-a-gas-portatil\/\",\"url\":\"https:\/\/www.labopolis.com\/producto\/powerjet-2-mechero-a-gas-portatil\/\",\"name\":\"Powerjet 2 - Mechero a gas port\u00e1til - Labopolis\",\"isPartOf\":{\"@id\":\"https:\/\/www.labopolis.com\/#website\"},\"primaryImageOfPage\":{\"@id\":\"https:\/\/www.labopolis.com\/producto\/powerjet-2-mechero-a-gas-portatil\/#primaryimage\"},\"image\":{\"@id\":\"https:\/\/www.labopolis.com\/producto\/powerjet-2-mechero-a-gas-portatil\/#primaryimage\"},\"thumbnailUrl\":\"https:\/\/www.labopolis.com\/wp-content\/uploads\/2023\/07\/powerjet2.png\",\"datePublished\":\"2023-07-10T11:33:40+00:00\",\"dateModified\":\"2025-12-28T16:27:18+00:00\",\"description\":\"Ref.: 6.006.000\u00a0Mechero\u00a0a gas port\u00e1til y vers\u00e1til\",\"breadcrumb\":{\"@id\":\"https:\/\/www.labopolis.com\/producto\/powerjet-2-mechero-a-gas-portatil\/#breadcrumb\"},\"inLanguage\":\"fr-FR\",\"potentialAction\":[{\"@type\":\"ReadAction\",\"target\":[\"https:\/\/www.labopolis.com\/producto\/powerjet-2-mechero-a-gas-portatil\/\"]}]},{\"@type\":\"ImageObject\",\"inLanguage\":\"fr-FR\",\"@id\":\"https:\/\/www.labopolis.com\/producto\/powerjet-2-mechero-a-gas-portatil\/#primaryimage\",\"url\":\"https:\/\/www.labopolis.com\/wp-content\/uploads\/2023\/07\/powerjet2.png\",\"contentUrl\":\"https:\/\/www.labopolis.com\/wp-content\/uploads\/2023\/07\/powerjet2.png\",\"width\":227,\"height\":182,\"caption\":\"Powerjet 2 - Mechero a gas port\u00e1til\"},{\"@type\":\"BreadcrumbList\",\"@id\":\"https:\/\/www.labopolis.com\/producto\/powerjet-2-mechero-a-gas-portatil\/#breadcrumb\",\"itemListElement\":[{\"@type\":\"ListItem\",\"position\":1,\"name\":\"Portada\",\"item\":\"https:\/\/www.labopolis.com\/\"},{\"@type\":\"ListItem\",\"position\":2,\"name\":\"Productos\",\"item\":\"https:\/\/www.labopolis.com\/shop\/\"},{\"@type\":\"ListItem\",\"position\":3,\"name\":\"Powerjet 2 &#8211; Mechero a gas port\u00e1til\"}]},{\"@type\":\"WebSite\",\"@id\":\"https:\/\/www.labopolis.com\/#website\",\"url\":\"https:\/\/www.labopolis.com\/\",\"name\":\"Labopolis\",\"description\":\"\",\"potentialAction\":[{\"@type\":\"SearchAction\",\"target\":{\"@type\":\"EntryPoint\",\"urlTemplate\":\"https:\/\/www.labopolis.com\/?s={search_term_string}\"},\"query-input\":{\"@type\":\"PropertyValueSpecification\",\"valueRequired\":true,\"valueName\":\"search_term_string\"}}],\"inLanguage\":\"fr-FR\"}]}<\/script>\n<!-- \/ Yoast SEO plugin. -->","yoast_head_json":{"title":"Powerjet 2 - Mechero a gas port\u00e1til - Labopolis","description":"R\u00e9f. : 6.006.000 Briquet \u00e0 gaz portable et polyvalent","robots":{"index":"index","follow":"follow","max-snippet":"max-snippet:-1","max-image-preview":"max-image-preview:large","max-video-preview":"max-video-preview:-1"},"canonical":"https:\/\/www.labopolis.com\/fr\/produit\/powerjet-2-mechero-a-gas-portatil\/","og_locale":"fr_FR","og_type":"article","og_title":"Powerjet 2 - Mechero a gas port\u00e1til - Labopolis","og_description":"Ref.: 6.006.000\u00a0Mechero\u00a0a gas port\u00e1til y vers\u00e1til","og_url":"https:\/\/www.labopolis.com\/fr\/produit\/powerjet-2-mechero-a-gas-portatil\/","og_site_name":"Labopolis","article_publisher":"https:\/\/www.facebook.com\/profile.php?id=100063251679439","article_modified_time":"2025-12-28T16:27:18+00:00","og_image":[{"width":227,"height":182,"url":"https:\/\/www.labopolis.com\/wp-content\/uploads\/2023\/07\/powerjet2.png","type":"image\/png"}],"twitter_card":"summary_large_image","twitter_site":"@Labopolis","twitter_misc":{"Dur\u00e9e de lecture estim\u00e9e":"1 minute"},"schema":{"@context":"https:\/\/schema.org","@graph":[{"@type":"WebPage","@id":"https:\/\/www.labopolis.com\/producto\/powerjet-2-mechero-a-gas-portatil\/","url":"https:\/\/www.labopolis.com\/producto\/powerjet-2-mechero-a-gas-portatil\/","name":"Powerjet 2 - Mechero a gas port\u00e1til - Labopolis","isPartOf":{"@id":"https:\/\/www.labopolis.com\/#website"},"primaryImageOfPage":{"@id":"https:\/\/www.labopolis.com\/producto\/powerjet-2-mechero-a-gas-portatil\/#primaryimage"},"image":{"@id":"https:\/\/www.labopolis.com\/producto\/powerjet-2-mechero-a-gas-portatil\/#primaryimage"},"thumbnailUrl":"https:\/\/www.labopolis.com\/wp-content\/uploads\/2023\/07\/powerjet2.png","datePublished":"2023-07-10T11:33:40+00:00","dateModified":"2025-12-28T16:27:18+00:00","description":"R\u00e9f. : 6.006.000 Briquet \u00e0 gaz portable et polyvalent","breadcrumb":{"@id":"https:\/\/www.labopolis.com\/producto\/powerjet-2-mechero-a-gas-portatil\/#breadcrumb"},"inLanguage":"fr-FR","potentialAction":[{"@type":"ReadAction","target":["https:\/\/www.labopolis.com\/producto\/powerjet-2-mechero-a-gas-portatil\/"]}]},{"@type":"ImageObject","inLanguage":"fr-FR","@id":"https:\/\/www.labopolis.com\/producto\/powerjet-2-mechero-a-gas-portatil\/#primaryimage","url":"https:\/\/www.labopolis.com\/wp-content\/uploads\/2023\/07\/powerjet2.png","contentUrl":"https:\/\/www.labopolis.com\/wp-content\/uploads\/2023\/07\/powerjet2.png","width":227,"height":182,"caption":"Powerjet 2 - Mechero a gas port\u00e1til"},{"@type":"BreadcrumbList","@id":"https:\/\/www.labopolis.com\/producto\/powerjet-2-mechero-a-gas-portatil\/#breadcrumb","itemListElement":[{"@type":"ListItem","position":1,"name":"Portada","item":"https:\/\/www.labopolis.com\/"},{"@type":"ListItem","position":2,"name":"Productos","item":"https:\/\/www.labopolis.com\/shop\/"},{"@type":"ListItem","position":3,"name":"Powerjet 2 &#8211; Mechero a gas port\u00e1til"}]},{"@type":"WebSite","@id":"https:\/\/www.labopolis.com\/#website","url":"https:\/\/www.labopolis.com\/","name":"Labopolis","description":"","potentialAction":[{"@type":"SearchAction","target":{"@type":"EntryPoint","urlTemplate":"https:\/\/www.labopolis.com\/?s={search_term_string}"},"query-input":{"@type":"PropertyValueSpecification","valueRequired":true,"valueName":"search_term_string"}}],"inLanguage":"fr-FR"}]}},"_links":{"self":[{"href":"https:\/\/www.labopolis.com\/fr\/wp-json\/wp\/v2\/product\/1399","targetHints":{"allow":["GET"]}}],"collection":[{"href":"https:\/\/www.labopolis.com\/fr\/wp-json\/wp\/v2\/product"}],"about":[{"href":"https:\/\/www.labopolis.com\/fr\/wp-json\/wp\/v2\/types\/product"}],"replies":[{"embeddable":true,"href":"https:\/\/www.labopolis.com\/fr\/wp-json\/wp\/v2\/comments?post=1399"}],"wp:featuredmedia":[{"embeddable":true,"href":"https:\/\/www.labopolis.com\/fr\/wp-json\/wp\/v2\/media\/1409"}],"wp:attachment":[{"href":"https:\/\/www.labopolis.com\/fr\/wp-json\/wp\/v2\/media?parent=1399"}],"wp:term":[{"taxonomy":"product_brand","embeddable":true,"href":"https:\/\/www.labopolis.com\/fr\/wp-json\/wp\/v2\/product_brand?post=1399"},{"taxonomy":"product_cat","embeddable":true,"href":"https:\/\/www.labopolis.com\/fr\/wp-json\/wp\/v2\/product_cat?post=1399"},{"taxonomy":"product_tag","embeddable":true,"href":"https:\/\/www.labopolis.com\/fr\/wp-json\/wp\/v2\/product_tag?post=1399"}],"curies":[{"name":"wp","href":"https:\/\/api.w.org\/{rel}","templated":true}]}}