{"id":1397,"date":"2023-07-10T11:33:40","date_gmt":"2023-07-10T11:33:40","guid":{"rendered":"https:\/\/www.labopolis.com\/?post_type=product&#038;p=1397"},"modified":"2025-12-28T16:22:57","modified_gmt":"2025-12-28T16:22:57","slug":"mechero-bunsen-flame-100","status":"publish","type":"product","link":"https:\/\/www.labopolis.com\/fr\/produit\/mechero-bunsen-flame-100\/","title":{"rendered":"Br\u00fbleur Bunsen Flamme 100"},"content":{"rendered":"<p>Flame 100 \u00e9tablit une nouvelle norme pour les br\u00fbleurs Bunsen<br \/>\nL'alternative s\u00fbre aux br\u00fbleurs Bunsen ou aux br\u00fbleurs \u00e0 alcool.<br \/>\nCaract\u00e9ristiques et accessoires inclus :<br \/>\nFlamme, d\u00e9marre en appuyant sur le bouton, pas besoin d'allumettes<br \/>\nTechnologie de s\u00e9curit\u00e9 innovante<br \/>\nDispositif de serrage pour 2 boucles de semences.<br \/>\nFacile \u00e0 utiliser<br \/>\nR\u00e9duction des co\u00fbts et respect de l'environnement<br \/>\nLe Flame 100 est id\u00e9al pour toutes les applications de laboratoire. Sa flamme de pr\u00e9cision de 15 mm permet de chauffer les instruments dentaires et de st\u00e9riliser en toute s\u00e9curit\u00e9 les instruments microbiologiques. La taille et l'intensit\u00e9 de la flamme peuvent \u00eatre r\u00e9gl\u00e9es en continu.<\/p>\n<p>Mod\u00e8le : 2.100.000<\/p>","protected":false},"excerpt":{"rendered":"<p>R\u00e9f. : 2.100.000 Br\u00fbleur Bunsen Flamme 100<\/p>","protected":false},"featured_media":1407,"comment_status":"open","ping_status":"closed","template":"","meta":[],"product_brand":[],"product_cat":[23,127],"product_tag":[],"class_list":{"0":"post-1397","1":"product","2":"type-product","3":"status-publish","4":"has-post-thumbnail","6":"product_cat-laboratorio","7":"product_cat-mecheros-de-laboratorio","9":"first","10":"instock","11":"taxable","12":"shipping-taxable","13":"purchasable","14":"product-type-simple"},"yoast_head":"<!-- This site is optimized with the Yoast SEO plugin v27.2 - https:\/\/yoast.com\/product\/yoast-seo-wordpress\/ -->\n<title>Mechero Bunsen Flame 100 - Labopolis<\/title>\n<meta name=\"description\" content=\"Ref.: 2.100.000\u00a0Mechero Bunsen Flame 100\" \/>\n<meta name=\"robots\" content=\"index, follow, max-snippet:-1, max-image-preview:large, max-video-preview:-1\" \/>\n<link rel=\"canonical\" href=\"https:\/\/www.labopolis.com\/fr\/produit\/mechero-bunsen-flame-100\/\" \/>\n<meta property=\"og:locale\" content=\"fr_FR\" \/>\n<meta property=\"og:type\" content=\"article\" \/>\n<meta property=\"og:title\" content=\"Mechero Bunsen Flame 100 - Labopolis\" \/>\n<meta property=\"og:description\" content=\"Ref.: 2.100.000\u00a0Mechero Bunsen Flame 100\" \/>\n<meta property=\"og:url\" content=\"https:\/\/www.labopolis.com\/fr\/produit\/mechero-bunsen-flame-100\/\" \/>\n<meta property=\"og:site_name\" content=\"Labopolis\" \/>\n<meta property=\"article:publisher\" content=\"https:\/\/www.facebook.com\/profile.php?id=100063251679439\" \/>\n<meta property=\"article:modified_time\" content=\"2025-12-28T16:22:57+00:00\" \/>\n<meta property=\"og:image\" content=\"https:\/\/www.labopolis.com\/wp-content\/uploads\/2023\/07\/Flame_100_main_4637.png\" \/>\n\t<meta property=\"og:image:width\" content=\"264\" \/>\n\t<meta property=\"og:image:height\" content=\"400\" \/>\n\t<meta property=\"og:image:type\" content=\"image\/png\" \/>\n<meta name=\"twitter:card\" content=\"summary_large_image\" \/>\n<meta name=\"twitter:site\" content=\"@Labopolis\" \/>\n<meta name=\"twitter:label1\" content=\"Dur\u00e9e de lecture estim\u00e9e\" \/>\n\t<meta name=\"twitter:data1\" content=\"1 minute\" \/>\n<script type=\"application\/ld+json\" class=\"yoast-schema-graph\">{\"@context\":\"https:\/\/schema.org\",\"@graph\":[{\"@type\":\"WebPage\",\"@id\":\"https:\/\/www.labopolis.com\/producto\/mechero-bunsen-flame-100\/\",\"url\":\"https:\/\/www.labopolis.com\/producto\/mechero-bunsen-flame-100\/\",\"name\":\"Mechero Bunsen Flame 100 - Labopolis\",\"isPartOf\":{\"@id\":\"https:\/\/www.labopolis.com\/#website\"},\"primaryImageOfPage\":{\"@id\":\"https:\/\/www.labopolis.com\/producto\/mechero-bunsen-flame-100\/#primaryimage\"},\"image\":{\"@id\":\"https:\/\/www.labopolis.com\/producto\/mechero-bunsen-flame-100\/#primaryimage\"},\"thumbnailUrl\":\"https:\/\/www.labopolis.com\/wp-content\/uploads\/2023\/07\/Flame_100_main_4637.png\",\"datePublished\":\"2023-07-10T11:33:40+00:00\",\"dateModified\":\"2025-12-28T16:22:57+00:00\",\"description\":\"Ref.: 2.100.000\u00a0Mechero Bunsen Flame 100\",\"breadcrumb\":{\"@id\":\"https:\/\/www.labopolis.com\/producto\/mechero-bunsen-flame-100\/#breadcrumb\"},\"inLanguage\":\"fr-FR\",\"potentialAction\":[{\"@type\":\"ReadAction\",\"target\":[\"https:\/\/www.labopolis.com\/producto\/mechero-bunsen-flame-100\/\"]}]},{\"@type\":\"ImageObject\",\"inLanguage\":\"fr-FR\",\"@id\":\"https:\/\/www.labopolis.com\/producto\/mechero-bunsen-flame-100\/#primaryimage\",\"url\":\"https:\/\/www.labopolis.com\/wp-content\/uploads\/2023\/07\/Flame_100_main_4637.png\",\"contentUrl\":\"https:\/\/www.labopolis.com\/wp-content\/uploads\/2023\/07\/Flame_100_main_4637.png\",\"width\":264,\"height\":400,\"caption\":\"Producto\"},{\"@type\":\"BreadcrumbList\",\"@id\":\"https:\/\/www.labopolis.com\/producto\/mechero-bunsen-flame-100\/#breadcrumb\",\"itemListElement\":[{\"@type\":\"ListItem\",\"position\":1,\"name\":\"Portada\",\"item\":\"https:\/\/www.labopolis.com\/\"},{\"@type\":\"ListItem\",\"position\":2,\"name\":\"Productos\",\"item\":\"https:\/\/www.labopolis.com\/shop\/\"},{\"@type\":\"ListItem\",\"position\":3,\"name\":\"Mechero Bunsen Flame 100\"}]},{\"@type\":\"WebSite\",\"@id\":\"https:\/\/www.labopolis.com\/#website\",\"url\":\"https:\/\/www.labopolis.com\/\",\"name\":\"Labopolis\",\"description\":\"\",\"potentialAction\":[{\"@type\":\"SearchAction\",\"target\":{\"@type\":\"EntryPoint\",\"urlTemplate\":\"https:\/\/www.labopolis.com\/?s={search_term_string}\"},\"query-input\":{\"@type\":\"PropertyValueSpecification\",\"valueRequired\":true,\"valueName\":\"search_term_string\"}}],\"inLanguage\":\"fr-FR\"}]}<\/script>\n<!-- \/ Yoast SEO plugin. -->","yoast_head_json":{"title":"Mechero Bunsen Flame 100 - Labopolis","description":"R\u00e9f. : 2.100.000 Br\u00fbleur Bunsen Flamme 100","robots":{"index":"index","follow":"follow","max-snippet":"max-snippet:-1","max-image-preview":"max-image-preview:large","max-video-preview":"max-video-preview:-1"},"canonical":"https:\/\/www.labopolis.com\/fr\/produit\/mechero-bunsen-flame-100\/","og_locale":"fr_FR","og_type":"article","og_title":"Mechero Bunsen Flame 100 - Labopolis","og_description":"Ref.: 2.100.000\u00a0Mechero Bunsen Flame 100","og_url":"https:\/\/www.labopolis.com\/fr\/produit\/mechero-bunsen-flame-100\/","og_site_name":"Labopolis","article_publisher":"https:\/\/www.facebook.com\/profile.php?id=100063251679439","article_modified_time":"2025-12-28T16:22:57+00:00","og_image":[{"width":264,"height":400,"url":"https:\/\/www.labopolis.com\/wp-content\/uploads\/2023\/07\/Flame_100_main_4637.png","type":"image\/png"}],"twitter_card":"summary_large_image","twitter_site":"@Labopolis","twitter_misc":{"Dur\u00e9e de lecture estim\u00e9e":"1 minute"},"schema":{"@context":"https:\/\/schema.org","@graph":[{"@type":"WebPage","@id":"https:\/\/www.labopolis.com\/producto\/mechero-bunsen-flame-100\/","url":"https:\/\/www.labopolis.com\/producto\/mechero-bunsen-flame-100\/","name":"Mechero Bunsen Flame 100 - Labopolis","isPartOf":{"@id":"https:\/\/www.labopolis.com\/#website"},"primaryImageOfPage":{"@id":"https:\/\/www.labopolis.com\/producto\/mechero-bunsen-flame-100\/#primaryimage"},"image":{"@id":"https:\/\/www.labopolis.com\/producto\/mechero-bunsen-flame-100\/#primaryimage"},"thumbnailUrl":"https:\/\/www.labopolis.com\/wp-content\/uploads\/2023\/07\/Flame_100_main_4637.png","datePublished":"2023-07-10T11:33:40+00:00","dateModified":"2025-12-28T16:22:57+00:00","description":"R\u00e9f. : 2.100.000 Br\u00fbleur Bunsen Flamme 100","breadcrumb":{"@id":"https:\/\/www.labopolis.com\/producto\/mechero-bunsen-flame-100\/#breadcrumb"},"inLanguage":"fr-FR","potentialAction":[{"@type":"ReadAction","target":["https:\/\/www.labopolis.com\/producto\/mechero-bunsen-flame-100\/"]}]},{"@type":"ImageObject","inLanguage":"fr-FR","@id":"https:\/\/www.labopolis.com\/producto\/mechero-bunsen-flame-100\/#primaryimage","url":"https:\/\/www.labopolis.com\/wp-content\/uploads\/2023\/07\/Flame_100_main_4637.png","contentUrl":"https:\/\/www.labopolis.com\/wp-content\/uploads\/2023\/07\/Flame_100_main_4637.png","width":264,"height":400,"caption":"Producto"},{"@type":"BreadcrumbList","@id":"https:\/\/www.labopolis.com\/producto\/mechero-bunsen-flame-100\/#breadcrumb","itemListElement":[{"@type":"ListItem","position":1,"name":"Portada","item":"https:\/\/www.labopolis.com\/"},{"@type":"ListItem","position":2,"name":"Productos","item":"https:\/\/www.labopolis.com\/shop\/"},{"@type":"ListItem","position":3,"name":"Mechero Bunsen Flame 100"}]},{"@type":"WebSite","@id":"https:\/\/www.labopolis.com\/#website","url":"https:\/\/www.labopolis.com\/","name":"Labopolis","description":"","potentialAction":[{"@type":"SearchAction","target":{"@type":"EntryPoint","urlTemplate":"https:\/\/www.labopolis.com\/?s={search_term_string}"},"query-input":{"@type":"PropertyValueSpecification","valueRequired":true,"valueName":"search_term_string"}}],"inLanguage":"fr-FR"}]}},"_links":{"self":[{"href":"https:\/\/www.labopolis.com\/fr\/wp-json\/wp\/v2\/product\/1397","targetHints":{"allow":["GET"]}}],"collection":[{"href":"https:\/\/www.labopolis.com\/fr\/wp-json\/wp\/v2\/product"}],"about":[{"href":"https:\/\/www.labopolis.com\/fr\/wp-json\/wp\/v2\/types\/product"}],"replies":[{"embeddable":true,"href":"https:\/\/www.labopolis.com\/fr\/wp-json\/wp\/v2\/comments?post=1397"}],"wp:featuredmedia":[{"embeddable":true,"href":"https:\/\/www.labopolis.com\/fr\/wp-json\/wp\/v2\/media\/1407"}],"wp:attachment":[{"href":"https:\/\/www.labopolis.com\/fr\/wp-json\/wp\/v2\/media?parent=1397"}],"wp:term":[{"taxonomy":"product_brand","embeddable":true,"href":"https:\/\/www.labopolis.com\/fr\/wp-json\/wp\/v2\/product_brand?post=1397"},{"taxonomy":"product_cat","embeddable":true,"href":"https:\/\/www.labopolis.com\/fr\/wp-json\/wp\/v2\/product_cat?post=1397"},{"taxonomy":"product_tag","embeddable":true,"href":"https:\/\/www.labopolis.com\/fr\/wp-json\/wp\/v2\/product_tag?post=1397"}],"curies":[{"name":"wp","href":"https:\/\/api.w.org\/{rel}","templated":true}]}}