{"id":1395,"date":"2023-07-10T11:33:40","date_gmt":"2023-07-10T11:33:40","guid":{"rendered":"https:\/\/www.labopolis.com\/?post_type=product&#038;p=1395"},"modified":"2025-12-28T16:19:52","modified_gmt":"2025-12-28T16:19:52","slug":"fuego-scs-basic-mechero-de-seguridad-a-gas","status":"publish","type":"product","link":"https:\/\/www.labopolis.com\/fr\/produit\/fuego-scs-basic-mechero-de-seguridad-a-gas\/","title":{"rendered":"SCS Basic Fire - Allumeur de gaz de s\u00e9curit\u00e9"},"content":{"rendered":"<p>Allumeur de gaz de s\u00e9curit\u00e9 avec p\u00e9dale et bouton de fonction en acier inoxydable<br \/>\nLe Fuego SCS basic repr\u00e9sente un nouveau standard parmi les br\u00fbleurs \u00e0 gaz de laboratoire. Gr\u00e2ce \u00e0 sa conception innovante, ce br\u00fbleur \u00e0 gaz convient \u00e0 toutes les applications li\u00e9es aux flammes en laboratoire.<br \/>\n<strong>Caract\u00e9ristiques et accessoires inclus :<\/strong><br \/>\n3 programmes standard pour la p\u00e9dale et le bouton de fonction<br \/>\nSCS (Safety Control System) avec BHC (Burner Head Control)<br \/>\nClavier \u00e0 membrane tactile<br \/>\nT\u00eate de br\u00fbleur amovible et d\u00e9tachable<br \/>\nM\u00e9canisme d'inclinaison, gauche \/ droite<br \/>\nDispositif de serrage pour 3 boucles de semences.<br \/>\nBuses pour gaz naturel, propane \/ butane<br \/>\nFlamme turbo<br \/>\nCl\u00e9 de 17 mm pour le raccordement au gaz<br \/>\nTournevis pour la t\u00eate du br\u00fbleur et le couvercle de l'arbre du br\u00fbleur<br \/>\nTube de raccordement avec \u00e9crou<br \/>\nAlimentation \u00e0 d\u00e9coupage (globale)<br \/>\nManuel d'instruction et garantie de 2 ans<\/p>","protected":false},"excerpt":{"rendered":"<p>R\u00e9f. : 8.201.000 Allume-feu de s\u00e9curit\u00e9 gaz SCS Basic<\/p>","protected":false},"featured_media":1405,"comment_status":"open","ping_status":"closed","template":"","meta":[],"product_brand":[],"product_cat":[23,127],"product_tag":[],"class_list":{"0":"post-1395","1":"product","2":"type-product","3":"status-publish","4":"has-post-thumbnail","6":"product_cat-laboratorio","7":"product_cat-mecheros-de-laboratorio","9":"first","10":"instock","11":"taxable","12":"shipping-taxable","13":"purchasable","14":"product-type-simple"},"yoast_head":"<!-- This site is optimized with the Yoast SEO plugin v27.2 - https:\/\/yoast.com\/product\/yoast-seo-wordpress\/ -->\n<title>Fuego SCS Basic - Mechero de Seguridad a Gas - Labopolis<\/title>\n<meta name=\"description\" content=\"Ref.: 8.201.000 Mechero de Seguridad a Gas Fuego SCS Basic\" \/>\n<meta name=\"robots\" content=\"index, follow, max-snippet:-1, max-image-preview:large, max-video-preview:-1\" \/>\n<link rel=\"canonical\" href=\"https:\/\/www.labopolis.com\/fr\/produit\/fuego-scs-basic-mechero-de-seguridad-a-gas\/\" \/>\n<meta property=\"og:locale\" content=\"fr_FR\" \/>\n<meta property=\"og:type\" content=\"article\" \/>\n<meta property=\"og:title\" content=\"Fuego SCS Basic - Mechero de Seguridad a Gas - Labopolis\" \/>\n<meta property=\"og:description\" content=\"Ref.: 8.201.000 Mechero de Seguridad a Gas Fuego SCS Basic\" \/>\n<meta property=\"og:url\" content=\"https:\/\/www.labopolis.com\/fr\/produit\/fuego-scs-basic-mechero-de-seguridad-a-gas\/\" \/>\n<meta property=\"og:site_name\" content=\"Labopolis\" \/>\n<meta property=\"article:publisher\" content=\"https:\/\/www.facebook.com\/profile.php?id=100063251679439\" \/>\n<meta property=\"article:modified_time\" content=\"2025-12-28T16:19:52+00:00\" \/>\n<meta property=\"og:image\" content=\"https:\/\/www.labopolis.com\/wp-content\/uploads\/2023\/07\/fuego_basic_accessories.png\" \/>\n\t<meta property=\"og:image:width\" content=\"283\" \/>\n\t<meta property=\"og:image:height\" content=\"267\" \/>\n\t<meta property=\"og:image:type\" content=\"image\/png\" \/>\n<meta name=\"twitter:card\" content=\"summary_large_image\" \/>\n<meta name=\"twitter:site\" content=\"@Labopolis\" \/>\n<meta name=\"twitter:label1\" content=\"Dur\u00e9e de lecture estim\u00e9e\" \/>\n\t<meta name=\"twitter:data1\" content=\"1 minute\" \/>\n<script type=\"application\/ld+json\" class=\"yoast-schema-graph\">{\"@context\":\"https:\/\/schema.org\",\"@graph\":[{\"@type\":\"WebPage\",\"@id\":\"https:\/\/www.labopolis.com\/producto\/fuego-scs-basic-mechero-de-seguridad-a-gas\/\",\"url\":\"https:\/\/www.labopolis.com\/producto\/fuego-scs-basic-mechero-de-seguridad-a-gas\/\",\"name\":\"Fuego SCS Basic - Mechero de Seguridad a Gas - Labopolis\",\"isPartOf\":{\"@id\":\"https:\/\/www.labopolis.com\/#website\"},\"primaryImageOfPage\":{\"@id\":\"https:\/\/www.labopolis.com\/producto\/fuego-scs-basic-mechero-de-seguridad-a-gas\/#primaryimage\"},\"image\":{\"@id\":\"https:\/\/www.labopolis.com\/producto\/fuego-scs-basic-mechero-de-seguridad-a-gas\/#primaryimage\"},\"thumbnailUrl\":\"https:\/\/www.labopolis.com\/wp-content\/uploads\/2023\/07\/fuego_basic_accessories.png\",\"datePublished\":\"2023-07-10T11:33:40+00:00\",\"dateModified\":\"2025-12-28T16:19:52+00:00\",\"description\":\"Ref.: 8.201.000 Mechero de Seguridad a Gas Fuego SCS Basic\",\"breadcrumb\":{\"@id\":\"https:\/\/www.labopolis.com\/producto\/fuego-scs-basic-mechero-de-seguridad-a-gas\/#breadcrumb\"},\"inLanguage\":\"fr-FR\",\"potentialAction\":[{\"@type\":\"ReadAction\",\"target\":[\"https:\/\/www.labopolis.com\/producto\/fuego-scs-basic-mechero-de-seguridad-a-gas\/\"]}]},{\"@type\":\"ImageObject\",\"inLanguage\":\"fr-FR\",\"@id\":\"https:\/\/www.labopolis.com\/producto\/fuego-scs-basic-mechero-de-seguridad-a-gas\/#primaryimage\",\"url\":\"https:\/\/www.labopolis.com\/wp-content\/uploads\/2023\/07\/fuego_basic_accessories.png\",\"contentUrl\":\"https:\/\/www.labopolis.com\/wp-content\/uploads\/2023\/07\/fuego_basic_accessories.png\",\"width\":283,\"height\":267,\"caption\":\"Producto\"},{\"@type\":\"BreadcrumbList\",\"@id\":\"https:\/\/www.labopolis.com\/producto\/fuego-scs-basic-mechero-de-seguridad-a-gas\/#breadcrumb\",\"itemListElement\":[{\"@type\":\"ListItem\",\"position\":1,\"name\":\"Portada\",\"item\":\"https:\/\/www.labopolis.com\/\"},{\"@type\":\"ListItem\",\"position\":2,\"name\":\"Productos\",\"item\":\"https:\/\/www.labopolis.com\/shop\/\"},{\"@type\":\"ListItem\",\"position\":3,\"name\":\"Fuego SCS Basic &#8211; Mechero de Seguridad a Gas\"}]},{\"@type\":\"WebSite\",\"@id\":\"https:\/\/www.labopolis.com\/#website\",\"url\":\"https:\/\/www.labopolis.com\/\",\"name\":\"Labopolis\",\"description\":\"\",\"potentialAction\":[{\"@type\":\"SearchAction\",\"target\":{\"@type\":\"EntryPoint\",\"urlTemplate\":\"https:\/\/www.labopolis.com\/?s={search_term_string}\"},\"query-input\":{\"@type\":\"PropertyValueSpecification\",\"valueRequired\":true,\"valueName\":\"search_term_string\"}}],\"inLanguage\":\"fr-FR\"}]}<\/script>\n<!-- \/ Yoast SEO plugin. -->","yoast_head_json":{"title":"Fuego SCS Basic - Briquet de s\u00e9curit\u00e9 \u00e0 gaz - Labopolis","description":"R\u00e9f. : 8.201.000 Allume-feu de s\u00e9curit\u00e9 gaz SCS Basic","robots":{"index":"index","follow":"follow","max-snippet":"max-snippet:-1","max-image-preview":"max-image-preview:large","max-video-preview":"max-video-preview:-1"},"canonical":"https:\/\/www.labopolis.com\/fr\/produit\/fuego-scs-basic-mechero-de-seguridad-a-gas\/","og_locale":"fr_FR","og_type":"article","og_title":"Fuego SCS Basic - Mechero de Seguridad a Gas - Labopolis","og_description":"Ref.: 8.201.000 Mechero de Seguridad a Gas Fuego SCS Basic","og_url":"https:\/\/www.labopolis.com\/fr\/produit\/fuego-scs-basic-mechero-de-seguridad-a-gas\/","og_site_name":"Labopolis","article_publisher":"https:\/\/www.facebook.com\/profile.php?id=100063251679439","article_modified_time":"2025-12-28T16:19:52+00:00","og_image":[{"width":283,"height":267,"url":"https:\/\/www.labopolis.com\/wp-content\/uploads\/2023\/07\/fuego_basic_accessories.png","type":"image\/png"}],"twitter_card":"summary_large_image","twitter_site":"@Labopolis","twitter_misc":{"Dur\u00e9e de lecture estim\u00e9e":"1 minute"},"schema":{"@context":"https:\/\/schema.org","@graph":[{"@type":"WebPage","@id":"https:\/\/www.labopolis.com\/producto\/fuego-scs-basic-mechero-de-seguridad-a-gas\/","url":"https:\/\/www.labopolis.com\/producto\/fuego-scs-basic-mechero-de-seguridad-a-gas\/","name":"Fuego SCS Basic - Briquet de s\u00e9curit\u00e9 \u00e0 gaz - Labopolis","isPartOf":{"@id":"https:\/\/www.labopolis.com\/#website"},"primaryImageOfPage":{"@id":"https:\/\/www.labopolis.com\/producto\/fuego-scs-basic-mechero-de-seguridad-a-gas\/#primaryimage"},"image":{"@id":"https:\/\/www.labopolis.com\/producto\/fuego-scs-basic-mechero-de-seguridad-a-gas\/#primaryimage"},"thumbnailUrl":"https:\/\/www.labopolis.com\/wp-content\/uploads\/2023\/07\/fuego_basic_accessories.png","datePublished":"2023-07-10T11:33:40+00:00","dateModified":"2025-12-28T16:19:52+00:00","description":"R\u00e9f. : 8.201.000 Allume-feu de s\u00e9curit\u00e9 gaz SCS Basic","breadcrumb":{"@id":"https:\/\/www.labopolis.com\/producto\/fuego-scs-basic-mechero-de-seguridad-a-gas\/#breadcrumb"},"inLanguage":"fr-FR","potentialAction":[{"@type":"ReadAction","target":["https:\/\/www.labopolis.com\/producto\/fuego-scs-basic-mechero-de-seguridad-a-gas\/"]}]},{"@type":"ImageObject","inLanguage":"fr-FR","@id":"https:\/\/www.labopolis.com\/producto\/fuego-scs-basic-mechero-de-seguridad-a-gas\/#primaryimage","url":"https:\/\/www.labopolis.com\/wp-content\/uploads\/2023\/07\/fuego_basic_accessories.png","contentUrl":"https:\/\/www.labopolis.com\/wp-content\/uploads\/2023\/07\/fuego_basic_accessories.png","width":283,"height":267,"caption":"Producto"},{"@type":"BreadcrumbList","@id":"https:\/\/www.labopolis.com\/producto\/fuego-scs-basic-mechero-de-seguridad-a-gas\/#breadcrumb","itemListElement":[{"@type":"ListItem","position":1,"name":"Portada","item":"https:\/\/www.labopolis.com\/"},{"@type":"ListItem","position":2,"name":"Productos","item":"https:\/\/www.labopolis.com\/shop\/"},{"@type":"ListItem","position":3,"name":"Fuego SCS Basic &#8211; Mechero de Seguridad a Gas"}]},{"@type":"WebSite","@id":"https:\/\/www.labopolis.com\/#website","url":"https:\/\/www.labopolis.com\/","name":"Labopolis","description":"","potentialAction":[{"@type":"SearchAction","target":{"@type":"EntryPoint","urlTemplate":"https:\/\/www.labopolis.com\/?s={search_term_string}"},"query-input":{"@type":"PropertyValueSpecification","valueRequired":true,"valueName":"search_term_string"}}],"inLanguage":"fr-FR"}]}},"_links":{"self":[{"href":"https:\/\/www.labopolis.com\/fr\/wp-json\/wp\/v2\/product\/1395","targetHints":{"allow":["GET"]}}],"collection":[{"href":"https:\/\/www.labopolis.com\/fr\/wp-json\/wp\/v2\/product"}],"about":[{"href":"https:\/\/www.labopolis.com\/fr\/wp-json\/wp\/v2\/types\/product"}],"replies":[{"embeddable":true,"href":"https:\/\/www.labopolis.com\/fr\/wp-json\/wp\/v2\/comments?post=1395"}],"wp:featuredmedia":[{"embeddable":true,"href":"https:\/\/www.labopolis.com\/fr\/wp-json\/wp\/v2\/media\/1405"}],"wp:attachment":[{"href":"https:\/\/www.labopolis.com\/fr\/wp-json\/wp\/v2\/media?parent=1395"}],"wp:term":[{"taxonomy":"product_brand","embeddable":true,"href":"https:\/\/www.labopolis.com\/fr\/wp-json\/wp\/v2\/product_brand?post=1395"},{"taxonomy":"product_cat","embeddable":true,"href":"https:\/\/www.labopolis.com\/fr\/wp-json\/wp\/v2\/product_cat?post=1395"},{"taxonomy":"product_tag","embeddable":true,"href":"https:\/\/www.labopolis.com\/fr\/wp-json\/wp\/v2\/product_tag?post=1395"}],"curies":[{"name":"wp","href":"https:\/\/api.w.org\/{rel}","templated":true}]}}