{"id":1340,"date":"2023-07-10T11:33:29","date_gmt":"2023-07-10T11:33:29","guid":{"rendered":"https:\/\/www.labopolis.com\/?post_type=product&#038;p=1340"},"modified":"2025-12-22T12:14:27","modified_gmt":"2025-12-22T12:14:27","slug":"centrifugas-digicen-22-digicen-22r","status":"publish","type":"product","link":"https:\/\/www.labopolis.com\/fr\/produit\/centrifugas-digicen-22-digicen-22r\/","title":{"rendered":"Centrifugeuses Digicen 22 - Digicen 22R"},"content":{"rendered":"<p><strong>DIGICEN 22<\/strong><br \/>\nConcept universel. Fourni avec une large gamme de rotors pour microplaques, cryotubes, microtubes, tubes \u00e0 partir de 100 ml, avec des options polyvalentes telles que les tubes de 28 x 15 ml dans le rotor pivotant et les tubes coniques de 32 x 15 ml dans le rotor angulaire, et les rotors de tubes \u00e0 grande vitesse pour 85 ml, 80 ml, 50 ml, 30 ml et 10 ml.<br \/>\nSes accessoires, dot\u00e9s du syst\u00e8me REI (Rotor Easy to Install), s'installent en toute s\u00e9curit\u00e9 sur le rotor sans n\u00e9cessiter d'outils et se d\u00e9verrouillent en les retirant simplement de leur emplacement.<br \/>\nNous disposons ainsi d'un \u00e9quipement avec lequel nous pouvons traiter des \u00e9chantillons tr\u00e8s divers, en offrant le contr\u00f4le le plus exhaustif de l'\u00e9quipement, puisque gr\u00e2ce \u00e0 l'application gratuite, vous pouvez consulter, programmer et contr\u00f4ler la centrifugeuse depuis l'appareil de votre choix : PC, tablette et t\u00e9l\u00e9phone portable.<br \/>\nIl suffit de le connecter au r\u00e9seau WiFi de votre laboratoire pour avoir un contr\u00f4le total de votre \u00e9quipement gr\u00e2ce \u00e0 l'application.<br \/>\n<strong><span class=\"s1\">Capacit\u00e9 maximale :<\/span><\/strong><span class=\"s2\"> 4 x 100 ml.<br \/>\n<\/span><strong><span class=\"s1\">Vitesse maximale : <\/span><\/strong><span class=\"s2\">26.480 xg \/ 16.500 RPM<\/span><\/p>\n<p><strong>DIGICEN 22 R (r\u00e9frig\u00e9r\u00e9)<\/strong><\/p>\n<p>La polyvalence alli\u00e9e \u00e0 l'efficacit\u00e9. La centrifugeuse Digicen 22 R dispose d'une large gamme de rotors angulaires, tant pour la basse vitesse, jusqu'\u00e0 32 tubes coniques de 15 ml\/ 15 ml, que pour les microtubes, les cryotubes et les tubes \u00e0 haute vitesse. Les versions oscillantes ont des rotors pour 4 tubes de 100 ml et jusqu'\u00e0 28 positions pour des tubes de 15 ml. Tous les rotors sont \u00e9quip\u00e9s du syst\u00e8me REI (Rotor Easy to Install), qui permet de les installer en toute s\u00e9curit\u00e9 dans le rotor sans outil et de les d\u00e9verrouiller en les retirant simplement de leur position.<\/p>\n<p>Son puissant syst\u00e8me de refroidissement lui permet de maintenir la temp\u00e9rature minimale de la chambre en dessous de 4\u00b0C, quel que soit le type de rotor et la vitesse s\u00e9lectionn\u00e9e.<\/p>\n<p>Pour une meilleure tra\u00e7abilit\u00e9, elle dispose d'un syst\u00e8me de connectivit\u00e9 qui permet \u00e0 l'utilisateur de consulter, programmer et contr\u00f4ler la centrifugeuse depuis l'appareil de son choix : PC, tablette et t\u00e9l\u00e9phone portable gr\u00e2ce \u00e0 l'application gratuite SmartConnect.<\/p>\n<p>Il suffit de le connecter au r\u00e9seau WiFi de votre laboratoire pour contr\u00f4ler enti\u00e8rement votre \u00e9quipement \u00e0 partir de l'application.<\/p>\n<p><strong><span class=\"s1\">Capacit\u00e9 maximale<\/span><\/strong><strong><span class=\"s1\">:<\/span><\/strong><span class=\"s2\"> 8 x 15 ml.<br \/>\n<\/span><strong><span class=\"s1\">Vitesse maximale : <\/span><\/strong><span class=\"s2\">31.865 xg \/ 18.100 RPM<\/span><\/p>\n<p>Tension : 220-240 V 50-60 Hz*.<br \/>\nAccessoires non inclus**<\/p>\n<p>*Autres tensions sur demande<br \/>\n**Pour les accessoires et les rotors de ce mod\u00e8le, veuillez demander une offre.<\/p>","protected":false},"excerpt":{"rendered":"<p><strong>Centrifugeuse Digicen 22 (CE257) et Digicen 22 R - R\u00e9frig\u00e9r\u00e9 (CE259)<\/strong><\/p>\n<p><strong><em><a class=\"ficha-tecnica-es\" href=\"https:\/\/www.labopolis.com\/wp-content\/uploads\/2023\/07\/Catalogo_serie_Digicen_22_ESP.pdf\" target=\"_blank\" rel=\"noopener\"><i class=\"fas fa-file-alt\"><\/i> Fiche technique Digicen 22 et 22 R<\/a><\/em><\/strong><\/p>\n<p><strong><em><a class=\"ficha-tecnica-en\" href=\"https:\/\/www.labopolis.com\/wp-content\/uploads\/2023\/07\/Catalogue_series_Digicen_22_22R_ENG.pdf\" target=\"_blank\" rel=\"noopener\"><i class=\"fas fa-file-alt\"><\/i> Fiche technique 22 et 22 R<\/a><\/em><\/strong><\/p>\n<p>&nbsp;<\/p>","protected":false},"featured_media":14779,"comment_status":"open","ping_status":"closed","template":"","meta":[],"product_brand":[],"product_cat":[121,23],"product_tag":[],"class_list":{"0":"post-1340","1":"product","2":"type-product","3":"status-publish","4":"has-post-thumbnail","6":"product_cat-centrifugas","7":"product_cat-laboratorio","9":"first","10":"instock","11":"taxable","12":"shipping-taxable","13":"product-type-simple"},"yoast_head":"<!-- This site is optimized with the Yoast SEO plugin v27.2 - https:\/\/yoast.com\/product\/yoast-seo-wordpress\/ -->\n<title>Centrifugas Digicen 22 - Digicen 22R - Labopolis<\/title>\n<meta name=\"description\" content=\"Centr\u00edfuga Digicen 22 (CE257) y Digicen 22 R - Refrigerada (CE259)   Ficha T\u00e9cnica Digicen 22 y 22 R   Technical Datasheet 22 y 22 R  &nbsp;\" \/>\n<meta name=\"robots\" content=\"index, follow, max-snippet:-1, max-image-preview:large, max-video-preview:-1\" \/>\n<link rel=\"canonical\" href=\"https:\/\/www.labopolis.com\/fr\/produit\/centrifugas-digicen-22-digicen-22r\/\" \/>\n<meta property=\"og:locale\" content=\"fr_FR\" \/>\n<meta property=\"og:type\" content=\"article\" \/>\n<meta property=\"og:title\" content=\"Centrifugas Digicen 22 - Digicen 22R - Labopolis\" \/>\n<meta property=\"og:description\" content=\"Centr\u00edfuga Digicen 22 (CE257) y Digicen 22 R - Refrigerada (CE259)   Ficha T\u00e9cnica Digicen 22 y 22 R   Technical Datasheet 22 y 22 R  &nbsp;\" \/>\n<meta property=\"og:url\" content=\"https:\/\/www.labopolis.com\/fr\/produit\/centrifugas-digicen-22-digicen-22r\/\" \/>\n<meta property=\"og:site_name\" content=\"Labopolis\" \/>\n<meta property=\"article:publisher\" content=\"https:\/\/www.facebook.com\/profile.php?id=100063251679439\" \/>\n<meta property=\"article:modified_time\" content=\"2025-12-22T12:14:27+00:00\" \/>\n<meta name=\"twitter:card\" content=\"summary_large_image\" \/>\n<meta name=\"twitter:site\" content=\"@Labopolis\" \/>\n<meta name=\"twitter:label1\" content=\"Dur\u00e9e de lecture estim\u00e9e\" \/>\n\t<meta name=\"twitter:data1\" content=\"3 minutes\" \/>\n<script type=\"application\/ld+json\" class=\"yoast-schema-graph\">{\"@context\":\"https:\/\/schema.org\",\"@graph\":[{\"@type\":\"WebPage\",\"@id\":\"https:\/\/www.labopolis.com\/producto\/centrifugas-digicen-22-digicen-22r\/\",\"url\":\"https:\/\/www.labopolis.com\/producto\/centrifugas-digicen-22-digicen-22r\/\",\"name\":\"Centrifugas Digicen 22 - Digicen 22R - Labopolis\",\"isPartOf\":{\"@id\":\"https:\/\/www.labopolis.com\/#website\"},\"primaryImageOfPage\":{\"@id\":\"https:\/\/www.labopolis.com\/producto\/centrifugas-digicen-22-digicen-22r\/#primaryimage\"},\"image\":{\"@id\":\"https:\/\/www.labopolis.com\/producto\/centrifugas-digicen-22-digicen-22r\/#primaryimage\"},\"thumbnailUrl\":\"https:\/\/www.labopolis.com\/wp-content\/uploads\/2023\/07\/Digicen_22.avif\",\"datePublished\":\"2023-07-10T11:33:29+00:00\",\"dateModified\":\"2025-12-22T12:14:27+00:00\",\"description\":\"Centr\u00edfuga Digicen 22 (CE257) y Digicen 22 R - Refrigerada (CE259) Ficha T\u00e9cnica Digicen 22 y 22 R Technical Datasheet 22 y 22 R &nbsp;\",\"breadcrumb\":{\"@id\":\"https:\/\/www.labopolis.com\/producto\/centrifugas-digicen-22-digicen-22r\/#breadcrumb\"},\"inLanguage\":\"fr-FR\",\"potentialAction\":[{\"@type\":\"ReadAction\",\"target\":[\"https:\/\/www.labopolis.com\/producto\/centrifugas-digicen-22-digicen-22r\/\"]}]},{\"@type\":\"ImageObject\",\"inLanguage\":\"fr-FR\",\"@id\":\"https:\/\/www.labopolis.com\/producto\/centrifugas-digicen-22-digicen-22r\/#primaryimage\",\"url\":\"https:\/\/www.labopolis.com\/wp-content\/uploads\/2023\/07\/Digicen_22.avif\",\"contentUrl\":\"https:\/\/www.labopolis.com\/wp-content\/uploads\/2023\/07\/Digicen_22.avif\",\"width\":940,\"height\":1024,\"caption\":\"Centrifuga Digicen 22\"},{\"@type\":\"BreadcrumbList\",\"@id\":\"https:\/\/www.labopolis.com\/producto\/centrifugas-digicen-22-digicen-22r\/#breadcrumb\",\"itemListElement\":[{\"@type\":\"ListItem\",\"position\":1,\"name\":\"Portada\",\"item\":\"https:\/\/www.labopolis.com\/\"},{\"@type\":\"ListItem\",\"position\":2,\"name\":\"Productos\",\"item\":\"https:\/\/www.labopolis.com\/shop\/\"},{\"@type\":\"ListItem\",\"position\":3,\"name\":\"Centrifugas Digicen 22 &#8211; Digicen 22R\"}]},{\"@type\":\"WebSite\",\"@id\":\"https:\/\/www.labopolis.com\/#website\",\"url\":\"https:\/\/www.labopolis.com\/\",\"name\":\"Labopolis\",\"description\":\"\",\"potentialAction\":[{\"@type\":\"SearchAction\",\"target\":{\"@type\":\"EntryPoint\",\"urlTemplate\":\"https:\/\/www.labopolis.com\/?s={search_term_string}\"},\"query-input\":{\"@type\":\"PropertyValueSpecification\",\"valueRequired\":true,\"valueName\":\"search_term_string\"}}],\"inLanguage\":\"fr-FR\"}]}<\/script>\n<!-- \/ Yoast SEO plugin. -->","yoast_head_json":{"title":"Centrifugas Digicen 22 - Digicen 22R - Labopolis","description":"Centr\u00edfuga Digicen 22 (CE257) y Digicen 22 R - Refrigerada (CE259)   Ficha T\u00e9cnica Digicen 22 y 22 R   Technical Datasheet 22 y 22 R  &nbsp;","robots":{"index":"index","follow":"follow","max-snippet":"max-snippet:-1","max-image-preview":"max-image-preview:large","max-video-preview":"max-video-preview:-1"},"canonical":"https:\/\/www.labopolis.com\/fr\/produit\/centrifugas-digicen-22-digicen-22r\/","og_locale":"fr_FR","og_type":"article","og_title":"Centrifugas Digicen 22 - Digicen 22R - Labopolis","og_description":"Centr\u00edfuga Digicen 22 (CE257) y Digicen 22 R - Refrigerada (CE259)   Ficha T\u00e9cnica Digicen 22 y 22 R   Technical Datasheet 22 y 22 R  &nbsp;","og_url":"https:\/\/www.labopolis.com\/fr\/produit\/centrifugas-digicen-22-digicen-22r\/","og_site_name":"Labopolis","article_publisher":"https:\/\/www.facebook.com\/profile.php?id=100063251679439","article_modified_time":"2025-12-22T12:14:27+00:00","twitter_card":"summary_large_image","twitter_site":"@Labopolis","twitter_misc":{"Dur\u00e9e de lecture estim\u00e9e":"3 minutes"},"schema":{"@context":"https:\/\/schema.org","@graph":[{"@type":"WebPage","@id":"https:\/\/www.labopolis.com\/producto\/centrifugas-digicen-22-digicen-22r\/","url":"https:\/\/www.labopolis.com\/producto\/centrifugas-digicen-22-digicen-22r\/","name":"Centrifugas Digicen 22 - Digicen 22R - Labopolis","isPartOf":{"@id":"https:\/\/www.labopolis.com\/#website"},"primaryImageOfPage":{"@id":"https:\/\/www.labopolis.com\/producto\/centrifugas-digicen-22-digicen-22r\/#primaryimage"},"image":{"@id":"https:\/\/www.labopolis.com\/producto\/centrifugas-digicen-22-digicen-22r\/#primaryimage"},"thumbnailUrl":"https:\/\/www.labopolis.com\/wp-content\/uploads\/2023\/07\/Digicen_22.avif","datePublished":"2023-07-10T11:33:29+00:00","dateModified":"2025-12-22T12:14:27+00:00","description":"Centr\u00edfuga Digicen 22 (CE257) y Digicen 22 R - Refrigerada (CE259) Ficha T\u00e9cnica Digicen 22 y 22 R Technical Datasheet 22 y 22 R &nbsp;","breadcrumb":{"@id":"https:\/\/www.labopolis.com\/producto\/centrifugas-digicen-22-digicen-22r\/#breadcrumb"},"inLanguage":"fr-FR","potentialAction":[{"@type":"ReadAction","target":["https:\/\/www.labopolis.com\/producto\/centrifugas-digicen-22-digicen-22r\/"]}]},{"@type":"ImageObject","inLanguage":"fr-FR","@id":"https:\/\/www.labopolis.com\/producto\/centrifugas-digicen-22-digicen-22r\/#primaryimage","url":"https:\/\/www.labopolis.com\/wp-content\/uploads\/2023\/07\/Digicen_22.avif","contentUrl":"https:\/\/www.labopolis.com\/wp-content\/uploads\/2023\/07\/Digicen_22.avif","width":940,"height":1024,"caption":"Centrifuga Digicen 22"},{"@type":"BreadcrumbList","@id":"https:\/\/www.labopolis.com\/producto\/centrifugas-digicen-22-digicen-22r\/#breadcrumb","itemListElement":[{"@type":"ListItem","position":1,"name":"Portada","item":"https:\/\/www.labopolis.com\/"},{"@type":"ListItem","position":2,"name":"Productos","item":"https:\/\/www.labopolis.com\/shop\/"},{"@type":"ListItem","position":3,"name":"Centrifugas Digicen 22 &#8211; Digicen 22R"}]},{"@type":"WebSite","@id":"https:\/\/www.labopolis.com\/#website","url":"https:\/\/www.labopolis.com\/","name":"Labopolis","description":"","potentialAction":[{"@type":"SearchAction","target":{"@type":"EntryPoint","urlTemplate":"https:\/\/www.labopolis.com\/?s={search_term_string}"},"query-input":{"@type":"PropertyValueSpecification","valueRequired":true,"valueName":"search_term_string"}}],"inLanguage":"fr-FR"}]}},"_links":{"self":[{"href":"https:\/\/www.labopolis.com\/fr\/wp-json\/wp\/v2\/product\/1340","targetHints":{"allow":["GET"]}}],"collection":[{"href":"https:\/\/www.labopolis.com\/fr\/wp-json\/wp\/v2\/product"}],"about":[{"href":"https:\/\/www.labopolis.com\/fr\/wp-json\/wp\/v2\/types\/product"}],"replies":[{"embeddable":true,"href":"https:\/\/www.labopolis.com\/fr\/wp-json\/wp\/v2\/comments?post=1340"}],"wp:featuredmedia":[{"embeddable":true,"href":"https:\/\/www.labopolis.com\/fr\/wp-json\/wp\/v2\/media\/14779"}],"wp:attachment":[{"href":"https:\/\/www.labopolis.com\/fr\/wp-json\/wp\/v2\/media?parent=1340"}],"wp:term":[{"taxonomy":"product_brand","embeddable":true,"href":"https:\/\/www.labopolis.com\/fr\/wp-json\/wp\/v2\/product_brand?post=1340"},{"taxonomy":"product_cat","embeddable":true,"href":"https:\/\/www.labopolis.com\/fr\/wp-json\/wp\/v2\/product_cat?post=1340"},{"taxonomy":"product_tag","embeddable":true,"href":"https:\/\/www.labopolis.com\/fr\/wp-json\/wp\/v2\/product_tag?post=1340"}],"curies":[{"name":"wp","href":"https:\/\/api.w.org\/{rel}","templated":true}]}}