{"id":1339,"date":"2023-07-10T11:33:29","date_gmt":"2023-07-10T11:33:29","guid":{"rendered":"https:\/\/www.labopolis.com\/?post_type=product&#038;p=1339"},"modified":"2025-12-22T12:15:33","modified_gmt":"2025-12-22T12:15:33","slug":"centrifugas-biocen-22-biocen-22r","status":"publish","type":"product","link":"https:\/\/www.labopolis.com\/fr\/produit\/centrifugas-biocen-22-biocen-22r\/","title":{"rendered":"Centrifugeuses BIOCEN 22 - BIOCEN 22R"},"content":{"rendered":"<p>La microcentrifugeuse Biocen 22 et Biocen 22R est l'outil id\u00e9al pour le laboratoire d'aujourd'hui. Con\u00e7ue pour une manipulation optimale des microtubes, elle peut centrifuger jusqu'\u00e0 24 tubes de 2,2 ml, 32 tubes de 0,2 ml, des mini-preps et m\u00eame des colonnes d'essorage.<br \/>\nIl se distingue par sa petite taille, sa vitesse \u00e9lev\u00e9e et sa grande capacit\u00e9.<br \/>\n\u00c9quip\u00e9 d'un moteur sans entretien, qui lui permet d'atteindre jusqu'\u00e0 14 000 tours\/minute avec une F.C.R. de 19 174 x g, et qui facilite le processus de centrifugation en optimisant ses diff\u00e9rentes \u00e9tapes, acc\u00e9l\u00e9ration douce et br\u00e8ve, centrifugation en fonction des param\u00e8tres introduits et d\u00e9c\u00e9l\u00e9ration rapide.<br \/>\nClavier avec affichage num\u00e9rique de la dur\u00e9e et de la vitesse r\u00e9glable de :<br \/>\nTemps de 1 \u00e0 99 minutes et temps ind\u00e9fini, par intervalles de 1 minute. Vitesse : en fractions de 100 R.P.M. et F.C.R. de 100 x g.<br \/>\nTouche de rotation rapide qui permet d'acqu\u00e9rir la vitesse maximale (ou la vitesse s\u00e9lectionn\u00e9e), tant qu'elle est maintenue enfonc\u00e9e, pour les processus de clarification.<br \/>\nR\u00e9p\u00e9tition des derni\u00e8res valeurs introduites.<br \/>\nD\u00e9but du compte \u00e0 rebours \u00e0 l'atteinte du R.P.M. ou \u00e0 partir du temps 0.<br \/>\nAffichage des param\u00e8tres actuels.<br \/>\nT\u00e9moins lumineux pour le cycle court, le couvercle ouvert, le d\u00e9marrage\/arr\u00eat, la FCR\/le r\u00e9gime.<br \/>\nRadio s\u00e9lectionnable.<br \/>\nOuverture programmable : automatique en fin de cycle ou manuelle en appuyant sur le bouton du panneau de commande.<\/p>\n<p>Tension : 220-240 V 50-60 Hz*.<br \/>\nAccessoires non inclus**<\/p>\n<p>*Autres tensions sur demande<br \/>\n**Pour les accessoires et les rotors de ces mod\u00e8les, demandez une offre.<\/p>\n<p>Capacit\u00e9 maximale : 24 x 2 ml \/ 12 x 5 ml.<br \/>\nVitesse maximale : 21.885 xg \/ 15.000 RPM<\/p>","protected":false},"excerpt":{"rendered":"<p>Microcentrifugeuse Biocen 22 et Biocen 22 R (r\u00e9frig\u00e9r\u00e9e)<\/p>\n<p><strong><em><a class=\"ficha-tecnica-es\" href=\"https:\/\/www.labopolis.com\/wp-content\/uploads\/2023\/07\/Catalogo_Biocen_22_ESP.pdf\" target=\"_blank\" rel=\"noopener\"><i class=\"fas fa-file-alt\"><\/i>\u00a0Fiche technique de Biocen 22<\/a><\/em><\/strong><\/p>\n<p><strong><em><a class=\"ficha-tecnica-es\" href=\"https:\/\/www.labopolis.com\/wp-content\/uploads\/2023\/07\/Catalogo_Biocen_22_R_ESP.pdf\" target=\"_blank\" rel=\"noopener\"><i class=\"fas fa-file-alt\"><\/i>\u00a0Fiche technique Biocen 22 R<\/a><\/em><\/strong><\/p>\n<p><strong><em><a class=\"ficha-tecnica-en\" href=\"https:\/\/www.labopolis.com\/wp-content\/uploads\/2023\/07\/Catalogue_Biocen_22_ENG.pdf\" target=\"_blank\" rel=\"noopener\"><i class=\"fas fa-file-alt\"><\/i> Fiche technique Biocen 22<\/a><\/em><\/strong><\/p>\n<p><strong><em><a class=\"ficha-tecnica-en\" href=\"https:\/\/www.labopolis.com\/wp-content\/uploads\/2023\/07\/Catalogue_Biocen_22_R_ENG.pdf\" target=\"_blank\" rel=\"noopener\"><i class=\"fas fa-file-alt\"><\/i> Fiche technique Biocen 22 R<\/a><\/em><\/strong><\/p>","protected":false},"featured_media":14783,"comment_status":"open","ping_status":"closed","template":"","meta":[],"product_brand":[],"product_cat":[121,23],"product_tag":[],"class_list":{"0":"post-1339","1":"product","2":"type-product","3":"status-publish","4":"has-post-thumbnail","6":"product_cat-centrifugas","7":"product_cat-laboratorio","9":"first","10":"instock","11":"taxable","12":"shipping-taxable","13":"product-type-simple"},"yoast_head":"<!-- This site is optimized with the Yoast SEO plugin v27.2 - https:\/\/yoast.com\/product\/yoast-seo-wordpress\/ -->\n<title>Centrifugas BIOCEN 22 - BIOCEN 22R - Labopolis<\/title>\n<meta name=\"description\" content=\"Microcentr\u00edfuga Biocen 22 y \u00a0Biocen 22 R (Refrigerada)  \u00a0Ficha T\u00e9cnica Biocen 22  \u00a0Ficha T\u00e9cnica Biocen 22 R   Technical Datasheet Biocen 22   Technical Datasheet Biocen 22 R\" \/>\n<meta name=\"robots\" content=\"index, follow, max-snippet:-1, max-image-preview:large, max-video-preview:-1\" \/>\n<link rel=\"canonical\" href=\"https:\/\/www.labopolis.com\/fr\/produit\/centrifugas-biocen-22-biocen-22r\/\" \/>\n<meta property=\"og:locale\" content=\"fr_FR\" \/>\n<meta property=\"og:type\" content=\"article\" \/>\n<meta property=\"og:title\" content=\"Centrifugas BIOCEN 22 - BIOCEN 22R - Labopolis\" \/>\n<meta property=\"og:description\" content=\"Microcentr\u00edfuga Biocen 22 y \u00a0Biocen 22 R (Refrigerada)  \u00a0Ficha T\u00e9cnica Biocen 22  \u00a0Ficha T\u00e9cnica Biocen 22 R   Technical Datasheet Biocen 22   Technical Datasheet Biocen 22 R\" \/>\n<meta property=\"og:url\" content=\"https:\/\/www.labopolis.com\/fr\/produit\/centrifugas-biocen-22-biocen-22r\/\" \/>\n<meta property=\"og:site_name\" content=\"Labopolis\" \/>\n<meta property=\"article:publisher\" content=\"https:\/\/www.facebook.com\/profile.php?id=100063251679439\" \/>\n<meta property=\"article:modified_time\" content=\"2025-12-22T12:15:33+00:00\" \/>\n<meta name=\"twitter:card\" content=\"summary_large_image\" \/>\n<meta name=\"twitter:site\" content=\"@Labopolis\" \/>\n<meta name=\"twitter:label1\" content=\"Dur\u00e9e de lecture estim\u00e9e\" \/>\n\t<meta name=\"twitter:data1\" content=\"2 minutes\" \/>\n<script type=\"application\/ld+json\" class=\"yoast-schema-graph\">{\"@context\":\"https:\/\/schema.org\",\"@graph\":[{\"@type\":\"WebPage\",\"@id\":\"https:\/\/www.labopolis.com\/producto\/centrifugas-biocen-22-biocen-22r\/\",\"url\":\"https:\/\/www.labopolis.com\/producto\/centrifugas-biocen-22-biocen-22r\/\",\"name\":\"Centrifugas BIOCEN 22 - BIOCEN 22R - Labopolis\",\"isPartOf\":{\"@id\":\"https:\/\/www.labopolis.com\/#website\"},\"primaryImageOfPage\":{\"@id\":\"https:\/\/www.labopolis.com\/producto\/centrifugas-biocen-22-biocen-22r\/#primaryimage\"},\"image\":{\"@id\":\"https:\/\/www.labopolis.com\/producto\/centrifugas-biocen-22-biocen-22r\/#primaryimage\"},\"thumbnailUrl\":\"https:\/\/www.labopolis.com\/wp-content\/uploads\/2023\/07\/Biocen_22.avif\",\"datePublished\":\"2023-07-10T11:33:29+00:00\",\"dateModified\":\"2025-12-22T12:15:33+00:00\",\"description\":\"Microcentr\u00edfuga Biocen 22 y \u00a0Biocen 22 R (Refrigerada) \u00a0Ficha T\u00e9cnica Biocen 22 \u00a0Ficha T\u00e9cnica Biocen 22 R Technical Datasheet Biocen 22 Technical Datasheet Biocen 22 R\",\"breadcrumb\":{\"@id\":\"https:\/\/www.labopolis.com\/producto\/centrifugas-biocen-22-biocen-22r\/#breadcrumb\"},\"inLanguage\":\"fr-FR\",\"potentialAction\":[{\"@type\":\"ReadAction\",\"target\":[\"https:\/\/www.labopolis.com\/producto\/centrifugas-biocen-22-biocen-22r\/\"]}]},{\"@type\":\"ImageObject\",\"inLanguage\":\"fr-FR\",\"@id\":\"https:\/\/www.labopolis.com\/producto\/centrifugas-biocen-22-biocen-22r\/#primaryimage\",\"url\":\"https:\/\/www.labopolis.com\/wp-content\/uploads\/2023\/07\/Biocen_22.avif\",\"contentUrl\":\"https:\/\/www.labopolis.com\/wp-content\/uploads\/2023\/07\/Biocen_22.avif\",\"width\":878,\"height\":1024,\"caption\":\"Centrifuga Biocen 22\"},{\"@type\":\"BreadcrumbList\",\"@id\":\"https:\/\/www.labopolis.com\/producto\/centrifugas-biocen-22-biocen-22r\/#breadcrumb\",\"itemListElement\":[{\"@type\":\"ListItem\",\"position\":1,\"name\":\"Portada\",\"item\":\"https:\/\/www.labopolis.com\/\"},{\"@type\":\"ListItem\",\"position\":2,\"name\":\"Productos\",\"item\":\"https:\/\/www.labopolis.com\/shop\/\"},{\"@type\":\"ListItem\",\"position\":3,\"name\":\"Centrifugas BIOCEN 22 &#8211; BIOCEN 22R\"}]},{\"@type\":\"WebSite\",\"@id\":\"https:\/\/www.labopolis.com\/#website\",\"url\":\"https:\/\/www.labopolis.com\/\",\"name\":\"Labopolis\",\"description\":\"\",\"potentialAction\":[{\"@type\":\"SearchAction\",\"target\":{\"@type\":\"EntryPoint\",\"urlTemplate\":\"https:\/\/www.labopolis.com\/?s={search_term_string}\"},\"query-input\":{\"@type\":\"PropertyValueSpecification\",\"valueRequired\":true,\"valueName\":\"search_term_string\"}}],\"inLanguage\":\"fr-FR\"}]}<\/script>\n<!-- \/ Yoast SEO plugin. -->","yoast_head_json":{"title":"Centrifugeuses BIOCEN 22 - BIOCEN 22R - Labopolis","description":"Microcentrifugeuse Biocen 22 et Biocen 22 R (r\u00e9frig\u00e9r\u00e9e) Fiche technique Biocen 22 Fiche technique Biocen 22 R Fiche technique Biocen 22 Fiche technique Biocen 22 R","robots":{"index":"index","follow":"follow","max-snippet":"max-snippet:-1","max-image-preview":"max-image-preview:large","max-video-preview":"max-video-preview:-1"},"canonical":"https:\/\/www.labopolis.com\/fr\/produit\/centrifugas-biocen-22-biocen-22r\/","og_locale":"fr_FR","og_type":"article","og_title":"Centrifugas BIOCEN 22 - BIOCEN 22R - Labopolis","og_description":"Microcentr\u00edfuga Biocen 22 y \u00a0Biocen 22 R (Refrigerada)  \u00a0Ficha T\u00e9cnica Biocen 22  \u00a0Ficha T\u00e9cnica Biocen 22 R   Technical Datasheet Biocen 22   Technical Datasheet Biocen 22 R","og_url":"https:\/\/www.labopolis.com\/fr\/produit\/centrifugas-biocen-22-biocen-22r\/","og_site_name":"Labopolis","article_publisher":"https:\/\/www.facebook.com\/profile.php?id=100063251679439","article_modified_time":"2025-12-22T12:15:33+00:00","twitter_card":"summary_large_image","twitter_site":"@Labopolis","twitter_misc":{"Dur\u00e9e de lecture estim\u00e9e":"2 minutes"},"schema":{"@context":"https:\/\/schema.org","@graph":[{"@type":"WebPage","@id":"https:\/\/www.labopolis.com\/producto\/centrifugas-biocen-22-biocen-22r\/","url":"https:\/\/www.labopolis.com\/producto\/centrifugas-biocen-22-biocen-22r\/","name":"Centrifugeuses BIOCEN 22 - BIOCEN 22R - Labopolis","isPartOf":{"@id":"https:\/\/www.labopolis.com\/#website"},"primaryImageOfPage":{"@id":"https:\/\/www.labopolis.com\/producto\/centrifugas-biocen-22-biocen-22r\/#primaryimage"},"image":{"@id":"https:\/\/www.labopolis.com\/producto\/centrifugas-biocen-22-biocen-22r\/#primaryimage"},"thumbnailUrl":"https:\/\/www.labopolis.com\/wp-content\/uploads\/2023\/07\/Biocen_22.avif","datePublished":"2023-07-10T11:33:29+00:00","dateModified":"2025-12-22T12:15:33+00:00","description":"Microcentrifugeuse Biocen 22 et Biocen 22 R (r\u00e9frig\u00e9r\u00e9e) Fiche technique Biocen 22 Fiche technique Biocen 22 R Fiche technique Biocen 22 Fiche technique Biocen 22 R","breadcrumb":{"@id":"https:\/\/www.labopolis.com\/producto\/centrifugas-biocen-22-biocen-22r\/#breadcrumb"},"inLanguage":"fr-FR","potentialAction":[{"@type":"ReadAction","target":["https:\/\/www.labopolis.com\/producto\/centrifugas-biocen-22-biocen-22r\/"]}]},{"@type":"ImageObject","inLanguage":"fr-FR","@id":"https:\/\/www.labopolis.com\/producto\/centrifugas-biocen-22-biocen-22r\/#primaryimage","url":"https:\/\/www.labopolis.com\/wp-content\/uploads\/2023\/07\/Biocen_22.avif","contentUrl":"https:\/\/www.labopolis.com\/wp-content\/uploads\/2023\/07\/Biocen_22.avif","width":878,"height":1024,"caption":"Centrifuga Biocen 22"},{"@type":"BreadcrumbList","@id":"https:\/\/www.labopolis.com\/producto\/centrifugas-biocen-22-biocen-22r\/#breadcrumb","itemListElement":[{"@type":"ListItem","position":1,"name":"Portada","item":"https:\/\/www.labopolis.com\/"},{"@type":"ListItem","position":2,"name":"Productos","item":"https:\/\/www.labopolis.com\/shop\/"},{"@type":"ListItem","position":3,"name":"Centrifugas BIOCEN 22 &#8211; BIOCEN 22R"}]},{"@type":"WebSite","@id":"https:\/\/www.labopolis.com\/#website","url":"https:\/\/www.labopolis.com\/","name":"Labopolis","description":"","potentialAction":[{"@type":"SearchAction","target":{"@type":"EntryPoint","urlTemplate":"https:\/\/www.labopolis.com\/?s={search_term_string}"},"query-input":{"@type":"PropertyValueSpecification","valueRequired":true,"valueName":"search_term_string"}}],"inLanguage":"fr-FR"}]}},"_links":{"self":[{"href":"https:\/\/www.labopolis.com\/fr\/wp-json\/wp\/v2\/product\/1339","targetHints":{"allow":["GET"]}}],"collection":[{"href":"https:\/\/www.labopolis.com\/fr\/wp-json\/wp\/v2\/product"}],"about":[{"href":"https:\/\/www.labopolis.com\/fr\/wp-json\/wp\/v2\/types\/product"}],"replies":[{"embeddable":true,"href":"https:\/\/www.labopolis.com\/fr\/wp-json\/wp\/v2\/comments?post=1339"}],"wp:featuredmedia":[{"embeddable":true,"href":"https:\/\/www.labopolis.com\/fr\/wp-json\/wp\/v2\/media\/14783"}],"wp:attachment":[{"href":"https:\/\/www.labopolis.com\/fr\/wp-json\/wp\/v2\/media?parent=1339"}],"wp:term":[{"taxonomy":"product_brand","embeddable":true,"href":"https:\/\/www.labopolis.com\/fr\/wp-json\/wp\/v2\/product_brand?post=1339"},{"taxonomy":"product_cat","embeddable":true,"href":"https:\/\/www.labopolis.com\/fr\/wp-json\/wp\/v2\/product_cat?post=1339"},{"taxonomy":"product_tag","embeddable":true,"href":"https:\/\/www.labopolis.com\/fr\/wp-json\/wp\/v2\/product_tag?post=1339"}],"curies":[{"name":"wp","href":"https:\/\/api.w.org\/{rel}","templated":true}]}}