{"id":1338,"date":"2023-07-10T11:33:29","date_gmt":"2023-07-10T11:33:29","guid":{"rendered":"https:\/\/www.labopolis.com\/?post_type=product&#038;p=1338"},"modified":"2025-09-18T10:43:57","modified_gmt":"2025-09-18T10:43:57","slug":"centrifuga-plasma-22","status":"publish","type":"product","link":"https:\/\/www.labopolis.com\/fr\/produit\/centrifuga-plasma-22\/","title":{"rendered":"Centrifugeuse Plasma 22"},"content":{"rendered":"<p>La centrifugeuse Plasma 22 peut \u00eatre configur\u00e9e avec les deux programmes d'obtention de plasma riche en plaquettes en fonction des diff\u00e9rentes capacit\u00e9s des tubes d'extraction, avec des positions libres en m\u00e9moire pour permettre la modification de ces valeurs. Cet avantage permet \u00e0 l'utilisateur d'optimiser le r\u00e9sultat en fonction de la variabilit\u00e9 de l'\u00e9chantillon du patient. La centrifugeuse dispose d'un seul rotor et d'un seul jeu d'adaptateurs, ce qui permet d'utiliser les 8 positions lors d'une seule centrifugation, quel que soit le volume travaill\u00e9.<br \/>\n-Max 3.000RPM pour 8 tubes de 15 ml.<br \/>\n-Facilite le processus en stockant les valeurs de spin en m\u00e9moire.<br \/>\n-D\u00e9bit : 8 \u00e9chantillons en seulement 8 minutes - Rotors et r\u00e9ducteurs autoclavables.<br \/>\n-Petite taille.<br \/>\n-La centrifugation oscillante facilite l'extraction de la couche la plus concentr\u00e9e en plaquettes.<br \/>\n-Fabriqu\u00e9 conform\u00e9ment \u00e0 la r\u00e9glementation relative aux dispositifs m\u00e9dicaux.<br \/>\nTension : 220-240 V 50-60 Hz*.<\/p>\n<p>*Autres tensions sur demande<\/p>","protected":false},"excerpt":{"rendered":"<p>Centrifugeuse Plasma 22. Accessoires non inclus.<br \/>\nCapacit\u00e9 maximale : 8 x 9\/15 ml.<br \/>\nVitesse maximale : 1.288 xg \/ 3.000 RPM<\/p>\n<p>CE 156 PLASMA 22, 220-240 V 50-60 Hz<\/p>\n<p>ACCESSOIRES :<br \/>\nRT 237 Rotor oscillant pour 8 tubes de 9\/15 ml<br \/>\nRE 474 8 adaptateurs pour 8 tubes de 5 ml<\/p>\n<p><strong><em><a class=\"ficha-tecnica-es\" href=\"https:\/\/www.labopolis.com\/wp-content\/uploads\/2025\/02\/Catalogo_Plasma_22_ESP.pdf\" target=\"_blank\" rel=\"noopener\"><i class=\"fas fa-file-alt\"><\/i>\u00a0Fiche technique Plasma 22<\/a><br \/>\n<a class=\"ficha-tecnica-en\" href=\"https:\/\/www.labopolis.com\/wp-content\/uploads\/2025\/02\/Catalogue_Plasma_22_ENG.pdf\" target=\"_blank\" rel=\"noopener\"><i class=\"fas fa-file-alt\"><\/i> Fiche technique Plasma 22<\/a><\/em><\/strong><\/p>","protected":false},"featured_media":14803,"comment_status":"open","ping_status":"closed","template":"","meta":[],"product_brand":[],"product_cat":[121,23],"product_tag":[],"class_list":{"0":"post-1338","1":"product","2":"type-product","3":"status-publish","4":"has-post-thumbnail","6":"product_cat-centrifugas","7":"product_cat-laboratorio","9":"first","10":"instock","11":"taxable","12":"shipping-taxable","13":"product-type-simple"},"yoast_head":"<!-- This site is optimized with the Yoast SEO plugin v27.2 - https:\/\/yoast.com\/product\/yoast-seo-wordpress\/ -->\n<title>Centr\u00edfuga Plasma 22 - Labopolis<\/title>\n<meta name=\"description\" content=\"Centr\u00edfuga Plasma 22. Accesorios no incluidos. Max. capacity: 8 x 9\/15 ml. Max. speed: 1.288 xg \/ 3.000 RPM  CE 156 PLASMA 22, 220-240 V 50-60 Hz  ACCESORIOS: RT 237 Rotor Oscilante para 8 tubos de 9\/15 ml RE 474 8 adaptadores para 8 tubos de 5 ml  \u00a0Ficha T\u00e9cnica Plasma 22  Technical Datasheet Plasma 22\" \/>\n<meta name=\"robots\" content=\"index, follow, max-snippet:-1, max-image-preview:large, max-video-preview:-1\" \/>\n<link rel=\"canonical\" href=\"https:\/\/www.labopolis.com\/fr\/produit\/centrifuga-plasma-22\/\" \/>\n<meta property=\"og:locale\" content=\"fr_FR\" \/>\n<meta property=\"og:type\" content=\"article\" \/>\n<meta property=\"og:title\" content=\"Centr\u00edfuga Plasma 22 - Labopolis\" \/>\n<meta property=\"og:description\" content=\"Centr\u00edfuga Plasma 22. Accesorios no incluidos. Max. capacity: 8 x 9\/15 ml. Max. speed: 1.288 xg \/ 3.000 RPM  CE 156 PLASMA 22, 220-240 V 50-60 Hz  ACCESORIOS: RT 237 Rotor Oscilante para 8 tubos de 9\/15 ml RE 474 8 adaptadores para 8 tubos de 5 ml  \u00a0Ficha T\u00e9cnica Plasma 22  Technical Datasheet Plasma 22\" \/>\n<meta property=\"og:url\" content=\"https:\/\/www.labopolis.com\/fr\/produit\/centrifuga-plasma-22\/\" \/>\n<meta property=\"og:site_name\" content=\"Labopolis\" \/>\n<meta property=\"article:publisher\" content=\"https:\/\/www.facebook.com\/profile.php?id=100063251679439\" \/>\n<meta property=\"article:modified_time\" content=\"2025-09-18T10:43:57+00:00\" \/>\n<meta name=\"twitter:card\" content=\"summary_large_image\" \/>\n<meta name=\"twitter:site\" content=\"@Labopolis\" \/>\n<meta name=\"twitter:label1\" content=\"Dur\u00e9e de lecture estim\u00e9e\" \/>\n\t<meta name=\"twitter:data1\" content=\"1 minute\" \/>\n<script type=\"application\/ld+json\" class=\"yoast-schema-graph\">{\"@context\":\"https:\/\/schema.org\",\"@graph\":[{\"@type\":\"WebPage\",\"@id\":\"https:\/\/www.labopolis.com\/producto\/centrifuga-plasma-22\/\",\"url\":\"https:\/\/www.labopolis.com\/producto\/centrifuga-plasma-22\/\",\"name\":\"Centr\u00edfuga Plasma 22 - Labopolis\",\"isPartOf\":{\"@id\":\"https:\/\/www.labopolis.com\/#website\"},\"primaryImageOfPage\":{\"@id\":\"https:\/\/www.labopolis.com\/producto\/centrifuga-plasma-22\/#primaryimage\"},\"image\":{\"@id\":\"https:\/\/www.labopolis.com\/producto\/centrifuga-plasma-22\/#primaryimage\"},\"thumbnailUrl\":\"https:\/\/www.labopolis.com\/wp-content\/uploads\/2023\/07\/Plasma_22.avif\",\"datePublished\":\"2023-07-10T11:33:29+00:00\",\"dateModified\":\"2025-09-18T10:43:57+00:00\",\"description\":\"Centr\u00edfuga Plasma 22. Accesorios no incluidos. Max. capacity: 8 x 9\/15 ml. Max. speed: 1.288 xg \/ 3.000 RPM CE 156 PLASMA 22, 220-240 V 50-60 Hz ACCESORIOS: RT 237 Rotor Oscilante para 8 tubos de 9\/15 ml RE 474 8 adaptadores para 8 tubos de 5 ml \u00a0Ficha T\u00e9cnica Plasma 22 Technical Datasheet Plasma 22\",\"breadcrumb\":{\"@id\":\"https:\/\/www.labopolis.com\/producto\/centrifuga-plasma-22\/#breadcrumb\"},\"inLanguage\":\"fr-FR\",\"potentialAction\":[{\"@type\":\"ReadAction\",\"target\":[\"https:\/\/www.labopolis.com\/producto\/centrifuga-plasma-22\/\"]}]},{\"@type\":\"ImageObject\",\"inLanguage\":\"fr-FR\",\"@id\":\"https:\/\/www.labopolis.com\/producto\/centrifuga-plasma-22\/#primaryimage\",\"url\":\"https:\/\/www.labopolis.com\/wp-content\/uploads\/2023\/07\/Plasma_22.avif\",\"contentUrl\":\"https:\/\/www.labopolis.com\/wp-content\/uploads\/2023\/07\/Plasma_22.avif\",\"width\":931,\"height\":1024,\"caption\":\"Centrifuga Plasma\"},{\"@type\":\"BreadcrumbList\",\"@id\":\"https:\/\/www.labopolis.com\/producto\/centrifuga-plasma-22\/#breadcrumb\",\"itemListElement\":[{\"@type\":\"ListItem\",\"position\":1,\"name\":\"Portada\",\"item\":\"https:\/\/www.labopolis.com\/\"},{\"@type\":\"ListItem\",\"position\":2,\"name\":\"Productos\",\"item\":\"https:\/\/www.labopolis.com\/shop\/\"},{\"@type\":\"ListItem\",\"position\":3,\"name\":\"Centr\u00edfuga Plasma 22\"}]},{\"@type\":\"WebSite\",\"@id\":\"https:\/\/www.labopolis.com\/#website\",\"url\":\"https:\/\/www.labopolis.com\/\",\"name\":\"Labopolis\",\"description\":\"\",\"potentialAction\":[{\"@type\":\"SearchAction\",\"target\":{\"@type\":\"EntryPoint\",\"urlTemplate\":\"https:\/\/www.labopolis.com\/?s={search_term_string}\"},\"query-input\":{\"@type\":\"PropertyValueSpecification\",\"valueRequired\":true,\"valueName\":\"search_term_string\"}}],\"inLanguage\":\"fr-FR\"}]}<\/script>\n<!-- \/ Yoast SEO plugin. -->","yoast_head_json":{"title":"Centr\u00edfuga Plasma 22 - Labopolis","description":"Centr\u00edfuga Plasma 22. Accesorios no incluidos. Max. capacity: 8 x 9\/15 ml. Max. speed: 1.288 xg \/ 3.000 RPM  CE 156 PLASMA 22, 220-240 V 50-60 Hz  ACCESORIOS: RT 237 Rotor Oscilante para 8 tubos de 9\/15 ml RE 474 8 adaptadores para 8 tubos de 5 ml  \u00a0Ficha T\u00e9cnica Plasma 22  Technical Datasheet Plasma 22","robots":{"index":"index","follow":"follow","max-snippet":"max-snippet:-1","max-image-preview":"max-image-preview:large","max-video-preview":"max-video-preview:-1"},"canonical":"https:\/\/www.labopolis.com\/fr\/produit\/centrifuga-plasma-22\/","og_locale":"fr_FR","og_type":"article","og_title":"Centr\u00edfuga Plasma 22 - Labopolis","og_description":"Centr\u00edfuga Plasma 22. Accesorios no incluidos. Max. capacity: 8 x 9\/15 ml. Max. speed: 1.288 xg \/ 3.000 RPM  CE 156 PLASMA 22, 220-240 V 50-60 Hz  ACCESORIOS: RT 237 Rotor Oscilante para 8 tubos de 9\/15 ml RE 474 8 adaptadores para 8 tubos de 5 ml  \u00a0Ficha T\u00e9cnica Plasma 22  Technical Datasheet Plasma 22","og_url":"https:\/\/www.labopolis.com\/fr\/produit\/centrifuga-plasma-22\/","og_site_name":"Labopolis","article_publisher":"https:\/\/www.facebook.com\/profile.php?id=100063251679439","article_modified_time":"2025-09-18T10:43:57+00:00","twitter_card":"summary_large_image","twitter_site":"@Labopolis","twitter_misc":{"Dur\u00e9e de lecture estim\u00e9e":"1 minute"},"schema":{"@context":"https:\/\/schema.org","@graph":[{"@type":"WebPage","@id":"https:\/\/www.labopolis.com\/producto\/centrifuga-plasma-22\/","url":"https:\/\/www.labopolis.com\/producto\/centrifuga-plasma-22\/","name":"Centr\u00edfuga Plasma 22 - Labopolis","isPartOf":{"@id":"https:\/\/www.labopolis.com\/#website"},"primaryImageOfPage":{"@id":"https:\/\/www.labopolis.com\/producto\/centrifuga-plasma-22\/#primaryimage"},"image":{"@id":"https:\/\/www.labopolis.com\/producto\/centrifuga-plasma-22\/#primaryimage"},"thumbnailUrl":"https:\/\/www.labopolis.com\/wp-content\/uploads\/2023\/07\/Plasma_22.avif","datePublished":"2023-07-10T11:33:29+00:00","dateModified":"2025-09-18T10:43:57+00:00","description":"Centr\u00edfuga Plasma 22. Accesorios no incluidos. Max. capacity: 8 x 9\/15 ml. Max. speed: 1.288 xg \/ 3.000 RPM CE 156 PLASMA 22, 220-240 V 50-60 Hz ACCESORIOS: RT 237 Rotor Oscilante para 8 tubos de 9\/15 ml RE 474 8 adaptadores para 8 tubos de 5 ml \u00a0Ficha T\u00e9cnica Plasma 22 Technical Datasheet Plasma 22","breadcrumb":{"@id":"https:\/\/www.labopolis.com\/producto\/centrifuga-plasma-22\/#breadcrumb"},"inLanguage":"fr-FR","potentialAction":[{"@type":"ReadAction","target":["https:\/\/www.labopolis.com\/producto\/centrifuga-plasma-22\/"]}]},{"@type":"ImageObject","inLanguage":"fr-FR","@id":"https:\/\/www.labopolis.com\/producto\/centrifuga-plasma-22\/#primaryimage","url":"https:\/\/www.labopolis.com\/wp-content\/uploads\/2023\/07\/Plasma_22.avif","contentUrl":"https:\/\/www.labopolis.com\/wp-content\/uploads\/2023\/07\/Plasma_22.avif","width":931,"height":1024,"caption":"Centrifuga Plasma"},{"@type":"BreadcrumbList","@id":"https:\/\/www.labopolis.com\/producto\/centrifuga-plasma-22\/#breadcrumb","itemListElement":[{"@type":"ListItem","position":1,"name":"Portada","item":"https:\/\/www.labopolis.com\/"},{"@type":"ListItem","position":2,"name":"Productos","item":"https:\/\/www.labopolis.com\/shop\/"},{"@type":"ListItem","position":3,"name":"Centr\u00edfuga Plasma 22"}]},{"@type":"WebSite","@id":"https:\/\/www.labopolis.com\/#website","url":"https:\/\/www.labopolis.com\/","name":"Labopolis","description":"","potentialAction":[{"@type":"SearchAction","target":{"@type":"EntryPoint","urlTemplate":"https:\/\/www.labopolis.com\/?s={search_term_string}"},"query-input":{"@type":"PropertyValueSpecification","valueRequired":true,"valueName":"search_term_string"}}],"inLanguage":"fr-FR"}]}},"_links":{"self":[{"href":"https:\/\/www.labopolis.com\/fr\/wp-json\/wp\/v2\/product\/1338","targetHints":{"allow":["GET"]}}],"collection":[{"href":"https:\/\/www.labopolis.com\/fr\/wp-json\/wp\/v2\/product"}],"about":[{"href":"https:\/\/www.labopolis.com\/fr\/wp-json\/wp\/v2\/types\/product"}],"replies":[{"embeddable":true,"href":"https:\/\/www.labopolis.com\/fr\/wp-json\/wp\/v2\/comments?post=1338"}],"wp:featuredmedia":[{"embeddable":true,"href":"https:\/\/www.labopolis.com\/fr\/wp-json\/wp\/v2\/media\/14803"}],"wp:attachment":[{"href":"https:\/\/www.labopolis.com\/fr\/wp-json\/wp\/v2\/media?parent=1338"}],"wp:term":[{"taxonomy":"product_brand","embeddable":true,"href":"https:\/\/www.labopolis.com\/fr\/wp-json\/wp\/v2\/product_brand?post=1338"},{"taxonomy":"product_cat","embeddable":true,"href":"https:\/\/www.labopolis.com\/fr\/wp-json\/wp\/v2\/product_cat?post=1338"},{"taxonomy":"product_tag","embeddable":true,"href":"https:\/\/www.labopolis.com\/fr\/wp-json\/wp\/v2\/product_tag?post=1338"}],"curies":[{"name":"wp","href":"https:\/\/api.w.org\/{rel}","templated":true}]}}