{"id":1213,"date":"2023-07-10T11:32:56","date_gmt":"2023-07-10T11:32:56","guid":{"rendered":"https:\/\/www.labopolis.com\/?post_type=product&#038;p=1213"},"modified":"2023-08-17T10:22:22","modified_gmt":"2023-08-17T10:22:22","slug":"tamices-industriales-circulares","status":"publish","type":"product","link":"https:\/\/www.labopolis.com\/fr\/produit\/tamices-industriales-circulares\/","title":{"rendered":"Tamis industriels circulaires"},"content":{"rendered":"<p>Nouveaux tamis<br \/>\nFabrication de tamis industriels circulaires en acier inoxydable AISI-304 et AISI-316, avec des mailles de 36 microns \u00e0 10 mm. Diam\u00e8tres des cercles 544 mm, 754 mm, 1.154 mm et 1.491 mm, avec ou sans centre de tension.<br \/>\nR\u00e9paration et entretien<br \/>\nRemaillage et r\u00e9paration de cribles circulaires industriels avec des mailles de haute qualit\u00e9, pour toutes les marques de cribles circulaires du march\u00e9.<br \/>\nRemplacement des grillages d\u00e9t\u00e9rior\u00e9s par de nouveaux grillages, garantissant un bon fonctionnement et des tensions ad\u00e9quates.<\/p>","protected":false},"excerpt":{"rendered":"<p>Tamices nuevos<br \/>\nFabricaci\u00f3n de tamices industriales circulares en acero inoxidable AISI-304 y AISI-316, con luces de malla desde 36 micras a 10 mm. Di\u00e1metros de aro 544 mm, 754 mm, 1.154 mm y 1.491 mm, con y sin centro tensor.<br \/>\nReparaci\u00f3n y mantenimiento<br \/>\nReentelado y reparaci\u00f3n de tamices industriales circulares con mallas de alta calidad, para todas las marcas de tamizadoras circulares existentes en el mercado.<br \/>\nSustituci\u00f3n de la malla deteriorada por una nueva, garantizando el correcto funcionamiento y tensiones adecuadas.<br \/>\nReentelado de aros con sistemas de limpieza por ultrasonido.<br \/>\nReentelado de aros con dispositivos de golpeo por bolas u otras ayudas al tamizado.<br \/>\nMesas de tensi\u00f3n disponibles para reentelado de aros con di\u00e1metros de 300 mm a 1.900 mm con y sin centro tensor, utilizando colas de alta resistencia o soldadura por puntos.<\/p>\n<p>[sv slug=\u00bbproductos\u00bb]<\/p>\n<p>&nbsp;<\/p>\n","protected":false},"featured_media":1237,"comment_status":"open","ping_status":"closed","template":"","meta":[],"product_brand":[],"product_cat":[107,114],"product_tag":[],"class_list":{"0":"post-1213","1":"product","2":"type-product","3":"status-publish","4":"has-post-thumbnail","6":"product_cat-industrial","7":"product_cat-tamices-industriales","9":"first","10":"instock","11":"taxable","12":"shipping-taxable","13":"product-type-simple"},"yoast_head":"<!-- This site is optimized with the Yoast SEO plugin v27.2 - https:\/\/yoast.com\/product\/yoast-seo-wordpress\/ -->\n<title>Tamices Industriales circulares - Labopolis<\/title>\n<meta name=\"description\" content=\"Tamices nuevos Fabricaci\u00f3n de tamices industriales circulares en acero inoxidable AISI-304 y AISI-316, con luces de malla desde 36 micras a 10 mm. Di\u00e1metros de aro 544 mm, 754 mm, 1.154 mm y 1.491 mm, con y sin centro tensor. Reparaci\u00f3n y mantenimiento Reentelado y reparaci\u00f3n de tamices industriales circulares con mallas de alta calidad, para todas las marcas de tamizadoras circulares existentes en el mercado. Sustituci\u00f3n de la malla deteriorada por una nueva, garantizando el correcto funcionamiento y tensiones adecuadas. Reentelado de aros con sistemas de limpieza por ultrasonido. Reentelado de aros con dispositivos de golpeo por bolas u otras ayudas al tamizado. Mesas de tensi\u00f3n disponibles para reentelado de aros con di\u00e1metros de 300 mm a 1.900 mm con y sin centro tensor, utilizando colas de alta resistencia o soldadura por puntos.    &nbsp;\" \/>\n<meta name=\"robots\" content=\"index, follow, max-snippet:-1, max-image-preview:large, max-video-preview:-1\" \/>\n<link rel=\"canonical\" href=\"https:\/\/www.labopolis.com\/fr\/produit\/tamices-industriales-circulares\/\" \/>\n<meta property=\"og:locale\" content=\"fr_FR\" \/>\n<meta property=\"og:type\" content=\"article\" \/>\n<meta property=\"og:title\" content=\"Tamices Industriales circulares - Labopolis\" \/>\n<meta property=\"og:description\" content=\"Tamices nuevos Fabricaci\u00f3n de tamices industriales circulares en acero inoxidable AISI-304 y AISI-316, con luces de malla desde 36 micras a 10 mm. Di\u00e1metros de aro 544 mm, 754 mm, 1.154 mm y 1.491 mm, con y sin centro tensor. Reparaci\u00f3n y mantenimiento Reentelado y reparaci\u00f3n de tamices industriales circulares con mallas de alta calidad, para todas las marcas de tamizadoras circulares existentes en el mercado. Sustituci\u00f3n de la malla deteriorada por una nueva, garantizando el correcto funcionamiento y tensiones adecuadas. Reentelado de aros con sistemas de limpieza por ultrasonido. Reentelado de aros con dispositivos de golpeo por bolas u otras ayudas al tamizado. Mesas de tensi\u00f3n disponibles para reentelado de aros con di\u00e1metros de 300 mm a 1.900 mm con y sin centro tensor, utilizando colas de alta resistencia o soldadura por puntos.    &nbsp;\" \/>\n<meta property=\"og:url\" content=\"https:\/\/www.labopolis.com\/fr\/produit\/tamices-industriales-circulares\/\" \/>\n<meta property=\"og:site_name\" content=\"Labopolis\" \/>\n<meta property=\"article:publisher\" content=\"https:\/\/www.facebook.com\/profile.php?id=100063251679439\" \/>\n<meta property=\"article:modified_time\" content=\"2023-08-17T10:22:22+00:00\" \/>\n<meta property=\"og:image\" content=\"https:\/\/www.labopolis.com\/wp-content\/uploads\/2023\/07\/tipos-mallas.jpg\" \/>\n\t<meta property=\"og:image:width\" content=\"425\" \/>\n\t<meta property=\"og:image:height\" content=\"205\" \/>\n\t<meta property=\"og:image:type\" content=\"image\/jpeg\" \/>\n<meta name=\"twitter:card\" content=\"summary_large_image\" \/>\n<meta name=\"twitter:site\" content=\"@Labopolis\" \/>\n<script type=\"application\/ld+json\" class=\"yoast-schema-graph\">{\"@context\":\"https:\/\/schema.org\",\"@graph\":[{\"@type\":\"WebPage\",\"@id\":\"https:\/\/www.labopolis.com\/producto\/tamices-industriales-circulares\/\",\"url\":\"https:\/\/www.labopolis.com\/producto\/tamices-industriales-circulares\/\",\"name\":\"Tamices Industriales circulares - Labopolis\",\"isPartOf\":{\"@id\":\"https:\/\/www.labopolis.com\/#website\"},\"primaryImageOfPage\":{\"@id\":\"https:\/\/www.labopolis.com\/producto\/tamices-industriales-circulares\/#primaryimage\"},\"image\":{\"@id\":\"https:\/\/www.labopolis.com\/producto\/tamices-industriales-circulares\/#primaryimage\"},\"thumbnailUrl\":\"https:\/\/www.labopolis.com\/wp-content\/uploads\/2023\/07\/tipos-mallas.jpg\",\"datePublished\":\"2023-07-10T11:32:56+00:00\",\"dateModified\":\"2023-08-17T10:22:22+00:00\",\"description\":\"Tamices nuevos Fabricaci\u00f3n de tamices industriales circulares en acero inoxidable AISI-304 y AISI-316, con luces de malla desde 36 micras a 10 mm. Di\u00e1metros de aro 544 mm, 754 mm, 1.154 mm y 1.491 mm, con y sin centro tensor. Reparaci\u00f3n y mantenimiento Reentelado y reparaci\u00f3n de tamices industriales circulares con mallas de alta calidad, para todas las marcas de tamizadoras circulares existentes en el mercado. Sustituci\u00f3n de la malla deteriorada por una nueva, garantizando el correcto funcionamiento y tensiones adecuadas. Reentelado de aros con sistemas de limpieza por ultrasonido. Reentelado de aros con dispositivos de golpeo por bolas u otras ayudas al tamizado. Mesas de tensi\u00f3n disponibles para reentelado de aros con di\u00e1metros de 300 mm a 1.900 mm con y sin centro tensor, utilizando colas de alta resistencia o soldadura por puntos. &nbsp;\",\"breadcrumb\":{\"@id\":\"https:\/\/www.labopolis.com\/producto\/tamices-industriales-circulares\/#breadcrumb\"},\"inLanguage\":\"fr-FR\",\"potentialAction\":[{\"@type\":\"ReadAction\",\"target\":[\"https:\/\/www.labopolis.com\/producto\/tamices-industriales-circulares\/\"]}]},{\"@type\":\"ImageObject\",\"inLanguage\":\"fr-FR\",\"@id\":\"https:\/\/www.labopolis.com\/producto\/tamices-industriales-circulares\/#primaryimage\",\"url\":\"https:\/\/www.labopolis.com\/wp-content\/uploads\/2023\/07\/tipos-mallas.jpg\",\"contentUrl\":\"https:\/\/www.labopolis.com\/wp-content\/uploads\/2023\/07\/tipos-mallas.jpg\",\"width\":425,\"height\":205,\"caption\":\"Producto\"},{\"@type\":\"BreadcrumbList\",\"@id\":\"https:\/\/www.labopolis.com\/producto\/tamices-industriales-circulares\/#breadcrumb\",\"itemListElement\":[{\"@type\":\"ListItem\",\"position\":1,\"name\":\"Portada\",\"item\":\"https:\/\/www.labopolis.com\/\"},{\"@type\":\"ListItem\",\"position\":2,\"name\":\"Productos\",\"item\":\"https:\/\/www.labopolis.com\/shop\/\"},{\"@type\":\"ListItem\",\"position\":3,\"name\":\"Tamices Industriales circulares\"}]},{\"@type\":\"WebSite\",\"@id\":\"https:\/\/www.labopolis.com\/#website\",\"url\":\"https:\/\/www.labopolis.com\/\",\"name\":\"Labopolis\",\"description\":\"\",\"potentialAction\":[{\"@type\":\"SearchAction\",\"target\":{\"@type\":\"EntryPoint\",\"urlTemplate\":\"https:\/\/www.labopolis.com\/?s={search_term_string}\"},\"query-input\":{\"@type\":\"PropertyValueSpecification\",\"valueRequired\":true,\"valueName\":\"search_term_string\"}}],\"inLanguage\":\"fr-FR\"}]}<\/script>\n<!-- \/ Yoast SEO plugin. -->","yoast_head_json":{"title":"Tamis industriels circulaires - Labopolis","description":"Nouveaux tamis Fabrication de tamis industriels circulaires en acier inoxydable AISI-304 et AISI-316, avec des mailles de 36 microns \u00e0 10 mm. Diam\u00e8tres des cercles 544 mm, 754 mm, 1.154 mm et 1.491 mm, avec ou sans centre de tension. R\u00e9paration et entretien Remaillage et r\u00e9paration de tamis circulaires industriels avec des mailles de haute qualit\u00e9 pour toutes les marques de tamiseuses circulaires du march\u00e9. Remplacement de la maille d\u00e9t\u00e9rior\u00e9e par une nouvelle, garantissant un fonctionnement correct et des tensions ad\u00e9quates. Remaillage des anneaux avec des syst\u00e8mes de nettoyage \u00e0 ultrasons. Remaillage des anneaux avec des dispositifs de taraudage \u00e0 billes ou d'autres aides au tamisage. Tables de tension disponibles pour le r\u00e9engr\u00e8nement d'anneaux de 300 mm \u00e0 1 900 mm de diam\u00e8tre, avec ou sans centre de tension, \u00e0 l'aide de colles \u00e0 haute r\u00e9sistance ou de soudures par points.    &nbsp;","robots":{"index":"index","follow":"follow","max-snippet":"max-snippet:-1","max-image-preview":"max-image-preview:large","max-video-preview":"max-video-preview:-1"},"canonical":"https:\/\/www.labopolis.com\/fr\/produit\/tamices-industriales-circulares\/","og_locale":"fr_FR","og_type":"article","og_title":"Tamices Industriales circulares - Labopolis","og_description":"Tamices nuevos Fabricaci\u00f3n de tamices industriales circulares en acero inoxidable AISI-304 y AISI-316, con luces de malla desde 36 micras a 10 mm. Di\u00e1metros de aro 544 mm, 754 mm, 1.154 mm y 1.491 mm, con y sin centro tensor. Reparaci\u00f3n y mantenimiento Reentelado y reparaci\u00f3n de tamices industriales circulares con mallas de alta calidad, para todas las marcas de tamizadoras circulares existentes en el mercado. Sustituci\u00f3n de la malla deteriorada por una nueva, garantizando el correcto funcionamiento y tensiones adecuadas. Reentelado de aros con sistemas de limpieza por ultrasonido. Reentelado de aros con dispositivos de golpeo por bolas u otras ayudas al tamizado. Mesas de tensi\u00f3n disponibles para reentelado de aros con di\u00e1metros de 300 mm a 1.900 mm con y sin centro tensor, utilizando colas de alta resistencia o soldadura por puntos.    &nbsp;","og_url":"https:\/\/www.labopolis.com\/fr\/produit\/tamices-industriales-circulares\/","og_site_name":"Labopolis","article_publisher":"https:\/\/www.facebook.com\/profile.php?id=100063251679439","article_modified_time":"2023-08-17T10:22:22+00:00","og_image":[{"width":425,"height":205,"url":"https:\/\/www.labopolis.com\/wp-content\/uploads\/2023\/07\/tipos-mallas.jpg","type":"image\/jpeg"}],"twitter_card":"summary_large_image","twitter_site":"@Labopolis","schema":{"@context":"https:\/\/schema.org","@graph":[{"@type":"WebPage","@id":"https:\/\/www.labopolis.com\/producto\/tamices-industriales-circulares\/","url":"https:\/\/www.labopolis.com\/producto\/tamices-industriales-circulares\/","name":"Tamis industriels circulaires - Labopolis","isPartOf":{"@id":"https:\/\/www.labopolis.com\/#website"},"primaryImageOfPage":{"@id":"https:\/\/www.labopolis.com\/producto\/tamices-industriales-circulares\/#primaryimage"},"image":{"@id":"https:\/\/www.labopolis.com\/producto\/tamices-industriales-circulares\/#primaryimage"},"thumbnailUrl":"https:\/\/www.labopolis.com\/wp-content\/uploads\/2023\/07\/tipos-mallas.jpg","datePublished":"2023-07-10T11:32:56+00:00","dateModified":"2023-08-17T10:22:22+00:00","description":"Nouveaux tamis Fabrication de tamis industriels circulaires en acier inoxydable AISI-304 et AISI-316, avec des mailles de 36 microns \u00e0 10 mm. Diam\u00e8tres des cercles 544 mm, 754 mm, 1.154 mm et 1.491 mm, avec ou sans centre de tension. R\u00e9paration et entretien Remaillage et r\u00e9paration de tamis circulaires industriels avec des mailles de haute qualit\u00e9 pour toutes les marques de tamiseuses circulaires du march\u00e9. Remplacement de la maille d\u00e9t\u00e9rior\u00e9e par une nouvelle, garantissant un fonctionnement correct et des tensions ad\u00e9quates. Remaillage des anneaux avec des syst\u00e8mes de nettoyage \u00e0 ultrasons. Remaillage des anneaux avec des dispositifs de taraudage \u00e0 billes ou d'autres aides au tamisage. Tables de tension disponibles pour le r\u00e9engr\u00e8nement d'anneaux de 300 mm \u00e0 1 900 mm de diam\u00e8tre, avec ou sans centre de tension, \u00e0 l'aide de colles \u00e0 haute r\u00e9sistance ou de soudures par points. &nbsp;","breadcrumb":{"@id":"https:\/\/www.labopolis.com\/producto\/tamices-industriales-circulares\/#breadcrumb"},"inLanguage":"fr-FR","potentialAction":[{"@type":"ReadAction","target":["https:\/\/www.labopolis.com\/producto\/tamices-industriales-circulares\/"]}]},{"@type":"ImageObject","inLanguage":"fr-FR","@id":"https:\/\/www.labopolis.com\/producto\/tamices-industriales-circulares\/#primaryimage","url":"https:\/\/www.labopolis.com\/wp-content\/uploads\/2023\/07\/tipos-mallas.jpg","contentUrl":"https:\/\/www.labopolis.com\/wp-content\/uploads\/2023\/07\/tipos-mallas.jpg","width":425,"height":205,"caption":"Producto"},{"@type":"BreadcrumbList","@id":"https:\/\/www.labopolis.com\/producto\/tamices-industriales-circulares\/#breadcrumb","itemListElement":[{"@type":"ListItem","position":1,"name":"Portada","item":"https:\/\/www.labopolis.com\/"},{"@type":"ListItem","position":2,"name":"Productos","item":"https:\/\/www.labopolis.com\/shop\/"},{"@type":"ListItem","position":3,"name":"Tamices Industriales circulares"}]},{"@type":"WebSite","@id":"https:\/\/www.labopolis.com\/#website","url":"https:\/\/www.labopolis.com\/","name":"Labopolis","description":"","potentialAction":[{"@type":"SearchAction","target":{"@type":"EntryPoint","urlTemplate":"https:\/\/www.labopolis.com\/?s={search_term_string}"},"query-input":{"@type":"PropertyValueSpecification","valueRequired":true,"valueName":"search_term_string"}}],"inLanguage":"fr-FR"}]}},"_links":{"self":[{"href":"https:\/\/www.labopolis.com\/fr\/wp-json\/wp\/v2\/product\/1213","targetHints":{"allow":["GET"]}}],"collection":[{"href":"https:\/\/www.labopolis.com\/fr\/wp-json\/wp\/v2\/product"}],"about":[{"href":"https:\/\/www.labopolis.com\/fr\/wp-json\/wp\/v2\/types\/product"}],"replies":[{"embeddable":true,"href":"https:\/\/www.labopolis.com\/fr\/wp-json\/wp\/v2\/comments?post=1213"}],"wp:featuredmedia":[{"embeddable":true,"href":"https:\/\/www.labopolis.com\/fr\/wp-json\/wp\/v2\/media\/1237"}],"wp:attachment":[{"href":"https:\/\/www.labopolis.com\/fr\/wp-json\/wp\/v2\/media?parent=1213"}],"wp:term":[{"taxonomy":"product_brand","embeddable":true,"href":"https:\/\/www.labopolis.com\/fr\/wp-json\/wp\/v2\/product_brand?post=1213"},{"taxonomy":"product_cat","embeddable":true,"href":"https:\/\/www.labopolis.com\/fr\/wp-json\/wp\/v2\/product_cat?post=1213"},{"taxonomy":"product_tag","embeddable":true,"href":"https:\/\/www.labopolis.com\/fr\/wp-json\/wp\/v2\/product_tag?post=1213"}],"curies":[{"name":"wp","href":"https:\/\/api.w.org\/{rel}","templated":true}]}}