{"id":1210,"date":"2023-07-10T11:32:56","date_gmt":"2023-07-10T11:32:56","guid":{"rendered":"https:\/\/www.labopolis.com\/?post_type=product&#038;p=1210"},"modified":"2024-07-04T15:07:43","modified_gmt":"2024-07-04T15:07:43","slug":"filtracion-de-liquidos","status":"publish","type":"product","link":"https:\/\/www.labopolis.com\/fr\/produit\/filtracion-de-liquidos\/","title":{"rendered":"Filtration des liquides"},"content":{"rendered":"<p>Filtre \u00e0 cartouche \u00e0 angle, en acier inoxydable AISI-316, disponible en profil triangulaire avec une filtration de 500 et 1000 \u00b5m ou en maille m\u00e9tallique et plaque perfor\u00e9e avec une filtration de 36 \u00e0 2000 \u00b5m, disponible en 3 longueurs : 425, 511 et 1036 mm.<br \/>\nFacile \u00e0 d\u00e9monter et \u00e0 nettoyer, ainsi qu'\u00e0 installer, avec un manchon d'entr\u00e9e et de sortie soud\u00e9 ou filet\u00e9 et un collier de serrage \u00e0 d\u00e9gagement rapide sur le couvercle sup\u00e9rieur.<br \/>\nUtilis\u00e9 dans tous les types d'industries, telles que l'agroalimentaire, les cosm\u00e9tiques, les produits pharmaceutiques, pour retenir les impuret\u00e9s, les grumeaux, les solides, les corps \u00e9trangers, qui peuvent p\u00e9n\u00e9trer dans les tuyaux de transport et \u00e9viter ainsi qu'ils ne contaminent le produit final.<\/p>","protected":false},"excerpt":{"rendered":"<p>Filtro de cartucho tipo escuadra, fabricado en acero inoxidable AISI-316, disponible en perfil triangular con filtraci\u00f3n de 500 y 1000 \u00b5m o en malla met\u00e1lica y chapa perforada con filtraciones de 36 a 2000 \u00b5m, disponible en 3 medidas de largo: 425, 511 y 1036 mm.<br \/>\nF\u00e1cil de desmontar y limpiar as\u00ed como de instalar, con casquillo de entrada y salida soldado o roscado y clamp de apertura r\u00e1pida en la tapa superior.<br \/>\nUtilizado en todo tipo de industrias, tales como la agro-alimentaria, cosm\u00e9tica, farmac\u00e9utica, para retenci\u00f3n de impurezas, grumos, s\u00f3lidos, objetos extra\u00f1os, que puedan introducirse en las tuberias de transporte y evitar as\u00ed que contaminen el producto final.<\/p>\n<p><em><strong><a href=\"https:\/\/www.labopolis.com\/wp-content\/uploads\/2015\/06\/FILTRO-ESCUADRA.pdf\" target=\"_blank\" rel=\"attachment wp-att-4021 noopener\"><i class=\"fas fa-file-alt\"><\/i>\u00a0Ficha T\u00e9cnica Filtros Escuadra<\/a><\/strong><\/em><\/p>\n<p>[sv slug=\u00bbproductos\u00bb]<\/p>\n","protected":false},"featured_media":1226,"comment_status":"open","ping_status":"closed","template":"","meta":[],"product_brand":[],"product_cat":[110,107],"product_tag":[],"class_list":{"0":"post-1210","1":"product","2":"type-product","3":"status-publish","4":"has-post-thumbnail","6":"product_cat-filtracion-de-liquidos","7":"product_cat-industrial","9":"first","10":"instock","11":"taxable","12":"shipping-taxable","13":"product-type-simple"},"yoast_head":"<!-- This site is optimized with the Yoast SEO plugin v27.2 - https:\/\/yoast.com\/product\/yoast-seo-wordpress\/ -->\n<title>Filtraci\u00f3n de l\u00edquidos - Labopolis<\/title>\n<meta name=\"description\" content=\"Filtro de cartucho tipo escuadra, fabricado en acero inoxidable AISI-316, disponible en perfil triangular con filtraci\u00f3n de 500 y 1000 \u00b5m o en malla met\u00e1lica y chapa perforada con filtraciones de 36 a 2000 \u00b5m, disponible en 3 medidas de largo: 425, 511 y 1036 mm. F\u00e1cil de desmontar y limpiar as\u00ed como de instalar, con casquillo de entrada y salida soldado o roscado y clamp de apertura r\u00e1pida en la tapa superior. Utilizado en todo tipo de industrias, tales como la agro-alimentaria, cosm\u00e9tica, farmac\u00e9utica, para retenci\u00f3n de impurezas, grumos, s\u00f3lidos, objetos extra\u00f1os, que puedan introducirse en las tuberias de transporte y evitar as\u00ed que contaminen el producto final.  \u00a0Ficha T\u00e9cnica Filtros Escuadra\" \/>\n<meta name=\"robots\" content=\"index, follow, max-snippet:-1, max-image-preview:large, max-video-preview:-1\" \/>\n<link rel=\"canonical\" href=\"https:\/\/www.labopolis.com\/fr\/produit\/filtracion-de-liquidos\/\" \/>\n<meta property=\"og:locale\" content=\"fr_FR\" \/>\n<meta property=\"og:type\" content=\"article\" \/>\n<meta property=\"og:title\" content=\"Filtraci\u00f3n de l\u00edquidos - Labopolis\" \/>\n<meta property=\"og:description\" content=\"Filtro de cartucho tipo escuadra, fabricado en acero inoxidable AISI-316, disponible en perfil triangular con filtraci\u00f3n de 500 y 1000 \u00b5m o en malla met\u00e1lica y chapa perforada con filtraciones de 36 a 2000 \u00b5m, disponible en 3 medidas de largo: 425, 511 y 1036 mm. F\u00e1cil de desmontar y limpiar as\u00ed como de instalar, con casquillo de entrada y salida soldado o roscado y clamp de apertura r\u00e1pida en la tapa superior. Utilizado en todo tipo de industrias, tales como la agro-alimentaria, cosm\u00e9tica, farmac\u00e9utica, para retenci\u00f3n de impurezas, grumos, s\u00f3lidos, objetos extra\u00f1os, que puedan introducirse en las tuberias de transporte y evitar as\u00ed que contaminen el producto final.  \u00a0Ficha T\u00e9cnica Filtros Escuadra\" \/>\n<meta property=\"og:url\" content=\"https:\/\/www.labopolis.com\/fr\/produit\/filtracion-de-liquidos\/\" \/>\n<meta property=\"og:site_name\" content=\"Labopolis\" \/>\n<meta property=\"article:publisher\" content=\"https:\/\/www.facebook.com\/profile.php?id=100063251679439\" \/>\n<meta property=\"article:modified_time\" content=\"2024-07-04T15:07:43+00:00\" \/>\n<meta property=\"og:image\" content=\"https:\/\/www.labopolis.com\/wp-content\/uploads\/2023\/07\/cartucho.jpg\" \/>\n\t<meta property=\"og:image:width\" content=\"217\" \/>\n\t<meta property=\"og:image:height\" content=\"361\" \/>\n\t<meta property=\"og:image:type\" content=\"image\/jpeg\" \/>\n<meta name=\"twitter:card\" content=\"summary_large_image\" \/>\n<meta name=\"twitter:site\" content=\"@Labopolis\" \/>\n<meta name=\"twitter:label1\" content=\"Dur\u00e9e de lecture estim\u00e9e\" \/>\n\t<meta name=\"twitter:data1\" content=\"1 minute\" \/>\n<script type=\"application\/ld+json\" class=\"yoast-schema-graph\">{\"@context\":\"https:\/\/schema.org\",\"@graph\":[{\"@type\":\"WebPage\",\"@id\":\"https:\/\/www.labopolis.com\/producto\/filtracion-de-liquidos\/\",\"url\":\"https:\/\/www.labopolis.com\/producto\/filtracion-de-liquidos\/\",\"name\":\"Filtraci\u00f3n de l\u00edquidos - Labopolis\",\"isPartOf\":{\"@id\":\"https:\/\/www.labopolis.com\/#website\"},\"primaryImageOfPage\":{\"@id\":\"https:\/\/www.labopolis.com\/producto\/filtracion-de-liquidos\/#primaryimage\"},\"image\":{\"@id\":\"https:\/\/www.labopolis.com\/producto\/filtracion-de-liquidos\/#primaryimage\"},\"thumbnailUrl\":\"https:\/\/www.labopolis.com\/wp-content\/uploads\/2023\/07\/cartucho.jpg\",\"datePublished\":\"2023-07-10T11:32:56+00:00\",\"dateModified\":\"2024-07-04T15:07:43+00:00\",\"description\":\"Filtro de cartucho tipo escuadra, fabricado en acero inoxidable AISI-316, disponible en perfil triangular con filtraci\u00f3n de 500 y 1000 \u00b5m o en malla met\u00e1lica y chapa perforada con filtraciones de 36 a 2000 \u00b5m, disponible en 3 medidas de largo: 425, 511 y 1036 mm. F\u00e1cil de desmontar y limpiar as\u00ed como de instalar, con casquillo de entrada y salida soldado o roscado y clamp de apertura r\u00e1pida en la tapa superior. Utilizado en todo tipo de industrias, tales como la agro-alimentaria, cosm\u00e9tica, farmac\u00e9utica, para retenci\u00f3n de impurezas, grumos, s\u00f3lidos, objetos extra\u00f1os, que puedan introducirse en las tuberias de transporte y evitar as\u00ed que contaminen el producto final. \u00a0Ficha T\u00e9cnica Filtros Escuadra\",\"breadcrumb\":{\"@id\":\"https:\/\/www.labopolis.com\/producto\/filtracion-de-liquidos\/#breadcrumb\"},\"inLanguage\":\"fr-FR\",\"potentialAction\":[{\"@type\":\"ReadAction\",\"target\":[\"https:\/\/www.labopolis.com\/producto\/filtracion-de-liquidos\/\"]}]},{\"@type\":\"ImageObject\",\"inLanguage\":\"fr-FR\",\"@id\":\"https:\/\/www.labopolis.com\/producto\/filtracion-de-liquidos\/#primaryimage\",\"url\":\"https:\/\/www.labopolis.com\/wp-content\/uploads\/2023\/07\/cartucho.jpg\",\"contentUrl\":\"https:\/\/www.labopolis.com\/wp-content\/uploads\/2023\/07\/cartucho.jpg\",\"width\":217,\"height\":361,\"caption\":\"Producto\"},{\"@type\":\"BreadcrumbList\",\"@id\":\"https:\/\/www.labopolis.com\/producto\/filtracion-de-liquidos\/#breadcrumb\",\"itemListElement\":[{\"@type\":\"ListItem\",\"position\":1,\"name\":\"Portada\",\"item\":\"https:\/\/www.labopolis.com\/\"},{\"@type\":\"ListItem\",\"position\":2,\"name\":\"Productos\",\"item\":\"https:\/\/www.labopolis.com\/shop\/\"},{\"@type\":\"ListItem\",\"position\":3,\"name\":\"Filtraci\u00f3n de l\u00edquidos\"}]},{\"@type\":\"WebSite\",\"@id\":\"https:\/\/www.labopolis.com\/#website\",\"url\":\"https:\/\/www.labopolis.com\/\",\"name\":\"Labopolis\",\"description\":\"\",\"potentialAction\":[{\"@type\":\"SearchAction\",\"target\":{\"@type\":\"EntryPoint\",\"urlTemplate\":\"https:\/\/www.labopolis.com\/?s={search_term_string}\"},\"query-input\":{\"@type\":\"PropertyValueSpecification\",\"valueRequired\":true,\"valueName\":\"search_term_string\"}}],\"inLanguage\":\"fr-FR\"}]}<\/script>\n<!-- \/ Yoast SEO plugin. -->","yoast_head_json":{"title":"Filtration des liquides - Labopolis","description":"Filtre \u00e0 cartouche \u00e0 angle, en acier inoxydable AISI-316, disponible en profil triangulaire avec une filtration de 500 et 1000 \u00b5m ou en maille m\u00e9tallique et plaque perfor\u00e9e avec une filtration de 36 \u00e0 2000 \u00b5m, disponible en 3 longueurs : 425, 511 et 1036 mm. Facile \u00e0 d\u00e9monter et \u00e0 nettoyer, ainsi qu'\u00e0 installer, avec un manchon d'entr\u00e9e et de sortie soud\u00e9 ou filet\u00e9 et un collier de serrage \u00e0 d\u00e9gagement rapide sur le couvercle sup\u00e9rieur. Utilis\u00e9s dans tous les types d'industries, telles que l'agroalimentaire, les cosm\u00e9tiques, les produits pharmaceutiques, pour retenir les impuret\u00e9s, les grumeaux, les solides, les corps \u00e9trangers, qui peuvent p\u00e9n\u00e9trer dans les tuyaux de transport et les emp\u00eacher de contaminer le produit final.   Fiche technique Filtres Escuadra","robots":{"index":"index","follow":"follow","max-snippet":"max-snippet:-1","max-image-preview":"max-image-preview:large","max-video-preview":"max-video-preview:-1"},"canonical":"https:\/\/www.labopolis.com\/fr\/produit\/filtracion-de-liquidos\/","og_locale":"fr_FR","og_type":"article","og_title":"Filtraci\u00f3n de l\u00edquidos - Labopolis","og_description":"Filtro de cartucho tipo escuadra, fabricado en acero inoxidable AISI-316, disponible en perfil triangular con filtraci\u00f3n de 500 y 1000 \u00b5m o en malla met\u00e1lica y chapa perforada con filtraciones de 36 a 2000 \u00b5m, disponible en 3 medidas de largo: 425, 511 y 1036 mm. F\u00e1cil de desmontar y limpiar as\u00ed como de instalar, con casquillo de entrada y salida soldado o roscado y clamp de apertura r\u00e1pida en la tapa superior. Utilizado en todo tipo de industrias, tales como la agro-alimentaria, cosm\u00e9tica, farmac\u00e9utica, para retenci\u00f3n de impurezas, grumos, s\u00f3lidos, objetos extra\u00f1os, que puedan introducirse en las tuberias de transporte y evitar as\u00ed que contaminen el producto final.  \u00a0Ficha T\u00e9cnica Filtros Escuadra","og_url":"https:\/\/www.labopolis.com\/fr\/produit\/filtracion-de-liquidos\/","og_site_name":"Labopolis","article_publisher":"https:\/\/www.facebook.com\/profile.php?id=100063251679439","article_modified_time":"2024-07-04T15:07:43+00:00","og_image":[{"width":217,"height":361,"url":"https:\/\/www.labopolis.com\/wp-content\/uploads\/2023\/07\/cartucho.jpg","type":"image\/jpeg"}],"twitter_card":"summary_large_image","twitter_site":"@Labopolis","twitter_misc":{"Dur\u00e9e de lecture estim\u00e9e":"1 minute"},"schema":{"@context":"https:\/\/schema.org","@graph":[{"@type":"WebPage","@id":"https:\/\/www.labopolis.com\/producto\/filtracion-de-liquidos\/","url":"https:\/\/www.labopolis.com\/producto\/filtracion-de-liquidos\/","name":"Filtration des liquides - Labopolis","isPartOf":{"@id":"https:\/\/www.labopolis.com\/#website"},"primaryImageOfPage":{"@id":"https:\/\/www.labopolis.com\/producto\/filtracion-de-liquidos\/#primaryimage"},"image":{"@id":"https:\/\/www.labopolis.com\/producto\/filtracion-de-liquidos\/#primaryimage"},"thumbnailUrl":"https:\/\/www.labopolis.com\/wp-content\/uploads\/2023\/07\/cartucho.jpg","datePublished":"2023-07-10T11:32:56+00:00","dateModified":"2024-07-04T15:07:43+00:00","description":"Filtre \u00e0 cartouche \u00e0 angle, en acier inoxydable AISI-316, disponible en profil triangulaire avec une filtration de 500 et 1000 \u00b5m ou en maille m\u00e9tallique et plaque perfor\u00e9e avec une filtration de 36 \u00e0 2000 \u00b5m, disponible en 3 longueurs : 425, 511 et 1036 mm. Facile \u00e0 d\u00e9monter et \u00e0 nettoyer, ainsi qu'\u00e0 installer, avec un manchon d'entr\u00e9e et de sortie soud\u00e9 ou filet\u00e9 et un collier de serrage \u00e0 d\u00e9gagement rapide sur le couvercle sup\u00e9rieur. Utilis\u00e9s dans tous les types d'industries, telles que l'agroalimentaire, les cosm\u00e9tiques, les produits pharmaceutiques, pour retenir les impuret\u00e9s, les grumeaux, les solides, les corps \u00e9trangers, qui peuvent p\u00e9n\u00e9trer dans les tuyaux de transport et les emp\u00eacher de contaminer le produit final.  Fiche technique Filtres Escuadra","breadcrumb":{"@id":"https:\/\/www.labopolis.com\/producto\/filtracion-de-liquidos\/#breadcrumb"},"inLanguage":"fr-FR","potentialAction":[{"@type":"ReadAction","target":["https:\/\/www.labopolis.com\/producto\/filtracion-de-liquidos\/"]}]},{"@type":"ImageObject","inLanguage":"fr-FR","@id":"https:\/\/www.labopolis.com\/producto\/filtracion-de-liquidos\/#primaryimage","url":"https:\/\/www.labopolis.com\/wp-content\/uploads\/2023\/07\/cartucho.jpg","contentUrl":"https:\/\/www.labopolis.com\/wp-content\/uploads\/2023\/07\/cartucho.jpg","width":217,"height":361,"caption":"Producto"},{"@type":"BreadcrumbList","@id":"https:\/\/www.labopolis.com\/producto\/filtracion-de-liquidos\/#breadcrumb","itemListElement":[{"@type":"ListItem","position":1,"name":"Portada","item":"https:\/\/www.labopolis.com\/"},{"@type":"ListItem","position":2,"name":"Productos","item":"https:\/\/www.labopolis.com\/shop\/"},{"@type":"ListItem","position":3,"name":"Filtraci\u00f3n de l\u00edquidos"}]},{"@type":"WebSite","@id":"https:\/\/www.labopolis.com\/#website","url":"https:\/\/www.labopolis.com\/","name":"Labopolis","description":"","potentialAction":[{"@type":"SearchAction","target":{"@type":"EntryPoint","urlTemplate":"https:\/\/www.labopolis.com\/?s={search_term_string}"},"query-input":{"@type":"PropertyValueSpecification","valueRequired":true,"valueName":"search_term_string"}}],"inLanguage":"fr-FR"}]}},"_links":{"self":[{"href":"https:\/\/www.labopolis.com\/fr\/wp-json\/wp\/v2\/product\/1210","targetHints":{"allow":["GET"]}}],"collection":[{"href":"https:\/\/www.labopolis.com\/fr\/wp-json\/wp\/v2\/product"}],"about":[{"href":"https:\/\/www.labopolis.com\/fr\/wp-json\/wp\/v2\/types\/product"}],"replies":[{"embeddable":true,"href":"https:\/\/www.labopolis.com\/fr\/wp-json\/wp\/v2\/comments?post=1210"}],"wp:featuredmedia":[{"embeddable":true,"href":"https:\/\/www.labopolis.com\/fr\/wp-json\/wp\/v2\/media\/1226"}],"wp:attachment":[{"href":"https:\/\/www.labopolis.com\/fr\/wp-json\/wp\/v2\/media?parent=1210"}],"wp:term":[{"taxonomy":"product_brand","embeddable":true,"href":"https:\/\/www.labopolis.com\/fr\/wp-json\/wp\/v2\/product_brand?post=1210"},{"taxonomy":"product_cat","embeddable":true,"href":"https:\/\/www.labopolis.com\/fr\/wp-json\/wp\/v2\/product_cat?post=1210"},{"taxonomy":"product_tag","embeddable":true,"href":"https:\/\/www.labopolis.com\/fr\/wp-json\/wp\/v2\/product_tag?post=1210"}],"curies":[{"name":"wp","href":"https:\/\/api.w.org\/{rel}","templated":true}]}}