{"id":1161,"date":"2023-07-10T11:32:40","date_gmt":"2023-07-10T11:32:40","guid":{"rendered":"https:\/\/www.labopolis.com\/?post_type=product&#038;p=1161"},"modified":"2026-01-09T11:31:09","modified_gmt":"2026-01-09T11:31:09","slug":"bano-ultrasonido-lt200-pro-84-litros","status":"publish","type":"product","link":"https:\/\/www.labopolis.com\/fr\/produit\/bano-ultrasonido-lt200-pro-84-litros\/","title":{"rendered":"Bain \u00e0 ultrasons LT200 PRO - 8,4 Litres"},"content":{"rendered":"<p>Bain \u00e0 ultrasons Mod\u00e8le LT200 PRO - 8,4 Litres<br \/>\nAlimentation \u00e9lectrique : 220V<br \/>\nPuissance ultrasonique : 200W (400W p-p)<br \/>\nR\u00e9sistance chauffante de 200 W<br \/>\n4 transducteurs pi\u00e9zo\u00e9lectriques IBL acier-titane haute performance<br \/>\nPanneau de contr\u00f4le num\u00e9rique int\u00e9gr\u00e9<br \/>\nR\u00e9servoir en acier inoxydable AISI 316.<br \/>\nPanneau ext\u00e9rieur en acier anti-traces de doigts.<br \/>\n1 panier en acier inoxydable.<br \/>\n1\/2\u2033 ball valve drain<br \/>\nDimensions internes : 296x237x147 mm<br \/>\nDimensions ext\u00e9rieures : 325x265x391 mm<br \/>\nPoids : 9,3 kg<br \/>\nCertificat CE et manuel d'utilisation<\/p>","protected":false},"excerpt":{"rendered":"<p>LT200 PRO<br \/>\nCapacit\u00e9 : 8,4 litres<\/p>\n<p><strong><em><a href=\"https:\/\/www.labopolis.com\/wp-content\/uploads\/2019\/09\/LT-200-PRO_ES1.pdf\" target=\"_blank\" rel=\"attachment wp-att-3822 noopener\"><i class=\"fas fa-file-alt\"><\/i>\u00a0Fiche technique LT-200 PRO<\/a><\/em><\/strong><strong><em><br \/>\n<\/em><\/strong><\/p>","protected":false},"featured_media":1188,"comment_status":"open","ping_status":"closed","template":"","meta":[],"product_brand":[],"product_cat":[23],"product_tag":[102,103,104,105],"class_list":{"0":"post-1161","1":"product","2":"type-product","3":"status-publish","4":"has-post-thumbnail","6":"product_cat-laboratorio","7":"product_tag-bano-ultrasonido","8":"product_tag-limpieza-joyeria","9":"product_tag-limpieza-tamices","10":"product_tag-limpieza-ultrasonido","12":"first","13":"instock","14":"taxable","15":"shipping-taxable","16":"purchasable","17":"product-type-simple"},"yoast_head":"<!-- This site is optimized with the Yoast SEO plugin v27.2 - https:\/\/yoast.com\/product\/yoast-seo-wordpress\/ -->\n<title>Ba\u00f1o ultrasonido LT200 PRO - 8,4 Litros - Labopolis<\/title>\n<meta name=\"description\" content=\"LT200 PRO Capacidad: 8,4 Litros  \u00a0Ficha T\u00e9cnica \u00a0LT-200 PRO\" \/>\n<meta name=\"robots\" content=\"index, follow, max-snippet:-1, max-image-preview:large, max-video-preview:-1\" \/>\n<link rel=\"canonical\" href=\"https:\/\/www.labopolis.com\/fr\/produit\/bano-ultrasonido-lt200-pro-84-litros\/\" \/>\n<meta property=\"og:locale\" content=\"fr_FR\" \/>\n<meta property=\"og:type\" content=\"article\" \/>\n<meta property=\"og:title\" content=\"Ba\u00f1o ultrasonido LT200 PRO - 8,4 Litros - Labopolis\" \/>\n<meta property=\"og:description\" content=\"LT200 PRO Capacidad: 8,4 Litros  \u00a0Ficha T\u00e9cnica \u00a0LT-200 PRO\" \/>\n<meta property=\"og:url\" content=\"https:\/\/www.labopolis.com\/fr\/produit\/bano-ultrasonido-lt200-pro-84-litros\/\" \/>\n<meta property=\"og:site_name\" content=\"Labopolis\" \/>\n<meta property=\"article:publisher\" content=\"https:\/\/www.facebook.com\/profile.php?id=100063251679439\" \/>\n<meta property=\"article:modified_time\" content=\"2026-01-09T11:31:09+00:00\" \/>\n<meta property=\"og:image\" content=\"https:\/\/www.labopolis.com\/wp-content\/uploads\/2023\/07\/LT-200.jpg\" \/>\n\t<meta property=\"og:image:width\" content=\"2000\" \/>\n\t<meta property=\"og:image:height\" content=\"1333\" \/>\n\t<meta property=\"og:image:type\" content=\"image\/jpeg\" \/>\n<meta name=\"twitter:card\" content=\"summary_large_image\" \/>\n<meta name=\"twitter:site\" content=\"@Labopolis\" \/>\n<script type=\"application\/ld+json\" class=\"yoast-schema-graph\">{\"@context\":\"https:\/\/schema.org\",\"@graph\":[{\"@type\":\"WebPage\",\"@id\":\"https:\/\/www.labopolis.com\/producto\/bano-ultrasonido-lt200-pro-84-litros\/\",\"url\":\"https:\/\/www.labopolis.com\/producto\/bano-ultrasonido-lt200-pro-84-litros\/\",\"name\":\"Ba\u00f1o ultrasonido LT200 PRO - 8,4 Litros - Labopolis\",\"isPartOf\":{\"@id\":\"https:\/\/www.labopolis.com\/#website\"},\"primaryImageOfPage\":{\"@id\":\"https:\/\/www.labopolis.com\/producto\/bano-ultrasonido-lt200-pro-84-litros\/#primaryimage\"},\"image\":{\"@id\":\"https:\/\/www.labopolis.com\/producto\/bano-ultrasonido-lt200-pro-84-litros\/#primaryimage\"},\"thumbnailUrl\":\"https:\/\/www.labopolis.com\/wp-content\/uploads\/2023\/07\/LT-200.jpg\",\"datePublished\":\"2023-07-10T11:32:40+00:00\",\"dateModified\":\"2026-01-09T11:31:09+00:00\",\"description\":\"LT200 PRO Capacidad: 8,4 Litros \u00a0Ficha T\u00e9cnica \u00a0LT-200 PRO\",\"breadcrumb\":{\"@id\":\"https:\/\/www.labopolis.com\/producto\/bano-ultrasonido-lt200-pro-84-litros\/#breadcrumb\"},\"inLanguage\":\"fr-FR\",\"potentialAction\":[{\"@type\":\"ReadAction\",\"target\":[\"https:\/\/www.labopolis.com\/producto\/bano-ultrasonido-lt200-pro-84-litros\/\"]}]},{\"@type\":\"ImageObject\",\"inLanguage\":\"fr-FR\",\"@id\":\"https:\/\/www.labopolis.com\/producto\/bano-ultrasonido-lt200-pro-84-litros\/#primaryimage\",\"url\":\"https:\/\/www.labopolis.com\/wp-content\/uploads\/2023\/07\/LT-200.jpg\",\"contentUrl\":\"https:\/\/www.labopolis.com\/wp-content\/uploads\/2023\/07\/LT-200.jpg\",\"width\":2000,\"height\":1333,\"caption\":\"Producto\"},{\"@type\":\"BreadcrumbList\",\"@id\":\"https:\/\/www.labopolis.com\/producto\/bano-ultrasonido-lt200-pro-84-litros\/#breadcrumb\",\"itemListElement\":[{\"@type\":\"ListItem\",\"position\":1,\"name\":\"Portada\",\"item\":\"https:\/\/www.labopolis.com\/\"},{\"@type\":\"ListItem\",\"position\":2,\"name\":\"Productos\",\"item\":\"https:\/\/www.labopolis.com\/shop\/\"},{\"@type\":\"ListItem\",\"position\":3,\"name\":\"Ba\u00f1o ultrasonido LT200 PRO &#8211; 8,4 Litros\"}]},{\"@type\":\"WebSite\",\"@id\":\"https:\/\/www.labopolis.com\/#website\",\"url\":\"https:\/\/www.labopolis.com\/\",\"name\":\"Labopolis\",\"description\":\"\",\"potentialAction\":[{\"@type\":\"SearchAction\",\"target\":{\"@type\":\"EntryPoint\",\"urlTemplate\":\"https:\/\/www.labopolis.com\/?s={search_term_string}\"},\"query-input\":{\"@type\":\"PropertyValueSpecification\",\"valueRequired\":true,\"valueName\":\"search_term_string\"}}],\"inLanguage\":\"fr-FR\"}]}<\/script>\n<!-- \/ Yoast SEO plugin. -->","yoast_head_json":{"title":"Bain \u00e0 ultrasons LT200 PRO - 8,4 Litres - Labopolis","description":"LT200 PRO Capacit\u00e9 : 8,4 litres Fiche technique LT-200 PRO","robots":{"index":"index","follow":"follow","max-snippet":"max-snippet:-1","max-image-preview":"max-image-preview:large","max-video-preview":"max-video-preview:-1"},"canonical":"https:\/\/www.labopolis.com\/fr\/produit\/bano-ultrasonido-lt200-pro-84-litros\/","og_locale":"fr_FR","og_type":"article","og_title":"Ba\u00f1o ultrasonido LT200 PRO - 8,4 Litros - Labopolis","og_description":"LT200 PRO Capacidad: 8,4 Litros  \u00a0Ficha T\u00e9cnica \u00a0LT-200 PRO","og_url":"https:\/\/www.labopolis.com\/fr\/produit\/bano-ultrasonido-lt200-pro-84-litros\/","og_site_name":"Labopolis","article_publisher":"https:\/\/www.facebook.com\/profile.php?id=100063251679439","article_modified_time":"2026-01-09T11:31:09+00:00","og_image":[{"width":2000,"height":1333,"url":"https:\/\/www.labopolis.com\/wp-content\/uploads\/2023\/07\/LT-200.jpg","type":"image\/jpeg"}],"twitter_card":"summary_large_image","twitter_site":"@Labopolis","schema":{"@context":"https:\/\/schema.org","@graph":[{"@type":"WebPage","@id":"https:\/\/www.labopolis.com\/producto\/bano-ultrasonido-lt200-pro-84-litros\/","url":"https:\/\/www.labopolis.com\/producto\/bano-ultrasonido-lt200-pro-84-litros\/","name":"Bain \u00e0 ultrasons LT200 PRO - 8,4 Litres - Labopolis","isPartOf":{"@id":"https:\/\/www.labopolis.com\/#website"},"primaryImageOfPage":{"@id":"https:\/\/www.labopolis.com\/producto\/bano-ultrasonido-lt200-pro-84-litros\/#primaryimage"},"image":{"@id":"https:\/\/www.labopolis.com\/producto\/bano-ultrasonido-lt200-pro-84-litros\/#primaryimage"},"thumbnailUrl":"https:\/\/www.labopolis.com\/wp-content\/uploads\/2023\/07\/LT-200.jpg","datePublished":"2023-07-10T11:32:40+00:00","dateModified":"2026-01-09T11:31:09+00:00","description":"LT200 PRO Capacit\u00e9 : 8,4 litres Fiche technique LT-200 PRO","breadcrumb":{"@id":"https:\/\/www.labopolis.com\/producto\/bano-ultrasonido-lt200-pro-84-litros\/#breadcrumb"},"inLanguage":"fr-FR","potentialAction":[{"@type":"ReadAction","target":["https:\/\/www.labopolis.com\/producto\/bano-ultrasonido-lt200-pro-84-litros\/"]}]},{"@type":"ImageObject","inLanguage":"fr-FR","@id":"https:\/\/www.labopolis.com\/producto\/bano-ultrasonido-lt200-pro-84-litros\/#primaryimage","url":"https:\/\/www.labopolis.com\/wp-content\/uploads\/2023\/07\/LT-200.jpg","contentUrl":"https:\/\/www.labopolis.com\/wp-content\/uploads\/2023\/07\/LT-200.jpg","width":2000,"height":1333,"caption":"Producto"},{"@type":"BreadcrumbList","@id":"https:\/\/www.labopolis.com\/producto\/bano-ultrasonido-lt200-pro-84-litros\/#breadcrumb","itemListElement":[{"@type":"ListItem","position":1,"name":"Portada","item":"https:\/\/www.labopolis.com\/"},{"@type":"ListItem","position":2,"name":"Productos","item":"https:\/\/www.labopolis.com\/shop\/"},{"@type":"ListItem","position":3,"name":"Ba\u00f1o ultrasonido LT200 PRO &#8211; 8,4 Litros"}]},{"@type":"WebSite","@id":"https:\/\/www.labopolis.com\/#website","url":"https:\/\/www.labopolis.com\/","name":"Labopolis","description":"","potentialAction":[{"@type":"SearchAction","target":{"@type":"EntryPoint","urlTemplate":"https:\/\/www.labopolis.com\/?s={search_term_string}"},"query-input":{"@type":"PropertyValueSpecification","valueRequired":true,"valueName":"search_term_string"}}],"inLanguage":"fr-FR"}]}},"_links":{"self":[{"href":"https:\/\/www.labopolis.com\/fr\/wp-json\/wp\/v2\/product\/1161","targetHints":{"allow":["GET"]}}],"collection":[{"href":"https:\/\/www.labopolis.com\/fr\/wp-json\/wp\/v2\/product"}],"about":[{"href":"https:\/\/www.labopolis.com\/fr\/wp-json\/wp\/v2\/types\/product"}],"replies":[{"embeddable":true,"href":"https:\/\/www.labopolis.com\/fr\/wp-json\/wp\/v2\/comments?post=1161"}],"wp:featuredmedia":[{"embeddable":true,"href":"https:\/\/www.labopolis.com\/fr\/wp-json\/wp\/v2\/media\/1188"}],"wp:attachment":[{"href":"https:\/\/www.labopolis.com\/fr\/wp-json\/wp\/v2\/media?parent=1161"}],"wp:term":[{"taxonomy":"product_brand","embeddable":true,"href":"https:\/\/www.labopolis.com\/fr\/wp-json\/wp\/v2\/product_brand?post=1161"},{"taxonomy":"product_cat","embeddable":true,"href":"https:\/\/www.labopolis.com\/fr\/wp-json\/wp\/v2\/product_cat?post=1161"},{"taxonomy":"product_tag","embeddable":true,"href":"https:\/\/www.labopolis.com\/fr\/wp-json\/wp\/v2\/product_tag?post=1161"}],"curies":[{"name":"wp","href":"https:\/\/api.w.org\/{rel}","templated":true}]}}