{"id":1107,"date":"2023-07-10T11:32:25","date_gmt":"2023-07-10T11:32:25","guid":{"rendered":"https:\/\/www.labopolis.com\/?post_type=product&#038;p=1107"},"modified":"2025-12-28T16:50:15","modified_gmt":"2025-12-28T16:50:15","slug":"bano-cata-de-aceite","status":"publish","type":"product","link":"https:\/\/www.labopolis.com\/fr\/produit\/bano-cata-de-aceite\/","title":{"rendered":"Bain de d\u00e9gustation d'huile"},"content":{"rendered":"<p>Mod\u00e8le BCA6E : 6 cavit\u00e9s<br \/>\nMod\u00e8le BCA9E : 9 cavit\u00e9s<\/p>\n<p>Bains \u00e9lectroniques num\u00e9riques contr\u00f4l\u00e9s par microprocesseur.<br \/>\nBloc d'aluminium \u00e0 6 ou 9 cavit\u00e9s sp\u00e9cialement con\u00e7u pour la d\u00e9gustation des huiles alimentaires selon la norme n\u00b0 L.248\/67.<br \/>\nFabriqu\u00e9 avec un r\u00e9servoir int\u00e9rieur estampill\u00e9 en acier inoxydable AISI 304 et un r\u00e9servoir ext\u00e9rieur en acier inoxydable AISI 304 prot\u00e9g\u00e9 par de l'\u00e9poxy, tr\u00e8s r\u00e9sistant aux environnements agressifs.<br \/>\nEcran digital LCD r\u00e9tro-\u00e9clair\u00e9 avec indication de la valeur de la temp\u00e9rature s\u00e9lectionn\u00e9e et de la temp\u00e9rature r\u00e9elle, ainsi que de la minuterie.<br \/>\nClavier avec touches \u00e0 membrane sensibles au toucher.<br \/>\nChauffage en alliage sp\u00e9cial en acier inoxydable r\u00e9sistant \u00e0 la corrosion et aux temp\u00e9ratures \u00e9lev\u00e9es.<br \/>\nProtection contre la surchauffe ou le manque de liquide par thermostat de s\u00e9curit\u00e9, conform\u00e9ment \u00e0 la norme DIN 12877 classe 2.<br \/>\nSauvegarde en m\u00e9moire les derni\u00e8res donn\u00e9es utilis\u00e9es.<\/p>","protected":false},"excerpt":{"rendered":"<p>Bains de d\u00e9gustation d'huile d'olive<\/p>\n<p>Mod\u00e8le BCA6E : 6 cavit\u00e9s<br \/>\nMod\u00e8le BCA9E : 9 cavit\u00e9s<br \/>\nAccessoires non inclus<\/p>\n<p><strong><em><a title=\"Bain de d\u00e9gustation d&#039;huile\" href=\"https:\/\/www.labopolis.com\/wp-content\/uploads\/2015\/05\/Bathcataaceite.pdf\" target=\"_blank\" rel=\"noopener\"><i class=\"fas fa-file-alt\"><\/i>\u00a0Fiche technique du bain de d\u00e9gustation d'huile<\/a><\/em><\/strong><\/p>","protected":false},"featured_media":1118,"comment_status":"open","ping_status":"closed","template":"","meta":[],"product_brand":[],"product_cat":[75,86,23],"product_tag":[92],"class_list":{"0":"post-1107","1":"product","2":"type-product","3":"status-publish","4":"has-post-thumbnail","6":"product_cat-banos","7":"product_cat-banos-secos","8":"product_cat-laboratorio","9":"product_tag-bano-cata-de-aceite","11":"first","12":"instock","13":"taxable","14":"shipping-taxable","15":"purchasable","16":"product-type-variable"},"yoast_head":"<!-- This site is optimized with the Yoast SEO plugin v27.2 - https:\/\/yoast.com\/product\/yoast-seo-wordpress\/ -->\n<title>Ba\u00f1o cata de aceite - Labopolis<\/title>\n<meta name=\"description\" content=\"Los ba\u00f1os para catas de aceite son de 6 y 9 plazas, con cubetas de acero inoxidable protegida de Epoxi. Fabricados en Espa\u00f1a,\" \/>\n<meta name=\"robots\" content=\"index, follow, max-snippet:-1, max-image-preview:large, max-video-preview:-1\" \/>\n<link rel=\"canonical\" href=\"https:\/\/www.labopolis.com\/fr\/produit\/bano-cata-de-aceite\/\" \/>\n<meta property=\"og:locale\" content=\"fr_FR\" \/>\n<meta property=\"og:type\" content=\"article\" \/>\n<meta property=\"og:title\" content=\"Ba\u00f1o cata de aceite - Labopolis\" \/>\n<meta property=\"og:description\" content=\"Los ba\u00f1os para catas de aceite son de 6 y 9 plazas, con cubetas de acero inoxidable protegida de Epoxi. Fabricados en Espa\u00f1a,\" \/>\n<meta property=\"og:url\" content=\"https:\/\/www.labopolis.com\/fr\/produit\/bano-cata-de-aceite\/\" \/>\n<meta property=\"og:site_name\" content=\"Labopolis\" \/>\n<meta property=\"article:publisher\" content=\"https:\/\/www.facebook.com\/profile.php?id=100063251679439\" \/>\n<meta property=\"article:modified_time\" content=\"2025-12-28T16:50:15+00:00\" \/>\n<meta property=\"og:image\" content=\"https:\/\/www.labopolis.com\/wp-content\/uploads\/2023\/07\/BathCataAceitesE.png\" \/>\n\t<meta property=\"og:image:width\" content=\"417\" \/>\n\t<meta property=\"og:image:height\" content=\"353\" \/>\n\t<meta property=\"og:image:type\" content=\"image\/png\" \/>\n<meta name=\"twitter:card\" content=\"summary_large_image\" \/>\n<meta name=\"twitter:site\" content=\"@Labopolis\" \/>\n<meta name=\"twitter:label1\" content=\"Dur\u00e9e de lecture estim\u00e9e\" \/>\n\t<meta name=\"twitter:data1\" content=\"1 minute\" \/>\n<script type=\"application\/ld+json\" class=\"yoast-schema-graph\">{\"@context\":\"https:\/\/schema.org\",\"@graph\":[{\"@type\":\"WebPage\",\"@id\":\"https:\/\/www.labopolis.com\/producto\/bano-cata-de-aceite\/\",\"url\":\"https:\/\/www.labopolis.com\/producto\/bano-cata-de-aceite\/\",\"name\":\"Ba\u00f1o cata de aceite - Labopolis\",\"isPartOf\":{\"@id\":\"https:\/\/www.labopolis.com\/#website\"},\"primaryImageOfPage\":{\"@id\":\"https:\/\/www.labopolis.com\/producto\/bano-cata-de-aceite\/#primaryimage\"},\"image\":{\"@id\":\"https:\/\/www.labopolis.com\/producto\/bano-cata-de-aceite\/#primaryimage\"},\"thumbnailUrl\":\"https:\/\/www.labopolis.com\/wp-content\/uploads\/2023\/07\/BathCataAceitesE.png\",\"datePublished\":\"2023-07-10T11:32:25+00:00\",\"dateModified\":\"2025-12-28T16:50:15+00:00\",\"description\":\"Los ba\u00f1os para catas de aceite son de 6 y 9 plazas, con cubetas de acero inoxidable protegida de Epoxi. Fabricados en Espa\u00f1a,\",\"breadcrumb\":{\"@id\":\"https:\/\/www.labopolis.com\/producto\/bano-cata-de-aceite\/#breadcrumb\"},\"inLanguage\":\"fr-FR\",\"potentialAction\":[{\"@type\":\"ReadAction\",\"target\":[\"https:\/\/www.labopolis.com\/producto\/bano-cata-de-aceite\/\"]}]},{\"@type\":\"ImageObject\",\"inLanguage\":\"fr-FR\",\"@id\":\"https:\/\/www.labopolis.com\/producto\/bano-cata-de-aceite\/#primaryimage\",\"url\":\"https:\/\/www.labopolis.com\/wp-content\/uploads\/2023\/07\/BathCataAceitesE.png\",\"contentUrl\":\"https:\/\/www.labopolis.com\/wp-content\/uploads\/2023\/07\/BathCataAceitesE.png\",\"width\":417,\"height\":353,\"caption\":\"Producto\"},{\"@type\":\"BreadcrumbList\",\"@id\":\"https:\/\/www.labopolis.com\/producto\/bano-cata-de-aceite\/#breadcrumb\",\"itemListElement\":[{\"@type\":\"ListItem\",\"position\":1,\"name\":\"Portada\",\"item\":\"https:\/\/www.labopolis.com\/\"},{\"@type\":\"ListItem\",\"position\":2,\"name\":\"Productos\",\"item\":\"https:\/\/www.labopolis.com\/shop\/\"},{\"@type\":\"ListItem\",\"position\":3,\"name\":\"Ba\u00f1o cata de aceite\"}]},{\"@type\":\"WebSite\",\"@id\":\"https:\/\/www.labopolis.com\/#website\",\"url\":\"https:\/\/www.labopolis.com\/\",\"name\":\"Labopolis\",\"description\":\"\",\"potentialAction\":[{\"@type\":\"SearchAction\",\"target\":{\"@type\":\"EntryPoint\",\"urlTemplate\":\"https:\/\/www.labopolis.com\/?s={search_term_string}\"},\"query-input\":{\"@type\":\"PropertyValueSpecification\",\"valueRequired\":true,\"valueName\":\"search_term_string\"}}],\"inLanguage\":\"fr-FR\"}]}<\/script>\n<!-- \/ Yoast SEO plugin. -->","yoast_head_json":{"title":"D\u00e9gustation d'huile de bain - Labopolis","description":"Les salles de d\u00e9gustation d'huile sont disponibles en versions 6 et 9 places, avec des cuves en acier inoxydable prot\u00e9g\u00e9es par un rev\u00eatement \u00e9poxy. Fabriqu\u00e9 en Espagne,","robots":{"index":"index","follow":"follow","max-snippet":"max-snippet:-1","max-image-preview":"max-image-preview:large","max-video-preview":"max-video-preview:-1"},"canonical":"https:\/\/www.labopolis.com\/fr\/produit\/bano-cata-de-aceite\/","og_locale":"fr_FR","og_type":"article","og_title":"Ba\u00f1o cata de aceite - Labopolis","og_description":"Los ba\u00f1os para catas de aceite son de 6 y 9 plazas, con cubetas de acero inoxidable protegida de Epoxi. Fabricados en Espa\u00f1a,","og_url":"https:\/\/www.labopolis.com\/fr\/produit\/bano-cata-de-aceite\/","og_site_name":"Labopolis","article_publisher":"https:\/\/www.facebook.com\/profile.php?id=100063251679439","article_modified_time":"2025-12-28T16:50:15+00:00","og_image":[{"width":417,"height":353,"url":"https:\/\/www.labopolis.com\/wp-content\/uploads\/2023\/07\/BathCataAceitesE.png","type":"image\/png"}],"twitter_card":"summary_large_image","twitter_site":"@Labopolis","twitter_misc":{"Dur\u00e9e de lecture estim\u00e9e":"1 minute"},"schema":{"@context":"https:\/\/schema.org","@graph":[{"@type":"WebPage","@id":"https:\/\/www.labopolis.com\/producto\/bano-cata-de-aceite\/","url":"https:\/\/www.labopolis.com\/producto\/bano-cata-de-aceite\/","name":"D\u00e9gustation d'huile de bain - Labopolis","isPartOf":{"@id":"https:\/\/www.labopolis.com\/#website"},"primaryImageOfPage":{"@id":"https:\/\/www.labopolis.com\/producto\/bano-cata-de-aceite\/#primaryimage"},"image":{"@id":"https:\/\/www.labopolis.com\/producto\/bano-cata-de-aceite\/#primaryimage"},"thumbnailUrl":"https:\/\/www.labopolis.com\/wp-content\/uploads\/2023\/07\/BathCataAceitesE.png","datePublished":"2023-07-10T11:32:25+00:00","dateModified":"2025-12-28T16:50:15+00:00","description":"Les salles de d\u00e9gustation d'huile sont disponibles en versions 6 et 9 places, avec des cuves en acier inoxydable prot\u00e9g\u00e9es par un rev\u00eatement \u00e9poxy. Fabriqu\u00e9 en Espagne,","breadcrumb":{"@id":"https:\/\/www.labopolis.com\/producto\/bano-cata-de-aceite\/#breadcrumb"},"inLanguage":"fr-FR","potentialAction":[{"@type":"ReadAction","target":["https:\/\/www.labopolis.com\/producto\/bano-cata-de-aceite\/"]}]},{"@type":"ImageObject","inLanguage":"fr-FR","@id":"https:\/\/www.labopolis.com\/producto\/bano-cata-de-aceite\/#primaryimage","url":"https:\/\/www.labopolis.com\/wp-content\/uploads\/2023\/07\/BathCataAceitesE.png","contentUrl":"https:\/\/www.labopolis.com\/wp-content\/uploads\/2023\/07\/BathCataAceitesE.png","width":417,"height":353,"caption":"Producto"},{"@type":"BreadcrumbList","@id":"https:\/\/www.labopolis.com\/producto\/bano-cata-de-aceite\/#breadcrumb","itemListElement":[{"@type":"ListItem","position":1,"name":"Portada","item":"https:\/\/www.labopolis.com\/"},{"@type":"ListItem","position":2,"name":"Productos","item":"https:\/\/www.labopolis.com\/shop\/"},{"@type":"ListItem","position":3,"name":"Ba\u00f1o cata de aceite"}]},{"@type":"WebSite","@id":"https:\/\/www.labopolis.com\/#website","url":"https:\/\/www.labopolis.com\/","name":"Labopolis","description":"","potentialAction":[{"@type":"SearchAction","target":{"@type":"EntryPoint","urlTemplate":"https:\/\/www.labopolis.com\/?s={search_term_string}"},"query-input":{"@type":"PropertyValueSpecification","valueRequired":true,"valueName":"search_term_string"}}],"inLanguage":"fr-FR"}]}},"_links":{"self":[{"href":"https:\/\/www.labopolis.com\/fr\/wp-json\/wp\/v2\/product\/1107","targetHints":{"allow":["GET"]}}],"collection":[{"href":"https:\/\/www.labopolis.com\/fr\/wp-json\/wp\/v2\/product"}],"about":[{"href":"https:\/\/www.labopolis.com\/fr\/wp-json\/wp\/v2\/types\/product"}],"replies":[{"embeddable":true,"href":"https:\/\/www.labopolis.com\/fr\/wp-json\/wp\/v2\/comments?post=1107"}],"wp:featuredmedia":[{"embeddable":true,"href":"https:\/\/www.labopolis.com\/fr\/wp-json\/wp\/v2\/media\/1118"}],"wp:attachment":[{"href":"https:\/\/www.labopolis.com\/fr\/wp-json\/wp\/v2\/media?parent=1107"}],"wp:term":[{"taxonomy":"product_brand","embeddable":true,"href":"https:\/\/www.labopolis.com\/fr\/wp-json\/wp\/v2\/product_brand?post=1107"},{"taxonomy":"product_cat","embeddable":true,"href":"https:\/\/www.labopolis.com\/fr\/wp-json\/wp\/v2\/product_cat?post=1107"},{"taxonomy":"product_tag","embeddable":true,"href":"https:\/\/www.labopolis.com\/fr\/wp-json\/wp\/v2\/product_tag?post=1107"}],"curies":[{"name":"wp","href":"https:\/\/api.w.org\/{rel}","templated":true}]}}