{"id":1106,"date":"2023-07-10T11:32:25","date_gmt":"2023-07-10T11:32:25","guid":{"rendered":"https:\/\/www.labopolis.com\/?post_type=product&#038;p=1106"},"modified":"2025-12-28T16:50:51","modified_gmt":"2025-12-28T16:50:51","slug":"bano-de-arena-digital-sand-bath","status":"publish","type":"product","link":"https:\/\/www.labopolis.com\/fr\/produit\/bano-de-arena-digital-sand-bath\/","title":{"rendered":"Bain de sable num\u00e9rique Bain de sable"},"content":{"rendered":"<p>Sand Bath SB400E Bain de sable thermostatique num\u00e9rique<br \/>\nTemp\u00e9rature contr\u00f4l\u00e9e par microprocesseur, avec sonde Pt100 interne int\u00e9gr\u00e9e.<br \/>\nAlgorithme de contr\u00f4le de la temp\u00e9rature ARA V2, avec technologie de logique floue de haute pr\u00e9cision pour la sonde externe, sans d\u00e9passer la temp\u00e9rature s\u00e9lectionn\u00e9e (m\u00eame \u00e0 30\u00b0C).<br \/>\nEcran digital LCD r\u00e9tro-\u00e9clair\u00e9 avec indication de la valeur de la temp\u00e9rature s\u00e9lectionn\u00e9e et r\u00e9elle et de la minuterie, avec avertissement sonore.<br \/>\nClavier avec touches \u00e0 membrane sensibles au toucher.<br \/>\nIndicateur clignotant de temp\u00e9rature \u00e9lev\u00e9e sur l'\u00e9cran, anti-br\u00fblure, \u00e0 partir de 45\u00baC.<br \/>\nChauffages r\u00e9partis de mani\u00e8re homog\u00e8ne pour un chauffage uniforme sur toute la surface de la plate-forme de bain.<br \/>\nR\u00e9armable : apr\u00e8s une coupure de courant, l'\u00e9quipement reprend son fonctionnement avec les m\u00eames param\u00e8tres qu'auparavant. Un indicateur d'incident appara\u00eet sur l'\u00e9cran.<\/p>","protected":false},"excerpt":{"rendered":"<p>Bain de sable \u00e0 r\u00e9gulation thermostatique num\u00e9rique Bain de sable<br \/>\nMod\u00e8le : SB400E<br \/>\nAccessoires non inclus<\/p>\n<p><a href=\"http:\/\/www.labopolis.com\/wp-content\/uploads\/2023\/07\/SandBath.pdf\"><strong><em><i class=\"fas fa-file-alt\"><\/i>\u00a0Fiche technique du bain de sable<\/em><\/strong><\/a><\/p>","protected":false},"featured_media":1117,"comment_status":"open","ping_status":"closed","template":"","meta":[],"product_brand":[],"product_cat":[75,86,23],"product_tag":[90,91,88],"class_list":{"0":"post-1106","1":"product","2":"type-product","3":"status-publish","4":"has-post-thumbnail","6":"product_cat-banos","7":"product_cat-banos-secos","8":"product_cat-laboratorio","9":"product_tag-bano-arena","10":"product_tag-bano-arena-digital","11":"product_tag-bano-seco","13":"first","14":"instock","15":"taxable","16":"shipping-taxable","17":"purchasable","18":"product-type-simple"},"yoast_head":"<!-- This site is optimized with the Yoast SEO plugin v27.2 - https:\/\/yoast.com\/product\/yoast-seo-wordpress\/ -->\n<title>Ba\u00f1o de arena digital Sand Bath - Labopolis<\/title>\n<meta name=\"description\" content=\"Temperatura controlada por microprocesador, con sonda interna Pt100 integrada, son ideales para el calentamiento homog\u00e9neo de los contenidos\" \/>\n<meta name=\"robots\" content=\"index, follow, max-snippet:-1, max-image-preview:large, max-video-preview:-1\" \/>\n<link rel=\"canonical\" href=\"https:\/\/www.labopolis.com\/fr\/produit\/bano-de-arena-digital-sand-bath\/\" \/>\n<meta property=\"og:locale\" content=\"fr_FR\" \/>\n<meta property=\"og:type\" content=\"article\" \/>\n<meta property=\"og:title\" content=\"Ba\u00f1o de arena digital Sand Bath - Labopolis\" \/>\n<meta property=\"og:description\" content=\"Temperatura controlada por microprocesador, con sonda interna Pt100 integrada, son ideales para el calentamiento homog\u00e9neo de los contenidos\" \/>\n<meta property=\"og:url\" content=\"https:\/\/www.labopolis.com\/fr\/produit\/bano-de-arena-digital-sand-bath\/\" \/>\n<meta property=\"og:site_name\" content=\"Labopolis\" \/>\n<meta property=\"article:publisher\" content=\"https:\/\/www.facebook.com\/profile.php?id=100063251679439\" \/>\n<meta property=\"article:modified_time\" content=\"2025-12-28T16:50:51+00:00\" \/>\n<meta property=\"og:image\" content=\"https:\/\/www.labopolis.com\/wp-content\/uploads\/2023\/07\/SandBathE.png\" \/>\n\t<meta property=\"og:image:width\" content=\"430\" \/>\n\t<meta property=\"og:image:height\" content=\"369\" \/>\n\t<meta property=\"og:image:type\" content=\"image\/png\" \/>\n<meta name=\"twitter:card\" content=\"summary_large_image\" \/>\n<meta name=\"twitter:site\" content=\"@Labopolis\" \/>\n<meta name=\"twitter:label1\" content=\"Dur\u00e9e de lecture estim\u00e9e\" \/>\n\t<meta name=\"twitter:data1\" content=\"1 minute\" \/>\n<script type=\"application\/ld+json\" class=\"yoast-schema-graph\">{\"@context\":\"https:\/\/schema.org\",\"@graph\":[{\"@type\":\"WebPage\",\"@id\":\"https:\/\/www.labopolis.com\/producto\/bano-de-arena-digital-sand-bath\/\",\"url\":\"https:\/\/www.labopolis.com\/producto\/bano-de-arena-digital-sand-bath\/\",\"name\":\"Ba\u00f1o de arena digital Sand Bath - Labopolis\",\"isPartOf\":{\"@id\":\"https:\/\/www.labopolis.com\/#website\"},\"primaryImageOfPage\":{\"@id\":\"https:\/\/www.labopolis.com\/producto\/bano-de-arena-digital-sand-bath\/#primaryimage\"},\"image\":{\"@id\":\"https:\/\/www.labopolis.com\/producto\/bano-de-arena-digital-sand-bath\/#primaryimage\"},\"thumbnailUrl\":\"https:\/\/www.labopolis.com\/wp-content\/uploads\/2023\/07\/SandBathE.png\",\"datePublished\":\"2023-07-10T11:32:25+00:00\",\"dateModified\":\"2025-12-28T16:50:51+00:00\",\"description\":\"Temperatura controlada por microprocesador, con sonda interna Pt100 integrada, son ideales para el calentamiento homog\u00e9neo de los contenidos\",\"breadcrumb\":{\"@id\":\"https:\/\/www.labopolis.com\/producto\/bano-de-arena-digital-sand-bath\/#breadcrumb\"},\"inLanguage\":\"fr-FR\",\"potentialAction\":[{\"@type\":\"ReadAction\",\"target\":[\"https:\/\/www.labopolis.com\/producto\/bano-de-arena-digital-sand-bath\/\"]}]},{\"@type\":\"ImageObject\",\"inLanguage\":\"fr-FR\",\"@id\":\"https:\/\/www.labopolis.com\/producto\/bano-de-arena-digital-sand-bath\/#primaryimage\",\"url\":\"https:\/\/www.labopolis.com\/wp-content\/uploads\/2023\/07\/SandBathE.png\",\"contentUrl\":\"https:\/\/www.labopolis.com\/wp-content\/uploads\/2023\/07\/SandBathE.png\",\"width\":430,\"height\":369,\"caption\":\"Producto\"},{\"@type\":\"BreadcrumbList\",\"@id\":\"https:\/\/www.labopolis.com\/producto\/bano-de-arena-digital-sand-bath\/#breadcrumb\",\"itemListElement\":[{\"@type\":\"ListItem\",\"position\":1,\"name\":\"Portada\",\"item\":\"https:\/\/www.labopolis.com\/\"},{\"@type\":\"ListItem\",\"position\":2,\"name\":\"Productos\",\"item\":\"https:\/\/www.labopolis.com\/shop\/\"},{\"@type\":\"ListItem\",\"position\":3,\"name\":\"Ba\u00f1o de arena digital Sand Bath\"}]},{\"@type\":\"WebSite\",\"@id\":\"https:\/\/www.labopolis.com\/#website\",\"url\":\"https:\/\/www.labopolis.com\/\",\"name\":\"Labopolis\",\"description\":\"\",\"potentialAction\":[{\"@type\":\"SearchAction\",\"target\":{\"@type\":\"EntryPoint\",\"urlTemplate\":\"https:\/\/www.labopolis.com\/?s={search_term_string}\"},\"query-input\":{\"@type\":\"PropertyValueSpecification\",\"valueRequired\":true,\"valueName\":\"search_term_string\"}}],\"inLanguage\":\"fr-FR\"}]}<\/script>\n<!-- \/ Yoast SEO plugin. -->","yoast_head_json":{"title":"Ba\u00f1o de arena digital Sand Bath - Labopolis","description":"Temperatura controlada por microprocesador, con sonda interna Pt100 integrada, son ideales para el calentamiento homog\u00e9neo de los contenidos","robots":{"index":"index","follow":"follow","max-snippet":"max-snippet:-1","max-image-preview":"max-image-preview:large","max-video-preview":"max-video-preview:-1"},"canonical":"https:\/\/www.labopolis.com\/fr\/produit\/bano-de-arena-digital-sand-bath\/","og_locale":"fr_FR","og_type":"article","og_title":"Ba\u00f1o de arena digital Sand Bath - Labopolis","og_description":"Temperatura controlada por microprocesador, con sonda interna Pt100 integrada, son ideales para el calentamiento homog\u00e9neo de los contenidos","og_url":"https:\/\/www.labopolis.com\/fr\/produit\/bano-de-arena-digital-sand-bath\/","og_site_name":"Labopolis","article_publisher":"https:\/\/www.facebook.com\/profile.php?id=100063251679439","article_modified_time":"2025-12-28T16:50:51+00:00","og_image":[{"width":430,"height":369,"url":"https:\/\/www.labopolis.com\/wp-content\/uploads\/2023\/07\/SandBathE.png","type":"image\/png"}],"twitter_card":"summary_large_image","twitter_site":"@Labopolis","twitter_misc":{"Dur\u00e9e de lecture estim\u00e9e":"1 minute"},"schema":{"@context":"https:\/\/schema.org","@graph":[{"@type":"WebPage","@id":"https:\/\/www.labopolis.com\/producto\/bano-de-arena-digital-sand-bath\/","url":"https:\/\/www.labopolis.com\/producto\/bano-de-arena-digital-sand-bath\/","name":"Ba\u00f1o de arena digital Sand Bath - Labopolis","isPartOf":{"@id":"https:\/\/www.labopolis.com\/#website"},"primaryImageOfPage":{"@id":"https:\/\/www.labopolis.com\/producto\/bano-de-arena-digital-sand-bath\/#primaryimage"},"image":{"@id":"https:\/\/www.labopolis.com\/producto\/bano-de-arena-digital-sand-bath\/#primaryimage"},"thumbnailUrl":"https:\/\/www.labopolis.com\/wp-content\/uploads\/2023\/07\/SandBathE.png","datePublished":"2023-07-10T11:32:25+00:00","dateModified":"2025-12-28T16:50:51+00:00","description":"Temperatura controlada por microprocesador, con sonda interna Pt100 integrada, son ideales para el calentamiento homog\u00e9neo de los contenidos","breadcrumb":{"@id":"https:\/\/www.labopolis.com\/producto\/bano-de-arena-digital-sand-bath\/#breadcrumb"},"inLanguage":"fr-FR","potentialAction":[{"@type":"ReadAction","target":["https:\/\/www.labopolis.com\/producto\/bano-de-arena-digital-sand-bath\/"]}]},{"@type":"ImageObject","inLanguage":"fr-FR","@id":"https:\/\/www.labopolis.com\/producto\/bano-de-arena-digital-sand-bath\/#primaryimage","url":"https:\/\/www.labopolis.com\/wp-content\/uploads\/2023\/07\/SandBathE.png","contentUrl":"https:\/\/www.labopolis.com\/wp-content\/uploads\/2023\/07\/SandBathE.png","width":430,"height":369,"caption":"Producto"},{"@type":"BreadcrumbList","@id":"https:\/\/www.labopolis.com\/producto\/bano-de-arena-digital-sand-bath\/#breadcrumb","itemListElement":[{"@type":"ListItem","position":1,"name":"Portada","item":"https:\/\/www.labopolis.com\/"},{"@type":"ListItem","position":2,"name":"Productos","item":"https:\/\/www.labopolis.com\/shop\/"},{"@type":"ListItem","position":3,"name":"Ba\u00f1o de arena digital Sand Bath"}]},{"@type":"WebSite","@id":"https:\/\/www.labopolis.com\/#website","url":"https:\/\/www.labopolis.com\/","name":"Labopolis","description":"","potentialAction":[{"@type":"SearchAction","target":{"@type":"EntryPoint","urlTemplate":"https:\/\/www.labopolis.com\/?s={search_term_string}"},"query-input":{"@type":"PropertyValueSpecification","valueRequired":true,"valueName":"search_term_string"}}],"inLanguage":"fr-FR"}]}},"_links":{"self":[{"href":"https:\/\/www.labopolis.com\/fr\/wp-json\/wp\/v2\/product\/1106","targetHints":{"allow":["GET"]}}],"collection":[{"href":"https:\/\/www.labopolis.com\/fr\/wp-json\/wp\/v2\/product"}],"about":[{"href":"https:\/\/www.labopolis.com\/fr\/wp-json\/wp\/v2\/types\/product"}],"replies":[{"embeddable":true,"href":"https:\/\/www.labopolis.com\/fr\/wp-json\/wp\/v2\/comments?post=1106"}],"wp:featuredmedia":[{"embeddable":true,"href":"https:\/\/www.labopolis.com\/fr\/wp-json\/wp\/v2\/media\/1117"}],"wp:attachment":[{"href":"https:\/\/www.labopolis.com\/fr\/wp-json\/wp\/v2\/media?parent=1106"}],"wp:term":[{"taxonomy":"product_brand","embeddable":true,"href":"https:\/\/www.labopolis.com\/fr\/wp-json\/wp\/v2\/product_brand?post=1106"},{"taxonomy":"product_cat","embeddable":true,"href":"https:\/\/www.labopolis.com\/fr\/wp-json\/wp\/v2\/product_cat?post=1106"},{"taxonomy":"product_tag","embeddable":true,"href":"https:\/\/www.labopolis.com\/fr\/wp-json\/wp\/v2\/product_tag?post=1106"}],"curies":[{"name":"wp","href":"https:\/\/api.w.org\/{rel}","templated":true}]}}