{"id":1063,"date":"2023-07-10T11:32:12","date_gmt":"2023-07-10T11:32:12","guid":{"rendered":"https:\/\/www.labopolis.com\/?post_type=product&#038;p=1063"},"modified":"2025-02-05T12:19:56","modified_gmt":"2025-02-05T12:19:56","slug":"destilador","status":"publish","type":"product","link":"https:\/\/www.labopolis.com\/fr\/produit\/destilador\/","title":{"rendered":"Distillateur"},"content":{"rendered":"<p>Ce distillateur permet d'obtenir, \u00e0 partir de l'eau d'alimentation, de l'eau distill\u00e9e aux propri\u00e9t\u00e9s optimales pour l'utilisation dans d'autres \u00e9quipements, la pr\u00e9paration de solutions, etc. Il permet d'\u00e9conomiser une grande quantit\u00e9 d'eau gr\u00e2ce au contr\u00f4le appropri\u00e9 du d\u00e9bit de l'eau de refroidissement.<br \/>\nInt\u00e9rieur en acier inoxydable, ext\u00e9rieur en acier peint \u00e0 l'\u00e9poxy.<br \/>\nTaille r\u00e9duite.<br \/>\nDistillat de haute qualit\u00e9 :<br \/>\nConductance : 2,5 Microsiemens \/ cm.<br \/>\nR\u00e9sistance : 0,4 m\u00e9gohms\/cm (tous deux obtenus \u00e0 20\u00baC).<\/p>","protected":false},"excerpt":{"rendered":"<p>Mod\u00e8le DA005 : Distillateur d'eau pour 4 l\/h\/3.000W<br \/>\nMod\u00e8le DA006 : Distillateur d'eau pour 8 l\/h\/6.000W<\/p>\n<p><strong><em><a class=\"ficha-tecnica-es\" title=\"Fiche technique Distillateur\" href=\"https:\/\/www.labopolis.com\/wp-content\/uploads\/2015\/05\/destiladores.pdf\" target=\"_blank\" rel=\"noopener noreferrer\"><i class=\"fas fa-file-alt\"><\/i>\u00a0Fiche technique Distillateur<\/a><\/em><\/strong><\/p>\n<p><strong><em><a class=\"ficha-tecnica-en\" title=\"Fiche technique Distillateur\" href=\"https:\/\/www.labopolis.com\/wp-content\/uploads\/2024\/11\/Catalogue_Distillers_ENG.pdf\" target=\"_blank\" rel=\"noopener noreferrer\"><i class=\"fas fa-file-alt\"><\/i>\u00a0Fiche technique Distillateur<\/a><\/em><\/strong><\/p>","protected":false},"featured_media":1080,"comment_status":"open","ping_status":"closed","template":"","meta":[],"product_brand":[],"product_cat":[74,23],"product_tag":[],"class_list":{"0":"post-1063","1":"product","2":"type-product","3":"status-publish","4":"has-post-thumbnail","6":"product_cat-destiladores","7":"product_cat-laboratorio","9":"first","10":"instock","11":"taxable","12":"shipping-taxable","13":"product-type-simple"},"yoast_head":"<!-- This site is optimized with the Yoast SEO plugin v27.2 - https:\/\/yoast.com\/product\/yoast-seo-wordpress\/ -->\n<title>Destilador - Labopolis<\/title>\n<meta name=\"description\" content=\"Modelo DA005: Destilador de agua para 4 l\/h\/3.000W Modelo DA006: Destilador de agua para 8 l\/h\/6.000W  \u00a0Ficha T\u00e9cnica Destilador  \u00a0Ficha T\u00e9cnica Destilador\" \/>\n<meta name=\"robots\" content=\"index, follow, max-snippet:-1, max-image-preview:large, max-video-preview:-1\" \/>\n<link rel=\"canonical\" href=\"https:\/\/www.labopolis.com\/fr\/produit\/destilador\/\" \/>\n<meta property=\"og:locale\" content=\"fr_FR\" \/>\n<meta property=\"og:type\" content=\"article\" \/>\n<meta property=\"og:title\" content=\"Destilador - Labopolis\" \/>\n<meta property=\"og:description\" content=\"Modelo DA005: Destilador de agua para 4 l\/h\/3.000W Modelo DA006: Destilador de agua para 8 l\/h\/6.000W  \u00a0Ficha T\u00e9cnica Destilador  \u00a0Ficha T\u00e9cnica Destilador\" \/>\n<meta property=\"og:url\" content=\"https:\/\/www.labopolis.com\/fr\/produit\/destilador\/\" \/>\n<meta property=\"og:site_name\" content=\"Labopolis\" \/>\n<meta property=\"article:publisher\" content=\"https:\/\/www.facebook.com\/profile.php?id=100063251679439\" \/>\n<meta property=\"article:modified_time\" content=\"2025-02-05T12:19:56+00:00\" \/>\n<meta property=\"og:image\" content=\"https:\/\/www.labopolis.com\/wp-content\/uploads\/2023\/07\/destiladorg.png\" \/>\n\t<meta property=\"og:image:width\" content=\"244\" \/>\n\t<meta property=\"og:image:height\" content=\"451\" \/>\n\t<meta property=\"og:image:type\" content=\"image\/png\" \/>\n<meta name=\"twitter:card\" content=\"summary_large_image\" \/>\n<meta name=\"twitter:site\" content=\"@Labopolis\" \/>\n<script type=\"application\/ld+json\" class=\"yoast-schema-graph\">{\"@context\":\"https:\/\/schema.org\",\"@graph\":[{\"@type\":\"WebPage\",\"@id\":\"https:\/\/www.labopolis.com\/producto\/destilador\/\",\"url\":\"https:\/\/www.labopolis.com\/producto\/destilador\/\",\"name\":\"Destilador - Labopolis\",\"isPartOf\":{\"@id\":\"https:\/\/www.labopolis.com\/#website\"},\"primaryImageOfPage\":{\"@id\":\"https:\/\/www.labopolis.com\/producto\/destilador\/#primaryimage\"},\"image\":{\"@id\":\"https:\/\/www.labopolis.com\/producto\/destilador\/#primaryimage\"},\"thumbnailUrl\":\"https:\/\/www.labopolis.com\/wp-content\/uploads\/2023\/07\/destiladorg.png\",\"datePublished\":\"2023-07-10T11:32:12+00:00\",\"dateModified\":\"2025-02-05T12:19:56+00:00\",\"description\":\"Modelo DA005: Destilador de agua para 4 l\/h\/3.000W Modelo DA006: Destilador de agua para 8 l\/h\/6.000W \u00a0Ficha T\u00e9cnica Destilador \u00a0Ficha T\u00e9cnica Destilador\",\"breadcrumb\":{\"@id\":\"https:\/\/www.labopolis.com\/producto\/destilador\/#breadcrumb\"},\"inLanguage\":\"fr-FR\",\"potentialAction\":[{\"@type\":\"ReadAction\",\"target\":[\"https:\/\/www.labopolis.com\/producto\/destilador\/\"]}]},{\"@type\":\"ImageObject\",\"inLanguage\":\"fr-FR\",\"@id\":\"https:\/\/www.labopolis.com\/producto\/destilador\/#primaryimage\",\"url\":\"https:\/\/www.labopolis.com\/wp-content\/uploads\/2023\/07\/destiladorg.png\",\"contentUrl\":\"https:\/\/www.labopolis.com\/wp-content\/uploads\/2023\/07\/destiladorg.png\",\"width\":244,\"height\":451,\"caption\":\"Producto\"},{\"@type\":\"BreadcrumbList\",\"@id\":\"https:\/\/www.labopolis.com\/producto\/destilador\/#breadcrumb\",\"itemListElement\":[{\"@type\":\"ListItem\",\"position\":1,\"name\":\"Portada\",\"item\":\"https:\/\/www.labopolis.com\/\"},{\"@type\":\"ListItem\",\"position\":2,\"name\":\"Productos\",\"item\":\"https:\/\/www.labopolis.com\/shop\/\"},{\"@type\":\"ListItem\",\"position\":3,\"name\":\"Destilador\"}]},{\"@type\":\"WebSite\",\"@id\":\"https:\/\/www.labopolis.com\/#website\",\"url\":\"https:\/\/www.labopolis.com\/\",\"name\":\"Labopolis\",\"description\":\"\",\"potentialAction\":[{\"@type\":\"SearchAction\",\"target\":{\"@type\":\"EntryPoint\",\"urlTemplate\":\"https:\/\/www.labopolis.com\/?s={search_term_string}\"},\"query-input\":{\"@type\":\"PropertyValueSpecification\",\"valueRequired\":true,\"valueName\":\"search_term_string\"}}],\"inLanguage\":\"fr-FR\"}]}<\/script>\n<!-- \/ Yoast SEO plugin. -->","yoast_head_json":{"title":"Destilador - Labopolis","description":"Modelo DA005: Destilador de agua para 4 l\/h\/3.000W Modelo DA006: Destilador de agua para 8 l\/h\/6.000W  \u00a0Ficha T\u00e9cnica Destilador  \u00a0Ficha T\u00e9cnica Destilador","robots":{"index":"index","follow":"follow","max-snippet":"max-snippet:-1","max-image-preview":"max-image-preview:large","max-video-preview":"max-video-preview:-1"},"canonical":"https:\/\/www.labopolis.com\/fr\/produit\/destilador\/","og_locale":"fr_FR","og_type":"article","og_title":"Destilador - Labopolis","og_description":"Modelo DA005: Destilador de agua para 4 l\/h\/3.000W Modelo DA006: Destilador de agua para 8 l\/h\/6.000W  \u00a0Ficha T\u00e9cnica Destilador  \u00a0Ficha T\u00e9cnica Destilador","og_url":"https:\/\/www.labopolis.com\/fr\/produit\/destilador\/","og_site_name":"Labopolis","article_publisher":"https:\/\/www.facebook.com\/profile.php?id=100063251679439","article_modified_time":"2025-02-05T12:19:56+00:00","og_image":[{"width":244,"height":451,"url":"https:\/\/www.labopolis.com\/wp-content\/uploads\/2023\/07\/destiladorg.png","type":"image\/png"}],"twitter_card":"summary_large_image","twitter_site":"@Labopolis","schema":{"@context":"https:\/\/schema.org","@graph":[{"@type":"WebPage","@id":"https:\/\/www.labopolis.com\/producto\/destilador\/","url":"https:\/\/www.labopolis.com\/producto\/destilador\/","name":"Destilador - Labopolis","isPartOf":{"@id":"https:\/\/www.labopolis.com\/#website"},"primaryImageOfPage":{"@id":"https:\/\/www.labopolis.com\/producto\/destilador\/#primaryimage"},"image":{"@id":"https:\/\/www.labopolis.com\/producto\/destilador\/#primaryimage"},"thumbnailUrl":"https:\/\/www.labopolis.com\/wp-content\/uploads\/2023\/07\/destiladorg.png","datePublished":"2023-07-10T11:32:12+00:00","dateModified":"2025-02-05T12:19:56+00:00","description":"Modelo DA005: Destilador de agua para 4 l\/h\/3.000W Modelo DA006: Destilador de agua para 8 l\/h\/6.000W \u00a0Ficha T\u00e9cnica Destilador \u00a0Ficha T\u00e9cnica Destilador","breadcrumb":{"@id":"https:\/\/www.labopolis.com\/producto\/destilador\/#breadcrumb"},"inLanguage":"fr-FR","potentialAction":[{"@type":"ReadAction","target":["https:\/\/www.labopolis.com\/producto\/destilador\/"]}]},{"@type":"ImageObject","inLanguage":"fr-FR","@id":"https:\/\/www.labopolis.com\/producto\/destilador\/#primaryimage","url":"https:\/\/www.labopolis.com\/wp-content\/uploads\/2023\/07\/destiladorg.png","contentUrl":"https:\/\/www.labopolis.com\/wp-content\/uploads\/2023\/07\/destiladorg.png","width":244,"height":451,"caption":"Producto"},{"@type":"BreadcrumbList","@id":"https:\/\/www.labopolis.com\/producto\/destilador\/#breadcrumb","itemListElement":[{"@type":"ListItem","position":1,"name":"Portada","item":"https:\/\/www.labopolis.com\/"},{"@type":"ListItem","position":2,"name":"Productos","item":"https:\/\/www.labopolis.com\/shop\/"},{"@type":"ListItem","position":3,"name":"Destilador"}]},{"@type":"WebSite","@id":"https:\/\/www.labopolis.com\/#website","url":"https:\/\/www.labopolis.com\/","name":"Labopolis","description":"","potentialAction":[{"@type":"SearchAction","target":{"@type":"EntryPoint","urlTemplate":"https:\/\/www.labopolis.com\/?s={search_term_string}"},"query-input":{"@type":"PropertyValueSpecification","valueRequired":true,"valueName":"search_term_string"}}],"inLanguage":"fr-FR"}]}},"_links":{"self":[{"href":"https:\/\/www.labopolis.com\/fr\/wp-json\/wp\/v2\/product\/1063","targetHints":{"allow":["GET"]}}],"collection":[{"href":"https:\/\/www.labopolis.com\/fr\/wp-json\/wp\/v2\/product"}],"about":[{"href":"https:\/\/www.labopolis.com\/fr\/wp-json\/wp\/v2\/types\/product"}],"replies":[{"embeddable":true,"href":"https:\/\/www.labopolis.com\/fr\/wp-json\/wp\/v2\/comments?post=1063"}],"wp:featuredmedia":[{"embeddable":true,"href":"https:\/\/www.labopolis.com\/fr\/wp-json\/wp\/v2\/media\/1080"}],"wp:attachment":[{"href":"https:\/\/www.labopolis.com\/fr\/wp-json\/wp\/v2\/media?parent=1063"}],"wp:term":[{"taxonomy":"product_brand","embeddable":true,"href":"https:\/\/www.labopolis.com\/fr\/wp-json\/wp\/v2\/product_brand?post=1063"},{"taxonomy":"product_cat","embeddable":true,"href":"https:\/\/www.labopolis.com\/fr\/wp-json\/wp\/v2\/product_cat?post=1063"},{"taxonomy":"product_tag","embeddable":true,"href":"https:\/\/www.labopolis.com\/fr\/wp-json\/wp\/v2\/product_tag?post=1063"}],"curies":[{"name":"wp","href":"https:\/\/api.w.org\/{rel}","templated":true}]}}