{"id":1007,"date":"2023-07-10T11:31:59","date_gmt":"2023-07-10T11:31:59","guid":{"rendered":"https:\/\/www.labopolis.com\/?post_type=product&#038;p=1007"},"modified":"2025-12-28T17:57:17","modified_gmt":"2025-12-28T17:57:17","slug":"agitador-orbital-digital-orbital-midi","status":"publish","type":"product","link":"https:\/\/www.labopolis.com\/fr\/produit\/agitador-orbital-digital-orbital-midi\/","title":{"rendered":"Orbital Shaker Orbital Midi Digital Orbital Shaker"},"content":{"rendered":"<p>Orbital Shaker Orbital Midi Digital Orbital Shaker<br \/>\nAgitateur orbital pour r\u00e9cipients de taille moyenne, b\u00e9chers, Erlenmeyers, bo\u00eetes de Petri, etc., pour toutes sortes d'applications.<br \/>\nLa vitesse d'agitation est r\u00e9glable et contr\u00f4l\u00e9e par microprocesseur.<br \/>\nD\u00e9marrage et arr\u00eat progressifs et sans \u00e0-coups, quelle que soit la vitesse s\u00e9lectionn\u00e9e.<br \/>\nEcran digital LCD r\u00e9tro-\u00e9clair\u00e9 avec indication de la vitesse s\u00e9lectionn\u00e9e et de la vitesse r\u00e9elle, ainsi que de la minuterie.<br \/>\nClavier avec touches \u00e0 membrane sensibles au toucher.<br \/>\nPlan de travail antid\u00e9rapant, en option. Tr\u00e8s silencieux, pour un fonctionnement continu.<\/p>","protected":false},"excerpt":{"rendered":"<p>Orbital Shaker Orbital Midi Digital Orbital Shaker<br \/>\nRef. No. 10000-01024 : AOM10E - MIDI Orbital Shaker<br \/>\nR\u00e9f\u00e9rence 10000-01024 + 20000-00041 : Orbital Shaker MIDI + Plate-forme universelle<br \/>\nArticle n\u00b0 10000-01024C : MIDI Orbital Shaker + Plate-forme de clips 20000-00040 (clips non inclus)<\/p>\n<p>Accessoires non inclus<\/p>\n<p><em><strong><a title=\"Donn\u00e9es techniques Orbital Midi\" href=\"https:\/\/www.labopolis.com\/wp-content\/uploads\/2015\/05\/OrbitalMidi.pdf\" target=\"_blank\" rel=\"noopener\"><i class=\"fas fa-file-alt\"><\/i>\u00a0Donn\u00e9es techniques Orbital Midi<\/a><\/strong><\/em><\/p>","protected":false},"featured_media":1029,"comment_status":"open","ping_status":"closed","template":"","meta":[],"product_brand":[],"product_cat":[21,59,23],"product_tag":[38,49,60,43],"class_list":{"0":"post-1007","1":"product","2":"type-product","3":"status-publish","4":"has-post-thumbnail","6":"product_cat-agitadores","7":"product_cat-agitadores-orbitales","8":"product_cat-laboratorio","9":"product_tag-agitador","10":"product_tag-agitador-orbital","11":"product_tag-agitador-orbital-midi","12":"product_tag-agitadores","14":"first","15":"instock","16":"taxable","17":"shipping-taxable","18":"purchasable","19":"product-type-variable"},"yoast_head":"<!-- This site is optimized with the Yoast SEO plugin v27.2 - https:\/\/yoast.com\/product\/yoast-seo-wordpress\/ -->\n<title>Agitador Orbital Digital Orbital Midi - Labopolis<\/title>\n<meta name=\"description\" content=\"Agitador orbital para recipientes de tama\u00f1o medio, vasos, Erlenmeyers, Placas Petri, etc, para todo tipo de aplicaciones.\" \/>\n<meta name=\"robots\" content=\"index, follow, max-snippet:-1, max-image-preview:large, max-video-preview:-1\" \/>\n<link rel=\"canonical\" href=\"https:\/\/www.labopolis.com\/fr\/produit\/agitador-orbital-digital-orbital-midi\/\" \/>\n<meta property=\"og:locale\" content=\"fr_FR\" \/>\n<meta property=\"og:type\" content=\"article\" \/>\n<meta property=\"og:title\" content=\"Agitador Orbital Digital Orbital Midi - Labopolis\" \/>\n<meta property=\"og:description\" content=\"Agitador orbital para recipientes de tama\u00f1o medio, vasos, Erlenmeyers, Placas Petri, etc, para todo tipo de aplicaciones.\" \/>\n<meta property=\"og:url\" content=\"https:\/\/www.labopolis.com\/fr\/produit\/agitador-orbital-digital-orbital-midi\/\" \/>\n<meta property=\"og:site_name\" content=\"Labopolis\" \/>\n<meta property=\"article:publisher\" content=\"https:\/\/www.facebook.com\/profile.php?id=100063251679439\" \/>\n<meta property=\"article:modified_time\" content=\"2025-12-28T17:57:17+00:00\" \/>\n<meta property=\"og:image\" content=\"https:\/\/www.labopolis.com\/wp-content\/uploads\/2023\/07\/OrbitalMidiE.gif\" \/>\n\t<meta property=\"og:image:width\" content=\"478\" \/>\n\t<meta property=\"og:image:height\" content=\"445\" \/>\n\t<meta property=\"og:image:type\" content=\"image\/gif\" \/>\n<meta name=\"twitter:card\" content=\"summary_large_image\" \/>\n<meta name=\"twitter:site\" content=\"@Labopolis\" \/>\n<meta name=\"twitter:label1\" content=\"Dur\u00e9e de lecture estim\u00e9e\" \/>\n\t<meta name=\"twitter:data1\" content=\"1 minute\" \/>\n<script type=\"application\/ld+json\" class=\"yoast-schema-graph\">{\"@context\":\"https:\/\/schema.org\",\"@graph\":[{\"@type\":\"WebPage\",\"@id\":\"https:\/\/www.labopolis.com\/producto\/agitador-orbital-digital-orbital-midi\/\",\"url\":\"https:\/\/www.labopolis.com\/producto\/agitador-orbital-digital-orbital-midi\/\",\"name\":\"Agitador Orbital Digital Orbital Midi - Labopolis\",\"isPartOf\":{\"@id\":\"https:\/\/www.labopolis.com\/#website\"},\"primaryImageOfPage\":{\"@id\":\"https:\/\/www.labopolis.com\/producto\/agitador-orbital-digital-orbital-midi\/#primaryimage\"},\"image\":{\"@id\":\"https:\/\/www.labopolis.com\/producto\/agitador-orbital-digital-orbital-midi\/#primaryimage\"},\"thumbnailUrl\":\"https:\/\/www.labopolis.com\/wp-content\/uploads\/2023\/07\/OrbitalMidiE.gif\",\"datePublished\":\"2023-07-10T11:31:59+00:00\",\"dateModified\":\"2025-12-28T17:57:17+00:00\",\"description\":\"Agitador orbital para recipientes de tama\u00f1o medio, vasos, Erlenmeyers, Placas Petri, etc, para todo tipo de aplicaciones.\",\"breadcrumb\":{\"@id\":\"https:\/\/www.labopolis.com\/producto\/agitador-orbital-digital-orbital-midi\/#breadcrumb\"},\"inLanguage\":\"fr-FR\",\"potentialAction\":[{\"@type\":\"ReadAction\",\"target\":[\"https:\/\/www.labopolis.com\/producto\/agitador-orbital-digital-orbital-midi\/\"]}]},{\"@type\":\"ImageObject\",\"inLanguage\":\"fr-FR\",\"@id\":\"https:\/\/www.labopolis.com\/producto\/agitador-orbital-digital-orbital-midi\/#primaryimage\",\"url\":\"https:\/\/www.labopolis.com\/wp-content\/uploads\/2023\/07\/OrbitalMidiE.gif\",\"contentUrl\":\"https:\/\/www.labopolis.com\/wp-content\/uploads\/2023\/07\/OrbitalMidiE.gif\",\"width\":478,\"height\":445,\"caption\":\"Producto\"},{\"@type\":\"BreadcrumbList\",\"@id\":\"https:\/\/www.labopolis.com\/producto\/agitador-orbital-digital-orbital-midi\/#breadcrumb\",\"itemListElement\":[{\"@type\":\"ListItem\",\"position\":1,\"name\":\"Portada\",\"item\":\"https:\/\/www.labopolis.com\/\"},{\"@type\":\"ListItem\",\"position\":2,\"name\":\"Productos\",\"item\":\"https:\/\/www.labopolis.com\/shop\/\"},{\"@type\":\"ListItem\",\"position\":3,\"name\":\"Agitador Orbital Digital Orbital Midi\"}]},{\"@type\":\"WebSite\",\"@id\":\"https:\/\/www.labopolis.com\/#website\",\"url\":\"https:\/\/www.labopolis.com\/\",\"name\":\"Labopolis\",\"description\":\"\",\"potentialAction\":[{\"@type\":\"SearchAction\",\"target\":{\"@type\":\"EntryPoint\",\"urlTemplate\":\"https:\/\/www.labopolis.com\/?s={search_term_string}\"},\"query-input\":{\"@type\":\"PropertyValueSpecification\",\"valueRequired\":true,\"valueName\":\"search_term_string\"}}],\"inLanguage\":\"fr-FR\"}]}<\/script>\n<!-- \/ Yoast SEO plugin. -->","yoast_head_json":{"title":"Orbital Shaker Digital Orbital Midi - Labopolis","description":"Agitateur orbital pour r\u00e9cipients de taille moyenne, b\u00e9chers, Erlenmeyers, bo\u00eetes de Petri, etc., pour toutes sortes d'applications.","robots":{"index":"index","follow":"follow","max-snippet":"max-snippet:-1","max-image-preview":"max-image-preview:large","max-video-preview":"max-video-preview:-1"},"canonical":"https:\/\/www.labopolis.com\/fr\/produit\/agitador-orbital-digital-orbital-midi\/","og_locale":"fr_FR","og_type":"article","og_title":"Agitador Orbital Digital Orbital Midi - Labopolis","og_description":"Agitador orbital para recipientes de tama\u00f1o medio, vasos, Erlenmeyers, Placas Petri, etc, para todo tipo de aplicaciones.","og_url":"https:\/\/www.labopolis.com\/fr\/produit\/agitador-orbital-digital-orbital-midi\/","og_site_name":"Labopolis","article_publisher":"https:\/\/www.facebook.com\/profile.php?id=100063251679439","article_modified_time":"2025-12-28T17:57:17+00:00","og_image":[{"width":478,"height":445,"url":"https:\/\/www.labopolis.com\/wp-content\/uploads\/2023\/07\/OrbitalMidiE.gif","type":"image\/gif"}],"twitter_card":"summary_large_image","twitter_site":"@Labopolis","twitter_misc":{"Dur\u00e9e de lecture estim\u00e9e":"1 minute"},"schema":{"@context":"https:\/\/schema.org","@graph":[{"@type":"WebPage","@id":"https:\/\/www.labopolis.com\/producto\/agitador-orbital-digital-orbital-midi\/","url":"https:\/\/www.labopolis.com\/producto\/agitador-orbital-digital-orbital-midi\/","name":"Orbital Shaker Digital Orbital Midi - Labopolis","isPartOf":{"@id":"https:\/\/www.labopolis.com\/#website"},"primaryImageOfPage":{"@id":"https:\/\/www.labopolis.com\/producto\/agitador-orbital-digital-orbital-midi\/#primaryimage"},"image":{"@id":"https:\/\/www.labopolis.com\/producto\/agitador-orbital-digital-orbital-midi\/#primaryimage"},"thumbnailUrl":"https:\/\/www.labopolis.com\/wp-content\/uploads\/2023\/07\/OrbitalMidiE.gif","datePublished":"2023-07-10T11:31:59+00:00","dateModified":"2025-12-28T17:57:17+00:00","description":"Agitateur orbital pour r\u00e9cipients de taille moyenne, b\u00e9chers, Erlenmeyers, bo\u00eetes de Petri, etc., pour toutes sortes d'applications.","breadcrumb":{"@id":"https:\/\/www.labopolis.com\/producto\/agitador-orbital-digital-orbital-midi\/#breadcrumb"},"inLanguage":"fr-FR","potentialAction":[{"@type":"ReadAction","target":["https:\/\/www.labopolis.com\/producto\/agitador-orbital-digital-orbital-midi\/"]}]},{"@type":"ImageObject","inLanguage":"fr-FR","@id":"https:\/\/www.labopolis.com\/producto\/agitador-orbital-digital-orbital-midi\/#primaryimage","url":"https:\/\/www.labopolis.com\/wp-content\/uploads\/2023\/07\/OrbitalMidiE.gif","contentUrl":"https:\/\/www.labopolis.com\/wp-content\/uploads\/2023\/07\/OrbitalMidiE.gif","width":478,"height":445,"caption":"Producto"},{"@type":"BreadcrumbList","@id":"https:\/\/www.labopolis.com\/producto\/agitador-orbital-digital-orbital-midi\/#breadcrumb","itemListElement":[{"@type":"ListItem","position":1,"name":"Portada","item":"https:\/\/www.labopolis.com\/"},{"@type":"ListItem","position":2,"name":"Productos","item":"https:\/\/www.labopolis.com\/shop\/"},{"@type":"ListItem","position":3,"name":"Agitador Orbital Digital Orbital Midi"}]},{"@type":"WebSite","@id":"https:\/\/www.labopolis.com\/#website","url":"https:\/\/www.labopolis.com\/","name":"Labopolis","description":"","potentialAction":[{"@type":"SearchAction","target":{"@type":"EntryPoint","urlTemplate":"https:\/\/www.labopolis.com\/?s={search_term_string}"},"query-input":{"@type":"PropertyValueSpecification","valueRequired":true,"valueName":"search_term_string"}}],"inLanguage":"fr-FR"}]}},"_links":{"self":[{"href":"https:\/\/www.labopolis.com\/fr\/wp-json\/wp\/v2\/product\/1007","targetHints":{"allow":["GET"]}}],"collection":[{"href":"https:\/\/www.labopolis.com\/fr\/wp-json\/wp\/v2\/product"}],"about":[{"href":"https:\/\/www.labopolis.com\/fr\/wp-json\/wp\/v2\/types\/product"}],"replies":[{"embeddable":true,"href":"https:\/\/www.labopolis.com\/fr\/wp-json\/wp\/v2\/comments?post=1007"}],"wp:featuredmedia":[{"embeddable":true,"href":"https:\/\/www.labopolis.com\/fr\/wp-json\/wp\/v2\/media\/1029"}],"wp:attachment":[{"href":"https:\/\/www.labopolis.com\/fr\/wp-json\/wp\/v2\/media?parent=1007"}],"wp:term":[{"taxonomy":"product_brand","embeddable":true,"href":"https:\/\/www.labopolis.com\/fr\/wp-json\/wp\/v2\/product_brand?post=1007"},{"taxonomy":"product_cat","embeddable":true,"href":"https:\/\/www.labopolis.com\/fr\/wp-json\/wp\/v2\/product_cat?post=1007"},{"taxonomy":"product_tag","embeddable":true,"href":"https:\/\/www.labopolis.com\/fr\/wp-json\/wp\/v2\/product_tag?post=1007"}],"curies":[{"name":"wp","href":"https:\/\/api.w.org\/{rel}","templated":true}]}}