{"id":10276,"date":"2023-07-14T10:26:28","date_gmt":"2023-07-14T10:26:28","guid":{"rendered":"https:\/\/www.labopolis.com\/?page_id=10276"},"modified":"2025-11-05T09:26:44","modified_gmt":"2025-11-05T09:26:44","slug":"contadores-colonias","status":"publish","type":"page","link":"https:\/\/www.labopolis.com\/fr\/contadores-colonias\/","title":{"rendered":"Compteurs de colonies"},"content":{"rendered":"\t\t<div data-elementor-type=\"wp-page\" data-elementor-id=\"10276\" class=\"elementor elementor-10276\">\n\t\t\t\t\t\t<section class=\"elementor-section elementor-top-section elementor-element elementor-element-025fdf6 elementor-section-boxed elementor-section-height-default elementor-section-height-default wpr-particle-no wpr-jarallax-no wpr-parallax-no wpr-sticky-section-no\" data-id=\"025fdf6\" data-element_type=\"section\" data-e-type=\"section\">\n\t\t\t\t\t\t<div class=\"elementor-container elementor-column-gap-default\">\n\t\t\t\t\t<div class=\"elementor-column elementor-col-100 elementor-top-column elementor-element elementor-element-534517d\" data-id=\"534517d\" data-element_type=\"column\" data-e-type=\"column\">\n\t\t\t<div class=\"elementor-widget-wrap elementor-element-populated\">\n\t\t\t\t\t\t<div class=\"elementor-element elementor-element-cad14b3 elementor-widget elementor-widget-heading\" data-id=\"cad14b3\" data-element_type=\"widget\" data-e-type=\"widget\" data-widget_type=\"heading.default\">\n\t\t\t\t<div class=\"elementor-widget-container\">\n\t\t\t\t\t<h1 class=\"elementor-heading-title elementor-size-default\">contadores colonias<\/h1>\t\t\t\t<\/div>\n\t\t\t\t<\/div>\n\t\t\t\t<div class=\"elementor-element elementor-element-98f6c00 elementor-widget-divider--view-line elementor-widget elementor-widget-divider\" data-id=\"98f6c00\" data-element_type=\"widget\" data-e-type=\"widget\" data-widget_type=\"divider.default\">\n\t\t\t\t<div class=\"elementor-widget-container\">\n\t\t\t\t\t\t\t<div class=\"elementor-divider\">\n\t\t\t<span class=\"elementor-divider-separator\">\n\t\t\t\t\t\t<\/span>\n\t\t<\/div>\n\t\t\t\t\t\t<\/div>\n\t\t\t\t<\/div>\n\t\t\t\t<div class=\"elementor-element elementor-element-c5b0412 eael-product-gallery-column-4 elementor-widget elementor-widget-eael-woo-product-gallery\" data-id=\"c5b0412\" data-element_type=\"widget\" data-e-type=\"widget\" data-settings=\"{&quot;eael_product_gallery_column&quot;:&quot;4&quot;}\" data-widget_type=\"eael-woo-product-gallery.default\">\n\t\t\t\t<div class=\"elementor-widget-container\">\n\t\t\t\t\t\n        <div class=\"eael-product-gallery eael-product-preset-2 grid eael-terms-layout-horizontal\" id=\"eael-product-gallery\" data-widget-id=\"c5b0412\" data-page-id=\"10276\" data-nonce=\"504d0f1e09\" >\n\t\t\t<ul class=\"eael-cat-tab\" data-layout=\"grid\" data-template=\"{&quot;dir&quot;:&quot;lite&quot;,&quot;file_name&quot;:&quot;preset-2.php&quot;,&quot;name&quot;:&quot;Woo-Product-Gallery&quot;}\" data-nonce=\"504d0f1e09\" data-page-id=\"10276\" data-widget-id=\"c5b0412\" data-widget=\"c5b0412\" data-class=\"Essential_Addons_Elementor\\Elements\\Woo_Product_Gallery\" data-args=\"post_type=product&amp;post_status%5B0%5D=publish&amp;post_status%5B1%5D=pending&amp;post_status%5B2%5D=future&amp;posts_per_page=500&amp;order=desc&amp;offset=0&amp;tax_query%5Brelation%5D=AND&amp;tax_query%5B0%5D%5Btaxonomy%5D=product_visibility&amp;tax_query%5B0%5D%5Bfield%5D=name&amp;tax_query%5B0%5D%5Bterms%5D%5B0%5D=exclude-from-search&amp;tax_query%5B0%5D%5Bterms%5D%5B1%5D=exclude-from-catalog&amp;tax_query%5B0%5D%5Boperator%5D=NOT+IN&amp;tax_query%5B1%5D%5Brelation%5D=OR&amp;tax_query%5B1%5D%5B0%5D%5Btaxonomy%5D=product_cat&amp;tax_query%5B1%5D%5B0%5D%5Bfield%5D=term_id&amp;tax_query%5B1%5D%5B0%5D%5Bterms%5D=26&amp;tax_query%5B1%5D%5B0%5D%5Boperator%5D=IN&amp;orderby=date&amp;meta_query%5Brelation%5D=AND\" data-page=\"1\"><li><a href=\"javascript:;\" data-page=\"1\" data-taxonomy=\"product_cat\" data-terms='[\"contadores-colonias\"]' data-id=\"26\" class=\"post-list-filter-item \">Contadores Colonias<\/a><\/li><\/ul>\n            <div class=\"woocommerce\">\n\t\t\t\t<ul class=\"products eael-post-appender eael-post-appender-c5b0412\" data-layout-mode=\"grid\" data-ssi-mobile=\"no\" data-ssi-tablet=\"no\" data-ssi-desktop=\"no\" ><li class=\"product  post-2850 type-product status-publish has-post-thumbnail product_cat-contadores-colonias product_cat-laboratorio first instock taxable shipping-taxable purchasable product-type-variable\">\n        <div class=\"eael-product-wrap\" data-src=\"\" data-src-hover=\"\" >\n                <div class=\"product-image-wrap\">\n            <div class=\"image-wrap\">\n                <img fetchpriority=\"high\" decoding=\"async\" width=\"600\" height=\"417\" src=\"https:\/\/www.labopolis.com\/wp-content\/uploads\/2023\/07\/SphereFlash-600x417.jpg\" class=\"attachment-woocommerce_single size-woocommerce_single\" alt=\"Contador de Colonias Autom\u00e1tico - SphereFlash\" loading=\"eager\" srcset=\"https:\/\/www.labopolis.com\/wp-content\/uploads\/2023\/07\/SphereFlash-600x417.jpg 600w, https:\/\/www.labopolis.com\/wp-content\/uploads\/2023\/07\/SphereFlash-300x208.jpg 300w, https:\/\/www.labopolis.com\/wp-content\/uploads\/2023\/07\/SphereFlash-1024x711.jpg 1024w, https:\/\/www.labopolis.com\/wp-content\/uploads\/2023\/07\/SphereFlash-768x533.jpg 768w, https:\/\/www.labopolis.com\/wp-content\/uploads\/2023\/07\/SphereFlash-1536x1067.jpg 1536w, https:\/\/www.labopolis.com\/wp-content\/uploads\/2023\/07\/SphereFlash.jpg 1633w\" sizes=\"(max-width: 600px) 100vw, 600px\" \/>            <\/div>\n            <div class=\"image-hover-wrap\">\n                <ul class=\"icons-wrap block-box-style\">\n                                            <li class=\"add-to-cart\"><a href=\"https:\/\/www.labopolis.com\/fr\/produit\/contador-de-colonias-automatico-sphereflash\/\" aria-describedby=\"woocommerce_loop_add_to_cart_link_describedby_2850\" data-quantity=\"1\" class=\"button product_type_variable add_to_cart_button\" data-product_id=\"2850\" data-product_sku=\"\" aria-label=\"S\u00e9lectionner les options pour &quot;Contador de Colonias Autom\u00e1tico - SphereFlash&quot;\" rel=\"nofollow\">S\u00e9lectionner les options<\/a>\t<span id=\"woocommerce_loop_add_to_cart_link_describedby_2850\" class=\"screen-reader-text\">\n\t\tCe produit a plusieurs variantes. Les options peuvent \u00eatre choisies sur la page du produit\t<\/span>\n<\/li>\n                                                                <li class=\"eael-product-quick-view\">\n                            <a id=\"eael_quick_view_69e8b41104288\" data-quickview-setting=\"{&quot;widget_id&quot;:&quot;c5b0412&quot;,&quot;product_id&quot;:2850,&quot;page_id&quot;:10276}\"\n                                class=\"eael-product-gallery-open-popup open-popup-link\">\n                                <i class=\"fas fa-eye\"><\/i>\n                            <\/a>\n                        <\/li>\n                                                                <li class=\"view-details\"><a href=\"https:\/\/www.labopolis.com\/fr\/produit\/contador-de-colonias-automatico-sphereflash\/\" aria-label=\"View Details about Contador de Colonias Autom\u00e1tico - SphereFlash\"><i class=\"fas fa-link\"><\/i><\/a><\/li>\n                                    <\/ul>\n            <\/div>\n        <\/div>\n        <div class=\"product-details-wrap\">\n            <div class=\"eael-product-price\"><span class=\"woocommerce-Price-amount amount\" aria-hidden=\"true\"><bdi>29,00<span class=\"woocommerce-Price-currencySymbol\">&euro;<\/span><\/bdi><\/span> <span aria-hidden=\"true\">\u00a0\u2013\u00a0<\/span> <span class=\"woocommerce-Price-amount amount\" aria-hidden=\"true\"><bdi>7.233,00<span class=\"woocommerce-Price-currencySymbol\">&euro;<\/span><\/bdi><\/span><span class=\"screen-reader-text\">Plage de prix\u00a0: 29,00&euro; \u00e0 7.233,00&euro;<\/span><\/div>            <div class=\"eael-product-title\">\n                <span>Contador de Colonias Autom\u00e1tico - SphereFlash<\/span>            <\/div>\n        <\/div>\n            <\/div>\n<\/li><li class=\"product  post-2842 type-product status-publish has-post-thumbnail product_cat-contadores-colonias product_cat-laboratorio instock taxable shipping-taxable purchasable product-type-variable\">\n        <div class=\"eael-product-wrap\" data-src=\"\" data-src-hover=\"\" >\n                <div class=\"product-image-wrap\">\n            <div class=\"image-wrap\">\n                <img decoding=\"async\" width=\"600\" height=\"417\" src=\"https:\/\/www.labopolis.com\/wp-content\/uploads\/2023\/07\/Contador-colonias-DOT-600x417.jpg\" class=\"attachment-woocommerce_single size-woocommerce_single\" alt=\"Contador de Colonias Manual - DOT\" loading=\"eager\" srcset=\"https:\/\/www.labopolis.com\/wp-content\/uploads\/2023\/07\/Contador-colonias-DOT-600x417.jpg 600w, https:\/\/www.labopolis.com\/wp-content\/uploads\/2023\/07\/Contador-colonias-DOT-300x208.jpg 300w, https:\/\/www.labopolis.com\/wp-content\/uploads\/2023\/07\/Contador-colonias-DOT-1024x711.jpg 1024w, https:\/\/www.labopolis.com\/wp-content\/uploads\/2023\/07\/Contador-colonias-DOT-768x533.jpg 768w, https:\/\/www.labopolis.com\/wp-content\/uploads\/2023\/07\/Contador-colonias-DOT-1536x1067.jpg 1536w, https:\/\/www.labopolis.com\/wp-content\/uploads\/2023\/07\/Contador-colonias-DOT.jpg 1633w\" sizes=\"(max-width: 600px) 100vw, 600px\" \/>            <\/div>\n            <div class=\"image-hover-wrap\">\n                <ul class=\"icons-wrap block-box-style\">\n                                            <li class=\"add-to-cart\"><a href=\"https:\/\/www.labopolis.com\/fr\/produit\/contador-de-colonias-manual-dot\/\" aria-describedby=\"woocommerce_loop_add_to_cart_link_describedby_2842\" data-quantity=\"1\" class=\"button product_type_variable add_to_cart_button\" data-product_id=\"2842\" data-product_sku=\"\" aria-label=\"S\u00e9lectionner les options pour &quot;Contador de Colonias Manual - DOT&quot;\" rel=\"nofollow\">S\u00e9lectionner les options<\/a>\t<span id=\"woocommerce_loop_add_to_cart_link_describedby_2842\" class=\"screen-reader-text\">\n\t\tCe produit a plusieurs variantes. Les options peuvent \u00eatre choisies sur la page du produit\t<\/span>\n<\/li>\n                                                                <li class=\"eael-product-quick-view\">\n                            <a id=\"eael_quick_view_69e8b411090db\" data-quickview-setting=\"{&quot;widget_id&quot;:&quot;c5b0412&quot;,&quot;product_id&quot;:2842,&quot;page_id&quot;:10276}\"\n                                class=\"eael-product-gallery-open-popup open-popup-link\">\n                                <i class=\"fas fa-eye\"><\/i>\n                            <\/a>\n                        <\/li>\n                                                                <li class=\"view-details\"><a href=\"https:\/\/www.labopolis.com\/fr\/produit\/contador-de-colonias-manual-dot\/\" aria-label=\"View Details about Contador de Colonias Manual - DOT\"><i class=\"fas fa-link\"><\/i><\/a><\/li>\n                                    <\/ul>\n            <\/div>\n        <\/div>\n        <div class=\"product-details-wrap\">\n            <div class=\"eael-product-price\"><span class=\"woocommerce-Price-amount amount\" aria-hidden=\"true\"><bdi>14,00<span class=\"woocommerce-Price-currencySymbol\">&euro;<\/span><\/bdi><\/span> <span aria-hidden=\"true\">\u00a0\u2013\u00a0<\/span> <span class=\"woocommerce-Price-amount amount\" aria-hidden=\"true\"><bdi>1.251,00<span class=\"woocommerce-Price-currencySymbol\">&euro;<\/span><\/bdi><\/span><span class=\"screen-reader-text\">Plage de prix\u00a0: 14,00&euro; \u00e0 1.251,00&euro;<\/span><\/div>            <div class=\"eael-product-title\">\n                <span>Contador de Colonias Manual - DOT<\/span>            <\/div>\n        <\/div>\n            <\/div>\n<\/li><\/ul>            <div class=\"eael-load-more-button-wrap eael-force-hide\">\n                <button class=\"hide-load-more eael-load-more-button\" id=\"eael-load-more-btn-c5b0412\" data-widget-id=\"c5b0412\" data-widget=\"c5b0412\" data-page-id=\"10276\" data-template=\"{&quot;dir&quot;:&quot;lite&quot;,&quot;file_name&quot;:&quot;preset-2.php&quot;,&quot;name&quot;:&quot;Woo-Product-Gallery&quot;}\" data-class=\"Essential_Addons_Elementor\\Elements\\Woo_Product_Gallery\" data-layout=\"grid\" data-page=\"1\" data-args=\"post_type=product&amp;post_status%5B0%5D=publish&amp;post_status%5B1%5D=pending&amp;post_status%5B2%5D=future&amp;posts_per_page=500&amp;order=desc&amp;offset=0&amp;tax_query%5Brelation%5D=AND&amp;tax_query%5B0%5D%5Btaxonomy%5D=product_visibility&amp;tax_query%5B0%5D%5Bfield%5D=name&amp;tax_query%5B0%5D%5Bterms%5D%5B0%5D=exclude-from-search&amp;tax_query%5B0%5D%5Bterms%5D%5B1%5D=exclude-from-catalog&amp;tax_query%5B0%5D%5Boperator%5D=NOT+IN&amp;tax_query%5B1%5D%5Brelation%5D=OR&amp;tax_query%5B1%5D%5B0%5D%5Btaxonomy%5D=product_cat&amp;tax_query%5B1%5D%5B0%5D%5Bfield%5D=term_id&amp;tax_query%5B1%5D%5B0%5D%5Bterms%5D=26&amp;tax_query%5B1%5D%5B0%5D%5Boperator%5D=IN&amp;orderby=date&amp;meta_query%5Brelation%5D=AND\" data-max-page=\"1\">\n                    <span class=\"eael-btn-loader button__loader\"><\/span>\n                    <span class=\"eael_load_more_text\"><\/span>\n                <\/button>\n            <\/div>\n                        <\/div>\n        <\/div>\n        <script type=\"text\/javascript\">\n\t\t\tjQuery(document).ready(function ($) {\n\t\t\t\tvar $scope = jQuery(\".elementor-element-c5b0412\");\n\t\t\t\tvar $products = $('.products', $scope);\n\t\t\t\tvar $layout_mode = $products.data('layout-mode');\n\n\t\t\t\tif ($layout_mode === 'masonry') {\n\t\t\t\t\t\/\/ init isotope\n\t\t\t\t\tvar $isotope_products = $products.isotope({ itemSelector: \"li.product\", layoutMode: $layout_mode, percentPosition: true });\n\t\t\t\t\t$isotope_products.imagesLoaded().progress(function () {\n\t\t\t\t\t\t$isotope_products.isotope('layout');\n\t\t\t\t\t})\n\n\t\t\t\t\t$(window).on('resize', function () {\n\t\t\t\t\t\t$isotope_products.isotope('layout');\n\t\t\t\t\t});\n\t\t\t\t}\n\t\t\t});\n        <\/script>\n\t\t\t\t\t\t<\/div>\n\t\t\t\t<\/div>\n\t\t\t\t\t<\/div>\n\t\t<\/div>\n\t\t\t\t\t<\/div>\n\t\t<\/section>\n\t\t\t\t<\/div>\n\t\t","protected":false},"excerpt":{"rendered":"<p>Compteurs de colonies Compteurs de colonies S\u00e9lectionner les options Ce produit a plusieurs variantes. Les options peuvent \u00eatre s\u00e9lectionn\u00e9es sur la page du produit 28,00\u20ac - 7.022,00\u20acGamme de prix : de 28,00\u20ac \u00e0 7.022,00\u20ac Compteur de colonies automatique - SphereFlash S\u00e9lectionner les options Ce produit a plusieurs variantes. Les options peuvent \u00eatre s\u00e9lectionn\u00e9es sur la page du produit 14,00\u20ac - 1.215,00\u20acPrix : de 14,00\u20ac \u00e0 1.215,00\u20ac Compteur de colonies manuel - DOT<\/p>","protected":false},"author":1,"featured_media":0,"parent":0,"menu_order":0,"comment_status":"closed","ping_status":"closed","template":"","meta":{"footnotes":""},"class_list":["post-10276","page","type-page","status-publish","hentry"],"yoast_head":"<!-- This site is optimized with the Yoast SEO plugin v27.2 - https:\/\/yoast.com\/product\/yoast-seo-wordpress\/ -->\n<title>Contadores colonias - Labopolis<\/title>\n<meta name=\"description\" content=\"contadores colonias    Contadores Colonias                                                Seleccionar opciones  Este producto tiene m\u00faltiples variantes. Las opciones se pueden elegir en la p\u00e1gina de producto                                                                                                                                     28,00&euro; - 7.022,00&euro;Rango de precios: desde 28,00&euro; hasta 7.022,00&euro;               Contador de Colonias Autom\u00e1tico - SphereFlash                                                    Seleccionar opciones  Este producto tiene m\u00faltiples variantes. Las opciones se pueden elegir en la p\u00e1gina de producto                                                                                                                                     14,00&euro; - 1.215,00&euro;Rango de precios: desde 14,00&euro; hasta 1.215,00&euro;               Contador de Colonias Manual - DOT\" \/>\n<meta name=\"robots\" content=\"index, follow, max-snippet:-1, max-image-preview:large, max-video-preview:-1\" \/>\n<link rel=\"canonical\" href=\"https:\/\/www.labopolis.com\/fr\/contadores-colonias\/\" \/>\n<meta property=\"og:locale\" content=\"fr_FR\" \/>\n<meta property=\"og:type\" content=\"article\" \/>\n<meta property=\"og:title\" content=\"Contadores colonias - Labopolis\" \/>\n<meta property=\"og:description\" content=\"contadores colonias    Contadores Colonias                                                Seleccionar opciones  Este producto tiene m\u00faltiples variantes. Las opciones se pueden elegir en la p\u00e1gina de producto                                                                                                                                     28,00&euro; - 7.022,00&euro;Rango de precios: desde 28,00&euro; hasta 7.022,00&euro;               Contador de Colonias Autom\u00e1tico - SphereFlash                                                    Seleccionar opciones  Este producto tiene m\u00faltiples variantes. Las opciones se pueden elegir en la p\u00e1gina de producto                                                                                                                                     14,00&euro; - 1.215,00&euro;Rango de precios: desde 14,00&euro; hasta 1.215,00&euro;               Contador de Colonias Manual - DOT\" \/>\n<meta property=\"og:url\" content=\"https:\/\/www.labopolis.com\/fr\/contadores-colonias\/\" \/>\n<meta property=\"og:site_name\" content=\"Labopolis\" \/>\n<meta property=\"article:publisher\" content=\"https:\/\/www.facebook.com\/profile.php?id=100063251679439\" \/>\n<meta property=\"article:modified_time\" content=\"2025-11-05T09:26:44+00:00\" \/>\n<meta property=\"og:image\" content=\"https:\/\/www.labopolis.com\/wp-content\/uploads\/2023\/07\/SphereFlash-600x417.jpg\" \/>\n<meta name=\"twitter:card\" content=\"summary_large_image\" \/>\n<meta name=\"twitter:site\" content=\"@Labopolis\" \/>\n<meta name=\"twitter:label1\" content=\"Dur\u00e9e de lecture estim\u00e9e\" \/>\n\t<meta name=\"twitter:data1\" content=\"1 minute\" \/>\n<script type=\"application\/ld+json\" class=\"yoast-schema-graph\">{\"@context\":\"https:\/\/schema.org\",\"@graph\":[{\"@type\":\"WebPage\",\"@id\":\"https:\/\/www.labopolis.com\/contadores-colonias\/\",\"url\":\"https:\/\/www.labopolis.com\/contadores-colonias\/\",\"name\":\"Contadores colonias - Labopolis\",\"isPartOf\":{\"@id\":\"https:\/\/www.labopolis.com\/#website\"},\"primaryImageOfPage\":{\"@id\":\"https:\/\/www.labopolis.com\/contadores-colonias\/#primaryimage\"},\"image\":{\"@id\":\"https:\/\/www.labopolis.com\/contadores-colonias\/#primaryimage\"},\"thumbnailUrl\":\"https:\/\/www.labopolis.com\/wp-content\/uploads\/2023\/07\/SphereFlash-600x417.jpg\",\"datePublished\":\"2023-07-14T10:26:28+00:00\",\"dateModified\":\"2025-11-05T09:26:44+00:00\",\"description\":\"contadores colonias Contadores Colonias Seleccionar opciones Este producto tiene m\u00faltiples variantes. Las opciones se pueden elegir en la p\u00e1gina de producto 28,00&euro; - 7.022,00&euro;Rango de precios: desde 28,00&euro; hasta 7.022,00&euro; Contador de Colonias Autom\u00e1tico - SphereFlash Seleccionar opciones Este producto tiene m\u00faltiples variantes. Las opciones se pueden elegir en la p\u00e1gina de producto 14,00&euro; - 1.215,00&euro;Rango de precios: desde 14,00&euro; hasta 1.215,00&euro; Contador de Colonias Manual - DOT\",\"breadcrumb\":{\"@id\":\"https:\/\/www.labopolis.com\/contadores-colonias\/#breadcrumb\"},\"inLanguage\":\"fr-FR\",\"potentialAction\":[{\"@type\":\"ReadAction\",\"target\":[\"https:\/\/www.labopolis.com\/contadores-colonias\/\"]}]},{\"@type\":\"ImageObject\",\"inLanguage\":\"fr-FR\",\"@id\":\"https:\/\/www.labopolis.com\/contadores-colonias\/#primaryimage\",\"url\":\"https:\/\/www.labopolis.com\/wp-content\/uploads\/2023\/07\/SphereFlash-600x417.jpg\",\"contentUrl\":\"https:\/\/www.labopolis.com\/wp-content\/uploads\/2023\/07\/SphereFlash-600x417.jpg\"},{\"@type\":\"BreadcrumbList\",\"@id\":\"https:\/\/www.labopolis.com\/contadores-colonias\/#breadcrumb\",\"itemListElement\":[{\"@type\":\"ListItem\",\"position\":1,\"name\":\"Portada\",\"item\":\"https:\/\/www.labopolis.com\/\"},{\"@type\":\"ListItem\",\"position\":2,\"name\":\"Contadores colonias\"}]},{\"@type\":\"WebSite\",\"@id\":\"https:\/\/www.labopolis.com\/#website\",\"url\":\"https:\/\/www.labopolis.com\/\",\"name\":\"Labopolis\",\"description\":\"\",\"potentialAction\":[{\"@type\":\"SearchAction\",\"target\":{\"@type\":\"EntryPoint\",\"urlTemplate\":\"https:\/\/www.labopolis.com\/?s={search_term_string}\"},\"query-input\":{\"@type\":\"PropertyValueSpecification\",\"valueRequired\":true,\"valueName\":\"search_term_string\"}}],\"inLanguage\":\"fr-FR\"}]}<\/script>\n<!-- \/ Yoast SEO plugin. -->","yoast_head_json":{"title":"Contadores colonias - Labopolis","description":"contadores colonias    Contadores Colonias                                                Seleccionar opciones  Este producto tiene m\u00faltiples variantes. Las opciones se pueden elegir en la p\u00e1gina de producto                                                                                                                                     28,00&euro; - 7.022,00&euro;Rango de precios: desde 28,00&euro; hasta 7.022,00&euro;               Contador de Colonias Autom\u00e1tico - SphereFlash                                                    Seleccionar opciones  Este producto tiene m\u00faltiples variantes. Las opciones se pueden elegir en la p\u00e1gina de producto                                                                                                                                     14,00&euro; - 1.215,00&euro;Rango de precios: desde 14,00&euro; hasta 1.215,00&euro;               Contador de Colonias Manual - DOT","robots":{"index":"index","follow":"follow","max-snippet":"max-snippet:-1","max-image-preview":"max-image-preview:large","max-video-preview":"max-video-preview:-1"},"canonical":"https:\/\/www.labopolis.com\/fr\/contadores-colonias\/","og_locale":"fr_FR","og_type":"article","og_title":"Contadores colonias - Labopolis","og_description":"contadores colonias    Contadores Colonias                                                Seleccionar opciones  Este producto tiene m\u00faltiples variantes. Las opciones se pueden elegir en la p\u00e1gina de producto                                                                                                                                     28,00&euro; - 7.022,00&euro;Rango de precios: desde 28,00&euro; hasta 7.022,00&euro;               Contador de Colonias Autom\u00e1tico - SphereFlash                                                    Seleccionar opciones  Este producto tiene m\u00faltiples variantes. Las opciones se pueden elegir en la p\u00e1gina de producto                                                                                                                                     14,00&euro; - 1.215,00&euro;Rango de precios: desde 14,00&euro; hasta 1.215,00&euro;               Contador de Colonias Manual - DOT","og_url":"https:\/\/www.labopolis.com\/fr\/contadores-colonias\/","og_site_name":"Labopolis","article_publisher":"https:\/\/www.facebook.com\/profile.php?id=100063251679439","article_modified_time":"2025-11-05T09:26:44+00:00","og_image":[{"url":"https:\/\/www.labopolis.com\/wp-content\/uploads\/2023\/07\/SphereFlash-600x417.jpg","type":"","width":"","height":""}],"twitter_card":"summary_large_image","twitter_site":"@Labopolis","twitter_misc":{"Dur\u00e9e de lecture estim\u00e9e":"1 minute"},"schema":{"@context":"https:\/\/schema.org","@graph":[{"@type":"WebPage","@id":"https:\/\/www.labopolis.com\/contadores-colonias\/","url":"https:\/\/www.labopolis.com\/contadores-colonias\/","name":"Contadores colonias - Labopolis","isPartOf":{"@id":"https:\/\/www.labopolis.com\/#website"},"primaryImageOfPage":{"@id":"https:\/\/www.labopolis.com\/contadores-colonias\/#primaryimage"},"image":{"@id":"https:\/\/www.labopolis.com\/contadores-colonias\/#primaryimage"},"thumbnailUrl":"https:\/\/www.labopolis.com\/wp-content\/uploads\/2023\/07\/SphereFlash-600x417.jpg","datePublished":"2023-07-14T10:26:28+00:00","dateModified":"2025-11-05T09:26:44+00:00","description":"contadores colonias Contadores Colonias Seleccionar opciones Este producto tiene m\u00faltiples variantes. Las opciones se pueden elegir en la p\u00e1gina de producto 28,00&euro; - 7.022,00&euro;Rango de precios: desde 28,00&euro; hasta 7.022,00&euro; Contador de Colonias Autom\u00e1tico - SphereFlash Seleccionar opciones Este producto tiene m\u00faltiples variantes. Las opciones se pueden elegir en la p\u00e1gina de producto 14,00&euro; - 1.215,00&euro;Rango de precios: desde 14,00&euro; hasta 1.215,00&euro; Contador de Colonias Manual - DOT","breadcrumb":{"@id":"https:\/\/www.labopolis.com\/contadores-colonias\/#breadcrumb"},"inLanguage":"fr-FR","potentialAction":[{"@type":"ReadAction","target":["https:\/\/www.labopolis.com\/contadores-colonias\/"]}]},{"@type":"ImageObject","inLanguage":"fr-FR","@id":"https:\/\/www.labopolis.com\/contadores-colonias\/#primaryimage","url":"https:\/\/www.labopolis.com\/wp-content\/uploads\/2023\/07\/SphereFlash-600x417.jpg","contentUrl":"https:\/\/www.labopolis.com\/wp-content\/uploads\/2023\/07\/SphereFlash-600x417.jpg"},{"@type":"BreadcrumbList","@id":"https:\/\/www.labopolis.com\/contadores-colonias\/#breadcrumb","itemListElement":[{"@type":"ListItem","position":1,"name":"Portada","item":"https:\/\/www.labopolis.com\/"},{"@type":"ListItem","position":2,"name":"Contadores colonias"}]},{"@type":"WebSite","@id":"https:\/\/www.labopolis.com\/#website","url":"https:\/\/www.labopolis.com\/","name":"Labopolis","description":"","potentialAction":[{"@type":"SearchAction","target":{"@type":"EntryPoint","urlTemplate":"https:\/\/www.labopolis.com\/?s={search_term_string}"},"query-input":{"@type":"PropertyValueSpecification","valueRequired":true,"valueName":"search_term_string"}}],"inLanguage":"fr-FR"}]}},"_links":{"self":[{"href":"https:\/\/www.labopolis.com\/fr\/wp-json\/wp\/v2\/pages\/10276","targetHints":{"allow":["GET"]}}],"collection":[{"href":"https:\/\/www.labopolis.com\/fr\/wp-json\/wp\/v2\/pages"}],"about":[{"href":"https:\/\/www.labopolis.com\/fr\/wp-json\/wp\/v2\/types\/page"}],"author":[{"embeddable":true,"href":"https:\/\/www.labopolis.com\/fr\/wp-json\/wp\/v2\/users\/1"}],"replies":[{"embeddable":true,"href":"https:\/\/www.labopolis.com\/fr\/wp-json\/wp\/v2\/comments?post=10276"}],"version-history":[{"count":16,"href":"https:\/\/www.labopolis.com\/fr\/wp-json\/wp\/v2\/pages\/10276\/revisions"}],"predecessor-version":[{"id":16320,"href":"https:\/\/www.labopolis.com\/fr\/wp-json\/wp\/v2\/pages\/10276\/revisions\/16320"}],"wp:attachment":[{"href":"https:\/\/www.labopolis.com\/fr\/wp-json\/wp\/v2\/media?parent=10276"}],"curies":[{"name":"wp","href":"https:\/\/api.w.org\/{rel}","templated":true}]}}