{"id":2702,"date":"2023-07-10T11:40:32","date_gmt":"2023-07-10T11:40:32","guid":{"rendered":"https:\/\/www.labopolis.com\/?post_type=product&#038;p=2702"},"modified":"2026-03-24T09:13:27","modified_gmt":"2026-03-24T09:13:27","slug":"microscopio-trinocular-levenhuk-med-10t","status":"publish","type":"product","link":"https:\/\/www.labopolis.com\/en\/product\/microscopio-trinocular-levenhuk-med-10t\/","title":{"rendered":"Levenhuk MED 10T trinocular microscope"},"content":{"rendered":"<p>The Levenhuk MED 10T trinocular microscope is a laboratory model with achromatic optics for professional research with a magnification range of 40 to 1000x. This microscope is a perfect choice for university students, research work in a scientific center, or clinical and diagnostic work in a medical laboratory.<\/p>\n<p>The trinocular head consists of a trinocular visual part and a tube for installing a digital camera (available separately). The visual part is inclined at 30\u00b0, which allows long observations to be made comfortably. The trinocular head is 360\u00b0 rotatable. The microscope has four pre-installed achromatic objective lenses of different magnifications. The 40x and 100x lenses are retractable. In addition, the 100x objective can be used for oil immersion observations (an immersion oil tube is included in the kit). The eyepieces, with a wide field of view, have diopter adjustment and provide good visibility. All optical elements are protected with an antifungal coating.<\/p>\n<p>The stage is double-layered and can be moved along two axes. The specimens are arranged under an objective lens of the microscope and can be moved with the aid of a mechanical micrometer. Rough and fine focus adjustment controls are available. The microscope's illumination system consists of a bright 5-watt LED lamp with an Abbe condenser with iris diaphragm and filter holder. The lamp is located below the stage and allows observations using the brightfield method with transmitted light. The illumination is powered by an AC power supply. The illumination system also allows brightness adjustment.<\/p>\n<p><b>Characteristics:<\/b><\/p>\n<ul class=\"vikas-list-u\">\n<li>Laboratory microscope with a magnification of 40-1000x<\/li>\n<li>360\u00b0 rotatable trinocular head, 30\u00b0 inclination<\/li>\n<li>Achromatic optics with antifungal coating<\/li>\n<li>5 W lower LED lamp with brightness adjustment<\/li>\n<li>Powered by AC power supply<\/li>\n<\/ul>\n<p><b>The kit includes:<\/b><\/p>\n<ul class=\"vikas-list-u\">\n<li>Microscope base and pedestal<\/li>\n<li>360\u00b0 rotating trinocular head<\/li>\n<li>Achromatic objective lenses: 4\u0445, 10\u0445, 40xs, 100\u0445s (oil immersion) with antifungal coating<\/li>\n<li>Wide field of view eyepieces: WF10x \/ 18 mm with antifungal coating (2 pcs.)<\/li>\n<li>Abbe N.A. 1.25 Condenser with iris diaphragm and filter holder<\/li>\n<li>Filters: blue, green, yellow<\/li>\n<li>Immersion oil tube<\/li>\n<li>Fuse (2 units)<\/li>\n<li>Microscope power cable<\/li>\n<li>Protective cover<\/li>\n<li>Camera adapter<\/li>\n<li>User manual and lifetime warranty<\/li>\n<\/ul>","protected":false},"excerpt":{"rendered":"<p class=\"product-page-title\"><strong>Levenhuk MED 10T trinocular microscope<\/strong><\/p>\n<p><b>Characteristics:<\/b><\/p>\n<ul class=\"vikas-list-u\">\n<li>Laboratory microscope with a magnification of 40-1000x<\/li>\n<li>360\u00b0 rotatable trinocular head, 30\u00b0 inclination<\/li>\n<li>Achromatic optics with antifungal coating<\/li>\n<li>5 W lower LED lamp with brightness adjustment<\/li>\n<li>Powered by AC power supply<\/li>\n<\/ul>\n<p><b>The kit includes:<\/b><\/p>\n<ul class=\"vikas-list-u\">\n<li>Microscope base and pedestal<\/li>\n<li>360\u00b0 rotating trinocular head<\/li>\n<li>Achromatic objective lenses: 4\u0445, 10\u0445, 40xs, 100\u0445s (oil immersion) with antifungal coating<\/li>\n<li>Wide field of view eyepieces: WF10x \/ 18 mm with antifungal coating (2 pcs.)<\/li>\n<li>Abbe N.A. 1.25 Condenser with iris diaphragm and filter holder<\/li>\n<li>Filters: blue, green, yellow<\/li>\n<li>Immersion oil tube<\/li>\n<li>Fuse (2 units)<\/li>\n<li>Microscope power cable<\/li>\n<li>Protective cover<\/li>\n<li>Camera adapter<\/li>\n<li>User manual and lifetime warranty<\/li>\n<\/ul>","protected":false},"featured_media":2730,"comment_status":"open","ping_status":"closed","template":"","meta":[],"product_brand":[],"product_cat":[23,160,161,165],"product_tag":[],"class_list":{"0":"post-2702","1":"product","2":"type-product","3":"status-publish","4":"has-post-thumbnail","6":"product_cat-laboratorio","7":"product_cat-microscopios","8":"product_cat-microscopios-biologicos","9":"product_cat-microscopios-educacion","11":"first","12":"instock","13":"taxable","14":"shipping-taxable","15":"purchasable","16":"product-type-simple"},"yoast_head":"<!-- This site is optimized with the Yoast SEO plugin v27.2 - https:\/\/yoast.com\/product\/yoast-seo-wordpress\/ -->\n<title>Microscopio trinocular Levenhuk MED 10T - Labopolis<\/title>\n<meta name=\"description\" content=\"Microscopio trinocular Levenhuk MED 10T Caracter\u00edsticas:   Microscopio de laboratorio con una ampliaci\u00f3n de 40\u20131000x  Cabezal trinocular giratorio 360\u00b0, con inclinaci\u00f3n de 30\u00b0  \u00d3ptica acrom\u00e1tica con revestimiento antif\u00fangico  L\u00e1mpara LED inferior de 5 W con ajuste del brillo  Alimentado por una fuente de alimentaci\u00f3n CA  El kit incluye:   Base de microscopio y pedestal  Cabezal trinocular rotatorio 360\u00b0  Lentes objetivo acrom\u00e1ticas: 4\u0445, 10\u0445, 40xs, 100\u0445s (inmersi\u00f3n en aceite) con revestimiento antif\u00fangico  Oculares de campo de visi\u00f3n amplio: WF10x \/ 18 mm con revestimiento antif\u00fangico (2 unidades)  Condensador Abbe N.A. 1,25 con diafragma iris y soporte para filtros  Filtros: azul, verde, amarillo  Tubo de aceite de inmersi\u00f3n  Fusible (2 unidades)  Cable de alimentaci\u00f3n para microscopio  Cubierta protectora  Adaptador de c\u00e1mara  Manual de usuario y garant\u00eda de por vida\" \/>\n<meta name=\"robots\" content=\"index, follow, max-snippet:-1, max-image-preview:large, max-video-preview:-1\" \/>\n<link rel=\"canonical\" href=\"https:\/\/www.labopolis.com\/en\/product\/microscopio-trinocular-levenhuk-med-10t\/\" \/>\n<meta property=\"og:locale\" content=\"en_US\" \/>\n<meta property=\"og:type\" content=\"article\" \/>\n<meta property=\"og:title\" content=\"Microscopio trinocular Levenhuk MED 10T - Labopolis\" \/>\n<meta property=\"og:description\" content=\"Microscopio trinocular Levenhuk MED 10T Caracter\u00edsticas:   Microscopio de laboratorio con una ampliaci\u00f3n de 40\u20131000x  Cabezal trinocular giratorio 360\u00b0, con inclinaci\u00f3n de 30\u00b0  \u00d3ptica acrom\u00e1tica con revestimiento antif\u00fangico  L\u00e1mpara LED inferior de 5 W con ajuste del brillo  Alimentado por una fuente de alimentaci\u00f3n CA  El kit incluye:   Base de microscopio y pedestal  Cabezal trinocular rotatorio 360\u00b0  Lentes objetivo acrom\u00e1ticas: 4\u0445, 10\u0445, 40xs, 100\u0445s (inmersi\u00f3n en aceite) con revestimiento antif\u00fangico  Oculares de campo de visi\u00f3n amplio: WF10x \/ 18 mm con revestimiento antif\u00fangico (2 unidades)  Condensador Abbe N.A. 1,25 con diafragma iris y soporte para filtros  Filtros: azul, verde, amarillo  Tubo de aceite de inmersi\u00f3n  Fusible (2 unidades)  Cable de alimentaci\u00f3n para microscopio  Cubierta protectora  Adaptador de c\u00e1mara  Manual de usuario y garant\u00eda de por vida\" \/>\n<meta property=\"og:url\" content=\"https:\/\/www.labopolis.com\/en\/product\/microscopio-trinocular-levenhuk-med-10t\/\" \/>\n<meta property=\"og:site_name\" content=\"Labopolis\" \/>\n<meta property=\"article:publisher\" content=\"https:\/\/www.facebook.com\/profile.php?id=100063251679439\" \/>\n<meta property=\"article:modified_time\" content=\"2026-03-24T09:13:27+00:00\" \/>\n<meta property=\"og:image\" content=\"https:\/\/www.labopolis.com\/wp-content\/uploads\/2023\/07\/73985_levenhuk-trinocular-microscope-med-10t_00.jpg\" \/>\n\t<meta property=\"og:image:width\" content=\"1421\" \/>\n\t<meta property=\"og:image:height\" content=\"2000\" \/>\n\t<meta property=\"og:image:type\" content=\"image\/jpeg\" \/>\n<meta name=\"twitter:card\" content=\"summary_large_image\" \/>\n<meta name=\"twitter:site\" content=\"@Labopolis\" \/>\n<meta name=\"twitter:label1\" content=\"Est. reading time\" \/>\n\t<meta name=\"twitter:data1\" content=\"2 minutes\" \/>\n<script type=\"application\/ld+json\" class=\"yoast-schema-graph\">{\"@context\":\"https:\/\/schema.org\",\"@graph\":[{\"@type\":\"WebPage\",\"@id\":\"https:\/\/www.labopolis.com\/producto\/microscopio-trinocular-levenhuk-med-10t\/\",\"url\":\"https:\/\/www.labopolis.com\/producto\/microscopio-trinocular-levenhuk-med-10t\/\",\"name\":\"Microscopio trinocular Levenhuk MED 10T - Labopolis\",\"isPartOf\":{\"@id\":\"https:\/\/www.labopolis.com\/#website\"},\"primaryImageOfPage\":{\"@id\":\"https:\/\/www.labopolis.com\/producto\/microscopio-trinocular-levenhuk-med-10t\/#primaryimage\"},\"image\":{\"@id\":\"https:\/\/www.labopolis.com\/producto\/microscopio-trinocular-levenhuk-med-10t\/#primaryimage\"},\"thumbnailUrl\":\"https:\/\/www.labopolis.com\/wp-content\/uploads\/2023\/07\/73985_levenhuk-trinocular-microscope-med-10t_00.jpg\",\"datePublished\":\"2023-07-10T11:40:32+00:00\",\"dateModified\":\"2026-03-24T09:13:27+00:00\",\"description\":\"Microscopio trinocular Levenhuk MED 10T Caracter\u00edsticas: Microscopio de laboratorio con una ampliaci\u00f3n de 40\u20131000x Cabezal trinocular giratorio 360\u00b0, con inclinaci\u00f3n de 30\u00b0 \u00d3ptica acrom\u00e1tica con revestimiento antif\u00fangico L\u00e1mpara LED inferior de 5 W con ajuste del brillo Alimentado por una fuente de alimentaci\u00f3n CA El kit incluye: Base de microscopio y pedestal Cabezal trinocular rotatorio 360\u00b0 Lentes objetivo acrom\u00e1ticas: 4\u0445, 10\u0445, 40xs, 100\u0445s (inmersi\u00f3n en aceite) con revestimiento antif\u00fangico Oculares de campo de visi\u00f3n amplio: WF10x \/ 18 mm con revestimiento antif\u00fangico (2 unidades) Condensador Abbe N.A. 1,25 con diafragma iris y soporte para filtros Filtros: azul, verde, amarillo Tubo de aceite de inmersi\u00f3n Fusible (2 unidades) Cable de alimentaci\u00f3n para microscopio Cubierta protectora Adaptador de c\u00e1mara Manual de usuario y garant\u00eda de por vida\",\"breadcrumb\":{\"@id\":\"https:\/\/www.labopolis.com\/producto\/microscopio-trinocular-levenhuk-med-10t\/#breadcrumb\"},\"inLanguage\":\"en-US\",\"potentialAction\":[{\"@type\":\"ReadAction\",\"target\":[\"https:\/\/www.labopolis.com\/producto\/microscopio-trinocular-levenhuk-med-10t\/\"]}]},{\"@type\":\"ImageObject\",\"inLanguage\":\"en-US\",\"@id\":\"https:\/\/www.labopolis.com\/producto\/microscopio-trinocular-levenhuk-med-10t\/#primaryimage\",\"url\":\"https:\/\/www.labopolis.com\/wp-content\/uploads\/2023\/07\/73985_levenhuk-trinocular-microscope-med-10t_00.jpg\",\"contentUrl\":\"https:\/\/www.labopolis.com\/wp-content\/uploads\/2023\/07\/73985_levenhuk-trinocular-microscope-med-10t_00.jpg\",\"width\":1421,\"height\":2000,\"caption\":\"Producto\"},{\"@type\":\"BreadcrumbList\",\"@id\":\"https:\/\/www.labopolis.com\/producto\/microscopio-trinocular-levenhuk-med-10t\/#breadcrumb\",\"itemListElement\":[{\"@type\":\"ListItem\",\"position\":1,\"name\":\"Portada\",\"item\":\"https:\/\/www.labopolis.com\/\"},{\"@type\":\"ListItem\",\"position\":2,\"name\":\"Productos\",\"item\":\"https:\/\/www.labopolis.com\/shop\/\"},{\"@type\":\"ListItem\",\"position\":3,\"name\":\"Microscopio trinocular Levenhuk MED 10T\"}]},{\"@type\":\"WebSite\",\"@id\":\"https:\/\/www.labopolis.com\/#website\",\"url\":\"https:\/\/www.labopolis.com\/\",\"name\":\"Labopolis\",\"description\":\"\",\"potentialAction\":[{\"@type\":\"SearchAction\",\"target\":{\"@type\":\"EntryPoint\",\"urlTemplate\":\"https:\/\/www.labopolis.com\/?s={search_term_string}\"},\"query-input\":{\"@type\":\"PropertyValueSpecification\",\"valueRequired\":true,\"valueName\":\"search_term_string\"}}],\"inLanguage\":\"en-US\"}]}<\/script>\n<!-- \/ Yoast SEO plugin. -->","yoast_head_json":{"title":"Levenhuk MED 10T trinocular microscope - Labopolis","description":"Levenhuk MED 10T Trinocular Microscope Features:Laboratory microscope with 40-1000x magnification Trinocular head rotatable 360\u00b0, 30\u00b0 inclination Achromatic optics with antifungus coating 5 W bottom LED lamp with brightness adjustment Powered by AC power supply Kit includes:   Microscope base and pedestal 360\u00b0 rotatable trinocular head Achromatic objective lenses: 4\u0445, 10\u0445, 40xs, 100\u0445s (oil immersion) with antifungal coating Wide field of view eyepieces: WF10x \/ 18 mm with antifungal coating (2 pcs.) Abbe condenser N.A. 1.25 with iris diaphragm and filter holder Filters: blue, green, yellow Immersion oil tube Fuse (2 pcs.) Microscope power cord Protective cover Camera adapter User's manual and lifetime warranty","robots":{"index":"index","follow":"follow","max-snippet":"max-snippet:-1","max-image-preview":"max-image-preview:large","max-video-preview":"max-video-preview:-1"},"canonical":"https:\/\/www.labopolis.com\/en\/product\/microscopio-trinocular-levenhuk-med-10t\/","og_locale":"en_US","og_type":"article","og_title":"Microscopio trinocular Levenhuk MED 10T - Labopolis","og_description":"Microscopio trinocular Levenhuk MED 10T Caracter\u00edsticas:   Microscopio de laboratorio con una ampliaci\u00f3n de 40\u20131000x  Cabezal trinocular giratorio 360\u00b0, con inclinaci\u00f3n de 30\u00b0  \u00d3ptica acrom\u00e1tica con revestimiento antif\u00fangico  L\u00e1mpara LED inferior de 5 W con ajuste del brillo  Alimentado por una fuente de alimentaci\u00f3n CA  El kit incluye:   Base de microscopio y pedestal  Cabezal trinocular rotatorio 360\u00b0  Lentes objetivo acrom\u00e1ticas: 4\u0445, 10\u0445, 40xs, 100\u0445s (inmersi\u00f3n en aceite) con revestimiento antif\u00fangico  Oculares de campo de visi\u00f3n amplio: WF10x \/ 18 mm con revestimiento antif\u00fangico (2 unidades)  Condensador Abbe N.A. 1,25 con diafragma iris y soporte para filtros  Filtros: azul, verde, amarillo  Tubo de aceite de inmersi\u00f3n  Fusible (2 unidades)  Cable de alimentaci\u00f3n para microscopio  Cubierta protectora  Adaptador de c\u00e1mara  Manual de usuario y garant\u00eda de por vida","og_url":"https:\/\/www.labopolis.com\/en\/product\/microscopio-trinocular-levenhuk-med-10t\/","og_site_name":"Labopolis","article_publisher":"https:\/\/www.facebook.com\/profile.php?id=100063251679439","article_modified_time":"2026-03-24T09:13:27+00:00","og_image":[{"width":1421,"height":2000,"url":"https:\/\/www.labopolis.com\/wp-content\/uploads\/2023\/07\/73985_levenhuk-trinocular-microscope-med-10t_00.jpg","type":"image\/jpeg"}],"twitter_card":"summary_large_image","twitter_site":"@Labopolis","twitter_misc":{"Est. reading time":"2 minutes"},"schema":{"@context":"https:\/\/schema.org","@graph":[{"@type":"WebPage","@id":"https:\/\/www.labopolis.com\/producto\/microscopio-trinocular-levenhuk-med-10t\/","url":"https:\/\/www.labopolis.com\/producto\/microscopio-trinocular-levenhuk-med-10t\/","name":"Levenhuk MED 10T trinocular microscope - Labopolis","isPartOf":{"@id":"https:\/\/www.labopolis.com\/#website"},"primaryImageOfPage":{"@id":"https:\/\/www.labopolis.com\/producto\/microscopio-trinocular-levenhuk-med-10t\/#primaryimage"},"image":{"@id":"https:\/\/www.labopolis.com\/producto\/microscopio-trinocular-levenhuk-med-10t\/#primaryimage"},"thumbnailUrl":"https:\/\/www.labopolis.com\/wp-content\/uploads\/2023\/07\/73985_levenhuk-trinocular-microscope-med-10t_00.jpg","datePublished":"2023-07-10T11:40:32+00:00","dateModified":"2026-03-24T09:13:27+00:00","description":"Levenhuk MED 10T Trinocular Microscope Features:Laboratory microscope with 40-1000x magnification Trinocular head rotatable 360\u00b0, 30\u00b0 inclination Achromatic optics with antifungus coating 5 W bottom LED lamp with brightness adjustment Powered by AC power supply Kit includes: Microscope base and pedestal 360\u00b0 rotatable trinocular head Achromatic objective lenses: 4\u0445, 10\u0445, 40xs, 100\u0445s (oil immersion) with antifungal coating Wide field of view eyepieces: WF10x \/ 18 mm with antifungal coating (2 pcs.) Abbe condenser N.A. 1.25 with iris diaphragm and filter holder Filters: blue, green, yellow Immersion oil tube Fuse (2 pcs.) Microscope power cord Protective cover Camera adapter User's manual and lifetime warranty","breadcrumb":{"@id":"https:\/\/www.labopolis.com\/producto\/microscopio-trinocular-levenhuk-med-10t\/#breadcrumb"},"inLanguage":"en-US","potentialAction":[{"@type":"ReadAction","target":["https:\/\/www.labopolis.com\/producto\/microscopio-trinocular-levenhuk-med-10t\/"]}]},{"@type":"ImageObject","inLanguage":"en-US","@id":"https:\/\/www.labopolis.com\/producto\/microscopio-trinocular-levenhuk-med-10t\/#primaryimage","url":"https:\/\/www.labopolis.com\/wp-content\/uploads\/2023\/07\/73985_levenhuk-trinocular-microscope-med-10t_00.jpg","contentUrl":"https:\/\/www.labopolis.com\/wp-content\/uploads\/2023\/07\/73985_levenhuk-trinocular-microscope-med-10t_00.jpg","width":1421,"height":2000,"caption":"Producto"},{"@type":"BreadcrumbList","@id":"https:\/\/www.labopolis.com\/producto\/microscopio-trinocular-levenhuk-med-10t\/#breadcrumb","itemListElement":[{"@type":"ListItem","position":1,"name":"Portada","item":"https:\/\/www.labopolis.com\/"},{"@type":"ListItem","position":2,"name":"Productos","item":"https:\/\/www.labopolis.com\/shop\/"},{"@type":"ListItem","position":3,"name":"Microscopio trinocular Levenhuk MED 10T"}]},{"@type":"WebSite","@id":"https:\/\/www.labopolis.com\/#website","url":"https:\/\/www.labopolis.com\/","name":"Labopolis","description":"","potentialAction":[{"@type":"SearchAction","target":{"@type":"EntryPoint","urlTemplate":"https:\/\/www.labopolis.com\/?s={search_term_string}"},"query-input":{"@type":"PropertyValueSpecification","valueRequired":true,"valueName":"search_term_string"}}],"inLanguage":"en-US"}]}},"_links":{"self":[{"href":"https:\/\/www.labopolis.com\/en\/wp-json\/wp\/v2\/product\/2702","targetHints":{"allow":["GET"]}}],"collection":[{"href":"https:\/\/www.labopolis.com\/en\/wp-json\/wp\/v2\/product"}],"about":[{"href":"https:\/\/www.labopolis.com\/en\/wp-json\/wp\/v2\/types\/product"}],"replies":[{"embeddable":true,"href":"https:\/\/www.labopolis.com\/en\/wp-json\/wp\/v2\/comments?post=2702"}],"wp:featuredmedia":[{"embeddable":true,"href":"https:\/\/www.labopolis.com\/en\/wp-json\/wp\/v2\/media\/2730"}],"wp:attachment":[{"href":"https:\/\/www.labopolis.com\/en\/wp-json\/wp\/v2\/media?parent=2702"}],"wp:term":[{"taxonomy":"product_brand","embeddable":true,"href":"https:\/\/www.labopolis.com\/en\/wp-json\/wp\/v2\/product_brand?post=2702"},{"taxonomy":"product_cat","embeddable":true,"href":"https:\/\/www.labopolis.com\/en\/wp-json\/wp\/v2\/product_cat?post=2702"},{"taxonomy":"product_tag","embeddable":true,"href":"https:\/\/www.labopolis.com\/en\/wp-json\/wp\/v2\/product_tag?post=2702"}],"curies":[{"name":"wp","href":"https:\/\/api.w.org\/{rel}","templated":true}]}}