{"id":2693,"date":"2023-07-10T11:40:30","date_gmt":"2023-07-10T11:40:30","guid":{"rendered":"https:\/\/www.labopolis.com\/?post_type=product&#038;p=2693"},"modified":"2026-03-24T09:47:39","modified_gmt":"2026-03-24T09:47:39","slug":"microscopio-digital-levenhuk-dtx-90","status":"publish","type":"product","link":"https:\/\/www.labopolis.com\/en\/product\/microscopio-digital-levenhuk-dtx-90\/","title":{"rendered":"Levenhuk DTX 90 Digital Microscope"},"content":{"rendered":"<p>The modern Levenhuk DTX 90 USB microscope is used for high precision work. The microscope has a 5 Mpx camera and offers magnifications in the range 10x - 300x. It has a special tripod and a stage with measuring scale (8 cm on the x-axis and 7 cm on the y-axis) and two clamps for fixing the specimen under the camera.<\/p>\n<p>The Levenhuk DTX 90 digital microscope allows you to obtain high quality and high resolution images. The microscope is connected to the PC or laptop via a conventional USB 2.0 cable. Observation of samples and editing of captured images is performed with easy-to-use processing software included in the kit. In addition to the image editing capabilities that allow capturing and editing images and videos, the software can measure linear distances, perimeters, radii and different angles on the observed samples.<\/p>\n<p>The Levenhuk DTX 90 is very easy to use and does not require any special knowledge or skills. Due to its compact size, this microscope is very suitable for home use. If necessary, the digital camera can be retracted and used without the tripod.<\/p>\n<p>The body of the microscope is reinforced with rubber, so it is pleasant to the touch and easy to hold, preventing it from slipping out of your hands.<\/p>\n<p><b>Characteristics:<\/b><\/p>\n<ul class=\"vikas-list-u\">\n<li>USB digital microscope with professional tripod<\/li>\n<li>Retractable 5 Mpx digital camera<\/li>\n<li>USB power supply<\/li>\n<li>8 white LEDs with adjustable brightness<\/li>\n<li>Possibility to take photos and videos<\/li>\n<li>Includes special software for measuring linear distances, areas, angles and radii of studied samples<\/li>\n<li>Wide range of applications<\/li>\n<li>Ease of use<\/li>\n<li>Compatible with Windows 7\/8\/10, Mac 10.12 and later<\/li>\n<\/ul>\n<p><b>The kit includes:<\/b><\/p>\n<ul class=\"vikas-list-u\">\n<li>Levenhuk DTX 90 Digital Microscope<\/li>\n<li>Professional tripod<\/li>\n<li>Platen with measurement scale<\/li>\n<li>Calibration scale<\/li>\n<li>Installation CD<\/li>\n<li>USB cable<\/li>\n<li>Instruction manual and lifetime warranty<\/li>\n<\/ul>\n<p><b>Software usage recommendations.<\/b><br \/>\nFor the program to work properly start the installed application only when the microscope is connected to the PC and ready for observations.<\/p>\n<p>The Levenhuk DTX 90 digital microscope is not compatible with external digital cameras.<\/p>","protected":false},"excerpt":{"rendered":"<p><strong>Levenhuk DTX 90 Digital Microscope<\/strong><\/p>\n<p><b>Characteristics: <\/b>USB digital microscope with professional tripod, retractable 5 Mpx digital camera, USB power supply, 8 white LEDs with adjustable brightness, possibility to take photos and videos, includes special software to measure linear distances, areas, angles and radii of studied samples, wide range of applications, ease of use, compatible with Windows 7\/8\/10, Mac 10.12 and later.<\/p>\n<p><b>The kit includes: <\/b>Levenhuk DTX 90 Digital Microscope, professional tripod, stage with measurement scale, calibration scale, installation CD, USB cable, instruction manual and lifetime warranty.<\/p>","protected":false},"featured_media":2713,"comment_status":"open","ping_status":"closed","template":"","meta":[],"product_brand":[],"product_cat":[23,160,165],"product_tag":[],"class_list":{"0":"post-2693","1":"product","2":"type-product","3":"status-publish","4":"has-post-thumbnail","6":"product_cat-laboratorio","7":"product_cat-microscopios","8":"product_cat-microscopios-educacion","10":"first","11":"instock","12":"taxable","13":"shipping-taxable","14":"purchasable","15":"product-type-simple"},"yoast_head":"<!-- This site is optimized with the Yoast SEO plugin v27.2 - https:\/\/yoast.com\/product\/yoast-seo-wordpress\/ -->\n<title>Microscopio Digital Levenhuk DTX 90 - Labopolis<\/title>\n<meta name=\"description\" content=\"Microscopio Digital Levenhuk DTX 90  Caracter\u00edsticas: Microscopio digital USB con tr\u00edpode profesional, c\u00e1mara digital de 5 Mpx retractable, fuente de alimentaci\u00f3n mediante USB, 8 LEDs blancos con brillo ajustable, posibilidad de tomar fotos y v\u00eddeos, incluye un software especial para medir distancias lineares, \u00e1reas, \u00e1ngulos y radios de muestras estudiadas, amplio rango de aplicaciones, facilidad de uso, compatible con Windows 7\/8\/10, Mac 10.12 y posterior.  El kit incluye: Microscopio Digital Levenhuk DTX 90, tr\u00edpode profesional, platina con escala de medidas, escala de calibrado, CD de instalaci\u00f3n, cable USB, manual de instrucciones y garant\u00eda de por vida.\" \/>\n<meta name=\"robots\" content=\"index, follow, max-snippet:-1, max-image-preview:large, max-video-preview:-1\" \/>\n<link rel=\"canonical\" href=\"https:\/\/www.labopolis.com\/en\/product\/microscopio-digital-levenhuk-dtx-90\/\" \/>\n<meta property=\"og:locale\" content=\"en_US\" \/>\n<meta property=\"og:type\" content=\"article\" \/>\n<meta property=\"og:title\" content=\"Microscopio Digital Levenhuk DTX 90 - Labopolis\" \/>\n<meta property=\"og:description\" content=\"Microscopio Digital Levenhuk DTX 90  Caracter\u00edsticas: Microscopio digital USB con tr\u00edpode profesional, c\u00e1mara digital de 5 Mpx retractable, fuente de alimentaci\u00f3n mediante USB, 8 LEDs blancos con brillo ajustable, posibilidad de tomar fotos y v\u00eddeos, incluye un software especial para medir distancias lineares, \u00e1reas, \u00e1ngulos y radios de muestras estudiadas, amplio rango de aplicaciones, facilidad de uso, compatible con Windows 7\/8\/10, Mac 10.12 y posterior.  El kit incluye: Microscopio Digital Levenhuk DTX 90, tr\u00edpode profesional, platina con escala de medidas, escala de calibrado, CD de instalaci\u00f3n, cable USB, manual de instrucciones y garant\u00eda de por vida.\" \/>\n<meta property=\"og:url\" content=\"https:\/\/www.labopolis.com\/en\/product\/microscopio-digital-levenhuk-dtx-90\/\" \/>\n<meta property=\"og:site_name\" content=\"Labopolis\" \/>\n<meta property=\"article:publisher\" content=\"https:\/\/www.facebook.com\/profile.php?id=100063251679439\" \/>\n<meta property=\"article:modified_time\" content=\"2026-03-24T09:47:39+00:00\" \/>\n<meta property=\"og:image\" content=\"https:\/\/www.labopolis.com\/wp-content\/uploads\/2023\/07\/levenhuk-microscope-dtx-90.jpg\" \/>\n\t<meta property=\"og:image:width\" content=\"948\" \/>\n\t<meta property=\"og:image:height\" content=\"1000\" \/>\n\t<meta property=\"og:image:type\" content=\"image\/jpeg\" \/>\n<meta name=\"twitter:card\" content=\"summary_large_image\" \/>\n<meta name=\"twitter:site\" content=\"@Labopolis\" \/>\n<meta name=\"twitter:label1\" content=\"Est. reading time\" \/>\n\t<meta name=\"twitter:data1\" content=\"2 minutes\" \/>\n<script type=\"application\/ld+json\" class=\"yoast-schema-graph\">{\"@context\":\"https:\/\/schema.org\",\"@graph\":[{\"@type\":\"WebPage\",\"@id\":\"https:\/\/www.labopolis.com\/producto\/microscopio-digital-levenhuk-dtx-90\/\",\"url\":\"https:\/\/www.labopolis.com\/producto\/microscopio-digital-levenhuk-dtx-90\/\",\"name\":\"Microscopio Digital Levenhuk DTX 90 - Labopolis\",\"isPartOf\":{\"@id\":\"https:\/\/www.labopolis.com\/#website\"},\"primaryImageOfPage\":{\"@id\":\"https:\/\/www.labopolis.com\/producto\/microscopio-digital-levenhuk-dtx-90\/#primaryimage\"},\"image\":{\"@id\":\"https:\/\/www.labopolis.com\/producto\/microscopio-digital-levenhuk-dtx-90\/#primaryimage\"},\"thumbnailUrl\":\"https:\/\/www.labopolis.com\/wp-content\/uploads\/2023\/07\/levenhuk-microscope-dtx-90.jpg\",\"datePublished\":\"2023-07-10T11:40:30+00:00\",\"dateModified\":\"2026-03-24T09:47:39+00:00\",\"description\":\"Microscopio Digital Levenhuk DTX 90 Caracter\u00edsticas: Microscopio digital USB con tr\u00edpode profesional, c\u00e1mara digital de 5 Mpx retractable, fuente de alimentaci\u00f3n mediante USB, 8 LEDs blancos con brillo ajustable, posibilidad de tomar fotos y v\u00eddeos, incluye un software especial para medir distancias lineares, \u00e1reas, \u00e1ngulos y radios de muestras estudiadas, amplio rango de aplicaciones, facilidad de uso, compatible con Windows 7\/8\/10, Mac 10.12 y posterior. El kit incluye: Microscopio Digital Levenhuk DTX 90, tr\u00edpode profesional, platina con escala de medidas, escala de calibrado, CD de instalaci\u00f3n, cable USB, manual de instrucciones y garant\u00eda de por vida.\",\"breadcrumb\":{\"@id\":\"https:\/\/www.labopolis.com\/producto\/microscopio-digital-levenhuk-dtx-90\/#breadcrumb\"},\"inLanguage\":\"en-US\",\"potentialAction\":[{\"@type\":\"ReadAction\",\"target\":[\"https:\/\/www.labopolis.com\/producto\/microscopio-digital-levenhuk-dtx-90\/\"]}]},{\"@type\":\"ImageObject\",\"inLanguage\":\"en-US\",\"@id\":\"https:\/\/www.labopolis.com\/producto\/microscopio-digital-levenhuk-dtx-90\/#primaryimage\",\"url\":\"https:\/\/www.labopolis.com\/wp-content\/uploads\/2023\/07\/levenhuk-microscope-dtx-90.jpg\",\"contentUrl\":\"https:\/\/www.labopolis.com\/wp-content\/uploads\/2023\/07\/levenhuk-microscope-dtx-90.jpg\",\"width\":948,\"height\":1000,\"caption\":\"Producto\"},{\"@type\":\"BreadcrumbList\",\"@id\":\"https:\/\/www.labopolis.com\/producto\/microscopio-digital-levenhuk-dtx-90\/#breadcrumb\",\"itemListElement\":[{\"@type\":\"ListItem\",\"position\":1,\"name\":\"Portada\",\"item\":\"https:\/\/www.labopolis.com\/\"},{\"@type\":\"ListItem\",\"position\":2,\"name\":\"Productos\",\"item\":\"https:\/\/www.labopolis.com\/shop\/\"},{\"@type\":\"ListItem\",\"position\":3,\"name\":\"Microscopio Digital Levenhuk DTX 90\"}]},{\"@type\":\"WebSite\",\"@id\":\"https:\/\/www.labopolis.com\/#website\",\"url\":\"https:\/\/www.labopolis.com\/\",\"name\":\"Labopolis\",\"description\":\"\",\"potentialAction\":[{\"@type\":\"SearchAction\",\"target\":{\"@type\":\"EntryPoint\",\"urlTemplate\":\"https:\/\/www.labopolis.com\/?s={search_term_string}\"},\"query-input\":{\"@type\":\"PropertyValueSpecification\",\"valueRequired\":true,\"valueName\":\"search_term_string\"}}],\"inLanguage\":\"en-US\"}]}<\/script>\n<!-- \/ Yoast SEO plugin. -->","yoast_head_json":{"title":"Microscopio Digital Levenhuk DTX 90 - Labopolis","description":"Microscopio Digital Levenhuk DTX 90  Caracter\u00edsticas: Microscopio digital USB con tr\u00edpode profesional, c\u00e1mara digital de 5 Mpx retractable, fuente de alimentaci\u00f3n mediante USB, 8 LEDs blancos con brillo ajustable, posibilidad de tomar fotos y v\u00eddeos, incluye un software especial para medir distancias lineares, \u00e1reas, \u00e1ngulos y radios de muestras estudiadas, amplio rango de aplicaciones, facilidad de uso, compatible con Windows 7\/8\/10, Mac 10.12 y posterior.  El kit incluye: Microscopio Digital Levenhuk DTX 90, tr\u00edpode profesional, platina con escala de medidas, escala de calibrado, CD de instalaci\u00f3n, cable USB, manual de instrucciones y garant\u00eda de por vida.","robots":{"index":"index","follow":"follow","max-snippet":"max-snippet:-1","max-image-preview":"max-image-preview:large","max-video-preview":"max-video-preview:-1"},"canonical":"https:\/\/www.labopolis.com\/en\/product\/microscopio-digital-levenhuk-dtx-90\/","og_locale":"en_US","og_type":"article","og_title":"Microscopio Digital Levenhuk DTX 90 - Labopolis","og_description":"Microscopio Digital Levenhuk DTX 90  Caracter\u00edsticas: Microscopio digital USB con tr\u00edpode profesional, c\u00e1mara digital de 5 Mpx retractable, fuente de alimentaci\u00f3n mediante USB, 8 LEDs blancos con brillo ajustable, posibilidad de tomar fotos y v\u00eddeos, incluye un software especial para medir distancias lineares, \u00e1reas, \u00e1ngulos y radios de muestras estudiadas, amplio rango de aplicaciones, facilidad de uso, compatible con Windows 7\/8\/10, Mac 10.12 y posterior.  El kit incluye: Microscopio Digital Levenhuk DTX 90, tr\u00edpode profesional, platina con escala de medidas, escala de calibrado, CD de instalaci\u00f3n, cable USB, manual de instrucciones y garant\u00eda de por vida.","og_url":"https:\/\/www.labopolis.com\/en\/product\/microscopio-digital-levenhuk-dtx-90\/","og_site_name":"Labopolis","article_publisher":"https:\/\/www.facebook.com\/profile.php?id=100063251679439","article_modified_time":"2026-03-24T09:47:39+00:00","og_image":[{"width":948,"height":1000,"url":"https:\/\/www.labopolis.com\/wp-content\/uploads\/2023\/07\/levenhuk-microscope-dtx-90.jpg","type":"image\/jpeg"}],"twitter_card":"summary_large_image","twitter_site":"@Labopolis","twitter_misc":{"Est. reading time":"2 minutes"},"schema":{"@context":"https:\/\/schema.org","@graph":[{"@type":"WebPage","@id":"https:\/\/www.labopolis.com\/producto\/microscopio-digital-levenhuk-dtx-90\/","url":"https:\/\/www.labopolis.com\/producto\/microscopio-digital-levenhuk-dtx-90\/","name":"Microscopio Digital Levenhuk DTX 90 - Labopolis","isPartOf":{"@id":"https:\/\/www.labopolis.com\/#website"},"primaryImageOfPage":{"@id":"https:\/\/www.labopolis.com\/producto\/microscopio-digital-levenhuk-dtx-90\/#primaryimage"},"image":{"@id":"https:\/\/www.labopolis.com\/producto\/microscopio-digital-levenhuk-dtx-90\/#primaryimage"},"thumbnailUrl":"https:\/\/www.labopolis.com\/wp-content\/uploads\/2023\/07\/levenhuk-microscope-dtx-90.jpg","datePublished":"2023-07-10T11:40:30+00:00","dateModified":"2026-03-24T09:47:39+00:00","description":"Microscopio Digital Levenhuk DTX 90 Caracter\u00edsticas: Microscopio digital USB con tr\u00edpode profesional, c\u00e1mara digital de 5 Mpx retractable, fuente de alimentaci\u00f3n mediante USB, 8 LEDs blancos con brillo ajustable, posibilidad de tomar fotos y v\u00eddeos, incluye un software especial para medir distancias lineares, \u00e1reas, \u00e1ngulos y radios de muestras estudiadas, amplio rango de aplicaciones, facilidad de uso, compatible con Windows 7\/8\/10, Mac 10.12 y posterior. El kit incluye: Microscopio Digital Levenhuk DTX 90, tr\u00edpode profesional, platina con escala de medidas, escala de calibrado, CD de instalaci\u00f3n, cable USB, manual de instrucciones y garant\u00eda de por vida.","breadcrumb":{"@id":"https:\/\/www.labopolis.com\/producto\/microscopio-digital-levenhuk-dtx-90\/#breadcrumb"},"inLanguage":"en-US","potentialAction":[{"@type":"ReadAction","target":["https:\/\/www.labopolis.com\/producto\/microscopio-digital-levenhuk-dtx-90\/"]}]},{"@type":"ImageObject","inLanguage":"en-US","@id":"https:\/\/www.labopolis.com\/producto\/microscopio-digital-levenhuk-dtx-90\/#primaryimage","url":"https:\/\/www.labopolis.com\/wp-content\/uploads\/2023\/07\/levenhuk-microscope-dtx-90.jpg","contentUrl":"https:\/\/www.labopolis.com\/wp-content\/uploads\/2023\/07\/levenhuk-microscope-dtx-90.jpg","width":948,"height":1000,"caption":"Producto"},{"@type":"BreadcrumbList","@id":"https:\/\/www.labopolis.com\/producto\/microscopio-digital-levenhuk-dtx-90\/#breadcrumb","itemListElement":[{"@type":"ListItem","position":1,"name":"Portada","item":"https:\/\/www.labopolis.com\/"},{"@type":"ListItem","position":2,"name":"Productos","item":"https:\/\/www.labopolis.com\/shop\/"},{"@type":"ListItem","position":3,"name":"Microscopio Digital Levenhuk DTX 90"}]},{"@type":"WebSite","@id":"https:\/\/www.labopolis.com\/#website","url":"https:\/\/www.labopolis.com\/","name":"Labopolis","description":"","potentialAction":[{"@type":"SearchAction","target":{"@type":"EntryPoint","urlTemplate":"https:\/\/www.labopolis.com\/?s={search_term_string}"},"query-input":{"@type":"PropertyValueSpecification","valueRequired":true,"valueName":"search_term_string"}}],"inLanguage":"en-US"}]}},"_links":{"self":[{"href":"https:\/\/www.labopolis.com\/en\/wp-json\/wp\/v2\/product\/2693","targetHints":{"allow":["GET"]}}],"collection":[{"href":"https:\/\/www.labopolis.com\/en\/wp-json\/wp\/v2\/product"}],"about":[{"href":"https:\/\/www.labopolis.com\/en\/wp-json\/wp\/v2\/types\/product"}],"replies":[{"embeddable":true,"href":"https:\/\/www.labopolis.com\/en\/wp-json\/wp\/v2\/comments?post=2693"}],"wp:featuredmedia":[{"embeddable":true,"href":"https:\/\/www.labopolis.com\/en\/wp-json\/wp\/v2\/media\/2713"}],"wp:attachment":[{"href":"https:\/\/www.labopolis.com\/en\/wp-json\/wp\/v2\/media?parent=2693"}],"wp:term":[{"taxonomy":"product_brand","embeddable":true,"href":"https:\/\/www.labopolis.com\/en\/wp-json\/wp\/v2\/product_brand?post=2693"},{"taxonomy":"product_cat","embeddable":true,"href":"https:\/\/www.labopolis.com\/en\/wp-json\/wp\/v2\/product_cat?post=2693"},{"taxonomy":"product_tag","embeddable":true,"href":"https:\/\/www.labopolis.com\/en\/wp-json\/wp\/v2\/product_tag?post=2693"}],"curies":[{"name":"wp","href":"https:\/\/api.w.org\/{rel}","templated":true}]}}