{"id":2681,"date":"2023-07-10T11:40:29","date_gmt":"2023-07-10T11:40:29","guid":{"rendered":"https:\/\/www.labopolis.com\/?post_type=product&#038;p=2681"},"modified":"2026-03-24T09:26:43","modified_gmt":"2026-03-24T09:26:43","slug":"microscopios-levenhuk-rainbow-50l-plus","status":"publish","type":"product","link":"https:\/\/www.labopolis.com\/en\/product\/microscopios-levenhuk-rainbow-50l-plus\/","title":{"rendered":"LEVENHUK RAINBOW 50L Plus Microscopes"},"content":{"rendered":"<p>Levenhuk Rainbow 50L PLUS, the perfect combination of beautiful design, excellent optics and ergonomic body. Like other models in the Levenhuk Rainbow family, these microscopes are ideal for young researchers. Each model comes with a Levenhuk K50 experiment kit with everything you need to explore the mysteries of the microcosm.<\/p>\n<p>With their improved optics and wide magnification range, Levenhuk Rainbow 50L PLUS microscopes are suitable for biology students and laboratory technicians. The microscopes feature multi-coated optics and a universal illumination system that allows transparent, opaque and translucent samples to be observed.<\/p>\n<p>The distinctive feature of these microscopes is that they have high magnifications. Thanks to the 2x Barlow lens you can achieve magnifications of 64x, 128x, 160x, 320x, 640x, and even 1280x! Levenhuk Rainbow 50L PLUS microscopes are equipped with a spring-loaded lens, so that if the lens touches the slide while focusing, the spring will protect the optics from being damaged. The body of these microscopes is metal and durable, which ensures that they will have a long life even when used continuously in schools, universities or medical laboratories.<\/p>\n<p>Each microscope is delivered with a plastic protective case, which protects the instrument from dust and mechanical damage. The Levenhuk D50L PLUS is a quality digital microscope designed for taking pictures and videos, allowing you to share the results of your studies with friends, co-workers and family members.<\/p>\n<p>The Levenhuk Rainbow 50L PLUS microscope is available in 5 vibrant colors.<\/p>\n<p>The kit includes three objectives. The highest magnification objective (40xs) is equipped with a spring that protects the lens. Even in the event that you lower the objective too far, touching the specimen, the objective will retract, preventing damage to the lens. The kit also includes a 2x Barlow lens, which doubles the magnification. The standard microscope configuration provides magnifications of 64x, 128x, 160x, 320x, 640x and 1280x!<\/p>\n<p><strong>Characteristics:<\/strong><\/p>\n<ul>\n<li>Biological microscope with magnifications between 64-1280x<\/li>\n<li>2x Barlow lens included<\/li>\n<li>Available in five bright colors<\/li>\n<li>Robust and durable metal body<\/li>\n<li>Top and bottom lighting<\/li>\n<li>With experiment kit included<\/li>\n<li>Supplied in a practical plastic case<\/li>\n<\/ul>\n<p><strong>The kit includes:<\/strong><\/p>\n<ul>\n<li>Microscope<\/li>\n<li>Objetives: 4x, 10x and 40xs<\/li>\n<li>Eyepiece: WF16x<\/li>\n<li>2x Barlow lens<\/li>\n<li>Platen with clips<\/li>\n<li>Disc diaphragm<\/li>\n<li>Capacitor<\/li>\n<li>Built-in LED top and bottom lighting<\/li>\n<li>Power adapter<\/li>\n<li>2 AA batteries<\/li>\n<li>Plastic box<\/li>\n<li>Levenhuk K50 Experiment Kit<\/li>\n<li>Instruction manual and lifetime warranty<\/li>\n<\/ul>\n<p><strong>The Levenhuk K50 experiment kit includes:<\/strong><\/p>\n<ul>\n<li>User's manual \"Fascinating microscope. Study of the microcosm\"<\/li>\n<li>Pipette<\/li>\n<li>Tweezers<\/li>\n<li>Incubator for artemia eggs<\/li>\n<li>Container with artemia<\/li>\n<li>Microtome<\/li>\n<li>Yeast container<\/li>\n<li>Container with sea salt<\/li>\n<li>Container with glue<\/li>\n<li>Empty glass slides (5 pieces)<\/li>\n<li>5 samples: fly leg, onion, cotton stalk, tree trunk sample, pine wood cut, etc.<\/li>\n<li>Dust cover<\/li>\n<\/ul>","protected":false},"excerpt":{"rendered":"<p><strong>LEVENHUK RAINBOW 50L Plus Microscopes<\/strong><\/p>\n<p>Features: Biological microscope with magnification 64-1280x, 2x Barlow lens included, available in five bright colors, metal body, robust and durable, top and bottom illumination, with experiment kit included, delivered in a practical plastic case. The microscope is delivered in a practical and reliable plastic case. This case protects the microscope against impact and dust.<\/p>","protected":false},"featured_media":2707,"comment_status":"open","ping_status":"closed","template":"","meta":[],"product_brand":[],"product_cat":[23,160,165],"product_tag":[],"class_list":{"0":"post-2681","1":"product","2":"type-product","3":"status-publish","4":"has-post-thumbnail","6":"product_cat-laboratorio","7":"product_cat-microscopios","8":"product_cat-microscopios-educacion","10":"first","11":"instock","12":"taxable","13":"shipping-taxable","14":"purchasable","15":"product-type-variable"},"yoast_head":"<!-- This site is optimized with the Yoast SEO plugin v27.2 - https:\/\/yoast.com\/product\/yoast-seo-wordpress\/ -->\n<title>Microscopios LEVENHUK RAINBOW 50L Plus - Labopolis<\/title>\n<meta name=\"description\" content=\"Microscopios LEVENHUK RAINBOW 50L Plus  Caracter\u00edsticas: Microscopio biol\u00f3gico con aumentos entre 64-1280x, lente de Barlow 2x incluida, disponible en cinco vistosos colores, cuerpo met\u00e1lico, robusto y duradero, iluminaci\u00f3n superior e inferior, con kit de experimentos incluido, se entrega con un pr\u00e1ctico estuche de pl\u00e1stico. El microscopio se entrega en un pr\u00e1ctico y fiable estuche de pl\u00e1stico. Este estuche protege el microscopio frente a impactos y del polvo.\" \/>\n<meta name=\"robots\" content=\"index, follow, max-snippet:-1, max-image-preview:large, max-video-preview:-1\" \/>\n<link rel=\"canonical\" href=\"https:\/\/www.labopolis.com\/en\/product\/microscopios-levenhuk-rainbow-50l-plus\/\" \/>\n<meta property=\"og:locale\" content=\"en_US\" \/>\n<meta property=\"og:type\" content=\"article\" \/>\n<meta property=\"og:title\" content=\"Microscopios LEVENHUK RAINBOW 50L Plus - Labopolis\" \/>\n<meta property=\"og:description\" content=\"Microscopios LEVENHUK RAINBOW 50L Plus  Caracter\u00edsticas: Microscopio biol\u00f3gico con aumentos entre 64-1280x, lente de Barlow 2x incluida, disponible en cinco vistosos colores, cuerpo met\u00e1lico, robusto y duradero, iluminaci\u00f3n superior e inferior, con kit de experimentos incluido, se entrega con un pr\u00e1ctico estuche de pl\u00e1stico. El microscopio se entrega en un pr\u00e1ctico y fiable estuche de pl\u00e1stico. Este estuche protege el microscopio frente a impactos y del polvo.\" \/>\n<meta property=\"og:url\" content=\"https:\/\/www.labopolis.com\/en\/product\/microscopios-levenhuk-rainbow-50l-plus\/\" \/>\n<meta property=\"og:site_name\" content=\"Labopolis\" \/>\n<meta property=\"article:publisher\" content=\"https:\/\/www.facebook.com\/profile.php?id=100063251679439\" \/>\n<meta property=\"article:modified_time\" content=\"2026-03-24T09:26:43+00:00\" \/>\n<meta property=\"og:image\" content=\"https:\/\/www.labopolis.com\/wp-content\/uploads\/2023\/07\/LVH-microscopes-Rainbow-50L-PLUS.jpg\" \/>\n\t<meta property=\"og:image:width\" content=\"1000\" \/>\n\t<meta property=\"og:image:height\" content=\"800\" \/>\n\t<meta property=\"og:image:type\" content=\"image\/jpeg\" \/>\n<meta name=\"twitter:card\" content=\"summary_large_image\" \/>\n<meta name=\"twitter:site\" content=\"@Labopolis\" \/>\n<meta name=\"twitter:label1\" content=\"Est. reading time\" \/>\n\t<meta name=\"twitter:data1\" content=\"3 minutes\" \/>\n<script type=\"application\/ld+json\" class=\"yoast-schema-graph\">{\"@context\":\"https:\/\/schema.org\",\"@graph\":[{\"@type\":\"WebPage\",\"@id\":\"https:\/\/www.labopolis.com\/producto\/microscopios-levenhuk-rainbow-50l-plus\/\",\"url\":\"https:\/\/www.labopolis.com\/producto\/microscopios-levenhuk-rainbow-50l-plus\/\",\"name\":\"Microscopios LEVENHUK RAINBOW 50L Plus - Labopolis\",\"isPartOf\":{\"@id\":\"https:\/\/www.labopolis.com\/#website\"},\"primaryImageOfPage\":{\"@id\":\"https:\/\/www.labopolis.com\/producto\/microscopios-levenhuk-rainbow-50l-plus\/#primaryimage\"},\"image\":{\"@id\":\"https:\/\/www.labopolis.com\/producto\/microscopios-levenhuk-rainbow-50l-plus\/#primaryimage\"},\"thumbnailUrl\":\"https:\/\/www.labopolis.com\/wp-content\/uploads\/2023\/07\/LVH-microscopes-Rainbow-50L-PLUS.jpg\",\"datePublished\":\"2023-07-10T11:40:29+00:00\",\"dateModified\":\"2026-03-24T09:26:43+00:00\",\"description\":\"Microscopios LEVENHUK RAINBOW 50L Plus Caracter\u00edsticas: Microscopio biol\u00f3gico con aumentos entre 64-1280x, lente de Barlow 2x incluida, disponible en cinco vistosos colores, cuerpo met\u00e1lico, robusto y duradero, iluminaci\u00f3n superior e inferior, con kit de experimentos incluido, se entrega con un pr\u00e1ctico estuche de pl\u00e1stico. El microscopio se entrega en un pr\u00e1ctico y fiable estuche de pl\u00e1stico. Este estuche protege el microscopio frente a impactos y del polvo.\",\"breadcrumb\":{\"@id\":\"https:\/\/www.labopolis.com\/producto\/microscopios-levenhuk-rainbow-50l-plus\/#breadcrumb\"},\"inLanguage\":\"en-US\",\"potentialAction\":[{\"@type\":\"ReadAction\",\"target\":[\"https:\/\/www.labopolis.com\/producto\/microscopios-levenhuk-rainbow-50l-plus\/\"]}]},{\"@type\":\"ImageObject\",\"inLanguage\":\"en-US\",\"@id\":\"https:\/\/www.labopolis.com\/producto\/microscopios-levenhuk-rainbow-50l-plus\/#primaryimage\",\"url\":\"https:\/\/www.labopolis.com\/wp-content\/uploads\/2023\/07\/LVH-microscopes-Rainbow-50L-PLUS.jpg\",\"contentUrl\":\"https:\/\/www.labopolis.com\/wp-content\/uploads\/2023\/07\/LVH-microscopes-Rainbow-50L-PLUS.jpg\",\"width\":1000,\"height\":800,\"caption\":\"Producto\"},{\"@type\":\"BreadcrumbList\",\"@id\":\"https:\/\/www.labopolis.com\/producto\/microscopios-levenhuk-rainbow-50l-plus\/#breadcrumb\",\"itemListElement\":[{\"@type\":\"ListItem\",\"position\":1,\"name\":\"Portada\",\"item\":\"https:\/\/www.labopolis.com\/\"},{\"@type\":\"ListItem\",\"position\":2,\"name\":\"Productos\",\"item\":\"https:\/\/www.labopolis.com\/shop\/\"},{\"@type\":\"ListItem\",\"position\":3,\"name\":\"Microscopios LEVENHUK RAINBOW 50L Plus\"}]},{\"@type\":\"WebSite\",\"@id\":\"https:\/\/www.labopolis.com\/#website\",\"url\":\"https:\/\/www.labopolis.com\/\",\"name\":\"Labopolis\",\"description\":\"\",\"potentialAction\":[{\"@type\":\"SearchAction\",\"target\":{\"@type\":\"EntryPoint\",\"urlTemplate\":\"https:\/\/www.labopolis.com\/?s={search_term_string}\"},\"query-input\":{\"@type\":\"PropertyValueSpecification\",\"valueRequired\":true,\"valueName\":\"search_term_string\"}}],\"inLanguage\":\"en-US\"}]}<\/script>\n<!-- \/ Yoast SEO plugin. -->","yoast_head_json":{"title":"Microscopios LEVENHUK RAINBOW 50L Plus - Labopolis","description":"Microscopios LEVENHUK RAINBOW 50L Plus  Caracter\u00edsticas: Microscopio biol\u00f3gico con aumentos entre 64-1280x, lente de Barlow 2x incluida, disponible en cinco vistosos colores, cuerpo met\u00e1lico, robusto y duradero, iluminaci\u00f3n superior e inferior, con kit de experimentos incluido, se entrega con un pr\u00e1ctico estuche de pl\u00e1stico. El microscopio se entrega en un pr\u00e1ctico y fiable estuche de pl\u00e1stico. Este estuche protege el microscopio frente a impactos y del polvo.","robots":{"index":"index","follow":"follow","max-snippet":"max-snippet:-1","max-image-preview":"max-image-preview:large","max-video-preview":"max-video-preview:-1"},"canonical":"https:\/\/www.labopolis.com\/en\/product\/microscopios-levenhuk-rainbow-50l-plus\/","og_locale":"en_US","og_type":"article","og_title":"Microscopios LEVENHUK RAINBOW 50L Plus - Labopolis","og_description":"Microscopios LEVENHUK RAINBOW 50L Plus  Caracter\u00edsticas: Microscopio biol\u00f3gico con aumentos entre 64-1280x, lente de Barlow 2x incluida, disponible en cinco vistosos colores, cuerpo met\u00e1lico, robusto y duradero, iluminaci\u00f3n superior e inferior, con kit de experimentos incluido, se entrega con un pr\u00e1ctico estuche de pl\u00e1stico. El microscopio se entrega en un pr\u00e1ctico y fiable estuche de pl\u00e1stico. Este estuche protege el microscopio frente a impactos y del polvo.","og_url":"https:\/\/www.labopolis.com\/en\/product\/microscopios-levenhuk-rainbow-50l-plus\/","og_site_name":"Labopolis","article_publisher":"https:\/\/www.facebook.com\/profile.php?id=100063251679439","article_modified_time":"2026-03-24T09:26:43+00:00","og_image":[{"width":1000,"height":800,"url":"https:\/\/www.labopolis.com\/wp-content\/uploads\/2023\/07\/LVH-microscopes-Rainbow-50L-PLUS.jpg","type":"image\/jpeg"}],"twitter_card":"summary_large_image","twitter_site":"@Labopolis","twitter_misc":{"Est. reading time":"3 minutes"},"schema":{"@context":"https:\/\/schema.org","@graph":[{"@type":"WebPage","@id":"https:\/\/www.labopolis.com\/producto\/microscopios-levenhuk-rainbow-50l-plus\/","url":"https:\/\/www.labopolis.com\/producto\/microscopios-levenhuk-rainbow-50l-plus\/","name":"Microscopios LEVENHUK RAINBOW 50L Plus - Labopolis","isPartOf":{"@id":"https:\/\/www.labopolis.com\/#website"},"primaryImageOfPage":{"@id":"https:\/\/www.labopolis.com\/producto\/microscopios-levenhuk-rainbow-50l-plus\/#primaryimage"},"image":{"@id":"https:\/\/www.labopolis.com\/producto\/microscopios-levenhuk-rainbow-50l-plus\/#primaryimage"},"thumbnailUrl":"https:\/\/www.labopolis.com\/wp-content\/uploads\/2023\/07\/LVH-microscopes-Rainbow-50L-PLUS.jpg","datePublished":"2023-07-10T11:40:29+00:00","dateModified":"2026-03-24T09:26:43+00:00","description":"Microscopios LEVENHUK RAINBOW 50L Plus Caracter\u00edsticas: Microscopio biol\u00f3gico con aumentos entre 64-1280x, lente de Barlow 2x incluida, disponible en cinco vistosos colores, cuerpo met\u00e1lico, robusto y duradero, iluminaci\u00f3n superior e inferior, con kit de experimentos incluido, se entrega con un pr\u00e1ctico estuche de pl\u00e1stico. El microscopio se entrega en un pr\u00e1ctico y fiable estuche de pl\u00e1stico. Este estuche protege el microscopio frente a impactos y del polvo.","breadcrumb":{"@id":"https:\/\/www.labopolis.com\/producto\/microscopios-levenhuk-rainbow-50l-plus\/#breadcrumb"},"inLanguage":"en-US","potentialAction":[{"@type":"ReadAction","target":["https:\/\/www.labopolis.com\/producto\/microscopios-levenhuk-rainbow-50l-plus\/"]}]},{"@type":"ImageObject","inLanguage":"en-US","@id":"https:\/\/www.labopolis.com\/producto\/microscopios-levenhuk-rainbow-50l-plus\/#primaryimage","url":"https:\/\/www.labopolis.com\/wp-content\/uploads\/2023\/07\/LVH-microscopes-Rainbow-50L-PLUS.jpg","contentUrl":"https:\/\/www.labopolis.com\/wp-content\/uploads\/2023\/07\/LVH-microscopes-Rainbow-50L-PLUS.jpg","width":1000,"height":800,"caption":"Producto"},{"@type":"BreadcrumbList","@id":"https:\/\/www.labopolis.com\/producto\/microscopios-levenhuk-rainbow-50l-plus\/#breadcrumb","itemListElement":[{"@type":"ListItem","position":1,"name":"Portada","item":"https:\/\/www.labopolis.com\/"},{"@type":"ListItem","position":2,"name":"Productos","item":"https:\/\/www.labopolis.com\/shop\/"},{"@type":"ListItem","position":3,"name":"Microscopios LEVENHUK RAINBOW 50L Plus"}]},{"@type":"WebSite","@id":"https:\/\/www.labopolis.com\/#website","url":"https:\/\/www.labopolis.com\/","name":"Labopolis","description":"","potentialAction":[{"@type":"SearchAction","target":{"@type":"EntryPoint","urlTemplate":"https:\/\/www.labopolis.com\/?s={search_term_string}"},"query-input":{"@type":"PropertyValueSpecification","valueRequired":true,"valueName":"search_term_string"}}],"inLanguage":"en-US"}]}},"_links":{"self":[{"href":"https:\/\/www.labopolis.com\/en\/wp-json\/wp\/v2\/product\/2681","targetHints":{"allow":["GET"]}}],"collection":[{"href":"https:\/\/www.labopolis.com\/en\/wp-json\/wp\/v2\/product"}],"about":[{"href":"https:\/\/www.labopolis.com\/en\/wp-json\/wp\/v2\/types\/product"}],"replies":[{"embeddable":true,"href":"https:\/\/www.labopolis.com\/en\/wp-json\/wp\/v2\/comments?post=2681"}],"wp:featuredmedia":[{"embeddable":true,"href":"https:\/\/www.labopolis.com\/en\/wp-json\/wp\/v2\/media\/2707"}],"wp:attachment":[{"href":"https:\/\/www.labopolis.com\/en\/wp-json\/wp\/v2\/media?parent=2681"}],"wp:term":[{"taxonomy":"product_brand","embeddable":true,"href":"https:\/\/www.labopolis.com\/en\/wp-json\/wp\/v2\/product_brand?post=2681"},{"taxonomy":"product_cat","embeddable":true,"href":"https:\/\/www.labopolis.com\/en\/wp-json\/wp\/v2\/product_cat?post=2681"},{"taxonomy":"product_tag","embeddable":true,"href":"https:\/\/www.labopolis.com\/en\/wp-json\/wp\/v2\/product_tag?post=2681"}],"curies":[{"name":"wp","href":"https:\/\/api.w.org\/{rel}","templated":true}]}}