{"id":2658,"date":"2023-07-10T11:40:18","date_gmt":"2023-07-10T11:40:18","guid":{"rendered":"https:\/\/www.labopolis.com\/?post_type=product&#038;p=2658"},"modified":"2026-03-05T15:14:27","modified_gmt":"2026-03-05T15:14:27","slug":"refractometro-digital-para-medicion-de-cloruro-de-sodio-ma886","status":"publish","type":"product","link":"https:\/\/www.labopolis.com\/en\/product\/refractometro-digital-para-medicion-de-cloruro-de-sodio-ma886\/","title":{"rendered":"Digital Refractometer for Sodium Chloride measurement MA886"},"content":{"rendered":"<p>Digital Refractometer for measuring sodium chloride in aqueous solutions <span lang=\"es\">used in food preparation<\/span>\u00a0MA886<\/p>\n<p>It is not suitable for measuring salinity in seawater. The refractive index measurement is simple and fast and uses a commonly accepted method for NaCl analysis. Samples are measured after a simple calibration with deionized or distilled water. Within seconds the instrument measures the refractive index of the solution. This digital refractometer eliminates the uncertainty associated with mechanical refractometers and is easy to transport for field measurements.<\/p>\n<p>The instrument uses an internationally recognized method for unit conversion and temperature compensation. It can display the NaCl concentration measurement in 4 different modes: g\/100g; g\/100mL, specific gravity and \u00b0Baum\u00e9. Temperature (in \u00baC or \u00baF) is displayed simultaneously with the measurement (in 3 of the ranges) on the 2-level LCD, as well as icons and other useful codes and messages.<br \/>\n<strong><br \/>\nKey features include:<\/strong><br \/>\n- Two-level LCD<br \/>\n- Automatic Temperature Compensation (ATC)<br \/>\n- Configuration and storage Easy<br \/>\n- Low battery power icon (BEPS)<br \/>\n- Automatic shutdown after 3 minutes of non-use<\/p>","protected":false},"excerpt":{"rendered":"<p><strong>Digital Refractometer for measuring sodium chloride in aqueous solutions <span lang=\"es\">used in food preparation<\/span>\u00a0MA886<\/strong><\/p>\n<div class=\"single-product-meta-item single-product-meta-item-custom-fields\">\n<div class=\"single-product-meta-item single-product-meta-item-custom-fields\">\n<div class=\"single-product-meta-item single-product-meta-item-custom-fields\">\n<p>The instrument uses an internationally recognized method for unit conversion and temperature compensation. It can display the NaCl concentration measurement in 4 different modes: g\/100g; g\/100mL, specific gravity and \u00b0Baum\u00e9. Temperature (in \u00baC or \u00baF) is displayed simultaneously with the measurement (in 3 of the ranges) on the 2-level LCD, as well as icons and other useful codes and messages.<\/p>\n<\/div>\n<\/div>\n<\/div>","protected":false},"featured_media":2674,"comment_status":"open","ping_status":"closed","template":"","meta":[],"product_brand":[],"product_cat":[23,164],"product_tag":[],"class_list":{"0":"post-2658","1":"product","2":"type-product","3":"status-publish","4":"has-post-thumbnail","6":"product_cat-laboratorio","7":"product_cat-refractometros","9":"first","10":"instock","11":"taxable","12":"shipping-taxable","13":"purchasable","14":"product-type-simple"},"yoast_head":"<!-- This site is optimized with the Yoast SEO plugin v27.2 - https:\/\/yoast.com\/product\/yoast-seo-wordpress\/ -->\n<title>Refract\u00f3metro Digital para medici\u00f3n de Cloruro de Sodio MA886 - Labopolis<\/title>\n<meta name=\"description\" content=\"Refract\u00f3metro Digital para medici\u00f3n de Cloruro de Sodio en soluciones acuosas utilizadas en la preparaci\u00f3n de alimentos\u00a0MA886     El instrumento utiliza un m\u00e9todo internacionalmente reconocidos para la conversi\u00f3n de unidades y compensaci\u00f3n de temperatura. Puede mostrar la medici\u00f3n de concentraci\u00f3n de NaCl en 4 modos diferentes: g\/100g; g\/100mL, gravedad espec\u00edfica y \u00baBaum\u00e9. La Temperatura (en \u00baC o \u00baF) se muestra simult\u00e1neamente con la medici\u00f3n (en 3 de los rangos) en la pantalla LCD de 2 niveles, as\u00ed como iconos y otros c\u00f3digos y mensajes \u00fatiles.\" \/>\n<meta name=\"robots\" content=\"index, follow, max-snippet:-1, max-image-preview:large, max-video-preview:-1\" \/>\n<link rel=\"canonical\" href=\"https:\/\/www.labopolis.com\/en\/product\/refractometro-digital-para-medicion-de-cloruro-de-sodio-ma886\/\" \/>\n<meta property=\"og:locale\" content=\"en_US\" \/>\n<meta property=\"og:type\" content=\"article\" \/>\n<meta property=\"og:title\" content=\"Refract\u00f3metro Digital para medici\u00f3n de Cloruro de Sodio MA886 - Labopolis\" \/>\n<meta property=\"og:description\" content=\"Refract\u00f3metro Digital para medici\u00f3n de Cloruro de Sodio en soluciones acuosas utilizadas en la preparaci\u00f3n de alimentos\u00a0MA886     El instrumento utiliza un m\u00e9todo internacionalmente reconocidos para la conversi\u00f3n de unidades y compensaci\u00f3n de temperatura. Puede mostrar la medici\u00f3n de concentraci\u00f3n de NaCl en 4 modos diferentes: g\/100g; g\/100mL, gravedad espec\u00edfica y \u00baBaum\u00e9. La Temperatura (en \u00baC o \u00baF) se muestra simult\u00e1neamente con la medici\u00f3n (en 3 de los rangos) en la pantalla LCD de 2 niveles, as\u00ed como iconos y otros c\u00f3digos y mensajes \u00fatiles.\" \/>\n<meta property=\"og:url\" content=\"https:\/\/www.labopolis.com\/en\/product\/refractometro-digital-para-medicion-de-cloruro-de-sodio-ma886\/\" \/>\n<meta property=\"og:site_name\" content=\"Labopolis\" \/>\n<meta property=\"article:publisher\" content=\"https:\/\/www.facebook.com\/profile.php?id=100063251679439\" \/>\n<meta property=\"article:modified_time\" content=\"2026-03-05T15:14:27+00:00\" \/>\n<meta property=\"og:image\" content=\"https:\/\/www.labopolis.com\/wp-content\/uploads\/2023\/07\/MA886_incl-copy.jpg\" \/>\n\t<meta property=\"og:image:width\" content=\"694\" \/>\n\t<meta property=\"og:image:height\" content=\"694\" \/>\n\t<meta property=\"og:image:type\" content=\"image\/jpeg\" \/>\n<meta name=\"twitter:card\" content=\"summary_large_image\" \/>\n<meta name=\"twitter:site\" content=\"@Labopolis\" \/>\n<meta name=\"twitter:label1\" content=\"Est. reading time\" \/>\n\t<meta name=\"twitter:data1\" content=\"1 minute\" \/>\n<script type=\"application\/ld+json\" class=\"yoast-schema-graph\">{\"@context\":\"https:\/\/schema.org\",\"@graph\":[{\"@type\":\"WebPage\",\"@id\":\"https:\/\/www.labopolis.com\/producto\/refractometro-digital-para-medicion-de-cloruro-de-sodio-ma886\/\",\"url\":\"https:\/\/www.labopolis.com\/producto\/refractometro-digital-para-medicion-de-cloruro-de-sodio-ma886\/\",\"name\":\"Refract\u00f3metro Digital para medici\u00f3n de Cloruro de Sodio MA886 - Labopolis\",\"isPartOf\":{\"@id\":\"https:\/\/www.labopolis.com\/#website\"},\"primaryImageOfPage\":{\"@id\":\"https:\/\/www.labopolis.com\/producto\/refractometro-digital-para-medicion-de-cloruro-de-sodio-ma886\/#primaryimage\"},\"image\":{\"@id\":\"https:\/\/www.labopolis.com\/producto\/refractometro-digital-para-medicion-de-cloruro-de-sodio-ma886\/#primaryimage\"},\"thumbnailUrl\":\"https:\/\/www.labopolis.com\/wp-content\/uploads\/2023\/07\/MA886_incl-copy.jpg\",\"datePublished\":\"2023-07-10T11:40:18+00:00\",\"dateModified\":\"2026-03-05T15:14:27+00:00\",\"description\":\"Refract\u00f3metro Digital para medici\u00f3n de Cloruro de Sodio en soluciones acuosas utilizadas en la preparaci\u00f3n de alimentos\u00a0MA886 El instrumento utiliza un m\u00e9todo internacionalmente reconocidos para la conversi\u00f3n de unidades y compensaci\u00f3n de temperatura. Puede mostrar la medici\u00f3n de concentraci\u00f3n de NaCl en 4 modos diferentes: g\/100g; g\/100mL, gravedad espec\u00edfica y \u00baBaum\u00e9. La Temperatura (en \u00baC o \u00baF) se muestra simult\u00e1neamente con la medici\u00f3n (en 3 de los rangos) en la pantalla LCD de 2 niveles, as\u00ed como iconos y otros c\u00f3digos y mensajes \u00fatiles.\",\"breadcrumb\":{\"@id\":\"https:\/\/www.labopolis.com\/producto\/refractometro-digital-para-medicion-de-cloruro-de-sodio-ma886\/#breadcrumb\"},\"inLanguage\":\"en-US\",\"potentialAction\":[{\"@type\":\"ReadAction\",\"target\":[\"https:\/\/www.labopolis.com\/producto\/refractometro-digital-para-medicion-de-cloruro-de-sodio-ma886\/\"]}]},{\"@type\":\"ImageObject\",\"inLanguage\":\"en-US\",\"@id\":\"https:\/\/www.labopolis.com\/producto\/refractometro-digital-para-medicion-de-cloruro-de-sodio-ma886\/#primaryimage\",\"url\":\"https:\/\/www.labopolis.com\/wp-content\/uploads\/2023\/07\/MA886_incl-copy.jpg\",\"contentUrl\":\"https:\/\/www.labopolis.com\/wp-content\/uploads\/2023\/07\/MA886_incl-copy.jpg\",\"width\":694,\"height\":694,\"caption\":\"Producto\"},{\"@type\":\"BreadcrumbList\",\"@id\":\"https:\/\/www.labopolis.com\/producto\/refractometro-digital-para-medicion-de-cloruro-de-sodio-ma886\/#breadcrumb\",\"itemListElement\":[{\"@type\":\"ListItem\",\"position\":1,\"name\":\"Portada\",\"item\":\"https:\/\/www.labopolis.com\/\"},{\"@type\":\"ListItem\",\"position\":2,\"name\":\"Productos\",\"item\":\"https:\/\/www.labopolis.com\/shop\/\"},{\"@type\":\"ListItem\",\"position\":3,\"name\":\"Refract\u00f3metro Digital para medici\u00f3n de Cloruro de Sodio MA886\"}]},{\"@type\":\"WebSite\",\"@id\":\"https:\/\/www.labopolis.com\/#website\",\"url\":\"https:\/\/www.labopolis.com\/\",\"name\":\"Labopolis\",\"description\":\"\",\"potentialAction\":[{\"@type\":\"SearchAction\",\"target\":{\"@type\":\"EntryPoint\",\"urlTemplate\":\"https:\/\/www.labopolis.com\/?s={search_term_string}\"},\"query-input\":{\"@type\":\"PropertyValueSpecification\",\"valueRequired\":true,\"valueName\":\"search_term_string\"}}],\"inLanguage\":\"en-US\"}]}<\/script>\n<!-- \/ Yoast SEO plugin. -->","yoast_head_json":{"title":"Refract\u00f3metro Digital para medici\u00f3n de Cloruro de Sodio MA886 - Labopolis","description":"Refract\u00f3metro Digital para medici\u00f3n de Cloruro de Sodio en soluciones acuosas utilizadas en la preparaci\u00f3n de alimentos\u00a0MA886     El instrumento utiliza un m\u00e9todo internacionalmente reconocidos para la conversi\u00f3n de unidades y compensaci\u00f3n de temperatura. Puede mostrar la medici\u00f3n de concentraci\u00f3n de NaCl en 4 modos diferentes: g\/100g; g\/100mL, gravedad espec\u00edfica y \u00baBaum\u00e9. La Temperatura (en \u00baC o \u00baF) se muestra simult\u00e1neamente con la medici\u00f3n (en 3 de los rangos) en la pantalla LCD de 2 niveles, as\u00ed como iconos y otros c\u00f3digos y mensajes \u00fatiles.","robots":{"index":"index","follow":"follow","max-snippet":"max-snippet:-1","max-image-preview":"max-image-preview:large","max-video-preview":"max-video-preview:-1"},"canonical":"https:\/\/www.labopolis.com\/en\/product\/refractometro-digital-para-medicion-de-cloruro-de-sodio-ma886\/","og_locale":"en_US","og_type":"article","og_title":"Refract\u00f3metro Digital para medici\u00f3n de Cloruro de Sodio MA886 - Labopolis","og_description":"Refract\u00f3metro Digital para medici\u00f3n de Cloruro de Sodio en soluciones acuosas utilizadas en la preparaci\u00f3n de alimentos\u00a0MA886     El instrumento utiliza un m\u00e9todo internacionalmente reconocidos para la conversi\u00f3n de unidades y compensaci\u00f3n de temperatura. Puede mostrar la medici\u00f3n de concentraci\u00f3n de NaCl en 4 modos diferentes: g\/100g; g\/100mL, gravedad espec\u00edfica y \u00baBaum\u00e9. La Temperatura (en \u00baC o \u00baF) se muestra simult\u00e1neamente con la medici\u00f3n (en 3 de los rangos) en la pantalla LCD de 2 niveles, as\u00ed como iconos y otros c\u00f3digos y mensajes \u00fatiles.","og_url":"https:\/\/www.labopolis.com\/en\/product\/refractometro-digital-para-medicion-de-cloruro-de-sodio-ma886\/","og_site_name":"Labopolis","article_publisher":"https:\/\/www.facebook.com\/profile.php?id=100063251679439","article_modified_time":"2026-03-05T15:14:27+00:00","og_image":[{"width":694,"height":694,"url":"https:\/\/www.labopolis.com\/wp-content\/uploads\/2023\/07\/MA886_incl-copy.jpg","type":"image\/jpeg"}],"twitter_card":"summary_large_image","twitter_site":"@Labopolis","twitter_misc":{"Est. reading time":"1 minute"},"schema":{"@context":"https:\/\/schema.org","@graph":[{"@type":"WebPage","@id":"https:\/\/www.labopolis.com\/producto\/refractometro-digital-para-medicion-de-cloruro-de-sodio-ma886\/","url":"https:\/\/www.labopolis.com\/producto\/refractometro-digital-para-medicion-de-cloruro-de-sodio-ma886\/","name":"Refract\u00f3metro Digital para medici\u00f3n de Cloruro de Sodio MA886 - Labopolis","isPartOf":{"@id":"https:\/\/www.labopolis.com\/#website"},"primaryImageOfPage":{"@id":"https:\/\/www.labopolis.com\/producto\/refractometro-digital-para-medicion-de-cloruro-de-sodio-ma886\/#primaryimage"},"image":{"@id":"https:\/\/www.labopolis.com\/producto\/refractometro-digital-para-medicion-de-cloruro-de-sodio-ma886\/#primaryimage"},"thumbnailUrl":"https:\/\/www.labopolis.com\/wp-content\/uploads\/2023\/07\/MA886_incl-copy.jpg","datePublished":"2023-07-10T11:40:18+00:00","dateModified":"2026-03-05T15:14:27+00:00","description":"Refract\u00f3metro Digital para medici\u00f3n de Cloruro de Sodio en soluciones acuosas utilizadas en la preparaci\u00f3n de alimentos\u00a0MA886 El instrumento utiliza un m\u00e9todo internacionalmente reconocidos para la conversi\u00f3n de unidades y compensaci\u00f3n de temperatura. Puede mostrar la medici\u00f3n de concentraci\u00f3n de NaCl en 4 modos diferentes: g\/100g; g\/100mL, gravedad espec\u00edfica y \u00baBaum\u00e9. La Temperatura (en \u00baC o \u00baF) se muestra simult\u00e1neamente con la medici\u00f3n (en 3 de los rangos) en la pantalla LCD de 2 niveles, as\u00ed como iconos y otros c\u00f3digos y mensajes \u00fatiles.","breadcrumb":{"@id":"https:\/\/www.labopolis.com\/producto\/refractometro-digital-para-medicion-de-cloruro-de-sodio-ma886\/#breadcrumb"},"inLanguage":"en-US","potentialAction":[{"@type":"ReadAction","target":["https:\/\/www.labopolis.com\/producto\/refractometro-digital-para-medicion-de-cloruro-de-sodio-ma886\/"]}]},{"@type":"ImageObject","inLanguage":"en-US","@id":"https:\/\/www.labopolis.com\/producto\/refractometro-digital-para-medicion-de-cloruro-de-sodio-ma886\/#primaryimage","url":"https:\/\/www.labopolis.com\/wp-content\/uploads\/2023\/07\/MA886_incl-copy.jpg","contentUrl":"https:\/\/www.labopolis.com\/wp-content\/uploads\/2023\/07\/MA886_incl-copy.jpg","width":694,"height":694,"caption":"Producto"},{"@type":"BreadcrumbList","@id":"https:\/\/www.labopolis.com\/producto\/refractometro-digital-para-medicion-de-cloruro-de-sodio-ma886\/#breadcrumb","itemListElement":[{"@type":"ListItem","position":1,"name":"Portada","item":"https:\/\/www.labopolis.com\/"},{"@type":"ListItem","position":2,"name":"Productos","item":"https:\/\/www.labopolis.com\/shop\/"},{"@type":"ListItem","position":3,"name":"Refract\u00f3metro Digital para medici\u00f3n de Cloruro de Sodio MA886"}]},{"@type":"WebSite","@id":"https:\/\/www.labopolis.com\/#website","url":"https:\/\/www.labopolis.com\/","name":"Labopolis","description":"","potentialAction":[{"@type":"SearchAction","target":{"@type":"EntryPoint","urlTemplate":"https:\/\/www.labopolis.com\/?s={search_term_string}"},"query-input":{"@type":"PropertyValueSpecification","valueRequired":true,"valueName":"search_term_string"}}],"inLanguage":"en-US"}]}},"_links":{"self":[{"href":"https:\/\/www.labopolis.com\/en\/wp-json\/wp\/v2\/product\/2658","targetHints":{"allow":["GET"]}}],"collection":[{"href":"https:\/\/www.labopolis.com\/en\/wp-json\/wp\/v2\/product"}],"about":[{"href":"https:\/\/www.labopolis.com\/en\/wp-json\/wp\/v2\/types\/product"}],"replies":[{"embeddable":true,"href":"https:\/\/www.labopolis.com\/en\/wp-json\/wp\/v2\/comments?post=2658"}],"wp:featuredmedia":[{"embeddable":true,"href":"https:\/\/www.labopolis.com\/en\/wp-json\/wp\/v2\/media\/2674"}],"wp:attachment":[{"href":"https:\/\/www.labopolis.com\/en\/wp-json\/wp\/v2\/media?parent=2658"}],"wp:term":[{"taxonomy":"product_brand","embeddable":true,"href":"https:\/\/www.labopolis.com\/en\/wp-json\/wp\/v2\/product_brand?post=2658"},{"taxonomy":"product_cat","embeddable":true,"href":"https:\/\/www.labopolis.com\/en\/wp-json\/wp\/v2\/product_cat?post=2658"},{"taxonomy":"product_tag","embeddable":true,"href":"https:\/\/www.labopolis.com\/en\/wp-json\/wp\/v2\/product_tag?post=2658"}],"curies":[{"name":"wp","href":"https:\/\/api.w.org\/{rel}","templated":true}]}}