{"id":2642,"date":"2023-07-10T11:40:16","date_gmt":"2023-07-10T11:40:16","guid":{"rendered":"https:\/\/www.labopolis.com\/?post_type=product&#038;p=2642"},"modified":"2026-03-05T14:59:04","modified_gmt":"2026-03-05T14:59:04","slug":"fotometro-medidor-de-cloro-total-mw11","status":"publish","type":"product","link":"https:\/\/www.labopolis.com\/en\/product\/fotometro-medidor-de-cloro-total-mw11\/","title":{"rendered":"Photometer Total Chlorine Meter MW11"},"content":{"rendered":"<p>Photometer Total Chlorine Meter MW11<\/p>\n<p>The MW11 total chlorine meter is a pocket-sized digital photometer.<br \/>\nThe MW11 total chlorine meter measures in ppm, with a scale from 0.00 to 3.50 ppm.<br \/>\nThe resolution of the MW11 total chlorine meter is 0.01 ppm and is ideal for field measurements.<br \/>\nThe MW11 total chlorine meter is recommended for the swimming pool, agriculture and water treatment sectors.<br \/>\nThe MW11 Total Chlorine Meter is supplied with two glass cuvettes and cap; one AAA 1.5V battery; instructions in two languages; 6 sachets of powder reagent.<\/p>","protected":false},"excerpt":{"rendered":"<p>Photometer Total Chlorine Meter MW11<\/p>\n<p>The MW11 Total Chlorine Meter is supplied with two glass cuvettes and cap; one AAA 1.5V battery; instructions in two languages; 6 sachets of powder reagent.<\/p>","protected":false},"featured_media":2664,"comment_status":"open","ping_status":"closed","template":"","meta":[],"product_brand":[],"product_cat":[131,23],"product_tag":[],"class_list":{"0":"post-2642","1":"product","2":"type-product","3":"status-publish","4":"has-post-thumbnail","6":"product_cat-fotometros-checkers","7":"product_cat-laboratorio","9":"first","10":"instock","11":"taxable","12":"shipping-taxable","13":"purchasable","14":"product-type-simple"},"yoast_head":"<!-- This site is optimized with the Yoast SEO plugin v27.2 - https:\/\/yoast.com\/product\/yoast-seo-wordpress\/ -->\n<title>Fot\u00f3metro Medidor de Cloro Total MW11 - Labopolis<\/title>\n<meta name=\"description\" content=\"Fot\u00f3metro Medidor de Cloro Total MW11  El medidor de cloro total MW11 viene servido con dos cubetas de cristal y su tap\u00f3n; una pila AAA 1.5V; Instrucciones en dos idiomas; 6 sobres de reactivo en polvo.\" \/>\n<meta name=\"robots\" content=\"index, follow, max-snippet:-1, max-image-preview:large, max-video-preview:-1\" \/>\n<link rel=\"canonical\" href=\"https:\/\/www.labopolis.com\/en\/product\/fotometro-medidor-de-cloro-total-mw11\/\" \/>\n<meta property=\"og:locale\" content=\"en_US\" \/>\n<meta property=\"og:type\" content=\"article\" \/>\n<meta property=\"og:title\" content=\"Fot\u00f3metro Medidor de Cloro Total MW11 - Labopolis\" \/>\n<meta property=\"og:description\" content=\"Fot\u00f3metro Medidor de Cloro Total MW11  El medidor de cloro total MW11 viene servido con dos cubetas de cristal y su tap\u00f3n; una pila AAA 1.5V; Instrucciones en dos idiomas; 6 sobres de reactivo en polvo.\" \/>\n<meta property=\"og:url\" content=\"https:\/\/www.labopolis.com\/en\/product\/fotometro-medidor-de-cloro-total-mw11\/\" \/>\n<meta property=\"og:site_name\" content=\"Labopolis\" \/>\n<meta property=\"article:publisher\" content=\"https:\/\/www.facebook.com\/profile.php?id=100063251679439\" \/>\n<meta property=\"article:modified_time\" content=\"2026-03-05T14:59:04+00:00\" \/>\n<meta property=\"og:image\" content=\"https:\/\/www.labopolis.com\/wp-content\/uploads\/2023\/07\/MW11-angle-open-copy.jpg\" \/>\n\t<meta property=\"og:image:width\" content=\"713\" \/>\n\t<meta property=\"og:image:height\" content=\"713\" \/>\n\t<meta property=\"og:image:type\" content=\"image\/jpeg\" \/>\n<meta name=\"twitter:card\" content=\"summary_large_image\" \/>\n<meta name=\"twitter:site\" content=\"@Labopolis\" \/>\n<meta name=\"twitter:label1\" content=\"Est. reading time\" \/>\n\t<meta name=\"twitter:data1\" content=\"1 minute\" \/>\n<script type=\"application\/ld+json\" class=\"yoast-schema-graph\">{\"@context\":\"https:\/\/schema.org\",\"@graph\":[{\"@type\":\"WebPage\",\"@id\":\"https:\/\/www.labopolis.com\/producto\/fotometro-medidor-de-cloro-total-mw11\/\",\"url\":\"https:\/\/www.labopolis.com\/producto\/fotometro-medidor-de-cloro-total-mw11\/\",\"name\":\"Fot\u00f3metro Medidor de Cloro Total MW11 - Labopolis\",\"isPartOf\":{\"@id\":\"https:\/\/www.labopolis.com\/#website\"},\"primaryImageOfPage\":{\"@id\":\"https:\/\/www.labopolis.com\/producto\/fotometro-medidor-de-cloro-total-mw11\/#primaryimage\"},\"image\":{\"@id\":\"https:\/\/www.labopolis.com\/producto\/fotometro-medidor-de-cloro-total-mw11\/#primaryimage\"},\"thumbnailUrl\":\"https:\/\/www.labopolis.com\/wp-content\/uploads\/2023\/07\/MW11-angle-open-copy.jpg\",\"datePublished\":\"2023-07-10T11:40:16+00:00\",\"dateModified\":\"2026-03-05T14:59:04+00:00\",\"description\":\"Fot\u00f3metro Medidor de Cloro Total MW11 El medidor de cloro total MW11 viene servido con dos cubetas de cristal y su tap\u00f3n; una pila AAA 1.5V; Instrucciones en dos idiomas; 6 sobres de reactivo en polvo.\",\"breadcrumb\":{\"@id\":\"https:\/\/www.labopolis.com\/producto\/fotometro-medidor-de-cloro-total-mw11\/#breadcrumb\"},\"inLanguage\":\"en-US\",\"potentialAction\":[{\"@type\":\"ReadAction\",\"target\":[\"https:\/\/www.labopolis.com\/producto\/fotometro-medidor-de-cloro-total-mw11\/\"]}]},{\"@type\":\"ImageObject\",\"inLanguage\":\"en-US\",\"@id\":\"https:\/\/www.labopolis.com\/producto\/fotometro-medidor-de-cloro-total-mw11\/#primaryimage\",\"url\":\"https:\/\/www.labopolis.com\/wp-content\/uploads\/2023\/07\/MW11-angle-open-copy.jpg\",\"contentUrl\":\"https:\/\/www.labopolis.com\/wp-content\/uploads\/2023\/07\/MW11-angle-open-copy.jpg\",\"width\":713,\"height\":713,\"caption\":\"Producto\"},{\"@type\":\"BreadcrumbList\",\"@id\":\"https:\/\/www.labopolis.com\/producto\/fotometro-medidor-de-cloro-total-mw11\/#breadcrumb\",\"itemListElement\":[{\"@type\":\"ListItem\",\"position\":1,\"name\":\"Portada\",\"item\":\"https:\/\/www.labopolis.com\/\"},{\"@type\":\"ListItem\",\"position\":2,\"name\":\"Productos\",\"item\":\"https:\/\/www.labopolis.com\/shop\/\"},{\"@type\":\"ListItem\",\"position\":3,\"name\":\"Fot\u00f3metro Medidor de Cloro Total MW11\"}]},{\"@type\":\"WebSite\",\"@id\":\"https:\/\/www.labopolis.com\/#website\",\"url\":\"https:\/\/www.labopolis.com\/\",\"name\":\"Labopolis\",\"description\":\"\",\"potentialAction\":[{\"@type\":\"SearchAction\",\"target\":{\"@type\":\"EntryPoint\",\"urlTemplate\":\"https:\/\/www.labopolis.com\/?s={search_term_string}\"},\"query-input\":{\"@type\":\"PropertyValueSpecification\",\"valueRequired\":true,\"valueName\":\"search_term_string\"}}],\"inLanguage\":\"en-US\"}]}<\/script>\n<!-- \/ Yoast SEO plugin. -->","yoast_head_json":{"title":"Total Chlorine Meter Photometer MW11 - Labopolis","description":"Photometer Total Chlorine Meter MW11 The MW11 Total Chlorine Meter is supplied with two glass cuvettes and cap; one AAA 1.5V battery; instructions in two languages; 6 sachets of powder reagent.","robots":{"index":"index","follow":"follow","max-snippet":"max-snippet:-1","max-image-preview":"max-image-preview:large","max-video-preview":"max-video-preview:-1"},"canonical":"https:\/\/www.labopolis.com\/en\/product\/fotometro-medidor-de-cloro-total-mw11\/","og_locale":"en_US","og_type":"article","og_title":"Fot\u00f3metro Medidor de Cloro Total MW11 - Labopolis","og_description":"Fot\u00f3metro Medidor de Cloro Total MW11  El medidor de cloro total MW11 viene servido con dos cubetas de cristal y su tap\u00f3n; una pila AAA 1.5V; Instrucciones en dos idiomas; 6 sobres de reactivo en polvo.","og_url":"https:\/\/www.labopolis.com\/en\/product\/fotometro-medidor-de-cloro-total-mw11\/","og_site_name":"Labopolis","article_publisher":"https:\/\/www.facebook.com\/profile.php?id=100063251679439","article_modified_time":"2026-03-05T14:59:04+00:00","og_image":[{"width":713,"height":713,"url":"https:\/\/www.labopolis.com\/wp-content\/uploads\/2023\/07\/MW11-angle-open-copy.jpg","type":"image\/jpeg"}],"twitter_card":"summary_large_image","twitter_site":"@Labopolis","twitter_misc":{"Est. reading time":"1 minute"},"schema":{"@context":"https:\/\/schema.org","@graph":[{"@type":"WebPage","@id":"https:\/\/www.labopolis.com\/producto\/fotometro-medidor-de-cloro-total-mw11\/","url":"https:\/\/www.labopolis.com\/producto\/fotometro-medidor-de-cloro-total-mw11\/","name":"Total Chlorine Meter Photometer MW11 - Labopolis","isPartOf":{"@id":"https:\/\/www.labopolis.com\/#website"},"primaryImageOfPage":{"@id":"https:\/\/www.labopolis.com\/producto\/fotometro-medidor-de-cloro-total-mw11\/#primaryimage"},"image":{"@id":"https:\/\/www.labopolis.com\/producto\/fotometro-medidor-de-cloro-total-mw11\/#primaryimage"},"thumbnailUrl":"https:\/\/www.labopolis.com\/wp-content\/uploads\/2023\/07\/MW11-angle-open-copy.jpg","datePublished":"2023-07-10T11:40:16+00:00","dateModified":"2026-03-05T14:59:04+00:00","description":"Photometer Total Chlorine Meter MW11 The MW11 Total Chlorine Meter is supplied with two glass cuvettes and cap; one AAA 1.5V battery; instructions in two languages; 6 sachets of powder reagent.","breadcrumb":{"@id":"https:\/\/www.labopolis.com\/producto\/fotometro-medidor-de-cloro-total-mw11\/#breadcrumb"},"inLanguage":"en-US","potentialAction":[{"@type":"ReadAction","target":["https:\/\/www.labopolis.com\/producto\/fotometro-medidor-de-cloro-total-mw11\/"]}]},{"@type":"ImageObject","inLanguage":"en-US","@id":"https:\/\/www.labopolis.com\/producto\/fotometro-medidor-de-cloro-total-mw11\/#primaryimage","url":"https:\/\/www.labopolis.com\/wp-content\/uploads\/2023\/07\/MW11-angle-open-copy.jpg","contentUrl":"https:\/\/www.labopolis.com\/wp-content\/uploads\/2023\/07\/MW11-angle-open-copy.jpg","width":713,"height":713,"caption":"Producto"},{"@type":"BreadcrumbList","@id":"https:\/\/www.labopolis.com\/producto\/fotometro-medidor-de-cloro-total-mw11\/#breadcrumb","itemListElement":[{"@type":"ListItem","position":1,"name":"Portada","item":"https:\/\/www.labopolis.com\/"},{"@type":"ListItem","position":2,"name":"Productos","item":"https:\/\/www.labopolis.com\/shop\/"},{"@type":"ListItem","position":3,"name":"Fot\u00f3metro Medidor de Cloro Total MW11"}]},{"@type":"WebSite","@id":"https:\/\/www.labopolis.com\/#website","url":"https:\/\/www.labopolis.com\/","name":"Labopolis","description":"","potentialAction":[{"@type":"SearchAction","target":{"@type":"EntryPoint","urlTemplate":"https:\/\/www.labopolis.com\/?s={search_term_string}"},"query-input":{"@type":"PropertyValueSpecification","valueRequired":true,"valueName":"search_term_string"}}],"inLanguage":"en-US"}]}},"_links":{"self":[{"href":"https:\/\/www.labopolis.com\/en\/wp-json\/wp\/v2\/product\/2642","targetHints":{"allow":["GET"]}}],"collection":[{"href":"https:\/\/www.labopolis.com\/en\/wp-json\/wp\/v2\/product"}],"about":[{"href":"https:\/\/www.labopolis.com\/en\/wp-json\/wp\/v2\/types\/product"}],"replies":[{"embeddable":true,"href":"https:\/\/www.labopolis.com\/en\/wp-json\/wp\/v2\/comments?post=2642"}],"wp:featuredmedia":[{"embeddable":true,"href":"https:\/\/www.labopolis.com\/en\/wp-json\/wp\/v2\/media\/2664"}],"wp:attachment":[{"href":"https:\/\/www.labopolis.com\/en\/wp-json\/wp\/v2\/media?parent=2642"}],"wp:term":[{"taxonomy":"product_brand","embeddable":true,"href":"https:\/\/www.labopolis.com\/en\/wp-json\/wp\/v2\/product_brand?post=2642"},{"taxonomy":"product_cat","embeddable":true,"href":"https:\/\/www.labopolis.com\/en\/wp-json\/wp\/v2\/product_cat?post=2642"},{"taxonomy":"product_tag","embeddable":true,"href":"https:\/\/www.labopolis.com\/en\/wp-json\/wp\/v2\/product_tag?post=2642"}],"curies":[{"name":"wp","href":"https:\/\/api.w.org\/{rel}","templated":true}]}}