{"id":2533,"date":"2023-07-10T11:39:44","date_gmt":"2023-07-10T11:39:44","guid":{"rendered":"https:\/\/www.labopolis.com\/?post_type=product&#038;p=2533"},"modified":"2026-02-18T17:21:47","modified_gmt":"2026-02-18T17:21:47","slug":"camara-cmex-dc-2000f","status":"publish","type":"product","link":"https:\/\/www.labopolis.com\/en\/product\/camara-cmex-dc-2000f\/","title":{"rendered":"CMEX DC.2000f camera"},"content":{"rendered":"<p>The CMEX-2f, equipped with an extra fast CMOS sensor with grayscale conversion and 24-bit color performance, is equipped with the USB-2 data interface and is supplied with ImageFocus Plus software.<br \/>\nIn addition to capturing images and videos, the software allows measurements on still and live images and annotation of captured images. Compatible with Windows 7, 8 and 10, in 32-bit and 64-bit configurations. Compatible with OSX<br \/>\nSensor: 1\/2.9\u2033 CMOS. Pixels: 2.0 Mp. Resolution: 1920\u00d71080 pixels. Pixel size: 2.8 \u03bcm \u00d7 2.8 \u03bcm. Display speed (frames per second - fps) higher than 30 fps depending on camera settings and sample illumination. Color filter: RGB. Mount: C. ADC: 8 bits. Color depth: 24 bits. Dynamic range: 72 db. Sensitivity: 0.51V\/lux @ 550 nm. Exposure: Automatic or manual, from 1 ms. to 2 sec. PC connection: USB 2.0 port (480 Mb\/s). Environmental working conditions: 0-60\u00baC, 10-85% humidity. Very convenient to work with 23.2 mm. diameter microscopes with eyepiece holders or trinocular terminals. Supplied as standard with 0.45 x \"C\" mount objective lens, USB 2.0 cable, adapters for stereo-microscopes with 30 and 30.5 mm diameter eyepiece holders, glass calibration standard (76 x 24 mm) with engraved 1 mm scale in 100 parts, CDROM with ImageFocus Plus application and cardboard box. Compatible with Microsoft Windows XP, Windows Vista, Windows 7, Windows 8, Windows 10 (32 and 64 bits). Compatible with MAC OSX.<\/p>","protected":false},"excerpt":{"rendered":"<p>USB 2.0 camera with 2.0 MP resolution (1920\u00d71080). C mount. Adapters for 23.2, 30 and 30.5 mm. diameter tube. ImageFocus Plus image analysis software included. Compatible with Windows 10 (32 and 64 bits) and MAC OSX.<\/p>\n<p><strong><em><a href=\"https:\/\/www.labopolis.com\/wp-content\/uploads\/2019\/10\/CMEX-2-5-12_ficha_tecnica_SP.pdf\" target=\"_blank\" rel=\"attachment wp-att-3827 noopener noreferrer\"><i class=\"fas fa-file-alt\"><\/i>\u00a0Datasheet CMEX-2f-5f and 12f<\/a><\/em><\/strong><\/p>","protected":false},"featured_media":2563,"comment_status":"open","ping_status":"closed","template":"","meta":[],"product_brand":[],"product_cat":[163,23,160],"product_tag":[],"class_list":{"0":"post-2533","1":"product","2":"type-product","3":"status-publish","4":"has-post-thumbnail","6":"product_cat-camaras-digitales","7":"product_cat-laboratorio","8":"product_cat-microscopios","10":"first","11":"instock","12":"taxable","13":"shipping-taxable","14":"purchasable","15":"product-type-simple"},"yoast_head":"<!-- This site is optimized with the Yoast SEO plugin v27.2 - https:\/\/yoast.com\/product\/yoast-seo-wordpress\/ -->\n<title>C\u00e1mara CMEX DC.2000f - Labopolis<\/title>\n<meta name=\"description\" content=\"C\u00e1mara USB 2.0 con 2,0 MP de resoluci\u00f3n (1920x1080). Montura C. Adaptadores para tubo de 23,2, 30 y 30,5 mm. de di\u00e1metro. Incluye software de an\u00e1lisis de im\u00e1genes ImageFocus Plus. Compatible con Windows 10 (32 y 64 bits) y MAC OSX.  \u00a0Ficha T\u00e9cnica CMEX-2f-5f y 12f\" \/>\n<meta name=\"robots\" content=\"index, follow, max-snippet:-1, max-image-preview:large, max-video-preview:-1\" \/>\n<link rel=\"canonical\" href=\"https:\/\/www.labopolis.com\/en\/product\/camara-cmex-dc-2000f\/\" \/>\n<meta property=\"og:locale\" content=\"en_US\" \/>\n<meta property=\"og:type\" content=\"article\" \/>\n<meta property=\"og:title\" content=\"C\u00e1mara CMEX DC.2000f - Labopolis\" \/>\n<meta property=\"og:description\" content=\"C\u00e1mara USB 2.0 con 2,0 MP de resoluci\u00f3n (1920x1080). Montura C. Adaptadores para tubo de 23,2, 30 y 30,5 mm. de di\u00e1metro. Incluye software de an\u00e1lisis de im\u00e1genes ImageFocus Plus. Compatible con Windows 10 (32 y 64 bits) y MAC OSX.  \u00a0Ficha T\u00e9cnica CMEX-2f-5f y 12f\" \/>\n<meta property=\"og:url\" content=\"https:\/\/www.labopolis.com\/en\/product\/camara-cmex-dc-2000f\/\" \/>\n<meta property=\"og:site_name\" content=\"Labopolis\" \/>\n<meta property=\"article:publisher\" content=\"https:\/\/www.facebook.com\/profile.php?id=100063251679439\" \/>\n<meta property=\"article:modified_time\" content=\"2026-02-18T17:21:47+00:00\" \/>\n<meta property=\"og:image\" content=\"https:\/\/www.labopolis.com\/wp-content\/uploads\/2023\/07\/DC.1300c.jpg\" \/>\n\t<meta property=\"og:image:width\" content=\"800\" \/>\n\t<meta property=\"og:image:height\" content=\"606\" \/>\n\t<meta property=\"og:image:type\" content=\"image\/jpeg\" \/>\n<meta name=\"twitter:card\" content=\"summary_large_image\" \/>\n<meta name=\"twitter:site\" content=\"@Labopolis\" \/>\n<meta name=\"twitter:label1\" content=\"Est. reading time\" \/>\n\t<meta name=\"twitter:data1\" content=\"1 minute\" \/>\n<script type=\"application\/ld+json\" class=\"yoast-schema-graph\">{\"@context\":\"https:\/\/schema.org\",\"@graph\":[{\"@type\":\"WebPage\",\"@id\":\"https:\/\/www.labopolis.com\/producto\/camara-cmex-dc-2000f\/\",\"url\":\"https:\/\/www.labopolis.com\/producto\/camara-cmex-dc-2000f\/\",\"name\":\"C\u00e1mara CMEX DC.2000f - Labopolis\",\"isPartOf\":{\"@id\":\"https:\/\/www.labopolis.com\/#website\"},\"primaryImageOfPage\":{\"@id\":\"https:\/\/www.labopolis.com\/producto\/camara-cmex-dc-2000f\/#primaryimage\"},\"image\":{\"@id\":\"https:\/\/www.labopolis.com\/producto\/camara-cmex-dc-2000f\/#primaryimage\"},\"thumbnailUrl\":\"https:\/\/www.labopolis.com\/wp-content\/uploads\/2023\/07\/DC.1300c.jpg\",\"datePublished\":\"2023-07-10T11:39:44+00:00\",\"dateModified\":\"2026-02-18T17:21:47+00:00\",\"description\":\"C\u00e1mara USB 2.0 con 2,0 MP de resoluci\u00f3n (1920x1080). Montura C. Adaptadores para tubo de 23,2, 30 y 30,5 mm. de di\u00e1metro. Incluye software de an\u00e1lisis de im\u00e1genes ImageFocus Plus. Compatible con Windows 10 (32 y 64 bits) y MAC OSX. \u00a0Ficha T\u00e9cnica CMEX-2f-5f y 12f\",\"breadcrumb\":{\"@id\":\"https:\/\/www.labopolis.com\/producto\/camara-cmex-dc-2000f\/#breadcrumb\"},\"inLanguage\":\"en-US\",\"potentialAction\":[{\"@type\":\"ReadAction\",\"target\":[\"https:\/\/www.labopolis.com\/producto\/camara-cmex-dc-2000f\/\"]}]},{\"@type\":\"ImageObject\",\"inLanguage\":\"en-US\",\"@id\":\"https:\/\/www.labopolis.com\/producto\/camara-cmex-dc-2000f\/#primaryimage\",\"url\":\"https:\/\/www.labopolis.com\/wp-content\/uploads\/2023\/07\/DC.1300c.jpg\",\"contentUrl\":\"https:\/\/www.labopolis.com\/wp-content\/uploads\/2023\/07\/DC.1300c.jpg\",\"width\":800,\"height\":606,\"caption\":\"Producto\"},{\"@type\":\"BreadcrumbList\",\"@id\":\"https:\/\/www.labopolis.com\/producto\/camara-cmex-dc-2000f\/#breadcrumb\",\"itemListElement\":[{\"@type\":\"ListItem\",\"position\":1,\"name\":\"Portada\",\"item\":\"https:\/\/www.labopolis.com\/\"},{\"@type\":\"ListItem\",\"position\":2,\"name\":\"Productos\",\"item\":\"https:\/\/www.labopolis.com\/shop\/\"},{\"@type\":\"ListItem\",\"position\":3,\"name\":\"C\u00e1mara CMEX DC.2000f\"}]},{\"@type\":\"WebSite\",\"@id\":\"https:\/\/www.labopolis.com\/#website\",\"url\":\"https:\/\/www.labopolis.com\/\",\"name\":\"Labopolis\",\"description\":\"\",\"potentialAction\":[{\"@type\":\"SearchAction\",\"target\":{\"@type\":\"EntryPoint\",\"urlTemplate\":\"https:\/\/www.labopolis.com\/?s={search_term_string}\"},\"query-input\":{\"@type\":\"PropertyValueSpecification\",\"valueRequired\":true,\"valueName\":\"search_term_string\"}}],\"inLanguage\":\"en-US\"}]}<\/script>\n<!-- \/ Yoast SEO plugin. -->","yoast_head_json":{"title":"C\u00e1mara CMEX DC.2000f - Labopolis","description":"C\u00e1mara USB 2.0 con 2,0 MP de resoluci\u00f3n (1920x1080). Montura C. Adaptadores para tubo de 23,2, 30 y 30,5 mm. de di\u00e1metro. Incluye software de an\u00e1lisis de im\u00e1genes ImageFocus Plus. Compatible con Windows 10 (32 y 64 bits) y MAC OSX.  \u00a0Ficha T\u00e9cnica CMEX-2f-5f y 12f","robots":{"index":"index","follow":"follow","max-snippet":"max-snippet:-1","max-image-preview":"max-image-preview:large","max-video-preview":"max-video-preview:-1"},"canonical":"https:\/\/www.labopolis.com\/en\/product\/camara-cmex-dc-2000f\/","og_locale":"en_US","og_type":"article","og_title":"C\u00e1mara CMEX DC.2000f - Labopolis","og_description":"C\u00e1mara USB 2.0 con 2,0 MP de resoluci\u00f3n (1920x1080). Montura C. Adaptadores para tubo de 23,2, 30 y 30,5 mm. de di\u00e1metro. Incluye software de an\u00e1lisis de im\u00e1genes ImageFocus Plus. Compatible con Windows 10 (32 y 64 bits) y MAC OSX.  \u00a0Ficha T\u00e9cnica CMEX-2f-5f y 12f","og_url":"https:\/\/www.labopolis.com\/en\/product\/camara-cmex-dc-2000f\/","og_site_name":"Labopolis","article_publisher":"https:\/\/www.facebook.com\/profile.php?id=100063251679439","article_modified_time":"2026-02-18T17:21:47+00:00","og_image":[{"width":800,"height":606,"url":"https:\/\/www.labopolis.com\/wp-content\/uploads\/2023\/07\/DC.1300c.jpg","type":"image\/jpeg"}],"twitter_card":"summary_large_image","twitter_site":"@Labopolis","twitter_misc":{"Est. reading time":"1 minute"},"schema":{"@context":"https:\/\/schema.org","@graph":[{"@type":"WebPage","@id":"https:\/\/www.labopolis.com\/producto\/camara-cmex-dc-2000f\/","url":"https:\/\/www.labopolis.com\/producto\/camara-cmex-dc-2000f\/","name":"C\u00e1mara CMEX DC.2000f - Labopolis","isPartOf":{"@id":"https:\/\/www.labopolis.com\/#website"},"primaryImageOfPage":{"@id":"https:\/\/www.labopolis.com\/producto\/camara-cmex-dc-2000f\/#primaryimage"},"image":{"@id":"https:\/\/www.labopolis.com\/producto\/camara-cmex-dc-2000f\/#primaryimage"},"thumbnailUrl":"https:\/\/www.labopolis.com\/wp-content\/uploads\/2023\/07\/DC.1300c.jpg","datePublished":"2023-07-10T11:39:44+00:00","dateModified":"2026-02-18T17:21:47+00:00","description":"C\u00e1mara USB 2.0 con 2,0 MP de resoluci\u00f3n (1920x1080). Montura C. Adaptadores para tubo de 23,2, 30 y 30,5 mm. de di\u00e1metro. Incluye software de an\u00e1lisis de im\u00e1genes ImageFocus Plus. Compatible con Windows 10 (32 y 64 bits) y MAC OSX. \u00a0Ficha T\u00e9cnica CMEX-2f-5f y 12f","breadcrumb":{"@id":"https:\/\/www.labopolis.com\/producto\/camara-cmex-dc-2000f\/#breadcrumb"},"inLanguage":"en-US","potentialAction":[{"@type":"ReadAction","target":["https:\/\/www.labopolis.com\/producto\/camara-cmex-dc-2000f\/"]}]},{"@type":"ImageObject","inLanguage":"en-US","@id":"https:\/\/www.labopolis.com\/producto\/camara-cmex-dc-2000f\/#primaryimage","url":"https:\/\/www.labopolis.com\/wp-content\/uploads\/2023\/07\/DC.1300c.jpg","contentUrl":"https:\/\/www.labopolis.com\/wp-content\/uploads\/2023\/07\/DC.1300c.jpg","width":800,"height":606,"caption":"Producto"},{"@type":"BreadcrumbList","@id":"https:\/\/www.labopolis.com\/producto\/camara-cmex-dc-2000f\/#breadcrumb","itemListElement":[{"@type":"ListItem","position":1,"name":"Portada","item":"https:\/\/www.labopolis.com\/"},{"@type":"ListItem","position":2,"name":"Productos","item":"https:\/\/www.labopolis.com\/shop\/"},{"@type":"ListItem","position":3,"name":"C\u00e1mara CMEX DC.2000f"}]},{"@type":"WebSite","@id":"https:\/\/www.labopolis.com\/#website","url":"https:\/\/www.labopolis.com\/","name":"Labopolis","description":"","potentialAction":[{"@type":"SearchAction","target":{"@type":"EntryPoint","urlTemplate":"https:\/\/www.labopolis.com\/?s={search_term_string}"},"query-input":{"@type":"PropertyValueSpecification","valueRequired":true,"valueName":"search_term_string"}}],"inLanguage":"en-US"}]}},"_links":{"self":[{"href":"https:\/\/www.labopolis.com\/en\/wp-json\/wp\/v2\/product\/2533","targetHints":{"allow":["GET"]}}],"collection":[{"href":"https:\/\/www.labopolis.com\/en\/wp-json\/wp\/v2\/product"}],"about":[{"href":"https:\/\/www.labopolis.com\/en\/wp-json\/wp\/v2\/types\/product"}],"replies":[{"embeddable":true,"href":"https:\/\/www.labopolis.com\/en\/wp-json\/wp\/v2\/comments?post=2533"}],"wp:featuredmedia":[{"embeddable":true,"href":"https:\/\/www.labopolis.com\/en\/wp-json\/wp\/v2\/media\/2563"}],"wp:attachment":[{"href":"https:\/\/www.labopolis.com\/en\/wp-json\/wp\/v2\/media?parent=2533"}],"wp:term":[{"taxonomy":"product_brand","embeddable":true,"href":"https:\/\/www.labopolis.com\/en\/wp-json\/wp\/v2\/product_brand?post=2533"},{"taxonomy":"product_cat","embeddable":true,"href":"https:\/\/www.labopolis.com\/en\/wp-json\/wp\/v2\/product_cat?post=2533"},{"taxonomy":"product_tag","embeddable":true,"href":"https:\/\/www.labopolis.com\/en\/wp-json\/wp\/v2\/product_tag?post=2533"}],"curies":[{"name":"wp","href":"https:\/\/api.w.org\/{rel}","templated":true}]}}