{"id":2465,"date":"2023-07-10T11:39:18","date_gmt":"2023-07-10T11:39:18","guid":{"rendered":"https:\/\/www.labopolis.com\/?post_type=product&#038;p=2465"},"modified":"2024-02-02T18:12:13","modified_gmt":"2024-02-02T18:12:13","slug":"pipeteador-capp-tempo","status":"publish","type":"product","link":"https:\/\/www.labopolis.com\/en\/product\/pipeteador-capp-tempo\/","title":{"rendered":"Capp Tempo - Capp Tempo"},"content":{"rendered":"<p>The CAPPTempo pipettor has revolutionary features that distinguish it from other pipetters.<br \/>\n<strong>LED display<\/strong><br \/>\n- Displays suction and dispensing speeds<br \/>\n- Displays remaining battery and flashes when battery is low<br \/>\n- Display turns off after 20 seconds of inactivity to save energy<br \/>\n<strong>Adjustable speeds<\/strong><br \/>\n- Powerful motor fills 25mL in less than 12 seconds<br \/>\n- Separate speed controls for suction and dispensing modes<br \/>\n- Six different speed settings for both suction and dispensing modes<br \/>\n<strong>Electronic braking system<\/strong><br \/>\n- Apply the electronic braking system at the last moment in order to achieve the most accurate volume.<br \/>\n- Press the electronic braking system a second time to return to maximum speed.<br \/>\n- Electronic braking system maximizes speed and accuracy<br \/>\n<strong>Power supply<\/strong><br \/>\n- Fully charged lithium-ion battery provides 8 hours of continuous use<br \/>\n- The battery can be recharged while the pipette is in use.<\/p>","protected":false},"excerpt":{"rendered":"<p>Pipeteador &#8211; Capp Tempo<\/p>\n<table>\n<tbody>\n<tr>\n<td class=\"textop\" style=\"font-weight: bold;\" align=\"center\">Referencia<\/td>\n<td class=\"textop\" style=\"font-weight: bold;\" align=\"center\">Descripci\u00f3n<\/td>\n<\/tr>\n<tr>\n<td class=\"textop\" style=\"font-weight: bold;\">T100-B<\/td>\n<td class=\"textop\">Pipeteador Capp Tempo, 0,1-100mL, Azul<\/td>\n<\/tr>\n<tr>\n<td class=\"textop\" style=\"font-weight: bold;\">T100-R<\/td>\n<td class=\"textop\">Pipeteador Capp Tempo, 0,1-100mL, Rojo<\/td>\n<\/tr>\n<tr>\n<td class=\"textop\" style=\"font-weight: bold;\">T100-V<\/td>\n<td class=\"textop\">Pipeteador Capp Tempo, 0,1-100mL, Violeta<\/td>\n<\/tr>\n<tr>\n<td class=\"textop\" style=\"font-weight: bold;\">T100-G<\/td>\n<td class=\"textop\">Pipeteador Capp Tempo, 0,1-100mL, Verde<\/td>\n<\/tr>\n<tr>\n<td class=\"textop\" style=\"font-weight: bold;\">T100-CS<\/td>\n<td class=\"textop\">Soporte cargador CappTempo con conexi\u00f3n a red<\/td>\n<\/tr>\n<\/tbody>\n<\/table>\n<p>Se suministra con conexi\u00f3n a red y bater\u00eda, pero sin soporte (opcional) + un filtro instalado y uno extra de recambio<br \/>\nEl soporte T100-CS se vende conjuntamente con el pipeteador, no se vende por separado<\/p>\n<p>[sv slug=\u00bbproductos\u00bb]<\/p>\n","protected":false},"featured_media":2476,"comment_status":"open","ping_status":"closed","template":"","meta":[],"product_brand":[],"product_cat":[159],"product_tag":[],"class_list":{"0":"post-2465","1":"product","2":"type-product","3":"status-publish","4":"has-post-thumbnail","6":"product_cat-pipetas","8":"first","9":"instock","10":"taxable","11":"shipping-taxable","12":"product-type-simple"},"yoast_head":"<!-- This site is optimized with the Yoast SEO plugin v27.2 - https:\/\/yoast.com\/product\/yoast-seo-wordpress\/ -->\n<title>Pipeteador - Capp Tempo - Labopolis<\/title>\n<meta name=\"description\" content=\"Pipeteador - Capp Tempo    Referencia Descripci\u00f3n   T100-B Pipeteador Capp Tempo, 0,1-100mL, Azul   T100-R Pipeteador Capp Tempo, 0,1-100mL, Rojo   T100-V Pipeteador Capp Tempo, 0,1-100mL, Violeta   T100-G Pipeteador Capp Tempo, 0,1-100mL, Verde   T100-CS Soporte cargador CappTempo con conexi\u00f3n a red    Se suministra con conexi\u00f3n a red y bater\u00eda, pero sin soporte (opcional) + un filtro instalado y uno extra de recambio El soporte T100-CS se vende conjuntamente con el pipeteador, no se vende por separado\" \/>\n<meta name=\"robots\" content=\"index, follow, max-snippet:-1, max-image-preview:large, max-video-preview:-1\" \/>\n<link rel=\"canonical\" href=\"https:\/\/www.labopolis.com\/en\/product\/pipeteador-capp-tempo\/\" \/>\n<meta property=\"og:locale\" content=\"en_US\" \/>\n<meta property=\"og:type\" content=\"article\" \/>\n<meta property=\"og:title\" content=\"Pipeteador - Capp Tempo - Labopolis\" \/>\n<meta property=\"og:description\" content=\"Pipeteador - Capp Tempo    Referencia Descripci\u00f3n   T100-B Pipeteador Capp Tempo, 0,1-100mL, Azul   T100-R Pipeteador Capp Tempo, 0,1-100mL, Rojo   T100-V Pipeteador Capp Tempo, 0,1-100mL, Violeta   T100-G Pipeteador Capp Tempo, 0,1-100mL, Verde   T100-CS Soporte cargador CappTempo con conexi\u00f3n a red    Se suministra con conexi\u00f3n a red y bater\u00eda, pero sin soporte (opcional) + un filtro instalado y uno extra de recambio El soporte T100-CS se vende conjuntamente con el pipeteador, no se vende por separado\" \/>\n<meta property=\"og:url\" content=\"https:\/\/www.labopolis.com\/en\/product\/pipeteador-capp-tempo\/\" \/>\n<meta property=\"og:site_name\" content=\"Labopolis\" \/>\n<meta property=\"article:publisher\" content=\"https:\/\/www.facebook.com\/profile.php?id=100063251679439\" \/>\n<meta property=\"article:modified_time\" content=\"2024-02-02T18:12:13+00:00\" \/>\n<meta property=\"og:image\" content=\"https:\/\/www.labopolis.com\/wp-content\/uploads\/2023\/07\/Capp-Tempo.jpg\" \/>\n\t<meta property=\"og:image:width\" content=\"600\" \/>\n\t<meta property=\"og:image:height\" content=\"800\" \/>\n\t<meta property=\"og:image:type\" content=\"image\/jpeg\" \/>\n<meta name=\"twitter:card\" content=\"summary_large_image\" \/>\n<meta name=\"twitter:site\" content=\"@Labopolis\" \/>\n<meta name=\"twitter:label1\" content=\"Est. reading time\" \/>\n\t<meta name=\"twitter:data1\" content=\"1 minute\" \/>\n<script type=\"application\/ld+json\" class=\"yoast-schema-graph\">{\"@context\":\"https:\/\/schema.org\",\"@graph\":[{\"@type\":\"WebPage\",\"@id\":\"https:\/\/www.labopolis.com\/producto\/pipeteador-capp-tempo\/\",\"url\":\"https:\/\/www.labopolis.com\/producto\/pipeteador-capp-tempo\/\",\"name\":\"Pipeteador - Capp Tempo - Labopolis\",\"isPartOf\":{\"@id\":\"https:\/\/www.labopolis.com\/#website\"},\"primaryImageOfPage\":{\"@id\":\"https:\/\/www.labopolis.com\/producto\/pipeteador-capp-tempo\/#primaryimage\"},\"image\":{\"@id\":\"https:\/\/www.labopolis.com\/producto\/pipeteador-capp-tempo\/#primaryimage\"},\"thumbnailUrl\":\"https:\/\/www.labopolis.com\/wp-content\/uploads\/2023\/07\/Capp-Tempo.jpg\",\"datePublished\":\"2023-07-10T11:39:18+00:00\",\"dateModified\":\"2024-02-02T18:12:13+00:00\",\"description\":\"Pipeteador - Capp Tempo Referencia Descripci\u00f3n T100-B Pipeteador Capp Tempo, 0,1-100mL, Azul T100-R Pipeteador Capp Tempo, 0,1-100mL, Rojo T100-V Pipeteador Capp Tempo, 0,1-100mL, Violeta T100-G Pipeteador Capp Tempo, 0,1-100mL, Verde T100-CS Soporte cargador CappTempo con conexi\u00f3n a red Se suministra con conexi\u00f3n a red y bater\u00eda, pero sin soporte (opcional) + un filtro instalado y uno extra de recambio El soporte T100-CS se vende conjuntamente con el pipeteador, no se vende por separado\",\"breadcrumb\":{\"@id\":\"https:\/\/www.labopolis.com\/producto\/pipeteador-capp-tempo\/#breadcrumb\"},\"inLanguage\":\"en-US\",\"potentialAction\":[{\"@type\":\"ReadAction\",\"target\":[\"https:\/\/www.labopolis.com\/producto\/pipeteador-capp-tempo\/\"]}]},{\"@type\":\"ImageObject\",\"inLanguage\":\"en-US\",\"@id\":\"https:\/\/www.labopolis.com\/producto\/pipeteador-capp-tempo\/#primaryimage\",\"url\":\"https:\/\/www.labopolis.com\/wp-content\/uploads\/2023\/07\/Capp-Tempo.jpg\",\"contentUrl\":\"https:\/\/www.labopolis.com\/wp-content\/uploads\/2023\/07\/Capp-Tempo.jpg\",\"width\":600,\"height\":800,\"caption\":\"Producto\"},{\"@type\":\"BreadcrumbList\",\"@id\":\"https:\/\/www.labopolis.com\/producto\/pipeteador-capp-tempo\/#breadcrumb\",\"itemListElement\":[{\"@type\":\"ListItem\",\"position\":1,\"name\":\"Portada\",\"item\":\"https:\/\/www.labopolis.com\/\"},{\"@type\":\"ListItem\",\"position\":2,\"name\":\"Productos\",\"item\":\"https:\/\/www.labopolis.com\/shop\/\"},{\"@type\":\"ListItem\",\"position\":3,\"name\":\"Pipeteador &#8211; Capp Tempo\"}]},{\"@type\":\"WebSite\",\"@id\":\"https:\/\/www.labopolis.com\/#website\",\"url\":\"https:\/\/www.labopolis.com\/\",\"name\":\"Labopolis\",\"description\":\"\",\"potentialAction\":[{\"@type\":\"SearchAction\",\"target\":{\"@type\":\"EntryPoint\",\"urlTemplate\":\"https:\/\/www.labopolis.com\/?s={search_term_string}\"},\"query-input\":{\"@type\":\"PropertyValueSpecification\",\"valueRequired\":true,\"valueName\":\"search_term_string\"}}],\"inLanguage\":\"en-US\"}]}<\/script>\n<!-- \/ Yoast SEO plugin. -->","yoast_head_json":{"title":"Pipeteador - Capp Tempo - Labopolis","description":"Pipeteador - Capp Tempo    Referencia Descripci\u00f3n   T100-B Pipeteador Capp Tempo, 0,1-100mL, Azul   T100-R Pipeteador Capp Tempo, 0,1-100mL, Rojo   T100-V Pipeteador Capp Tempo, 0,1-100mL, Violeta   T100-G Pipeteador Capp Tempo, 0,1-100mL, Verde   T100-CS Soporte cargador CappTempo con conexi\u00f3n a red    Se suministra con conexi\u00f3n a red y bater\u00eda, pero sin soporte (opcional) + un filtro instalado y uno extra de recambio El soporte T100-CS se vende conjuntamente con el pipeteador, no se vende por separado","robots":{"index":"index","follow":"follow","max-snippet":"max-snippet:-1","max-image-preview":"max-image-preview:large","max-video-preview":"max-video-preview:-1"},"canonical":"https:\/\/www.labopolis.com\/en\/product\/pipeteador-capp-tempo\/","og_locale":"en_US","og_type":"article","og_title":"Pipeteador - Capp Tempo - Labopolis","og_description":"Pipeteador - Capp Tempo    Referencia Descripci\u00f3n   T100-B Pipeteador Capp Tempo, 0,1-100mL, Azul   T100-R Pipeteador Capp Tempo, 0,1-100mL, Rojo   T100-V Pipeteador Capp Tempo, 0,1-100mL, Violeta   T100-G Pipeteador Capp Tempo, 0,1-100mL, Verde   T100-CS Soporte cargador CappTempo con conexi\u00f3n a red    Se suministra con conexi\u00f3n a red y bater\u00eda, pero sin soporte (opcional) + un filtro instalado y uno extra de recambio El soporte T100-CS se vende conjuntamente con el pipeteador, no se vende por separado","og_url":"https:\/\/www.labopolis.com\/en\/product\/pipeteador-capp-tempo\/","og_site_name":"Labopolis","article_publisher":"https:\/\/www.facebook.com\/profile.php?id=100063251679439","article_modified_time":"2024-02-02T18:12:13+00:00","og_image":[{"width":600,"height":800,"url":"https:\/\/www.labopolis.com\/wp-content\/uploads\/2023\/07\/Capp-Tempo.jpg","type":"image\/jpeg"}],"twitter_card":"summary_large_image","twitter_site":"@Labopolis","twitter_misc":{"Est. reading time":"1 minute"},"schema":{"@context":"https:\/\/schema.org","@graph":[{"@type":"WebPage","@id":"https:\/\/www.labopolis.com\/producto\/pipeteador-capp-tempo\/","url":"https:\/\/www.labopolis.com\/producto\/pipeteador-capp-tempo\/","name":"Pipeteador - Capp Tempo - Labopolis","isPartOf":{"@id":"https:\/\/www.labopolis.com\/#website"},"primaryImageOfPage":{"@id":"https:\/\/www.labopolis.com\/producto\/pipeteador-capp-tempo\/#primaryimage"},"image":{"@id":"https:\/\/www.labopolis.com\/producto\/pipeteador-capp-tempo\/#primaryimage"},"thumbnailUrl":"https:\/\/www.labopolis.com\/wp-content\/uploads\/2023\/07\/Capp-Tempo.jpg","datePublished":"2023-07-10T11:39:18+00:00","dateModified":"2024-02-02T18:12:13+00:00","description":"Pipeteador - Capp Tempo Referencia Descripci\u00f3n T100-B Pipeteador Capp Tempo, 0,1-100mL, Azul T100-R Pipeteador Capp Tempo, 0,1-100mL, Rojo T100-V Pipeteador Capp Tempo, 0,1-100mL, Violeta T100-G Pipeteador Capp Tempo, 0,1-100mL, Verde T100-CS Soporte cargador CappTempo con conexi\u00f3n a red Se suministra con conexi\u00f3n a red y bater\u00eda, pero sin soporte (opcional) + un filtro instalado y uno extra de recambio El soporte T100-CS se vende conjuntamente con el pipeteador, no se vende por separado","breadcrumb":{"@id":"https:\/\/www.labopolis.com\/producto\/pipeteador-capp-tempo\/#breadcrumb"},"inLanguage":"en-US","potentialAction":[{"@type":"ReadAction","target":["https:\/\/www.labopolis.com\/producto\/pipeteador-capp-tempo\/"]}]},{"@type":"ImageObject","inLanguage":"en-US","@id":"https:\/\/www.labopolis.com\/producto\/pipeteador-capp-tempo\/#primaryimage","url":"https:\/\/www.labopolis.com\/wp-content\/uploads\/2023\/07\/Capp-Tempo.jpg","contentUrl":"https:\/\/www.labopolis.com\/wp-content\/uploads\/2023\/07\/Capp-Tempo.jpg","width":600,"height":800,"caption":"Producto"},{"@type":"BreadcrumbList","@id":"https:\/\/www.labopolis.com\/producto\/pipeteador-capp-tempo\/#breadcrumb","itemListElement":[{"@type":"ListItem","position":1,"name":"Portada","item":"https:\/\/www.labopolis.com\/"},{"@type":"ListItem","position":2,"name":"Productos","item":"https:\/\/www.labopolis.com\/shop\/"},{"@type":"ListItem","position":3,"name":"Pipeteador &#8211; Capp Tempo"}]},{"@type":"WebSite","@id":"https:\/\/www.labopolis.com\/#website","url":"https:\/\/www.labopolis.com\/","name":"Labopolis","description":"","potentialAction":[{"@type":"SearchAction","target":{"@type":"EntryPoint","urlTemplate":"https:\/\/www.labopolis.com\/?s={search_term_string}"},"query-input":{"@type":"PropertyValueSpecification","valueRequired":true,"valueName":"search_term_string"}}],"inLanguage":"en-US"}]}},"_links":{"self":[{"href":"https:\/\/www.labopolis.com\/en\/wp-json\/wp\/v2\/product\/2465","targetHints":{"allow":["GET"]}}],"collection":[{"href":"https:\/\/www.labopolis.com\/en\/wp-json\/wp\/v2\/product"}],"about":[{"href":"https:\/\/www.labopolis.com\/en\/wp-json\/wp\/v2\/types\/product"}],"replies":[{"embeddable":true,"href":"https:\/\/www.labopolis.com\/en\/wp-json\/wp\/v2\/comments?post=2465"}],"wp:featuredmedia":[{"embeddable":true,"href":"https:\/\/www.labopolis.com\/en\/wp-json\/wp\/v2\/media\/2476"}],"wp:attachment":[{"href":"https:\/\/www.labopolis.com\/en\/wp-json\/wp\/v2\/media?parent=2465"}],"wp:term":[{"taxonomy":"product_brand","embeddable":true,"href":"https:\/\/www.labopolis.com\/en\/wp-json\/wp\/v2\/product_brand?post=2465"},{"taxonomy":"product_cat","embeddable":true,"href":"https:\/\/www.labopolis.com\/en\/wp-json\/wp\/v2\/product_cat?post=2465"},{"taxonomy":"product_tag","embeddable":true,"href":"https:\/\/www.labopolis.com\/en\/wp-json\/wp\/v2\/product_tag?post=2465"}],"curies":[{"name":"wp","href":"https:\/\/api.w.org\/{rel}","templated":true}]}}