{"id":2108,"date":"2023-07-10T11:37:15","date_gmt":"2023-07-10T11:37:15","guid":{"rendered":"https:\/\/www.labopolis.com\/?post_type=product&#038;p=2108"},"modified":"2026-03-05T14:47:33","modified_gmt":"2026-03-05T14:47:33","slug":"medidor-ph-y-temperatura-mw102","status":"publish","type":"product","link":"https:\/\/www.labopolis.com\/en\/product\/medidor-ph-y-temperatura-mw102\/","title":{"rendered":"pH and Temperature Meter MW102"},"content":{"rendered":"<p>The MW102 PH meter is a portable PH meter with PH probe (SE220) and temperature probe (MA830R) both with 1 meter cable.<\/p>\n<p>The measuring range of the MW102 pH meter is -2.00 to 16.00 pH; Accuracy 0.01pH.<\/p>\n<p>Automatic 2-point calibration (PH7.01 and PH 4.01\/10.01); Automatic temperature compensation. Large display, ergonomic shape, safety strap; The electronics of the MW102 PH meter is modern for fast and efficient measurement.<\/p>\n<p>The PH probe (ref.: SE220) is a double joint electrode filled with electrolite solution. Electrode suitable for MW100 - MW101 - MW102.<\/p>\n<p>The MW102 PH meter is ideal for field measurements.<\/p>\n<p>The MW102 PH meter is well suited for use in agriculture, hydroponics, aquariums, fish farming, education, laboratories, swimming pools.<\/p>","protected":false},"excerpt":{"rendered":"<p>PH and Temperature Meter MW102<\/p>\n<p>Range: 0.00 to 14.00 pH; -5\u00ba to 60\u00baC<br \/>\nAutomatic 2-point calibration<br \/>\nTemperature compensation<br \/>\nSE220 \/ MA830R pH probe<\/p>","protected":false},"featured_media":2118,"comment_status":"open","ping_status":"closed","template":"","meta":[],"product_brand":[],"product_cat":[23,133],"product_tag":[],"class_list":{"0":"post-2108","1":"product","2":"type-product","3":"status-publish","4":"has-post-thumbnail","6":"product_cat-laboratorio","7":"product_cat-ph-conductividad","9":"first","10":"instock","11":"taxable","12":"shipping-taxable","13":"purchasable","14":"product-type-simple"},"yoast_head":"<!-- This site is optimized with the Yoast SEO plugin v27.2 - https:\/\/yoast.com\/product\/yoast-seo-wordpress\/ -->\n<title>Medidor pH y Temperatura MW102 - Labopolis<\/title>\n<meta name=\"description\" content=\"Medidor de PH y Temperatura MW102  Rango: 0,00 a 14,00 pH; -5\u00ba a 60\u00baC Calibraci\u00f3n autom\u00e1tica 2 puntos Compensaci\u00f3n de temperatura Sonda pH SE220 \/ MA830R\" \/>\n<meta name=\"robots\" content=\"index, follow, max-snippet:-1, max-image-preview:large, max-video-preview:-1\" \/>\n<link rel=\"canonical\" href=\"https:\/\/www.labopolis.com\/en\/product\/medidor-ph-y-temperatura-mw102\/\" \/>\n<meta property=\"og:locale\" content=\"en_US\" \/>\n<meta property=\"og:type\" content=\"article\" \/>\n<meta property=\"og:title\" content=\"Medidor pH y Temperatura MW102 - Labopolis\" \/>\n<meta property=\"og:description\" content=\"Medidor de PH y Temperatura MW102  Rango: 0,00 a 14,00 pH; -5\u00ba a 60\u00baC Calibraci\u00f3n autom\u00e1tica 2 puntos Compensaci\u00f3n de temperatura Sonda pH SE220 \/ MA830R\" \/>\n<meta property=\"og:url\" content=\"https:\/\/www.labopolis.com\/en\/product\/medidor-ph-y-temperatura-mw102\/\" \/>\n<meta property=\"og:site_name\" content=\"Labopolis\" \/>\n<meta property=\"article:publisher\" content=\"https:\/\/www.facebook.com\/profile.php?id=100063251679439\" \/>\n<meta property=\"article:modified_time\" content=\"2026-03-05T14:47:33+00:00\" \/>\n<meta property=\"og:image\" content=\"https:\/\/www.labopolis.com\/wp-content\/uploads\/2023\/07\/MW102-copy.jpg\" \/>\n\t<meta property=\"og:image:width\" content=\"1173\" \/>\n\t<meta property=\"og:image:height\" content=\"1173\" \/>\n\t<meta property=\"og:image:type\" content=\"image\/jpeg\" \/>\n<meta name=\"twitter:card\" content=\"summary_large_image\" \/>\n<meta name=\"twitter:site\" content=\"@Labopolis\" \/>\n<meta name=\"twitter:label1\" content=\"Est. reading time\" \/>\n\t<meta name=\"twitter:data1\" content=\"1 minute\" \/>\n<script type=\"application\/ld+json\" class=\"yoast-schema-graph\">{\"@context\":\"https:\/\/schema.org\",\"@graph\":[{\"@type\":\"WebPage\",\"@id\":\"https:\/\/www.labopolis.com\/producto\/medidor-ph-y-temperatura-mw102\/\",\"url\":\"https:\/\/www.labopolis.com\/producto\/medidor-ph-y-temperatura-mw102\/\",\"name\":\"Medidor pH y Temperatura MW102 - Labopolis\",\"isPartOf\":{\"@id\":\"https:\/\/www.labopolis.com\/#website\"},\"primaryImageOfPage\":{\"@id\":\"https:\/\/www.labopolis.com\/producto\/medidor-ph-y-temperatura-mw102\/#primaryimage\"},\"image\":{\"@id\":\"https:\/\/www.labopolis.com\/producto\/medidor-ph-y-temperatura-mw102\/#primaryimage\"},\"thumbnailUrl\":\"https:\/\/www.labopolis.com\/wp-content\/uploads\/2023\/07\/MW102-copy.jpg\",\"datePublished\":\"2023-07-10T11:37:15+00:00\",\"dateModified\":\"2026-03-05T14:47:33+00:00\",\"description\":\"Medidor de PH y Temperatura MW102 Rango: 0,00 a 14,00 pH; -5\u00ba a 60\u00baC Calibraci\u00f3n autom\u00e1tica 2 puntos Compensaci\u00f3n de temperatura Sonda pH SE220 \/ MA830R\",\"breadcrumb\":{\"@id\":\"https:\/\/www.labopolis.com\/producto\/medidor-ph-y-temperatura-mw102\/#breadcrumb\"},\"inLanguage\":\"en-US\",\"potentialAction\":[{\"@type\":\"ReadAction\",\"target\":[\"https:\/\/www.labopolis.com\/producto\/medidor-ph-y-temperatura-mw102\/\"]}]},{\"@type\":\"ImageObject\",\"inLanguage\":\"en-US\",\"@id\":\"https:\/\/www.labopolis.com\/producto\/medidor-ph-y-temperatura-mw102\/#primaryimage\",\"url\":\"https:\/\/www.labopolis.com\/wp-content\/uploads\/2023\/07\/MW102-copy.jpg\",\"contentUrl\":\"https:\/\/www.labopolis.com\/wp-content\/uploads\/2023\/07\/MW102-copy.jpg\",\"width\":1173,\"height\":1173,\"caption\":\"Producto\"},{\"@type\":\"BreadcrumbList\",\"@id\":\"https:\/\/www.labopolis.com\/producto\/medidor-ph-y-temperatura-mw102\/#breadcrumb\",\"itemListElement\":[{\"@type\":\"ListItem\",\"position\":1,\"name\":\"Portada\",\"item\":\"https:\/\/www.labopolis.com\/\"},{\"@type\":\"ListItem\",\"position\":2,\"name\":\"Productos\",\"item\":\"https:\/\/www.labopolis.com\/shop\/\"},{\"@type\":\"ListItem\",\"position\":3,\"name\":\"Medidor pH y Temperatura MW102\"}]},{\"@type\":\"WebSite\",\"@id\":\"https:\/\/www.labopolis.com\/#website\",\"url\":\"https:\/\/www.labopolis.com\/\",\"name\":\"Labopolis\",\"description\":\"\",\"potentialAction\":[{\"@type\":\"SearchAction\",\"target\":{\"@type\":\"EntryPoint\",\"urlTemplate\":\"https:\/\/www.labopolis.com\/?s={search_term_string}\"},\"query-input\":{\"@type\":\"PropertyValueSpecification\",\"valueRequired\":true,\"valueName\":\"search_term_string\"}}],\"inLanguage\":\"en-US\"}]}<\/script>\n<!-- \/ Yoast SEO plugin. -->","yoast_head_json":{"title":"Medidor pH y Temperatura MW102 - Labopolis","description":"Medidor de PH y Temperatura MW102  Rango: 0,00 a 14,00 pH; -5\u00ba a 60\u00baC Calibraci\u00f3n autom\u00e1tica 2 puntos Compensaci\u00f3n de temperatura Sonda pH SE220 \/ MA830R","robots":{"index":"index","follow":"follow","max-snippet":"max-snippet:-1","max-image-preview":"max-image-preview:large","max-video-preview":"max-video-preview:-1"},"canonical":"https:\/\/www.labopolis.com\/en\/product\/medidor-ph-y-temperatura-mw102\/","og_locale":"en_US","og_type":"article","og_title":"Medidor pH y Temperatura MW102 - Labopolis","og_description":"Medidor de PH y Temperatura MW102  Rango: 0,00 a 14,00 pH; -5\u00ba a 60\u00baC Calibraci\u00f3n autom\u00e1tica 2 puntos Compensaci\u00f3n de temperatura Sonda pH SE220 \/ MA830R","og_url":"https:\/\/www.labopolis.com\/en\/product\/medidor-ph-y-temperatura-mw102\/","og_site_name":"Labopolis","article_publisher":"https:\/\/www.facebook.com\/profile.php?id=100063251679439","article_modified_time":"2026-03-05T14:47:33+00:00","og_image":[{"width":1173,"height":1173,"url":"https:\/\/www.labopolis.com\/wp-content\/uploads\/2023\/07\/MW102-copy.jpg","type":"image\/jpeg"}],"twitter_card":"summary_large_image","twitter_site":"@Labopolis","twitter_misc":{"Est. reading time":"1 minute"},"schema":{"@context":"https:\/\/schema.org","@graph":[{"@type":"WebPage","@id":"https:\/\/www.labopolis.com\/producto\/medidor-ph-y-temperatura-mw102\/","url":"https:\/\/www.labopolis.com\/producto\/medidor-ph-y-temperatura-mw102\/","name":"Medidor pH y Temperatura MW102 - Labopolis","isPartOf":{"@id":"https:\/\/www.labopolis.com\/#website"},"primaryImageOfPage":{"@id":"https:\/\/www.labopolis.com\/producto\/medidor-ph-y-temperatura-mw102\/#primaryimage"},"image":{"@id":"https:\/\/www.labopolis.com\/producto\/medidor-ph-y-temperatura-mw102\/#primaryimage"},"thumbnailUrl":"https:\/\/www.labopolis.com\/wp-content\/uploads\/2023\/07\/MW102-copy.jpg","datePublished":"2023-07-10T11:37:15+00:00","dateModified":"2026-03-05T14:47:33+00:00","description":"Medidor de PH y Temperatura MW102 Rango: 0,00 a 14,00 pH; -5\u00ba a 60\u00baC Calibraci\u00f3n autom\u00e1tica 2 puntos Compensaci\u00f3n de temperatura Sonda pH SE220 \/ MA830R","breadcrumb":{"@id":"https:\/\/www.labopolis.com\/producto\/medidor-ph-y-temperatura-mw102\/#breadcrumb"},"inLanguage":"en-US","potentialAction":[{"@type":"ReadAction","target":["https:\/\/www.labopolis.com\/producto\/medidor-ph-y-temperatura-mw102\/"]}]},{"@type":"ImageObject","inLanguage":"en-US","@id":"https:\/\/www.labopolis.com\/producto\/medidor-ph-y-temperatura-mw102\/#primaryimage","url":"https:\/\/www.labopolis.com\/wp-content\/uploads\/2023\/07\/MW102-copy.jpg","contentUrl":"https:\/\/www.labopolis.com\/wp-content\/uploads\/2023\/07\/MW102-copy.jpg","width":1173,"height":1173,"caption":"Producto"},{"@type":"BreadcrumbList","@id":"https:\/\/www.labopolis.com\/producto\/medidor-ph-y-temperatura-mw102\/#breadcrumb","itemListElement":[{"@type":"ListItem","position":1,"name":"Portada","item":"https:\/\/www.labopolis.com\/"},{"@type":"ListItem","position":2,"name":"Productos","item":"https:\/\/www.labopolis.com\/shop\/"},{"@type":"ListItem","position":3,"name":"Medidor pH y Temperatura MW102"}]},{"@type":"WebSite","@id":"https:\/\/www.labopolis.com\/#website","url":"https:\/\/www.labopolis.com\/","name":"Labopolis","description":"","potentialAction":[{"@type":"SearchAction","target":{"@type":"EntryPoint","urlTemplate":"https:\/\/www.labopolis.com\/?s={search_term_string}"},"query-input":{"@type":"PropertyValueSpecification","valueRequired":true,"valueName":"search_term_string"}}],"inLanguage":"en-US"}]}},"_links":{"self":[{"href":"https:\/\/www.labopolis.com\/en\/wp-json\/wp\/v2\/product\/2108","targetHints":{"allow":["GET"]}}],"collection":[{"href":"https:\/\/www.labopolis.com\/en\/wp-json\/wp\/v2\/product"}],"about":[{"href":"https:\/\/www.labopolis.com\/en\/wp-json\/wp\/v2\/types\/product"}],"replies":[{"embeddable":true,"href":"https:\/\/www.labopolis.com\/en\/wp-json\/wp\/v2\/comments?post=2108"}],"wp:featuredmedia":[{"embeddable":true,"href":"https:\/\/www.labopolis.com\/en\/wp-json\/wp\/v2\/media\/2118"}],"wp:attachment":[{"href":"https:\/\/www.labopolis.com\/en\/wp-json\/wp\/v2\/media?parent=2108"}],"wp:term":[{"taxonomy":"product_brand","embeddable":true,"href":"https:\/\/www.labopolis.com\/en\/wp-json\/wp\/v2\/product_brand?post=2108"},{"taxonomy":"product_cat","embeddable":true,"href":"https:\/\/www.labopolis.com\/en\/wp-json\/wp\/v2\/product_cat?post=2108"},{"taxonomy":"product_tag","embeddable":true,"href":"https:\/\/www.labopolis.com\/en\/wp-json\/wp\/v2\/product_tag?post=2108"}],"curies":[{"name":"wp","href":"https:\/\/api.w.org\/{rel}","templated":true}]}}