{"id":1538,"date":"2023-07-10T11:34:14","date_gmt":"2023-07-10T11:34:14","guid":{"rendered":"https:\/\/www.labopolis.com\/?post_type=product&#038;p=1538"},"modified":"2025-06-23T10:41:51","modified_gmt":"2025-06-23T10:41:51","slug":"tamizadora-electromagnetica-20ct-200","status":"publish","type":"product","link":"https:\/\/www.labopolis.com\/en\/product\/tamizadora-electromagnetica-20ct-200\/","title":{"rendered":"Digital Electromagnetic sieve shaker 20CT-200"},"content":{"rendered":"<p><span style=\"color: #6f6f6f;\">Digital Electromagnetic Sieve Shaker 20CT-200 manufactured by Labopolis<\/span><\/p>\n<div class=\"contenido\">Model: 20CT-200<\/div>","protected":false},"excerpt":{"rendered":"<p>Digital electromagnetic sieve shaker 20CT-200 for test sieves \u00d8200mm\/ \u00d8203m.<br \/>\n<strong>Robust housing made of stainless steel. AISI-304 polished<\/strong><br \/>\n3D Motion<br \/>\nContinuous and intermittent screening<br \/>\nSuitable for food use<br \/>\nDry and wet screening<br \/>\nEasy and intuitive control panel, with control of amplitude, time, vibration adjustment<br \/>\nRepeatability of tests<br \/>\nInstruction Manual<br \/>\nCE Certified<br \/>\nTest sieves not included<br \/>\n<em><strong><a class=\"ficha-tecnica-es\" href=\"https:\/\/www.labopolis.com\/wp-content\/uploads\/2023\/07\/Tamizadora-Electromagnetica-20CT-200.pdf\" target=\"_blank\" rel=\"noopener\"><i class=\"fas fa-file-alt\"><\/i>\u00a0Technical Data Sheet 20CT-200<\/a><\/strong><\/em><\/p>\n<p><em><strong><a class=\"ficha-tecnica-en\" href=\"https:\/\/www.labopolis.com\/wp-content\/uploads\/2023\/07\/Digital-Electromagnetic-sieve-shaker-20CT-200_EN.pdf\" target=\"_blank\" rel=\"noopener\"><i class=\"fas fa-file-alt\"><\/i>\u00a0Technical Data Sheet 20CT-200<\/a><\/strong><\/em><\/p>","protected":false},"featured_media":1540,"comment_status":"open","ping_status":"closed","template":"","meta":[],"product_brand":[],"product_cat":[23,132],"product_tag":[],"class_list":{"0":"post-1538","1":"product","2":"type-product","3":"status-publish","4":"has-post-thumbnail","6":"product_cat-laboratorio","7":"product_cat-tamizadoras-laboratorio","9":"first","10":"instock","11":"taxable","12":"shipping-taxable","13":"purchasable","14":"product-type-simple"},"yoast_head":"<!-- This site is optimized with the Yoast SEO plugin v27.2 - https:\/\/yoast.com\/product\/yoast-seo-wordpress\/ -->\n<title>Tamizadora Electromagn\u00e9tica 20CT-200 - Labopolis<\/title>\n<meta name=\"description\" content=\"Tamizadora electromagn\u00e9tica digital 20CT-200 Labopolis, fabricada con carcasa en acero inoxidable AISI-304 y panel digital de \u00faltima generaci\u00f3n\" \/>\n<meta name=\"robots\" content=\"index, follow, max-snippet:-1, max-image-preview:large, max-video-preview:-1\" \/>\n<link rel=\"canonical\" href=\"https:\/\/www.labopolis.com\/en\/product\/tamizadora-electromagnetica-20ct-200\/\" \/>\n<meta property=\"og:locale\" content=\"en_US\" \/>\n<meta property=\"og:type\" content=\"article\" \/>\n<meta property=\"og:title\" content=\"Tamizadora Electromagn\u00e9tica 20CT-200 - Labopolis\" \/>\n<meta property=\"og:description\" content=\"Tamizadora electromagn\u00e9tica digital 20CT-200 Labopolis, fabricada con carcasa en acero inoxidable AISI-304 y panel digital de \u00faltima generaci\u00f3n\" \/>\n<meta property=\"og:url\" content=\"https:\/\/www.labopolis.com\/en\/product\/tamizadora-electromagnetica-20ct-200\/\" \/>\n<meta property=\"og:site_name\" content=\"Labopolis\" \/>\n<meta property=\"article:publisher\" content=\"https:\/\/www.facebook.com\/profile.php?id=100063251679439\" \/>\n<meta property=\"article:modified_time\" content=\"2025-06-23T10:41:51+00:00\" \/>\n<meta property=\"og:image\" content=\"https:\/\/www.labopolis.com\/wp-content\/uploads\/2023\/07\/20ct-200_50WEB-1.gif\" \/>\n\t<meta property=\"og:image:width\" content=\"425\" \/>\n\t<meta property=\"og:image:height\" content=\"567\" \/>\n\t<meta property=\"og:image:type\" content=\"image\/gif\" \/>\n<meta name=\"twitter:card\" content=\"summary_large_image\" \/>\n<meta name=\"twitter:site\" content=\"@Labopolis\" \/>\n<meta name=\"twitter:label1\" content=\"Est. reading time\" \/>\n\t<meta name=\"twitter:data1\" content=\"1 minute\" \/>\n<script type=\"application\/ld+json\" class=\"yoast-schema-graph\">{\"@context\":\"https:\/\/schema.org\",\"@graph\":[{\"@type\":\"WebPage\",\"@id\":\"https:\/\/www.labopolis.com\/producto\/tamizadora-electromagnetica-20ct-200\/\",\"url\":\"https:\/\/www.labopolis.com\/producto\/tamizadora-electromagnetica-20ct-200\/\",\"name\":\"Tamizadora Electromagn\u00e9tica 20CT-200 - Labopolis\",\"isPartOf\":{\"@id\":\"https:\/\/www.labopolis.com\/#website\"},\"primaryImageOfPage\":{\"@id\":\"https:\/\/www.labopolis.com\/producto\/tamizadora-electromagnetica-20ct-200\/#primaryimage\"},\"image\":{\"@id\":\"https:\/\/www.labopolis.com\/producto\/tamizadora-electromagnetica-20ct-200\/#primaryimage\"},\"thumbnailUrl\":\"https:\/\/www.labopolis.com\/wp-content\/uploads\/2023\/07\/20ct-200_50WEB-1.gif\",\"datePublished\":\"2023-07-10T11:34:14+00:00\",\"dateModified\":\"2025-06-23T10:41:51+00:00\",\"description\":\"Tamizadora electromagn\u00e9tica digital 20CT-200 Labopolis, fabricada con carcasa en acero inoxidable AISI-304 y panel digital de \u00faltima generaci\u00f3n\",\"breadcrumb\":{\"@id\":\"https:\/\/www.labopolis.com\/producto\/tamizadora-electromagnetica-20ct-200\/#breadcrumb\"},\"inLanguage\":\"en-US\",\"potentialAction\":[{\"@type\":\"ReadAction\",\"target\":[\"https:\/\/www.labopolis.com\/producto\/tamizadora-electromagnetica-20ct-200\/\"]}]},{\"@type\":\"ImageObject\",\"inLanguage\":\"en-US\",\"@id\":\"https:\/\/www.labopolis.com\/producto\/tamizadora-electromagnetica-20ct-200\/#primaryimage\",\"url\":\"https:\/\/www.labopolis.com\/wp-content\/uploads\/2023\/07\/20ct-200_50WEB-1.gif\",\"contentUrl\":\"https:\/\/www.labopolis.com\/wp-content\/uploads\/2023\/07\/20ct-200_50WEB-1.gif\",\"width\":425,\"height\":567,\"caption\":\"Producto\"},{\"@type\":\"BreadcrumbList\",\"@id\":\"https:\/\/www.labopolis.com\/producto\/tamizadora-electromagnetica-20ct-200\/#breadcrumb\",\"itemListElement\":[{\"@type\":\"ListItem\",\"position\":1,\"name\":\"Portada\",\"item\":\"https:\/\/www.labopolis.com\/\"},{\"@type\":\"ListItem\",\"position\":2,\"name\":\"Productos\",\"item\":\"https:\/\/www.labopolis.com\/shop\/\"},{\"@type\":\"ListItem\",\"position\":3,\"name\":\"Tamizadora Electromagn\u00e9tica 20CT-200\"}]},{\"@type\":\"WebSite\",\"@id\":\"https:\/\/www.labopolis.com\/#website\",\"url\":\"https:\/\/www.labopolis.com\/\",\"name\":\"Labopolis\",\"description\":\"\",\"potentialAction\":[{\"@type\":\"SearchAction\",\"target\":{\"@type\":\"EntryPoint\",\"urlTemplate\":\"https:\/\/www.labopolis.com\/?s={search_term_string}\"},\"query-input\":{\"@type\":\"PropertyValueSpecification\",\"valueRequired\":true,\"valueName\":\"search_term_string\"}}],\"inLanguage\":\"en-US\"}]}<\/script>\n<!-- \/ Yoast SEO plugin. -->","yoast_head_json":{"title":"Tamizadora Electromagn\u00e9tica 20CT-200 - Labopolis","description":"Tamizadora electromagn\u00e9tica digital 20CT-200 Labopolis, fabricada con carcasa en acero inoxidable AISI-304 y panel digital de \u00faltima generaci\u00f3n","robots":{"index":"index","follow":"follow","max-snippet":"max-snippet:-1","max-image-preview":"max-image-preview:large","max-video-preview":"max-video-preview:-1"},"canonical":"https:\/\/www.labopolis.com\/en\/product\/tamizadora-electromagnetica-20ct-200\/","og_locale":"en_US","og_type":"article","og_title":"Tamizadora Electromagn\u00e9tica 20CT-200 - Labopolis","og_description":"Tamizadora electromagn\u00e9tica digital 20CT-200 Labopolis, fabricada con carcasa en acero inoxidable AISI-304 y panel digital de \u00faltima generaci\u00f3n","og_url":"https:\/\/www.labopolis.com\/en\/product\/tamizadora-electromagnetica-20ct-200\/","og_site_name":"Labopolis","article_publisher":"https:\/\/www.facebook.com\/profile.php?id=100063251679439","article_modified_time":"2025-06-23T10:41:51+00:00","og_image":[{"width":425,"height":567,"url":"https:\/\/www.labopolis.com\/wp-content\/uploads\/2023\/07\/20ct-200_50WEB-1.gif","type":"image\/gif"}],"twitter_card":"summary_large_image","twitter_site":"@Labopolis","twitter_misc":{"Est. reading time":"1 minute"},"schema":{"@context":"https:\/\/schema.org","@graph":[{"@type":"WebPage","@id":"https:\/\/www.labopolis.com\/producto\/tamizadora-electromagnetica-20ct-200\/","url":"https:\/\/www.labopolis.com\/producto\/tamizadora-electromagnetica-20ct-200\/","name":"Tamizadora Electromagn\u00e9tica 20CT-200 - Labopolis","isPartOf":{"@id":"https:\/\/www.labopolis.com\/#website"},"primaryImageOfPage":{"@id":"https:\/\/www.labopolis.com\/producto\/tamizadora-electromagnetica-20ct-200\/#primaryimage"},"image":{"@id":"https:\/\/www.labopolis.com\/producto\/tamizadora-electromagnetica-20ct-200\/#primaryimage"},"thumbnailUrl":"https:\/\/www.labopolis.com\/wp-content\/uploads\/2023\/07\/20ct-200_50WEB-1.gif","datePublished":"2023-07-10T11:34:14+00:00","dateModified":"2025-06-23T10:41:51+00:00","description":"Tamizadora electromagn\u00e9tica digital 20CT-200 Labopolis, fabricada con carcasa en acero inoxidable AISI-304 y panel digital de \u00faltima generaci\u00f3n","breadcrumb":{"@id":"https:\/\/www.labopolis.com\/producto\/tamizadora-electromagnetica-20ct-200\/#breadcrumb"},"inLanguage":"en-US","potentialAction":[{"@type":"ReadAction","target":["https:\/\/www.labopolis.com\/producto\/tamizadora-electromagnetica-20ct-200\/"]}]},{"@type":"ImageObject","inLanguage":"en-US","@id":"https:\/\/www.labopolis.com\/producto\/tamizadora-electromagnetica-20ct-200\/#primaryimage","url":"https:\/\/www.labopolis.com\/wp-content\/uploads\/2023\/07\/20ct-200_50WEB-1.gif","contentUrl":"https:\/\/www.labopolis.com\/wp-content\/uploads\/2023\/07\/20ct-200_50WEB-1.gif","width":425,"height":567,"caption":"Producto"},{"@type":"BreadcrumbList","@id":"https:\/\/www.labopolis.com\/producto\/tamizadora-electromagnetica-20ct-200\/#breadcrumb","itemListElement":[{"@type":"ListItem","position":1,"name":"Portada","item":"https:\/\/www.labopolis.com\/"},{"@type":"ListItem","position":2,"name":"Productos","item":"https:\/\/www.labopolis.com\/shop\/"},{"@type":"ListItem","position":3,"name":"Tamizadora Electromagn\u00e9tica 20CT-200"}]},{"@type":"WebSite","@id":"https:\/\/www.labopolis.com\/#website","url":"https:\/\/www.labopolis.com\/","name":"Labopolis","description":"","potentialAction":[{"@type":"SearchAction","target":{"@type":"EntryPoint","urlTemplate":"https:\/\/www.labopolis.com\/?s={search_term_string}"},"query-input":{"@type":"PropertyValueSpecification","valueRequired":true,"valueName":"search_term_string"}}],"inLanguage":"en-US"}]}},"_links":{"self":[{"href":"https:\/\/www.labopolis.com\/en\/wp-json\/wp\/v2\/product\/1538","targetHints":{"allow":["GET"]}}],"collection":[{"href":"https:\/\/www.labopolis.com\/en\/wp-json\/wp\/v2\/product"}],"about":[{"href":"https:\/\/www.labopolis.com\/en\/wp-json\/wp\/v2\/types\/product"}],"replies":[{"embeddable":true,"href":"https:\/\/www.labopolis.com\/en\/wp-json\/wp\/v2\/comments?post=1538"}],"wp:featuredmedia":[{"embeddable":true,"href":"https:\/\/www.labopolis.com\/en\/wp-json\/wp\/v2\/media\/1540"}],"wp:attachment":[{"href":"https:\/\/www.labopolis.com\/en\/wp-json\/wp\/v2\/media?parent=1538"}],"wp:term":[{"taxonomy":"product_brand","embeddable":true,"href":"https:\/\/www.labopolis.com\/en\/wp-json\/wp\/v2\/product_brand?post=1538"},{"taxonomy":"product_cat","embeddable":true,"href":"https:\/\/www.labopolis.com\/en\/wp-json\/wp\/v2\/product_cat?post=1538"},{"taxonomy":"product_tag","embeddable":true,"href":"https:\/\/www.labopolis.com\/en\/wp-json\/wp\/v2\/product_tag?post=1538"}],"curies":[{"name":"wp","href":"https:\/\/api.w.org\/{rel}","templated":true}]}}