{"id":1347,"date":"2023-07-10T11:33:30","date_gmt":"2023-07-10T11:33:30","guid":{"rendered":"https:\/\/www.labopolis.com\/?post_type=product&#038;p=1347"},"modified":"2025-01-27T12:17:44","modified_gmt":"2025-01-27T12:17:44","slug":"hornos-electricos-alta-temperatura-con-camara-de-fibra","status":"publish","type":"product","link":"https:\/\/www.labopolis.com\/en\/product\/hornos-electricos-alta-temperatura-con-camara-de-fibra\/","title":{"rendered":"High temperature electric furnaces with fiber chamber"},"content":{"rendered":"<p>High Temperature Furnace with fiber chamber. Models with temperature 1100\u00baC, 1200\u00baC and 1300\u00baC. Side door opening.<br \/>\nBasic Equipment<br \/>\n- One-piece chamber made of insulating fibers<br \/>\n- Microprocessor temperature controller OMRON E5CC<br \/>\n- Heating elements inserted in the chamber fiber (in models up to 1100\u00ba C)<br \/>\n- Ceramic plates<br \/>\n- High quality, environmentally friendly thermal insulation material<br \/>\n- Low power consumption<br \/>\n- Rapid warm-up period<br \/>\n- High level of accuracy<br \/>\n- Powder painted exterior (RAL 7035)<\/p>\n<p>The models are equipped as standard with a non-programmable OMROM E5CC temperature controller with 1 program and 2 steps, but can optionally be ordered with programmable temperature controllers such as the OMROM E5CC-T, with 8 programs and 32 steps. Other options such as buzzer, PC connection, overtemperature protection, timer, etc., can be added to these models.<\/p>","protected":false},"excerpt":{"rendered":"<p>High temperature electric furnaces with fiber chamber<\/p>\n<p><strong><em><a class=\"ficha-tecnica-es\" href=\"https:\/\/www.labopolis.com\/wp-content\/uploads\/2015\/03\/Hornos_fibra_Alta_Temperatura.pdf\" target=\"_blank\" rel=\"noopener noreferrer\"><i class=\"fas fa-file-alt\"><\/i>\u00a0Technical Data Sheet Furnaces with High Temperature Fiber Chamber<\/a><br \/>\n<a class=\"ficha-tecnica-en\" href=\"https:\/\/www.labopolis.com\/wp-content\/uploads\/2024\/10\/Hornos_fibra_Alta_Temperatura_EN.pdf\" target=\"_blank\" rel=\"noopener\"><i class=\"fas fa-file-alt\"><\/i> Technical Datasheet High Temperature Muffle furnaces<\/a><\/em><\/strong><\/p>","protected":false},"featured_media":1369,"comment_status":"open","ping_status":"closed","template":"","meta":[],"product_brand":[],"product_cat":[30,23],"product_tag":[],"class_list":{"0":"post-1347","1":"product","2":"type-product","3":"status-publish","4":"has-post-thumbnail","6":"product_cat-hornos","7":"product_cat-laboratorio","9":"first","10":"instock","11":"taxable","12":"shipping-taxable","13":"purchasable","14":"product-type-variable"},"yoast_head":"<!-- This site is optimized with the Yoast SEO plugin v27.2 - https:\/\/yoast.com\/product\/yoast-seo-wordpress\/ -->\n<title>Hornos el\u00e9ctricos Alta Temperatura con c\u00e1mara de fibra - Labopolis<\/title>\n<meta name=\"description\" content=\"Hornos el\u00e9ctricos Alta Temperatura con c\u00e1mara de fibra  \u00a0Ficha T\u00e9cnica Hornos con c\u00e1mara de fibra Alta Temperatura  Technical Datasheet High Temperature Muffle furnaces\" \/>\n<meta name=\"robots\" content=\"index, follow, max-snippet:-1, max-image-preview:large, max-video-preview:-1\" \/>\n<link rel=\"canonical\" href=\"https:\/\/www.labopolis.com\/en\/product\/hornos-electricos-alta-temperatura-con-camara-de-fibra\/\" \/>\n<meta property=\"og:locale\" content=\"en_US\" \/>\n<meta property=\"og:type\" content=\"article\" \/>\n<meta property=\"og:title\" content=\"Hornos el\u00e9ctricos Alta Temperatura con c\u00e1mara de fibra - Labopolis\" \/>\n<meta property=\"og:description\" content=\"Hornos el\u00e9ctricos Alta Temperatura con c\u00e1mara de fibra  \u00a0Ficha T\u00e9cnica Hornos con c\u00e1mara de fibra Alta Temperatura  Technical Datasheet High Temperature Muffle furnaces\" \/>\n<meta property=\"og:url\" content=\"https:\/\/www.labopolis.com\/en\/product\/hornos-electricos-alta-temperatura-con-camara-de-fibra\/\" \/>\n<meta property=\"og:site_name\" content=\"Labopolis\" \/>\n<meta property=\"article:publisher\" content=\"https:\/\/www.facebook.com\/profile.php?id=100063251679439\" \/>\n<meta property=\"article:modified_time\" content=\"2025-01-27T12:17:44+00:00\" \/>\n<meta property=\"og:image\" content=\"https:\/\/www.labopolis.com\/wp-content\/uploads\/2023\/07\/80-1100LSF01FIB.jpg\" \/>\n\t<meta property=\"og:image:width\" content=\"391\" \/>\n\t<meta property=\"og:image:height\" content=\"387\" \/>\n\t<meta property=\"og:image:type\" content=\"image\/jpeg\" \/>\n<meta name=\"twitter:card\" content=\"summary_large_image\" \/>\n<meta name=\"twitter:site\" content=\"@Labopolis\" \/>\n<meta name=\"twitter:label1\" content=\"Est. reading time\" \/>\n\t<meta name=\"twitter:data1\" content=\"1 minute\" \/>\n<script type=\"application\/ld+json\" class=\"yoast-schema-graph\">{\"@context\":\"https:\/\/schema.org\",\"@graph\":[{\"@type\":\"WebPage\",\"@id\":\"https:\/\/www.labopolis.com\/producto\/hornos-electricos-alta-temperatura-con-camara-de-fibra\/\",\"url\":\"https:\/\/www.labopolis.com\/producto\/hornos-electricos-alta-temperatura-con-camara-de-fibra\/\",\"name\":\"Hornos el\u00e9ctricos Alta Temperatura con c\u00e1mara de fibra - Labopolis\",\"isPartOf\":{\"@id\":\"https:\/\/www.labopolis.com\/#website\"},\"primaryImageOfPage\":{\"@id\":\"https:\/\/www.labopolis.com\/producto\/hornos-electricos-alta-temperatura-con-camara-de-fibra\/#primaryimage\"},\"image\":{\"@id\":\"https:\/\/www.labopolis.com\/producto\/hornos-electricos-alta-temperatura-con-camara-de-fibra\/#primaryimage\"},\"thumbnailUrl\":\"https:\/\/www.labopolis.com\/wp-content\/uploads\/2023\/07\/80-1100LSF01FIB.jpg\",\"datePublished\":\"2023-07-10T11:33:30+00:00\",\"dateModified\":\"2025-01-27T12:17:44+00:00\",\"description\":\"Hornos el\u00e9ctricos Alta Temperatura con c\u00e1mara de fibra \u00a0Ficha T\u00e9cnica Hornos con c\u00e1mara de fibra Alta Temperatura Technical Datasheet High Temperature Muffle furnaces\",\"breadcrumb\":{\"@id\":\"https:\/\/www.labopolis.com\/producto\/hornos-electricos-alta-temperatura-con-camara-de-fibra\/#breadcrumb\"},\"inLanguage\":\"en-US\",\"potentialAction\":[{\"@type\":\"ReadAction\",\"target\":[\"https:\/\/www.labopolis.com\/producto\/hornos-electricos-alta-temperatura-con-camara-de-fibra\/\"]}]},{\"@type\":\"ImageObject\",\"inLanguage\":\"en-US\",\"@id\":\"https:\/\/www.labopolis.com\/producto\/hornos-electricos-alta-temperatura-con-camara-de-fibra\/#primaryimage\",\"url\":\"https:\/\/www.labopolis.com\/wp-content\/uploads\/2023\/07\/80-1100LSF01FIB.jpg\",\"contentUrl\":\"https:\/\/www.labopolis.com\/wp-content\/uploads\/2023\/07\/80-1100LSF01FIB.jpg\",\"width\":391,\"height\":387,\"caption\":\"Producto\"},{\"@type\":\"BreadcrumbList\",\"@id\":\"https:\/\/www.labopolis.com\/producto\/hornos-electricos-alta-temperatura-con-camara-de-fibra\/#breadcrumb\",\"itemListElement\":[{\"@type\":\"ListItem\",\"position\":1,\"name\":\"Portada\",\"item\":\"https:\/\/www.labopolis.com\/\"},{\"@type\":\"ListItem\",\"position\":2,\"name\":\"Productos\",\"item\":\"https:\/\/www.labopolis.com\/shop\/\"},{\"@type\":\"ListItem\",\"position\":3,\"name\":\"Hornos el\u00e9ctricos Alta Temperatura con c\u00e1mara de fibra\"}]},{\"@type\":\"WebSite\",\"@id\":\"https:\/\/www.labopolis.com\/#website\",\"url\":\"https:\/\/www.labopolis.com\/\",\"name\":\"Labopolis\",\"description\":\"\",\"potentialAction\":[{\"@type\":\"SearchAction\",\"target\":{\"@type\":\"EntryPoint\",\"urlTemplate\":\"https:\/\/www.labopolis.com\/?s={search_term_string}\"},\"query-input\":{\"@type\":\"PropertyValueSpecification\",\"valueRequired\":true,\"valueName\":\"search_term_string\"}}],\"inLanguage\":\"en-US\"}]}<\/script>\n<!-- \/ Yoast SEO plugin. -->","yoast_head_json":{"title":"High-Temperature Electric Furnaces with Fiber Chamber - Labopolis","description":"High Temperature Electric Furnaces with Fiber Chamber\nTechnical Datasheet\nHigh Temperature Muffle Furnaces","robots":{"index":"index","follow":"follow","max-snippet":"max-snippet:-1","max-image-preview":"max-image-preview:large","max-video-preview":"max-video-preview:-1"},"canonical":"https:\/\/www.labopolis.com\/en\/product\/hornos-electricos-alta-temperatura-con-camara-de-fibra\/","og_locale":"en_US","og_type":"article","og_title":"Hornos el\u00e9ctricos Alta Temperatura con c\u00e1mara de fibra - Labopolis","og_description":"Hornos el\u00e9ctricos Alta Temperatura con c\u00e1mara de fibra  \u00a0Ficha T\u00e9cnica Hornos con c\u00e1mara de fibra Alta Temperatura  Technical Datasheet High Temperature Muffle furnaces","og_url":"https:\/\/www.labopolis.com\/en\/product\/hornos-electricos-alta-temperatura-con-camara-de-fibra\/","og_site_name":"Labopolis","article_publisher":"https:\/\/www.facebook.com\/profile.php?id=100063251679439","article_modified_time":"2025-01-27T12:17:44+00:00","og_image":[{"width":391,"height":387,"url":"https:\/\/www.labopolis.com\/wp-content\/uploads\/2023\/07\/80-1100LSF01FIB.jpg","type":"image\/jpeg"}],"twitter_card":"summary_large_image","twitter_site":"@Labopolis","twitter_misc":{"Est. reading time":"1 minute"},"schema":{"@context":"https:\/\/schema.org","@graph":[{"@type":"WebPage","@id":"https:\/\/www.labopolis.com\/producto\/hornos-electricos-alta-temperatura-con-camara-de-fibra\/","url":"https:\/\/www.labopolis.com\/producto\/hornos-electricos-alta-temperatura-con-camara-de-fibra\/","name":"High-Temperature Electric Furnaces with Fiber Chamber - Labopolis","isPartOf":{"@id":"https:\/\/www.labopolis.com\/#website"},"primaryImageOfPage":{"@id":"https:\/\/www.labopolis.com\/producto\/hornos-electricos-alta-temperatura-con-camara-de-fibra\/#primaryimage"},"image":{"@id":"https:\/\/www.labopolis.com\/producto\/hornos-electricos-alta-temperatura-con-camara-de-fibra\/#primaryimage"},"thumbnailUrl":"https:\/\/www.labopolis.com\/wp-content\/uploads\/2023\/07\/80-1100LSF01FIB.jpg","datePublished":"2023-07-10T11:33:30+00:00","dateModified":"2025-01-27T12:17:44+00:00","description":"High Temperature Electric Furnaces with Fiber Chamber Technical Datasheet High Temperature Furnaces with Fiber Chamber Technical Datasheet","breadcrumb":{"@id":"https:\/\/www.labopolis.com\/producto\/hornos-electricos-alta-temperatura-con-camara-de-fibra\/#breadcrumb"},"inLanguage":"en-US","potentialAction":[{"@type":"ReadAction","target":["https:\/\/www.labopolis.com\/producto\/hornos-electricos-alta-temperatura-con-camara-de-fibra\/"]}]},{"@type":"ImageObject","inLanguage":"en-US","@id":"https:\/\/www.labopolis.com\/producto\/hornos-electricos-alta-temperatura-con-camara-de-fibra\/#primaryimage","url":"https:\/\/www.labopolis.com\/wp-content\/uploads\/2023\/07\/80-1100LSF01FIB.jpg","contentUrl":"https:\/\/www.labopolis.com\/wp-content\/uploads\/2023\/07\/80-1100LSF01FIB.jpg","width":391,"height":387,"caption":"Producto"},{"@type":"BreadcrumbList","@id":"https:\/\/www.labopolis.com\/producto\/hornos-electricos-alta-temperatura-con-camara-de-fibra\/#breadcrumb","itemListElement":[{"@type":"ListItem","position":1,"name":"Portada","item":"https:\/\/www.labopolis.com\/"},{"@type":"ListItem","position":2,"name":"Productos","item":"https:\/\/www.labopolis.com\/shop\/"},{"@type":"ListItem","position":3,"name":"Hornos el\u00e9ctricos Alta Temperatura con c\u00e1mara de fibra"}]},{"@type":"WebSite","@id":"https:\/\/www.labopolis.com\/#website","url":"https:\/\/www.labopolis.com\/","name":"Labopolis","description":"","potentialAction":[{"@type":"SearchAction","target":{"@type":"EntryPoint","urlTemplate":"https:\/\/www.labopolis.com\/?s={search_term_string}"},"query-input":{"@type":"PropertyValueSpecification","valueRequired":true,"valueName":"search_term_string"}}],"inLanguage":"en-US"}]}},"_links":{"self":[{"href":"https:\/\/www.labopolis.com\/en\/wp-json\/wp\/v2\/product\/1347","targetHints":{"allow":["GET"]}}],"collection":[{"href":"https:\/\/www.labopolis.com\/en\/wp-json\/wp\/v2\/product"}],"about":[{"href":"https:\/\/www.labopolis.com\/en\/wp-json\/wp\/v2\/types\/product"}],"replies":[{"embeddable":true,"href":"https:\/\/www.labopolis.com\/en\/wp-json\/wp\/v2\/comments?post=1347"}],"wp:featuredmedia":[{"embeddable":true,"href":"https:\/\/www.labopolis.com\/en\/wp-json\/wp\/v2\/media\/1369"}],"wp:attachment":[{"href":"https:\/\/www.labopolis.com\/en\/wp-json\/wp\/v2\/media?parent=1347"}],"wp:term":[{"taxonomy":"product_brand","embeddable":true,"href":"https:\/\/www.labopolis.com\/en\/wp-json\/wp\/v2\/product_brand?post=1347"},{"taxonomy":"product_cat","embeddable":true,"href":"https:\/\/www.labopolis.com\/en\/wp-json\/wp\/v2\/product_cat?post=1347"},{"taxonomy":"product_tag","embeddable":true,"href":"https:\/\/www.labopolis.com\/en\/wp-json\/wp\/v2\/product_tag?post=1347"}],"curies":[{"name":"wp","href":"https:\/\/api.w.org\/{rel}","templated":true}]}}