{"id":1271,"date":"2023-07-10T11:33:09","date_gmt":"2023-07-10T11:33:09","guid":{"rendered":"https:\/\/www.labopolis.com\/?post_type=product&#038;p=1271"},"modified":"2026-03-25T11:31:21","modified_gmt":"2026-03-25T11:31:21","slug":"equipos-agua-presurizada-refrigeracion-directa","status":"publish","type":"product","link":"https:\/\/www.labopolis.com\/en\/product\/equipos-agua-presurizada-refrigeracion-directa\/","title":{"rendered":"Direct Cooling Pressurized Water Temperature control"},"content":{"rendered":"<table style=\"height: 358px;\" border=\"1\" width=\"1100\">\n<tbody>\n<tr>\n<td class=\"textop\" style=\"font-weight: bold; text-align: left;\" align=\"center\">MODELS<\/td>\n<td class=\"textop\" style=\"font-weight: bold;\" align=\"center\">SMART 2 plus WDC<\/td>\n<td class=\"textop\" style=\"font-weight: bold;\" align=\"center\">SMART 4 plus WDC<\/td>\n<td class=\"textop\" style=\"font-weight: bold;\" align=\"center\">SMART 6 plus WDC<\/td>\n<td class=\"textop\" style=\"font-weight: bold;\" align=\"center\">SMART 2 plus WDC TS<\/td>\n<td class=\"textop\" style=\"font-weight: bold;\" align=\"center\">SMART 4 plus WDC TS<\/td>\n<td class=\"textop\" style=\"font-weight: bold;\" align=\"center\">SMART 6 plus WDC TS<\/td>\n<\/tr>\n<tr>\n<td class=\"textop\" style=\"font-weight: bold; text-align: left;\">Max. temperature<\/td>\n<td class=\"textop\" style=\"text-align: center;\" colspan=\"3\">90 \/ 120 \/ 140\u00ba C<\/td>\n<td class=\"textop\" style=\"text-align: center;\" colspan=\"3\">90 \/ 120 \/ 140\u00ba C<\/td>\n<\/tr>\n<tr>\n<td class=\"textop\" style=\"font-weight: bold;\">Heating capacity (kW)<\/td>\n<td class=\"textop\" style=\"text-align: center;\">9<\/td>\n<td class=\"textop\" style=\"text-align: center;\">9 \/16<\/td>\n<td class=\"textop\" style=\"text-align: center;\">25 \/ 32 \/ 36 \/ 48 \/ 57 \/ 64<\/td>\n<td class=\"textop\" style=\"text-align: center;\">9<\/td>\n<td class=\"textop\" style=\"text-align: center;\">9 \/16<\/td>\n<td class=\"textop\" style=\"text-align: center;\">25 \/ 32 \/ 36 \/ 48 \/ 57 \/ 64<\/td>\n<\/tr>\n<tr>\n<td class=\"textop\" style=\"font-weight: bold;\">Cooling Capacity<\/td>\n<td class=\"textop\" style=\"text-align: center;\">direct<\/td>\n<td class=\"textop\" style=\"text-align: center;\">direct<\/td>\n<td class=\"textop\" style=\"text-align: center;\">direct<\/td>\n<td class=\"textop\" style=\"text-align: center;\">direct<\/td>\n<td class=\"textop\" style=\"text-align: center;\">direct<\/td>\n<td class=\"textop\" style=\"text-align: center;\">direct<\/td>\n<\/tr>\n<tr>\n<td class=\"textop\" style=\"font-weight: bold;\">Maximum pump flow rate<\/td>\n<td class=\"textop\" style=\"text-align: center;\">200 L\/min<\/td>\n<td class=\"textop\" style=\"text-align: center;\">200 L\/min<\/td>\n<td class=\"textop\" style=\"text-align: center;\">250 L\/min<\/td>\n<td class=\"textop\" style=\"text-align: center;\">200 L\/min<\/td>\n<td class=\"textop\" style=\"text-align: center;\">200 L\/min<\/td>\n<td class=\"textop\" style=\"text-align: center;\">250 L\/min<\/td>\n<\/tr>\n<tr>\n<td class=\"textop\" style=\"font-weight: bold;\">Maximum pump pressure<\/td>\n<td class=\"textop\" style=\"text-align: center;\">2.3 bar<\/td>\n<td class=\"textop\" style=\"text-align: center;\">2.5 bar<\/td>\n<td class=\"textop\" style=\"text-align: center;\">3.5 bar<\/td>\n<td class=\"textop\" style=\"text-align: center;\">2.3 bar<\/td>\n<td class=\"textop\" style=\"text-align: center;\">2.5 bar<\/td>\n<td class=\"textop\" style=\"text-align: center;\">3.5 bar<\/td>\n<\/tr>\n<tr>\n<td class=\"textop\" style=\"font-weight: bold;\">With Display<\/td>\n<td class=\"textop\" style=\"text-align: center;\">With Display<\/td>\n<td class=\"textop\" style=\"text-align: center;\">With Display<\/td>\n<td class=\"textop\" style=\"text-align: center;\">With Display<\/td>\n<td class=\"textop\"><\/td>\n<td class=\"textop\"><\/td>\n<td class=\"textop\"><\/td>\n<\/tr>\n<tr>\n<td class=\"textop\" style=\"font-weight: bold;\">With Touch Screen<\/td>\n<td class=\"textop\"><\/td>\n<td class=\"textop\"><\/td>\n<td class=\"textop\"><\/td>\n<td class=\"textop\" style=\"text-align: center;\">With Touch Screen<\/td>\n<td class=\"textop\" style=\"text-align: center;\">With Touch Screen<\/td>\n<td class=\"textop\" style=\"text-align: center;\">With Touch Screen<\/td>\n<\/tr>\n<\/tbody>\n<\/table>","protected":false},"excerpt":{"rendered":"<p><strong>Equipos Agua Presurizada Refrigeraci\u00f3n Directa con y sin pantalla t\u00e1ctil<\/strong><br \/>\n\u2022 Control electr\u00f3nico PID de la temperatura en refrigeraci\u00f3n y calefacci\u00f3n<br \/>\n\u2022 Sensor de nivel por electrodo<br \/>\n\u2022 Control rotura de termopar<br \/>\n\u2022 Detecci\u00f3n rotura mangueras de proceso<br \/>\n\u2022 Cilindro de calefacci\u00f3n y resistencia fabricados en acero inoxidable<br \/>\n\u2022 Sistema de refrigeraci\u00f3n directo<br \/>\n\u2022 Termostato de seguridad<br \/>\n\u2022 Carga autom\u00e1tica de agua<br \/>\n\u2022 Ruedas<br \/>\n\u2022 Alarma ac\u00fastica<br \/>\n\u2022 Rel\u00e9s de estado s\u00f3lido<br \/>\nOPCIONES:<br \/>\n\u2022 Indicador de caudal<br \/>\n\u2022 Sonda externa<br \/>\n\u2022 Sonda de proceso PT100<br \/>\n\u2022 Indicaci\u00f3n temperatura retorno del proceso<br \/>\n\u2022 Interface de comunicaciones RS 485 se\u00f1ales input \/ Output 4-20mAmp &#8211; 0-10 volt<\/p>\n<p>[sv slug=\u00bbproductos\u00bb]<\/p>\n","protected":false},"featured_media":16928,"comment_status":"open","ping_status":"closed","template":"","meta":[],"product_brand":[],"product_cat":[120,107],"product_tag":[],"class_list":{"0":"post-1271","1":"product","2":"type-product","3":"status-publish","4":"has-post-thumbnail","6":"product_cat-atemperadores","7":"product_cat-industrial","9":"first","10":"instock","11":"taxable","12":"shipping-taxable","13":"product-type-simple"},"yoast_head":"<!-- This site is optimized with the Yoast SEO plugin v27.2 - https:\/\/yoast.com\/product\/yoast-seo-wordpress\/ -->\n<title>Equipos Agua Presurizada Refrigeraci\u00f3n Directa - Labopolis<\/title>\n<meta name=\"description\" content=\"Equipos Agua Presurizada Refrigeraci\u00f3n Directa con y sin pantalla t\u00e1ctil \u2022 Control electr\u00f3nico PID de la temperatura en refrigeraci\u00f3n y calefacci\u00f3n \u2022 Sensor de nivel por electrodo \u2022 Control rotura de termopar \u2022 Detecci\u00f3n rotura mangueras de proceso \u2022 Cilindro de calefacci\u00f3n y resistencia fabricados en acero inoxidable \u2022 Sistema de refrigeraci\u00f3n directo \u2022 Termostato de seguridad \u2022 Carga autom\u00e1tica de agua \u2022 Ruedas \u2022 Alarma ac\u00fastica \u2022 Rel\u00e9s de estado s\u00f3lido OPCIONES: \u2022 Indicador de caudal \u2022 Sonda externa \u2022 Sonda de proceso PT100 \u2022 Indicaci\u00f3n temperatura retorno del proceso \u2022 Interface de comunicaciones RS 485 se\u00f1ales input \/ Output 4-20mAmp - 0-10 volt\" \/>\n<meta name=\"robots\" content=\"index, follow, max-snippet:-1, max-image-preview:large, max-video-preview:-1\" \/>\n<link rel=\"canonical\" href=\"https:\/\/www.labopolis.com\/en\/product\/equipos-agua-presurizada-refrigeracion-directa\/\" \/>\n<meta property=\"og:locale\" content=\"en_US\" \/>\n<meta property=\"og:type\" content=\"article\" \/>\n<meta property=\"og:title\" content=\"Equipos Agua Presurizada Refrigeraci\u00f3n Directa - Labopolis\" \/>\n<meta property=\"og:description\" content=\"Equipos Agua Presurizada Refrigeraci\u00f3n Directa con y sin pantalla t\u00e1ctil \u2022 Control electr\u00f3nico PID de la temperatura en refrigeraci\u00f3n y calefacci\u00f3n \u2022 Sensor de nivel por electrodo \u2022 Control rotura de termopar \u2022 Detecci\u00f3n rotura mangueras de proceso \u2022 Cilindro de calefacci\u00f3n y resistencia fabricados en acero inoxidable \u2022 Sistema de refrigeraci\u00f3n directo \u2022 Termostato de seguridad \u2022 Carga autom\u00e1tica de agua \u2022 Ruedas \u2022 Alarma ac\u00fastica \u2022 Rel\u00e9s de estado s\u00f3lido OPCIONES: \u2022 Indicador de caudal \u2022 Sonda externa \u2022 Sonda de proceso PT100 \u2022 Indicaci\u00f3n temperatura retorno del proceso \u2022 Interface de comunicaciones RS 485 se\u00f1ales input \/ Output 4-20mAmp - 0-10 volt\" \/>\n<meta property=\"og:url\" content=\"https:\/\/www.labopolis.com\/en\/product\/equipos-agua-presurizada-refrigeracion-directa\/\" \/>\n<meta property=\"og:site_name\" content=\"Labopolis\" \/>\n<meta property=\"article:publisher\" content=\"https:\/\/www.facebook.com\/profile.php?id=100063251679439\" \/>\n<meta property=\"article:modified_time\" content=\"2026-03-25T11:31:21+00:00\" \/>\n<meta property=\"og:image\" content=\"https:\/\/www.labopolis.com\/wp-content\/uploads\/2023\/07\/Refrigeracion-directa-SMART-WDC-BR.jpg\" \/>\n\t<meta property=\"og:image:width\" content=\"473\" \/>\n\t<meta property=\"og:image:height\" content=\"527\" \/>\n\t<meta property=\"og:image:type\" content=\"image\/jpeg\" \/>\n<meta name=\"twitter:card\" content=\"summary_large_image\" \/>\n<meta name=\"twitter:site\" content=\"@Labopolis\" \/>\n<meta name=\"twitter:label1\" content=\"Est. reading time\" \/>\n\t<meta name=\"twitter:data1\" content=\"1 minute\" \/>\n<script type=\"application\/ld+json\" class=\"yoast-schema-graph\">{\"@context\":\"https:\/\/schema.org\",\"@graph\":[{\"@type\":\"WebPage\",\"@id\":\"https:\/\/www.labopolis.com\/producto\/equipos-agua-presurizada-refrigeracion-directa\/\",\"url\":\"https:\/\/www.labopolis.com\/producto\/equipos-agua-presurizada-refrigeracion-directa\/\",\"name\":\"Equipos Agua Presurizada Refrigeraci\u00f3n Directa - Labopolis\",\"isPartOf\":{\"@id\":\"https:\/\/www.labopolis.com\/#website\"},\"primaryImageOfPage\":{\"@id\":\"https:\/\/www.labopolis.com\/producto\/equipos-agua-presurizada-refrigeracion-directa\/#primaryimage\"},\"image\":{\"@id\":\"https:\/\/www.labopolis.com\/producto\/equipos-agua-presurizada-refrigeracion-directa\/#primaryimage\"},\"thumbnailUrl\":\"https:\/\/www.labopolis.com\/wp-content\/uploads\/2023\/07\/Refrigeracion-directa-SMART-WDC-BR.jpg\",\"datePublished\":\"2023-07-10T11:33:09+00:00\",\"dateModified\":\"2026-03-25T11:31:21+00:00\",\"description\":\"Equipos Agua Presurizada Refrigeraci\u00f3n Directa con y sin pantalla t\u00e1ctil \u2022 Control electr\u00f3nico PID de la temperatura en refrigeraci\u00f3n y calefacci\u00f3n \u2022 Sensor de nivel por electrodo \u2022 Control rotura de termopar \u2022 Detecci\u00f3n rotura mangueras de proceso \u2022 Cilindro de calefacci\u00f3n y resistencia fabricados en acero inoxidable \u2022 Sistema de refrigeraci\u00f3n directo \u2022 Termostato de seguridad \u2022 Carga autom\u00e1tica de agua \u2022 Ruedas \u2022 Alarma ac\u00fastica \u2022 Rel\u00e9s de estado s\u00f3lido OPCIONES: \u2022 Indicador de caudal \u2022 Sonda externa \u2022 Sonda de proceso PT100 \u2022 Indicaci\u00f3n temperatura retorno del proceso \u2022 Interface de comunicaciones RS 485 se\u00f1ales input \/ Output 4-20mAmp - 0-10 volt\",\"breadcrumb\":{\"@id\":\"https:\/\/www.labopolis.com\/producto\/equipos-agua-presurizada-refrigeracion-directa\/#breadcrumb\"},\"inLanguage\":\"en-US\",\"potentialAction\":[{\"@type\":\"ReadAction\",\"target\":[\"https:\/\/www.labopolis.com\/producto\/equipos-agua-presurizada-refrigeracion-directa\/\"]}]},{\"@type\":\"ImageObject\",\"inLanguage\":\"en-US\",\"@id\":\"https:\/\/www.labopolis.com\/producto\/equipos-agua-presurizada-refrigeracion-directa\/#primaryimage\",\"url\":\"https:\/\/www.labopolis.com\/wp-content\/uploads\/2023\/07\/Refrigeracion-directa-SMART-WDC-BR.jpg\",\"contentUrl\":\"https:\/\/www.labopolis.com\/wp-content\/uploads\/2023\/07\/Refrigeracion-directa-SMART-WDC-BR.jpg\",\"width\":473,\"height\":527,\"caption\":\"Equipos Agua Presurizada Refrigeraci\u00f3n Directa\"},{\"@type\":\"BreadcrumbList\",\"@id\":\"https:\/\/www.labopolis.com\/producto\/equipos-agua-presurizada-refrigeracion-directa\/#breadcrumb\",\"itemListElement\":[{\"@type\":\"ListItem\",\"position\":1,\"name\":\"Portada\",\"item\":\"https:\/\/www.labopolis.com\/\"},{\"@type\":\"ListItem\",\"position\":2,\"name\":\"Productos\",\"item\":\"https:\/\/www.labopolis.com\/shop\/\"},{\"@type\":\"ListItem\",\"position\":3,\"name\":\"Equipos Agua Presurizada Refrigeraci\u00f3n Directa\"}]},{\"@type\":\"WebSite\",\"@id\":\"https:\/\/www.labopolis.com\/#website\",\"url\":\"https:\/\/www.labopolis.com\/\",\"name\":\"Labopolis\",\"description\":\"\",\"potentialAction\":[{\"@type\":\"SearchAction\",\"target\":{\"@type\":\"EntryPoint\",\"urlTemplate\":\"https:\/\/www.labopolis.com\/?s={search_term_string}\"},\"query-input\":{\"@type\":\"PropertyValueSpecification\",\"valueRequired\":true,\"valueName\":\"search_term_string\"}}],\"inLanguage\":\"en-US\"}]}<\/script>\n<!-- \/ Yoast SEO plugin. -->","yoast_head_json":{"title":"Pressurized Water Cooling Systems - Labopolis","description":"Pressurized Water Units for Direct Cooling with and without Touchscreen\n\u2022 Electronic PID control for cooling and heating\n\u2022 Electrode level sensor\n\u2022 Thermocouple break control\n\u2022 Process hose break detection\n\u2022 Heating cylinder and resistance made of stainless steel\n\u2022 Direct cooling system\n\u2022 Safety thermostat\n\u2022 Automatic water filling\n\u2022 Wheels\n\u2022 Audible alarm\n\u2022 Solid state relays\nOPTIONS:\n\u2022 Flow indicator\n\u2022 External probe\n\u2022 PT100 process probe\n\u2022 Process return temperature indication\n\u2022 RS 485 communication interface, 4-20mAmp - 0-10 Volt input\/output signals","robots":{"index":"index","follow":"follow","max-snippet":"max-snippet:-1","max-image-preview":"max-image-preview:large","max-video-preview":"max-video-preview:-1"},"canonical":"https:\/\/www.labopolis.com\/en\/product\/equipos-agua-presurizada-refrigeracion-directa\/","og_locale":"en_US","og_type":"article","og_title":"Equipos Agua Presurizada Refrigeraci\u00f3n Directa - Labopolis","og_description":"Equipos Agua Presurizada Refrigeraci\u00f3n Directa con y sin pantalla t\u00e1ctil \u2022 Control electr\u00f3nico PID de la temperatura en refrigeraci\u00f3n y calefacci\u00f3n \u2022 Sensor de nivel por electrodo \u2022 Control rotura de termopar \u2022 Detecci\u00f3n rotura mangueras de proceso \u2022 Cilindro de calefacci\u00f3n y resistencia fabricados en acero inoxidable \u2022 Sistema de refrigeraci\u00f3n directo \u2022 Termostato de seguridad \u2022 Carga autom\u00e1tica de agua \u2022 Ruedas \u2022 Alarma ac\u00fastica \u2022 Rel\u00e9s de estado s\u00f3lido OPCIONES: \u2022 Indicador de caudal \u2022 Sonda externa \u2022 Sonda de proceso PT100 \u2022 Indicaci\u00f3n temperatura retorno del proceso \u2022 Interface de comunicaciones RS 485 se\u00f1ales input \/ Output 4-20mAmp - 0-10 volt","og_url":"https:\/\/www.labopolis.com\/en\/product\/equipos-agua-presurizada-refrigeracion-directa\/","og_site_name":"Labopolis","article_publisher":"https:\/\/www.facebook.com\/profile.php?id=100063251679439","article_modified_time":"2026-03-25T11:31:21+00:00","og_image":[{"width":473,"height":527,"url":"https:\/\/www.labopolis.com\/wp-content\/uploads\/2023\/07\/Refrigeracion-directa-SMART-WDC-BR.jpg","type":"image\/jpeg"}],"twitter_card":"summary_large_image","twitter_site":"@Labopolis","twitter_misc":{"Est. reading time":"1 minute"},"schema":{"@context":"https:\/\/schema.org","@graph":[{"@type":"WebPage","@id":"https:\/\/www.labopolis.com\/producto\/equipos-agua-presurizada-refrigeracion-directa\/","url":"https:\/\/www.labopolis.com\/producto\/equipos-agua-presurizada-refrigeracion-directa\/","name":"Pressurized Water Cooling Systems - Labopolis","isPartOf":{"@id":"https:\/\/www.labopolis.com\/#website"},"primaryImageOfPage":{"@id":"https:\/\/www.labopolis.com\/producto\/equipos-agua-presurizada-refrigeracion-directa\/#primaryimage"},"image":{"@id":"https:\/\/www.labopolis.com\/producto\/equipos-agua-presurizada-refrigeracion-directa\/#primaryimage"},"thumbnailUrl":"https:\/\/www.labopolis.com\/wp-content\/uploads\/2023\/07\/Refrigeracion-directa-SMART-WDC-BR.jpg","datePublished":"2023-07-10T11:33:09+00:00","dateModified":"2026-03-25T11:31:21+00:00","description":"Pressurized Water Units for Direct Cooling with and without Touchscreen\n\u2022 Electronic PID control for cooling and heating\n\u2022 Electrode level sensor\n\u2022 Thermocouple break control\n\u2022 Process hose break detection\n\u2022 Heating cylinder and resistance made of stainless steel\n\u2022 Direct cooling system\n\u2022 Safety thermostat\n\u2022 Automatic water filling\n\u2022 Wheels\n\u2022 Audible alarm\n\u2022 Solid state relays\nOPTIONS:\n\u2022 Flow indicator\n\u2022 External probe\n\u2022 PT100 process probe\n\u2022 Process return temperature indication\n\u2022 RS 485 communication interface, 4-20mAmp - 0-10 Volt input\/output signals","breadcrumb":{"@id":"https:\/\/www.labopolis.com\/producto\/equipos-agua-presurizada-refrigeracion-directa\/#breadcrumb"},"inLanguage":"en-US","potentialAction":[{"@type":"ReadAction","target":["https:\/\/www.labopolis.com\/producto\/equipos-agua-presurizada-refrigeracion-directa\/"]}]},{"@type":"ImageObject","inLanguage":"en-US","@id":"https:\/\/www.labopolis.com\/producto\/equipos-agua-presurizada-refrigeracion-directa\/#primaryimage","url":"https:\/\/www.labopolis.com\/wp-content\/uploads\/2023\/07\/Refrigeracion-directa-SMART-WDC-BR.jpg","contentUrl":"https:\/\/www.labopolis.com\/wp-content\/uploads\/2023\/07\/Refrigeracion-directa-SMART-WDC-BR.jpg","width":473,"height":527,"caption":"Equipos Agua Presurizada Refrigeraci\u00f3n Directa"},{"@type":"BreadcrumbList","@id":"https:\/\/www.labopolis.com\/producto\/equipos-agua-presurizada-refrigeracion-directa\/#breadcrumb","itemListElement":[{"@type":"ListItem","position":1,"name":"Portada","item":"https:\/\/www.labopolis.com\/"},{"@type":"ListItem","position":2,"name":"Productos","item":"https:\/\/www.labopolis.com\/shop\/"},{"@type":"ListItem","position":3,"name":"Equipos Agua Presurizada Refrigeraci\u00f3n Directa"}]},{"@type":"WebSite","@id":"https:\/\/www.labopolis.com\/#website","url":"https:\/\/www.labopolis.com\/","name":"Labopolis","description":"","potentialAction":[{"@type":"SearchAction","target":{"@type":"EntryPoint","urlTemplate":"https:\/\/www.labopolis.com\/?s={search_term_string}"},"query-input":{"@type":"PropertyValueSpecification","valueRequired":true,"valueName":"search_term_string"}}],"inLanguage":"en-US"}]}},"_links":{"self":[{"href":"https:\/\/www.labopolis.com\/en\/wp-json\/wp\/v2\/product\/1271","targetHints":{"allow":["GET"]}}],"collection":[{"href":"https:\/\/www.labopolis.com\/en\/wp-json\/wp\/v2\/product"}],"about":[{"href":"https:\/\/www.labopolis.com\/en\/wp-json\/wp\/v2\/types\/product"}],"replies":[{"embeddable":true,"href":"https:\/\/www.labopolis.com\/en\/wp-json\/wp\/v2\/comments?post=1271"}],"wp:featuredmedia":[{"embeddable":true,"href":"https:\/\/www.labopolis.com\/en\/wp-json\/wp\/v2\/media\/16928"}],"wp:attachment":[{"href":"https:\/\/www.labopolis.com\/en\/wp-json\/wp\/v2\/media?parent=1271"}],"wp:term":[{"taxonomy":"product_brand","embeddable":true,"href":"https:\/\/www.labopolis.com\/en\/wp-json\/wp\/v2\/product_brand?post=1271"},{"taxonomy":"product_cat","embeddable":true,"href":"https:\/\/www.labopolis.com\/en\/wp-json\/wp\/v2\/product_cat?post=1271"},{"taxonomy":"product_tag","embeddable":true,"href":"https:\/\/www.labopolis.com\/en\/wp-json\/wp\/v2\/product_tag?post=1271"}],"curies":[{"name":"wp","href":"https:\/\/api.w.org\/{rel}","templated":true}]}}