{"id":1270,"date":"2023-07-10T11:33:09","date_gmt":"2023-07-10T11:33:09","guid":{"rendered":"https:\/\/www.labopolis.com\/?post_type=product&#038;p=1270"},"modified":"2026-03-25T11:19:32","modified_gmt":"2026-03-25T11:19:32","slug":"equipos-de-agua-presurizada-de-refrigeracion-indirecta","status":"publish","type":"product","link":"https:\/\/www.labopolis.com\/en\/product\/equipos-de-agua-presurizada-de-refrigeracion-indirecta\/","title":{"rendered":"Indirect Cooling Pressurized Water Temperature control"},"content":{"rendered":"<h3><strong>Indirect Cooling Pressurized Water Temperature control<\/strong><\/h3>\n<table style=\"height: 354px;\" border=\"1\" width=\"1132\">\n<tbody>\n<tr>\n<td class=\"textop\" style=\"font-weight: bold;\" align=\"center\">MODELS<\/td>\n<td class=\"textop\" style=\"font-weight: bold;\" align=\"center\">SMART 2 WIC<\/td>\n<td class=\"textop\" style=\"font-weight: bold;\" align=\"center\">SMART 4 WIC<\/td>\n<td class=\"textop\" style=\"font-weight: bold;\" align=\"center\">SMART 6 WIC<\/td>\n<td class=\"textop\" style=\"font-weight: bold;\" align=\"center\">SMART 2 WIC<\/td>\n<td class=\"textop\" style=\"font-weight: bold;\" align=\"center\">SMART 4 WIC<\/td>\n<td class=\"textop\" style=\"font-weight: bold;\" align=\"center\">SMART 2 WIC<\/td>\n<td class=\"textop\" style=\"font-weight: bold;\" align=\"center\">SMART 4 WIC<\/td>\n<td class=\"textop\" style=\"font-weight: bold;\" align=\"center\">SMART 2 WIC<\/td>\n<\/tr>\n<tr>\n<td class=\"textop\" style=\"font-weight: bold;\">Max. temperature<\/td>\n<td class=\"textop\" style=\"text-align: center;\" colspan=\"3\">140\u00baC water<\/td>\n<td class=\"textop\" style=\"text-align: center;\" colspan=\"2\">150\u00baC water<\/td>\n<td class=\"textop\" style=\"text-align: center;\" colspan=\"2\">160\u00baC water<\/td>\n<td class=\"textop\" style=\"text-align: center;\">180\u00baC water<\/td>\n<\/tr>\n<tr>\n<td class=\"textop\" style=\"font-weight: bold;\">Heating capacity (kW)<\/td>\n<td class=\"textop\" style=\"text-align: center;\">9<\/td>\n<td class=\"textop\" style=\"text-align: center;\">9 \/ 16<\/td>\n<td class=\"textop\" style=\"text-align: center;\">25 \/ 32 \/ 48 \/57 \/ 64<\/td>\n<td class=\"textop\" style=\"text-align: center;\">9<\/td>\n<td class=\"textop\" style=\"text-align: center;\">9 \/ 16<\/td>\n<td class=\"textop\" style=\"text-align: center;\">9<\/td>\n<td class=\"textop\" style=\"text-align: center;\">16<\/td>\n<td class=\"textop\" style=\"text-align: center;\">9<\/td>\n<\/tr>\n<tr>\n<td class=\"textop\" style=\"font-weight: bold;\">Pump<\/td>\n<td class=\"textop\" style=\"text-align: center;\">200 L\/min<br \/>\n2.3 bar<\/td>\n<td class=\"textop\" style=\"text-align: center;\">\u00a0200 L\/min<br \/>\n2.5 bar<\/td>\n<td class=\"textop\" style=\"text-align: center;\">250 L\/min<br \/>\n3.55 bar<\/td>\n<td class=\"textop\" style=\"text-align: center;\">40 L\/min<br \/>\n5 bar<\/td>\n<td class=\"textop\" style=\"text-align: center;\">60 L\/min<br \/>\n5 bars<\/td>\n<td class=\"textop\" style=\"text-align: center;\">60 L\/min<br \/>\n6 bars<\/td>\n<td class=\"textop\" style=\"text-align: center;\">60 L\/min<br \/>\n6 bars<\/td>\n<td class=\"textop\" style=\"text-align: center;\">40 L\/min<br \/>\n6 bars<\/td>\n<\/tr>\n<tr>\n<td class=\"textop\" style=\"font-weight: bold;\">Electronics<\/td>\n<td class=\"textop\" style=\"text-align: center;\">With Display or With Touch Screen TS<\/td>\n<td class=\"textop\" style=\"text-align: center;\">With touch screen<\/td>\n<td class=\"textop\" style=\"text-align: center;\">With touch screen<\/td>\n<td class=\"textop\" style=\"text-align: center;\">With Display or With Touch Screen TS<\/td>\n<td class=\"textop\" style=\"text-align: center;\">With touch screen<\/td>\n<td class=\"textop\" style=\"text-align: center;\">With touch screen<\/td>\n<td class=\"textop\" style=\"text-align: center;\">With touch screen<\/td>\n<td class=\"textop\" style=\"text-align: center;\">With touch screen<\/td>\n<\/tr>\n<\/tbody>\n<\/table>","protected":false},"excerpt":{"rendered":"<p><strong>Equipos de Agua Presurizada de Refrigeraci\u00f3n Indirecta<\/strong><\/p>\n<ul>\n<li>Control electr\u00f3nico PID de la temperatura en refrigeraci\u00f3n y calefacci\u00f3n<\/li>\n<li>Detecci\u00f3n rotura mangueras de proceso<\/li>\n<li>Control rotura de termopar<\/li>\n<li>Cilindro de calefacci\u00f3n y resistencia fabricados en acero inoxidable<\/li>\n<li>Bomba magn\u00e9tica<\/li>\n<li>Sistema de refrigeraci\u00f3n indirecto<\/li>\n<li>Sensor de nivel por electrodo<\/li>\n<li>Carga autom\u00e1tica de agua<\/li>\n<li>Termostato de seguridad<\/li>\n<li>Ruedas<\/li>\n<li>Alarma ac\u00fastica<\/li>\n<li>Rel\u00e9s de estado s\u00f3lido<\/li>\n<\/ul>\n<p><strong>OPCIONES:<\/strong><\/p>\n<ul>\n<li>Indicador de caudal<\/li>\n<li>Diferentes tipos de bombas (ver tabla)<\/li>\n<li>Sonda externa<\/li>\n<li>Sonda de proceso PT1000<\/li>\n<li>Indicaci\u00f3n temperatura retorno del proceso<\/li>\n<li>Interface de comunicaciones RS 485 se\u00f1ales input \/ Output 4-20mAmp \u2013 0-10 volt<\/li>\n<\/ul>\n<p>[sv slug=\u00bbproductos\u00bb]<\/p>\n","protected":false},"featured_media":16925,"comment_status":"open","ping_status":"closed","template":"","meta":[],"product_brand":[],"product_cat":[120,107],"product_tag":[],"class_list":{"0":"post-1270","1":"product","2":"type-product","3":"status-publish","4":"has-post-thumbnail","6":"product_cat-atemperadores","7":"product_cat-industrial","9":"first","10":"instock","11":"taxable","12":"shipping-taxable","13":"product-type-simple"},"yoast_head":"<!-- This site is optimized with the Yoast SEO plugin v27.2 - https:\/\/yoast.com\/product\/yoast-seo-wordpress\/ -->\n<title>Equipos de Agua Presurizada de Refrigeraci\u00f3n Indirecta - Labopolis<\/title>\n<meta name=\"description\" content=\"Equipos de Agua Presurizada de Refrigeraci\u00f3n Indirecta   Control electr\u00f3nico PID de la temperatura en refrigeraci\u00f3n y calefacci\u00f3n  Detecci\u00f3n rotura mangueras de proceso  Control rotura de termopar  Cilindro de calefacci\u00f3n y resistencia fabricados en acero inoxidable  Bomba magn\u00e9tica  Sistema de refrigeraci\u00f3n indirecto  Sensor de nivel por electrodo  Carga autom\u00e1tica de agua  Termostato de seguridad  Ruedas  Alarma ac\u00fastica  Rel\u00e9s de estado s\u00f3lido  OPCIONES:   Indicador de caudal  Diferentes tipos de bombas (ver tabla)  Sonda externa  Sonda de proceso PT1000  Indicaci\u00f3n temperatura retorno del proceso  Interface de comunicaciones RS 485 se\u00f1ales input \/ Output 4-20mAmp \u2013 0-10 volt\" \/>\n<meta name=\"robots\" content=\"index, follow, max-snippet:-1, max-image-preview:large, max-video-preview:-1\" \/>\n<link rel=\"canonical\" href=\"https:\/\/www.labopolis.com\/en\/product\/equipos-de-agua-presurizada-de-refrigeracion-indirecta\/\" \/>\n<meta property=\"og:locale\" content=\"en_US\" \/>\n<meta property=\"og:type\" content=\"article\" \/>\n<meta property=\"og:title\" content=\"Equipos de Agua Presurizada de Refrigeraci\u00f3n Indirecta - Labopolis\" \/>\n<meta property=\"og:description\" content=\"Equipos de Agua Presurizada de Refrigeraci\u00f3n Indirecta   Control electr\u00f3nico PID de la temperatura en refrigeraci\u00f3n y calefacci\u00f3n  Detecci\u00f3n rotura mangueras de proceso  Control rotura de termopar  Cilindro de calefacci\u00f3n y resistencia fabricados en acero inoxidable  Bomba magn\u00e9tica  Sistema de refrigeraci\u00f3n indirecto  Sensor de nivel por electrodo  Carga autom\u00e1tica de agua  Termostato de seguridad  Ruedas  Alarma ac\u00fastica  Rel\u00e9s de estado s\u00f3lido  OPCIONES:   Indicador de caudal  Diferentes tipos de bombas (ver tabla)  Sonda externa  Sonda de proceso PT1000  Indicaci\u00f3n temperatura retorno del proceso  Interface de comunicaciones RS 485 se\u00f1ales input \/ Output 4-20mAmp \u2013 0-10 volt\" \/>\n<meta property=\"og:url\" content=\"https:\/\/www.labopolis.com\/en\/product\/equipos-de-agua-presurizada-de-refrigeracion-indirecta\/\" \/>\n<meta property=\"og:site_name\" content=\"Labopolis\" \/>\n<meta property=\"article:publisher\" content=\"https:\/\/www.facebook.com\/profile.php?id=100063251679439\" \/>\n<meta property=\"article:modified_time\" content=\"2026-03-25T11:19:32+00:00\" \/>\n<meta property=\"og:image\" content=\"https:\/\/www.labopolis.com\/wp-content\/uploads\/2023\/07\/Atemperador-refrigeracion-indirecta-SMART-WIC-BR.jpg\" \/>\n\t<meta property=\"og:image:width\" content=\"372\" \/>\n\t<meta property=\"og:image:height\" content=\"457\" \/>\n\t<meta property=\"og:image:type\" content=\"image\/jpeg\" \/>\n<meta name=\"twitter:card\" content=\"summary_large_image\" \/>\n<meta name=\"twitter:site\" content=\"@Labopolis\" \/>\n<meta name=\"twitter:label1\" content=\"Est. reading time\" \/>\n\t<meta name=\"twitter:data1\" content=\"1 minute\" \/>\n<script type=\"application\/ld+json\" class=\"yoast-schema-graph\">{\"@context\":\"https:\/\/schema.org\",\"@graph\":[{\"@type\":\"WebPage\",\"@id\":\"https:\/\/www.labopolis.com\/producto\/equipos-de-agua-presurizada-de-refrigeracion-indirecta\/\",\"url\":\"https:\/\/www.labopolis.com\/producto\/equipos-de-agua-presurizada-de-refrigeracion-indirecta\/\",\"name\":\"Equipos de Agua Presurizada de Refrigeraci\u00f3n Indirecta - Labopolis\",\"isPartOf\":{\"@id\":\"https:\/\/www.labopolis.com\/#website\"},\"primaryImageOfPage\":{\"@id\":\"https:\/\/www.labopolis.com\/producto\/equipos-de-agua-presurizada-de-refrigeracion-indirecta\/#primaryimage\"},\"image\":{\"@id\":\"https:\/\/www.labopolis.com\/producto\/equipos-de-agua-presurizada-de-refrigeracion-indirecta\/#primaryimage\"},\"thumbnailUrl\":\"https:\/\/www.labopolis.com\/wp-content\/uploads\/2023\/07\/Atemperador-refrigeracion-indirecta-SMART-WIC-BR.jpg\",\"datePublished\":\"2023-07-10T11:33:09+00:00\",\"dateModified\":\"2026-03-25T11:19:32+00:00\",\"description\":\"Equipos de Agua Presurizada de Refrigeraci\u00f3n Indirecta Control electr\u00f3nico PID de la temperatura en refrigeraci\u00f3n y calefacci\u00f3n Detecci\u00f3n rotura mangueras de proceso Control rotura de termopar Cilindro de calefacci\u00f3n y resistencia fabricados en acero inoxidable Bomba magn\u00e9tica Sistema de refrigeraci\u00f3n indirecto Sensor de nivel por electrodo Carga autom\u00e1tica de agua Termostato de seguridad Ruedas Alarma ac\u00fastica Rel\u00e9s de estado s\u00f3lido OPCIONES: Indicador de caudal Diferentes tipos de bombas (ver tabla) Sonda externa Sonda de proceso PT1000 Indicaci\u00f3n temperatura retorno del proceso Interface de comunicaciones RS 485 se\u00f1ales input \/ Output 4-20mAmp \u2013 0-10 volt\",\"breadcrumb\":{\"@id\":\"https:\/\/www.labopolis.com\/producto\/equipos-de-agua-presurizada-de-refrigeracion-indirecta\/#breadcrumb\"},\"inLanguage\":\"en-US\",\"potentialAction\":[{\"@type\":\"ReadAction\",\"target\":[\"https:\/\/www.labopolis.com\/producto\/equipos-de-agua-presurizada-de-refrigeracion-indirecta\/\"]}]},{\"@type\":\"ImageObject\",\"inLanguage\":\"en-US\",\"@id\":\"https:\/\/www.labopolis.com\/producto\/equipos-de-agua-presurizada-de-refrigeracion-indirecta\/#primaryimage\",\"url\":\"https:\/\/www.labopolis.com\/wp-content\/uploads\/2023\/07\/Atemperador-refrigeracion-indirecta-SMART-WIC-BR.jpg\",\"contentUrl\":\"https:\/\/www.labopolis.com\/wp-content\/uploads\/2023\/07\/Atemperador-refrigeracion-indirecta-SMART-WIC-BR.jpg\",\"width\":372,\"height\":457},{\"@type\":\"BreadcrumbList\",\"@id\":\"https:\/\/www.labopolis.com\/producto\/equipos-de-agua-presurizada-de-refrigeracion-indirecta\/#breadcrumb\",\"itemListElement\":[{\"@type\":\"ListItem\",\"position\":1,\"name\":\"Portada\",\"item\":\"https:\/\/www.labopolis.com\/\"},{\"@type\":\"ListItem\",\"position\":2,\"name\":\"Productos\",\"item\":\"https:\/\/www.labopolis.com\/shop\/\"},{\"@type\":\"ListItem\",\"position\":3,\"name\":\"Equipos de Agua Presurizada de Refrigeraci\u00f3n Indirecta\"}]},{\"@type\":\"WebSite\",\"@id\":\"https:\/\/www.labopolis.com\/#website\",\"url\":\"https:\/\/www.labopolis.com\/\",\"name\":\"Labopolis\",\"description\":\"\",\"potentialAction\":[{\"@type\":\"SearchAction\",\"target\":{\"@type\":\"EntryPoint\",\"urlTemplate\":\"https:\/\/www.labopolis.com\/?s={search_term_string}\"},\"query-input\":{\"@type\":\"PropertyValueSpecification\",\"valueRequired\":true,\"valueName\":\"search_term_string\"}}],\"inLanguage\":\"en-US\"}]}<\/script>\n<!-- \/ Yoast SEO plugin. -->","yoast_head_json":{"title":"Pressurized Water Equipment for Indirect Cooling - Labopolis","description":"Indirect Cooling Pressurized Water Equipment Electronic PID temperature control for cooling and heating Process hose breakage detection Thermocouple breakage control Heating cylinder and heating element made of stainless steel Magnetic pump Indirect cooling system Electrode level sensor Automatic water charge Safety thermostat Wheels Acoustic alarm Solid state relays OPTIONS:   Flow indicator Different types of pumps (see table) External probe Process probe PT1000 Process return temperature indication RS 485 communication interface Input \/ Output signals 4-20mAmp - 0-10 volt","robots":{"index":"index","follow":"follow","max-snippet":"max-snippet:-1","max-image-preview":"max-image-preview:large","max-video-preview":"max-video-preview:-1"},"canonical":"https:\/\/www.labopolis.com\/en\/product\/equipos-de-agua-presurizada-de-refrigeracion-indirecta\/","og_locale":"en_US","og_type":"article","og_title":"Equipos de Agua Presurizada de Refrigeraci\u00f3n Indirecta - Labopolis","og_description":"Equipos de Agua Presurizada de Refrigeraci\u00f3n Indirecta   Control electr\u00f3nico PID de la temperatura en refrigeraci\u00f3n y calefacci\u00f3n  Detecci\u00f3n rotura mangueras de proceso  Control rotura de termopar  Cilindro de calefacci\u00f3n y resistencia fabricados en acero inoxidable  Bomba magn\u00e9tica  Sistema de refrigeraci\u00f3n indirecto  Sensor de nivel por electrodo  Carga autom\u00e1tica de agua  Termostato de seguridad  Ruedas  Alarma ac\u00fastica  Rel\u00e9s de estado s\u00f3lido  OPCIONES:   Indicador de caudal  Diferentes tipos de bombas (ver tabla)  Sonda externa  Sonda de proceso PT1000  Indicaci\u00f3n temperatura retorno del proceso  Interface de comunicaciones RS 485 se\u00f1ales input \/ Output 4-20mAmp \u2013 0-10 volt","og_url":"https:\/\/www.labopolis.com\/en\/product\/equipos-de-agua-presurizada-de-refrigeracion-indirecta\/","og_site_name":"Labopolis","article_publisher":"https:\/\/www.facebook.com\/profile.php?id=100063251679439","article_modified_time":"2026-03-25T11:19:32+00:00","og_image":[{"width":372,"height":457,"url":"https:\/\/www.labopolis.com\/wp-content\/uploads\/2023\/07\/Atemperador-refrigeracion-indirecta-SMART-WIC-BR.jpg","type":"image\/jpeg"}],"twitter_card":"summary_large_image","twitter_site":"@Labopolis","twitter_misc":{"Est. reading time":"1 minute"},"schema":{"@context":"https:\/\/schema.org","@graph":[{"@type":"WebPage","@id":"https:\/\/www.labopolis.com\/producto\/equipos-de-agua-presurizada-de-refrigeracion-indirecta\/","url":"https:\/\/www.labopolis.com\/producto\/equipos-de-agua-presurizada-de-refrigeracion-indirecta\/","name":"Pressurized Water Equipment for Indirect Cooling - Labopolis","isPartOf":{"@id":"https:\/\/www.labopolis.com\/#website"},"primaryImageOfPage":{"@id":"https:\/\/www.labopolis.com\/producto\/equipos-de-agua-presurizada-de-refrigeracion-indirecta\/#primaryimage"},"image":{"@id":"https:\/\/www.labopolis.com\/producto\/equipos-de-agua-presurizada-de-refrigeracion-indirecta\/#primaryimage"},"thumbnailUrl":"https:\/\/www.labopolis.com\/wp-content\/uploads\/2023\/07\/Atemperador-refrigeracion-indirecta-SMART-WIC-BR.jpg","datePublished":"2023-07-10T11:33:09+00:00","dateModified":"2026-03-25T11:19:32+00:00","description":"Indirect Cooling Pressurized Water Equipment Electronic PID temperature control for cooling and heating Process hose breakage detection Thermocouple breakage control Heating cylinder and heating element made of stainless steel Magnetic pump Indirect cooling system Electrode level sensor Automatic water charge Safety thermostat Wheels Acoustic alarm Solid state relays OPTIONS: Flow indicator Different types of pumps (see table) External probe Process probe PT1000 Process return temperature indication RS 485 communication interface Input \/ Output signals 4-20mAmp - 0-10 volt","breadcrumb":{"@id":"https:\/\/www.labopolis.com\/producto\/equipos-de-agua-presurizada-de-refrigeracion-indirecta\/#breadcrumb"},"inLanguage":"en-US","potentialAction":[{"@type":"ReadAction","target":["https:\/\/www.labopolis.com\/producto\/equipos-de-agua-presurizada-de-refrigeracion-indirecta\/"]}]},{"@type":"ImageObject","inLanguage":"en-US","@id":"https:\/\/www.labopolis.com\/producto\/equipos-de-agua-presurizada-de-refrigeracion-indirecta\/#primaryimage","url":"https:\/\/www.labopolis.com\/wp-content\/uploads\/2023\/07\/Atemperador-refrigeracion-indirecta-SMART-WIC-BR.jpg","contentUrl":"https:\/\/www.labopolis.com\/wp-content\/uploads\/2023\/07\/Atemperador-refrigeracion-indirecta-SMART-WIC-BR.jpg","width":372,"height":457},{"@type":"BreadcrumbList","@id":"https:\/\/www.labopolis.com\/producto\/equipos-de-agua-presurizada-de-refrigeracion-indirecta\/#breadcrumb","itemListElement":[{"@type":"ListItem","position":1,"name":"Portada","item":"https:\/\/www.labopolis.com\/"},{"@type":"ListItem","position":2,"name":"Productos","item":"https:\/\/www.labopolis.com\/shop\/"},{"@type":"ListItem","position":3,"name":"Equipos de Agua Presurizada de Refrigeraci\u00f3n Indirecta"}]},{"@type":"WebSite","@id":"https:\/\/www.labopolis.com\/#website","url":"https:\/\/www.labopolis.com\/","name":"Labopolis","description":"","potentialAction":[{"@type":"SearchAction","target":{"@type":"EntryPoint","urlTemplate":"https:\/\/www.labopolis.com\/?s={search_term_string}"},"query-input":{"@type":"PropertyValueSpecification","valueRequired":true,"valueName":"search_term_string"}}],"inLanguage":"en-US"}]}},"_links":{"self":[{"href":"https:\/\/www.labopolis.com\/en\/wp-json\/wp\/v2\/product\/1270","targetHints":{"allow":["GET"]}}],"collection":[{"href":"https:\/\/www.labopolis.com\/en\/wp-json\/wp\/v2\/product"}],"about":[{"href":"https:\/\/www.labopolis.com\/en\/wp-json\/wp\/v2\/types\/product"}],"replies":[{"embeddable":true,"href":"https:\/\/www.labopolis.com\/en\/wp-json\/wp\/v2\/comments?post=1270"}],"wp:featuredmedia":[{"embeddable":true,"href":"https:\/\/www.labopolis.com\/en\/wp-json\/wp\/v2\/media\/16925"}],"wp:attachment":[{"href":"https:\/\/www.labopolis.com\/en\/wp-json\/wp\/v2\/media?parent=1270"}],"wp:term":[{"taxonomy":"product_brand","embeddable":true,"href":"https:\/\/www.labopolis.com\/en\/wp-json\/wp\/v2\/product_brand?post=1270"},{"taxonomy":"product_cat","embeddable":true,"href":"https:\/\/www.labopolis.com\/en\/wp-json\/wp\/v2\/product_cat?post=1270"},{"taxonomy":"product_tag","embeddable":true,"href":"https:\/\/www.labopolis.com\/en\/wp-json\/wp\/v2\/product_tag?post=1270"}],"curies":[{"name":"wp","href":"https:\/\/api.w.org\/{rel}","templated":true}]}}