{"id":1096,"date":"2023-07-10T11:32:24","date_gmt":"2023-07-10T11:32:24","guid":{"rendered":"https:\/\/www.labopolis.com\/?post_type=product&#038;p=1096"},"modified":"2025-12-28T16:55:25","modified_gmt":"2025-12-28T16:55:25","slug":"bano-con-termostato-de-inmersion-refrigerado-digital-bath-ovantherm-c","status":"publish","type":"product","link":"https:\/\/www.labopolis.com\/en\/product\/bano-con-termostato-de-inmersion-refrigerado-digital-bath-ovantherm-c\/","title":{"rendered":"Bath OvanTherm C digital refrigerated immersion bath thermostat"},"content":{"rendered":"<p>Model BC012E: 12 l. 0-100\u00ba C<br \/>\nModel BC020E: 20 l. 0-100\u00ba C<br \/>\nModel BC027E: 27 l. 0-100\u00ba C<br \/>\nModel BC045E: 45 l. 0-100\u00ba C<\/p>\n<p>Microprocessor-controlled precision cooling baths.<br \/>\nInner tank made of AISI 304 stainless steel and metallic housing protected with Epoxy paint, highly resistant to aggressive environments.<br \/>\nDigital LCD backlit display with indication of the selected value and actual temperature.<br \/>\nKeypad with touch-sensitive membrane buttons.<br \/>\nBuilt-in high precision PT100 probe.<br \/>\nSafety thermostat for liquid level, overtemperature or lack of water in the heating element.<br \/>\nSaves the last data used in memory.<br \/>\nAcoustic over-temperature safety alarm that switches off the heating system.<\/p>","protected":false},"excerpt":{"rendered":"<p>Model BC012E: 12 l. 0-100\u00ba C<br \/>\nModel BC020E: 20 l. 0-100\u00ba C<br \/>\nModel BC027E: 27 l. 0-100\u00ba C<br \/>\nModel BC045E: 45 l. 0-100\u00ba C<br \/>\nAccessories not included<\/p>\n<p><em><strong> <a title=\"Bath with digital refrigerated immersion thermostat BATH OVANTHERM C\" href=\"https:\/\/www.labopolis.com\/wp-content\/uploads\/2015\/05\/BathOvanthermC.pdf\" target=\"_blank\" rel=\"noopener\"><i class=\"fas fa-file-alt\"><\/i>\u00a0BATH OVANTHERM C data sheet<\/a><\/strong><\/em><\/p>","protected":false},"featured_media":1114,"comment_status":"open","ping_status":"closed","template":"","meta":[],"product_brand":[],"product_cat":[75,80,23],"product_tag":[82,83,84,85],"class_list":{"0":"post-1096","1":"product","2":"type-product","3":"status-publish","4":"has-post-thumbnail","6":"product_cat-banos","7":"product_cat-banos-refrigerados","8":"product_cat-laboratorio","9":"product_tag-bano-refrigerado","10":"product_tag-bano-refrigerado-digital","11":"product_tag-bano-termostatizado","12":"product_tag-bano-termostatizado-digital","14":"first","15":"instock","16":"taxable","17":"shipping-taxable","18":"purchasable","19":"product-type-variable"},"yoast_head":"<!-- This site is optimized with the Yoast SEO plugin v27.2 - https:\/\/yoast.com\/product\/yoast-seo-wordpress\/ -->\n<title>Ba\u00f1o con termostato de inmersi\u00f3n refrigerado digital Bath OvanTherm C - Labopolis<\/title>\n<meta name=\"description\" content=\"Ba\u00f1os refrigeradores de precisi\u00f3n controlados por microprocesador, con cubeta de inoxidable. Fabricados en Espa\u00f1a, servicio t\u00e9cnico nacional\" \/>\n<meta name=\"robots\" content=\"index, follow, max-snippet:-1, max-image-preview:large, max-video-preview:-1\" \/>\n<link rel=\"canonical\" href=\"https:\/\/www.labopolis.com\/en\/product\/bano-con-termostato-de-inmersion-refrigerado-digital-bath-ovantherm-c\/\" \/>\n<meta property=\"og:locale\" content=\"en_US\" \/>\n<meta property=\"og:type\" content=\"article\" \/>\n<meta property=\"og:title\" content=\"Ba\u00f1o con termostato de inmersi\u00f3n refrigerado digital Bath OvanTherm C - Labopolis\" \/>\n<meta property=\"og:description\" content=\"Ba\u00f1os refrigeradores de precisi\u00f3n controlados por microprocesador, con cubeta de inoxidable. Fabricados en Espa\u00f1a, servicio t\u00e9cnico nacional\" \/>\n<meta property=\"og:url\" content=\"https:\/\/www.labopolis.com\/en\/product\/bano-con-termostato-de-inmersion-refrigerado-digital-bath-ovantherm-c\/\" \/>\n<meta property=\"og:site_name\" content=\"Labopolis\" \/>\n<meta property=\"article:publisher\" content=\"https:\/\/www.facebook.com\/profile.php?id=100063251679439\" \/>\n<meta property=\"article:modified_time\" content=\"2025-12-28T16:55:25+00:00\" \/>\n<meta property=\"og:image\" content=\"https:\/\/www.labopolis.com\/wp-content\/uploads\/2023\/07\/BathOvanThermC-20Lgradilla.gif\" \/>\n\t<meta property=\"og:image:width\" content=\"488\" \/>\n\t<meta property=\"og:image:height\" content=\"539\" \/>\n\t<meta property=\"og:image:type\" content=\"image\/gif\" \/>\n<meta name=\"twitter:card\" content=\"summary_large_image\" \/>\n<meta name=\"twitter:site\" content=\"@Labopolis\" \/>\n<meta name=\"twitter:label1\" content=\"Est. reading time\" \/>\n\t<meta name=\"twitter:data1\" content=\"1 minute\" \/>\n<script type=\"application\/ld+json\" class=\"yoast-schema-graph\">{\"@context\":\"https:\/\/schema.org\",\"@graph\":[{\"@type\":\"WebPage\",\"@id\":\"https:\/\/www.labopolis.com\/producto\/bano-con-termostato-de-inmersion-refrigerado-digital-bath-ovantherm-c\/\",\"url\":\"https:\/\/www.labopolis.com\/producto\/bano-con-termostato-de-inmersion-refrigerado-digital-bath-ovantherm-c\/\",\"name\":\"Ba\u00f1o con termostato de inmersi\u00f3n refrigerado digital Bath OvanTherm C - Labopolis\",\"isPartOf\":{\"@id\":\"https:\/\/www.labopolis.com\/#website\"},\"primaryImageOfPage\":{\"@id\":\"https:\/\/www.labopolis.com\/producto\/bano-con-termostato-de-inmersion-refrigerado-digital-bath-ovantherm-c\/#primaryimage\"},\"image\":{\"@id\":\"https:\/\/www.labopolis.com\/producto\/bano-con-termostato-de-inmersion-refrigerado-digital-bath-ovantherm-c\/#primaryimage\"},\"thumbnailUrl\":\"https:\/\/www.labopolis.com\/wp-content\/uploads\/2023\/07\/BathOvanThermC-20Lgradilla.gif\",\"datePublished\":\"2023-07-10T11:32:24+00:00\",\"dateModified\":\"2025-12-28T16:55:25+00:00\",\"description\":\"Ba\u00f1os refrigeradores de precisi\u00f3n controlados por microprocesador, con cubeta de inoxidable. Fabricados en Espa\u00f1a, servicio t\u00e9cnico nacional\",\"breadcrumb\":{\"@id\":\"https:\/\/www.labopolis.com\/producto\/bano-con-termostato-de-inmersion-refrigerado-digital-bath-ovantherm-c\/#breadcrumb\"},\"inLanguage\":\"en-US\",\"potentialAction\":[{\"@type\":\"ReadAction\",\"target\":[\"https:\/\/www.labopolis.com\/producto\/bano-con-termostato-de-inmersion-refrigerado-digital-bath-ovantherm-c\/\"]}]},{\"@type\":\"ImageObject\",\"inLanguage\":\"en-US\",\"@id\":\"https:\/\/www.labopolis.com\/producto\/bano-con-termostato-de-inmersion-refrigerado-digital-bath-ovantherm-c\/#primaryimage\",\"url\":\"https:\/\/www.labopolis.com\/wp-content\/uploads\/2023\/07\/BathOvanThermC-20Lgradilla.gif\",\"contentUrl\":\"https:\/\/www.labopolis.com\/wp-content\/uploads\/2023\/07\/BathOvanThermC-20Lgradilla.gif\",\"width\":488,\"height\":539,\"caption\":\"Producto\"},{\"@type\":\"BreadcrumbList\",\"@id\":\"https:\/\/www.labopolis.com\/producto\/bano-con-termostato-de-inmersion-refrigerado-digital-bath-ovantherm-c\/#breadcrumb\",\"itemListElement\":[{\"@type\":\"ListItem\",\"position\":1,\"name\":\"Portada\",\"item\":\"https:\/\/www.labopolis.com\/\"},{\"@type\":\"ListItem\",\"position\":2,\"name\":\"Productos\",\"item\":\"https:\/\/www.labopolis.com\/shop\/\"},{\"@type\":\"ListItem\",\"position\":3,\"name\":\"Ba\u00f1o con termostato de inmersi\u00f3n refrigerado digital Bath OvanTherm C\"}]},{\"@type\":\"WebSite\",\"@id\":\"https:\/\/www.labopolis.com\/#website\",\"url\":\"https:\/\/www.labopolis.com\/\",\"name\":\"Labopolis\",\"description\":\"\",\"potentialAction\":[{\"@type\":\"SearchAction\",\"target\":{\"@type\":\"EntryPoint\",\"urlTemplate\":\"https:\/\/www.labopolis.com\/?s={search_term_string}\"},\"query-input\":{\"@type\":\"PropertyValueSpecification\",\"valueRequired\":true,\"valueName\":\"search_term_string\"}}],\"inLanguage\":\"en-US\"}]}<\/script>\n<!-- \/ Yoast SEO plugin. -->","yoast_head_json":{"title":"Ba\u00f1o con termostato de inmersi\u00f3n refrigerado digital Bath OvanTherm C - Labopolis","description":"Ba\u00f1os refrigeradores de precisi\u00f3n controlados por microprocesador, con cubeta de inoxidable. Fabricados en Espa\u00f1a, servicio t\u00e9cnico nacional","robots":{"index":"index","follow":"follow","max-snippet":"max-snippet:-1","max-image-preview":"max-image-preview:large","max-video-preview":"max-video-preview:-1"},"canonical":"https:\/\/www.labopolis.com\/en\/product\/bano-con-termostato-de-inmersion-refrigerado-digital-bath-ovantherm-c\/","og_locale":"en_US","og_type":"article","og_title":"Ba\u00f1o con termostato de inmersi\u00f3n refrigerado digital Bath OvanTherm C - Labopolis","og_description":"Ba\u00f1os refrigeradores de precisi\u00f3n controlados por microprocesador, con cubeta de inoxidable. Fabricados en Espa\u00f1a, servicio t\u00e9cnico nacional","og_url":"https:\/\/www.labopolis.com\/en\/product\/bano-con-termostato-de-inmersion-refrigerado-digital-bath-ovantherm-c\/","og_site_name":"Labopolis","article_publisher":"https:\/\/www.facebook.com\/profile.php?id=100063251679439","article_modified_time":"2025-12-28T16:55:25+00:00","og_image":[{"width":488,"height":539,"url":"https:\/\/www.labopolis.com\/wp-content\/uploads\/2023\/07\/BathOvanThermC-20Lgradilla.gif","type":"image\/gif"}],"twitter_card":"summary_large_image","twitter_site":"@Labopolis","twitter_misc":{"Est. reading time":"1 minute"},"schema":{"@context":"https:\/\/schema.org","@graph":[{"@type":"WebPage","@id":"https:\/\/www.labopolis.com\/producto\/bano-con-termostato-de-inmersion-refrigerado-digital-bath-ovantherm-c\/","url":"https:\/\/www.labopolis.com\/producto\/bano-con-termostato-de-inmersion-refrigerado-digital-bath-ovantherm-c\/","name":"Ba\u00f1o con termostato de inmersi\u00f3n refrigerado digital Bath OvanTherm C - Labopolis","isPartOf":{"@id":"https:\/\/www.labopolis.com\/#website"},"primaryImageOfPage":{"@id":"https:\/\/www.labopolis.com\/producto\/bano-con-termostato-de-inmersion-refrigerado-digital-bath-ovantherm-c\/#primaryimage"},"image":{"@id":"https:\/\/www.labopolis.com\/producto\/bano-con-termostato-de-inmersion-refrigerado-digital-bath-ovantherm-c\/#primaryimage"},"thumbnailUrl":"https:\/\/www.labopolis.com\/wp-content\/uploads\/2023\/07\/BathOvanThermC-20Lgradilla.gif","datePublished":"2023-07-10T11:32:24+00:00","dateModified":"2025-12-28T16:55:25+00:00","description":"Ba\u00f1os refrigeradores de precisi\u00f3n controlados por microprocesador, con cubeta de inoxidable. Fabricados en Espa\u00f1a, servicio t\u00e9cnico nacional","breadcrumb":{"@id":"https:\/\/www.labopolis.com\/producto\/bano-con-termostato-de-inmersion-refrigerado-digital-bath-ovantherm-c\/#breadcrumb"},"inLanguage":"en-US","potentialAction":[{"@type":"ReadAction","target":["https:\/\/www.labopolis.com\/producto\/bano-con-termostato-de-inmersion-refrigerado-digital-bath-ovantherm-c\/"]}]},{"@type":"ImageObject","inLanguage":"en-US","@id":"https:\/\/www.labopolis.com\/producto\/bano-con-termostato-de-inmersion-refrigerado-digital-bath-ovantherm-c\/#primaryimage","url":"https:\/\/www.labopolis.com\/wp-content\/uploads\/2023\/07\/BathOvanThermC-20Lgradilla.gif","contentUrl":"https:\/\/www.labopolis.com\/wp-content\/uploads\/2023\/07\/BathOvanThermC-20Lgradilla.gif","width":488,"height":539,"caption":"Producto"},{"@type":"BreadcrumbList","@id":"https:\/\/www.labopolis.com\/producto\/bano-con-termostato-de-inmersion-refrigerado-digital-bath-ovantherm-c\/#breadcrumb","itemListElement":[{"@type":"ListItem","position":1,"name":"Portada","item":"https:\/\/www.labopolis.com\/"},{"@type":"ListItem","position":2,"name":"Productos","item":"https:\/\/www.labopolis.com\/shop\/"},{"@type":"ListItem","position":3,"name":"Ba\u00f1o con termostato de inmersi\u00f3n refrigerado digital Bath OvanTherm C"}]},{"@type":"WebSite","@id":"https:\/\/www.labopolis.com\/#website","url":"https:\/\/www.labopolis.com\/","name":"Labopolis","description":"","potentialAction":[{"@type":"SearchAction","target":{"@type":"EntryPoint","urlTemplate":"https:\/\/www.labopolis.com\/?s={search_term_string}"},"query-input":{"@type":"PropertyValueSpecification","valueRequired":true,"valueName":"search_term_string"}}],"inLanguage":"en-US"}]}},"_links":{"self":[{"href":"https:\/\/www.labopolis.com\/en\/wp-json\/wp\/v2\/product\/1096","targetHints":{"allow":["GET"]}}],"collection":[{"href":"https:\/\/www.labopolis.com\/en\/wp-json\/wp\/v2\/product"}],"about":[{"href":"https:\/\/www.labopolis.com\/en\/wp-json\/wp\/v2\/types\/product"}],"replies":[{"embeddable":true,"href":"https:\/\/www.labopolis.com\/en\/wp-json\/wp\/v2\/comments?post=1096"}],"wp:featuredmedia":[{"embeddable":true,"href":"https:\/\/www.labopolis.com\/en\/wp-json\/wp\/v2\/media\/1114"}],"wp:attachment":[{"href":"https:\/\/www.labopolis.com\/en\/wp-json\/wp\/v2\/media?parent=1096"}],"wp:term":[{"taxonomy":"product_brand","embeddable":true,"href":"https:\/\/www.labopolis.com\/en\/wp-json\/wp\/v2\/product_brand?post=1096"},{"taxonomy":"product_cat","embeddable":true,"href":"https:\/\/www.labopolis.com\/en\/wp-json\/wp\/v2\/product_cat?post=1096"},{"taxonomy":"product_tag","embeddable":true,"href":"https:\/\/www.labopolis.com\/en\/wp-json\/wp\/v2\/product_tag?post=1096"}],"curies":[{"name":"wp","href":"https:\/\/api.w.org\/{rel}","templated":true}]}}