{"id":71,"date":"2023-05-10T10:51:53","date_gmt":"2023-05-10T10:51:53","guid":{"rendered":"https:\/\/www.labopolis.com\/?page_id=71"},"modified":"2025-11-05T09:23:00","modified_gmt":"2025-11-05T09:23:00","slug":"contactar","status":"publish","type":"page","link":"https:\/\/www.labopolis.com\/en\/contactar\/","title":{"rendered":"Contact us"},"content":{"rendered":"\t\t<div data-elementor-type=\"wp-page\" data-elementor-id=\"71\" class=\"elementor elementor-71\">\n\t\t\t\t\t\t<section class=\"elementor-section elementor-top-section elementor-element elementor-element-7c41e29 elementor-section-boxed elementor-section-height-default elementor-section-height-default wpr-particle-no wpr-jarallax-no wpr-parallax-no wpr-sticky-section-no\" data-id=\"7c41e29\" data-element_type=\"section\" data-e-type=\"section\">\n\t\t\t\t\t\t<div class=\"elementor-container elementor-column-gap-default\">\n\t\t\t\t\t<div class=\"elementor-column elementor-col-100 elementor-top-column elementor-element elementor-element-7afdc9b\" data-id=\"7afdc9b\" data-element_type=\"column\" data-e-type=\"column\">\n\t\t\t<div class=\"elementor-widget-wrap elementor-element-populated\">\n\t\t\t\t\t\t<div class=\"elementor-element elementor-element-d14dd6d elementor-widget elementor-widget-heading\" data-id=\"d14dd6d\" data-element_type=\"widget\" data-e-type=\"widget\" data-widget_type=\"heading.default\">\n\t\t\t\t<div class=\"elementor-widget-container\">\n\t\t\t\t\t<h1 class=\"elementor-heading-title elementor-size-default\">Contactar<\/h1>\t\t\t\t<\/div>\n\t\t\t\t<\/div>\n\t\t\t\t<div class=\"elementor-element elementor-element-3342e06 elementor-invisible elementor-widget elementor-widget-text-editor\" data-id=\"3342e06\" data-element_type=\"widget\" data-e-type=\"widget\" data-settings=\"{&quot;_animation&quot;:&quot;fadeIn&quot;}\" data-widget_type=\"text-editor.default\">\n\t\t\t\t<div class=\"elementor-widget-container\">\n\t\t\t\t\t\t\t\t\t<p>Labopolis, S.L., es una compa\u00f1\u00eda fundada para ofrecer soluciones integrales a las necesidades de los laboratorios y plantas de producci\u00f3n, en los sectores de la biotecnolog\u00eda, alimentaci\u00f3n, qu\u00edmica, farmacia, cer\u00e1mica, cosm\u00e9tica y laboratorios de ensayo de materiales.<\/p><p><span style=\"color: var( --e-global-color-text );\">Ponemos a su disposici\u00f3n nuestro conocimiento del sector, para asesorar y localizar el producto m\u00e1s adecuado en cada caso, facilitando la gesti\u00f3n comercial, mediante un servicio \u00e1gil y r\u00e1pido.<\/span><\/p><p><span style=\"color: var( --e-global-color-text );\">Para cualquier consulta no dude en ponerse en contacto.<\/span><\/p>\t\t\t\t\t\t\t\t<\/div>\n\t\t\t\t<\/div>\n\t\t\t\t<div class=\"elementor-element elementor-element-13e833b elementor-widget elementor-widget-google_maps\" data-id=\"13e833b\" data-element_type=\"widget\" data-e-type=\"widget\" data-widget_type=\"google_maps.default\">\n\t\t\t\t<div class=\"elementor-widget-container\">\n\t\t\t\t\t\t\t<div class=\"elementor-custom-embed\">\n\t\t\t<iframe loading=\"lazy\"\n\t\t\t\t\tsrc=\"https:\/\/maps.google.com\/maps?q=labopolis&#038;t=m&#038;z=14&#038;output=embed&#038;iwloc=near\"\n\t\t\t\t\ttitle=\"labopolis\"\n\t\t\t\t\taria-label=\"labopolis\"\n\t\t\t><\/iframe>\n\t\t<\/div>\n\t\t\t\t\t\t<\/div>\n\t\t\t\t<\/div>\n\t\t\t\t\t<\/div>\n\t\t<\/div>\n\t\t\t\t\t<\/div>\n\t\t<\/section>\n\t\t\t\t<section class=\"elementor-section elementor-top-section elementor-element elementor-element-828714d elementor-section-boxed elementor-section-height-default elementor-section-height-default wpr-particle-no wpr-jarallax-no wpr-parallax-no wpr-sticky-section-no\" data-id=\"828714d\" data-element_type=\"section\" data-e-type=\"section\" id=\"form\">\n\t\t\t\t\t\t<div class=\"elementor-container elementor-column-gap-default\">\n\t\t\t\t\t<div class=\"elementor-column elementor-col-100 elementor-top-column elementor-element elementor-element-36f0cc6\" data-id=\"36f0cc6\" data-element_type=\"column\" data-e-type=\"column\">\n\t\t\t<div class=\"elementor-widget-wrap elementor-element-populated\">\n\t\t\t\t\t\t<div class=\"elementor-element elementor-element-b97dc77 elementor-widget elementor-widget-heading\" data-id=\"b97dc77\" data-element_type=\"widget\" data-e-type=\"widget\" data-widget_type=\"heading.default\">\n\t\t\t\t<div class=\"elementor-widget-container\">\n\t\t\t\t\t<h2 class=\"elementor-heading-title elementor-size-default\">Ponte en contacto con nosotros<\/h2>\t\t\t\t<\/div>\n\t\t\t\t<\/div>\n\t\t\t\t\t<\/div>\n\t\t<\/div>\n\t\t\t\t\t<\/div>\n\t\t<\/section>\n\t\t\t\t<section class=\"elementor-section elementor-top-section elementor-element elementor-element-2928328 elementor-section-boxed elementor-section-height-default elementor-section-height-default wpr-particle-no wpr-jarallax-no wpr-parallax-no wpr-sticky-section-no\" data-id=\"2928328\" data-element_type=\"section\" data-e-type=\"section\">\n\t\t\t\t\t\t<div class=\"elementor-container elementor-column-gap-default\">\n\t\t\t\t\t<div class=\"elementor-column elementor-col-33 elementor-top-column elementor-element elementor-element-320064c\" data-id=\"320064c\" data-element_type=\"column\" data-e-type=\"column\">\n\t\t\t<div class=\"elementor-widget-wrap\">\n\t\t\t\t\t\t\t<\/div>\n\t\t<\/div>\n\t\t\t\t<div class=\"elementor-column elementor-col-33 elementor-top-column elementor-element elementor-element-dd5fa7c\" data-id=\"dd5fa7c\" data-element_type=\"column\" data-e-type=\"column\">\n\t\t\t<div class=\"elementor-widget-wrap elementor-element-populated\">\n\t\t\t\t\t\t<div class=\"elementor-element elementor-element-16bf9d0 fluentform-widget-submit-button-custom elementor-widget elementor-widget-fluent-form-widget\" data-id=\"16bf9d0\" data-element_type=\"widget\" data-e-type=\"widget\" data-widget_type=\"fluent-form-widget.default\">\n\t\t\t\t<div class=\"elementor-widget-container\">\n\t\t\t\t\t\n            <div class=\"fluentform-widget-wrapper fluentform-widget-align-default\">\n\n            \n            <div class='fluentform ff-default fluentform_wrapper_3 ffs_default_wrap'><form data-form_id=\"3\" id=\"fluentform_3\" class=\"frm-fluent-form fluent_form_3 ff-el-form-top ff_form_instance_3_1 ff-form-loading ffs_default\" data-form_instance=\"ff_form_instance_3_1\" method=\"POST\" ><fieldset  style=\"border: none!important;margin: 0!important;padding: 0!important;background-color: transparent!important;box-shadow: none!important;outline: none!important; min-inline-size: 100%;\">\n                    <legend class=\"ff_screen_reader_title\" style=\"display: block; margin: 0!important;padding: 0!important;height: 0!important;text-indent: -999999px;width: 0!important;overflow:hidden;\">Formulario de contacto<\/legend><input type='hidden' name='__fluent_form_embded_post_id' value='71' \/><input type=\"hidden\" id=\"_fluentform_3_fluentformnonce\" name=\"_fluentform_3_fluentformnonce\" value=\"786e39bbaf\" \/><input type=\"hidden\" name=\"_wp_http_referer\" value=\"\/en\/wp-json\/wp\/v2\/pages\/71\" \/><div data-type=\"name-element\" data-name=\"names\" class=\" ff-field_container ff-name-field-wrapper\" ><div class='ff-t-container'><div class='ff-t-cell '><div class='ff-el-group'><div class=\"ff-el-input--label ff-el-is-required asterisk-right\"><label for='ff_3_names_first_name_' id='label_ff_3_names_first_name_' >Nombre<\/label><\/div><div class='ff-el-input--content'><input type=\"text\" name=\"names[first_name]\" id=\"ff_3_names_first_name_\" class=\"ff-el-form-control\" aria-invalid=\"false\" aria-required=true><\/div><\/div><\/div><div class='ff-t-cell '><div class='ff-el-group'><div class=\"ff-el-input--label ff-el-is-required asterisk-right\"><label for='ff_3_names_last_name_' id='label_ff_3_names_last_name_' >Apellidos<\/label><\/div><div class='ff-el-input--content'><input type=\"text\" name=\"names[last_name]\" id=\"ff_3_names_last_name_\" class=\"ff-el-form-control\" aria-invalid=\"false\" aria-required=true><\/div><\/div><\/div><\/div><\/div><div class='ff-el-group'><div class=\"ff-el-input--label ff-el-is-required asterisk-right\"><label for='ff_3_email' id='label_ff_3_email' aria-label=\"Email\">Email<\/label><\/div><div class='ff-el-input--content'><input type=\"email\" name=\"email\" id=\"ff_3_email\" class=\"ff-el-form-control\" data-name=\"email\"  aria-invalid=\"false\" aria-required=true><\/div><\/div><div class='ff-el-group'><div class=\"ff-el-input--label ff-el-is-required asterisk-right\"><label for='ff_3_message' id='label_ff_3_message' aria-label=\"Mensaje\">Mensaje<\/label><\/div><div class='ff-el-input--content'><textarea aria-required=\"true\" aria-labelledby=\"label_ff_3_message\" name=\"message\" id=\"ff_3_message\" class=\"ff-el-form-control\" rows=\"4\" cols=\"2\" data-name=\"message\" ><\/textarea><\/div><\/div><div class='ff-el-group'><div class=\"ff-el-input--label asterisk-right\"><label   aria-label=\"Doy mi consentimiento para recibir comunicaciones comerciales, promociones y fidelizarle como cliente.\">Doy mi consentimiento para recibir comunicaciones comerciales, promociones y fidelizarle como cliente.<\/label><\/div><div class='ff-el-input--content'><div class='ff-el-form-check ff-el-form-check-'><label class='ff-el-form-check-label' for='input_radio_ffd112638dd69271e3744f4caacd352f'><input  type=\"radio\" name=\"input_radio\" data-name=\"input_radio\" class=\"ff-el-form-check-input ff-el-form-check-radio\" value=\"Si\"  id='input_radio_ffd112638dd69271e3744f4caacd352f' aria-label='Si' aria-invalid='false' aria-required=false> <span>Si<\/span><\/label><\/div><div class='ff-el-form-check ff-el-form-check- ff_item_selected'><label class='ff-el-form-check-label' for='input_radio_ecdd412afe6daa942c9879af92e975d1'><input  type=\"radio\" name=\"input_radio\" data-name=\"input_radio\" class=\"ff-el-form-check-input ff-el-form-check-radio\" checked=\"1\" value=\"no\"  id='input_radio_ecdd412afe6daa942c9879af92e975d1' aria-label='No' aria-invalid='false' aria-required=false> <span>No<\/span><\/label><\/div><\/div><\/div><div class='ff-el-group ' ><div class='ff-el-input--content'><div data-fluent_id='3' name='g-recaptcha-response'><div\n\t\tdata-sitekey='6Lfp41YnAAAAAHDRmx4KS9gy99UVtmeA-LgvypED'\n\t\tid='fluentform-recaptcha-3-1'\n\t\tclass='ff-el-recaptcha g-recaptcha'\n\t\tdata-callback='fluentFormrecaptchaSuccessCallback'><\/div><\/div><\/div><\/div><div class='ff-el-group ff-text-right ff_submit_btn_wrapper'><button type=\"submit\" class=\"ff-btn ff-btn-submit ff-btn-md ff_btn_style\"  aria-label=\"Enviar\">Enviar<\/button><\/div><\/fieldset><\/form><div id='fluentform_3_errors' class='ff-errors-in-stack ff_form_instance_3_1 ff-form-loading_errors ff_form_instance_3_1_errors'><\/div><\/div>            <script type=\"text\/javascript\">\n                window.fluent_form_ff_form_instance_3_1 = {\"id\":\"3\",\"settings\":{\"layout\":{\"labelPlacement\":\"top\",\"helpMessagePlacement\":\"with_label\",\"errorMessagePlacement\":\"inline\",\"cssClassName\":\"\",\"asteriskPlacement\":\"asterisk-right\"},\"restrictions\":{\"denyEmptySubmission\":{\"enabled\":false}}},\"form_instance\":\"ff_form_instance_3_1\",\"form_id_selector\":\"fluentform_3\",\"rules\":{\"names[first_name]\":{\"required\":{\"value\":true,\"message\":\"Debe rellenar este campo.\"}},\"names[middle_name]\":{\"required\":{\"value\":false,\"message\":\"This field is required\"}},\"names[last_name]\":{\"required\":{\"value\":true,\"message\":\"Debe rellenar este campo.\"}},\"email\":{\"required\":{\"value\":true,\"message\":\"Debe rellenar este campo.\"},\"email\":{\"value\":true,\"message\":\"Debe contener un correo electr\\u00f3nico v\\u00e1lido.\"}},\"message\":{\"required\":{\"value\":true,\"message\":\"Debe rellenar este campo.\"}},\"input_radio\":{\"required\":{\"value\":false,\"message\":\"This field is required\"}},\"g-recaptcha-response\":[]},\"debounce_time\":300};\n                            <\/script>\n                        <\/div>\n\n            \t\t\t\t<\/div>\n\t\t\t\t<\/div>\n\t\t\t\t\t<\/div>\n\t\t<\/div>\n\t\t\t\t<div class=\"elementor-column elementor-col-33 elementor-top-column elementor-element elementor-element-53d51f5\" data-id=\"53d51f5\" data-element_type=\"column\" data-e-type=\"column\">\n\t\t\t<div class=\"elementor-widget-wrap\">\n\t\t\t\t\t\t\t<\/div>\n\t\t<\/div>\n\t\t\t\t\t<\/div>\n\t\t<\/section>\n\t\t\t\t<\/div>\n\t\t","protected":false},"excerpt":{"rendered":"<p>Contact Labopolis, S.L., is a company founded to offer integral solutions to the needs of laboratories and production plants, in the biotechnology, food, chemical, pharmaceutical, ceramic, cosmetics and materials testing laboratories sectors. We put at your disposal our knowledge of the sector, to advise and locate the most suitable product in each case, facilitating the commercial management, through a fast and agile service. For any questions please do not hesitate to contact us. Contact us Contact form NameSurnameEmailMessageI give my consent to receive commercial communications, promotions and customer loyalty. Yes NoSend<\/p>","protected":false},"author":1,"featured_media":0,"parent":0,"menu_order":0,"comment_status":"closed","ping_status":"closed","template":"","meta":{"footnotes":""},"class_list":["post-71","page","type-page","status-publish","hentry"],"yoast_head":"<!-- This site is optimized with the Yoast SEO plugin v27.2 - https:\/\/yoast.com\/product\/yoast-seo-wordpress\/ -->\n<title>Contactar - Labopolis<\/title>\n<meta name=\"description\" content=\"Contactar    Labopolis, S.L., es una compa\u00f1\u00eda fundada para ofrecer soluciones integrales a las necesidades de los laboratorios y plantas de producci\u00f3n, en los sectores de la biotecnolog\u00eda, alimentaci\u00f3n, qu\u00edmica, farmacia, cer\u00e1mica, cosm\u00e9tica y laboratorios de ensayo de materiales.Ponemos a su disposici\u00f3n nuestro conocimiento del sector, para asesorar y localizar el producto m\u00e1s adecuado en cada caso, facilitando la gesti\u00f3n comercial, mediante un servicio \u00e1gil y r\u00e1pido.Para cualquier consulta no dude en ponerse en contacto.      Ponte en contacto con nosotros                   Formulario de contactoNombreApellidosEmailMensajeDoy mi consentimiento para recibir comunicaciones comerciales, promociones y fidelizarle como cliente. Si NoEnviar\" \/>\n<meta name=\"robots\" content=\"index, follow, max-snippet:-1, max-image-preview:large, max-video-preview:-1\" \/>\n<link rel=\"canonical\" href=\"https:\/\/www.labopolis.com\/en\/contactar\/\" \/>\n<meta property=\"og:locale\" content=\"en_US\" \/>\n<meta property=\"og:type\" content=\"article\" \/>\n<meta property=\"og:title\" content=\"Contactar - Labopolis\" \/>\n<meta property=\"og:description\" content=\"Contactar    Labopolis, S.L., es una compa\u00f1\u00eda fundada para ofrecer soluciones integrales a las necesidades de los laboratorios y plantas de producci\u00f3n, en los sectores de la biotecnolog\u00eda, alimentaci\u00f3n, qu\u00edmica, farmacia, cer\u00e1mica, cosm\u00e9tica y laboratorios de ensayo de materiales.Ponemos a su disposici\u00f3n nuestro conocimiento del sector, para asesorar y localizar el producto m\u00e1s adecuado en cada caso, facilitando la gesti\u00f3n comercial, mediante un servicio \u00e1gil y r\u00e1pido.Para cualquier consulta no dude en ponerse en contacto.      Ponte en contacto con nosotros                   Formulario de contactoNombreApellidosEmailMensajeDoy mi consentimiento para recibir comunicaciones comerciales, promociones y fidelizarle como cliente. Si NoEnviar\" \/>\n<meta property=\"og:url\" content=\"https:\/\/www.labopolis.com\/en\/contactar\/\" \/>\n<meta property=\"og:site_name\" content=\"Labopolis\" \/>\n<meta property=\"article:publisher\" content=\"https:\/\/www.facebook.com\/profile.php?id=100063251679439\" \/>\n<meta property=\"article:modified_time\" content=\"2025-11-05T09:23:00+00:00\" \/>\n<meta name=\"twitter:card\" content=\"summary_large_image\" \/>\n<meta name=\"twitter:site\" content=\"@Labopolis\" \/>\n<meta name=\"twitter:label1\" content=\"Est. reading time\" \/>\n\t<meta name=\"twitter:data1\" content=\"1 minute\" \/>\n<script type=\"application\/ld+json\" class=\"yoast-schema-graph\">{\"@context\":\"https:\/\/schema.org\",\"@graph\":[{\"@type\":\"WebPage\",\"@id\":\"https:\/\/www.labopolis.com\/contactar\/\",\"url\":\"https:\/\/www.labopolis.com\/contactar\/\",\"name\":\"Contactar - Labopolis\",\"isPartOf\":{\"@id\":\"https:\/\/www.labopolis.com\/#website\"},\"datePublished\":\"2023-05-10T10:51:53+00:00\",\"dateModified\":\"2025-11-05T09:23:00+00:00\",\"description\":\"Contactar Labopolis, S.L., es una compa\u00f1\u00eda fundada para ofrecer soluciones integrales a las necesidades de los laboratorios y plantas de producci\u00f3n, en los sectores de la biotecnolog\u00eda, alimentaci\u00f3n, qu\u00edmica, farmacia, cer\u00e1mica, cosm\u00e9tica y laboratorios de ensayo de materiales.Ponemos a su disposici\u00f3n nuestro conocimiento del sector, para asesorar y localizar el producto m\u00e1s adecuado en cada caso, facilitando la gesti\u00f3n comercial, mediante un servicio \u00e1gil y r\u00e1pido.Para cualquier consulta no dude en ponerse en contacto. Ponte en contacto con nosotros Formulario de contactoNombreApellidosEmailMensajeDoy mi consentimiento para recibir comunicaciones comerciales, promociones y fidelizarle como cliente. Si NoEnviar\",\"breadcrumb\":{\"@id\":\"https:\/\/www.labopolis.com\/contactar\/#breadcrumb\"},\"inLanguage\":\"en-US\",\"potentialAction\":[{\"@type\":\"ReadAction\",\"target\":[\"https:\/\/www.labopolis.com\/contactar\/\"]}]},{\"@type\":\"BreadcrumbList\",\"@id\":\"https:\/\/www.labopolis.com\/contactar\/#breadcrumb\",\"itemListElement\":[{\"@type\":\"ListItem\",\"position\":1,\"name\":\"Portada\",\"item\":\"https:\/\/www.labopolis.com\/\"},{\"@type\":\"ListItem\",\"position\":2,\"name\":\"Contactar\"}]},{\"@type\":\"WebSite\",\"@id\":\"https:\/\/www.labopolis.com\/#website\",\"url\":\"https:\/\/www.labopolis.com\/\",\"name\":\"Labopolis\",\"description\":\"\",\"potentialAction\":[{\"@type\":\"SearchAction\",\"target\":{\"@type\":\"EntryPoint\",\"urlTemplate\":\"https:\/\/www.labopolis.com\/?s={search_term_string}\"},\"query-input\":{\"@type\":\"PropertyValueSpecification\",\"valueRequired\":true,\"valueName\":\"search_term_string\"}}],\"inLanguage\":\"en-US\"}]}<\/script>\n<!-- \/ Yoast SEO plugin. -->","yoast_head_json":{"title":"Contact - Labopolis","description":"Contact Labopolis, S.L. is a company founded to offer comprehensive solutions for the needs of laboratories and production plants in the biotechnology, food, chemical, pharmaceutical, ceramics, cosmetics, and materials testing laboratory sectors. We offer our industry knowledge to advise and locate the most suitable product in each case, facilitating commercial management through an agile and fast service. For any inquiries, please do not hesitate to contact us.\n\nContact Us\n\nContact Form\nName\nLast Name\nEmail\nMessage\nI give my consent to receive commercial communications, promotions, and to build customer loyalty. Yes No\nSend","robots":{"index":"index","follow":"follow","max-snippet":"max-snippet:-1","max-image-preview":"max-image-preview:large","max-video-preview":"max-video-preview:-1"},"canonical":"https:\/\/www.labopolis.com\/en\/contactar\/","og_locale":"en_US","og_type":"article","og_title":"Contactar - Labopolis","og_description":"Contactar    Labopolis, S.L., es una compa\u00f1\u00eda fundada para ofrecer soluciones integrales a las necesidades de los laboratorios y plantas de producci\u00f3n, en los sectores de la biotecnolog\u00eda, alimentaci\u00f3n, qu\u00edmica, farmacia, cer\u00e1mica, cosm\u00e9tica y laboratorios de ensayo de materiales.Ponemos a su disposici\u00f3n nuestro conocimiento del sector, para asesorar y localizar el producto m\u00e1s adecuado en cada caso, facilitando la gesti\u00f3n comercial, mediante un servicio \u00e1gil y r\u00e1pido.Para cualquier consulta no dude en ponerse en contacto.      Ponte en contacto con nosotros                   Formulario de contactoNombreApellidosEmailMensajeDoy mi consentimiento para recibir comunicaciones comerciales, promociones y fidelizarle como cliente. Si NoEnviar","og_url":"https:\/\/www.labopolis.com\/en\/contactar\/","og_site_name":"Labopolis","article_publisher":"https:\/\/www.facebook.com\/profile.php?id=100063251679439","article_modified_time":"2025-11-05T09:23:00+00:00","twitter_card":"summary_large_image","twitter_site":"@Labopolis","twitter_misc":{"Est. reading time":"1 minute"},"schema":{"@context":"https:\/\/schema.org","@graph":[{"@type":"WebPage","@id":"https:\/\/www.labopolis.com\/contactar\/","url":"https:\/\/www.labopolis.com\/contactar\/","name":"Contact - Labopolis","isPartOf":{"@id":"https:\/\/www.labopolis.com\/#website"},"datePublished":"2023-05-10T10:51:53+00:00","dateModified":"2025-11-05T09:23:00+00:00","description":"Contact Labopolis, S.L., is a company founded to offer comprehensive solutions for the needs of laboratories and production plants in the biotechnology, food, chemical, pharmaceutical, ceramic, cosmetic, and materials testing laboratory sectors. We offer you our industry knowledge to advise and locate the most suitable product for each case, facilitating commercial management through an agile and rapid service. For any inquiries, do not hesitate to contact us. Contact Us Contact Form First Name Last Name Email Message I consent to receiving commercial communications, promotions, and to being loyalized as a customer. Yes No Send","breadcrumb":{"@id":"https:\/\/www.labopolis.com\/contactar\/#breadcrumb"},"inLanguage":"en-US","potentialAction":[{"@type":"ReadAction","target":["https:\/\/www.labopolis.com\/contactar\/"]}]},{"@type":"BreadcrumbList","@id":"https:\/\/www.labopolis.com\/contactar\/#breadcrumb","itemListElement":[{"@type":"ListItem","position":1,"name":"Portada","item":"https:\/\/www.labopolis.com\/"},{"@type":"ListItem","position":2,"name":"Contactar"}]},{"@type":"WebSite","@id":"https:\/\/www.labopolis.com\/#website","url":"https:\/\/www.labopolis.com\/","name":"Labopolis","description":"","potentialAction":[{"@type":"SearchAction","target":{"@type":"EntryPoint","urlTemplate":"https:\/\/www.labopolis.com\/?s={search_term_string}"},"query-input":{"@type":"PropertyValueSpecification","valueRequired":true,"valueName":"search_term_string"}}],"inLanguage":"en-US"}]}},"_links":{"self":[{"href":"https:\/\/www.labopolis.com\/en\/wp-json\/wp\/v2\/pages\/71","targetHints":{"allow":["GET"]}}],"collection":[{"href":"https:\/\/www.labopolis.com\/en\/wp-json\/wp\/v2\/pages"}],"about":[{"href":"https:\/\/www.labopolis.com\/en\/wp-json\/wp\/v2\/types\/page"}],"author":[{"embeddable":true,"href":"https:\/\/www.labopolis.com\/en\/wp-json\/wp\/v2\/users\/1"}],"replies":[{"embeddable":true,"href":"https:\/\/www.labopolis.com\/en\/wp-json\/wp\/v2\/comments?post=71"}],"version-history":[{"count":26,"href":"https:\/\/www.labopolis.com\/en\/wp-json\/wp\/v2\/pages\/71\/revisions"}],"predecessor-version":[{"id":16317,"href":"https:\/\/www.labopolis.com\/en\/wp-json\/wp\/v2\/pages\/71\/revisions\/16317"}],"wp:attachment":[{"href":"https:\/\/www.labopolis.com\/en\/wp-json\/wp\/v2\/media?parent=71"}],"curies":[{"name":"wp","href":"https:\/\/api.w.org\/{rel}","templated":true}]}}