{"id":10408,"date":"2023-07-14T11:23:35","date_gmt":"2023-07-14T11:23:35","guid":{"rendered":"https:\/\/www.labopolis.com\/?page_id=10408"},"modified":"2025-11-05T09:40:20","modified_gmt":"2025-11-05T09:40:20","slug":"gastos-de-envio","status":"publish","type":"page","link":"https:\/\/www.labopolis.com\/en\/gastos-de-envio\/","title":{"rendered":"Shipping costs"},"content":{"rendered":"<div data-elementor-type=\"wp-page\" data-elementor-id=\"10408\" class=\"elementor elementor-10408\">\n\t\t\t\t\t\t<section class=\"elementor-section elementor-top-section elementor-element elementor-element-a3594ed elementor-section-boxed elementor-section-height-default elementor-section-height-default wpr-particle-no wpr-jarallax-no wpr-parallax-no wpr-sticky-section-no\" data-id=\"a3594ed\" data-element_type=\"section\" data-e-type=\"section\">\n\t\t\t\t\t\t<div class=\"elementor-container elementor-column-gap-default\">\n\t\t\t\t\t<div class=\"elementor-column elementor-col-100 elementor-top-column elementor-element elementor-element-b0e1a07\" data-id=\"b0e1a07\" data-element_type=\"column\" data-e-type=\"column\">\n\t\t\t<div class=\"elementor-widget-wrap elementor-element-populated\">\n\t\t\t\t\t\t<div class=\"elementor-element elementor-element-536b5c8 elementor-widget elementor-widget-heading\" data-id=\"536b5c8\" data-element_type=\"widget\" data-e-type=\"widget\" data-widget_type=\"heading.default\">\n\t\t\t\t<div class=\"elementor-widget-container\">\n\t\t\t\t\t<h1 class=\"elementor-heading-title elementor-size-default\">Shipping costs<\/h1>\t\t\t\t<\/div>\n\t\t\t\t<\/div>\n\t\t\t\t<div class=\"elementor-element elementor-element-9ca8342 elementor-invisible elementor-widget elementor-widget-text-editor\" data-id=\"9ca8342\" data-element_type=\"widget\" data-e-type=\"widget\" data-settings=\"{&quot;_animation&quot;:&quot;fadeIn&quot;}\" data-widget_type=\"text-editor.default\">\n\t\t\t\t<div class=\"elementor-widget-container\">\n\t\t\t\t\t\t\t\t\t<p>The products will be delivered to the place indicated by the Customer.<\/p><p>Postage is calculated based on the weight of the order and the shipping area (Peninsula, Balearic Islands, Canary Islands, Ceuta and Melilla).<\/p><p>In the case of shipments to the Canary Islands, the transport price includes only \"customs clearance at origin\". In no case will customs clearance at destination be included, nor canary duties or taxes, if any, which must be paid directly by the customer upon receipt of the merchandise.<\/p><p>For shipments abroad you can request a price by e-mail: info@labopolis.com, indicating what you want to order and the company or individual data, name, address, telephone, e-mail, NIF \/ CIF \/ VAT, etc, and we will send you a quote.<\/p><p>NOTE: The price of the transport of large volume merchandise is not calculated automatically, the cost of the same will be sent to you by e-mail with the confirmation of the order, the transport only includes taking it to the street level, nor the installation or assembly. For orders of more than 50Kg, the transport price will be provided with the confirmation of your order.<\/p>\t\t\t\t\t\t\t\t<\/div>\n\t\t\t\t<\/div>\n\t\t\t\t<div class=\"elementor-element elementor-element-ef30955 elementor-widget elementor-widget-heading\" data-id=\"ef30955\" data-element_type=\"widget\" data-e-type=\"widget\" data-widget_type=\"heading.default\">\n\t\t\t\t<div class=\"elementor-widget-container\">\n\t\t\t\t\t<h2 class=\"elementor-heading-title elementor-size-default\">Claims for damage suffered during transport:<\/h2>\t\t\t\t<\/div>\n\t\t\t\t<\/div>\n\t\t\t\t<div class=\"elementor-element elementor-element-900287c elementor-invisible elementor-widget elementor-widget-text-editor\" data-id=\"900287c\" data-element_type=\"widget\" data-e-type=\"widget\" data-settings=\"{&quot;_animation&quot;:&quot;fadeIn&quot;}\" data-widget_type=\"text-editor.default\">\n\t\t\t\t<div class=\"elementor-widget-container\">\n\t\t\t\t\t\t\t\t\t<p>\u2013 Record the incident on the delivery note of the transport agency, whether you receive the packages in poor condition, or if the number of packages does not correspond to the delivery note.<\/p><p>\u2013 The delivery note is proof of any incident in the state of the merchandise. The transport agency will not accept claims if the claim is not included in the delivery note.<\/p><p>\u2013 The incident must be communicated in writing to LABOPOLIS, within a maximum period of 24 hours.<\/p><p>Labopolis, solo se har\u00e1 cargo de los portes en el caso de que, por error, el material enviado no se corresponda con el material pedido por el cliente, en ning\u00fan caso se har\u00e1 cargo de los portes si el Cliente ha pedido un material equivocado, y en dicho caso, nos lo tendr\u00e1 que comunicar para que enviemos a nuestra agencia. No se admiten portes debidos por otra agencia que no haya sido confirmada previamente por nosotros.<\/p>\t\t\t\t\t\t\t\t<\/div>\n\t\t\t\t<\/div>\n\t\t\t\t\t<\/div>\n\t\t<\/div>\n\t\t\t\t\t<\/div>\n\t\t<\/section>\n\t\t\t\t<\/div>","protected":false},"excerpt":{"rendered":"<p>Shipping costs The products will be delivered to the place indicated by the Customer. Shipping costs are calculated based on the weight of the order and the shipping area (Peninsula, Balearic Islands, Canary Islands, Ceuta and Melilla). In the case of shipments to the Canary Islands, the transport price includes only \"customs clearance at origin\". In no case will be included the customs clearance at destination nor the tariffs or Canary tax, if any, which must be paid directly by the customer upon receipt of the goods. For shipments abroad you can ask for a price by e-mail: info@labopolis.com, indicating what you want to order and the details of the company or individual, name, address, telephone, e-mail, NIF \/ CIF \/ VAT, etc, and we will send you a quote. NOTE: The price of transportation of large volume goods is not calculated automatically, you will be sent the cost of the same by e-mail with the order confirmation, the transport only includes taking it to the street plant, nor the installation or assembly. For orders over 50Kg, the shipping cost will be provided to you with your order confirmation. Claims for damages suffered during transport: - Please note the incident on the delivery note of the transport agency, whether you receive the packages in bad condition, or if the number of packages does not correspond to the delivery note. - The delivery note is the proof of any incident in the condition of the goods. The transport agency will not admit claims if the claim does not appear on the delivery note. - The incidence must be communicated in writing to LABOPOLIS, in the maximum term of 24 hours. Labopolis, will only be in charge of the postage in case that, by mistake, the material sent does not correspond with the material ordered by the client, in no case will be in charge of the postage if the Client has ordered a wrong material, and in this case, he\/she will have to communicate it to us so that we send it to our agency. We do not accept carriage forward by any other agency that has not been previously confirmed by us.<\/p>","protected":false},"author":1,"featured_media":0,"parent":0,"menu_order":0,"comment_status":"closed","ping_status":"closed","template":"","meta":{"footnotes":""},"class_list":["post-10408","page","type-page","status-publish","hentry"],"yoast_head":"<!-- This site is optimized with the Yoast SEO plugin v27.2 - https:\/\/yoast.com\/product\/yoast-seo-wordpress\/ -->\n<title>Gastos de env\u00edo - Labopolis<\/title>\n<meta name=\"description\" content=\"Gastos de env\u00edo    Los productos se entregar\u00e1n en el lugar indicado por el Cliente.Los portes se calculan en base al peso del pedido y a la zona de env\u00edo (Pen\u00ednsula, Baleares, Canarias, Ceuta y Melilla).En el caso de env\u00edos a Canarias, el precio del transporte incluye solo \u201cdespacho de aduanas en origen\u201d. En ning\u00fan caso estar\u00e1 incluido el despacho de aduanas en destino ni los aranceles o impuesto Canario, si los hubiera, que deber\u00e1n ser abonados directamente por el cliente a la recepci\u00f3n de la mercanc\u00eda.Para env\u00edos al extranjero puede solicitarnos precio por e-mail: info@labopolis.com, indicando lo que quieren pedir y los datos de la empresa o particular, nombre, direcci\u00f3n, tel\u00e9fono, e-mail, NIF \/ CIF \/ VAT, etc, y le haremos llegar un presupuesto.NOTA: El precio del transporte de mercanc\u00edas de gran volumen no es calculado autom\u00e1ticamente, le ser\u00e1 enviado el coste del mismo por e-mail con la confirmaci\u00f3n del pedido, el transporte solo incluye el llevarlo a la planta calle, ni la instalaci\u00f3n o el montaje. Para los pedidos de m\u00e1s de 50Kg, el precio del transporte le ser\u00e1 facilitado con la confirmaci\u00f3n de su pedido.    Reclamaciones por da\u00f1os sufridos durante el transporte:    \u2013 Haga constar la incidencia en el albar\u00e1n de la agencia de transporte, tanto si recibe los bultos en mal estado, como si el n\u00famero de bultos no corresponde al albar\u00e1n de entrega.\u2013 El albar\u00e1n de entrega es el justificante de cualquier incidencia en el estado de la mercanc\u00eda. La agencia de transporte no admitir\u00e1 reclamaciones si la reclamaci\u00f3n no consta en el albar\u00e1n de entrega.\u2013 La incidencia deber\u00e1\u00a0comunicarla por escrito a LABOPOLIS, en el plazo m\u00e1ximo de 24 horas.Labopolis, solo se har\u00e1 cargo de los portes en el caso de que, por error, el material enviado no se corresponda con el material pedido por el cliente, en ning\u00fan caso se har\u00e1 cargo de los portes si el Cliente ha pedido un material equivocado, y en dicho caso, nos lo tendr\u00e1 que comunicar para que enviemos a nuestra agencia. No se admiten portes debidos por otra agencia que no haya sido confirmada previamente por nosotros.\" \/>\n<meta name=\"robots\" content=\"index, follow, max-snippet:-1, max-image-preview:large, max-video-preview:-1\" \/>\n<link rel=\"canonical\" href=\"https:\/\/www.labopolis.com\/en\/gastos-de-envio\/\" \/>\n<meta property=\"og:locale\" content=\"en_US\" \/>\n<meta property=\"og:type\" content=\"article\" \/>\n<meta property=\"og:title\" content=\"Gastos de env\u00edo - Labopolis\" \/>\n<meta property=\"og:description\" content=\"Gastos de env\u00edo    Los productos se entregar\u00e1n en el lugar indicado por el Cliente.Los portes se calculan en base al peso del pedido y a la zona de env\u00edo (Pen\u00ednsula, Baleares, Canarias, Ceuta y Melilla).En el caso de env\u00edos a Canarias, el precio del transporte incluye solo \u201cdespacho de aduanas en origen\u201d. En ning\u00fan caso estar\u00e1 incluido el despacho de aduanas en destino ni los aranceles o impuesto Canario, si los hubiera, que deber\u00e1n ser abonados directamente por el cliente a la recepci\u00f3n de la mercanc\u00eda.Para env\u00edos al extranjero puede solicitarnos precio por e-mail: info@labopolis.com, indicando lo que quieren pedir y los datos de la empresa o particular, nombre, direcci\u00f3n, tel\u00e9fono, e-mail, NIF \/ CIF \/ VAT, etc, y le haremos llegar un presupuesto.NOTA: El precio del transporte de mercanc\u00edas de gran volumen no es calculado autom\u00e1ticamente, le ser\u00e1 enviado el coste del mismo por e-mail con la confirmaci\u00f3n del pedido, el transporte solo incluye el llevarlo a la planta calle, ni la instalaci\u00f3n o el montaje. Para los pedidos de m\u00e1s de 50Kg, el precio del transporte le ser\u00e1 facilitado con la confirmaci\u00f3n de su pedido.    Reclamaciones por da\u00f1os sufridos durante el transporte:    \u2013 Haga constar la incidencia en el albar\u00e1n de la agencia de transporte, tanto si recibe los bultos en mal estado, como si el n\u00famero de bultos no corresponde al albar\u00e1n de entrega.\u2013 El albar\u00e1n de entrega es el justificante de cualquier incidencia en el estado de la mercanc\u00eda. La agencia de transporte no admitir\u00e1 reclamaciones si la reclamaci\u00f3n no consta en el albar\u00e1n de entrega.\u2013 La incidencia deber\u00e1\u00a0comunicarla por escrito a LABOPOLIS, en el plazo m\u00e1ximo de 24 horas.Labopolis, solo se har\u00e1 cargo de los portes en el caso de que, por error, el material enviado no se corresponda con el material pedido por el cliente, en ning\u00fan caso se har\u00e1 cargo de los portes si el Cliente ha pedido un material equivocado, y en dicho caso, nos lo tendr\u00e1 que comunicar para que enviemos a nuestra agencia. No se admiten portes debidos por otra agencia que no haya sido confirmada previamente por nosotros.\" \/>\n<meta property=\"og:url\" content=\"https:\/\/www.labopolis.com\/en\/gastos-de-envio\/\" \/>\n<meta property=\"og:site_name\" content=\"Labopolis\" \/>\n<meta property=\"article:publisher\" content=\"https:\/\/www.facebook.com\/profile.php?id=100063251679439\" \/>\n<meta property=\"article:modified_time\" content=\"2025-11-05T09:40:20+00:00\" \/>\n<meta name=\"twitter:card\" content=\"summary_large_image\" \/>\n<meta name=\"twitter:site\" content=\"@Labopolis\" \/>\n<meta name=\"twitter:label1\" content=\"Est. reading time\" \/>\n\t<meta name=\"twitter:data1\" content=\"2 minutes\" \/>\n<script type=\"application\/ld+json\" class=\"yoast-schema-graph\">{\"@context\":\"https:\/\/schema.org\",\"@graph\":[{\"@type\":\"WebPage\",\"@id\":\"https:\/\/www.labopolis.com\/gastos-de-envio\/\",\"url\":\"https:\/\/www.labopolis.com\/gastos-de-envio\/\",\"name\":\"Gastos de env\u00edo - Labopolis\",\"isPartOf\":{\"@id\":\"https:\/\/www.labopolis.com\/#website\"},\"datePublished\":\"2023-07-14T11:23:35+00:00\",\"dateModified\":\"2025-11-05T09:40:20+00:00\",\"description\":\"Gastos de env\u00edo Los productos se entregar\u00e1n en el lugar indicado por el Cliente.Los portes se calculan en base al peso del pedido y a la zona de env\u00edo (Pen\u00ednsula, Baleares, Canarias, Ceuta y Melilla).En el caso de env\u00edos a Canarias, el precio del transporte incluye solo \u201cdespacho de aduanas en origen\u201d. En ning\u00fan caso estar\u00e1 incluido el despacho de aduanas en destino ni los aranceles o impuesto Canario, si los hubiera, que deber\u00e1n ser abonados directamente por el cliente a la recepci\u00f3n de la mercanc\u00eda.Para env\u00edos al extranjero puede solicitarnos precio por e-mail: info@labopolis.com, indicando lo que quieren pedir y los datos de la empresa o particular, nombre, direcci\u00f3n, tel\u00e9fono, e-mail, NIF \/ CIF \/ VAT, etc, y le haremos llegar un presupuesto.NOTA: El precio del transporte de mercanc\u00edas de gran volumen no es calculado autom\u00e1ticamente, le ser\u00e1 enviado el coste del mismo por e-mail con la confirmaci\u00f3n del pedido, el transporte solo incluye el llevarlo a la planta calle, ni la instalaci\u00f3n o el montaje. Para los pedidos de m\u00e1s de 50Kg, el precio del transporte le ser\u00e1 facilitado con la confirmaci\u00f3n de su pedido. Reclamaciones por da\u00f1os sufridos durante el transporte: \u2013 Haga constar la incidencia en el albar\u00e1n de la agencia de transporte, tanto si recibe los bultos en mal estado, como si el n\u00famero de bultos no corresponde al albar\u00e1n de entrega.\u2013 El albar\u00e1n de entrega es el justificante de cualquier incidencia en el estado de la mercanc\u00eda. La agencia de transporte no admitir\u00e1 reclamaciones si la reclamaci\u00f3n no consta en el albar\u00e1n de entrega.\u2013 La incidencia deber\u00e1\u00a0comunicarla por escrito a LABOPOLIS, en el plazo m\u00e1ximo de 24 horas.Labopolis, solo se har\u00e1 cargo de los portes en el caso de que, por error, el material enviado no se corresponda con el material pedido por el cliente, en ning\u00fan caso se har\u00e1 cargo de los portes si el Cliente ha pedido un material equivocado, y en dicho caso, nos lo tendr\u00e1 que comunicar para que enviemos a nuestra agencia. No se admiten portes debidos por otra agencia que no haya sido confirmada previamente por nosotros.\",\"breadcrumb\":{\"@id\":\"https:\/\/www.labopolis.com\/gastos-de-envio\/#breadcrumb\"},\"inLanguage\":\"en-US\",\"potentialAction\":[{\"@type\":\"ReadAction\",\"target\":[\"https:\/\/www.labopolis.com\/gastos-de-envio\/\"]}]},{\"@type\":\"BreadcrumbList\",\"@id\":\"https:\/\/www.labopolis.com\/gastos-de-envio\/#breadcrumb\",\"itemListElement\":[{\"@type\":\"ListItem\",\"position\":1,\"name\":\"Portada\",\"item\":\"https:\/\/www.labopolis.com\/\"},{\"@type\":\"ListItem\",\"position\":2,\"name\":\"Gastos de env\u00edo\"}]},{\"@type\":\"WebSite\",\"@id\":\"https:\/\/www.labopolis.com\/#website\",\"url\":\"https:\/\/www.labopolis.com\/\",\"name\":\"Labopolis\",\"description\":\"\",\"potentialAction\":[{\"@type\":\"SearchAction\",\"target\":{\"@type\":\"EntryPoint\",\"urlTemplate\":\"https:\/\/www.labopolis.com\/?s={search_term_string}\"},\"query-input\":{\"@type\":\"PropertyValueSpecification\",\"valueRequired\":true,\"valueName\":\"search_term_string\"}}],\"inLanguage\":\"en-US\"}]}<\/script>\n<!-- \/ Yoast SEO plugin. -->","yoast_head_json":{"title":"Shipping costs - Labopolis","description":"Shipping costs The products will be delivered to the place indicated by the customer, the shipping costs are calculated based on the weight of the order and the shipping area (Peninsula, Balearic Islands, Canary Islands, Ceuta and Melilla), in the case of shipments to the Canary Islands, the price of transport includes only \u201ccustoms clearance at origin\u201d, in no case will be included customs clearance at destination or Canary Islands duties or taxes, if any. In no case will be included the customs clearance at destination nor the tariffs or Canary tax, if any, which must be paid directly by the customer upon receipt of the goods.For shipments abroad you can request a price by e-mail: info@labopolis.com, indicating what you want to order and the details of the company or individual, name, address, telephone, e-mail, NIF \/ CIF \/ VAT, etc, and we will send you a quote.NOTE: The price of transportation of large volume goods is not calculated automatically, you will be sent the cost of the same by e-mail with the order confirmation, the transport only includes taking it to the street plant, nor the installation or assembly. For orders over 50Kg, the shipping cost will be provided with your order confirmation.    Claims for damages suffered during transport: - Please state the incident on the delivery note of the transport agency, whether you receive the packages in bad condition, or if the number of packages does not correspond to the delivery note - The delivery note is the proof of any incident in the condition of the goods. The transport agency will not admit claims if the claim does not appear in the delivery note.- The incidence must be communicated in writing to LABOPOLIS, in the maximum term of 24 hours.Labopolis, will only be in charge of the postage in case that, by mistake, the material sent does not correspond with the material ordered by the client, in no case it will be in charge of the postage if the Client has ordered a wrong material, and in this case, he will have to communicate it to us so that we send to our agency. We do not accept carriage forward by any other agency that has not been previously confirmed by us.","robots":{"index":"index","follow":"follow","max-snippet":"max-snippet:-1","max-image-preview":"max-image-preview:large","max-video-preview":"max-video-preview:-1"},"canonical":"https:\/\/www.labopolis.com\/en\/gastos-de-envio\/","og_locale":"en_US","og_type":"article","og_title":"Gastos de env\u00edo - Labopolis","og_description":"Gastos de env\u00edo    Los productos se entregar\u00e1n en el lugar indicado por el Cliente.Los portes se calculan en base al peso del pedido y a la zona de env\u00edo (Pen\u00ednsula, Baleares, Canarias, Ceuta y Melilla).En el caso de env\u00edos a Canarias, el precio del transporte incluye solo \u201cdespacho de aduanas en origen\u201d. En ning\u00fan caso estar\u00e1 incluido el despacho de aduanas en destino ni los aranceles o impuesto Canario, si los hubiera, que deber\u00e1n ser abonados directamente por el cliente a la recepci\u00f3n de la mercanc\u00eda.Para env\u00edos al extranjero puede solicitarnos precio por e-mail: info@labopolis.com, indicando lo que quieren pedir y los datos de la empresa o particular, nombre, direcci\u00f3n, tel\u00e9fono, e-mail, NIF \/ CIF \/ VAT, etc, y le haremos llegar un presupuesto.NOTA: El precio del transporte de mercanc\u00edas de gran volumen no es calculado autom\u00e1ticamente, le ser\u00e1 enviado el coste del mismo por e-mail con la confirmaci\u00f3n del pedido, el transporte solo incluye el llevarlo a la planta calle, ni la instalaci\u00f3n o el montaje. Para los pedidos de m\u00e1s de 50Kg, el precio del transporte le ser\u00e1 facilitado con la confirmaci\u00f3n de su pedido.    Reclamaciones por da\u00f1os sufridos durante el transporte:    \u2013 Haga constar la incidencia en el albar\u00e1n de la agencia de transporte, tanto si recibe los bultos en mal estado, como si el n\u00famero de bultos no corresponde al albar\u00e1n de entrega.\u2013 El albar\u00e1n de entrega es el justificante de cualquier incidencia en el estado de la mercanc\u00eda. La agencia de transporte no admitir\u00e1 reclamaciones si la reclamaci\u00f3n no consta en el albar\u00e1n de entrega.\u2013 La incidencia deber\u00e1\u00a0comunicarla por escrito a LABOPOLIS, en el plazo m\u00e1ximo de 24 horas.Labopolis, solo se har\u00e1 cargo de los portes en el caso de que, por error, el material enviado no se corresponda con el material pedido por el cliente, en ning\u00fan caso se har\u00e1 cargo de los portes si el Cliente ha pedido un material equivocado, y en dicho caso, nos lo tendr\u00e1 que comunicar para que enviemos a nuestra agencia. No se admiten portes debidos por otra agencia que no haya sido confirmada previamente por nosotros.","og_url":"https:\/\/www.labopolis.com\/en\/gastos-de-envio\/","og_site_name":"Labopolis","article_publisher":"https:\/\/www.facebook.com\/profile.php?id=100063251679439","article_modified_time":"2025-11-05T09:40:20+00:00","twitter_card":"summary_large_image","twitter_site":"@Labopolis","twitter_misc":{"Est. reading time":"2 minutes"},"schema":{"@context":"https:\/\/schema.org","@graph":[{"@type":"WebPage","@id":"https:\/\/www.labopolis.com\/gastos-de-envio\/","url":"https:\/\/www.labopolis.com\/gastos-de-envio\/","name":"Shipping costs - Labopolis","isPartOf":{"@id":"https:\/\/www.labopolis.com\/#website"},"datePublished":"2023-07-14T11:23:35+00:00","dateModified":"2025-11-05T09:40:20+00:00","description":"Shipping costs The products will be delivered to the place indicated by the customer, the shipping costs are calculated based on the weight of the order and the shipping area (Peninsula, Balearic Islands, Canary Islands, Ceuta and Melilla), in the case of shipments to the Canary Islands, the price of transport includes only \u201ccustoms clearance at origin\u201d, in no case will be included customs clearance at destination or Canary Islands duties or taxes, if any. In no case will be included the customs clearance at destination nor the tariffs or Canary tax, if any, which must be paid directly by the customer upon receipt of the goods.For shipments abroad you can request a price by e-mail: info@labopolis.com, indicating what you want to order and the details of the company or individual, name, address, telephone, e-mail, NIF \/ CIF \/ VAT, etc, and we will send you a quote.NOTE: The price of transportation of large volume goods is not calculated automatically, you will be sent the cost of the same by e-mail with the order confirmation, the transport only includes taking it to the street plant, nor the installation or assembly. For orders over 50Kg, the shipping cost will be provided with your order confirmation. Claims for damages suffered during transport: - Please state the incident on the delivery note of the transport agency, whether you receive the packages in bad condition, or if the number of packages does not correspond to the delivery note - The delivery note is the proof of any incident in the condition of the goods. The transport agency will not admit claims if the claim does not appear in the delivery note.- The incidence must be communicated in writing to LABOPOLIS, in the maximum term of 24 hours.Labopolis, will only be in charge of the postage in case that, by mistake, the material sent does not correspond with the material ordered by the client, in no case it will be in charge of the postage if the Client has ordered a wrong material, and in this case, he will have to communicate it to us so that we send to our agency. We do not accept carriage forward by any other agency that has not been previously confirmed by us.","breadcrumb":{"@id":"https:\/\/www.labopolis.com\/gastos-de-envio\/#breadcrumb"},"inLanguage":"en-US","potentialAction":[{"@type":"ReadAction","target":["https:\/\/www.labopolis.com\/gastos-de-envio\/"]}]},{"@type":"BreadcrumbList","@id":"https:\/\/www.labopolis.com\/gastos-de-envio\/#breadcrumb","itemListElement":[{"@type":"ListItem","position":1,"name":"Portada","item":"https:\/\/www.labopolis.com\/"},{"@type":"ListItem","position":2,"name":"Gastos de env\u00edo"}]},{"@type":"WebSite","@id":"https:\/\/www.labopolis.com\/#website","url":"https:\/\/www.labopolis.com\/","name":"Labopolis","description":"","potentialAction":[{"@type":"SearchAction","target":{"@type":"EntryPoint","urlTemplate":"https:\/\/www.labopolis.com\/?s={search_term_string}"},"query-input":{"@type":"PropertyValueSpecification","valueRequired":true,"valueName":"search_term_string"}}],"inLanguage":"en-US"}]}},"_links":{"self":[{"href":"https:\/\/www.labopolis.com\/en\/wp-json\/wp\/v2\/pages\/10408","targetHints":{"allow":["GET"]}}],"collection":[{"href":"https:\/\/www.labopolis.com\/en\/wp-json\/wp\/v2\/pages"}],"about":[{"href":"https:\/\/www.labopolis.com\/en\/wp-json\/wp\/v2\/types\/page"}],"author":[{"embeddable":true,"href":"https:\/\/www.labopolis.com\/en\/wp-json\/wp\/v2\/users\/1"}],"replies":[{"embeddable":true,"href":"https:\/\/www.labopolis.com\/en\/wp-json\/wp\/v2\/comments?post=10408"}],"version-history":[{"count":14,"href":"https:\/\/www.labopolis.com\/en\/wp-json\/wp\/v2\/pages\/10408\/revisions"}],"predecessor-version":[{"id":16365,"href":"https:\/\/www.labopolis.com\/en\/wp-json\/wp\/v2\/pages\/10408\/revisions\/16365"}],"wp:attachment":[{"href":"https:\/\/www.labopolis.com\/en\/wp-json\/wp\/v2\/media?parent=10408"}],"curies":[{"name":"wp","href":"https:\/\/api.w.org\/{rel}","templated":true}]}}