{"id":10380,"date":"2023-07-14T11:05:54","date_gmt":"2023-07-14T11:05:54","guid":{"rendered":"https:\/\/www.labopolis.com\/?page_id=10380"},"modified":"2025-11-06T13:06:20","modified_gmt":"2025-11-06T13:06:20","slug":"temperatura","status":"publish","type":"page","link":"https:\/\/www.labopolis.com\/en\/temperatura\/","title":{"rendered":"Temperature"},"content":{"rendered":"\t\t<div data-elementor-type=\"wp-page\" data-elementor-id=\"10380\" class=\"elementor elementor-10380\">\n\t\t\t\t\t\t<section class=\"elementor-section elementor-top-section elementor-element elementor-element-caffe19 elementor-section-boxed elementor-section-height-default elementor-section-height-default wpr-particle-no wpr-jarallax-no wpr-parallax-no wpr-sticky-section-no\" data-id=\"caffe19\" data-element_type=\"section\" data-e-type=\"section\">\n\t\t\t\t\t\t<div class=\"elementor-container elementor-column-gap-default\">\n\t\t\t\t\t<div class=\"elementor-column elementor-col-100 elementor-top-column elementor-element elementor-element-4c78aad\" data-id=\"4c78aad\" data-element_type=\"column\" data-e-type=\"column\">\n\t\t\t<div class=\"elementor-widget-wrap elementor-element-populated\">\n\t\t\t\t\t\t<div class=\"elementor-element elementor-element-c0385e8 elementor-widget elementor-widget-heading\" data-id=\"c0385e8\" data-element_type=\"widget\" data-e-type=\"widget\" data-widget_type=\"heading.default\">\n\t\t\t\t<div class=\"elementor-widget-container\">\n\t\t\t\t\t<h1 class=\"elementor-heading-title elementor-size-default\">temperatura<\/h1>\t\t\t\t<\/div>\n\t\t\t\t<\/div>\n\t\t\t\t<div class=\"elementor-element elementor-element-14132b3 elementor-widget-divider--view-line elementor-widget elementor-widget-divider\" data-id=\"14132b3\" data-element_type=\"widget\" data-e-type=\"widget\" data-widget_type=\"divider.default\">\n\t\t\t\t<div class=\"elementor-widget-container\">\n\t\t\t\t\t\t\t<div class=\"elementor-divider\">\n\t\t\t<span class=\"elementor-divider-separator\">\n\t\t\t\t\t\t<\/span>\n\t\t<\/div>\n\t\t\t\t\t\t<\/div>\n\t\t\t\t<\/div>\n\t\t\t\t<div class=\"elementor-element elementor-element-ea329e7 eael-product-gallery-column-4 elementor-widget elementor-widget-eael-woo-product-gallery\" data-id=\"ea329e7\" data-element_type=\"widget\" data-e-type=\"widget\" data-settings=\"{&quot;eael_product_gallery_column&quot;:&quot;4&quot;}\" data-widget_type=\"eael-woo-product-gallery.default\">\n\t\t\t\t<div class=\"elementor-widget-container\">\n\t\t\t\t\t\n        <div class=\"eael-product-gallery eael-product-preset-2 masonry eael-terms-layout-horizontal\" id=\"eael-product-gallery\" data-widget-id=\"ea329e7\" data-page-id=\"10380\" data-nonce=\"fedcb4d81f\" >\n\t\t\t<ul class=\"eael-cat-tab\" data-layout=\"masonry\" data-template=\"{&quot;dir&quot;:&quot;lite&quot;,&quot;file_name&quot;:&quot;preset-2.php&quot;,&quot;name&quot;:&quot;Woo-Product-Gallery&quot;}\" data-nonce=\"fedcb4d81f\" data-page-id=\"10380\" data-widget-id=\"ea329e7\" data-widget=\"ea329e7\" data-class=\"Essential_Addons_Elementor\\Elements\\Woo_Product_Gallery\" data-args=\"post_type=product&amp;post_status%5B0%5D=publish&amp;post_status%5B1%5D=pending&amp;post_status%5B2%5D=future&amp;posts_per_page=500&amp;order=desc&amp;offset=0&amp;tax_query%5Brelation%5D=AND&amp;tax_query%5B0%5D%5Btaxonomy%5D=product_visibility&amp;tax_query%5B0%5D%5Bfield%5D=name&amp;tax_query%5B0%5D%5Bterms%5D%5B0%5D=exclude-from-search&amp;tax_query%5B0%5D%5Bterms%5D%5B1%5D=exclude-from-catalog&amp;tax_query%5B0%5D%5Boperator%5D=NOT+IN&amp;tax_query%5B1%5D%5Brelation%5D=OR&amp;tax_query%5B1%5D%5B0%5D%5Btaxonomy%5D=product_cat&amp;tax_query%5B1%5D%5B0%5D%5Bfield%5D=term_id&amp;tax_query%5B1%5D%5B0%5D%5Bterms%5D=138&amp;tax_query%5B1%5D%5B0%5D%5Boperator%5D=IN&amp;orderby=date&amp;meta_query%5Brelation%5D=AND\" data-page=\"1\"><li><a href=\"javascript:;\" data-page=\"1\" data-taxonomy=\"product_cat\" data-terms='[\"temperatura\"]' data-id=\"138\" class=\"post-list-filter-item \">Temperatura<\/a><\/li><\/ul>\n            <div class=\"woocommerce\">\n\t\t\t\t<ul class=\"products eael-post-appender eael-post-appender-ea329e7\" data-layout-mode=\"masonry\" data-ssi-desktop=\"no\" ><li class=\"product  post-2141 type-product status-publish has-post-thumbnail product_cat-laboratorio product_cat-temperatura first instock taxable shipping-taxable purchasable product-type-simple\">\n        <div class=\"eael-product-wrap\" data-src=\"\" data-src-hover=\"\" >\n                <div class=\"product-image-wrap\">\n            <div class=\"image-wrap\">\n                <img fetchpriority=\"high\" decoding=\"async\" width=\"600\" height=\"600\" src=\"https:\/\/www.labopolis.com\/wp-content\/uploads\/2023\/07\/TH310-600x600.jpg\" class=\"attachment-woocommerce_single size-woocommerce_single\" alt=\"Term\u00f3metros de bolsillo con control autom\u00e1tico de calibraci\u00f3n TH310\" loading=\"eager\" srcset=\"https:\/\/www.labopolis.com\/wp-content\/uploads\/2023\/07\/TH310-600x600.jpg 600w, https:\/\/www.labopolis.com\/wp-content\/uploads\/2023\/07\/TH310-300x300.jpg 300w, https:\/\/www.labopolis.com\/wp-content\/uploads\/2023\/07\/TH310-100x100.jpg 100w, https:\/\/www.labopolis.com\/wp-content\/uploads\/2023\/07\/TH310-150x150.jpg 150w, https:\/\/www.labopolis.com\/wp-content\/uploads\/2023\/07\/TH310-768x768.jpg 768w, https:\/\/www.labopolis.com\/wp-content\/uploads\/2023\/07\/TH310.jpg 1000w\" sizes=\"(max-width: 600px) 100vw, 600px\" \/>            <\/div>\n            <div class=\"image-hover-wrap\">\n                <ul class=\"icons-wrap block-box-style\">\n                                            <li class=\"add-to-cart\"><a href=\"\/en\/wp-json\/wp\/v2\/pages\/10380?add-to-cart=2141\" aria-describedby=\"woocommerce_loop_add_to_cart_link_describedby_2141\" data-quantity=\"1\" class=\"button product_type_simple add_to_cart_button ajax_add_to_cart\" data-product_id=\"2141\" data-product_sku=\"TH310\" aria-label=\"Add to cart: &ldquo;Term\u00f3metros de bolsillo con control autom\u00e1tico de calibraci\u00f3n TH310&rdquo;\" rel=\"nofollow\" data-success_message=\"&ldquo;Term\u00f3metros de bolsillo con control autom\u00e1tico de calibraci\u00f3n TH310&rdquo; has been added to your cart\" role=\"button\">Add to cart<\/a>\t<span id=\"woocommerce_loop_add_to_cart_link_describedby_2141\" class=\"screen-reader-text\">\n\t\t\t<\/span>\n<\/li>\n                                                                <li class=\"eael-product-quick-view\">\n                            <a id=\"eael_quick_view_69e8cb63771c5\" data-quickview-setting=\"{&quot;widget_id&quot;:&quot;ea329e7&quot;,&quot;product_id&quot;:2141,&quot;page_id&quot;:10380}\"\n                                class=\"eael-product-gallery-open-popup open-popup-link\">\n                                <i class=\"fas fa-eye\"><\/i>\n                            <\/a>\n                        <\/li>\n                                                                <li class=\"view-details\"><a href=\"https:\/\/www.labopolis.com\/en\/product\/termometros-de-bolsillo-con-control-automatico-de-calibracion-th310\/\" aria-label=\"View Details about Term\u00f3metros de bolsillo con control autom\u00e1tico de calibraci\u00f3n TH310\"><i class=\"fas fa-link\"><\/i><\/a><\/li>\n                                    <\/ul>\n            <\/div>\n        <\/div>\n        <div class=\"product-details-wrap\">\n            <div class=\"eael-product-price\"><span class=\"woocommerce-Price-amount amount\"><bdi>42,00<span class=\"woocommerce-Price-currencySymbol\">&euro;<\/span><\/bdi><\/span><\/div>            <div class=\"eael-product-title\">\n                <span>Term\u00f3metros de bolsillo con control autom\u00e1tico de calibraci\u00f3n TH310<\/span>            <\/div>\n        <\/div>\n            <\/div>\n<\/li><li class=\"product  post-2142 type-product status-publish has-post-thumbnail product_cat-laboratorio product_cat-temperatura instock taxable shipping-taxable purchasable product-type-simple\">\n        <div class=\"eael-product-wrap\" data-src=\"\" data-src-hover=\"\" >\n                <div class=\"product-image-wrap\">\n            <div class=\"image-wrap\">\n                <img decoding=\"async\" width=\"600\" height=\"600\" src=\"https:\/\/www.labopolis.com\/wp-content\/uploads\/2023\/07\/TH300-600x600.jpg\" class=\"attachment-woocommerce_single size-woocommerce_single\" alt=\"Term\u00f3metro digital con sonda TH300\" loading=\"eager\" srcset=\"https:\/\/www.labopolis.com\/wp-content\/uploads\/2023\/07\/TH300-600x600.jpg 600w, https:\/\/www.labopolis.com\/wp-content\/uploads\/2023\/07\/TH300-300x300.jpg 300w, https:\/\/www.labopolis.com\/wp-content\/uploads\/2023\/07\/TH300-100x100.jpg 100w, https:\/\/www.labopolis.com\/wp-content\/uploads\/2023\/07\/TH300-150x150.jpg 150w, https:\/\/www.labopolis.com\/wp-content\/uploads\/2023\/07\/TH300-768x768.jpg 768w, https:\/\/www.labopolis.com\/wp-content\/uploads\/2023\/07\/TH300.jpg 1000w\" sizes=\"(max-width: 600px) 100vw, 600px\" \/>            <\/div>\n            <div class=\"image-hover-wrap\">\n                <ul class=\"icons-wrap block-box-style\">\n                                            <li class=\"add-to-cart\"><a href=\"\/en\/wp-json\/wp\/v2\/pages\/10380?add-to-cart=2142\" aria-describedby=\"woocommerce_loop_add_to_cart_link_describedby_2142\" data-quantity=\"1\" class=\"button product_type_simple add_to_cart_button ajax_add_to_cart\" data-product_id=\"2142\" data-product_sku=\"TH300\" aria-label=\"Add to cart: &ldquo;Term\u00f3metro digital con sonda TH300&rdquo;\" rel=\"nofollow\" data-success_message=\"&ldquo;Term\u00f3metro digital con sonda TH300&rdquo; has been added to your cart\" role=\"button\">Add to cart<\/a>\t<span id=\"woocommerce_loop_add_to_cart_link_describedby_2142\" class=\"screen-reader-text\">\n\t\t\t<\/span>\n<\/li>\n                                                                <li class=\"eael-product-quick-view\">\n                            <a id=\"eael_quick_view_69e8cb6379256\" data-quickview-setting=\"{&quot;widget_id&quot;:&quot;ea329e7&quot;,&quot;product_id&quot;:2142,&quot;page_id&quot;:10380}\"\n                                class=\"eael-product-gallery-open-popup open-popup-link\">\n                                <i class=\"fas fa-eye\"><\/i>\n                            <\/a>\n                        <\/li>\n                                                                <li class=\"view-details\"><a href=\"https:\/\/www.labopolis.com\/en\/product\/termometro-digital-con-sonda-th300\/\" aria-label=\"View Details about Term\u00f3metro digital con sonda TH300\"><i class=\"fas fa-link\"><\/i><\/a><\/li>\n                                    <\/ul>\n            <\/div>\n        <\/div>\n        <div class=\"product-details-wrap\">\n            <div class=\"eael-product-price\"><span class=\"woocommerce-Price-amount amount\"><bdi>42,00<span class=\"woocommerce-Price-currencySymbol\">&euro;<\/span><\/bdi><\/span><\/div>            <div class=\"eael-product-title\">\n                <span>Term\u00f3metro digital con sonda TH300<\/span>            <\/div>\n        <\/div>\n            <\/div>\n<\/li><\/ul>            <div class=\"eael-load-more-button-wrap eael-force-hide\">\n                <button class=\"hide-load-more eael-load-more-button\" id=\"eael-load-more-btn-ea329e7\" data-widget-id=\"ea329e7\" data-widget=\"ea329e7\" data-page-id=\"10380\" data-template=\"{&quot;dir&quot;:&quot;lite&quot;,&quot;file_name&quot;:&quot;preset-2.php&quot;,&quot;name&quot;:&quot;Woo-Product-Gallery&quot;}\" data-class=\"Essential_Addons_Elementor\\Elements\\Woo_Product_Gallery\" data-layout=\"masonry\" data-page=\"1\" data-args=\"post_type=product&amp;post_status%5B0%5D=publish&amp;post_status%5B1%5D=pending&amp;post_status%5B2%5D=future&amp;posts_per_page=500&amp;order=desc&amp;offset=0&amp;tax_query%5Brelation%5D=AND&amp;tax_query%5B0%5D%5Btaxonomy%5D=product_visibility&amp;tax_query%5B0%5D%5Bfield%5D=name&amp;tax_query%5B0%5D%5Bterms%5D%5B0%5D=exclude-from-search&amp;tax_query%5B0%5D%5Bterms%5D%5B1%5D=exclude-from-catalog&amp;tax_query%5B0%5D%5Boperator%5D=NOT+IN&amp;tax_query%5B1%5D%5Brelation%5D=OR&amp;tax_query%5B1%5D%5B0%5D%5Btaxonomy%5D=product_cat&amp;tax_query%5B1%5D%5B0%5D%5Bfield%5D=term_id&amp;tax_query%5B1%5D%5B0%5D%5Bterms%5D=138&amp;tax_query%5B1%5D%5B0%5D%5Boperator%5D=IN&amp;orderby=date&amp;meta_query%5Brelation%5D=AND\" data-max-page=\"1\">\n                    <span class=\"eael-btn-loader button__loader\"><\/span>\n                    <span class=\"eael_load_more_text\"><\/span>\n                <\/button>\n            <\/div>\n                        <\/div>\n        <\/div>\n        <script type=\"text\/javascript\">\n\t\t\tjQuery(document).ready(function ($) {\n\t\t\t\tvar $scope = jQuery(\".elementor-element-ea329e7\");\n\t\t\t\tvar $products = $('.products', $scope);\n\t\t\t\tvar $layout_mode = $products.data('layout-mode');\n\n\t\t\t\tif ($layout_mode === 'masonry') {\n\t\t\t\t\t\/\/ init isotope\n\t\t\t\t\tvar $isotope_products = $products.isotope({ itemSelector: \"li.product\", layoutMode: $layout_mode, percentPosition: true });\n\t\t\t\t\t$isotope_products.imagesLoaded().progress(function () {\n\t\t\t\t\t\t$isotope_products.isotope('layout');\n\t\t\t\t\t})\n\n\t\t\t\t\t$(window).on('resize', function () {\n\t\t\t\t\t\t$isotope_products.isotope('layout');\n\t\t\t\t\t});\n\t\t\t\t}\n\t\t\t});\n        <\/script>\n\t\t\t\t\t\t<\/div>\n\t\t\t\t<\/div>\n\t\t\t\t\t<\/div>\n\t\t<\/div>\n\t\t\t\t\t<\/div>\n\t\t<\/section>\n\t\t\t\t<\/div>\n\t\t","protected":false},"excerpt":{"rendered":"<p>temperature Temperature Add to cart 42,00\u20ac Pocket thermometers with automatic calibration control TH310 Add to cart 42,00\u20ac Digital thermometer with probe TH300<\/p>","protected":false},"author":1,"featured_media":0,"parent":0,"menu_order":0,"comment_status":"closed","ping_status":"closed","template":"","meta":{"footnotes":""},"class_list":["post-10380","page","type-page","status-publish","hentry"],"yoast_head":"<!-- This site is optimized with the Yoast SEO plugin v27.2 - https:\/\/yoast.com\/product\/yoast-seo-wordpress\/ -->\n<title>Temperatura - Labopolis<\/title>\n<meta name=\"description\" content=\"temperatura    Temperatura                                                A\u00f1adir al carrito                                                                                                                                     42,00&euro;               Term\u00f3metros de bolsillo con control autom\u00e1tico de calibraci\u00f3n TH310                                                    A\u00f1adir al carrito                                                                                                                                     42,00&euro;               Term\u00f3metro digital con sonda TH300\" \/>\n<meta name=\"robots\" content=\"index, follow, max-snippet:-1, max-image-preview:large, max-video-preview:-1\" \/>\n<link rel=\"canonical\" href=\"https:\/\/www.labopolis.com\/en\/temperatura\/\" \/>\n<meta property=\"og:locale\" content=\"en_US\" \/>\n<meta property=\"og:type\" content=\"article\" \/>\n<meta property=\"og:title\" content=\"Temperatura - Labopolis\" \/>\n<meta property=\"og:description\" content=\"temperatura    Temperatura                                                A\u00f1adir al carrito                                                                                                                                     42,00&euro;               Term\u00f3metros de bolsillo con control autom\u00e1tico de calibraci\u00f3n TH310                                                    A\u00f1adir al carrito                                                                                                                                     42,00&euro;               Term\u00f3metro digital con sonda TH300\" \/>\n<meta property=\"og:url\" content=\"https:\/\/www.labopolis.com\/en\/temperatura\/\" \/>\n<meta property=\"og:site_name\" content=\"Labopolis\" \/>\n<meta property=\"article:publisher\" content=\"https:\/\/www.facebook.com\/profile.php?id=100063251679439\" \/>\n<meta property=\"article:modified_time\" content=\"2025-11-06T13:06:20+00:00\" \/>\n<meta property=\"og:image\" content=\"https:\/\/www.labopolis.com\/wp-content\/uploads\/2023\/07\/TH310-600x600.jpg\" \/>\n<meta name=\"twitter:card\" content=\"summary_large_image\" \/>\n<meta name=\"twitter:site\" content=\"@Labopolis\" \/>\n<meta name=\"twitter:label1\" content=\"Est. reading time\" \/>\n\t<meta name=\"twitter:data1\" content=\"1 minute\" \/>\n<script type=\"application\/ld+json\" class=\"yoast-schema-graph\">{\"@context\":\"https:\/\/schema.org\",\"@graph\":[{\"@type\":\"WebPage\",\"@id\":\"https:\/\/www.labopolis.com\/temperatura\/\",\"url\":\"https:\/\/www.labopolis.com\/temperatura\/\",\"name\":\"Temperatura - Labopolis\",\"isPartOf\":{\"@id\":\"https:\/\/www.labopolis.com\/#website\"},\"primaryImageOfPage\":{\"@id\":\"https:\/\/www.labopolis.com\/temperatura\/#primaryimage\"},\"image\":{\"@id\":\"https:\/\/www.labopolis.com\/temperatura\/#primaryimage\"},\"thumbnailUrl\":\"https:\/\/www.labopolis.com\/wp-content\/uploads\/2023\/07\/TH310-600x600.jpg\",\"datePublished\":\"2023-07-14T11:05:54+00:00\",\"dateModified\":\"2025-11-06T13:06:20+00:00\",\"description\":\"temperatura Temperatura A\u00f1adir al carrito 42,00&euro; Term\u00f3metros de bolsillo con control autom\u00e1tico de calibraci\u00f3n TH310 A\u00f1adir al carrito 42,00&euro; Term\u00f3metro digital con sonda TH300\",\"breadcrumb\":{\"@id\":\"https:\/\/www.labopolis.com\/temperatura\/#breadcrumb\"},\"inLanguage\":\"en-US\",\"potentialAction\":[{\"@type\":\"ReadAction\",\"target\":[\"https:\/\/www.labopolis.com\/temperatura\/\"]}]},{\"@type\":\"ImageObject\",\"inLanguage\":\"en-US\",\"@id\":\"https:\/\/www.labopolis.com\/temperatura\/#primaryimage\",\"url\":\"https:\/\/www.labopolis.com\/wp-content\/uploads\/2023\/07\/TH310-600x600.jpg\",\"contentUrl\":\"https:\/\/www.labopolis.com\/wp-content\/uploads\/2023\/07\/TH310-600x600.jpg\"},{\"@type\":\"BreadcrumbList\",\"@id\":\"https:\/\/www.labopolis.com\/temperatura\/#breadcrumb\",\"itemListElement\":[{\"@type\":\"ListItem\",\"position\":1,\"name\":\"Portada\",\"item\":\"https:\/\/www.labopolis.com\/\"},{\"@type\":\"ListItem\",\"position\":2,\"name\":\"Temperatura\"}]},{\"@type\":\"WebSite\",\"@id\":\"https:\/\/www.labopolis.com\/#website\",\"url\":\"https:\/\/www.labopolis.com\/\",\"name\":\"Labopolis\",\"description\":\"\",\"potentialAction\":[{\"@type\":\"SearchAction\",\"target\":{\"@type\":\"EntryPoint\",\"urlTemplate\":\"https:\/\/www.labopolis.com\/?s={search_term_string}\"},\"query-input\":{\"@type\":\"PropertyValueSpecification\",\"valueRequired\":true,\"valueName\":\"search_term_string\"}}],\"inLanguage\":\"en-US\"}]}<\/script>\n<!-- \/ Yoast SEO plugin. -->","yoast_head_json":{"title":"Temperature - Labopolis","description":"temperature Temperature Add to cart 42,00\u20ac Pocket thermometers with automatic calibration control TH310 Add to cart 42,00\u20ac Digital thermometer with probe TH300","robots":{"index":"index","follow":"follow","max-snippet":"max-snippet:-1","max-image-preview":"max-image-preview:large","max-video-preview":"max-video-preview:-1"},"canonical":"https:\/\/www.labopolis.com\/en\/temperatura\/","og_locale":"en_US","og_type":"article","og_title":"Temperatura - Labopolis","og_description":"temperatura    Temperatura                                                A\u00f1adir al carrito                                                                                                                                     42,00&euro;               Term\u00f3metros de bolsillo con control autom\u00e1tico de calibraci\u00f3n TH310                                                    A\u00f1adir al carrito                                                                                                                                     42,00&euro;               Term\u00f3metro digital con sonda TH300","og_url":"https:\/\/www.labopolis.com\/en\/temperatura\/","og_site_name":"Labopolis","article_publisher":"https:\/\/www.facebook.com\/profile.php?id=100063251679439","article_modified_time":"2025-11-06T13:06:20+00:00","og_image":[{"url":"https:\/\/www.labopolis.com\/wp-content\/uploads\/2023\/07\/TH310-600x600.jpg","type":"","width":"","height":""}],"twitter_card":"summary_large_image","twitter_site":"@Labopolis","twitter_misc":{"Est. reading time":"1 minute"},"schema":{"@context":"https:\/\/schema.org","@graph":[{"@type":"WebPage","@id":"https:\/\/www.labopolis.com\/temperatura\/","url":"https:\/\/www.labopolis.com\/temperatura\/","name":"Temperature - Labopolis","isPartOf":{"@id":"https:\/\/www.labopolis.com\/#website"},"primaryImageOfPage":{"@id":"https:\/\/www.labopolis.com\/temperatura\/#primaryimage"},"image":{"@id":"https:\/\/www.labopolis.com\/temperatura\/#primaryimage"},"thumbnailUrl":"https:\/\/www.labopolis.com\/wp-content\/uploads\/2023\/07\/TH310-600x600.jpg","datePublished":"2023-07-14T11:05:54+00:00","dateModified":"2025-11-06T13:06:20+00:00","description":"temperature Temperature Add to cart 42,00\u20ac Pocket thermometers with automatic calibration control TH310 Add to cart 42,00\u20ac Digital thermometer with probe TH300","breadcrumb":{"@id":"https:\/\/www.labopolis.com\/temperatura\/#breadcrumb"},"inLanguage":"en-US","potentialAction":[{"@type":"ReadAction","target":["https:\/\/www.labopolis.com\/temperatura\/"]}]},{"@type":"ImageObject","inLanguage":"en-US","@id":"https:\/\/www.labopolis.com\/temperatura\/#primaryimage","url":"https:\/\/www.labopolis.com\/wp-content\/uploads\/2023\/07\/TH310-600x600.jpg","contentUrl":"https:\/\/www.labopolis.com\/wp-content\/uploads\/2023\/07\/TH310-600x600.jpg"},{"@type":"BreadcrumbList","@id":"https:\/\/www.labopolis.com\/temperatura\/#breadcrumb","itemListElement":[{"@type":"ListItem","position":1,"name":"Portada","item":"https:\/\/www.labopolis.com\/"},{"@type":"ListItem","position":2,"name":"Temperatura"}]},{"@type":"WebSite","@id":"https:\/\/www.labopolis.com\/#website","url":"https:\/\/www.labopolis.com\/","name":"Labopolis","description":"","potentialAction":[{"@type":"SearchAction","target":{"@type":"EntryPoint","urlTemplate":"https:\/\/www.labopolis.com\/?s={search_term_string}"},"query-input":{"@type":"PropertyValueSpecification","valueRequired":true,"valueName":"search_term_string"}}],"inLanguage":"en-US"}]}},"_links":{"self":[{"href":"https:\/\/www.labopolis.com\/en\/wp-json\/wp\/v2\/pages\/10380","targetHints":{"allow":["GET"]}}],"collection":[{"href":"https:\/\/www.labopolis.com\/en\/wp-json\/wp\/v2\/pages"}],"about":[{"href":"https:\/\/www.labopolis.com\/en\/wp-json\/wp\/v2\/types\/page"}],"author":[{"embeddable":true,"href":"https:\/\/www.labopolis.com\/en\/wp-json\/wp\/v2\/users\/1"}],"replies":[{"embeddable":true,"href":"https:\/\/www.labopolis.com\/en\/wp-json\/wp\/v2\/comments?post=10380"}],"version-history":[{"count":13,"href":"https:\/\/www.labopolis.com\/en\/wp-json\/wp\/v2\/pages\/10380\/revisions"}],"predecessor-version":[{"id":16473,"href":"https:\/\/www.labopolis.com\/en\/wp-json\/wp\/v2\/pages\/10380\/revisions\/16473"}],"wp:attachment":[{"href":"https:\/\/www.labopolis.com\/en\/wp-json\/wp\/v2\/media?parent=10380"}],"curies":[{"name":"wp","href":"https:\/\/api.w.org\/{rel}","templated":true}]}}