{"id":10375,"date":"2023-07-14T11:05:02","date_gmt":"2023-07-14T11:05:02","guid":{"rendered":"https:\/\/www.labopolis.com\/?page_id=10375"},"modified":"2025-11-06T13:05:29","modified_gmt":"2025-11-06T13:05:29","slug":"tamizadores-laboratorio","status":"publish","type":"page","link":"https:\/\/www.labopolis.com\/en\/tamizadores-laboratorio\/","title":{"rendered":"Laboratory sieve shakers"},"content":{"rendered":"\t\t<div data-elementor-type=\"wp-page\" data-elementor-id=\"10375\" class=\"elementor elementor-10375\">\n\t\t\t\t\t\t<section class=\"elementor-section elementor-top-section elementor-element elementor-element-85a545a elementor-section-boxed elementor-section-height-default elementor-section-height-default wpr-particle-no wpr-jarallax-no wpr-parallax-no wpr-sticky-section-no\" data-id=\"85a545a\" data-element_type=\"section\" data-e-type=\"section\">\n\t\t\t\t\t\t<div class=\"elementor-container elementor-column-gap-default\">\n\t\t\t\t\t<div class=\"elementor-column elementor-col-100 elementor-top-column elementor-element elementor-element-aafdd93\" data-id=\"aafdd93\" data-element_type=\"column\" data-e-type=\"column\">\n\t\t\t<div class=\"elementor-widget-wrap elementor-element-populated\">\n\t\t\t\t\t\t<div class=\"elementor-element elementor-element-fff4aba elementor-widget elementor-widget-heading\" data-id=\"fff4aba\" data-element_type=\"widget\" data-e-type=\"widget\" data-widget_type=\"heading.default\">\n\t\t\t\t<div class=\"elementor-widget-container\">\n\t\t\t\t\t<h1 class=\"elementor-heading-title elementor-size-default\">tamizadores laboratorio<\/h1>\t\t\t\t<\/div>\n\t\t\t\t<\/div>\n\t\t\t\t<div class=\"elementor-element elementor-element-dea78d1 elementor-widget-divider--view-line elementor-widget elementor-widget-divider\" data-id=\"dea78d1\" data-element_type=\"widget\" data-e-type=\"widget\" data-widget_type=\"divider.default\">\n\t\t\t\t<div class=\"elementor-widget-container\">\n\t\t\t\t\t\t\t<div class=\"elementor-divider\">\n\t\t\t<span class=\"elementor-divider-separator\">\n\t\t\t\t\t\t<\/span>\n\t\t<\/div>\n\t\t\t\t\t\t<\/div>\n\t\t\t\t<\/div>\n\t\t\t\t<div class=\"elementor-element elementor-element-2199f80 eael-product-gallery-column-4 elementor-widget elementor-widget-eael-woo-product-gallery\" data-id=\"2199f80\" data-element_type=\"widget\" data-e-type=\"widget\" data-settings=\"{&quot;eael_product_gallery_column&quot;:&quot;4&quot;}\" data-widget_type=\"eael-woo-product-gallery.default\">\n\t\t\t\t<div class=\"elementor-widget-container\">\n\t\t\t\t\t\n        <div class=\"eael-product-gallery eael-product-preset-2 grid eael-terms-layout-horizontal\" id=\"eael-product-gallery\" data-widget-id=\"2199f80\" data-page-id=\"10375\" data-nonce=\"8b698536d9\" >\n\t\t\t<ul class=\"eael-cat-tab\" data-layout=\"grid\" data-template=\"{&quot;dir&quot;:&quot;lite&quot;,&quot;file_name&quot;:&quot;preset-2.php&quot;,&quot;name&quot;:&quot;Woo-Product-Gallery&quot;}\" data-nonce=\"8b698536d9\" data-page-id=\"10375\" data-widget-id=\"2199f80\" data-widget=\"2199f80\" data-class=\"Essential_Addons_Elementor\\Elements\\Woo_Product_Gallery\" data-args=\"post_type=product&amp;post_status%5B0%5D=publish&amp;post_status%5B1%5D=pending&amp;post_status%5B2%5D=future&amp;posts_per_page=500&amp;order=desc&amp;offset=0&amp;tax_query%5Brelation%5D=AND&amp;tax_query%5B0%5D%5Btaxonomy%5D=product_visibility&amp;tax_query%5B0%5D%5Bfield%5D=name&amp;tax_query%5B0%5D%5Bterms%5D%5B0%5D=exclude-from-search&amp;tax_query%5B0%5D%5Bterms%5D%5B1%5D=exclude-from-catalog&amp;tax_query%5B0%5D%5Boperator%5D=NOT+IN&amp;tax_query%5B1%5D%5Brelation%5D=OR&amp;tax_query%5B1%5D%5B0%5D%5Btaxonomy%5D=product_cat&amp;tax_query%5B1%5D%5B0%5D%5Bfield%5D=term_id&amp;tax_query%5B1%5D%5B0%5D%5Bterms%5D=132&amp;tax_query%5B1%5D%5B0%5D%5Boperator%5D=IN&amp;orderby=date&amp;meta_query%5Brelation%5D=AND\" data-page=\"1\"><li><a href=\"javascript:;\" data-page=\"1\" data-taxonomy=\"product_cat\" data-terms='[\"tamizadoras-laboratorio\"]' data-id=\"132\" class=\"post-list-filter-item \">Tamizadoras laboratorio<\/a><\/li><\/ul>\n            <div class=\"woocommerce\">\n\t\t\t\t<ul class=\"products eael-post-appender eael-post-appender-2199f80\" data-layout-mode=\"grid\" data-ssi-mobile=\"no\" data-ssi-tablet=\"no\" data-ssi-desktop=\"no\" ><li class=\"product  post-2418 type-product status-publish has-post-thumbnail product_cat-industrial product_cat-tamizadoras-industriales product_cat-tamizadoras-laboratorio first instock taxable shipping-taxable purchasable product-type-simple\">\n        <div class=\"eael-product-wrap\" data-src=\"\" data-src-hover=\"\" >\n                <div class=\"product-image-wrap\">\n            <div class=\"image-wrap\">\n                <img fetchpriority=\"high\" decoding=\"async\" width=\"600\" height=\"800\" src=\"https:\/\/www.labopolis.com\/wp-content\/uploads\/2023\/07\/TLV-300-LR-600x800.jpg\" class=\"attachment-woocommerce_single size-woocommerce_single\" alt=\"Tamizadora circular TLV-400 Labopolis\" loading=\"eager\" srcset=\"https:\/\/www.labopolis.com\/wp-content\/uploads\/2023\/07\/TLV-300-LR-600x800.jpg 600w, https:\/\/www.labopolis.com\/wp-content\/uploads\/2023\/07\/TLV-300-LR-225x300.jpg 225w, https:\/\/www.labopolis.com\/wp-content\/uploads\/2023\/07\/TLV-300-LR-768x1024.jpg 768w, https:\/\/www.labopolis.com\/wp-content\/uploads\/2023\/07\/TLV-300-LR-1152x1536.jpg 1152w, https:\/\/www.labopolis.com\/wp-content\/uploads\/2023\/07\/TLV-300-LR.jpg 1276w\" sizes=\"(max-width: 600px) 100vw, 600px\" \/>            <\/div>\n            <div class=\"image-hover-wrap\">\n                <ul class=\"icons-wrap block-box-style\">\n                                            <li class=\"add-to-cart\"><a href=\"\/en\/wp-json\/wp\/v2\/pages\/10375?add-to-cart=2418\" aria-describedby=\"woocommerce_loop_add_to_cart_link_describedby_2418\" data-quantity=\"1\" class=\"button product_type_simple add_to_cart_button ajax_add_to_cart\" data-product_id=\"2418\" data-product_sku=\"TLV-400\" aria-label=\"Add to cart: &ldquo;Tamizadora circular TLV-400 Labopolis&rdquo;\" rel=\"nofollow\" data-success_message=\"&ldquo;Tamizadora circular TLV-400 Labopolis&rdquo; has been added to your cart\" role=\"button\">Add to cart<\/a>\t<span id=\"woocommerce_loop_add_to_cart_link_describedby_2418\" class=\"screen-reader-text\">\n\t\t\t<\/span>\n<\/li>\n                                                                <li class=\"eael-product-quick-view\">\n                            <a id=\"eael_quick_view_69d24fafd6a36\" data-quickview-setting=\"{&quot;widget_id&quot;:&quot;2199f80&quot;,&quot;product_id&quot;:2418,&quot;page_id&quot;:10375}\"\n                                class=\"eael-product-gallery-open-popup open-popup-link\">\n                                <i class=\"fas fa-eye\"><\/i>\n                            <\/a>\n                        <\/li>\n                                                                <li class=\"view-details\"><a href=\"https:\/\/www.labopolis.com\/en\/product\/tamizadora-circular-tlv-400-labopolis\/\" aria-label=\"View Details about Tamizadora circular TLV-400 Labopolis\"><i class=\"fas fa-link\"><\/i><\/a><\/li>\n                                    <\/ul>\n            <\/div>\n        <\/div>\n        <div class=\"product-details-wrap\">\n            <div class=\"eael-product-price\"><span class=\"woocommerce-Price-amount amount\"><bdi>2.900,00<span class=\"woocommerce-Price-currencySymbol\">&euro;<\/span><\/bdi><\/span><\/div>            <div class=\"eael-product-title\">\n                <span>Tamizadora circular TLV-400 Labopolis<\/span>            <\/div>\n        <\/div>\n            <\/div>\n<\/li><li class=\"product  post-1538 type-product status-publish has-post-thumbnail product_cat-laboratorio product_cat-tamizadoras-laboratorio instock taxable shipping-taxable purchasable product-type-simple\">\n        <div class=\"eael-product-wrap\" data-src=\"\" data-src-hover=\"\" >\n                <div class=\"product-image-wrap\">\n            <div class=\"image-wrap\">\n                <img decoding=\"async\" width=\"425\" height=\"567\" src=\"https:\/\/www.labopolis.com\/wp-content\/uploads\/2023\/07\/20ct-200_50WEB-1.gif\" class=\"attachment-woocommerce_single size-woocommerce_single\" alt=\"Tamizadora Electromagn\u00e9tica 20CT-200\" loading=\"eager\" \/>            <\/div>\n            <div class=\"image-hover-wrap\">\n                <ul class=\"icons-wrap block-box-style\">\n                                            <li class=\"add-to-cart\"><a href=\"\/en\/wp-json\/wp\/v2\/pages\/10375?add-to-cart=1538\" aria-describedby=\"woocommerce_loop_add_to_cart_link_describedby_1538\" data-quantity=\"1\" class=\"button product_type_simple add_to_cart_button ajax_add_to_cart\" data-product_id=\"1538\" data-product_sku=\"20CT-200\" aria-label=\"Add to cart: &ldquo;Tamizadora Electromagn\u00e9tica 20CT-200&rdquo;\" rel=\"nofollow\" data-success_message=\"&ldquo;Tamizadora Electromagn\u00e9tica 20CT-200&rdquo; has been added to your cart\" role=\"button\">Add to cart<\/a>\t<span id=\"woocommerce_loop_add_to_cart_link_describedby_1538\" class=\"screen-reader-text\">\n\t\t\t<\/span>\n<\/li>\n                                                                <li class=\"eael-product-quick-view\">\n                            <a id=\"eael_quick_view_69d24fafd8fc6\" data-quickview-setting=\"{&quot;widget_id&quot;:&quot;2199f80&quot;,&quot;product_id&quot;:1538,&quot;page_id&quot;:10375}\"\n                                class=\"eael-product-gallery-open-popup open-popup-link\">\n                                <i class=\"fas fa-eye\"><\/i>\n                            <\/a>\n                        <\/li>\n                                                                <li class=\"view-details\"><a href=\"https:\/\/www.labopolis.com\/en\/product\/tamizadora-electromagnetica-20ct-200\/\" aria-label=\"View Details about Tamizadora Electromagn\u00e9tica 20CT-200\"><i class=\"fas fa-link\"><\/i><\/a><\/li>\n                                    <\/ul>\n            <\/div>\n        <\/div>\n        <div class=\"product-details-wrap\">\n            <div class=\"eael-product-price\"><span class=\"woocommerce-Price-amount amount\"><bdi>1.530,00<span class=\"woocommerce-Price-currencySymbol\">&euro;<\/span><\/bdi><\/span><\/div>            <div class=\"eael-product-title\">\n                <span>Tamizadora Electromagn\u00e9tica 20CT-200<\/span>            <\/div>\n        <\/div>\n            <\/div>\n<\/li><\/ul>            <div class=\"eael-load-more-button-wrap eael-force-hide\">\n                <button class=\"hide-load-more eael-load-more-button\" id=\"eael-load-more-btn-2199f80\" data-widget-id=\"2199f80\" data-widget=\"2199f80\" data-page-id=\"10375\" data-template=\"{&quot;dir&quot;:&quot;lite&quot;,&quot;file_name&quot;:&quot;preset-2.php&quot;,&quot;name&quot;:&quot;Woo-Product-Gallery&quot;}\" data-class=\"Essential_Addons_Elementor\\Elements\\Woo_Product_Gallery\" data-layout=\"grid\" data-page=\"1\" data-args=\"post_type=product&amp;post_status%5B0%5D=publish&amp;post_status%5B1%5D=pending&amp;post_status%5B2%5D=future&amp;posts_per_page=500&amp;order=desc&amp;offset=0&amp;tax_query%5Brelation%5D=AND&amp;tax_query%5B0%5D%5Btaxonomy%5D=product_visibility&amp;tax_query%5B0%5D%5Bfield%5D=name&amp;tax_query%5B0%5D%5Bterms%5D%5B0%5D=exclude-from-search&amp;tax_query%5B0%5D%5Bterms%5D%5B1%5D=exclude-from-catalog&amp;tax_query%5B0%5D%5Boperator%5D=NOT+IN&amp;tax_query%5B1%5D%5Brelation%5D=OR&amp;tax_query%5B1%5D%5B0%5D%5Btaxonomy%5D=product_cat&amp;tax_query%5B1%5D%5B0%5D%5Bfield%5D=term_id&amp;tax_query%5B1%5D%5B0%5D%5Bterms%5D=132&amp;tax_query%5B1%5D%5B0%5D%5Boperator%5D=IN&amp;orderby=date&amp;meta_query%5Brelation%5D=AND\" data-max-page=\"1\">\n                    <span class=\"eael-btn-loader button__loader\"><\/span>\n                    <span class=\"eael_load_more_text\"><\/span>\n                <\/button>\n            <\/div>\n                        <\/div>\n        <\/div>\n        <script type=\"text\/javascript\">\n\t\t\tjQuery(document).ready(function ($) {\n\t\t\t\tvar $scope = jQuery(\".elementor-element-2199f80\");\n\t\t\t\tvar $products = $('.products', $scope);\n\t\t\t\tvar $layout_mode = $products.data('layout-mode');\n\n\t\t\t\tif ($layout_mode === 'masonry') {\n\t\t\t\t\t\/\/ init isotope\n\t\t\t\t\tvar $isotope_products = $products.isotope({ itemSelector: \"li.product\", layoutMode: $layout_mode, percentPosition: true });\n\t\t\t\t\t$isotope_products.imagesLoaded().progress(function () {\n\t\t\t\t\t\t$isotope_products.isotope('layout');\n\t\t\t\t\t})\n\n\t\t\t\t\t$(window).on('resize', function () {\n\t\t\t\t\t\t$isotope_products.isotope('layout');\n\t\t\t\t\t});\n\t\t\t\t}\n\t\t\t});\n        <\/script>\n\t\t\t\t\t\t<\/div>\n\t\t\t\t<\/div>\n\t\t\t\t\t<\/div>\n\t\t<\/div>\n\t\t\t\t\t<\/div>\n\t\t<\/section>\n\t\t\t\t<\/div>\n\t\t","protected":false},"excerpt":{"rendered":"<p>laboratory sieve shakers Laboratory sieve shakers Add to cart 2.900,00\u20ac Circular sieve shaker TLV-400 Labopolis Add to cart 1.530,00\u20ac Electromagnetic sieve shaker 20CT-200<\/p>","protected":false},"author":1,"featured_media":0,"parent":0,"menu_order":0,"comment_status":"closed","ping_status":"closed","template":"","meta":{"footnotes":""},"class_list":["post-10375","page","type-page","status-publish","hentry"],"yoast_head":"<!-- This site is optimized with the Yoast SEO plugin v27.2 - https:\/\/yoast.com\/product\/yoast-seo-wordpress\/ -->\n<title>Tamizadores laboratorio - Labopolis<\/title>\n<meta name=\"description\" content=\"tamizadores laboratorio    Tamizadoras laboratorio                                                A\u00f1adir al carrito                                                                                                                                     2.900,00&euro;               Tamizadora circular TLV-400 Labopolis                                                    A\u00f1adir al carrito                                                                                                                                     1.530,00&euro;               Tamizadora Electromagn\u00e9tica 20CT-200\" \/>\n<meta name=\"robots\" content=\"index, follow, max-snippet:-1, max-image-preview:large, max-video-preview:-1\" \/>\n<link rel=\"canonical\" href=\"https:\/\/www.labopolis.com\/en\/tamizadores-laboratorio\/\" \/>\n<meta property=\"og:locale\" content=\"en_US\" \/>\n<meta property=\"og:type\" content=\"article\" \/>\n<meta property=\"og:title\" content=\"Tamizadores laboratorio - Labopolis\" \/>\n<meta property=\"og:description\" content=\"tamizadores laboratorio    Tamizadoras laboratorio                                                A\u00f1adir al carrito                                                                                                                                     2.900,00&euro;               Tamizadora circular TLV-400 Labopolis                                                    A\u00f1adir al carrito                                                                                                                                     1.530,00&euro;               Tamizadora Electromagn\u00e9tica 20CT-200\" \/>\n<meta property=\"og:url\" content=\"https:\/\/www.labopolis.com\/en\/tamizadores-laboratorio\/\" \/>\n<meta property=\"og:site_name\" content=\"Labopolis\" \/>\n<meta property=\"article:publisher\" content=\"https:\/\/www.facebook.com\/profile.php?id=100063251679439\" \/>\n<meta property=\"article:modified_time\" content=\"2025-11-06T13:05:29+00:00\" \/>\n<meta property=\"og:image\" content=\"https:\/\/www.labopolis.com\/wp-content\/uploads\/2023\/07\/TLV-300-LR-600x800.jpg\" \/>\n<meta name=\"twitter:card\" content=\"summary_large_image\" \/>\n<meta name=\"twitter:site\" content=\"@Labopolis\" \/>\n<meta name=\"twitter:label1\" content=\"Est. reading time\" \/>\n\t<meta name=\"twitter:data1\" content=\"1 minute\" \/>\n<script type=\"application\/ld+json\" class=\"yoast-schema-graph\">{\"@context\":\"https:\/\/schema.org\",\"@graph\":[{\"@type\":\"WebPage\",\"@id\":\"https:\/\/www.labopolis.com\/tamizadores-laboratorio\/\",\"url\":\"https:\/\/www.labopolis.com\/tamizadores-laboratorio\/\",\"name\":\"Tamizadores laboratorio - Labopolis\",\"isPartOf\":{\"@id\":\"https:\/\/www.labopolis.com\/#website\"},\"primaryImageOfPage\":{\"@id\":\"https:\/\/www.labopolis.com\/tamizadores-laboratorio\/#primaryimage\"},\"image\":{\"@id\":\"https:\/\/www.labopolis.com\/tamizadores-laboratorio\/#primaryimage\"},\"thumbnailUrl\":\"https:\/\/www.labopolis.com\/wp-content\/uploads\/2023\/07\/TLV-300-LR-600x800.jpg\",\"datePublished\":\"2023-07-14T11:05:02+00:00\",\"dateModified\":\"2025-11-06T13:05:29+00:00\",\"description\":\"tamizadores laboratorio Tamizadoras laboratorio A\u00f1adir al carrito 2.900,00&euro; Tamizadora circular TLV-400 Labopolis A\u00f1adir al carrito 1.530,00&euro; Tamizadora Electromagn\u00e9tica 20CT-200\",\"breadcrumb\":{\"@id\":\"https:\/\/www.labopolis.com\/tamizadores-laboratorio\/#breadcrumb\"},\"inLanguage\":\"en-US\",\"potentialAction\":[{\"@type\":\"ReadAction\",\"target\":[\"https:\/\/www.labopolis.com\/tamizadores-laboratorio\/\"]}]},{\"@type\":\"ImageObject\",\"inLanguage\":\"en-US\",\"@id\":\"https:\/\/www.labopolis.com\/tamizadores-laboratorio\/#primaryimage\",\"url\":\"https:\/\/www.labopolis.com\/wp-content\/uploads\/2023\/07\/TLV-300-LR-600x800.jpg\",\"contentUrl\":\"https:\/\/www.labopolis.com\/wp-content\/uploads\/2023\/07\/TLV-300-LR-600x800.jpg\"},{\"@type\":\"BreadcrumbList\",\"@id\":\"https:\/\/www.labopolis.com\/tamizadores-laboratorio\/#breadcrumb\",\"itemListElement\":[{\"@type\":\"ListItem\",\"position\":1,\"name\":\"Portada\",\"item\":\"https:\/\/www.labopolis.com\/\"},{\"@type\":\"ListItem\",\"position\":2,\"name\":\"Tamizadores laboratorio\"}]},{\"@type\":\"WebSite\",\"@id\":\"https:\/\/www.labopolis.com\/#website\",\"url\":\"https:\/\/www.labopolis.com\/\",\"name\":\"Labopolis\",\"description\":\"\",\"potentialAction\":[{\"@type\":\"SearchAction\",\"target\":{\"@type\":\"EntryPoint\",\"urlTemplate\":\"https:\/\/www.labopolis.com\/?s={search_term_string}\"},\"query-input\":{\"@type\":\"PropertyValueSpecification\",\"valueRequired\":true,\"valueName\":\"search_term_string\"}}],\"inLanguage\":\"en-US\"}]}<\/script>\n<!-- \/ Yoast SEO plugin. -->","yoast_head_json":{"title":"Tamizadores laboratorio - Labopolis","description":"tamizadores laboratorio    Tamizadoras laboratorio                                                A\u00f1adir al carrito                                                                                                                                     2.900,00&euro;               Tamizadora circular TLV-400 Labopolis                                                    A\u00f1adir al carrito                                                                                                                                     1.530,00&euro;               Tamizadora Electromagn\u00e9tica 20CT-200","robots":{"index":"index","follow":"follow","max-snippet":"max-snippet:-1","max-image-preview":"max-image-preview:large","max-video-preview":"max-video-preview:-1"},"canonical":"https:\/\/www.labopolis.com\/en\/tamizadores-laboratorio\/","og_locale":"en_US","og_type":"article","og_title":"Tamizadores laboratorio - Labopolis","og_description":"tamizadores laboratorio    Tamizadoras laboratorio                                                A\u00f1adir al carrito                                                                                                                                     2.900,00&euro;               Tamizadora circular TLV-400 Labopolis                                                    A\u00f1adir al carrito                                                                                                                                     1.530,00&euro;               Tamizadora Electromagn\u00e9tica 20CT-200","og_url":"https:\/\/www.labopolis.com\/en\/tamizadores-laboratorio\/","og_site_name":"Labopolis","article_publisher":"https:\/\/www.facebook.com\/profile.php?id=100063251679439","article_modified_time":"2025-11-06T13:05:29+00:00","og_image":[{"url":"https:\/\/www.labopolis.com\/wp-content\/uploads\/2023\/07\/TLV-300-LR-600x800.jpg","type":"","width":"","height":""}],"twitter_card":"summary_large_image","twitter_site":"@Labopolis","twitter_misc":{"Est. reading time":"1 minute"},"schema":{"@context":"https:\/\/schema.org","@graph":[{"@type":"WebPage","@id":"https:\/\/www.labopolis.com\/tamizadores-laboratorio\/","url":"https:\/\/www.labopolis.com\/tamizadores-laboratorio\/","name":"Tamizadores laboratorio - Labopolis","isPartOf":{"@id":"https:\/\/www.labopolis.com\/#website"},"primaryImageOfPage":{"@id":"https:\/\/www.labopolis.com\/tamizadores-laboratorio\/#primaryimage"},"image":{"@id":"https:\/\/www.labopolis.com\/tamizadores-laboratorio\/#primaryimage"},"thumbnailUrl":"https:\/\/www.labopolis.com\/wp-content\/uploads\/2023\/07\/TLV-300-LR-600x800.jpg","datePublished":"2023-07-14T11:05:02+00:00","dateModified":"2025-11-06T13:05:29+00:00","description":"laboratory sieve shakers Laboratory sieve shakers Add to cart 2.900,00\u20ac Circular sieve shaker TLV-400 Labopolis Add to cart 1.530,00\u20ac Electromagnetic sieve shaker 20CT-200","breadcrumb":{"@id":"https:\/\/www.labopolis.com\/tamizadores-laboratorio\/#breadcrumb"},"inLanguage":"en-US","potentialAction":[{"@type":"ReadAction","target":["https:\/\/www.labopolis.com\/tamizadores-laboratorio\/"]}]},{"@type":"ImageObject","inLanguage":"en-US","@id":"https:\/\/www.labopolis.com\/tamizadores-laboratorio\/#primaryimage","url":"https:\/\/www.labopolis.com\/wp-content\/uploads\/2023\/07\/TLV-300-LR-600x800.jpg","contentUrl":"https:\/\/www.labopolis.com\/wp-content\/uploads\/2023\/07\/TLV-300-LR-600x800.jpg"},{"@type":"BreadcrumbList","@id":"https:\/\/www.labopolis.com\/tamizadores-laboratorio\/#breadcrumb","itemListElement":[{"@type":"ListItem","position":1,"name":"Portada","item":"https:\/\/www.labopolis.com\/"},{"@type":"ListItem","position":2,"name":"Tamizadores laboratorio"}]},{"@type":"WebSite","@id":"https:\/\/www.labopolis.com\/#website","url":"https:\/\/www.labopolis.com\/","name":"Labopolis","description":"","potentialAction":[{"@type":"SearchAction","target":{"@type":"EntryPoint","urlTemplate":"https:\/\/www.labopolis.com\/?s={search_term_string}"},"query-input":{"@type":"PropertyValueSpecification","valueRequired":true,"valueName":"search_term_string"}}],"inLanguage":"en-US"}]}},"_links":{"self":[{"href":"https:\/\/www.labopolis.com\/en\/wp-json\/wp\/v2\/pages\/10375","targetHints":{"allow":["GET"]}}],"collection":[{"href":"https:\/\/www.labopolis.com\/en\/wp-json\/wp\/v2\/pages"}],"about":[{"href":"https:\/\/www.labopolis.com\/en\/wp-json\/wp\/v2\/types\/page"}],"author":[{"embeddable":true,"href":"https:\/\/www.labopolis.com\/en\/wp-json\/wp\/v2\/users\/1"}],"replies":[{"embeddable":true,"href":"https:\/\/www.labopolis.com\/en\/wp-json\/wp\/v2\/comments?post=10375"}],"version-history":[{"count":16,"href":"https:\/\/www.labopolis.com\/en\/wp-json\/wp\/v2\/pages\/10375\/revisions"}],"predecessor-version":[{"id":16470,"href":"https:\/\/www.labopolis.com\/en\/wp-json\/wp\/v2\/pages\/10375\/revisions\/16470"}],"wp:attachment":[{"href":"https:\/\/www.labopolis.com\/en\/wp-json\/wp\/v2\/media?parent=10375"}],"curies":[{"name":"wp","href":"https:\/\/api.w.org\/{rel}","templated":true}]}}