{"id":10242,"date":"2023-07-14T10:04:57","date_gmt":"2023-07-14T10:04:57","guid":{"rendered":"https:\/\/www.labopolis.com\/?page_id=10242"},"modified":"2025-11-05T08:57:55","modified_gmt":"2025-11-05T08:57:55","slug":"camaras-climaticas-germinacion-y-test","status":"publish","type":"page","link":"https:\/\/www.labopolis.com\/en\/camaras-climaticas-germinacion-y-test\/","title":{"rendered":"Climatic chambers, germination and test"},"content":{"rendered":"\t\t<div data-elementor-type=\"wp-page\" data-elementor-id=\"10242\" class=\"elementor elementor-10242\">\n\t\t\t\t\t\t<section class=\"elementor-section elementor-top-section elementor-element elementor-element-a3d9816 elementor-section-boxed elementor-section-height-default elementor-section-height-default wpr-particle-no wpr-jarallax-no wpr-parallax-no wpr-sticky-section-no\" data-id=\"a3d9816\" data-element_type=\"section\" data-e-type=\"section\">\n\t\t\t\t\t\t<div class=\"elementor-container elementor-column-gap-default\">\n\t\t\t\t\t<div class=\"elementor-column elementor-col-100 elementor-top-column elementor-element elementor-element-08d0ad9\" data-id=\"08d0ad9\" data-element_type=\"column\" data-e-type=\"column\">\n\t\t\t<div class=\"elementor-widget-wrap elementor-element-populated\">\n\t\t\t\t\t\t<div class=\"elementor-element elementor-element-6393a79 elementor-widget elementor-widget-heading\" data-id=\"6393a79\" data-element_type=\"widget\" data-e-type=\"widget\" data-widget_type=\"heading.default\">\n\t\t\t\t<div class=\"elementor-widget-container\">\n\t\t\t\t\t<h1 class=\"elementor-heading-title elementor-size-default\">c\u00e1maras clim\u00e1ticas, germinaci\u00f3n y test materiales<\/h1>\t\t\t\t<\/div>\n\t\t\t\t<\/div>\n\t\t\t\t<div class=\"elementor-element elementor-element-1c83c8e elementor-widget-divider--view-line elementor-widget elementor-widget-divider\" data-id=\"1c83c8e\" data-element_type=\"widget\" data-e-type=\"widget\" data-widget_type=\"divider.default\">\n\t\t\t\t<div class=\"elementor-widget-container\">\n\t\t\t\t\t\t\t<div class=\"elementor-divider\">\n\t\t\t<span class=\"elementor-divider-separator\">\n\t\t\t\t\t\t<\/span>\n\t\t<\/div>\n\t\t\t\t\t\t<\/div>\n\t\t\t\t<\/div>\n\t\t\t\t<div class=\"elementor-element elementor-element-66b3fc3 eael-product-gallery-column-4 elementor-widget elementor-widget-eael-woo-product-gallery\" data-id=\"66b3fc3\" data-element_type=\"widget\" data-e-type=\"widget\" data-settings=\"{&quot;eael_product_gallery_column&quot;:&quot;4&quot;}\" data-widget_type=\"eael-woo-product-gallery.default\">\n\t\t\t\t<div class=\"elementor-widget-container\">\n\t\t\t\t\t\n        <div class=\"eael-product-gallery eael-product-preset-2 grid eael-terms-layout-horizontal\" id=\"eael-product-gallery\" data-widget-id=\"66b3fc3\" data-page-id=\"10242\" data-nonce=\"504d0f1e09\" >\n\t\t\t<ul class=\"eael-cat-tab\" data-layout=\"grid\" data-template=\"{&quot;dir&quot;:&quot;lite&quot;,&quot;file_name&quot;:&quot;preset-2.php&quot;,&quot;name&quot;:&quot;Woo-Product-Gallery&quot;}\" data-nonce=\"504d0f1e09\" data-page-id=\"10242\" data-widget-id=\"66b3fc3\" data-widget=\"66b3fc3\" data-class=\"Essential_Addons_Elementor\\Elements\\Woo_Product_Gallery\" data-args=\"post_type=product&amp;post_status%5B0%5D=publish&amp;post_status%5B1%5D=pending&amp;post_status%5B2%5D=future&amp;posts_per_page=500&amp;order=desc&amp;offset=0&amp;tax_query%5Brelation%5D=AND&amp;tax_query%5B0%5D%5Btaxonomy%5D=product_visibility&amp;tax_query%5B0%5D%5Bfield%5D=name&amp;tax_query%5B0%5D%5Bterms%5D%5B0%5D=exclude-from-search&amp;tax_query%5B0%5D%5Bterms%5D%5B1%5D=exclude-from-catalog&amp;tax_query%5B0%5D%5Boperator%5D=NOT+IN&amp;tax_query%5B1%5D%5Brelation%5D=OR&amp;tax_query%5B1%5D%5B0%5D%5Btaxonomy%5D=product_cat&amp;tax_query%5B1%5D%5B0%5D%5Bfield%5D=term_id&amp;tax_query%5B1%5D%5B0%5D%5Bterms%5D=141&amp;tax_query%5B1%5D%5B0%5D%5Boperator%5D=IN&amp;orderby=date&amp;meta_query%5Brelation%5D=AND\" data-page=\"1\"><li><a href=\"javascript:;\" data-page=\"1\" data-taxonomy=\"product_cat\" data-terms='[\"camaras-climaticas-germinacion-y-test-materiales\"]' data-id=\"141\" class=\"post-list-filter-item \">C\u00e1maras Clim\u00e1ticas, Germinaci\u00f3n y Test Materiales<\/a><\/li><\/ul>\n            <div class=\"woocommerce\">\n\t\t\t\t<ul class=\"products eael-post-appender eael-post-appender-66b3fc3\" data-layout-mode=\"grid\" data-ssi-mobile=\"no\" data-ssi-tablet=\"no\" data-ssi-desktop=\"no\" ><li class=\"product  post-2152 type-product status-publish has-post-thumbnail product_cat-camaras-con-iluminacion product_cat-laboratorio first instock taxable shipping-taxable product-type-simple\">\n        <div class=\"eael-product-wrap\" data-src=\"\" data-src-hover=\"\" >\n                <div class=\"product-image-wrap\">\n            <div class=\"image-wrap\">\n                <img fetchpriority=\"high\" decoding=\"async\" width=\"600\" height=\"800\" src=\"https:\/\/www.labopolis.com\/wp-content\/uploads\/2023\/07\/E-501_LR-600x800.jpg\" class=\"attachment-woocommerce_single size-woocommerce_single\" alt=\"C\u00e1maras Clim\u00e1ticas con Iluminaci\u00f3n\" loading=\"eager\" srcset=\"https:\/\/www.labopolis.com\/wp-content\/uploads\/2023\/07\/E-501_LR-600x800.jpg 600w, https:\/\/www.labopolis.com\/wp-content\/uploads\/2023\/07\/E-501_LR-225x300.jpg 225w, https:\/\/www.labopolis.com\/wp-content\/uploads\/2023\/07\/E-501_LR-768x1024.jpg 768w, https:\/\/www.labopolis.com\/wp-content\/uploads\/2023\/07\/E-501_LR-1152x1536.jpg 1152w, https:\/\/www.labopolis.com\/wp-content\/uploads\/2023\/07\/E-501_LR-9x12.jpg 9w, https:\/\/www.labopolis.com\/wp-content\/uploads\/2023\/07\/E-501_LR.jpg 1200w\" sizes=\"(max-width: 600px) 100vw, 600px\" \/>            <\/div>\n            <div class=\"image-hover-wrap\">\n                <ul class=\"icons-wrap block-box-style\">\n                                            <li class=\"add-to-cart\"><a href=\"https:\/\/www.labopolis.com\/en\/product\/camaras-climaticas-con-iluminacion\/\" aria-describedby=\"woocommerce_loop_add_to_cart_link_describedby_2152\" data-quantity=\"1\" class=\"button product_type_simple\" data-product_id=\"2152\" data-product_sku=\"\" aria-label=\"Read more about &ldquo;C\u00e1maras Clim\u00e1ticas con Iluminaci\u00f3n&rdquo;\" rel=\"nofollow\" data-success_message=\"\">Read more<\/a>\t<span id=\"woocommerce_loop_add_to_cart_link_describedby_2152\" class=\"screen-reader-text\">\n\t\t\t<\/span>\n<\/li>\n                                                                <li class=\"eael-product-quick-view\">\n                            <a id=\"eael_quick_view_69e8a3da3cbea\" data-quickview-setting=\"{&quot;widget_id&quot;:&quot;66b3fc3&quot;,&quot;product_id&quot;:2152,&quot;page_id&quot;:10242}\"\n                                class=\"eael-product-gallery-open-popup open-popup-link\">\n                                <i class=\"fas fa-eye\"><\/i>\n                            <\/a>\n                        <\/li>\n                                                                <li class=\"view-details\"><a href=\"https:\/\/www.labopolis.com\/en\/product\/camaras-climaticas-con-iluminacion\/\" aria-label=\"View Details about C\u00e1maras Clim\u00e1ticas con Iluminaci\u00f3n\"><i class=\"fas fa-link\"><\/i><\/a><\/li>\n                                    <\/ul>\n            <\/div>\n        <\/div>\n        <div class=\"product-details-wrap\">\n            <div class=\"eael-product-price\"><\/div>            <div class=\"eael-product-title\">\n                <span>C\u00e1maras Clim\u00e1ticas con Iluminaci\u00f3n<\/span>            <\/div>\n        <\/div>\n            <\/div>\n<\/li><\/ul>            <div class=\"eael-load-more-button-wrap eael-force-hide\">\n                <button class=\"hide-load-more eael-load-more-button\" id=\"eael-load-more-btn-66b3fc3\" data-widget-id=\"66b3fc3\" data-widget=\"66b3fc3\" data-page-id=\"10242\" data-template=\"{&quot;dir&quot;:&quot;lite&quot;,&quot;file_name&quot;:&quot;preset-2.php&quot;,&quot;name&quot;:&quot;Woo-Product-Gallery&quot;}\" data-class=\"Essential_Addons_Elementor\\Elements\\Woo_Product_Gallery\" data-layout=\"grid\" data-page=\"1\" data-args=\"post_type=product&amp;post_status%5B0%5D=publish&amp;post_status%5B1%5D=pending&amp;post_status%5B2%5D=future&amp;posts_per_page=500&amp;order=desc&amp;offset=0&amp;tax_query%5Brelation%5D=AND&amp;tax_query%5B0%5D%5Btaxonomy%5D=product_visibility&amp;tax_query%5B0%5D%5Bfield%5D=name&amp;tax_query%5B0%5D%5Bterms%5D%5B0%5D=exclude-from-search&amp;tax_query%5B0%5D%5Bterms%5D%5B1%5D=exclude-from-catalog&amp;tax_query%5B0%5D%5Boperator%5D=NOT+IN&amp;tax_query%5B1%5D%5Brelation%5D=OR&amp;tax_query%5B1%5D%5B0%5D%5Btaxonomy%5D=product_cat&amp;tax_query%5B1%5D%5B0%5D%5Bfield%5D=term_id&amp;tax_query%5B1%5D%5B0%5D%5Bterms%5D=141&amp;tax_query%5B1%5D%5B0%5D%5Boperator%5D=IN&amp;orderby=date&amp;meta_query%5Brelation%5D=AND\" data-max-page=\"1\">\n                    <span class=\"eael-btn-loader button__loader\"><\/span>\n                    <span class=\"eael_load_more_text\"><\/span>\n                <\/button>\n            <\/div>\n                        <\/div>\n        <\/div>\n        <script type=\"text\/javascript\">\n\t\t\tjQuery(document).ready(function ($) {\n\t\t\t\tvar $scope = jQuery(\".elementor-element-66b3fc3\");\n\t\t\t\tvar $products = $('.products', $scope);\n\t\t\t\tvar $layout_mode = $products.data('layout-mode');\n\n\t\t\t\tif ($layout_mode === 'masonry') {\n\t\t\t\t\t\/\/ init isotope\n\t\t\t\t\tvar $isotope_products = $products.isotope({ itemSelector: \"li.product\", layoutMode: $layout_mode, percentPosition: true });\n\t\t\t\t\t$isotope_products.imagesLoaded().progress(function () {\n\t\t\t\t\t\t$isotope_products.isotope('layout');\n\t\t\t\t\t})\n\n\t\t\t\t\t$(window).on('resize', function () {\n\t\t\t\t\t\t$isotope_products.isotope('layout');\n\t\t\t\t\t});\n\t\t\t\t}\n\t\t\t});\n        <\/script>\n\t\t\t\t\t\t<\/div>\n\t\t\t\t<\/div>\n\t\t\t\t\t<\/div>\n\t\t<\/div>\n\t\t\t\t\t<\/div>\n\t\t<\/section>\n\t\t\t\t<\/div>\n\t\t","protected":false},"excerpt":{"rendered":"<p>Climatic Chambers, Germination and Material Testing Climatic Chambers, Germination and Material Testing Read more Material Testing Chambers Read more Cyclic Climatic Chambers Read more Cyclic Temperature Chambers Read more Constant Climatic Chambers Read more Constant Temperature Chambers Read more Climatic Chambers with Illumination Read more Temperature Chambers with Illumination Read more Temperature Chambers with Illumination<\/p>","protected":false},"author":1,"featured_media":0,"parent":0,"menu_order":0,"comment_status":"closed","ping_status":"closed","template":"","meta":{"footnotes":""},"class_list":["post-10242","page","type-page","status-publish","hentry"],"yoast_head":"<!-- This site is optimized with the Yoast SEO plugin v27.2 - https:\/\/yoast.com\/product\/yoast-seo-wordpress\/ -->\n<title>C\u00e1maras clim\u00e1ticas, germinaci\u00f3n y test - Labopolis<\/title>\n<meta name=\"description\" content=\"c\u00e1maras clim\u00e1ticas, germinaci\u00f3n y test materiales    C\u00e1maras Clim\u00e1ticas, Germinaci\u00f3n y Test Materiales                                                Leer m\u00e1s                                                                                                                                       C\u00e1maras de TEST de Materiales                                                    Leer m\u00e1s                                                                                                                                       C\u00e1maras Clim\u00e1ticas C\u00edclicas                                                    Leer m\u00e1s                                                                                                                                       C\u00e1maras Temperatura C\u00edclica                                                    Leer m\u00e1s                                                                                                                                       C\u00e1maras Clim\u00e1ticas Constantes                                                    Leer m\u00e1s                                                                                                                                       C\u00e1maras Temperatura Constante                                                    Leer m\u00e1s                                                                                                                                       C\u00e1maras Clim\u00e1ticas con Iluminaci\u00f3n                                                    Leer m\u00e1s                                                                                                                                       C\u00e1maras Temperatura con Iluminaci\u00f3n\" \/>\n<meta name=\"robots\" content=\"index, follow, max-snippet:-1, max-image-preview:large, max-video-preview:-1\" \/>\n<link rel=\"canonical\" href=\"https:\/\/www.labopolis.com\/en\/camaras-climaticas-germinacion-y-test\/\" \/>\n<meta property=\"og:locale\" content=\"en_US\" \/>\n<meta property=\"og:type\" content=\"article\" \/>\n<meta property=\"og:title\" content=\"C\u00e1maras clim\u00e1ticas, germinaci\u00f3n y test - Labopolis\" \/>\n<meta property=\"og:description\" content=\"c\u00e1maras clim\u00e1ticas, germinaci\u00f3n y test materiales    C\u00e1maras Clim\u00e1ticas, Germinaci\u00f3n y Test Materiales                                                Leer m\u00e1s                                                                                                                                       C\u00e1maras de TEST de Materiales                                                    Leer m\u00e1s                                                                                                                                       C\u00e1maras Clim\u00e1ticas C\u00edclicas                                                    Leer m\u00e1s                                                                                                                                       C\u00e1maras Temperatura C\u00edclica                                                    Leer m\u00e1s                                                                                                                                       C\u00e1maras Clim\u00e1ticas Constantes                                                    Leer m\u00e1s                                                                                                                                       C\u00e1maras Temperatura Constante                                                    Leer m\u00e1s                                                                                                                                       C\u00e1maras Clim\u00e1ticas con Iluminaci\u00f3n                                                    Leer m\u00e1s                                                                                                                                       C\u00e1maras Temperatura con Iluminaci\u00f3n\" \/>\n<meta property=\"og:url\" content=\"https:\/\/www.labopolis.com\/en\/camaras-climaticas-germinacion-y-test\/\" \/>\n<meta property=\"og:site_name\" content=\"Labopolis\" \/>\n<meta property=\"article:publisher\" content=\"https:\/\/www.facebook.com\/profile.php?id=100063251679439\" \/>\n<meta property=\"article:modified_time\" content=\"2025-11-05T08:57:55+00:00\" \/>\n<meta property=\"og:image\" content=\"https:\/\/www.labopolis.com\/wp-content\/uploads\/2023\/07\/Series-CB-CS-PRO.jpg\" \/>\n<meta name=\"twitter:card\" content=\"summary_large_image\" \/>\n<meta name=\"twitter:site\" content=\"@Labopolis\" \/>\n<meta name=\"twitter:label1\" content=\"Est. reading time\" \/>\n\t<meta name=\"twitter:data1\" content=\"2 minutes\" \/>\n<script type=\"application\/ld+json\" class=\"yoast-schema-graph\">{\"@context\":\"https:\/\/schema.org\",\"@graph\":[{\"@type\":\"WebPage\",\"@id\":\"https:\/\/www.labopolis.com\/camaras-climaticas-germinacion-y-test\/\",\"url\":\"https:\/\/www.labopolis.com\/camaras-climaticas-germinacion-y-test\/\",\"name\":\"C\u00e1maras clim\u00e1ticas, germinaci\u00f3n y test - Labopolis\",\"isPartOf\":{\"@id\":\"https:\/\/www.labopolis.com\/#website\"},\"primaryImageOfPage\":{\"@id\":\"https:\/\/www.labopolis.com\/camaras-climaticas-germinacion-y-test\/#primaryimage\"},\"image\":{\"@id\":\"https:\/\/www.labopolis.com\/camaras-climaticas-germinacion-y-test\/#primaryimage\"},\"thumbnailUrl\":\"https:\/\/www.labopolis.com\/wp-content\/uploads\/2023\/07\/Series-CB-CS-PRO.jpg\",\"datePublished\":\"2023-07-14T10:04:57+00:00\",\"dateModified\":\"2025-11-05T08:57:55+00:00\",\"description\":\"c\u00e1maras clim\u00e1ticas, germinaci\u00f3n y test materiales C\u00e1maras Clim\u00e1ticas, Germinaci\u00f3n y Test Materiales Leer m\u00e1s C\u00e1maras de TEST de Materiales Leer m\u00e1s C\u00e1maras Clim\u00e1ticas C\u00edclicas Leer m\u00e1s C\u00e1maras Temperatura C\u00edclica Leer m\u00e1s C\u00e1maras Clim\u00e1ticas Constantes Leer m\u00e1s C\u00e1maras Temperatura Constante Leer m\u00e1s C\u00e1maras Clim\u00e1ticas con Iluminaci\u00f3n Leer m\u00e1s C\u00e1maras Temperatura con Iluminaci\u00f3n\",\"breadcrumb\":{\"@id\":\"https:\/\/www.labopolis.com\/camaras-climaticas-germinacion-y-test\/#breadcrumb\"},\"inLanguage\":\"en-US\",\"potentialAction\":[{\"@type\":\"ReadAction\",\"target\":[\"https:\/\/www.labopolis.com\/camaras-climaticas-germinacion-y-test\/\"]}]},{\"@type\":\"ImageObject\",\"inLanguage\":\"en-US\",\"@id\":\"https:\/\/www.labopolis.com\/camaras-climaticas-germinacion-y-test\/#primaryimage\",\"url\":\"https:\/\/www.labopolis.com\/wp-content\/uploads\/2023\/07\/Series-CB-CS-PRO.jpg\",\"contentUrl\":\"https:\/\/www.labopolis.com\/wp-content\/uploads\/2023\/07\/Series-CB-CS-PRO.jpg\"},{\"@type\":\"BreadcrumbList\",\"@id\":\"https:\/\/www.labopolis.com\/camaras-climaticas-germinacion-y-test\/#breadcrumb\",\"itemListElement\":[{\"@type\":\"ListItem\",\"position\":1,\"name\":\"Portada\",\"item\":\"https:\/\/www.labopolis.com\/\"},{\"@type\":\"ListItem\",\"position\":2,\"name\":\"C\u00e1maras clim\u00e1ticas, germinaci\u00f3n y test\"}]},{\"@type\":\"WebSite\",\"@id\":\"https:\/\/www.labopolis.com\/#website\",\"url\":\"https:\/\/www.labopolis.com\/\",\"name\":\"Labopolis\",\"description\":\"\",\"potentialAction\":[{\"@type\":\"SearchAction\",\"target\":{\"@type\":\"EntryPoint\",\"urlTemplate\":\"https:\/\/www.labopolis.com\/?s={search_term_string}\"},\"query-input\":{\"@type\":\"PropertyValueSpecification\",\"valueRequired\":true,\"valueName\":\"search_term_string\"}}],\"inLanguage\":\"en-US\"}]}<\/script>\n<!-- \/ Yoast SEO plugin. -->","yoast_head_json":{"title":"C\u00e1maras clim\u00e1ticas, germinaci\u00f3n y test - Labopolis","description":"c\u00e1maras clim\u00e1ticas, germinaci\u00f3n y test materiales    C\u00e1maras Clim\u00e1ticas, Germinaci\u00f3n y Test Materiales                                                Leer m\u00e1s                                                                                                                                       C\u00e1maras de TEST de Materiales                                                    Leer m\u00e1s                                                                                                                                       C\u00e1maras Clim\u00e1ticas C\u00edclicas                                                    Leer m\u00e1s                                                                                                                                       C\u00e1maras Temperatura C\u00edclica                                                    Leer m\u00e1s                                                                                                                                       C\u00e1maras Clim\u00e1ticas Constantes                                                    Leer m\u00e1s                                                                                                                                       C\u00e1maras Temperatura Constante                                                    Leer m\u00e1s                                                                                                                                       C\u00e1maras Clim\u00e1ticas con Iluminaci\u00f3n                                                    Leer m\u00e1s                                                                                                                                       C\u00e1maras Temperatura con Iluminaci\u00f3n","robots":{"index":"index","follow":"follow","max-snippet":"max-snippet:-1","max-image-preview":"max-image-preview:large","max-video-preview":"max-video-preview:-1"},"canonical":"https:\/\/www.labopolis.com\/en\/camaras-climaticas-germinacion-y-test\/","og_locale":"en_US","og_type":"article","og_title":"C\u00e1maras clim\u00e1ticas, germinaci\u00f3n y test - Labopolis","og_description":"c\u00e1maras clim\u00e1ticas, germinaci\u00f3n y test materiales    C\u00e1maras Clim\u00e1ticas, Germinaci\u00f3n y Test Materiales                                                Leer m\u00e1s                                                                                                                                       C\u00e1maras de TEST de Materiales                                                    Leer m\u00e1s                                                                                                                                       C\u00e1maras Clim\u00e1ticas C\u00edclicas                                                    Leer m\u00e1s                                                                                                                                       C\u00e1maras Temperatura C\u00edclica                                                    Leer m\u00e1s                                                                                                                                       C\u00e1maras Clim\u00e1ticas Constantes                                                    Leer m\u00e1s                                                                                                                                       C\u00e1maras Temperatura Constante                                                    Leer m\u00e1s                                                                                                                                       C\u00e1maras Clim\u00e1ticas con Iluminaci\u00f3n                                                    Leer m\u00e1s                                                                                                                                       C\u00e1maras Temperatura con Iluminaci\u00f3n","og_url":"https:\/\/www.labopolis.com\/en\/camaras-climaticas-germinacion-y-test\/","og_site_name":"Labopolis","article_publisher":"https:\/\/www.facebook.com\/profile.php?id=100063251679439","article_modified_time":"2025-11-05T08:57:55+00:00","og_image":[{"url":"https:\/\/www.labopolis.com\/wp-content\/uploads\/2023\/07\/Series-CB-CS-PRO.jpg","type":"","width":"","height":""}],"twitter_card":"summary_large_image","twitter_site":"@Labopolis","twitter_misc":{"Est. reading time":"2 minutes"},"schema":{"@context":"https:\/\/schema.org","@graph":[{"@type":"WebPage","@id":"https:\/\/www.labopolis.com\/camaras-climaticas-germinacion-y-test\/","url":"https:\/\/www.labopolis.com\/camaras-climaticas-germinacion-y-test\/","name":"C\u00e1maras clim\u00e1ticas, germinaci\u00f3n y test - Labopolis","isPartOf":{"@id":"https:\/\/www.labopolis.com\/#website"},"primaryImageOfPage":{"@id":"https:\/\/www.labopolis.com\/camaras-climaticas-germinacion-y-test\/#primaryimage"},"image":{"@id":"https:\/\/www.labopolis.com\/camaras-climaticas-germinacion-y-test\/#primaryimage"},"thumbnailUrl":"https:\/\/www.labopolis.com\/wp-content\/uploads\/2023\/07\/Series-CB-CS-PRO.jpg","datePublished":"2023-07-14T10:04:57+00:00","dateModified":"2025-11-05T08:57:55+00:00","description":"Climatic Chambers, Germination and Material Testing Climatic Chambers, Germination and Material Testing Read more Material Testing Chambers Read more Cyclic Climatic Chambers Read more Cyclic Temperature Chambers Read more Constant Climatic Chambers Read more Constant Temperature Chambers Read more Climatic Chambers with Illumination Read more Temperature Chambers with Illumination Read more Temperature Chambers with Illumination","breadcrumb":{"@id":"https:\/\/www.labopolis.com\/camaras-climaticas-germinacion-y-test\/#breadcrumb"},"inLanguage":"en-US","potentialAction":[{"@type":"ReadAction","target":["https:\/\/www.labopolis.com\/camaras-climaticas-germinacion-y-test\/"]}]},{"@type":"ImageObject","inLanguage":"en-US","@id":"https:\/\/www.labopolis.com\/camaras-climaticas-germinacion-y-test\/#primaryimage","url":"https:\/\/www.labopolis.com\/wp-content\/uploads\/2023\/07\/Series-CB-CS-PRO.jpg","contentUrl":"https:\/\/www.labopolis.com\/wp-content\/uploads\/2023\/07\/Series-CB-CS-PRO.jpg"},{"@type":"BreadcrumbList","@id":"https:\/\/www.labopolis.com\/camaras-climaticas-germinacion-y-test\/#breadcrumb","itemListElement":[{"@type":"ListItem","position":1,"name":"Portada","item":"https:\/\/www.labopolis.com\/"},{"@type":"ListItem","position":2,"name":"C\u00e1maras clim\u00e1ticas, germinaci\u00f3n y test"}]},{"@type":"WebSite","@id":"https:\/\/www.labopolis.com\/#website","url":"https:\/\/www.labopolis.com\/","name":"Labopolis","description":"","potentialAction":[{"@type":"SearchAction","target":{"@type":"EntryPoint","urlTemplate":"https:\/\/www.labopolis.com\/?s={search_term_string}"},"query-input":{"@type":"PropertyValueSpecification","valueRequired":true,"valueName":"search_term_string"}}],"inLanguage":"en-US"}]}},"_links":{"self":[{"href":"https:\/\/www.labopolis.com\/en\/wp-json\/wp\/v2\/pages\/10242","targetHints":{"allow":["GET"]}}],"collection":[{"href":"https:\/\/www.labopolis.com\/en\/wp-json\/wp\/v2\/pages"}],"about":[{"href":"https:\/\/www.labopolis.com\/en\/wp-json\/wp\/v2\/types\/page"}],"author":[{"embeddable":true,"href":"https:\/\/www.labopolis.com\/en\/wp-json\/wp\/v2\/users\/1"}],"replies":[{"embeddable":true,"href":"https:\/\/www.labopolis.com\/en\/wp-json\/wp\/v2\/comments?post=10242"}],"version-history":[{"count":16,"href":"https:\/\/www.labopolis.com\/en\/wp-json\/wp\/v2\/pages\/10242\/revisions"}],"predecessor-version":[{"id":16281,"href":"https:\/\/www.labopolis.com\/en\/wp-json\/wp\/v2\/pages\/10242\/revisions\/16281"}],"wp:attachment":[{"href":"https:\/\/www.labopolis.com\/en\/wp-json\/wp\/v2\/media?parent=10242"}],"curies":[{"name":"wp","href":"https:\/\/api.w.org\/{rel}","templated":true}]}}