{"id":975,"date":"2023-07-10T11:31:52","date_gmt":"2023-07-10T11:31:52","guid":{"rendered":"https:\/\/www.labopolis.com\/?post_type=product&#038;p=975"},"modified":"2025-12-28T18:08:36","modified_gmt":"2025-12-28T18:08:36","slug":"agitador-con-calefaccion-micromagmix","status":"publish","type":"product","link":"https:\/\/www.labopolis.com\/de\/produkt\/agitador-con-calefaccion-micromagmix\/","title":{"rendered":"MicroMagMix beheizter R\u00fchrer"},"content":{"rendered":"<p>MicroMagMix beheizter R\u00fchrer<br \/>\nMagnetr\u00fchrer mit Universalheizung, f\u00fcr alle Anwendungen, sehr einfach zu bedienen, ergonomisches und modernes Design.<br \/>\nMikroprozessorgesteuerte Geschwindigkeit und Temperatur, mit integriertem Pt100-F\u00fchler f\u00fcr hohe Zuverl\u00e4ssigkeit.<br \/>\nEr h\u00e4lt die gew\u00e4hlte Geschwindigkeit unabh\u00e4ngig von den sich \u00e4ndernden Probenbedingungen konstant.<br \/>\nSanfter und progressiver Start zur Aufrechterhaltung der Magnetkupplung, unabh\u00e4ngig von der gew\u00e4hlten Drehzahl.<br \/>\nDigitales, hintergrundbeleuchtetes LCD-Display mit Anzeige der gew\u00e4hlten und aktuellen Drehzahl- und Temperaturwerte.<br \/>\nTastenfeld mit ber\u00fchrungsempfindlichen Folientasten.<br \/>\nWiedereinschaltbar: Nach einem Stromausfall nimmt das Ger\u00e4t den Betrieb mit denselben Parametern wie zuvor wieder auf. Auf dem Display erscheint eine St\u00f6rungsanzeige.<br \/>\nAbnehmbare Platte, so dass sie im Falle einer Besch\u00e4digung ersetzt werden kann.<\/p>\n<p>* Erh\u00e4ltlich in zwei Versionen je nach Sch\u00fcttelkapazit\u00e4t.<br \/>\n* Es sind Kits mit externem Pt100 erh\u00e4ltlich.<\/p>","protected":false},"excerpt":{"rendered":"<p>MicroMagMix beheizter R\u00fchrer<br \/>\nModelle:<br \/>\nAMCG05E MicroMagMix beheizter R\u00fchrer Kapazit\u00e4t 5 L 350\u00ba C.<br \/>\nKIT-AMCG05E - Kit R\u00fchrer MicroMagMix 5 L 350 \u00baC+ F\u00fchler Pt 100 + Stativ + Klemme<br \/>\nAMCG15E MicroMagMix beheizter R\u00fchrer Kapazit\u00e4t 15 L 350 \u00baC.<br \/>\nKIT-AMCG15E - Kit R\u00fchrer MicroMagMix 15 L 350 \u00baC + F\u00fchler Pt 100 + Stativ + Klemme<br \/>\n10000-00098T - Kit R\u00fchrer MicroMagMix 5 L 350 \u00baC + F\u00fchler Pt 100 + Halterung + Klemme -<strong>Spezifische Trichinella 0,1\u00baC prec.<\/strong><br \/>\nZubeh\u00f6r nicht enthalten<\/p>\n<p><strong><em><a title=\"Technisches Datenblatt des Micromagmix-Heizr\u00fchrers\" href=\"https:\/\/www.labopolis.com\/wp-content\/uploads\/2015\/05\/Micromagmix.pdf\" target=\"_blank\" rel=\"noopener noreferrer\"><i class=\"fas fa-file-alt\"><\/i>\u00a0Micromagmix Technisches Datenblatt<\/a><\/em><\/strong><\/p>","protected":false},"featured_media":986,"comment_status":"open","ping_status":"closed","template":"","meta":[],"product_brand":[],"product_cat":[21,22,23],"product_tag":[],"class_list":{"0":"post-975","1":"product","2":"type-product","3":"status-publish","4":"has-post-thumbnail","6":"product_cat-agitadores","7":"product_cat-agitadores-con-calefaccion","8":"product_cat-laboratorio","10":"first","11":"instock","12":"taxable","13":"shipping-taxable","14":"purchasable","15":"product-type-variable"},"yoast_head":"<!-- This site is optimized with the Yoast SEO plugin v27.2 - https:\/\/yoast.com\/product\/yoast-seo-wordpress\/ -->\n<title>Agitador con calefacci\u00f3n MicroMagMix - Labopolis<\/title>\n<meta name=\"description\" content=\"El agitador digital con calefacci\u00f3n est\u00e1 disponible en 5 y 15 litros y puede adquirirse solo o con el Kit que incluye la sonda externa Pt-100\" \/>\n<meta name=\"robots\" content=\"index, follow, max-snippet:-1, max-image-preview:large, max-video-preview:-1\" \/>\n<link rel=\"canonical\" href=\"https:\/\/www.labopolis.com\/de\/produkt\/agitador-con-calefaccion-micromagmix\/\" \/>\n<meta property=\"og:locale\" content=\"de_DE\" \/>\n<meta property=\"og:type\" content=\"article\" \/>\n<meta property=\"og:title\" content=\"Agitador con calefacci\u00f3n MicroMagMix - Labopolis\" \/>\n<meta property=\"og:description\" content=\"El agitador digital con calefacci\u00f3n est\u00e1 disponible en 5 y 15 litros y puede adquirirse solo o con el Kit que incluye la sonda externa Pt-100\" \/>\n<meta property=\"og:url\" content=\"https:\/\/www.labopolis.com\/de\/produkt\/agitador-con-calefaccion-micromagmix\/\" \/>\n<meta property=\"og:site_name\" content=\"Labopolis\" \/>\n<meta property=\"article:publisher\" content=\"https:\/\/www.facebook.com\/profile.php?id=100063251679439\" \/>\n<meta property=\"article:modified_time\" content=\"2025-12-28T18:08:36+00:00\" \/>\n<meta property=\"og:image\" content=\"https:\/\/www.labopolis.com\/wp-content\/uploads\/2023\/07\/MicroMagMixE.gif\" \/>\n\t<meta property=\"og:image:width\" content=\"465\" \/>\n\t<meta property=\"og:image:height\" content=\"511\" \/>\n\t<meta property=\"og:image:type\" content=\"image\/gif\" \/>\n<meta name=\"twitter:card\" content=\"summary_large_image\" \/>\n<meta name=\"twitter:site\" content=\"@Labopolis\" \/>\n<meta name=\"twitter:label1\" content=\"Gesch\u00e4tzte Lesezeit\" \/>\n\t<meta name=\"twitter:data1\" content=\"1\u00a0Minute\" \/>\n<script type=\"application\/ld+json\" class=\"yoast-schema-graph\">{\"@context\":\"https:\/\/schema.org\",\"@graph\":[{\"@type\":\"WebPage\",\"@id\":\"https:\/\/www.labopolis.com\/producto\/agitador-con-calefaccion-micromagmix\/\",\"url\":\"https:\/\/www.labopolis.com\/producto\/agitador-con-calefaccion-micromagmix\/\",\"name\":\"Agitador con calefacci\u00f3n MicroMagMix - Labopolis\",\"isPartOf\":{\"@id\":\"https:\/\/www.labopolis.com\/#website\"},\"primaryImageOfPage\":{\"@id\":\"https:\/\/www.labopolis.com\/producto\/agitador-con-calefaccion-micromagmix\/#primaryimage\"},\"image\":{\"@id\":\"https:\/\/www.labopolis.com\/producto\/agitador-con-calefaccion-micromagmix\/#primaryimage\"},\"thumbnailUrl\":\"https:\/\/www.labopolis.com\/wp-content\/uploads\/2023\/07\/MicroMagMixE.gif\",\"datePublished\":\"2023-07-10T11:31:52+00:00\",\"dateModified\":\"2025-12-28T18:08:36+00:00\",\"description\":\"El agitador digital con calefacci\u00f3n est\u00e1 disponible en 5 y 15 litros y puede adquirirse solo o con el Kit que incluye la sonda externa Pt-100\",\"breadcrumb\":{\"@id\":\"https:\/\/www.labopolis.com\/producto\/agitador-con-calefaccion-micromagmix\/#breadcrumb\"},\"inLanguage\":\"de\",\"potentialAction\":[{\"@type\":\"ReadAction\",\"target\":[\"https:\/\/www.labopolis.com\/producto\/agitador-con-calefaccion-micromagmix\/\"]}]},{\"@type\":\"ImageObject\",\"inLanguage\":\"de\",\"@id\":\"https:\/\/www.labopolis.com\/producto\/agitador-con-calefaccion-micromagmix\/#primaryimage\",\"url\":\"https:\/\/www.labopolis.com\/wp-content\/uploads\/2023\/07\/MicroMagMixE.gif\",\"contentUrl\":\"https:\/\/www.labopolis.com\/wp-content\/uploads\/2023\/07\/MicroMagMixE.gif\",\"width\":465,\"height\":511,\"caption\":\"Producto\"},{\"@type\":\"BreadcrumbList\",\"@id\":\"https:\/\/www.labopolis.com\/producto\/agitador-con-calefaccion-micromagmix\/#breadcrumb\",\"itemListElement\":[{\"@type\":\"ListItem\",\"position\":1,\"name\":\"Portada\",\"item\":\"https:\/\/www.labopolis.com\/\"},{\"@type\":\"ListItem\",\"position\":2,\"name\":\"Productos\",\"item\":\"https:\/\/www.labopolis.com\/shop\/\"},{\"@type\":\"ListItem\",\"position\":3,\"name\":\"Agitador con calefacci\u00f3n MicroMagMix\"}]},{\"@type\":\"WebSite\",\"@id\":\"https:\/\/www.labopolis.com\/#website\",\"url\":\"https:\/\/www.labopolis.com\/\",\"name\":\"Labopolis\",\"description\":\"\",\"potentialAction\":[{\"@type\":\"SearchAction\",\"target\":{\"@type\":\"EntryPoint\",\"urlTemplate\":\"https:\/\/www.labopolis.com\/?s={search_term_string}\"},\"query-input\":{\"@type\":\"PropertyValueSpecification\",\"valueRequired\":true,\"valueName\":\"search_term_string\"}}],\"inLanguage\":\"de\"}]}<\/script>\n<!-- \/ Yoast SEO plugin. -->","yoast_head_json":{"title":"Agitador con calefacci\u00f3n MicroMagMix - Labopolis","description":"El agitador digital con calefacci\u00f3n est\u00e1 disponible en 5 y 15 litros y puede adquirirse solo o con el Kit que incluye la sonda externa Pt-100","robots":{"index":"index","follow":"follow","max-snippet":"max-snippet:-1","max-image-preview":"max-image-preview:large","max-video-preview":"max-video-preview:-1"},"canonical":"https:\/\/www.labopolis.com\/de\/produkt\/agitador-con-calefaccion-micromagmix\/","og_locale":"de_DE","og_type":"article","og_title":"Agitador con calefacci\u00f3n MicroMagMix - Labopolis","og_description":"El agitador digital con calefacci\u00f3n est\u00e1 disponible en 5 y 15 litros y puede adquirirse solo o con el Kit que incluye la sonda externa Pt-100","og_url":"https:\/\/www.labopolis.com\/de\/produkt\/agitador-con-calefaccion-micromagmix\/","og_site_name":"Labopolis","article_publisher":"https:\/\/www.facebook.com\/profile.php?id=100063251679439","article_modified_time":"2025-12-28T18:08:36+00:00","og_image":[{"width":465,"height":511,"url":"https:\/\/www.labopolis.com\/wp-content\/uploads\/2023\/07\/MicroMagMixE.gif","type":"image\/gif"}],"twitter_card":"summary_large_image","twitter_site":"@Labopolis","twitter_misc":{"Gesch\u00e4tzte Lesezeit":"1\u00a0Minute"},"schema":{"@context":"https:\/\/schema.org","@graph":[{"@type":"WebPage","@id":"https:\/\/www.labopolis.com\/producto\/agitador-con-calefaccion-micromagmix\/","url":"https:\/\/www.labopolis.com\/producto\/agitador-con-calefaccion-micromagmix\/","name":"Agitador con calefacci\u00f3n MicroMagMix - Labopolis","isPartOf":{"@id":"https:\/\/www.labopolis.com\/#website"},"primaryImageOfPage":{"@id":"https:\/\/www.labopolis.com\/producto\/agitador-con-calefaccion-micromagmix\/#primaryimage"},"image":{"@id":"https:\/\/www.labopolis.com\/producto\/agitador-con-calefaccion-micromagmix\/#primaryimage"},"thumbnailUrl":"https:\/\/www.labopolis.com\/wp-content\/uploads\/2023\/07\/MicroMagMixE.gif","datePublished":"2023-07-10T11:31:52+00:00","dateModified":"2025-12-28T18:08:36+00:00","description":"El agitador digital con calefacci\u00f3n est\u00e1 disponible en 5 y 15 litros y puede adquirirse solo o con el Kit que incluye la sonda externa Pt-100","breadcrumb":{"@id":"https:\/\/www.labopolis.com\/producto\/agitador-con-calefaccion-micromagmix\/#breadcrumb"},"inLanguage":"de","potentialAction":[{"@type":"ReadAction","target":["https:\/\/www.labopolis.com\/producto\/agitador-con-calefaccion-micromagmix\/"]}]},{"@type":"ImageObject","inLanguage":"de","@id":"https:\/\/www.labopolis.com\/producto\/agitador-con-calefaccion-micromagmix\/#primaryimage","url":"https:\/\/www.labopolis.com\/wp-content\/uploads\/2023\/07\/MicroMagMixE.gif","contentUrl":"https:\/\/www.labopolis.com\/wp-content\/uploads\/2023\/07\/MicroMagMixE.gif","width":465,"height":511,"caption":"Producto"},{"@type":"BreadcrumbList","@id":"https:\/\/www.labopolis.com\/producto\/agitador-con-calefaccion-micromagmix\/#breadcrumb","itemListElement":[{"@type":"ListItem","position":1,"name":"Portada","item":"https:\/\/www.labopolis.com\/"},{"@type":"ListItem","position":2,"name":"Productos","item":"https:\/\/www.labopolis.com\/shop\/"},{"@type":"ListItem","position":3,"name":"Agitador con calefacci\u00f3n MicroMagMix"}]},{"@type":"WebSite","@id":"https:\/\/www.labopolis.com\/#website","url":"https:\/\/www.labopolis.com\/","name":"Labopolis","description":"","potentialAction":[{"@type":"SearchAction","target":{"@type":"EntryPoint","urlTemplate":"https:\/\/www.labopolis.com\/?s={search_term_string}"},"query-input":{"@type":"PropertyValueSpecification","valueRequired":true,"valueName":"search_term_string"}}],"inLanguage":"de"}]}},"_links":{"self":[{"href":"https:\/\/www.labopolis.com\/de\/wp-json\/wp\/v2\/product\/975","targetHints":{"allow":["GET"]}}],"collection":[{"href":"https:\/\/www.labopolis.com\/de\/wp-json\/wp\/v2\/product"}],"about":[{"href":"https:\/\/www.labopolis.com\/de\/wp-json\/wp\/v2\/types\/product"}],"replies":[{"embeddable":true,"href":"https:\/\/www.labopolis.com\/de\/wp-json\/wp\/v2\/comments?post=975"}],"wp:featuredmedia":[{"embeddable":true,"href":"https:\/\/www.labopolis.com\/de\/wp-json\/wp\/v2\/media\/986"}],"wp:attachment":[{"href":"https:\/\/www.labopolis.com\/de\/wp-json\/wp\/v2\/media?parent=975"}],"wp:term":[{"taxonomy":"product_brand","embeddable":true,"href":"https:\/\/www.labopolis.com\/de\/wp-json\/wp\/v2\/product_brand?post=975"},{"taxonomy":"product_cat","embeddable":true,"href":"https:\/\/www.labopolis.com\/de\/wp-json\/wp\/v2\/product_cat?post=975"},{"taxonomy":"product_tag","embeddable":true,"href":"https:\/\/www.labopolis.com\/de\/wp-json\/wp\/v2\/product_tag?post=975"}],"curies":[{"name":"wp","href":"https:\/\/api.w.org\/{rel}","templated":true}]}}