{"id":954,"date":"2023-07-10T11:31:51","date_gmt":"2023-07-10T11:31:51","guid":{"rendered":"https:\/\/www.labopolis.com\/?post_type=product&#038;p=954"},"modified":"2025-12-12T11:35:44","modified_gmt":"2025-12-12T11:35:44","slug":"balanzas-compactas-y-portatiles-serie-core","status":"publish","type":"product","link":"https:\/\/www.labopolis.com\/de\/produkt\/balanzas-compactas-y-portatiles-serie-core\/","title":{"rendered":"Kompakte und tragbare Waagen Core Series"},"content":{"rendered":"<table style=\"color: #000000;\" border=\"1\" width=\"1258\">\n<tbody>\n<tr>\n<td class=\"textop\" style=\"font-weight: bold;\" align=\"center\">Modelle<\/td>\n<td class=\"textop\" style=\"font-weight: bold;\" align=\"center\">Kapazit\u00e4t<\/td>\n<td class=\"textop\" style=\"font-weight: bold;\" align=\"center\">Aufl\u00f6sung<\/td>\n<td class=\"textop\" style=\"font-weight: bold;\" align=\"center\">Gericht<\/td>\n<\/tr>\n<tr>\n<td class=\"textop\" style=\"font-weight: bold;\">CQT202<\/td>\n<td class=\"textop\">200 g<\/td>\n<td class=\"textop\">0,01 g<\/td>\n<td class=\"textop\">\u00d8120 mm<\/td>\n<\/tr>\n<tr>\n<td class=\"textop\" style=\"font-weight: bold;\">CQT251<\/td>\n<td class=\"textop\">250 g<\/td>\n<td class=\"textop\">0,1 g<\/td>\n<td class=\"textop\">\u00d8120 mm<\/td>\n<\/tr>\n<tr>\n<td class=\"textop\" style=\"font-weight: bold;\">CQT601<\/td>\n<td class=\"textop\">600 g<\/td>\n<td class=\"textop\">0,1 g<\/td>\n<td class=\"textop\">\u00d8120 mm<\/td>\n<\/tr>\n<tr>\n<td class=\"textop\" style=\"font-weight: bold;\">CQT1501<\/td>\n<td class=\"textop\">1500 g<\/td>\n<td class=\"textop\">0,1 g<\/td>\n<td class=\"textop\">\u00d8120 mm<\/td>\n<\/tr>\n<tr>\n<td class=\"textop\" style=\"font-weight: bold; text-align: left;\" align=\"center\">CQT2000<\/td>\n<td class=\"textop\" style=\"text-align: left;\" align=\"center\">2000 g<\/td>\n<td class=\"textop\" style=\"text-align: left;\" align=\"center\">1 g<\/td>\n<td class=\"textop\" style=\"text-align: left;\" align=\"center\">\u00d8145 mm<\/td>\n<\/tr>\n<tr>\n<td class=\"textop\" style=\"font-weight: bold;\">CQT2601<\/td>\n<td class=\"textop\">2600 g<\/td>\n<td class=\"textop\">0,1 g<\/td>\n<td class=\"textop\">\u00d8145 mm<\/td>\n<\/tr>\n<tr>\n<td class=\"textop\" style=\"font-weight: bold; text-align: left;\" align=\"center\">CQT5000<\/td>\n<td class=\"textop\" style=\"text-align: left;\" align=\"center\">5000 g<\/td>\n<td class=\"textop\" style=\"text-align: left;\" align=\"center\">1 g<\/td>\n<td class=\"textop\" style=\"text-align: left;\" align=\"center\">\u00d8145 mm<\/td>\n<\/tr>\n<\/tbody>\n<\/table>\n<p>Merkmale:<br \/>\nLebendiges, hintergrundbeleuchtetes LCD, das bei allen Lichtverh\u00e4ltnissen gut sichtbar ist<br \/>\nDie programmierbare Hintergrundbeleuchtung kann auf \"immer an\", \"immer aus\" oder \"schaltet sich beim Wiegen ein\" eingestellt werden.<br \/>\nStapelbar, um bei Nichtgebrauch Platz zu sparen (nur mit 120-mm-Teller)<br \/>\nFarbige Tasten zur schnellen Erkennung von h\u00e4ufig verwendeten Tasten<br \/>\nZwei Taratasten erleichtern die Bedienung f\u00fcr Links- und Rechtsh\u00e4nder<br \/>\nSicherheitsschlitz f\u00fcr Kensington-Vorh\u00e4ngeschloss zum Schutz vor Diebstahl des Ger\u00e4ts<br \/>\nGro\u00dfe Platte aus rostfreiem Stahl Typ 304 erm\u00f6glicht eine schnelle Reinigung<br \/>\nRobuste Konstruktion f\u00fcr den industriellen Einsatz<br \/>\nDrei-Punkt-ShockProtect\u00ae-Funktion, verhindert \u00dcberlastungssch\u00e4den an internen Komponenten<br \/>\nInklusive Haken zum Wiegen am Boden<br \/>\nProgrammierbare automatische Abschaltfunktion zum Energiesparen<br \/>\nAkustischer \u00dcberlastungsalarm, wenn die Kapazit\u00e4t \u00fcberschritten wird<br \/>\nDie Nullverfolgungsfunktion stellt sicher, dass der Messwert auf dem Display auf Null zur\u00fcckkehrt<br \/>\nStromversorgung \u00fcber AC-Adapter (mitgeliefert) oder Batterien (nicht mitgeliefert)<\/p>","protected":false},"excerpt":{"rendered":"<p>W\u00e4hlen Sie das gew\u00fcnschte Modell anhand der Merkmale in der Tabelle in der Produktbeschreibung aus.<\/p>\n<p><span style=\"color: #ff0000;\"><strong>Angebote:<\/strong><\/span><br \/>\n<span style=\"color: #ff0000;\"><strong> CQT202: UVP: 195 \u20ac + MwSt. (Solange der Vorrat reicht)<\/strong><\/span><br \/>\n<span style=\"color: #ff0000;\"><strong>CQT1501: UVP: 180 \u20ac + MwSt. (Solange der Vorrat reicht)<\/strong><\/span><\/p>\n<p><strong><em><a title=\"Kernwaagen Technisches Datenblatt\" href=\"https:\/\/www.labopolis.com\/wp-content\/uploads\/2014\/05\/Balanzas_Core.pdf\" target=\"_blank\" rel=\"noopener\"><i class=\"fas fa-file-alt\"><\/i> Kernwaagen Technisches Datenblatt<\/a><\/em><\/strong><\/p>","protected":false},"featured_media":979,"comment_status":"open","ping_status":"closed","template":"","meta":[],"product_brand":[],"product_cat":[32,35,23,31],"product_tag":[],"class_list":{"0":"post-954","1":"product","2":"type-product","3":"status-publish","4":"has-post-thumbnail","6":"product_cat-balanzas","7":"product_cat-balanzas-basicas","8":"product_cat-laboratorio","9":"product_cat-outlet-ofertas","11":"first","12":"instock","13":"sale","14":"taxable","15":"shipping-taxable","16":"purchasable","17":"product-type-variable"},"yoast_head":"<!-- This site is optimized with the Yoast SEO plugin v27.2 - https:\/\/yoast.com\/product\/yoast-seo-wordpress\/ -->\n<title>Balanzas Compactas y Port\u00e1tiles Serie Core - Labopolis<\/title>\n<meta name=\"description\" content=\"Seleccione el modelo deseado seg\u00fan las caracter\u00edsticas de la tabla que aparece en la descripci\u00f3n del producto.  Ofertas:  CQT202: PVP: 195 \u20ac + IVA (Hasta fin de existencias) CQT1501: PVP: 180 \u20ac + IVA (Hasta fin de existencias)   Ficha T\u00e9cnicas Balanzas Core\" \/>\n<meta name=\"robots\" content=\"index, follow, max-snippet:-1, max-image-preview:large, max-video-preview:-1\" \/>\n<link rel=\"canonical\" href=\"https:\/\/www.labopolis.com\/de\/produkt\/balanzas-compactas-y-portatiles-serie-core\/\" \/>\n<meta property=\"og:locale\" content=\"de_DE\" \/>\n<meta property=\"og:type\" content=\"article\" \/>\n<meta property=\"og:title\" content=\"Balanzas Compactas y Port\u00e1tiles Serie Core - Labopolis\" \/>\n<meta property=\"og:description\" content=\"Seleccione el modelo deseado seg\u00fan las caracter\u00edsticas de la tabla que aparece en la descripci\u00f3n del producto.  Ofertas:  CQT202: PVP: 195 \u20ac + IVA (Hasta fin de existencias) CQT1501: PVP: 180 \u20ac + IVA (Hasta fin de existencias)   Ficha T\u00e9cnicas Balanzas Core\" \/>\n<meta property=\"og:url\" content=\"https:\/\/www.labopolis.com\/de\/produkt\/balanzas-compactas-y-portatiles-serie-core\/\" \/>\n<meta property=\"og:site_name\" content=\"Labopolis\" \/>\n<meta property=\"article:publisher\" content=\"https:\/\/www.facebook.com\/profile.php?id=100063251679439\" \/>\n<meta property=\"article:modified_time\" content=\"2025-12-12T11:35:44+00:00\" \/>\n<meta property=\"og:image\" content=\"https:\/\/www.labopolis.com\/wp-content\/uploads\/2023\/07\/Core-facing-right.jpg\" \/>\n\t<meta property=\"og:image:width\" content=\"250\" \/>\n\t<meta property=\"og:image:height\" content=\"166\" \/>\n\t<meta property=\"og:image:type\" content=\"image\/jpeg\" \/>\n<meta name=\"twitter:card\" content=\"summary_large_image\" \/>\n<meta name=\"twitter:site\" content=\"@Labopolis\" \/>\n<meta name=\"twitter:label1\" content=\"Gesch\u00e4tzte Lesezeit\" \/>\n\t<meta name=\"twitter:data1\" content=\"2\u00a0Minuten\" \/>\n<script type=\"application\/ld+json\" class=\"yoast-schema-graph\">{\"@context\":\"https:\/\/schema.org\",\"@graph\":[{\"@type\":\"WebPage\",\"@id\":\"https:\/\/www.labopolis.com\/producto\/balanzas-compactas-y-portatiles-serie-core\/\",\"url\":\"https:\/\/www.labopolis.com\/producto\/balanzas-compactas-y-portatiles-serie-core\/\",\"name\":\"Balanzas Compactas y Port\u00e1tiles Serie Core - Labopolis\",\"isPartOf\":{\"@id\":\"https:\/\/www.labopolis.com\/#website\"},\"primaryImageOfPage\":{\"@id\":\"https:\/\/www.labopolis.com\/producto\/balanzas-compactas-y-portatiles-serie-core\/#primaryimage\"},\"image\":{\"@id\":\"https:\/\/www.labopolis.com\/producto\/balanzas-compactas-y-portatiles-serie-core\/#primaryimage\"},\"thumbnailUrl\":\"https:\/\/www.labopolis.com\/wp-content\/uploads\/2023\/07\/Core-facing-right.jpg\",\"datePublished\":\"2023-07-10T11:31:51+00:00\",\"dateModified\":\"2025-12-12T11:35:44+00:00\",\"description\":\"Seleccione el modelo deseado seg\u00fan las caracter\u00edsticas de la tabla que aparece en la descripci\u00f3n del producto. Ofertas: CQT202: PVP: 195 \u20ac + IVA (Hasta fin de existencias) CQT1501: PVP: 180 \u20ac + IVA (Hasta fin de existencias) Ficha T\u00e9cnicas Balanzas Core\",\"breadcrumb\":{\"@id\":\"https:\/\/www.labopolis.com\/producto\/balanzas-compactas-y-portatiles-serie-core\/#breadcrumb\"},\"inLanguage\":\"de\",\"potentialAction\":[{\"@type\":\"ReadAction\",\"target\":[\"https:\/\/www.labopolis.com\/producto\/balanzas-compactas-y-portatiles-serie-core\/\"]}]},{\"@type\":\"ImageObject\",\"inLanguage\":\"de\",\"@id\":\"https:\/\/www.labopolis.com\/producto\/balanzas-compactas-y-portatiles-serie-core\/#primaryimage\",\"url\":\"https:\/\/www.labopolis.com\/wp-content\/uploads\/2023\/07\/Core-facing-right.jpg\",\"contentUrl\":\"https:\/\/www.labopolis.com\/wp-content\/uploads\/2023\/07\/Core-facing-right.jpg\",\"width\":250,\"height\":166,\"caption\":\"Producto\"},{\"@type\":\"BreadcrumbList\",\"@id\":\"https:\/\/www.labopolis.com\/producto\/balanzas-compactas-y-portatiles-serie-core\/#breadcrumb\",\"itemListElement\":[{\"@type\":\"ListItem\",\"position\":1,\"name\":\"Portada\",\"item\":\"https:\/\/www.labopolis.com\/\"},{\"@type\":\"ListItem\",\"position\":2,\"name\":\"Productos\",\"item\":\"https:\/\/www.labopolis.com\/shop\/\"},{\"@type\":\"ListItem\",\"position\":3,\"name\":\"Balanzas Compactas y Port\u00e1tiles Serie Core\"}]},{\"@type\":\"WebSite\",\"@id\":\"https:\/\/www.labopolis.com\/#website\",\"url\":\"https:\/\/www.labopolis.com\/\",\"name\":\"Labopolis\",\"description\":\"\",\"potentialAction\":[{\"@type\":\"SearchAction\",\"target\":{\"@type\":\"EntryPoint\",\"urlTemplate\":\"https:\/\/www.labopolis.com\/?s={search_term_string}\"},\"query-input\":{\"@type\":\"PropertyValueSpecification\",\"valueRequired\":true,\"valueName\":\"search_term_string\"}}],\"inLanguage\":\"de\"}]}<\/script>\n<!-- \/ Yoast SEO plugin. -->","yoast_head_json":{"title":"K","description":"W\u00e4hlen Sie das gew\u00fcnschte Modell gem\u00e4\u00df den Merkmalen der Tabelle in der Produktbeschreibung aus. Angebote: CQT202: UVP: 195 \u20ac + MWST (Solange der Vorrat reicht) CQT1501: UVP: 180 \u20ac + MWST (Solange der Vorrat reicht) Technisches Datenblatt Waagen Core","robots":{"index":"index","follow":"follow","max-snippet":"max-snippet:-1","max-image-preview":"max-image-preview:large","max-video-preview":"max-video-preview:-1"},"canonical":"https:\/\/www.labopolis.com\/de\/produkt\/balanzas-compactas-y-portatiles-serie-core\/","og_locale":"de_DE","og_type":"article","og_title":"Balanzas Compactas y Port\u00e1tiles Serie Core - Labopolis","og_description":"Seleccione el modelo deseado seg\u00fan las caracter\u00edsticas de la tabla que aparece en la descripci\u00f3n del producto.  Ofertas:  CQT202: PVP: 195 \u20ac + IVA (Hasta fin de existencias) CQT1501: PVP: 180 \u20ac + IVA (Hasta fin de existencias)   Ficha T\u00e9cnicas Balanzas Core","og_url":"https:\/\/www.labopolis.com\/de\/produkt\/balanzas-compactas-y-portatiles-serie-core\/","og_site_name":"Labopolis","article_publisher":"https:\/\/www.facebook.com\/profile.php?id=100063251679439","article_modified_time":"2025-12-12T11:35:44+00:00","og_image":[{"width":250,"height":166,"url":"https:\/\/www.labopolis.com\/wp-content\/uploads\/2023\/07\/Core-facing-right.jpg","type":"image\/jpeg"}],"twitter_card":"summary_large_image","twitter_site":"@Labopolis","twitter_misc":{"Gesch\u00e4tzte Lesezeit":"2\u00a0Minuten"},"schema":{"@context":"https:\/\/schema.org","@graph":[{"@type":"WebPage","@id":"https:\/\/www.labopolis.com\/producto\/balanzas-compactas-y-portatiles-serie-core\/","url":"https:\/\/www.labopolis.com\/producto\/balanzas-compactas-y-portatiles-serie-core\/","name":"K","isPartOf":{"@id":"https:\/\/www.labopolis.com\/#website"},"primaryImageOfPage":{"@id":"https:\/\/www.labopolis.com\/producto\/balanzas-compactas-y-portatiles-serie-core\/#primaryimage"},"image":{"@id":"https:\/\/www.labopolis.com\/producto\/balanzas-compactas-y-portatiles-serie-core\/#primaryimage"},"thumbnailUrl":"https:\/\/www.labopolis.com\/wp-content\/uploads\/2023\/07\/Core-facing-right.jpg","datePublished":"2023-07-10T11:31:51+00:00","dateModified":"2025-12-12T11:35:44+00:00","description":"W\u00e4hlen Sie das gew\u00fcnschte Modell gem\u00e4\u00df den Merkmalen der Tabelle in der Produktbeschreibung. Angebote: CQT202: UVP: 195 \u20ac + MwSt. (Solange der Vorrat reicht) CQT1501: UVP: 180 \u20ac + MwSt. (Solange der Vorrat reicht) Technische Daten Core Waagen","breadcrumb":{"@id":"https:\/\/www.labopolis.com\/producto\/balanzas-compactas-y-portatiles-serie-core\/#breadcrumb"},"inLanguage":"de","potentialAction":[{"@type":"ReadAction","target":["https:\/\/www.labopolis.com\/producto\/balanzas-compactas-y-portatiles-serie-core\/"]}]},{"@type":"ImageObject","inLanguage":"de","@id":"https:\/\/www.labopolis.com\/producto\/balanzas-compactas-y-portatiles-serie-core\/#primaryimage","url":"https:\/\/www.labopolis.com\/wp-content\/uploads\/2023\/07\/Core-facing-right.jpg","contentUrl":"https:\/\/www.labopolis.com\/wp-content\/uploads\/2023\/07\/Core-facing-right.jpg","width":250,"height":166,"caption":"Producto"},{"@type":"BreadcrumbList","@id":"https:\/\/www.labopolis.com\/producto\/balanzas-compactas-y-portatiles-serie-core\/#breadcrumb","itemListElement":[{"@type":"ListItem","position":1,"name":"Portada","item":"https:\/\/www.labopolis.com\/"},{"@type":"ListItem","position":2,"name":"Productos","item":"https:\/\/www.labopolis.com\/shop\/"},{"@type":"ListItem","position":3,"name":"Balanzas Compactas y Port\u00e1tiles Serie Core"}]},{"@type":"WebSite","@id":"https:\/\/www.labopolis.com\/#website","url":"https:\/\/www.labopolis.com\/","name":"Labopolis","description":"","potentialAction":[{"@type":"SearchAction","target":{"@type":"EntryPoint","urlTemplate":"https:\/\/www.labopolis.com\/?s={search_term_string}"},"query-input":{"@type":"PropertyValueSpecification","valueRequired":true,"valueName":"search_term_string"}}],"inLanguage":"de"}]}},"_links":{"self":[{"href":"https:\/\/www.labopolis.com\/de\/wp-json\/wp\/v2\/product\/954","targetHints":{"allow":["GET"]}}],"collection":[{"href":"https:\/\/www.labopolis.com\/de\/wp-json\/wp\/v2\/product"}],"about":[{"href":"https:\/\/www.labopolis.com\/de\/wp-json\/wp\/v2\/types\/product"}],"replies":[{"embeddable":true,"href":"https:\/\/www.labopolis.com\/de\/wp-json\/wp\/v2\/comments?post=954"}],"wp:featuredmedia":[{"embeddable":true,"href":"https:\/\/www.labopolis.com\/de\/wp-json\/wp\/v2\/media\/979"}],"wp:attachment":[{"href":"https:\/\/www.labopolis.com\/de\/wp-json\/wp\/v2\/media?parent=954"}],"wp:term":[{"taxonomy":"product_brand","embeddable":true,"href":"https:\/\/www.labopolis.com\/de\/wp-json\/wp\/v2\/product_brand?post=954"},{"taxonomy":"product_cat","embeddable":true,"href":"https:\/\/www.labopolis.com\/de\/wp-json\/wp\/v2\/product_cat?post=954"},{"taxonomy":"product_tag","embeddable":true,"href":"https:\/\/www.labopolis.com\/de\/wp-json\/wp\/v2\/product_tag?post=954"}],"curies":[{"name":"wp","href":"https:\/\/api.w.org\/{rel}","templated":true}]}}