{"id":943,"date":"2023-07-10T11:31:46","date_gmt":"2023-07-10T11:31:46","guid":{"rendered":"https:\/\/www.labopolis.com\/?post_type=product&#038;p=943"},"modified":"2025-12-12T11:46:43","modified_gmt":"2025-12-12T11:46:43","slug":"balanzas-analiticas-serie-luna-00001g","status":"publish","type":"product","link":"https:\/\/www.labopolis.com\/de\/produkt\/balanzas-analiticas-serie-luna-00001g\/","title":{"rendered":"Analysenwaagen Luna Serie 0,0001g"},"content":{"rendered":"<table style=\"color: #000000;\" border=\"1\" width=\"1258\">\n<tbody>\n<tr>\n<td class=\"textop\" style=\"font-weight: bold;\" align=\"center\">Modelle<\/td>\n<td class=\"textop\" style=\"font-weight: bold;\" align=\"center\">Kapazit\u00e4t<\/td>\n<td class=\"textop\" style=\"font-weight: bold;\" align=\"center\">Aufl\u00f6sung<\/td>\n<td class=\"textop\" style=\"font-weight: bold;\" align=\"center\">Gericht<\/td>\n<td class=\"textop\" style=\"font-weight: bold;\" align=\"center\">Kalibrierung<\/td>\n<\/tr>\n<tr>\n<td class=\"textop\" style=\"font-weight: bold;\">LAB124e<\/td>\n<td class=\"textop\">120 g<\/td>\n<td class=\"textop\">0,0001 g<\/td>\n<td class=\"textop\">\u00d880 mm<\/td>\n<td class=\"textop\">Extern<\/td>\n<\/tr>\n<tr>\n<td class=\"textop\" style=\"font-weight: bold;\">LAB214e<\/td>\n<td class=\"textop\">210 g<\/td>\n<td class=\"textop\">0,0001 g<\/td>\n<td class=\"textop\">\u00d880 mm<\/td>\n<td class=\"textop\">Extern<\/td>\n<\/tr>\n<tr>\n<td class=\"textop\" style=\"font-weight: bold;\">LAB254e<\/td>\n<td class=\"textop\">250 g<\/td>\n<td class=\"textop\">0,0001 g<\/td>\n<td class=\"textop\">\u00d880 mm<\/td>\n<td class=\"textop\">Extern<\/td>\n<\/tr>\n<tr>\n<td class=\"textop\" style=\"font-weight: bold;\">LAB124i<\/td>\n<td class=\"textop\">120 g<\/td>\n<td class=\"textop\">0,0001 g<\/td>\n<td class=\"textop\">\u00d880 mm<\/td>\n<td class=\"textop\">Intern<\/td>\n<\/tr>\n<tr>\n<td class=\"textop\" style=\"font-weight: bold;\">LAB214i<\/td>\n<td class=\"textop\">210 g<\/td>\n<td class=\"textop\">0,0001 g<\/td>\n<td class=\"textop\">\u00d880 mm<\/td>\n<td class=\"textop\">Intern<\/td>\n<\/tr>\n<tr>\n<td class=\"textop\" style=\"font-weight: bold;\">LAB254i<\/td>\n<td class=\"textop\">250 g<\/td>\n<td class=\"textop\">0,0001 g<\/td>\n<td class=\"textop\">\u00d880 mm<\/td>\n<td class=\"textop\">Intern<\/td>\n<\/tr>\n<\/tbody>\n<\/table>\n<p>Das beeindruckende Display der LUNA Analyseserie mit seiner eleganten, modernen Hintergrundbeleuchtung bietet eine Aura von eleganter Raffinesse. Das LCD-Display verf\u00fcgt \u00fcber gro\u00dfe 24-mm-Ziffern, die in Blau auf schwarzem Hintergrund gut sichtbar sind. Mehrsprachige Texte und ein Kapazit\u00e4tslogger machen die LUNA analytical Serie ideal f\u00fcr Benutzer aus verschiedenen Regionen. Die LUNA analytical-Serie verf\u00fcgt \u00fcber USB- und RS-232-Schnittstellen zur schnellen Datenerfassung und -\u00fcbertragung an Computer oder Drucker. Die ABS-Kunststoffkonstruktion und die robuste 304-Edelstahlplatte erm\u00f6glichen eine einfache Reinigung und widerstehen dem anspruchsvollen Laboreinsatz. Die LUNA analytical-Serie ist in vier Modellen mit einer Kapazit\u00e4t von bis zu 250 g erh\u00e4ltlich, bietet eine Ablesbarkeit von 0,0001 g und kann sowohl grundlegende als auch detaillierte Messaufgaben durchf\u00fchren.<br \/>\n<strong>Die Waagen enthalten ein Programm zur Dichtebestimmung, das durch den Kauf des unteren W\u00e4gehakens der Waage durchgef\u00fchrt werden kann, ohne dass der Dichtebestimmungssatz gekauft werden muss.<\/strong><\/p>","protected":false},"excerpt":{"rendered":"<p>W\u00e4hlen Sie das gew\u00fcnschte Modell anhand der Merkmale in der Tabelle in der Produktbeschreibung aus:<\/p>\n<p><strong><em><a href=\"https:\/\/www.labopolis.com\/wp-content\/uploads\/2015\/05\/LAB-Luna_SP.pdf\" target=\"_blank\" rel=\"attachment wp-att-3817 noopener noreferrer\"><i class=\"fas fa-file-alt\"><\/i> LUNA-Analysenwaagen Technisches Datenblatt<\/a><\/em><\/strong><\/p>","protected":false},"featured_media":948,"comment_status":"open","ping_status":"closed","template":"","meta":[],"product_brand":[],"product_cat":[32,34,23],"product_tag":[],"class_list":{"0":"post-943","1":"product","2":"type-product","3":"status-publish","4":"has-post-thumbnail","6":"product_cat-balanzas","7":"product_cat-balanzas-analiticas","8":"product_cat-laboratorio","10":"first","11":"instock","12":"taxable","13":"shipping-taxable","14":"purchasable","15":"product-type-variable"},"yoast_head":"<!-- This site is optimized with the Yoast SEO plugin v27.2 - https:\/\/yoast.com\/product\/yoast-seo-wordpress\/ -->\n<title>Balanzas Anal\u00edticas Serie Luna 0,0001g - Labopolis<\/title>\n<meta name=\"description\" content=\"Seleccione el modelo deseado seg\u00fan las caracter\u00edsticas de la tabla que aparece en la descripci\u00f3n del producto:   Ficha T\u00e9cnica Balanzas Anal\u00edticas LUNA\" \/>\n<meta name=\"robots\" content=\"index, follow, max-snippet:-1, max-image-preview:large, max-video-preview:-1\" \/>\n<link rel=\"canonical\" href=\"https:\/\/www.labopolis.com\/de\/produkt\/balanzas-analiticas-serie-luna-00001g\/\" \/>\n<meta property=\"og:locale\" content=\"de_DE\" \/>\n<meta property=\"og:type\" content=\"article\" \/>\n<meta property=\"og:title\" content=\"Balanzas Anal\u00edticas Serie Luna 0,0001g - Labopolis\" \/>\n<meta property=\"og:description\" content=\"Seleccione el modelo deseado seg\u00fan las caracter\u00edsticas de la tabla que aparece en la descripci\u00f3n del producto:   Ficha T\u00e9cnica Balanzas Anal\u00edticas LUNA\" \/>\n<meta property=\"og:url\" content=\"https:\/\/www.labopolis.com\/de\/produkt\/balanzas-analiticas-serie-luna-00001g\/\" \/>\n<meta property=\"og:site_name\" content=\"Labopolis\" \/>\n<meta property=\"article:publisher\" content=\"https:\/\/www.facebook.com\/profile.php?id=100063251679439\" \/>\n<meta property=\"article:modified_time\" content=\"2025-12-12T11:46:43+00:00\" \/>\n<meta property=\"og:image\" content=\"https:\/\/www.labopolis.com\/wp-content\/uploads\/2023\/07\/LAB-LUNA.png\" \/>\n\t<meta property=\"og:image:width\" content=\"500\" \/>\n\t<meta property=\"og:image:height\" content=\"500\" \/>\n\t<meta property=\"og:image:type\" content=\"image\/png\" \/>\n<meta name=\"twitter:card\" content=\"summary_large_image\" \/>\n<meta name=\"twitter:site\" content=\"@Labopolis\" \/>\n<meta name=\"twitter:label1\" content=\"Gesch\u00e4tzte Lesezeit\" \/>\n\t<meta name=\"twitter:data1\" content=\"2\u00a0Minuten\" \/>\n<script type=\"application\/ld+json\" class=\"yoast-schema-graph\">{\"@context\":\"https:\/\/schema.org\",\"@graph\":[{\"@type\":\"WebPage\",\"@id\":\"https:\/\/www.labopolis.com\/producto\/balanzas-analiticas-serie-luna-00001g\/\",\"url\":\"https:\/\/www.labopolis.com\/producto\/balanzas-analiticas-serie-luna-00001g\/\",\"name\":\"Balanzas Anal\u00edticas Serie Luna 0,0001g - Labopolis\",\"isPartOf\":{\"@id\":\"https:\/\/www.labopolis.com\/#website\"},\"primaryImageOfPage\":{\"@id\":\"https:\/\/www.labopolis.com\/producto\/balanzas-analiticas-serie-luna-00001g\/#primaryimage\"},\"image\":{\"@id\":\"https:\/\/www.labopolis.com\/producto\/balanzas-analiticas-serie-luna-00001g\/#primaryimage\"},\"thumbnailUrl\":\"https:\/\/www.labopolis.com\/wp-content\/uploads\/2023\/07\/LAB-LUNA.png\",\"datePublished\":\"2023-07-10T11:31:46+00:00\",\"dateModified\":\"2025-12-12T11:46:43+00:00\",\"description\":\"Seleccione el modelo deseado seg\u00fan las caracter\u00edsticas de la tabla que aparece en la descripci\u00f3n del producto: Ficha T\u00e9cnica Balanzas Anal\u00edticas LUNA\",\"breadcrumb\":{\"@id\":\"https:\/\/www.labopolis.com\/producto\/balanzas-analiticas-serie-luna-00001g\/#breadcrumb\"},\"inLanguage\":\"de\",\"potentialAction\":[{\"@type\":\"ReadAction\",\"target\":[\"https:\/\/www.labopolis.com\/producto\/balanzas-analiticas-serie-luna-00001g\/\"]}]},{\"@type\":\"ImageObject\",\"inLanguage\":\"de\",\"@id\":\"https:\/\/www.labopolis.com\/producto\/balanzas-analiticas-serie-luna-00001g\/#primaryimage\",\"url\":\"https:\/\/www.labopolis.com\/wp-content\/uploads\/2023\/07\/LAB-LUNA.png\",\"contentUrl\":\"https:\/\/www.labopolis.com\/wp-content\/uploads\/2023\/07\/LAB-LUNA.png\",\"width\":500,\"height\":500,\"caption\":\"Producto\"},{\"@type\":\"BreadcrumbList\",\"@id\":\"https:\/\/www.labopolis.com\/producto\/balanzas-analiticas-serie-luna-00001g\/#breadcrumb\",\"itemListElement\":[{\"@type\":\"ListItem\",\"position\":1,\"name\":\"Portada\",\"item\":\"https:\/\/www.labopolis.com\/\"},{\"@type\":\"ListItem\",\"position\":2,\"name\":\"Productos\",\"item\":\"https:\/\/www.labopolis.com\/shop\/\"},{\"@type\":\"ListItem\",\"position\":3,\"name\":\"Balanzas Anal\u00edticas Serie Luna 0,0001g\"}]},{\"@type\":\"WebSite\",\"@id\":\"https:\/\/www.labopolis.com\/#website\",\"url\":\"https:\/\/www.labopolis.com\/\",\"name\":\"Labopolis\",\"description\":\"\",\"potentialAction\":[{\"@type\":\"SearchAction\",\"target\":{\"@type\":\"EntryPoint\",\"urlTemplate\":\"https:\/\/www.labopolis.com\/?s={search_term_string}\"},\"query-input\":{\"@type\":\"PropertyValueSpecification\",\"valueRequired\":true,\"valueName\":\"search_term_string\"}}],\"inLanguage\":\"de\"}]}<\/script>\n<!-- \/ Yoast SEO plugin. -->","yoast_head_json":{"title":"Analysewaagen Luna Serie 0,0001g - Labopolis","description":"W\u00e4hlen Sie das gew\u00fcnschte Modell nach den Merkmalen der Tabelle aus, die in der Produktbeschreibung erscheint: LUNA Analysenwaagen Technisches Datenblatt","robots":{"index":"index","follow":"follow","max-snippet":"max-snippet:-1","max-image-preview":"max-image-preview:large","max-video-preview":"max-video-preview:-1"},"canonical":"https:\/\/www.labopolis.com\/de\/produkt\/balanzas-analiticas-serie-luna-00001g\/","og_locale":"de_DE","og_type":"article","og_title":"Balanzas Anal\u00edticas Serie Luna 0,0001g - Labopolis","og_description":"Seleccione el modelo deseado seg\u00fan las caracter\u00edsticas de la tabla que aparece en la descripci\u00f3n del producto:   Ficha T\u00e9cnica Balanzas Anal\u00edticas LUNA","og_url":"https:\/\/www.labopolis.com\/de\/produkt\/balanzas-analiticas-serie-luna-00001g\/","og_site_name":"Labopolis","article_publisher":"https:\/\/www.facebook.com\/profile.php?id=100063251679439","article_modified_time":"2025-12-12T11:46:43+00:00","og_image":[{"width":500,"height":500,"url":"https:\/\/www.labopolis.com\/wp-content\/uploads\/2023\/07\/LAB-LUNA.png","type":"image\/png"}],"twitter_card":"summary_large_image","twitter_site":"@Labopolis","twitter_misc":{"Gesch\u00e4tzte Lesezeit":"2\u00a0Minuten"},"schema":{"@context":"https:\/\/schema.org","@graph":[{"@type":"WebPage","@id":"https:\/\/www.labopolis.com\/producto\/balanzas-analiticas-serie-luna-00001g\/","url":"https:\/\/www.labopolis.com\/producto\/balanzas-analiticas-serie-luna-00001g\/","name":"Analysewaagen Luna Serie 0,0001g - Labopolis","isPartOf":{"@id":"https:\/\/www.labopolis.com\/#website"},"primaryImageOfPage":{"@id":"https:\/\/www.labopolis.com\/producto\/balanzas-analiticas-serie-luna-00001g\/#primaryimage"},"image":{"@id":"https:\/\/www.labopolis.com\/producto\/balanzas-analiticas-serie-luna-00001g\/#primaryimage"},"thumbnailUrl":"https:\/\/www.labopolis.com\/wp-content\/uploads\/2023\/07\/LAB-LUNA.png","datePublished":"2023-07-10T11:31:46+00:00","dateModified":"2025-12-12T11:46:43+00:00","description":"W\u00e4hlen Sie das gew\u00fcnschte Modell nach den Merkmalen der Tabelle aus, die in der Produktbeschreibung erscheint: LUNA Analysenwaagen Technisches Datenblatt","breadcrumb":{"@id":"https:\/\/www.labopolis.com\/producto\/balanzas-analiticas-serie-luna-00001g\/#breadcrumb"},"inLanguage":"de","potentialAction":[{"@type":"ReadAction","target":["https:\/\/www.labopolis.com\/producto\/balanzas-analiticas-serie-luna-00001g\/"]}]},{"@type":"ImageObject","inLanguage":"de","@id":"https:\/\/www.labopolis.com\/producto\/balanzas-analiticas-serie-luna-00001g\/#primaryimage","url":"https:\/\/www.labopolis.com\/wp-content\/uploads\/2023\/07\/LAB-LUNA.png","contentUrl":"https:\/\/www.labopolis.com\/wp-content\/uploads\/2023\/07\/LAB-LUNA.png","width":500,"height":500,"caption":"Producto"},{"@type":"BreadcrumbList","@id":"https:\/\/www.labopolis.com\/producto\/balanzas-analiticas-serie-luna-00001g\/#breadcrumb","itemListElement":[{"@type":"ListItem","position":1,"name":"Portada","item":"https:\/\/www.labopolis.com\/"},{"@type":"ListItem","position":2,"name":"Productos","item":"https:\/\/www.labopolis.com\/shop\/"},{"@type":"ListItem","position":3,"name":"Balanzas Anal\u00edticas Serie Luna 0,0001g"}]},{"@type":"WebSite","@id":"https:\/\/www.labopolis.com\/#website","url":"https:\/\/www.labopolis.com\/","name":"Labopolis","description":"","potentialAction":[{"@type":"SearchAction","target":{"@type":"EntryPoint","urlTemplate":"https:\/\/www.labopolis.com\/?s={search_term_string}"},"query-input":{"@type":"PropertyValueSpecification","valueRequired":true,"valueName":"search_term_string"}}],"inLanguage":"de"}]}},"_links":{"self":[{"href":"https:\/\/www.labopolis.com\/de\/wp-json\/wp\/v2\/product\/943","targetHints":{"allow":["GET"]}}],"collection":[{"href":"https:\/\/www.labopolis.com\/de\/wp-json\/wp\/v2\/product"}],"about":[{"href":"https:\/\/www.labopolis.com\/de\/wp-json\/wp\/v2\/types\/product"}],"replies":[{"embeddable":true,"href":"https:\/\/www.labopolis.com\/de\/wp-json\/wp\/v2\/comments?post=943"}],"wp:featuredmedia":[{"embeddable":true,"href":"https:\/\/www.labopolis.com\/de\/wp-json\/wp\/v2\/media\/948"}],"wp:attachment":[{"href":"https:\/\/www.labopolis.com\/de\/wp-json\/wp\/v2\/media?parent=943"}],"wp:term":[{"taxonomy":"product_brand","embeddable":true,"href":"https:\/\/www.labopolis.com\/de\/wp-json\/wp\/v2\/product_brand?post=943"},{"taxonomy":"product_cat","embeddable":true,"href":"https:\/\/www.labopolis.com\/de\/wp-json\/wp\/v2\/product_cat?post=943"},{"taxonomy":"product_tag","embeddable":true,"href":"https:\/\/www.labopolis.com\/de\/wp-json\/wp\/v2\/product_tag?post=943"}],"curies":[{"name":"wp","href":"https:\/\/api.w.org\/{rel}","templated":true}]}}