{"id":2873,"date":"2023-07-10T11:41:34","date_gmt":"2023-07-10T11:41:34","guid":{"rendered":"https:\/\/www.labopolis.com\/?post_type=product&#038;p=2873"},"modified":"2025-04-30T12:24:25","modified_gmt":"2025-04-30T12:24:25","slug":"microscopios-levenhuk-rainbow-2l-plus","status":"publish","type":"product","link":"https:\/\/www.labopolis.com\/de\/produkt\/microscopios-levenhuk-rainbow-2l-plus\/","title":{"rendered":"LEVENHUK RAINBOW 2L PLUS Mikroskope"},"content":{"rendered":"<p>Die formsch\u00f6nen und farbenfrohen Rainbow 2L PLUS Mikroskope sind die logische Fortsetzung der Levenhuk Rainbow 2L Serie. Diese neuen Mikroskope vereinen alle Vorteile der bisherigen Linie mit neuen Funktionen. Diese Mikroskope sind mit zwei Beleuchtungssystemen ausgestattet, die es erm\u00f6glichen, transparente, halbtransparente und undurchsichtige Proben zu beobachten.<\/p>\n<p>Jedes Modell wird mit einem Levenhuk K50 Experimentiersatz geliefert, mit dem junge Forscher ihre ersten Experimente und Untersuchungen selbst durchf\u00fchren k\u00f6nnen. Der Hauptunterschied dieser neuen Mikroskope besteht darin, dass sie eine bessere Optik haben. Sie haben eine h\u00f6here Vergr\u00f6\u00dferung (bis zu 640x), die f\u00fcr Biologiestudenten f\u00fcr ihre Forschung geeignet ist. Alle Mikroskope sind mit einer federbelasteten Objektivlinse ausgestattet. Diese Konstruktion verhindert, dass die Linse besch\u00e4digt wird, selbst wenn die Objektivlinse beim Fokussieren den Objekttr\u00e4ger ber\u00fchrt.<\/p>\n<p>Die Levenhuk Rainbow 2L PLUS Mikroskope verf\u00fcgen \u00fcber einen robusten Metallk\u00f6rper, der sich auch im Dauereinsatz in Universit\u00e4ten oder Labors bew\u00e4hrt hat. Und nat\u00fcrlich m\u00fcssen wir ihr modernes Design mit f\u00fcnf leuchtenden Farben erw\u00e4hnen; jedes dieser sch\u00f6nen Mikroskope macht sich gut im Kinderzimmer oder auf dem Schreibtisch im B\u00fcro.<\/p>\n<p><strong>Merkmale:<\/strong><\/p>\n<ul>\n<li>Biologisches Mikroskop mit Vergr\u00f6\u00dferungen zwischen 64-640x<\/li>\n<li>Erh\u00e4ltlich in f\u00fcnf auff\u00e4lligen Farben<\/li>\n<li>Robustes und langlebiges Metallgeh\u00e4use<\/li>\n<li>Beleuchtung oben und unten<\/li>\n<li>Inklusive Experimentierkasten<\/li>\n<\/ul>\n<p><strong>Der Bausatz enth\u00e4lt:<\/strong><\/p>\n<ul>\n<li>Mikroskop<\/li>\n<li>Objektive: 4x, 10x und 40x<\/li>\n<li>Okular: WF16x<\/li>\n<li>Walze mit Klammern<\/li>\n<li>Tellermembran<\/li>\n<li>Kondensator<\/li>\n<li>Eingebaute LED-Beleuchtung oben und unten<\/li>\n<li>Netzadapter<\/li>\n<li>3 AA-Batterien<\/li>\n<li>Levenhuk K50 Experimentierkasten<\/li>\n<li>Gebrauchsanweisung und lebenslange Garantie<\/li>\n<\/ul>\n<p><strong>Der Levenhuk K50 Experimentierkasten enth\u00e4lt:<\/strong><\/p>\n<ul>\n<li>Benutzerhandbuch \"Faszinierendes Mikroskop. Das Studium des Mikrokosmos\".<\/li>\n<li>Pipette<\/li>\n<li>Pinzette<\/li>\n<li>Inkubator f\u00fcr Artemia-Eier<\/li>\n<li>Beh\u00e4lter mit Artemia<\/li>\n<li>Mikrotom<\/li>\n<li>Hefe-Beh\u00e4lter<\/li>\n<li>Beh\u00e4lter mit Meersalz<\/li>\n<li>Beh\u00e4lter mit Leim<\/li>\n<li>Leere Objekttr\u00e4ger aus Glas (5 St\u00fcck)<\/li>\n<li>5 Proben: Fliegenbein, Zwiebel, Baumwollst\u00e4ngel, Baumstamm-Probe, Kiefernholz-Stecklinge<\/li>\n<li>Staubschutzh\u00fclle<\/li>\n<\/ul>","protected":false},"excerpt":{"rendered":"<p><strong>LEVENHUK RAINBOW 2L PLUS Mikroskope<\/strong><\/p>\n<p><strong>Merkmale: <\/strong>Biologisches Mikroskop mit 64-640facher Vergr\u00f6\u00dferung, erh\u00e4ltlich in f\u00fcnf leuchtenden Farben, robustes und langlebiges Metall-Kunststoffgeh\u00e4use. Beleuchtung von oben und unten. Inklusive Experimentierkasten.<\/p>","protected":false},"featured_media":2895,"comment_status":"open","ping_status":"closed","template":"","meta":[],"product_brand":[],"product_cat":[23,160,165],"product_tag":[],"class_list":{"0":"post-2873","1":"product","2":"type-product","3":"status-publish","4":"has-post-thumbnail","6":"product_cat-laboratorio","7":"product_cat-microscopios","8":"product_cat-microscopios-educacion","10":"first","11":"instock","12":"taxable","13":"shipping-taxable","14":"purchasable","15":"product-type-variable"},"yoast_head":"<!-- This site is optimized with the Yoast SEO plugin v27.2 - https:\/\/yoast.com\/product\/yoast-seo-wordpress\/ -->\n<title>Microscopios LEVENHUK RAINBOW 2L PLUS - Labopolis<\/title>\n<meta name=\"description\" content=\"Microscopios Levenhuk de gran calidad \/ precio, El modelo 2L Plus, para estudiantes de escuela o universidad . Ampliaci\u00f3n: 64\u2013640x\" \/>\n<meta name=\"robots\" content=\"index, follow, max-snippet:-1, max-image-preview:large, max-video-preview:-1\" \/>\n<link rel=\"canonical\" href=\"https:\/\/www.labopolis.com\/de\/produkt\/microscopios-levenhuk-rainbow-2l-plus\/\" \/>\n<meta property=\"og:locale\" content=\"de_DE\" \/>\n<meta property=\"og:type\" content=\"article\" \/>\n<meta property=\"og:title\" content=\"Microscopios LEVENHUK RAINBOW 2L PLUS - Labopolis\" \/>\n<meta property=\"og:description\" content=\"Microscopios Levenhuk de gran calidad \/ precio, El modelo 2L Plus, para estudiantes de escuela o universidad . Ampliaci\u00f3n: 64\u2013640x\" \/>\n<meta property=\"og:url\" content=\"https:\/\/www.labopolis.com\/de\/produkt\/microscopios-levenhuk-rainbow-2l-plus\/\" \/>\n<meta property=\"og:site_name\" content=\"Labopolis\" \/>\n<meta property=\"article:publisher\" content=\"https:\/\/www.facebook.com\/profile.php?id=100063251679439\" \/>\n<meta property=\"article:modified_time\" content=\"2025-04-30T12:24:25+00:00\" \/>\n<meta property=\"og:image\" content=\"https:\/\/www.labopolis.com\/wp-content\/uploads\/2023\/07\/LVH-microscopes-Rainbow-2L-PLUS.jpg\" \/>\n\t<meta property=\"og:image:width\" content=\"1000\" \/>\n\t<meta property=\"og:image:height\" content=\"800\" \/>\n\t<meta property=\"og:image:type\" content=\"image\/jpeg\" \/>\n<meta name=\"twitter:card\" content=\"summary_large_image\" \/>\n<meta name=\"twitter:site\" content=\"@Labopolis\" \/>\n<meta name=\"twitter:label1\" content=\"Gesch\u00e4tzte Lesezeit\" \/>\n\t<meta name=\"twitter:data1\" content=\"2\u00a0Minuten\" \/>\n<script type=\"application\/ld+json\" class=\"yoast-schema-graph\">{\"@context\":\"https:\/\/schema.org\",\"@graph\":[{\"@type\":\"WebPage\",\"@id\":\"https:\/\/www.labopolis.com\/producto\/microscopios-levenhuk-rainbow-2l-plus\/\",\"url\":\"https:\/\/www.labopolis.com\/producto\/microscopios-levenhuk-rainbow-2l-plus\/\",\"name\":\"Microscopios LEVENHUK RAINBOW 2L PLUS - Labopolis\",\"isPartOf\":{\"@id\":\"https:\/\/www.labopolis.com\/#website\"},\"primaryImageOfPage\":{\"@id\":\"https:\/\/www.labopolis.com\/producto\/microscopios-levenhuk-rainbow-2l-plus\/#primaryimage\"},\"image\":{\"@id\":\"https:\/\/www.labopolis.com\/producto\/microscopios-levenhuk-rainbow-2l-plus\/#primaryimage\"},\"thumbnailUrl\":\"https:\/\/www.labopolis.com\/wp-content\/uploads\/2023\/07\/LVH-microscopes-Rainbow-2L-PLUS.jpg\",\"datePublished\":\"2023-07-10T11:41:34+00:00\",\"dateModified\":\"2025-04-30T12:24:25+00:00\",\"description\":\"Microscopios Levenhuk de gran calidad \/ precio, El modelo 2L Plus, para estudiantes de escuela o universidad . Ampliaci\u00f3n: 64\u2013640x\",\"breadcrumb\":{\"@id\":\"https:\/\/www.labopolis.com\/producto\/microscopios-levenhuk-rainbow-2l-plus\/#breadcrumb\"},\"inLanguage\":\"de\",\"potentialAction\":[{\"@type\":\"ReadAction\",\"target\":[\"https:\/\/www.labopolis.com\/producto\/microscopios-levenhuk-rainbow-2l-plus\/\"]}]},{\"@type\":\"ImageObject\",\"inLanguage\":\"de\",\"@id\":\"https:\/\/www.labopolis.com\/producto\/microscopios-levenhuk-rainbow-2l-plus\/#primaryimage\",\"url\":\"https:\/\/www.labopolis.com\/wp-content\/uploads\/2023\/07\/LVH-microscopes-Rainbow-2L-PLUS.jpg\",\"contentUrl\":\"https:\/\/www.labopolis.com\/wp-content\/uploads\/2023\/07\/LVH-microscopes-Rainbow-2L-PLUS.jpg\",\"width\":1000,\"height\":800,\"caption\":\"Producto\"},{\"@type\":\"BreadcrumbList\",\"@id\":\"https:\/\/www.labopolis.com\/producto\/microscopios-levenhuk-rainbow-2l-plus\/#breadcrumb\",\"itemListElement\":[{\"@type\":\"ListItem\",\"position\":1,\"name\":\"Portada\",\"item\":\"https:\/\/www.labopolis.com\/\"},{\"@type\":\"ListItem\",\"position\":2,\"name\":\"Productos\",\"item\":\"https:\/\/www.labopolis.com\/shop\/\"},{\"@type\":\"ListItem\",\"position\":3,\"name\":\"Microscopios LEVENHUK RAINBOW 2L PLUS\"}]},{\"@type\":\"WebSite\",\"@id\":\"https:\/\/www.labopolis.com\/#website\",\"url\":\"https:\/\/www.labopolis.com\/\",\"name\":\"Labopolis\",\"description\":\"\",\"potentialAction\":[{\"@type\":\"SearchAction\",\"target\":{\"@type\":\"EntryPoint\",\"urlTemplate\":\"https:\/\/www.labopolis.com\/?s={search_term_string}\"},\"query-input\":{\"@type\":\"PropertyValueSpecification\",\"valueRequired\":true,\"valueName\":\"search_term_string\"}}],\"inLanguage\":\"de\"}]}<\/script>\n<!-- \/ Yoast SEO plugin. -->","yoast_head_json":{"title":"Mikroskope LEVENHUK RAINBOW 2L PLUS - Labopolis","description":"Levenhuk Mikroskope von gro\u00dfer Qualit\u00e4t \/ Preis, das 2L Plus Modell, f\u00fcr Sch\u00fcler oder Studenten. Vergr\u00f6\u00dferung: 64-640x","robots":{"index":"index","follow":"follow","max-snippet":"max-snippet:-1","max-image-preview":"max-image-preview:large","max-video-preview":"max-video-preview:-1"},"canonical":"https:\/\/www.labopolis.com\/de\/produkt\/microscopios-levenhuk-rainbow-2l-plus\/","og_locale":"de_DE","og_type":"article","og_title":"Microscopios LEVENHUK RAINBOW 2L PLUS - Labopolis","og_description":"Microscopios Levenhuk de gran calidad \/ precio, El modelo 2L Plus, para estudiantes de escuela o universidad . Ampliaci\u00f3n: 64\u2013640x","og_url":"https:\/\/www.labopolis.com\/de\/produkt\/microscopios-levenhuk-rainbow-2l-plus\/","og_site_name":"Labopolis","article_publisher":"https:\/\/www.facebook.com\/profile.php?id=100063251679439","article_modified_time":"2025-04-30T12:24:25+00:00","og_image":[{"width":1000,"height":800,"url":"https:\/\/www.labopolis.com\/wp-content\/uploads\/2023\/07\/LVH-microscopes-Rainbow-2L-PLUS.jpg","type":"image\/jpeg"}],"twitter_card":"summary_large_image","twitter_site":"@Labopolis","twitter_misc":{"Gesch\u00e4tzte Lesezeit":"2\u00a0Minuten"},"schema":{"@context":"https:\/\/schema.org","@graph":[{"@type":"WebPage","@id":"https:\/\/www.labopolis.com\/producto\/microscopios-levenhuk-rainbow-2l-plus\/","url":"https:\/\/www.labopolis.com\/producto\/microscopios-levenhuk-rainbow-2l-plus\/","name":"Mikroskope LEVENHUK RAINBOW 2L PLUS - Labopolis","isPartOf":{"@id":"https:\/\/www.labopolis.com\/#website"},"primaryImageOfPage":{"@id":"https:\/\/www.labopolis.com\/producto\/microscopios-levenhuk-rainbow-2l-plus\/#primaryimage"},"image":{"@id":"https:\/\/www.labopolis.com\/producto\/microscopios-levenhuk-rainbow-2l-plus\/#primaryimage"},"thumbnailUrl":"https:\/\/www.labopolis.com\/wp-content\/uploads\/2023\/07\/LVH-microscopes-Rainbow-2L-PLUS.jpg","datePublished":"2023-07-10T11:41:34+00:00","dateModified":"2025-04-30T12:24:25+00:00","description":"Levenhuk Mikroskope von gro\u00dfer Qualit\u00e4t \/ Preis, das 2L Plus Modell, f\u00fcr Sch\u00fcler oder Studenten. Vergr\u00f6\u00dferung: 64-640x","breadcrumb":{"@id":"https:\/\/www.labopolis.com\/producto\/microscopios-levenhuk-rainbow-2l-plus\/#breadcrumb"},"inLanguage":"de","potentialAction":[{"@type":"ReadAction","target":["https:\/\/www.labopolis.com\/producto\/microscopios-levenhuk-rainbow-2l-plus\/"]}]},{"@type":"ImageObject","inLanguage":"de","@id":"https:\/\/www.labopolis.com\/producto\/microscopios-levenhuk-rainbow-2l-plus\/#primaryimage","url":"https:\/\/www.labopolis.com\/wp-content\/uploads\/2023\/07\/LVH-microscopes-Rainbow-2L-PLUS.jpg","contentUrl":"https:\/\/www.labopolis.com\/wp-content\/uploads\/2023\/07\/LVH-microscopes-Rainbow-2L-PLUS.jpg","width":1000,"height":800,"caption":"Producto"},{"@type":"BreadcrumbList","@id":"https:\/\/www.labopolis.com\/producto\/microscopios-levenhuk-rainbow-2l-plus\/#breadcrumb","itemListElement":[{"@type":"ListItem","position":1,"name":"Portada","item":"https:\/\/www.labopolis.com\/"},{"@type":"ListItem","position":2,"name":"Productos","item":"https:\/\/www.labopolis.com\/shop\/"},{"@type":"ListItem","position":3,"name":"Microscopios LEVENHUK RAINBOW 2L PLUS"}]},{"@type":"WebSite","@id":"https:\/\/www.labopolis.com\/#website","url":"https:\/\/www.labopolis.com\/","name":"Labopolis","description":"","potentialAction":[{"@type":"SearchAction","target":{"@type":"EntryPoint","urlTemplate":"https:\/\/www.labopolis.com\/?s={search_term_string}"},"query-input":{"@type":"PropertyValueSpecification","valueRequired":true,"valueName":"search_term_string"}}],"inLanguage":"de"}]}},"_links":{"self":[{"href":"https:\/\/www.labopolis.com\/de\/wp-json\/wp\/v2\/product\/2873","targetHints":{"allow":["GET"]}}],"collection":[{"href":"https:\/\/www.labopolis.com\/de\/wp-json\/wp\/v2\/product"}],"about":[{"href":"https:\/\/www.labopolis.com\/de\/wp-json\/wp\/v2\/types\/product"}],"replies":[{"embeddable":true,"href":"https:\/\/www.labopolis.com\/de\/wp-json\/wp\/v2\/comments?post=2873"}],"wp:featuredmedia":[{"embeddable":true,"href":"https:\/\/www.labopolis.com\/de\/wp-json\/wp\/v2\/media\/2895"}],"wp:attachment":[{"href":"https:\/\/www.labopolis.com\/de\/wp-json\/wp\/v2\/media?parent=2873"}],"wp:term":[{"taxonomy":"product_brand","embeddable":true,"href":"https:\/\/www.labopolis.com\/de\/wp-json\/wp\/v2\/product_brand?post=2873"},{"taxonomy":"product_cat","embeddable":true,"href":"https:\/\/www.labopolis.com\/de\/wp-json\/wp\/v2\/product_cat?post=2873"},{"taxonomy":"product_tag","embeddable":true,"href":"https:\/\/www.labopolis.com\/de\/wp-json\/wp\/v2\/product_tag?post=2873"}],"curies":[{"name":"wp","href":"https:\/\/api.w.org\/{rel}","templated":true}]}}