{"id":2702,"date":"2023-07-10T11:40:32","date_gmt":"2023-07-10T11:40:32","guid":{"rendered":"https:\/\/www.labopolis.com\/?post_type=product&#038;p=2702"},"modified":"2026-03-24T09:13:27","modified_gmt":"2026-03-24T09:13:27","slug":"microscopio-trinocular-levenhuk-med-10t","status":"publish","type":"product","link":"https:\/\/www.labopolis.com\/de\/produkt\/microscopio-trinocular-levenhuk-med-10t\/","title":{"rendered":"Trinokulares Mikroskop Levenhuk MED 10T"},"content":{"rendered":"<p>Das trinokulare Mikroskop Levenhuk MED 10T ist ein Labormodell mit achromatischer Optik f\u00fcr die professionelle Forschung mit einem Vergr\u00f6\u00dferungsbereich von 40 bis 1000x. Dieses Mikroskop ist die perfekte Wahl f\u00fcr Universit\u00e4tsstudenten, Forschungsarbeiten in einem wissenschaftlichen Zentrum oder klinische und diagnostische Arbeiten in einem medizinischen Labor.<\/p>\n<p>Der trinokulare Kopf besteht aus einem trinokularen Sichtteil und einem Tubus zur Befestigung einer Digitalkamera (separat erh\u00e4ltlich). Der visuelle Teil ist um 30\u00b0 geneigt, was lange Beobachtungen auf bequeme Art und Weise erm\u00f6glicht. Der trinokulare Kopf ist um 360\u00b0 drehbar. Das Mikroskop hat vier vorinstallierte achromatische Objektive mit unterschiedlichen Vergr\u00f6\u00dferungen. Die 40x- und 100x-Objektive sind einziehbar. Das 100x-Objektiv kann auch f\u00fcr \u00d6limmersionsbeobachtungen verwendet werden (ein Immersions\u00f6ltubus ist im Lieferumfang enthalten). Die Okulare mit gro\u00dfem Sehfeld sind dioptrienverstellbar und bieten eine gute Sicht. Alle optischen Elemente sind mit einer Anti-Pilz-Beschichtung gesch\u00fctzt.<\/p>\n<p>Der Tisch ist doppelschichtig und kann in zwei Achsen bewegt werden. Die Proben sind unter einer Objektivlinse des Mikroskops angeordnet und k\u00f6nnen mit Hilfe eines mechanischen Mikrometers bewegt werden. Es gibt Regler f\u00fcr die Grob- und Feineinstellung des Fokus. Das Beleuchtungssystem des Mikroskops besteht aus einer hellen 5-Watt-LED-Lampe mit einem Abbe-Kondensor mit Irisblende und Filterhalter. Die Lampe befindet sich unter dem Objekttisch und erm\u00f6glicht Beobachtungen nach der Hellfeldmethode mit Durchlicht. Die Beleuchtung wird \u00fcber ein Wechselstromnetzteil betrieben. Das Beleuchtungssystem erm\u00f6glicht auch die Einstellung der Helligkeit.<\/p>\n<p><b>Merkmale:<\/b><\/p>\n<ul class=\"vikas-list-u\">\n<li>Labormikroskop mit Vergr\u00f6\u00dferung 40-1000x<\/li>\n<li>Um 360\u00b0 drehbarer trinokularer Kopf, 30\u00b0 Neigung<\/li>\n<li>Achromatische Optik mit antifungaler Beschichtung<\/li>\n<li>5 W LED-Bodenlampe mit Helligkeitseinstellung<\/li>\n<li>Stromversorgung \u00fcber AC-Netzteil<\/li>\n<\/ul>\n<p><b>Der Bausatz enth\u00e4lt:<\/b><\/p>\n<ul class=\"vikas-list-u\">\n<li>Mikroskopst\u00e4nder und Sockel<\/li>\n<li>Um 360\u00b0 drehbarer trinokularer Kopf<\/li>\n<li>Achromatische Objektive: 4\u0445, 10\u0445, 40xs, 100\u0445s (\u00d6limmersion) mit Antipilzbeschichtung<\/li>\n<li>Weitwinkelokulare: WF10x \/ 18 mm mit Antimykotika-Beschichtung (2 St\u00fcck)<\/li>\n<li>Abbe-Kondensor N.A. 1,25 mit Irisblende und Filterhalter<\/li>\n<li>Filter: blau, gr\u00fcn, gelb<\/li>\n<li>\u00d6l-Tauchrohr<\/li>\n<li>Sicherung (2 Stk.)<\/li>\n<li>Mikroskop-Netzkabel<\/li>\n<li>Schutzh\u00fclle<\/li>\n<li>Kamera-Adapter<\/li>\n<li>Benutzerhandbuch und lebenslange Garantie<\/li>\n<\/ul>","protected":false},"excerpt":{"rendered":"<p class=\"product-page-title\"><strong>Trinokulares Mikroskop Levenhuk MED 10T<\/strong><\/p>\n<p><b>Merkmale:<\/b><\/p>\n<ul class=\"vikas-list-u\">\n<li>Labormikroskop mit Vergr\u00f6\u00dferung 40-1000x<\/li>\n<li>Um 360\u00b0 drehbarer trinokularer Kopf, 30\u00b0 Neigung<\/li>\n<li>Achromatische Optik mit antifungaler Beschichtung<\/li>\n<li>5 W LED-Bodenlampe mit Helligkeitseinstellung<\/li>\n<li>Stromversorgung \u00fcber AC-Netzteil<\/li>\n<\/ul>\n<p><b>Der Bausatz enth\u00e4lt:<\/b><\/p>\n<ul class=\"vikas-list-u\">\n<li>Mikroskopst\u00e4nder und Sockel<\/li>\n<li>Um 360\u00b0 drehbarer trinokularer Kopf<\/li>\n<li>Achromatische Objektive: 4\u0445, 10\u0445, 40xs, 100\u0445s (\u00d6limmersion) mit Antipilzbeschichtung<\/li>\n<li>Weitwinkelokulare: WF10x \/ 18 mm mit Antimykotika-Beschichtung (2 St\u00fcck)<\/li>\n<li>Abbe-Kondensor N.A. 1,25 mit Irisblende und Filterhalter<\/li>\n<li>Filter: blau, gr\u00fcn, gelb<\/li>\n<li>\u00d6l-Tauchrohr<\/li>\n<li>Sicherung (2 Stk.)<\/li>\n<li>Mikroskop-Netzkabel<\/li>\n<li>Schutzh\u00fclle<\/li>\n<li>Kamera-Adapter<\/li>\n<li>Benutzerhandbuch und lebenslange Garantie<\/li>\n<\/ul>","protected":false},"featured_media":2730,"comment_status":"open","ping_status":"closed","template":"","meta":[],"product_brand":[],"product_cat":[23,160,161,165],"product_tag":[],"class_list":{"0":"post-2702","1":"product","2":"type-product","3":"status-publish","4":"has-post-thumbnail","6":"product_cat-laboratorio","7":"product_cat-microscopios","8":"product_cat-microscopios-biologicos","9":"product_cat-microscopios-educacion","11":"first","12":"instock","13":"taxable","14":"shipping-taxable","15":"purchasable","16":"product-type-simple"},"yoast_head":"<!-- This site is optimized with the Yoast SEO plugin v27.2 - https:\/\/yoast.com\/product\/yoast-seo-wordpress\/ -->\n<title>Microscopio trinocular Levenhuk MED 10T - Labopolis<\/title>\n<meta name=\"description\" content=\"Microscopio trinocular Levenhuk MED 10T Caracter\u00edsticas:   Microscopio de laboratorio con una ampliaci\u00f3n de 40\u20131000x  Cabezal trinocular giratorio 360\u00b0, con inclinaci\u00f3n de 30\u00b0  \u00d3ptica acrom\u00e1tica con revestimiento antif\u00fangico  L\u00e1mpara LED inferior de 5 W con ajuste del brillo  Alimentado por una fuente de alimentaci\u00f3n CA  El kit incluye:   Base de microscopio y pedestal  Cabezal trinocular rotatorio 360\u00b0  Lentes objetivo acrom\u00e1ticas: 4\u0445, 10\u0445, 40xs, 100\u0445s (inmersi\u00f3n en aceite) con revestimiento antif\u00fangico  Oculares de campo de visi\u00f3n amplio: WF10x \/ 18 mm con revestimiento antif\u00fangico (2 unidades)  Condensador Abbe N.A. 1,25 con diafragma iris y soporte para filtros  Filtros: azul, verde, amarillo  Tubo de aceite de inmersi\u00f3n  Fusible (2 unidades)  Cable de alimentaci\u00f3n para microscopio  Cubierta protectora  Adaptador de c\u00e1mara  Manual de usuario y garant\u00eda de por vida\" \/>\n<meta name=\"robots\" content=\"index, follow, max-snippet:-1, max-image-preview:large, max-video-preview:-1\" \/>\n<link rel=\"canonical\" href=\"https:\/\/www.labopolis.com\/de\/produkt\/microscopio-trinocular-levenhuk-med-10t\/\" \/>\n<meta property=\"og:locale\" content=\"de_DE\" \/>\n<meta property=\"og:type\" content=\"article\" \/>\n<meta property=\"og:title\" content=\"Microscopio trinocular Levenhuk MED 10T - Labopolis\" \/>\n<meta property=\"og:description\" content=\"Microscopio trinocular Levenhuk MED 10T Caracter\u00edsticas:   Microscopio de laboratorio con una ampliaci\u00f3n de 40\u20131000x  Cabezal trinocular giratorio 360\u00b0, con inclinaci\u00f3n de 30\u00b0  \u00d3ptica acrom\u00e1tica con revestimiento antif\u00fangico  L\u00e1mpara LED inferior de 5 W con ajuste del brillo  Alimentado por una fuente de alimentaci\u00f3n CA  El kit incluye:   Base de microscopio y pedestal  Cabezal trinocular rotatorio 360\u00b0  Lentes objetivo acrom\u00e1ticas: 4\u0445, 10\u0445, 40xs, 100\u0445s (inmersi\u00f3n en aceite) con revestimiento antif\u00fangico  Oculares de campo de visi\u00f3n amplio: WF10x \/ 18 mm con revestimiento antif\u00fangico (2 unidades)  Condensador Abbe N.A. 1,25 con diafragma iris y soporte para filtros  Filtros: azul, verde, amarillo  Tubo de aceite de inmersi\u00f3n  Fusible (2 unidades)  Cable de alimentaci\u00f3n para microscopio  Cubierta protectora  Adaptador de c\u00e1mara  Manual de usuario y garant\u00eda de por vida\" \/>\n<meta property=\"og:url\" content=\"https:\/\/www.labopolis.com\/de\/produkt\/microscopio-trinocular-levenhuk-med-10t\/\" \/>\n<meta property=\"og:site_name\" content=\"Labopolis\" \/>\n<meta property=\"article:publisher\" content=\"https:\/\/www.facebook.com\/profile.php?id=100063251679439\" \/>\n<meta property=\"article:modified_time\" content=\"2026-03-24T09:13:27+00:00\" \/>\n<meta property=\"og:image\" content=\"https:\/\/www.labopolis.com\/wp-content\/uploads\/2023\/07\/73985_levenhuk-trinocular-microscope-med-10t_00.jpg\" \/>\n\t<meta property=\"og:image:width\" content=\"1421\" \/>\n\t<meta property=\"og:image:height\" content=\"2000\" \/>\n\t<meta property=\"og:image:type\" content=\"image\/jpeg\" \/>\n<meta name=\"twitter:card\" content=\"summary_large_image\" \/>\n<meta name=\"twitter:site\" content=\"@Labopolis\" \/>\n<meta name=\"twitter:label1\" content=\"Gesch\u00e4tzte Lesezeit\" \/>\n\t<meta name=\"twitter:data1\" content=\"2\u00a0Minuten\" \/>\n<script type=\"application\/ld+json\" class=\"yoast-schema-graph\">{\"@context\":\"https:\/\/schema.org\",\"@graph\":[{\"@type\":\"WebPage\",\"@id\":\"https:\/\/www.labopolis.com\/producto\/microscopio-trinocular-levenhuk-med-10t\/\",\"url\":\"https:\/\/www.labopolis.com\/producto\/microscopio-trinocular-levenhuk-med-10t\/\",\"name\":\"Microscopio trinocular Levenhuk MED 10T - Labopolis\",\"isPartOf\":{\"@id\":\"https:\/\/www.labopolis.com\/#website\"},\"primaryImageOfPage\":{\"@id\":\"https:\/\/www.labopolis.com\/producto\/microscopio-trinocular-levenhuk-med-10t\/#primaryimage\"},\"image\":{\"@id\":\"https:\/\/www.labopolis.com\/producto\/microscopio-trinocular-levenhuk-med-10t\/#primaryimage\"},\"thumbnailUrl\":\"https:\/\/www.labopolis.com\/wp-content\/uploads\/2023\/07\/73985_levenhuk-trinocular-microscope-med-10t_00.jpg\",\"datePublished\":\"2023-07-10T11:40:32+00:00\",\"dateModified\":\"2026-03-24T09:13:27+00:00\",\"description\":\"Microscopio trinocular Levenhuk MED 10T Caracter\u00edsticas: Microscopio de laboratorio con una ampliaci\u00f3n de 40\u20131000x Cabezal trinocular giratorio 360\u00b0, con inclinaci\u00f3n de 30\u00b0 \u00d3ptica acrom\u00e1tica con revestimiento antif\u00fangico L\u00e1mpara LED inferior de 5 W con ajuste del brillo Alimentado por una fuente de alimentaci\u00f3n CA El kit incluye: Base de microscopio y pedestal Cabezal trinocular rotatorio 360\u00b0 Lentes objetivo acrom\u00e1ticas: 4\u0445, 10\u0445, 40xs, 100\u0445s (inmersi\u00f3n en aceite) con revestimiento antif\u00fangico Oculares de campo de visi\u00f3n amplio: WF10x \/ 18 mm con revestimiento antif\u00fangico (2 unidades) Condensador Abbe N.A. 1,25 con diafragma iris y soporte para filtros Filtros: azul, verde, amarillo Tubo de aceite de inmersi\u00f3n Fusible (2 unidades) Cable de alimentaci\u00f3n para microscopio Cubierta protectora Adaptador de c\u00e1mara Manual de usuario y garant\u00eda de por vida\",\"breadcrumb\":{\"@id\":\"https:\/\/www.labopolis.com\/producto\/microscopio-trinocular-levenhuk-med-10t\/#breadcrumb\"},\"inLanguage\":\"de\",\"potentialAction\":[{\"@type\":\"ReadAction\",\"target\":[\"https:\/\/www.labopolis.com\/producto\/microscopio-trinocular-levenhuk-med-10t\/\"]}]},{\"@type\":\"ImageObject\",\"inLanguage\":\"de\",\"@id\":\"https:\/\/www.labopolis.com\/producto\/microscopio-trinocular-levenhuk-med-10t\/#primaryimage\",\"url\":\"https:\/\/www.labopolis.com\/wp-content\/uploads\/2023\/07\/73985_levenhuk-trinocular-microscope-med-10t_00.jpg\",\"contentUrl\":\"https:\/\/www.labopolis.com\/wp-content\/uploads\/2023\/07\/73985_levenhuk-trinocular-microscope-med-10t_00.jpg\",\"width\":1421,\"height\":2000,\"caption\":\"Producto\"},{\"@type\":\"BreadcrumbList\",\"@id\":\"https:\/\/www.labopolis.com\/producto\/microscopio-trinocular-levenhuk-med-10t\/#breadcrumb\",\"itemListElement\":[{\"@type\":\"ListItem\",\"position\":1,\"name\":\"Portada\",\"item\":\"https:\/\/www.labopolis.com\/\"},{\"@type\":\"ListItem\",\"position\":2,\"name\":\"Productos\",\"item\":\"https:\/\/www.labopolis.com\/shop\/\"},{\"@type\":\"ListItem\",\"position\":3,\"name\":\"Microscopio trinocular Levenhuk MED 10T\"}]},{\"@type\":\"WebSite\",\"@id\":\"https:\/\/www.labopolis.com\/#website\",\"url\":\"https:\/\/www.labopolis.com\/\",\"name\":\"Labopolis\",\"description\":\"\",\"potentialAction\":[{\"@type\":\"SearchAction\",\"target\":{\"@type\":\"EntryPoint\",\"urlTemplate\":\"https:\/\/www.labopolis.com\/?s={search_term_string}\"},\"query-input\":{\"@type\":\"PropertyValueSpecification\",\"valueRequired\":true,\"valueName\":\"search_term_string\"}}],\"inLanguage\":\"de\"}]}<\/script>\n<!-- \/ Yoast SEO plugin. -->","yoast_head_json":{"title":"Levenhuk MED 10T Trinokular-Mikroskop - Labopolis","description":"Levenhuk MED 10T Trinokular-Mikroskop Eigenschaften:   Labormikroskop mit einer Vergr\u00f6\u00dferung von 40\u20131000x 360\u00b0 drehbarer und um 30\u00b0 geneigter Trinokularkopf Achromatisches optisches System mit Anti-Pilz-Beschichtung 5-W-LED-Beleuchtung von unten mit Helligkeitsregelung Stromversorgung \u00fcber Netzteil Das Set enth\u00e4lt:   Mikroskopstativ und Sockel 360\u00b0 drehbarer Trinokularkopf Achromatische Objektive: 4x, 10x, 40xs, 100xs (\u00d6limmersion) mit Anti-Pilz-Beschichtung Weitfeld-Okulare: WF10x \/ 18 mm mit Anti-Pilz-Beschichtung (2 St\u00fcck) Abbe-Kondensor N.A. 1,25 mit Irisblende und Filterhalter Filter: blau, gr\u00fcn, gelb Immersion\u00f6lfl\u00e4schchen Sicherung (2 St\u00fcck) Mikroskop-Netzkabel Schutzh\u00fclle Kameraadapter Bedienungsanleitung und lebenslange Garantie","robots":{"index":"index","follow":"follow","max-snippet":"max-snippet:-1","max-image-preview":"max-image-preview:large","max-video-preview":"max-video-preview:-1"},"canonical":"https:\/\/www.labopolis.com\/de\/produkt\/microscopio-trinocular-levenhuk-med-10t\/","og_locale":"de_DE","og_type":"article","og_title":"Microscopio trinocular Levenhuk MED 10T - Labopolis","og_description":"Microscopio trinocular Levenhuk MED 10T Caracter\u00edsticas:   Microscopio de laboratorio con una ampliaci\u00f3n de 40\u20131000x  Cabezal trinocular giratorio 360\u00b0, con inclinaci\u00f3n de 30\u00b0  \u00d3ptica acrom\u00e1tica con revestimiento antif\u00fangico  L\u00e1mpara LED inferior de 5 W con ajuste del brillo  Alimentado por una fuente de alimentaci\u00f3n CA  El kit incluye:   Base de microscopio y pedestal  Cabezal trinocular rotatorio 360\u00b0  Lentes objetivo acrom\u00e1ticas: 4\u0445, 10\u0445, 40xs, 100\u0445s (inmersi\u00f3n en aceite) con revestimiento antif\u00fangico  Oculares de campo de visi\u00f3n amplio: WF10x \/ 18 mm con revestimiento antif\u00fangico (2 unidades)  Condensador Abbe N.A. 1,25 con diafragma iris y soporte para filtros  Filtros: azul, verde, amarillo  Tubo de aceite de inmersi\u00f3n  Fusible (2 unidades)  Cable de alimentaci\u00f3n para microscopio  Cubierta protectora  Adaptador de c\u00e1mara  Manual de usuario y garant\u00eda de por vida","og_url":"https:\/\/www.labopolis.com\/de\/produkt\/microscopio-trinocular-levenhuk-med-10t\/","og_site_name":"Labopolis","article_publisher":"https:\/\/www.facebook.com\/profile.php?id=100063251679439","article_modified_time":"2026-03-24T09:13:27+00:00","og_image":[{"width":1421,"height":2000,"url":"https:\/\/www.labopolis.com\/wp-content\/uploads\/2023\/07\/73985_levenhuk-trinocular-microscope-med-10t_00.jpg","type":"image\/jpeg"}],"twitter_card":"summary_large_image","twitter_site":"@Labopolis","twitter_misc":{"Gesch\u00e4tzte Lesezeit":"2\u00a0Minuten"},"schema":{"@context":"https:\/\/schema.org","@graph":[{"@type":"WebPage","@id":"https:\/\/www.labopolis.com\/producto\/microscopio-trinocular-levenhuk-med-10t\/","url":"https:\/\/www.labopolis.com\/producto\/microscopio-trinocular-levenhuk-med-10t\/","name":"Levenhuk MED 10T Trinokular-Mikroskop - Labopolis","isPartOf":{"@id":"https:\/\/www.labopolis.com\/#website"},"primaryImageOfPage":{"@id":"https:\/\/www.labopolis.com\/producto\/microscopio-trinocular-levenhuk-med-10t\/#primaryimage"},"image":{"@id":"https:\/\/www.labopolis.com\/producto\/microscopio-trinocular-levenhuk-med-10t\/#primaryimage"},"thumbnailUrl":"https:\/\/www.labopolis.com\/wp-content\/uploads\/2023\/07\/73985_levenhuk-trinocular-microscope-med-10t_00.jpg","datePublished":"2023-07-10T11:40:32+00:00","dateModified":"2026-03-24T09:13:27+00:00","description":"Levenhuk MED 10T Trinokularmikroskop Eigenschaften: Ein Labormikroskop mit einer Vergr\u00f6\u00dferung von 40\u20131000x 360\u00b0 drehbarer Trinokularkopf, 30\u00b0 geneigt Antifungal beschichtete achromatische Optik 5-W-LED-Lampe unten mit Helligkeitsregelung Netzteilbetrieben Lieferumfang: Mikroskopstativ und -fu\u00df 360\u00b0 drehbarer Trinokularkopf Achromatische Objektivlinsen: 4x, 10x, 40xs, 100xs (\u00d6limmersion) mit Antifungal Beschichtung Weitfeld-Okulare: WF10x \/ 18 mm mit Antifungal Beschichtung (2 Stck.) Abbe-N.A. 1,25 Kondensor mit Irisblende und Filterhalter Filter: blau, gr\u00fcn, gelb \u00d6l-Immersionsfl\u00fcssigkeit Ersatzsicherung (2 Stck.) Netzkabel f\u00fcr Mikroskop Schutzh\u00fclle Kameraadapter Bedienungsanleitung und lebenslange Garantie","breadcrumb":{"@id":"https:\/\/www.labopolis.com\/producto\/microscopio-trinocular-levenhuk-med-10t\/#breadcrumb"},"inLanguage":"de","potentialAction":[{"@type":"ReadAction","target":["https:\/\/www.labopolis.com\/producto\/microscopio-trinocular-levenhuk-med-10t\/"]}]},{"@type":"ImageObject","inLanguage":"de","@id":"https:\/\/www.labopolis.com\/producto\/microscopio-trinocular-levenhuk-med-10t\/#primaryimage","url":"https:\/\/www.labopolis.com\/wp-content\/uploads\/2023\/07\/73985_levenhuk-trinocular-microscope-med-10t_00.jpg","contentUrl":"https:\/\/www.labopolis.com\/wp-content\/uploads\/2023\/07\/73985_levenhuk-trinocular-microscope-med-10t_00.jpg","width":1421,"height":2000,"caption":"Producto"},{"@type":"BreadcrumbList","@id":"https:\/\/www.labopolis.com\/producto\/microscopio-trinocular-levenhuk-med-10t\/#breadcrumb","itemListElement":[{"@type":"ListItem","position":1,"name":"Portada","item":"https:\/\/www.labopolis.com\/"},{"@type":"ListItem","position":2,"name":"Productos","item":"https:\/\/www.labopolis.com\/shop\/"},{"@type":"ListItem","position":3,"name":"Microscopio trinocular Levenhuk MED 10T"}]},{"@type":"WebSite","@id":"https:\/\/www.labopolis.com\/#website","url":"https:\/\/www.labopolis.com\/","name":"Labopolis","description":"","potentialAction":[{"@type":"SearchAction","target":{"@type":"EntryPoint","urlTemplate":"https:\/\/www.labopolis.com\/?s={search_term_string}"},"query-input":{"@type":"PropertyValueSpecification","valueRequired":true,"valueName":"search_term_string"}}],"inLanguage":"de"}]}},"_links":{"self":[{"href":"https:\/\/www.labopolis.com\/de\/wp-json\/wp\/v2\/product\/2702","targetHints":{"allow":["GET"]}}],"collection":[{"href":"https:\/\/www.labopolis.com\/de\/wp-json\/wp\/v2\/product"}],"about":[{"href":"https:\/\/www.labopolis.com\/de\/wp-json\/wp\/v2\/types\/product"}],"replies":[{"embeddable":true,"href":"https:\/\/www.labopolis.com\/de\/wp-json\/wp\/v2\/comments?post=2702"}],"wp:featuredmedia":[{"embeddable":true,"href":"https:\/\/www.labopolis.com\/de\/wp-json\/wp\/v2\/media\/2730"}],"wp:attachment":[{"href":"https:\/\/www.labopolis.com\/de\/wp-json\/wp\/v2\/media?parent=2702"}],"wp:term":[{"taxonomy":"product_brand","embeddable":true,"href":"https:\/\/www.labopolis.com\/de\/wp-json\/wp\/v2\/product_brand?post=2702"},{"taxonomy":"product_cat","embeddable":true,"href":"https:\/\/www.labopolis.com\/de\/wp-json\/wp\/v2\/product_cat?post=2702"},{"taxonomy":"product_tag","embeddable":true,"href":"https:\/\/www.labopolis.com\/de\/wp-json\/wp\/v2\/product_tag?post=2702"}],"curies":[{"name":"wp","href":"https:\/\/api.w.org\/{rel}","templated":true}]}}