{"id":2699,"date":"2023-07-10T11:40:31","date_gmt":"2023-07-10T11:40:31","guid":{"rendered":"https:\/\/www.labopolis.com\/?post_type=product&#038;p=2699"},"modified":"2026-03-24T09:16:42","modified_gmt":"2026-03-24T09:16:42","slug":"microscopio-biologico-monocular-levenhuk-320-plus","status":"publish","type":"product","link":"https:\/\/www.labopolis.com\/de\/produkt\/microscopio-biologico-monocular-levenhuk-320-plus\/","title":{"rendered":"Levenhuk 320 PLUS Monokulares biologisches Mikroskop"},"content":{"rendered":"<p>Das Mikroskop Levenhuk 320 PLUS ist ein Labormodell f\u00fcr professionelle mikroskopische Beobachtungen. Es eignet sich f\u00fcr morphologische, h\u00e4matologische, biochemische und andere Untersuchungen in Laboren medizinischer Einrichtungen und Wissenschafts- und Forschungszentren. Universit\u00e4tsprofessoren k\u00f6nnen das Levenhuk 320 PLUS Mikroskop zu Lehrzwecken f\u00fcr Studenten medizinischer Fachbereiche einsetzen.<\/p>\n<p>Das Mikroskop hat achromatische Linsen, die ein scharfes, detailliertes und kontrastreiches Bild ohne optische Aberrationen liefern. Die im Lieferumfang des Mikroskops enthaltenen Okulare bieten ein breites, flaches Sichtfeld zur Beobachtung gro\u00dfer Objekte mit komplizierter Struktur. Der Kopf des monokularen Mikroskops kann um 360\u00b0 gedreht werden. Der Vergr\u00f6\u00dferungsbereich betr\u00e4gt 40-1600x. Eine Flasche mit Immersions\u00f6l zur Verwendung mit dem 100x-Objektiv ist im Kit enthalten.<\/p>\n<p>Die zu beobachtenden Proben werden auf einem Tisch befestigt. Der Tisch kann in zwei Achsen bewegt werden. Ein mechanisches Mikrometer dient zur genauen Positionierung der Proben unter dem Objektiv. Die Sch\u00e4rfeeinstellung erfolgt \u00fcber einen koaxialen Mechanismus f\u00fcr Grob- und Feineinstellung.<\/p>\n<p>Die Proben werden mit einer unteren LED-Beleuchtung beleuchtet, deren Helligkeit einstellbar ist. Der optische Strahl wird durch einen Abbe-Kondensor geleitet. Mit der Irisblende des Kondensors kann die Helligkeit eingestellt werden. Der Bausatz enth\u00e4lt Lichtfilter, die den Kontrast und die Sch\u00e4rfe des beobachteten Bildes verbessern. Die Beleuchtung wird \u00fcber ein Wechselstromnetzteil und wiederaufladbare Batterien (im Kit enthalten) betrieben. Eine Akkuladung reicht f\u00fcr 10 Stunden Dauerbetrieb. Daher k\u00f6nnen Sie das Levenhuk 320 PLUS Mikroskop auch unterwegs, auf Expeditionen und Seminaren verwenden.<\/p>\n<p><strong>Merkmale:<\/strong><\/p>\n<ul class=\"vikas-list-u\">\n<li>Drehbarer monokularer Kopf<\/li>\n<li>Vergr\u00f6\u00dferung: 40-1600x<\/li>\n<li>Achromatische Weitwinkelobjektive<\/li>\n<li>0,75-Watt-LED-Beleuchtung mit Helligkeitseinstellung<\/li>\n<li>AC-Netzteil oder wiederaufladbare Batterien<\/li>\n<li>Die Ladezeit des Akkus betr\u00e4gt etwa 10 Stunden.<\/li>\n<\/ul>\n<p><strong>Der Bausatz enth\u00e4lt:<\/strong><\/p>\n<ul class=\"vikas-list-u\">\n<li>Mikroskop<\/li>\n<li>Achromatische Objektive: 4x, 10x, 40x und 100x (\u00d6limmersion)<\/li>\n<li>Weitwinkelokulare mit Zeiger: WF10x und WF16x<\/li>\n<li>Filter: blau, gr\u00fcn, gelb<\/li>\n<li>Immersions\u00f6lflasche<\/li>\n<li>AC-Adapter<\/li>\n<li>Wiederaufladbare AA-Batterien (3 St\u00fcck)<\/li>\n<li>Schutzh\u00fclle<\/li>\n<li>Benutzerhandbuch und lebenslange Garantie<\/li>\n<\/ul>","protected":false},"excerpt":{"rendered":"<p class=\"product-page-title\"><strong>Levenhuk 320 PLUS Monokulares biologisches Mikroskop<\/strong><\/p>\n<p><strong>Merkmale: <\/strong>Drehbarer Monokularkopf, Vergr\u00f6\u00dferung: 40-1600x, achromatische Weitwinkellinse, 0,75 Watt LED-Beleuchtung mit Helligkeitsregulierung, Netz- oder Akkubetrieb, Akkuladezeit ca. 10 Stunden.<\/p>\n<p><strong>Der Bausatz enth\u00e4lt: <\/strong>Mikroskop, achromatische Objektive: 4x, 10x, 40x und 100x (\u00d6limmersion), Weitwinkelokulare mit Zeiger: WF10x und WF16x, Filter: blau, gr\u00fcn, gelb, Immersions\u00f6lflasche, AC-Adapter, wiederaufladbare AA-Batterien (3 St\u00fcck), Schutzh\u00fclle, Benutzerhandbuch und lebenslange Garantie.<\/p>","protected":false},"featured_media":2726,"comment_status":"open","ping_status":"closed","template":"","meta":[],"product_brand":[],"product_cat":[23,160,165],"product_tag":[],"class_list":{"0":"post-2699","1":"product","2":"type-product","3":"status-publish","4":"has-post-thumbnail","6":"product_cat-laboratorio","7":"product_cat-microscopios","8":"product_cat-microscopios-educacion","10":"first","11":"instock","12":"taxable","13":"shipping-taxable","14":"purchasable","15":"product-type-simple"},"yoast_head":"<!-- This site is optimized with the Yoast SEO plugin v27.2 - https:\/\/yoast.com\/product\/yoast-seo-wordpress\/ -->\n<title>Microscopio biol\u00f3gico monocular Levenhuk 320 PLUS - Labopolis<\/title>\n<meta name=\"description\" content=\"Microscopio biol\u00f3gico monocular Levenhuk 320 PLUS Caracter\u00edsticas: Cabezal monocular rotatorio, ampliaci\u00f3n: 40\u20131600x, lentes de gran angular acrom\u00e1ticos, iluminaci\u00f3n LED de 0,75 vatios con ajuste del brillo, alimentaci\u00f3n por corriente alterna o pilas recargables, el tiempo de carga de la pila es 10 horas aproximadamente.  El kit incluye: Microscopio, objetivos acrom\u00e1ticos: 4x, 10x, 40x y 100x (inmersi\u00f3n en aceite), oculares de gran angular con puntero: WF10x y WF16x, filtros: azul, verde, amarillo, botella de aceite de inmersi\u00f3n, adaptador de CA, pilas AA recargables (3 unidades), cubierta protectora, manual de usuario y garant\u00eda de por vida.\" \/>\n<meta name=\"robots\" content=\"index, follow, max-snippet:-1, max-image-preview:large, max-video-preview:-1\" \/>\n<link rel=\"canonical\" href=\"https:\/\/www.labopolis.com\/de\/produkt\/microscopio-biologico-monocular-levenhuk-320-plus\/\" \/>\n<meta property=\"og:locale\" content=\"de_DE\" \/>\n<meta property=\"og:type\" content=\"article\" \/>\n<meta property=\"og:title\" content=\"Microscopio biol\u00f3gico monocular Levenhuk 320 PLUS - Labopolis\" \/>\n<meta property=\"og:description\" content=\"Microscopio biol\u00f3gico monocular Levenhuk 320 PLUS Caracter\u00edsticas: Cabezal monocular rotatorio, ampliaci\u00f3n: 40\u20131600x, lentes de gran angular acrom\u00e1ticos, iluminaci\u00f3n LED de 0,75 vatios con ajuste del brillo, alimentaci\u00f3n por corriente alterna o pilas recargables, el tiempo de carga de la pila es 10 horas aproximadamente.  El kit incluye: Microscopio, objetivos acrom\u00e1ticos: 4x, 10x, 40x y 100x (inmersi\u00f3n en aceite), oculares de gran angular con puntero: WF10x y WF16x, filtros: azul, verde, amarillo, botella de aceite de inmersi\u00f3n, adaptador de CA, pilas AA recargables (3 unidades), cubierta protectora, manual de usuario y garant\u00eda de por vida.\" \/>\n<meta property=\"og:url\" content=\"https:\/\/www.labopolis.com\/de\/produkt\/microscopio-biologico-monocular-levenhuk-320-plus\/\" \/>\n<meta property=\"og:site_name\" content=\"Labopolis\" \/>\n<meta property=\"article:publisher\" content=\"https:\/\/www.facebook.com\/profile.php?id=100063251679439\" \/>\n<meta property=\"article:modified_time\" content=\"2026-03-24T09:16:42+00:00\" \/>\n<meta property=\"og:image\" content=\"https:\/\/www.labopolis.com\/wp-content\/uploads\/2023\/07\/73795_microscope-levenhuk-320-plus_00.jpg\" \/>\n\t<meta property=\"og:image:width\" content=\"1150\" \/>\n\t<meta property=\"og:image:height\" content=\"2000\" \/>\n\t<meta property=\"og:image:type\" content=\"image\/jpeg\" \/>\n<meta name=\"twitter:card\" content=\"summary_large_image\" \/>\n<meta name=\"twitter:site\" content=\"@Labopolis\" \/>\n<meta name=\"twitter:label1\" content=\"Gesch\u00e4tzte Lesezeit\" \/>\n\t<meta name=\"twitter:data1\" content=\"2\u00a0Minuten\" \/>\n<script type=\"application\/ld+json\" class=\"yoast-schema-graph\">{\"@context\":\"https:\/\/schema.org\",\"@graph\":[{\"@type\":\"WebPage\",\"@id\":\"https:\/\/www.labopolis.com\/producto\/microscopio-biologico-monocular-levenhuk-320-plus\/\",\"url\":\"https:\/\/www.labopolis.com\/producto\/microscopio-biologico-monocular-levenhuk-320-plus\/\",\"name\":\"Microscopio biol\u00f3gico monocular Levenhuk 320 PLUS - Labopolis\",\"isPartOf\":{\"@id\":\"https:\/\/www.labopolis.com\/#website\"},\"primaryImageOfPage\":{\"@id\":\"https:\/\/www.labopolis.com\/producto\/microscopio-biologico-monocular-levenhuk-320-plus\/#primaryimage\"},\"image\":{\"@id\":\"https:\/\/www.labopolis.com\/producto\/microscopio-biologico-monocular-levenhuk-320-plus\/#primaryimage\"},\"thumbnailUrl\":\"https:\/\/www.labopolis.com\/wp-content\/uploads\/2023\/07\/73795_microscope-levenhuk-320-plus_00.jpg\",\"datePublished\":\"2023-07-10T11:40:31+00:00\",\"dateModified\":\"2026-03-24T09:16:42+00:00\",\"description\":\"Microscopio biol\u00f3gico monocular Levenhuk 320 PLUS Caracter\u00edsticas: Cabezal monocular rotatorio, ampliaci\u00f3n: 40\u20131600x, lentes de gran angular acrom\u00e1ticos, iluminaci\u00f3n LED de 0,75 vatios con ajuste del brillo, alimentaci\u00f3n por corriente alterna o pilas recargables, el tiempo de carga de la pila es 10 horas aproximadamente. El kit incluye: Microscopio, objetivos acrom\u00e1ticos: 4x, 10x, 40x y 100x (inmersi\u00f3n en aceite), oculares de gran angular con puntero: WF10x y WF16x, filtros: azul, verde, amarillo, botella de aceite de inmersi\u00f3n, adaptador de CA, pilas AA recargables (3 unidades), cubierta protectora, manual de usuario y garant\u00eda de por vida.\",\"breadcrumb\":{\"@id\":\"https:\/\/www.labopolis.com\/producto\/microscopio-biologico-monocular-levenhuk-320-plus\/#breadcrumb\"},\"inLanguage\":\"de\",\"potentialAction\":[{\"@type\":\"ReadAction\",\"target\":[\"https:\/\/www.labopolis.com\/producto\/microscopio-biologico-monocular-levenhuk-320-plus\/\"]}]},{\"@type\":\"ImageObject\",\"inLanguage\":\"de\",\"@id\":\"https:\/\/www.labopolis.com\/producto\/microscopio-biologico-monocular-levenhuk-320-plus\/#primaryimage\",\"url\":\"https:\/\/www.labopolis.com\/wp-content\/uploads\/2023\/07\/73795_microscope-levenhuk-320-plus_00.jpg\",\"contentUrl\":\"https:\/\/www.labopolis.com\/wp-content\/uploads\/2023\/07\/73795_microscope-levenhuk-320-plus_00.jpg\",\"width\":1150,\"height\":2000,\"caption\":\"Producto\"},{\"@type\":\"BreadcrumbList\",\"@id\":\"https:\/\/www.labopolis.com\/producto\/microscopio-biologico-monocular-levenhuk-320-plus\/#breadcrumb\",\"itemListElement\":[{\"@type\":\"ListItem\",\"position\":1,\"name\":\"Portada\",\"item\":\"https:\/\/www.labopolis.com\/\"},{\"@type\":\"ListItem\",\"position\":2,\"name\":\"Productos\",\"item\":\"https:\/\/www.labopolis.com\/shop\/\"},{\"@type\":\"ListItem\",\"position\":3,\"name\":\"Microscopio biol\u00f3gico monocular Levenhuk 320 PLUS\"}]},{\"@type\":\"WebSite\",\"@id\":\"https:\/\/www.labopolis.com\/#website\",\"url\":\"https:\/\/www.labopolis.com\/\",\"name\":\"Labopolis\",\"description\":\"\",\"potentialAction\":[{\"@type\":\"SearchAction\",\"target\":{\"@type\":\"EntryPoint\",\"urlTemplate\":\"https:\/\/www.labopolis.com\/?s={search_term_string}\"},\"query-input\":{\"@type\":\"PropertyValueSpecification\",\"valueRequired\":true,\"valueName\":\"search_term_string\"}}],\"inLanguage\":\"de\"}]}<\/script>\n<!-- \/ Yoast SEO plugin. -->","yoast_head_json":{"title":"Microscopio biol\u00f3gico monocular Levenhuk 320 PLUS - Labopolis","description":"Microscopio biol\u00f3gico monocular Levenhuk 320 PLUS Caracter\u00edsticas: Cabezal monocular rotatorio, ampliaci\u00f3n: 40\u20131600x, lentes de gran angular acrom\u00e1ticos, iluminaci\u00f3n LED de 0,75 vatios con ajuste del brillo, alimentaci\u00f3n por corriente alterna o pilas recargables, el tiempo de carga de la pila es 10 horas aproximadamente.  El kit incluye: Microscopio, objetivos acrom\u00e1ticos: 4x, 10x, 40x y 100x (inmersi\u00f3n en aceite), oculares de gran angular con puntero: WF10x y WF16x, filtros: azul, verde, amarillo, botella de aceite de inmersi\u00f3n, adaptador de CA, pilas AA recargables (3 unidades), cubierta protectora, manual de usuario y garant\u00eda de por vida.","robots":{"index":"index","follow":"follow","max-snippet":"max-snippet:-1","max-image-preview":"max-image-preview:large","max-video-preview":"max-video-preview:-1"},"canonical":"https:\/\/www.labopolis.com\/de\/produkt\/microscopio-biologico-monocular-levenhuk-320-plus\/","og_locale":"de_DE","og_type":"article","og_title":"Microscopio biol\u00f3gico monocular Levenhuk 320 PLUS - Labopolis","og_description":"Microscopio biol\u00f3gico monocular Levenhuk 320 PLUS Caracter\u00edsticas: Cabezal monocular rotatorio, ampliaci\u00f3n: 40\u20131600x, lentes de gran angular acrom\u00e1ticos, iluminaci\u00f3n LED de 0,75 vatios con ajuste del brillo, alimentaci\u00f3n por corriente alterna o pilas recargables, el tiempo de carga de la pila es 10 horas aproximadamente.  El kit incluye: Microscopio, objetivos acrom\u00e1ticos: 4x, 10x, 40x y 100x (inmersi\u00f3n en aceite), oculares de gran angular con puntero: WF10x y WF16x, filtros: azul, verde, amarillo, botella de aceite de inmersi\u00f3n, adaptador de CA, pilas AA recargables (3 unidades), cubierta protectora, manual de usuario y garant\u00eda de por vida.","og_url":"https:\/\/www.labopolis.com\/de\/produkt\/microscopio-biologico-monocular-levenhuk-320-plus\/","og_site_name":"Labopolis","article_publisher":"https:\/\/www.facebook.com\/profile.php?id=100063251679439","article_modified_time":"2026-03-24T09:16:42+00:00","og_image":[{"width":1150,"height":2000,"url":"https:\/\/www.labopolis.com\/wp-content\/uploads\/2023\/07\/73795_microscope-levenhuk-320-plus_00.jpg","type":"image\/jpeg"}],"twitter_card":"summary_large_image","twitter_site":"@Labopolis","twitter_misc":{"Gesch\u00e4tzte Lesezeit":"2\u00a0Minuten"},"schema":{"@context":"https:\/\/schema.org","@graph":[{"@type":"WebPage","@id":"https:\/\/www.labopolis.com\/producto\/microscopio-biologico-monocular-levenhuk-320-plus\/","url":"https:\/\/www.labopolis.com\/producto\/microscopio-biologico-monocular-levenhuk-320-plus\/","name":"Microscopio biol\u00f3gico monocular Levenhuk 320 PLUS - Labopolis","isPartOf":{"@id":"https:\/\/www.labopolis.com\/#website"},"primaryImageOfPage":{"@id":"https:\/\/www.labopolis.com\/producto\/microscopio-biologico-monocular-levenhuk-320-plus\/#primaryimage"},"image":{"@id":"https:\/\/www.labopolis.com\/producto\/microscopio-biologico-monocular-levenhuk-320-plus\/#primaryimage"},"thumbnailUrl":"https:\/\/www.labopolis.com\/wp-content\/uploads\/2023\/07\/73795_microscope-levenhuk-320-plus_00.jpg","datePublished":"2023-07-10T11:40:31+00:00","dateModified":"2026-03-24T09:16:42+00:00","description":"Microscopio biol\u00f3gico monocular Levenhuk 320 PLUS Caracter\u00edsticas: Cabezal monocular rotatorio, ampliaci\u00f3n: 40\u20131600x, lentes de gran angular acrom\u00e1ticos, iluminaci\u00f3n LED de 0,75 vatios con ajuste del brillo, alimentaci\u00f3n por corriente alterna o pilas recargables, el tiempo de carga de la pila es 10 horas aproximadamente. El kit incluye: Microscopio, objetivos acrom\u00e1ticos: 4x, 10x, 40x y 100x (inmersi\u00f3n en aceite), oculares de gran angular con puntero: WF10x y WF16x, filtros: azul, verde, amarillo, botella de aceite de inmersi\u00f3n, adaptador de CA, pilas AA recargables (3 unidades), cubierta protectora, manual de usuario y garant\u00eda de por vida.","breadcrumb":{"@id":"https:\/\/www.labopolis.com\/producto\/microscopio-biologico-monocular-levenhuk-320-plus\/#breadcrumb"},"inLanguage":"de","potentialAction":[{"@type":"ReadAction","target":["https:\/\/www.labopolis.com\/producto\/microscopio-biologico-monocular-levenhuk-320-plus\/"]}]},{"@type":"ImageObject","inLanguage":"de","@id":"https:\/\/www.labopolis.com\/producto\/microscopio-biologico-monocular-levenhuk-320-plus\/#primaryimage","url":"https:\/\/www.labopolis.com\/wp-content\/uploads\/2023\/07\/73795_microscope-levenhuk-320-plus_00.jpg","contentUrl":"https:\/\/www.labopolis.com\/wp-content\/uploads\/2023\/07\/73795_microscope-levenhuk-320-plus_00.jpg","width":1150,"height":2000,"caption":"Producto"},{"@type":"BreadcrumbList","@id":"https:\/\/www.labopolis.com\/producto\/microscopio-biologico-monocular-levenhuk-320-plus\/#breadcrumb","itemListElement":[{"@type":"ListItem","position":1,"name":"Portada","item":"https:\/\/www.labopolis.com\/"},{"@type":"ListItem","position":2,"name":"Productos","item":"https:\/\/www.labopolis.com\/shop\/"},{"@type":"ListItem","position":3,"name":"Microscopio biol\u00f3gico monocular Levenhuk 320 PLUS"}]},{"@type":"WebSite","@id":"https:\/\/www.labopolis.com\/#website","url":"https:\/\/www.labopolis.com\/","name":"Labopolis","description":"","potentialAction":[{"@type":"SearchAction","target":{"@type":"EntryPoint","urlTemplate":"https:\/\/www.labopolis.com\/?s={search_term_string}"},"query-input":{"@type":"PropertyValueSpecification","valueRequired":true,"valueName":"search_term_string"}}],"inLanguage":"de"}]}},"_links":{"self":[{"href":"https:\/\/www.labopolis.com\/de\/wp-json\/wp\/v2\/product\/2699","targetHints":{"allow":["GET"]}}],"collection":[{"href":"https:\/\/www.labopolis.com\/de\/wp-json\/wp\/v2\/product"}],"about":[{"href":"https:\/\/www.labopolis.com\/de\/wp-json\/wp\/v2\/types\/product"}],"replies":[{"embeddable":true,"href":"https:\/\/www.labopolis.com\/de\/wp-json\/wp\/v2\/comments?post=2699"}],"wp:featuredmedia":[{"embeddable":true,"href":"https:\/\/www.labopolis.com\/de\/wp-json\/wp\/v2\/media\/2726"}],"wp:attachment":[{"href":"https:\/\/www.labopolis.com\/de\/wp-json\/wp\/v2\/media?parent=2699"}],"wp:term":[{"taxonomy":"product_brand","embeddable":true,"href":"https:\/\/www.labopolis.com\/de\/wp-json\/wp\/v2\/product_brand?post=2699"},{"taxonomy":"product_cat","embeddable":true,"href":"https:\/\/www.labopolis.com\/de\/wp-json\/wp\/v2\/product_cat?post=2699"},{"taxonomy":"product_tag","embeddable":true,"href":"https:\/\/www.labopolis.com\/de\/wp-json\/wp\/v2\/product_tag?post=2699"}],"curies":[{"name":"wp","href":"https:\/\/api.w.org\/{rel}","templated":true}]}}