{"id":2694,"date":"2023-07-10T11:40:31","date_gmt":"2023-07-10T11:40:31","guid":{"rendered":"https:\/\/www.labopolis.com\/?post_type=product&#038;p=2694"},"modified":"2025-04-30T12:32:57","modified_gmt":"2025-04-30T12:32:57","slug":"microscopio-digital-levenhuk-dtx-30","status":"publish","type":"product","link":"https:\/\/www.labopolis.com\/de\/produkt\/microscopio-digital-levenhuk-dtx-30\/","title":{"rendered":"Levenhuk DTX 30 Digitalmikroskop"},"content":{"rendered":"<p>Das Levenhuk DTX 30 Digitalmikroskop ist ein modernes USB-Digitalmikroskop, das eine Vergr\u00f6\u00dferung im Bereich von 20-230x bietet und mit einer 2-Mpx-Kamera ausgestattet ist, mit der Sie Fotos und Videos von den beobachteten Proben aufnehmen k\u00f6nnen. Dieses Modell kann in vielen Bereichen eingesetzt werden: Elektronik, Schmuck, Biologie, Zoologie und mehr.<\/p>\n<p>Das Mikroskop wird \u00fcber ein Standard-USB-2.0-Kabel an einen PC oder Laptop angeschlossen. Die Beobachtung der Proben und die Bearbeitung der aufgenommenen Bilder erfolgt mit der im Kit enthaltenen, einfach zu bedienenden Bearbeitungssoftware. Diese Software verf\u00fcgt \u00fcber eine intuitive Benutzeroberfl\u00e4che: Auf der Hauptsymbolleiste befinden sich Schaltfl\u00e4chen zum Bearbeiten von Bildern und Videos, zum Drucken von Bildern, zum Speichern von Projekten auf der Festplatte und viele andere Funktionen. Das Programm enth\u00e4lt auch Mess- und Kalibrierungsfunktionen, mit denen Sie die L\u00e4nge, den Umfang, den Radius oder den Durchmesser der beobachteten Proben bestimmen und verschiedene Winkel messen k\u00f6nnen.<\/p>\n<p>Das Levenhuk DTX 30 ist sehr einfach zu bedienen und erfordert keine besonderen Kenntnisse oder F\u00e4higkeiten. Aufgrund seiner kompakten Gr\u00f6\u00dfe ist dieses Mikroskop sehr gut f\u00fcr den Heimgebrauch geeignet. F\u00fcr noch effizienteres Arbeiten empfiehlt es sich, das Mikroskop auf einem Stativ zu montieren (im Lieferumfang enthalten).<\/p>\n<p>Das Geh\u00e4use des Mikroskops ist mit Gummi verst\u00e4rkt, so dass es sich angenehm anf\u00fchlt und gut in der Hand liegt und nicht aus der Hand rutscht.<\/p>\n<p><b>Merkmale:<\/b><\/p>\n<ul class=\"vikas-list-u\">\n<li>USB-Digitalmikroskop<\/li>\n<li>8 wei\u00dfe LEDs mit einstellbarer Helligkeit<\/li>\n<li>Echtzeit-Beobachtungen auf Ihrem PC-Bildschirm<\/li>\n<li>M\u00f6glichkeit zur Aufnahme von Fotos und Videos<\/li>\n<li>Enth\u00e4lt eine spezielle Software zur Messung von linearen Abst\u00e4nden, Fl\u00e4chen, Winkeln und Radien der untersuchten Proben.<\/li>\n<li>Breites Spektrum von Anwendungen<\/li>\n<li>Benutzerfreundlichkeit<\/li>\n<li>Kompatibel mit Windows 7\/8\/10, Mac 10.6~10.15<\/li>\n<\/ul>\n<p><b>Der Bausatz enth\u00e4lt:<\/b><\/p>\n<ul class=\"vikas-list-u\">\n<li>Levenhuk DTX 30 Digitalmikroskop<\/li>\n<li>Stativ<\/li>\n<li>Kunststoffschutzkappe f\u00fcr die Objektivlinse<\/li>\n<li>Installations-CD<\/li>\n<li>USB-Kabel<\/li>\n<li>Gebrauchsanweisung und lebenslange Garantie<\/li>\n<\/ul>\n<p><b>Empfehlungen f\u00fcr den Einsatz der Software.<\/b><br \/>\nDamit das Programm ordnungsgem\u00e4\u00df funktioniert, starten Sie die installierte Anwendung nur, wenn das Mikroskop an den PC angeschlossen und f\u00fcr Beobachtungen bereit ist.<\/p>\n<p>Das Digitalmikroskop Levenhuk DTX 30 ist nicht mit externen Digitalkameras kompatibel.<\/p>","protected":false},"excerpt":{"rendered":"<p class=\"product-page-title\"><strong>Levenhuk DTX 30 Digitalmikroskop<\/strong><\/p>\n<p><b>Merkmale: <\/b>USB-Digitalmikroskop, 8 wei\u00dfe LEDs mit einstellbarer Helligkeit, Beobachtungen in Echtzeit auf dem PC-Bildschirm, M\u00f6glichkeit zur Aufnahme von Fotos und Videos, enth\u00e4lt spezielle Software zur Messung von linearen Abst\u00e4nden, Fl\u00e4chen, Winkeln und Radien der untersuchten Proben, breite Palette von Anwendungen, einfach zu bedienen, kompatibel mit Windows 7\/8\/10, Mac 10.6~10.15.<\/p>\n<p><b>Der Bausatz enth\u00e4lt: <\/b>Levenhuk DTX 30 Digitalmikroskop, Stativ, Kunststoff-Objektivabdeckung, Installations-CD, USB-Kabel, Bedienungsanleitung und lebenslange Garantie.<\/p>","protected":false},"featured_media":2716,"comment_status":"open","ping_status":"closed","template":"","meta":[],"product_brand":[],"product_cat":[23,160,165],"product_tag":[],"class_list":{"0":"post-2694","1":"product","2":"type-product","3":"status-publish","4":"has-post-thumbnail","6":"product_cat-laboratorio","7":"product_cat-microscopios","8":"product_cat-microscopios-educacion","10":"first","11":"instock","12":"taxable","13":"shipping-taxable","14":"purchasable","15":"product-type-simple"},"yoast_head":"<!-- This site is optimized with the Yoast SEO plugin v27.2 - https:\/\/yoast.com\/product\/yoast-seo-wordpress\/ -->\n<title>Microscopio digital Levenhuk DTX 30 - Labopolis<\/title>\n<meta name=\"description\" content=\"Microscopio digital Levenhuk DTX 30 Caracter\u00edsticas: Microscopio digital USB, 8 LEDs blancos con brillo ajustable, observaciones en tiempo real en la pantalla de su PC, posibilidad de tomar fotos y v\u00eddeos, incluye un software especial para medir distancias lineares, \u00e1reas, \u00e1ngulos y radios de muestras estudiadas, amplio rango de aplicaciones, facilidad de uso, compatible con Windows 7\/8\/10, Mac 10.6~10.15.  El kit incluye: Microscopio digital Levenhuk DTX 30, tr\u00edpode, tapa protectora de pl\u00e1stico para la lente del objetivo, CD de instalaci\u00f3n, cable USB, manual de instrucciones y garant\u00eda de por vida.\" \/>\n<meta name=\"robots\" content=\"index, follow, max-snippet:-1, max-image-preview:large, max-video-preview:-1\" \/>\n<link rel=\"canonical\" href=\"https:\/\/www.labopolis.com\/de\/produkt\/microscopio-digital-levenhuk-dtx-30\/\" \/>\n<meta property=\"og:locale\" content=\"de_DE\" \/>\n<meta property=\"og:type\" content=\"article\" \/>\n<meta property=\"og:title\" content=\"Microscopio digital Levenhuk DTX 30 - Labopolis\" \/>\n<meta property=\"og:description\" content=\"Microscopio digital Levenhuk DTX 30 Caracter\u00edsticas: Microscopio digital USB, 8 LEDs blancos con brillo ajustable, observaciones en tiempo real en la pantalla de su PC, posibilidad de tomar fotos y v\u00eddeos, incluye un software especial para medir distancias lineares, \u00e1reas, \u00e1ngulos y radios de muestras estudiadas, amplio rango de aplicaciones, facilidad de uso, compatible con Windows 7\/8\/10, Mac 10.6~10.15.  El kit incluye: Microscopio digital Levenhuk DTX 30, tr\u00edpode, tapa protectora de pl\u00e1stico para la lente del objetivo, CD de instalaci\u00f3n, cable USB, manual de instrucciones y garant\u00eda de por vida.\" \/>\n<meta property=\"og:url\" content=\"https:\/\/www.labopolis.com\/de\/produkt\/microscopio-digital-levenhuk-dtx-30\/\" \/>\n<meta property=\"og:site_name\" content=\"Labopolis\" \/>\n<meta property=\"article:publisher\" content=\"https:\/\/www.facebook.com\/profile.php?id=100063251679439\" \/>\n<meta property=\"article:modified_time\" content=\"2025-04-30T12:32:57+00:00\" \/>\n<meta property=\"og:image\" content=\"https:\/\/www.labopolis.com\/wp-content\/uploads\/2023\/07\/levenhuk-microscope-dtx-30.jpg\" \/>\n\t<meta property=\"og:image:width\" content=\"1000\" \/>\n\t<meta property=\"og:image:height\" content=\"867\" \/>\n\t<meta property=\"og:image:type\" content=\"image\/jpeg\" \/>\n<meta name=\"twitter:card\" content=\"summary_large_image\" \/>\n<meta name=\"twitter:site\" content=\"@Labopolis\" \/>\n<meta name=\"twitter:label1\" content=\"Gesch\u00e4tzte Lesezeit\" \/>\n\t<meta name=\"twitter:data1\" content=\"2\u00a0Minuten\" \/>\n<script type=\"application\/ld+json\" class=\"yoast-schema-graph\">{\"@context\":\"https:\/\/schema.org\",\"@graph\":[{\"@type\":\"WebPage\",\"@id\":\"https:\/\/www.labopolis.com\/producto\/microscopio-digital-levenhuk-dtx-30\/\",\"url\":\"https:\/\/www.labopolis.com\/producto\/microscopio-digital-levenhuk-dtx-30\/\",\"name\":\"Microscopio digital Levenhuk DTX 30 - Labopolis\",\"isPartOf\":{\"@id\":\"https:\/\/www.labopolis.com\/#website\"},\"primaryImageOfPage\":{\"@id\":\"https:\/\/www.labopolis.com\/producto\/microscopio-digital-levenhuk-dtx-30\/#primaryimage\"},\"image\":{\"@id\":\"https:\/\/www.labopolis.com\/producto\/microscopio-digital-levenhuk-dtx-30\/#primaryimage\"},\"thumbnailUrl\":\"https:\/\/www.labopolis.com\/wp-content\/uploads\/2023\/07\/levenhuk-microscope-dtx-30.jpg\",\"datePublished\":\"2023-07-10T11:40:31+00:00\",\"dateModified\":\"2025-04-30T12:32:57+00:00\",\"description\":\"Microscopio digital Levenhuk DTX 30 Caracter\u00edsticas: Microscopio digital USB, 8 LEDs blancos con brillo ajustable, observaciones en tiempo real en la pantalla de su PC, posibilidad de tomar fotos y v\u00eddeos, incluye un software especial para medir distancias lineares, \u00e1reas, \u00e1ngulos y radios de muestras estudiadas, amplio rango de aplicaciones, facilidad de uso, compatible con Windows 7\/8\/10, Mac 10.6~10.15. El kit incluye: Microscopio digital Levenhuk DTX 30, tr\u00edpode, tapa protectora de pl\u00e1stico para la lente del objetivo, CD de instalaci\u00f3n, cable USB, manual de instrucciones y garant\u00eda de por vida.\",\"breadcrumb\":{\"@id\":\"https:\/\/www.labopolis.com\/producto\/microscopio-digital-levenhuk-dtx-30\/#breadcrumb\"},\"inLanguage\":\"de\",\"potentialAction\":[{\"@type\":\"ReadAction\",\"target\":[\"https:\/\/www.labopolis.com\/producto\/microscopio-digital-levenhuk-dtx-30\/\"]}]},{\"@type\":\"ImageObject\",\"inLanguage\":\"de\",\"@id\":\"https:\/\/www.labopolis.com\/producto\/microscopio-digital-levenhuk-dtx-30\/#primaryimage\",\"url\":\"https:\/\/www.labopolis.com\/wp-content\/uploads\/2023\/07\/levenhuk-microscope-dtx-30.jpg\",\"contentUrl\":\"https:\/\/www.labopolis.com\/wp-content\/uploads\/2023\/07\/levenhuk-microscope-dtx-30.jpg\",\"width\":1000,\"height\":867,\"caption\":\"Producto\"},{\"@type\":\"BreadcrumbList\",\"@id\":\"https:\/\/www.labopolis.com\/producto\/microscopio-digital-levenhuk-dtx-30\/#breadcrumb\",\"itemListElement\":[{\"@type\":\"ListItem\",\"position\":1,\"name\":\"Portada\",\"item\":\"https:\/\/www.labopolis.com\/\"},{\"@type\":\"ListItem\",\"position\":2,\"name\":\"Productos\",\"item\":\"https:\/\/www.labopolis.com\/shop\/\"},{\"@type\":\"ListItem\",\"position\":3,\"name\":\"Microscopio digital Levenhuk DTX 30\"}]},{\"@type\":\"WebSite\",\"@id\":\"https:\/\/www.labopolis.com\/#website\",\"url\":\"https:\/\/www.labopolis.com\/\",\"name\":\"Labopolis\",\"description\":\"\",\"potentialAction\":[{\"@type\":\"SearchAction\",\"target\":{\"@type\":\"EntryPoint\",\"urlTemplate\":\"https:\/\/www.labopolis.com\/?s={search_term_string}\"},\"query-input\":{\"@type\":\"PropertyValueSpecification\",\"valueRequired\":true,\"valueName\":\"search_term_string\"}}],\"inLanguage\":\"de\"}]}<\/script>\n<!-- \/ Yoast SEO plugin. -->","yoast_head_json":{"title":"Levenhuk DTX 30 Digitalmikroskop - Labopolis","description":"Levenhuk DTX 30 Digitalmikroskop Merkmale: USB-Digitalmikroskop, 8 wei\u00dfe LEDs mit einstellbarer Helligkeit, Echtzeit-Beobachtungen auf dem PC-Bildschirm, M\u00f6glichkeit zur Aufnahme von Fotos und Videos, enth\u00e4lt spezielle Software zur Messung von linearen Abst\u00e4nden, Fl\u00e4chen, Winkeln und Radien von untersuchten Proben, breite Palette von Anwendungen, einfache Bedienung, kompatibel mit Windows 7\/8\/10, Mac 10.6~10.15.  Im Lieferumfang enthalten: Levenhuk DTX 30 Digitalmikroskop, Stativ, Kunststoffschutzkappe f\u00fcr die Objektivlinse, Installations-CD, USB-Kabel, Bedienungsanleitung und lebenslange Garantie.","robots":{"index":"index","follow":"follow","max-snippet":"max-snippet:-1","max-image-preview":"max-image-preview:large","max-video-preview":"max-video-preview:-1"},"canonical":"https:\/\/www.labopolis.com\/de\/produkt\/microscopio-digital-levenhuk-dtx-30\/","og_locale":"de_DE","og_type":"article","og_title":"Microscopio digital Levenhuk DTX 30 - Labopolis","og_description":"Microscopio digital Levenhuk DTX 30 Caracter\u00edsticas: Microscopio digital USB, 8 LEDs blancos con brillo ajustable, observaciones en tiempo real en la pantalla de su PC, posibilidad de tomar fotos y v\u00eddeos, incluye un software especial para medir distancias lineares, \u00e1reas, \u00e1ngulos y radios de muestras estudiadas, amplio rango de aplicaciones, facilidad de uso, compatible con Windows 7\/8\/10, Mac 10.6~10.15.  El kit incluye: Microscopio digital Levenhuk DTX 30, tr\u00edpode, tapa protectora de pl\u00e1stico para la lente del objetivo, CD de instalaci\u00f3n, cable USB, manual de instrucciones y garant\u00eda de por vida.","og_url":"https:\/\/www.labopolis.com\/de\/produkt\/microscopio-digital-levenhuk-dtx-30\/","og_site_name":"Labopolis","article_publisher":"https:\/\/www.facebook.com\/profile.php?id=100063251679439","article_modified_time":"2025-04-30T12:32:57+00:00","og_image":[{"width":1000,"height":867,"url":"https:\/\/www.labopolis.com\/wp-content\/uploads\/2023\/07\/levenhuk-microscope-dtx-30.jpg","type":"image\/jpeg"}],"twitter_card":"summary_large_image","twitter_site":"@Labopolis","twitter_misc":{"Gesch\u00e4tzte Lesezeit":"2\u00a0Minuten"},"schema":{"@context":"https:\/\/schema.org","@graph":[{"@type":"WebPage","@id":"https:\/\/www.labopolis.com\/producto\/microscopio-digital-levenhuk-dtx-30\/","url":"https:\/\/www.labopolis.com\/producto\/microscopio-digital-levenhuk-dtx-30\/","name":"Levenhuk DTX 30 Digitalmikroskop - Labopolis","isPartOf":{"@id":"https:\/\/www.labopolis.com\/#website"},"primaryImageOfPage":{"@id":"https:\/\/www.labopolis.com\/producto\/microscopio-digital-levenhuk-dtx-30\/#primaryimage"},"image":{"@id":"https:\/\/www.labopolis.com\/producto\/microscopio-digital-levenhuk-dtx-30\/#primaryimage"},"thumbnailUrl":"https:\/\/www.labopolis.com\/wp-content\/uploads\/2023\/07\/levenhuk-microscope-dtx-30.jpg","datePublished":"2023-07-10T11:40:31+00:00","dateModified":"2025-04-30T12:32:57+00:00","description":"Levenhuk DTX 30 Digitalmikroskop Merkmale: USB-Digitalmikroskop, 8 wei\u00dfe LEDs mit einstellbarer Helligkeit, Echtzeit-Beobachtungen auf dem PC-Bildschirm, M\u00f6glichkeit zur Aufnahme von Fotos und Videos, enth\u00e4lt spezielle Software zur Messung von linearen Abst\u00e4nden, Fl\u00e4chen, Winkeln und Radien von untersuchten Proben, breite Palette von Anwendungen, einfache Bedienung, kompatibel mit Windows 7\/8\/10, Mac 10.6~10.15. Im Lieferumfang enthalten: Levenhuk DTX 30 Digitalmikroskop, Stativ, Kunststoffschutzkappe f\u00fcr die Objektivlinse, Installations-CD, USB-Kabel, Bedienungsanleitung und lebenslange Garantie.","breadcrumb":{"@id":"https:\/\/www.labopolis.com\/producto\/microscopio-digital-levenhuk-dtx-30\/#breadcrumb"},"inLanguage":"de","potentialAction":[{"@type":"ReadAction","target":["https:\/\/www.labopolis.com\/producto\/microscopio-digital-levenhuk-dtx-30\/"]}]},{"@type":"ImageObject","inLanguage":"de","@id":"https:\/\/www.labopolis.com\/producto\/microscopio-digital-levenhuk-dtx-30\/#primaryimage","url":"https:\/\/www.labopolis.com\/wp-content\/uploads\/2023\/07\/levenhuk-microscope-dtx-30.jpg","contentUrl":"https:\/\/www.labopolis.com\/wp-content\/uploads\/2023\/07\/levenhuk-microscope-dtx-30.jpg","width":1000,"height":867,"caption":"Producto"},{"@type":"BreadcrumbList","@id":"https:\/\/www.labopolis.com\/producto\/microscopio-digital-levenhuk-dtx-30\/#breadcrumb","itemListElement":[{"@type":"ListItem","position":1,"name":"Portada","item":"https:\/\/www.labopolis.com\/"},{"@type":"ListItem","position":2,"name":"Productos","item":"https:\/\/www.labopolis.com\/shop\/"},{"@type":"ListItem","position":3,"name":"Microscopio digital Levenhuk DTX 30"}]},{"@type":"WebSite","@id":"https:\/\/www.labopolis.com\/#website","url":"https:\/\/www.labopolis.com\/","name":"Labopolis","description":"","potentialAction":[{"@type":"SearchAction","target":{"@type":"EntryPoint","urlTemplate":"https:\/\/www.labopolis.com\/?s={search_term_string}"},"query-input":{"@type":"PropertyValueSpecification","valueRequired":true,"valueName":"search_term_string"}}],"inLanguage":"de"}]}},"_links":{"self":[{"href":"https:\/\/www.labopolis.com\/de\/wp-json\/wp\/v2\/product\/2694","targetHints":{"allow":["GET"]}}],"collection":[{"href":"https:\/\/www.labopolis.com\/de\/wp-json\/wp\/v2\/product"}],"about":[{"href":"https:\/\/www.labopolis.com\/de\/wp-json\/wp\/v2\/types\/product"}],"replies":[{"embeddable":true,"href":"https:\/\/www.labopolis.com\/de\/wp-json\/wp\/v2\/comments?post=2694"}],"wp:featuredmedia":[{"embeddable":true,"href":"https:\/\/www.labopolis.com\/de\/wp-json\/wp\/v2\/media\/2716"}],"wp:attachment":[{"href":"https:\/\/www.labopolis.com\/de\/wp-json\/wp\/v2\/media?parent=2694"}],"wp:term":[{"taxonomy":"product_brand","embeddable":true,"href":"https:\/\/www.labopolis.com\/de\/wp-json\/wp\/v2\/product_brand?post=2694"},{"taxonomy":"product_cat","embeddable":true,"href":"https:\/\/www.labopolis.com\/de\/wp-json\/wp\/v2\/product_cat?post=2694"},{"taxonomy":"product_tag","embeddable":true,"href":"https:\/\/www.labopolis.com\/de\/wp-json\/wp\/v2\/product_tag?post=2694"}],"curies":[{"name":"wp","href":"https:\/\/api.w.org\/{rel}","templated":true}]}}