{"id":2687,"date":"2023-07-10T11:40:30","date_gmt":"2023-07-10T11:40:30","guid":{"rendered":"https:\/\/www.labopolis.com\/?post_type=product&#038;p=2687"},"modified":"2025-04-30T12:35:12","modified_gmt":"2025-04-30T12:35:12","slug":"microscopios-levenhuk-rainbow-2l","status":"publish","type":"product","link":"https:\/\/www.labopolis.com\/de\/produkt\/microscopios-levenhuk-rainbow-2l\/","title":{"rendered":"LEVENHUK RAINBOW 2L Mikroskope"},"content":{"rendered":"<p>Levenhuk Rainbow 2L Serie: f\u00fcnf auff\u00e4llige Farben, hochwertige Glasoptik, ergonomisches Design und ein ausgezeichnetes Zubeh\u00f6rset - mit dem Levenhuk Rainbow 2L Mikroskop wird das Lernen zum Abenteuer! Kinder k\u00f6nnen den Mikrokosmos erforschen und selbst spannende Experimente durchf\u00fchren; viel interessanter als das Lesen schwerer Lehrb\u00fccher. Ein Kind lernt viel Neues \u00fcber Zimmerpflanzen und ihre Struktur, kann Katzenhaare untersuchen und herausfinden, wie sie sich von menschlichen Haaren unterscheiden, die verschiedenen Mikroorganismen beobachten, die in einem Tropfen Aquarienwasser leben, und viele andere spannende Dinge.<\/p>\n<p>Die Levenhuk Rainbow 2L Mikroskope haben eine 40- bis 400-fache Vergr\u00f6\u00dferung, genau das Richtige f\u00fcr Kinder, um ihre ersten Untersuchungen in der Biologie durchzuf\u00fchren. Dank der kombinierten Beleuchtung (oben und unten) eignen sich diese Mikroskope f\u00fcr die Betrachtung von transparenten, halbtransparenten und undurchsichtigen Objekten - die Vielfalt der m\u00f6glichen Proben ist so gro\u00df wie die Fantasie der jungen Forscher! Das Mikroskopgeh\u00e4use ist leicht, aus Kunststoff, aber ebenso zuverl\u00e4ssig. Jedes Levenhuk Rainbow 2L Mikroskop wird mit einem Levenhuk K50 Experimentierkasten geliefert.<\/p>\n<p>Zu dieser Reihe geh\u00f6rt auch ein digitales Mikroskopmodell, mit dem eindrucksvolle Bilder und Videos von den beobachteten Mikroorganismen erstellt werden k\u00f6nnen.<\/p>\n<p>Das Set enth\u00e4lt drei Objektive. Das Objektiv mit der h\u00f6chsten Vergr\u00f6\u00dferung (40x) ist mit einer Feder ausgestattet, die das Objektiv sch\u00fctzt. Selbst wenn Sie das Objektiv zu weit absenken und dabei die Probe ber\u00fchren, wird das Objektiv zur\u00fcckgezogen, um eine Besch\u00e4digung der Linse zu verhindern. Das Kit enth\u00e4lt auch eine 2x-Barlow-Linse, die die Vergr\u00f6\u00dferung verdoppelt. Die Standardkonfiguration des Mikroskops bietet Vergr\u00f6\u00dferungen von 64x, 128x, 160x, 320x, 640x und 1280x!<\/p>\n<p><strong>Merkmale:<\/strong><\/p>\n<ul>\n<li>Biologisches Mikroskop mit Vergr\u00f6\u00dferungen zwischen 40-400x<\/li>\n<li>Erh\u00e4ltlich in f\u00fcnf auff\u00e4lligen Farben<\/li>\n<li>Robustes, leichtes Kunststoffgeh\u00e4use<\/li>\n<li>Beleuchtung oben und unten<\/li>\n<li>Inklusive Experimentierkasten<\/li>\n<\/ul>\n<p><strong>Der Bausatz enth\u00e4lt:<\/strong><\/p>\n<ul>\n<li>Mikroskop<\/li>\n<li>Objektive: 4x, 10x und 40x<\/li>\n<li>Okular: WF10x<\/li>\n<li>Walze mit Klammern<\/li>\n<li>Tellermembran<\/li>\n<li>Kondensator<\/li>\n<li>Eingebaute LED-Beleuchtung oben und unten<\/li>\n<li>Netzadapter<\/li>\n<li>3 AA-Batterien<\/li>\n<li>Levenhuk K50 Experimentierkasten<\/li>\n<li>Gebrauchsanweisung und lebenslange Garantie<\/li>\n<\/ul>\n<p><strong>Der Levenhuk K50 Experimentierkasten enth\u00e4lt:<\/strong><\/p>\n<ul>\n<li>Benutzerhandbuch \"Faszinierendes Mikroskop. Das Studium des Mikrokosmos\".<\/li>\n<li>Pipette<\/li>\n<li>Pinzette<\/li>\n<li>Inkubator f\u00fcr Artemia-Eier<\/li>\n<li>Beh\u00e4lter mit Artemia<\/li>\n<li>Mikrotom<\/li>\n<li>Hefe-Beh\u00e4lter<\/li>\n<li>Beh\u00e4lter mit Meersalz<\/li>\n<li>Beh\u00e4lter mit Leim<\/li>\n<li>Leere Objekttr\u00e4ger aus Glas (5 St\u00fcck)<\/li>\n<li>5 Proben: Fliegenbein, Zwiebel, Baumwollst\u00e4ngel, Baumstamm-Probe, Kiefernholz-Stecklinge<\/li>\n<li>Staubschutzh\u00fclle<\/li>\n<\/ul>","protected":false},"excerpt":{"rendered":"<p><strong>LEVENHUK RAINBOW 2L Mikroskope<\/strong><\/p>\n<p><strong>Merkmale: <\/strong>Biologisches Mikroskop mit 40-400facher Vergr\u00f6\u00dferung, erh\u00e4ltlich in f\u00fcnf leuchtenden Farben, robuster und leichter Kunststoffk\u00f6rper. Beleuchtung von oben und unten. Inklusive Experimentierkasten.<\/p>\n<p><strong>Der Bausatz enth\u00e4lt: <\/strong>Mikroskop, Objektive: 4x, 10x und 40x, Okular: WF10x, Tisch mit Klemmen, Scheibenblende, Kondensor, eingebaute LED-Beleuchtung oben und unten, Netzteil, 3 AA-Batterien, Levenhuk K50 Experimentiersatz, Bedienungsanleitung und lebenslange Garantie<\/p>\n<p><strong>Der Levenhuk K50 Experimentierkasten enth\u00e4lt: <\/strong>Benutzerhandbuch \"Faszinierendes Mikroskop. Untersuchung des Mikrokosmos\", Pipette, Pinzette, Inkubator f\u00fcr Artemia-Eier, Beh\u00e4lter mit Artemia, Mikrotom, Beh\u00e4lter mit Hefe, Beh\u00e4lter mit Meersalz, Beh\u00e4lter mit Klebstoff, leere Objekttr\u00e4ger (5 St\u00fcck), 5 Proben: Fliegenbein, Zwiebel, Baumwollst\u00e4ngel, Baumstamm-Probe, Kiefernholzschnitt, Staubschutz.<\/p>","protected":false},"featured_media":2710,"comment_status":"open","ping_status":"closed","template":"","meta":[],"product_brand":[],"product_cat":[23,160,165],"product_tag":[],"class_list":{"0":"post-2687","1":"product","2":"type-product","3":"status-publish","4":"has-post-thumbnail","6":"product_cat-laboratorio","7":"product_cat-microscopios","8":"product_cat-microscopios-educacion","10":"first","11":"instock","12":"taxable","13":"shipping-taxable","14":"purchasable","15":"product-type-variable"},"yoast_head":"<!-- This site is optimized with the Yoast SEO plugin v27.2 - https:\/\/yoast.com\/product\/yoast-seo-wordpress\/ -->\n<title>Microscopios LEVENHUK RAINBOW 2L - Labopolis<\/title>\n<meta name=\"description\" content=\"Microscopios LEVENHUK RAINBOW 2L  Caracter\u00edsticas: Microscopio biol\u00f3gico con aumentos entre 40\u2013400x, disponible en cinco vistosos colores, cuerpo de pl\u00e1stico robusto y ligero. Iluminaci\u00f3n superior e inferior. Con kit de experimentos incluido  El kit incluye: Microscopio, Objetivos: 4x, 10x y 40x, ocular: WF10x, platina con clips, diafragma de disco,\u00a0 condensador, iluminaci\u00f3n LED superior e inferior incorporada, adaptador de corriente, 3 pilas AA,\u00a0 Kit de experimentos Levenhuk K50,\u00a0 Manual de instrucciones y garant\u00eda de por vida  El kit de experimentos Levenhuk K50 incluye: Manual del usuario \u201cMicroscopio fascinante. Estudio del microcosmos\u201d, pipeta, pinzas, incubadora para huevos de artemia, recipiente con artemia, micr\u00f3tomo, recipiente con levadura, recipiente con sal marina, recipiente con cola,\u00a0 portaobjetos de cristal vac\u00edos (5 unidades), 5 muestras: pata de mosca, cebolla, tallo de algod\u00f3n, muestra de tronco de \u00e1rbol, corte de madera de pino,\u00a0 funda antipolvo\" \/>\n<meta name=\"robots\" content=\"index, follow, max-snippet:-1, max-image-preview:large, max-video-preview:-1\" \/>\n<link rel=\"canonical\" href=\"https:\/\/www.labopolis.com\/de\/produkt\/microscopios-levenhuk-rainbow-2l\/\" \/>\n<meta property=\"og:locale\" content=\"de_DE\" \/>\n<meta property=\"og:type\" content=\"article\" \/>\n<meta property=\"og:title\" content=\"Microscopios LEVENHUK RAINBOW 2L - Labopolis\" \/>\n<meta property=\"og:description\" content=\"Microscopios LEVENHUK RAINBOW 2L  Caracter\u00edsticas: Microscopio biol\u00f3gico con aumentos entre 40\u2013400x, disponible en cinco vistosos colores, cuerpo de pl\u00e1stico robusto y ligero. Iluminaci\u00f3n superior e inferior. Con kit de experimentos incluido  El kit incluye: Microscopio, Objetivos: 4x, 10x y 40x, ocular: WF10x, platina con clips, diafragma de disco,\u00a0 condensador, iluminaci\u00f3n LED superior e inferior incorporada, adaptador de corriente, 3 pilas AA,\u00a0 Kit de experimentos Levenhuk K50,\u00a0 Manual de instrucciones y garant\u00eda de por vida  El kit de experimentos Levenhuk K50 incluye: Manual del usuario \u201cMicroscopio fascinante. Estudio del microcosmos\u201d, pipeta, pinzas, incubadora para huevos de artemia, recipiente con artemia, micr\u00f3tomo, recipiente con levadura, recipiente con sal marina, recipiente con cola,\u00a0 portaobjetos de cristal vac\u00edos (5 unidades), 5 muestras: pata de mosca, cebolla, tallo de algod\u00f3n, muestra de tronco de \u00e1rbol, corte de madera de pino,\u00a0 funda antipolvo\" \/>\n<meta property=\"og:url\" content=\"https:\/\/www.labopolis.com\/de\/produkt\/microscopios-levenhuk-rainbow-2l\/\" \/>\n<meta property=\"og:site_name\" content=\"Labopolis\" \/>\n<meta property=\"article:publisher\" content=\"https:\/\/www.facebook.com\/profile.php?id=100063251679439\" \/>\n<meta property=\"article:modified_time\" content=\"2025-04-30T12:35:12+00:00\" \/>\n<meta property=\"og:image\" content=\"https:\/\/www.labopolis.com\/wp-content\/uploads\/2023\/07\/LVH-microscopes-Rainbow-2L.jpg\" \/>\n\t<meta property=\"og:image:width\" content=\"1000\" \/>\n\t<meta property=\"og:image:height\" content=\"800\" \/>\n\t<meta property=\"og:image:type\" content=\"image\/jpeg\" \/>\n<meta name=\"twitter:card\" content=\"summary_large_image\" \/>\n<meta name=\"twitter:site\" content=\"@Labopolis\" \/>\n<meta name=\"twitter:label1\" content=\"Gesch\u00e4tzte Lesezeit\" \/>\n\t<meta name=\"twitter:data1\" content=\"2\u00a0Minuten\" \/>\n<script type=\"application\/ld+json\" class=\"yoast-schema-graph\">{\"@context\":\"https:\/\/schema.org\",\"@graph\":[{\"@type\":\"WebPage\",\"@id\":\"https:\/\/www.labopolis.com\/producto\/microscopios-levenhuk-rainbow-2l\/\",\"url\":\"https:\/\/www.labopolis.com\/producto\/microscopios-levenhuk-rainbow-2l\/\",\"name\":\"Microscopios LEVENHUK RAINBOW 2L - Labopolis\",\"isPartOf\":{\"@id\":\"https:\/\/www.labopolis.com\/#website\"},\"primaryImageOfPage\":{\"@id\":\"https:\/\/www.labopolis.com\/producto\/microscopios-levenhuk-rainbow-2l\/#primaryimage\"},\"image\":{\"@id\":\"https:\/\/www.labopolis.com\/producto\/microscopios-levenhuk-rainbow-2l\/#primaryimage\"},\"thumbnailUrl\":\"https:\/\/www.labopolis.com\/wp-content\/uploads\/2023\/07\/LVH-microscopes-Rainbow-2L.jpg\",\"datePublished\":\"2023-07-10T11:40:30+00:00\",\"dateModified\":\"2025-04-30T12:35:12+00:00\",\"description\":\"Microscopios LEVENHUK RAINBOW 2L Caracter\u00edsticas: Microscopio biol\u00f3gico con aumentos entre 40\u2013400x, disponible en cinco vistosos colores, cuerpo de pl\u00e1stico robusto y ligero. Iluminaci\u00f3n superior e inferior. Con kit de experimentos incluido El kit incluye: Microscopio, Objetivos: 4x, 10x y 40x, ocular: WF10x, platina con clips, diafragma de disco,\u00a0 condensador, iluminaci\u00f3n LED superior e inferior incorporada, adaptador de corriente, 3 pilas AA,\u00a0 Kit de experimentos Levenhuk K50,\u00a0 Manual de instrucciones y garant\u00eda de por vida El kit de experimentos Levenhuk K50 incluye: Manual del usuario \u201cMicroscopio fascinante. Estudio del microcosmos\u201d, pipeta, pinzas, incubadora para huevos de artemia, recipiente con artemia, micr\u00f3tomo, recipiente con levadura, recipiente con sal marina, recipiente con cola,\u00a0 portaobjetos de cristal vac\u00edos (5 unidades), 5 muestras: pata de mosca, cebolla, tallo de algod\u00f3n, muestra de tronco de \u00e1rbol, corte de madera de pino,\u00a0 funda antipolvo\",\"breadcrumb\":{\"@id\":\"https:\/\/www.labopolis.com\/producto\/microscopios-levenhuk-rainbow-2l\/#breadcrumb\"},\"inLanguage\":\"de\",\"potentialAction\":[{\"@type\":\"ReadAction\",\"target\":[\"https:\/\/www.labopolis.com\/producto\/microscopios-levenhuk-rainbow-2l\/\"]}]},{\"@type\":\"ImageObject\",\"inLanguage\":\"de\",\"@id\":\"https:\/\/www.labopolis.com\/producto\/microscopios-levenhuk-rainbow-2l\/#primaryimage\",\"url\":\"https:\/\/www.labopolis.com\/wp-content\/uploads\/2023\/07\/LVH-microscopes-Rainbow-2L.jpg\",\"contentUrl\":\"https:\/\/www.labopolis.com\/wp-content\/uploads\/2023\/07\/LVH-microscopes-Rainbow-2L.jpg\",\"width\":1000,\"height\":800,\"caption\":\"Producto\"},{\"@type\":\"BreadcrumbList\",\"@id\":\"https:\/\/www.labopolis.com\/producto\/microscopios-levenhuk-rainbow-2l\/#breadcrumb\",\"itemListElement\":[{\"@type\":\"ListItem\",\"position\":1,\"name\":\"Portada\",\"item\":\"https:\/\/www.labopolis.com\/\"},{\"@type\":\"ListItem\",\"position\":2,\"name\":\"Productos\",\"item\":\"https:\/\/www.labopolis.com\/shop\/\"},{\"@type\":\"ListItem\",\"position\":3,\"name\":\"Microscopios LEVENHUK RAINBOW 2L\"}]},{\"@type\":\"WebSite\",\"@id\":\"https:\/\/www.labopolis.com\/#website\",\"url\":\"https:\/\/www.labopolis.com\/\",\"name\":\"Labopolis\",\"description\":\"\",\"potentialAction\":[{\"@type\":\"SearchAction\",\"target\":{\"@type\":\"EntryPoint\",\"urlTemplate\":\"https:\/\/www.labopolis.com\/?s={search_term_string}\"},\"query-input\":{\"@type\":\"PropertyValueSpecification\",\"valueRequired\":true,\"valueName\":\"search_term_string\"}}],\"inLanguage\":\"de\"}]}<\/script>\n<!-- \/ Yoast SEO plugin. -->","yoast_head_json":{"title":"Microscopios LEVENHUK RAINBOW 2L - Labopolis","description":"Microscopios LEVENHUK RAINBOW 2L  Caracter\u00edsticas: Microscopio biol\u00f3gico con aumentos entre 40\u2013400x, disponible en cinco vistosos colores, cuerpo de pl\u00e1stico robusto y ligero. Iluminaci\u00f3n superior e inferior. Con kit de experimentos incluido  El kit incluye: Microscopio, Objetivos: 4x, 10x y 40x, ocular: WF10x, platina con clips, diafragma de disco,\u00a0 condensador, iluminaci\u00f3n LED superior e inferior incorporada, adaptador de corriente, 3 pilas AA,\u00a0 Kit de experimentos Levenhuk K50,\u00a0 Manual de instrucciones y garant\u00eda de por vida  El kit de experimentos Levenhuk K50 incluye: Manual del usuario \u201cMicroscopio fascinante. Estudio del microcosmos\u201d, pipeta, pinzas, incubadora para huevos de artemia, recipiente con artemia, micr\u00f3tomo, recipiente con levadura, recipiente con sal marina, recipiente con cola,\u00a0 portaobjetos de cristal vac\u00edos (5 unidades), 5 muestras: pata de mosca, cebolla, tallo de algod\u00f3n, muestra de tronco de \u00e1rbol, corte de madera de pino,\u00a0 funda antipolvo","robots":{"index":"index","follow":"follow","max-snippet":"max-snippet:-1","max-image-preview":"max-image-preview:large","max-video-preview":"max-video-preview:-1"},"canonical":"https:\/\/www.labopolis.com\/de\/produkt\/microscopios-levenhuk-rainbow-2l\/","og_locale":"de_DE","og_type":"article","og_title":"Microscopios LEVENHUK RAINBOW 2L - Labopolis","og_description":"Microscopios LEVENHUK RAINBOW 2L  Caracter\u00edsticas: Microscopio biol\u00f3gico con aumentos entre 40\u2013400x, disponible en cinco vistosos colores, cuerpo de pl\u00e1stico robusto y ligero. Iluminaci\u00f3n superior e inferior. Con kit de experimentos incluido  El kit incluye: Microscopio, Objetivos: 4x, 10x y 40x, ocular: WF10x, platina con clips, diafragma de disco,\u00a0 condensador, iluminaci\u00f3n LED superior e inferior incorporada, adaptador de corriente, 3 pilas AA,\u00a0 Kit de experimentos Levenhuk K50,\u00a0 Manual de instrucciones y garant\u00eda de por vida  El kit de experimentos Levenhuk K50 incluye: Manual del usuario \u201cMicroscopio fascinante. Estudio del microcosmos\u201d, pipeta, pinzas, incubadora para huevos de artemia, recipiente con artemia, micr\u00f3tomo, recipiente con levadura, recipiente con sal marina, recipiente con cola,\u00a0 portaobjetos de cristal vac\u00edos (5 unidades), 5 muestras: pata de mosca, cebolla, tallo de algod\u00f3n, muestra de tronco de \u00e1rbol, corte de madera de pino,\u00a0 funda antipolvo","og_url":"https:\/\/www.labopolis.com\/de\/produkt\/microscopios-levenhuk-rainbow-2l\/","og_site_name":"Labopolis","article_publisher":"https:\/\/www.facebook.com\/profile.php?id=100063251679439","article_modified_time":"2025-04-30T12:35:12+00:00","og_image":[{"width":1000,"height":800,"url":"https:\/\/www.labopolis.com\/wp-content\/uploads\/2023\/07\/LVH-microscopes-Rainbow-2L.jpg","type":"image\/jpeg"}],"twitter_card":"summary_large_image","twitter_site":"@Labopolis","twitter_misc":{"Gesch\u00e4tzte Lesezeit":"2\u00a0Minuten"},"schema":{"@context":"https:\/\/schema.org","@graph":[{"@type":"WebPage","@id":"https:\/\/www.labopolis.com\/producto\/microscopios-levenhuk-rainbow-2l\/","url":"https:\/\/www.labopolis.com\/producto\/microscopios-levenhuk-rainbow-2l\/","name":"Microscopios LEVENHUK RAINBOW 2L - Labopolis","isPartOf":{"@id":"https:\/\/www.labopolis.com\/#website"},"primaryImageOfPage":{"@id":"https:\/\/www.labopolis.com\/producto\/microscopios-levenhuk-rainbow-2l\/#primaryimage"},"image":{"@id":"https:\/\/www.labopolis.com\/producto\/microscopios-levenhuk-rainbow-2l\/#primaryimage"},"thumbnailUrl":"https:\/\/www.labopolis.com\/wp-content\/uploads\/2023\/07\/LVH-microscopes-Rainbow-2L.jpg","datePublished":"2023-07-10T11:40:30+00:00","dateModified":"2025-04-30T12:35:12+00:00","description":"Microscopios LEVENHUK RAINBOW 2L Caracter\u00edsticas: Microscopio biol\u00f3gico con aumentos entre 40\u2013400x, disponible en cinco vistosos colores, cuerpo de pl\u00e1stico robusto y ligero. Iluminaci\u00f3n superior e inferior. Con kit de experimentos incluido El kit incluye: Microscopio, Objetivos: 4x, 10x y 40x, ocular: WF10x, platina con clips, diafragma de disco,\u00a0 condensador, iluminaci\u00f3n LED superior e inferior incorporada, adaptador de corriente, 3 pilas AA,\u00a0 Kit de experimentos Levenhuk K50,\u00a0 Manual de instrucciones y garant\u00eda de por vida El kit de experimentos Levenhuk K50 incluye: Manual del usuario \u201cMicroscopio fascinante. Estudio del microcosmos\u201d, pipeta, pinzas, incubadora para huevos de artemia, recipiente con artemia, micr\u00f3tomo, recipiente con levadura, recipiente con sal marina, recipiente con cola,\u00a0 portaobjetos de cristal vac\u00edos (5 unidades), 5 muestras: pata de mosca, cebolla, tallo de algod\u00f3n, muestra de tronco de \u00e1rbol, corte de madera de pino,\u00a0 funda antipolvo","breadcrumb":{"@id":"https:\/\/www.labopolis.com\/producto\/microscopios-levenhuk-rainbow-2l\/#breadcrumb"},"inLanguage":"de","potentialAction":[{"@type":"ReadAction","target":["https:\/\/www.labopolis.com\/producto\/microscopios-levenhuk-rainbow-2l\/"]}]},{"@type":"ImageObject","inLanguage":"de","@id":"https:\/\/www.labopolis.com\/producto\/microscopios-levenhuk-rainbow-2l\/#primaryimage","url":"https:\/\/www.labopolis.com\/wp-content\/uploads\/2023\/07\/LVH-microscopes-Rainbow-2L.jpg","contentUrl":"https:\/\/www.labopolis.com\/wp-content\/uploads\/2023\/07\/LVH-microscopes-Rainbow-2L.jpg","width":1000,"height":800,"caption":"Producto"},{"@type":"BreadcrumbList","@id":"https:\/\/www.labopolis.com\/producto\/microscopios-levenhuk-rainbow-2l\/#breadcrumb","itemListElement":[{"@type":"ListItem","position":1,"name":"Portada","item":"https:\/\/www.labopolis.com\/"},{"@type":"ListItem","position":2,"name":"Productos","item":"https:\/\/www.labopolis.com\/shop\/"},{"@type":"ListItem","position":3,"name":"Microscopios LEVENHUK RAINBOW 2L"}]},{"@type":"WebSite","@id":"https:\/\/www.labopolis.com\/#website","url":"https:\/\/www.labopolis.com\/","name":"Labopolis","description":"","potentialAction":[{"@type":"SearchAction","target":{"@type":"EntryPoint","urlTemplate":"https:\/\/www.labopolis.com\/?s={search_term_string}"},"query-input":{"@type":"PropertyValueSpecification","valueRequired":true,"valueName":"search_term_string"}}],"inLanguage":"de"}]}},"_links":{"self":[{"href":"https:\/\/www.labopolis.com\/de\/wp-json\/wp\/v2\/product\/2687","targetHints":{"allow":["GET"]}}],"collection":[{"href":"https:\/\/www.labopolis.com\/de\/wp-json\/wp\/v2\/product"}],"about":[{"href":"https:\/\/www.labopolis.com\/de\/wp-json\/wp\/v2\/types\/product"}],"replies":[{"embeddable":true,"href":"https:\/\/www.labopolis.com\/de\/wp-json\/wp\/v2\/comments?post=2687"}],"wp:featuredmedia":[{"embeddable":true,"href":"https:\/\/www.labopolis.com\/de\/wp-json\/wp\/v2\/media\/2710"}],"wp:attachment":[{"href":"https:\/\/www.labopolis.com\/de\/wp-json\/wp\/v2\/media?parent=2687"}],"wp:term":[{"taxonomy":"product_brand","embeddable":true,"href":"https:\/\/www.labopolis.com\/de\/wp-json\/wp\/v2\/product_brand?post=2687"},{"taxonomy":"product_cat","embeddable":true,"href":"https:\/\/www.labopolis.com\/de\/wp-json\/wp\/v2\/product_cat?post=2687"},{"taxonomy":"product_tag","embeddable":true,"href":"https:\/\/www.labopolis.com\/de\/wp-json\/wp\/v2\/product_tag?post=2687"}],"curies":[{"name":"wp","href":"https:\/\/api.w.org\/{rel}","templated":true}]}}