{"id":2649,"date":"2023-07-10T11:40:17","date_gmt":"2023-07-10T11:40:17","guid":{"rendered":"https:\/\/www.labopolis.com\/?post_type=product&#038;p=2649"},"modified":"2026-03-05T14:57:13","modified_gmt":"2026-03-05T14:57:13","slug":"fotometro-medidor-de-hierro-mw14","status":"publish","type":"product","link":"https:\/\/www.labopolis.com\/de\/produkt\/fotometro-medidor-de-hierro-mw14\/","title":{"rendered":"Eisenmessger\u00e4t Photometer MW14"},"content":{"rendered":"<p>Eisenmessger\u00e4t Photometer MW14<\/p>\n<p>Mit dem Eisenphotometer MW14 mit hohem Messbereich k\u00f6nnen Sie Ihre Tests digitalisieren. Keine unvorhersehbaren Tests mehr mit Teststreifen. Ideal f\u00fcr Aquarien, Aquakulturen und Korallen, Labore, Wasseraufbereitung, Klassenzimmer und mehr. Dieses Messger\u00e4t ist auch ideal f\u00fcr P\u00e4dagogen, die ihren Sch\u00fclern die Grundlagen der Wasserqualit\u00e4tsanalyse vermitteln und sie in der Praxis anwenden m\u00f6chten. Geben Sie einfach das Reagenz hinzu und Sie erhalten innerhalb von Minuten eine digitale Anzeige mit einer Genauigkeit von \u00b1 0,04 ppm +\/- 2% bei 25\u00b0C.<\/p>","protected":false},"excerpt":{"rendered":"<p>Eisenmessger\u00e4t Photometer MW14<\/p>\n<p>BEREICH: 0,00 bis 5,00 ppm<br \/>\nAUFL\u00d6SUNG: 0,01 ppm<br \/>\nGENAUIGKEIT: \u00b10,04 ppm +\/-2% vom Messwert bei 25 \u00b0C<\/p>\n<p>MW14 wird in einer Pappschachtel geliefert und enth\u00e4lt 2 K\u00fcvetten, Reagenzien und eine Gebrauchsanweisung.<\/p>","protected":false},"featured_media":2669,"comment_status":"open","ping_status":"closed","template":"","meta":[],"product_brand":[],"product_cat":[131,23],"product_tag":[],"class_list":{"0":"post-2649","1":"product","2":"type-product","3":"status-publish","4":"has-post-thumbnail","6":"product_cat-fotometros-checkers","7":"product_cat-laboratorio","9":"first","10":"instock","11":"taxable","12":"shipping-taxable","13":"purchasable","14":"product-type-simple"},"yoast_head":"<!-- This site is optimized with the Yoast SEO plugin v27.2 - https:\/\/yoast.com\/product\/yoast-seo-wordpress\/ -->\n<title>Fot\u00f3metro Medidor de Hierro MW14 - Labopolis<\/title>\n<meta name=\"description\" content=\"Fot\u00f3metro Medidor de Hierro MW14  RANGO:\u00a00.00 a 5.00 ppm RESOLUCI\u00d3N:\u00a00.01 ppm PRECISI\u00d3N:\u00a0\u00b10.04 ppm +\/-2% de lectura @ 25 \u00b0C  MW14 se suministra en caja de cart\u00f3n e incluye 2 cubetas, reactivos y manual de instrucciones.\" \/>\n<meta name=\"robots\" content=\"index, follow, max-snippet:-1, max-image-preview:large, max-video-preview:-1\" \/>\n<link rel=\"canonical\" href=\"https:\/\/www.labopolis.com\/de\/produkt\/fotometro-medidor-de-hierro-mw14\/\" \/>\n<meta property=\"og:locale\" content=\"de_DE\" \/>\n<meta property=\"og:type\" content=\"article\" \/>\n<meta property=\"og:title\" content=\"Fot\u00f3metro Medidor de Hierro MW14 - Labopolis\" \/>\n<meta property=\"og:description\" content=\"Fot\u00f3metro Medidor de Hierro MW14  RANGO:\u00a00.00 a 5.00 ppm RESOLUCI\u00d3N:\u00a00.01 ppm PRECISI\u00d3N:\u00a0\u00b10.04 ppm +\/-2% de lectura @ 25 \u00b0C  MW14 se suministra en caja de cart\u00f3n e incluye 2 cubetas, reactivos y manual de instrucciones.\" \/>\n<meta property=\"og:url\" content=\"https:\/\/www.labopolis.com\/de\/produkt\/fotometro-medidor-de-hierro-mw14\/\" \/>\n<meta property=\"og:site_name\" content=\"Labopolis\" \/>\n<meta property=\"article:publisher\" content=\"https:\/\/www.facebook.com\/profile.php?id=100063251679439\" \/>\n<meta property=\"article:modified_time\" content=\"2026-03-05T14:57:13+00:00\" \/>\n<meta property=\"og:image\" content=\"https:\/\/www.labopolis.com\/wp-content\/uploads\/2023\/07\/MW14-angle-open-copy.jpg\" \/>\n\t<meta property=\"og:image:width\" content=\"713\" \/>\n\t<meta property=\"og:image:height\" content=\"713\" \/>\n\t<meta property=\"og:image:type\" content=\"image\/jpeg\" \/>\n<meta name=\"twitter:card\" content=\"summary_large_image\" \/>\n<meta name=\"twitter:site\" content=\"@Labopolis\" \/>\n<script type=\"application\/ld+json\" class=\"yoast-schema-graph\">{\"@context\":\"https:\/\/schema.org\",\"@graph\":[{\"@type\":\"WebPage\",\"@id\":\"https:\/\/www.labopolis.com\/producto\/fotometro-medidor-de-hierro-mw14\/\",\"url\":\"https:\/\/www.labopolis.com\/producto\/fotometro-medidor-de-hierro-mw14\/\",\"name\":\"Fot\u00f3metro Medidor de Hierro MW14 - Labopolis\",\"isPartOf\":{\"@id\":\"https:\/\/www.labopolis.com\/#website\"},\"primaryImageOfPage\":{\"@id\":\"https:\/\/www.labopolis.com\/producto\/fotometro-medidor-de-hierro-mw14\/#primaryimage\"},\"image\":{\"@id\":\"https:\/\/www.labopolis.com\/producto\/fotometro-medidor-de-hierro-mw14\/#primaryimage\"},\"thumbnailUrl\":\"https:\/\/www.labopolis.com\/wp-content\/uploads\/2023\/07\/MW14-angle-open-copy.jpg\",\"datePublished\":\"2023-07-10T11:40:17+00:00\",\"dateModified\":\"2026-03-05T14:57:13+00:00\",\"description\":\"Fot\u00f3metro Medidor de Hierro MW14 RANGO:\u00a00.00 a 5.00 ppm RESOLUCI\u00d3N:\u00a00.01 ppm PRECISI\u00d3N:\u00a0\u00b10.04 ppm +\/-2% de lectura @ 25 \u00b0C MW14 se suministra en caja de cart\u00f3n e incluye 2 cubetas, reactivos y manual de instrucciones.\",\"breadcrumb\":{\"@id\":\"https:\/\/www.labopolis.com\/producto\/fotometro-medidor-de-hierro-mw14\/#breadcrumb\"},\"inLanguage\":\"de\",\"potentialAction\":[{\"@type\":\"ReadAction\",\"target\":[\"https:\/\/www.labopolis.com\/producto\/fotometro-medidor-de-hierro-mw14\/\"]}]},{\"@type\":\"ImageObject\",\"inLanguage\":\"de\",\"@id\":\"https:\/\/www.labopolis.com\/producto\/fotometro-medidor-de-hierro-mw14\/#primaryimage\",\"url\":\"https:\/\/www.labopolis.com\/wp-content\/uploads\/2023\/07\/MW14-angle-open-copy.jpg\",\"contentUrl\":\"https:\/\/www.labopolis.com\/wp-content\/uploads\/2023\/07\/MW14-angle-open-copy.jpg\",\"width\":713,\"height\":713,\"caption\":\"Producto\"},{\"@type\":\"BreadcrumbList\",\"@id\":\"https:\/\/www.labopolis.com\/producto\/fotometro-medidor-de-hierro-mw14\/#breadcrumb\",\"itemListElement\":[{\"@type\":\"ListItem\",\"position\":1,\"name\":\"Portada\",\"item\":\"https:\/\/www.labopolis.com\/\"},{\"@type\":\"ListItem\",\"position\":2,\"name\":\"Productos\",\"item\":\"https:\/\/www.labopolis.com\/shop\/\"},{\"@type\":\"ListItem\",\"position\":3,\"name\":\"Fot\u00f3metro Medidor de Hierro MW14\"}]},{\"@type\":\"WebSite\",\"@id\":\"https:\/\/www.labopolis.com\/#website\",\"url\":\"https:\/\/www.labopolis.com\/\",\"name\":\"Labopolis\",\"description\":\"\",\"potentialAction\":[{\"@type\":\"SearchAction\",\"target\":{\"@type\":\"EntryPoint\",\"urlTemplate\":\"https:\/\/www.labopolis.com\/?s={search_term_string}\"},\"query-input\":{\"@type\":\"PropertyValueSpecification\",\"valueRequired\":true,\"valueName\":\"search_term_string\"}}],\"inLanguage\":\"de\"}]}<\/script>\n<!-- \/ Yoast SEO plugin. -->","yoast_head_json":{"title":"Fot\u00f3metro Medidor de Hierro MW14 - Labopolis","description":"Fot\u00f3metro Medidor de Hierro MW14  RANGO:\u00a00.00 a 5.00 ppm RESOLUCI\u00d3N:\u00a00.01 ppm PRECISI\u00d3N:\u00a0\u00b10.04 ppm +\/-2% de lectura @ 25 \u00b0C  MW14 se suministra en caja de cart\u00f3n e incluye 2 cubetas, reactivos y manual de instrucciones.","robots":{"index":"index","follow":"follow","max-snippet":"max-snippet:-1","max-image-preview":"max-image-preview:large","max-video-preview":"max-video-preview:-1"},"canonical":"https:\/\/www.labopolis.com\/de\/produkt\/fotometro-medidor-de-hierro-mw14\/","og_locale":"de_DE","og_type":"article","og_title":"Fot\u00f3metro Medidor de Hierro MW14 - Labopolis","og_description":"Fot\u00f3metro Medidor de Hierro MW14  RANGO:\u00a00.00 a 5.00 ppm RESOLUCI\u00d3N:\u00a00.01 ppm PRECISI\u00d3N:\u00a0\u00b10.04 ppm +\/-2% de lectura @ 25 \u00b0C  MW14 se suministra en caja de cart\u00f3n e incluye 2 cubetas, reactivos y manual de instrucciones.","og_url":"https:\/\/www.labopolis.com\/de\/produkt\/fotometro-medidor-de-hierro-mw14\/","og_site_name":"Labopolis","article_publisher":"https:\/\/www.facebook.com\/profile.php?id=100063251679439","article_modified_time":"2026-03-05T14:57:13+00:00","og_image":[{"width":713,"height":713,"url":"https:\/\/www.labopolis.com\/wp-content\/uploads\/2023\/07\/MW14-angle-open-copy.jpg","type":"image\/jpeg"}],"twitter_card":"summary_large_image","twitter_site":"@Labopolis","schema":{"@context":"https:\/\/schema.org","@graph":[{"@type":"WebPage","@id":"https:\/\/www.labopolis.com\/producto\/fotometro-medidor-de-hierro-mw14\/","url":"https:\/\/www.labopolis.com\/producto\/fotometro-medidor-de-hierro-mw14\/","name":"Fot\u00f3metro Medidor de Hierro MW14 - Labopolis","isPartOf":{"@id":"https:\/\/www.labopolis.com\/#website"},"primaryImageOfPage":{"@id":"https:\/\/www.labopolis.com\/producto\/fotometro-medidor-de-hierro-mw14\/#primaryimage"},"image":{"@id":"https:\/\/www.labopolis.com\/producto\/fotometro-medidor-de-hierro-mw14\/#primaryimage"},"thumbnailUrl":"https:\/\/www.labopolis.com\/wp-content\/uploads\/2023\/07\/MW14-angle-open-copy.jpg","datePublished":"2023-07-10T11:40:17+00:00","dateModified":"2026-03-05T14:57:13+00:00","description":"Fot\u00f3metro Medidor de Hierro MW14 RANGO:\u00a00.00 a 5.00 ppm RESOLUCI\u00d3N:\u00a00.01 ppm PRECISI\u00d3N:\u00a0\u00b10.04 ppm +\/-2% de lectura @ 25 \u00b0C MW14 se suministra en caja de cart\u00f3n e incluye 2 cubetas, reactivos y manual de instrucciones.","breadcrumb":{"@id":"https:\/\/www.labopolis.com\/producto\/fotometro-medidor-de-hierro-mw14\/#breadcrumb"},"inLanguage":"de","potentialAction":[{"@type":"ReadAction","target":["https:\/\/www.labopolis.com\/producto\/fotometro-medidor-de-hierro-mw14\/"]}]},{"@type":"ImageObject","inLanguage":"de","@id":"https:\/\/www.labopolis.com\/producto\/fotometro-medidor-de-hierro-mw14\/#primaryimage","url":"https:\/\/www.labopolis.com\/wp-content\/uploads\/2023\/07\/MW14-angle-open-copy.jpg","contentUrl":"https:\/\/www.labopolis.com\/wp-content\/uploads\/2023\/07\/MW14-angle-open-copy.jpg","width":713,"height":713,"caption":"Producto"},{"@type":"BreadcrumbList","@id":"https:\/\/www.labopolis.com\/producto\/fotometro-medidor-de-hierro-mw14\/#breadcrumb","itemListElement":[{"@type":"ListItem","position":1,"name":"Portada","item":"https:\/\/www.labopolis.com\/"},{"@type":"ListItem","position":2,"name":"Productos","item":"https:\/\/www.labopolis.com\/shop\/"},{"@type":"ListItem","position":3,"name":"Fot\u00f3metro Medidor de Hierro MW14"}]},{"@type":"WebSite","@id":"https:\/\/www.labopolis.com\/#website","url":"https:\/\/www.labopolis.com\/","name":"Labopolis","description":"","potentialAction":[{"@type":"SearchAction","target":{"@type":"EntryPoint","urlTemplate":"https:\/\/www.labopolis.com\/?s={search_term_string}"},"query-input":{"@type":"PropertyValueSpecification","valueRequired":true,"valueName":"search_term_string"}}],"inLanguage":"de"}]}},"_links":{"self":[{"href":"https:\/\/www.labopolis.com\/de\/wp-json\/wp\/v2\/product\/2649","targetHints":{"allow":["GET"]}}],"collection":[{"href":"https:\/\/www.labopolis.com\/de\/wp-json\/wp\/v2\/product"}],"about":[{"href":"https:\/\/www.labopolis.com\/de\/wp-json\/wp\/v2\/types\/product"}],"replies":[{"embeddable":true,"href":"https:\/\/www.labopolis.com\/de\/wp-json\/wp\/v2\/comments?post=2649"}],"wp:featuredmedia":[{"embeddable":true,"href":"https:\/\/www.labopolis.com\/de\/wp-json\/wp\/v2\/media\/2669"}],"wp:attachment":[{"href":"https:\/\/www.labopolis.com\/de\/wp-json\/wp\/v2\/media?parent=2649"}],"wp:term":[{"taxonomy":"product_brand","embeddable":true,"href":"https:\/\/www.labopolis.com\/de\/wp-json\/wp\/v2\/product_brand?post=2649"},{"taxonomy":"product_cat","embeddable":true,"href":"https:\/\/www.labopolis.com\/de\/wp-json\/wp\/v2\/product_cat?post=2649"},{"taxonomy":"product_tag","embeddable":true,"href":"https:\/\/www.labopolis.com\/de\/wp-json\/wp\/v2\/product_tag?post=2649"}],"curies":[{"name":"wp","href":"https:\/\/api.w.org\/{rel}","templated":true}]}}